{"id":6300,"date":"2022-04-26T13:10:21","date_gmt":"2022-04-26T13:10:21","guid":{"rendered":"https:\/\/bozita.com\/cz\/jak-zmenit-krmivo-pro-kocku\/"},"modified":"2022-08-23T13:15:06","modified_gmt":"2022-08-23T13:15:06","slug":"jak-zmenit-krmivo-pro-kocku","status":"publish","type":"page","link":"https:\/\/bozita.com\/cz\/jak-zmenit-krmivo-pro-kocku\/","title":{"rendered":"Jak zm\u011bnit krmivo pro ko\u010dku"},"content":{"rendered":"\t\t<section class=\"small-hero\">\n\t\t\t<div class=\"container\">\n\t\t\t\t<h5>Informace<\/h5><h1 class=\"small-hero-title\">Jak zm\u011bnit krmivo pro ko\u010dku<\/h1><p><p>Z mnoha d\u016fvod\u016f m\u016f\u017ee b\u00fdt nutn\u00e9 zm\u011bnit krmivo va\u0161\u00ed ko\u010dky nebo kot\u011bte. Nap\u0159\u00edklad pokud va\u0161e ko\u010dka vstupuje do nov\u00e9 \u017eivotn\u00ed f\u00e1ze nebo byla vykastrov\u00e1na.<\/p>\n<\/p>\t\t\t<\/div>\n\t\t\t<\/div>\n\t\t<\/section>\n\t\n\n\t<div class=\"text-box-warp\">\n\t\t<div class=\"container\">\n\t\t\t<div class=\"text-content\">\n\t\t\t\t<p>Bylo va\u0161\u00ed ko\u010dce diagnostikov\u00e1no onemocn\u011bn\u00ed, kv\u016fli kter\u00e9mu pot\u0159ebuje jin\u00fd druh krmiva? A\u0165 u\u017e je d\u016fvod pro zm\u011bnu krmiva jak\u00fdkoli, mus\u00edte ji prov\u00e9st spr\u00e1vn\u00fdm zp\u016fsobem. N\u00ed\u017ee uv\u00e1d\u00edme n\u011bkolik tip\u016f od na\u0161\u00ed expertky \u00c5sy L\u00f6fstrandov\u00e9, odbornice na v\u00fd\u017eivu a agronomky pro dom\u00e1c\u00ed zv\u00ed\u0159ata.<\/p>\n<h2>Zm\u011bna krmiva pro ko\u010dku by m\u011bla prob\u00edhat pomalu<\/h2>\n<p>P\u0159echod na zcela nov\u00e9 krmivo by m\u011bl prob\u00edhat postupn\u011b, aby m\u011bl ko\u010di\u010d\u00ed \u017ealudek a bakterie \u010das se p\u0159izp\u016fsobit. P\u0159\u00edli\u0161 rychl\u00e1 zm\u011bna krmiva m\u016f\u017ee zp\u016fsobit \u017ealude\u010dn\u00ed a st\u0159evn\u00ed probl\u00e9my, jako je pr\u016fjem, zvracen\u00ed a z\u00e1cpa. Jak rychle m\u016f\u017eete zm\u011bnit krmivo, z\u00e1le\u017e\u00ed na tom, jak citliv\u00fd je \u017ealudek va\u0161\u00ed ko\u010dky, ale obecn\u011b se doporu\u010duje, aby zm\u011bna prob\u00edhala postupn\u011b b\u011bhem dvou a\u017e \u010dty\u0159 t\u00fddn\u016f. Za\u010dn\u011bte s maxim\u00e1ln\u011b 1\/4 nov\u00e9ho krmiva prvn\u00ed den, do kter\u00e9ho p\u0159im\u00edchejte alespo\u0148 3\/4 st\u00e1vaj\u00edc\u00edho krmiva, a pot\u00e9 postupn\u011b zvy\u0161ujte mno\u017estv\u00ed nov\u00e9ho krmiva po dobu nejm\u00e9n\u011b dvou t\u00fddn\u016f. Pokud b\u011bhem prvn\u00edch dn\u016f zaznamen\u00e1te n\u011bjak\u00e9 probl\u00e9my, nap\u0159. zvracen\u00ed nebo zm\u011bnu trusu, zm\u011bna byla pravd\u011bpodobn\u011b p\u0159\u00edli\u0161 n\u00e1hl\u00e1. P\u0159ejd\u011bte na men\u0161\u00ed pom\u011br nov\u00e9ho krmiva a jeho mno\u017estv\u00ed zvy\u0161ujte velmi postupn\u011b po dobu dvou a\u017e \u010dty\u0159 t\u00fddn\u016f.<\/p>\n<ul>\n<li><a href=\"https:\/\/bozita.com\/cz\/krmivo-pro-kocky\/\">Pod\u00edvejte se na nab\u00eddku krmiv pro ko\u010dky \u0161v\u00e9dsk\u00e9 v\u00fdroby od spole\u010dnosti Bozita &#8211; mokr\u00e1 a such\u00e1 krmiva<\/a><\/li>\n<\/ul>\n<h2>B\u011aHEM ZM\u011aNY KRMIVA NED\u00c1VEJTE KO\u010cCE PAMLSKY<\/h2>\n<p>B\u011bhem zm\u011bny krmiva je dobr\u00e9 ned\u00e1vat ko\u010dce pamlsky nebo zbytky j\u00eddla. Uleh\u010d\u00edte tak jej\u00edmu \u017ealudku a umo\u017en\u00edte j\u00ed, aby si na nov\u00e9 krmivo zvykla bez dal\u0161\u00edch komplikac\u00ed.<\/p>\n<h2>V\u00fdm\u011bna krmiva va\u0161\u00ed ko\u010dky<\/h2>\n<p>Pokud si kot\u011b koup\u00edte od chovatele, pravd\u011bpodobn\u011b v\u00e1m d\u00e1 pokyny, \u010d\u00edm ho m\u00e1te krmit. Pokud se p\u0159esto rozhodnete zm\u011bnit krmivo, m\u011blo byste zm\u011bnu prov\u00e1d\u011bt postupn\u011b a p\u0159estat, pokud kot\u011b vykazuje jak\u00e9koli zn\u00e1mky probl\u00e9m\u016f. Informujte se u chovatele, jak\u00e9 krmivo pou\u017e\u00edval, a doma d\u00e1vejte kot\u011bti stejn\u00fd typ krmiva. Zabydlen\u00ed v nov\u00e9m domov\u011b je pro kot\u011b u\u017e tak dost n\u00e1ro\u010dn\u00fdm \u00fakolem, tak\u017ee nen\u00ed t\u0159eba situaci komplikovat je\u0161t\u011b nov\u00fdm krmivem. P\u0159ibli\u017en\u011b po m\u011bs\u00edci, jakmile se kot\u011b usad\u00ed, m\u016f\u017eete postupn\u011b zav\u00e1d\u011bt nov\u00e9 krmivo. Obecn\u011b se doporu\u010duje, aby to bylo v pr\u016fb\u011bhu dvou a\u017e \u010dty\u0159 t\u00fddn\u016f. Pokud kot\u011b odm\u00edt\u00e1 j\u00edst, ne\u010dekejte, proto\u017ee nejsp\u00ed\u0161 neza\u010dne toto krmivo j\u00edst nikdy. M\u00edsto toho se vra\u0165te k p\u0159edchoz\u00edmu krmivu a zkuste to pozd\u011bji znovu nebo vyzkou\u0161ejte jinou p\u0159\u00edchu\u0165 nov\u00e9ho krmiva.<\/p>\n<h2>\u010cASOV\u00dd PL\u00c1N ZM\u011aNY KRMIVA PRO KO\u0164ATA<\/h2>\n<ul>\n<li>1.-3. den: 20 % nov\u00e9ho krmiva a 80 % st\u00e1vaj\u00edc\u00edho krmiva<\/li>\n<li>4.-7. den: 40 % nov\u00e9ho krmiva a 60 % sou\u010dasn\u00e9ho krmiva<\/li>\n<li>8.-10. den: 60 % nov\u00e9ho krmiva a 40 % sou\u010dasn\u00e9ho krmiva<\/li>\n<li>11.-14. den:<\/li>\n<li>80 % nov\u00e9ho krmiva a 20 % sou\u010dasn\u00e9ho krmiva<\/li>\n<li>15. den a dal\u0161\u00ed dny: 100 % nov\u00e9ho krmiva v misce<\/li>\n<\/ul>\n<h4>Vhodn\u00e9 krmivo pro ko\u0165ata<\/h4>\n<ul>\n<li style=\"list-style-type: none;\">\n<ul>\n<li>Such\u00e9 krmivo: <a href=\"https:\/\/bozita.com\/cz\/products\/bozita-kitten-grain-free-chicken\/\">Bozita ku\u0159ec\u00ed pro ko\u0165ata bez obilovin<\/a><\/li>\n<li>Mokr\u00e9 krmivo: <a href=\"https:\/\/bozita.com\/cz\/products\/bozita-kitten-with-chicken-chunks-in-sauce\/\">Bozita kousky pro ko\u0165ata v \u017eel\u00e9<\/a><\/li>\n<\/ul>\n<\/li>\n<\/ul>\n<p>.<\/p>\n<p><strong>Expertka zna\u010dky Bozita: \u00c5sa L\u00f6fstrandov\u00e1, odbornice na v\u00fd\u017eivu a agronomka pro dom\u00e1c\u00ed zv\u00ed\u0159ata<\/strong><\/p>\n\t\t\t<\/div>\n\t\t<\/div>\n\t<\/div>\n\n\n\n\t<section class=\"block related-articles\">\n\t\t<div class=\"container\">\n\t\t\t<h2>Souvisej\u00edc\u00ed \u010dl\u00e1nky<\/h2>\n\t\t\t<div class=\"row justify-content-center\">\n\t\t\t\t\t\t\t\t\t\t<div class=\"col-sm-6 col-md-6 col-lg-3\">\n\t\t\t\t\t\t\t\t\t\t\t\t\t\t<div class=\"card \">\n\t\t\t\t\t\t\t\t\t\t\t\t\t\t\t\t\t<img decoding=\"async\"  src=\"https:\/\/bozita.com\/cz\/wp-content\/uploads\/sites\/12\/2021\/08\/bozita-katt-ater-inte-dricker-inte-krasen-dalig-aptit.jpg\" alt=\"\">\n\t\t\t\t\t\t\t\t\t\t\t\t\t\t\t\t\t<!-- <img decoding=\"async\" src=\"\n\t\t\t\t\t\t\t\t\t\t\t\t\t\t\t\t\t\t\t\t\" alt=\"\n\t\t\t\t\t\t\t\t\t\t\t\t\t\t\t\t\t\t\t\t\t\t\t\t\t\t\t\"> -->\n\t\t\t\t\t\t\t\t<div class=\"card-body\">\n\t\t\t\t\t\t\t\t\t\t\t\t\t\t\t\t\t\t\t<h6>Co m\u00e1m d\u011blat, kdy\u017e moje ko\u010dka nej\u00ed nebo nepije?<\/h6>\n\t\t\t\t\t\t\t\t\t\t\t\t\t\t\t\t\t\t\t<a href=\"https:\/\/bozita.com\/cz\/co-mam-delat-kdyz-moje-kocka-neji-nebo-nepije\/\">P\u0159e\u010dt\u011bte si v\u00edce &nbsp; ><\/a>\n\t\t\t\t\t\t\t\t<\/div>\n\t\t\t\t\t\t\t<\/div>\n\t\t\t\t\t\t<\/div>\n\n\t\t\t\t\t\t\t\t\t\t\t<div class=\"col-sm-6 col-md-6 col-lg-3\">\n\t\t\t\t\t\t\t\t\t\t\t\t\t\t<div class=\"card \">\n\t\t\t\t\t\t\t\t\t\t\t\t\t\t\t\t\t<img decoding=\"async\"  src=\"https:\/\/bozita.com\/cz\/wp-content\/uploads\/sites\/12\/2021\/08\/bozita-katter-ar-kottatare.jpg\" alt=\"\">\n\t\t\t\t\t\t\t\t\t\t\t\t\t\t\t\t\t<!-- <img decoding=\"async\" src=\"\n\t\t\t\t\t\t\t\t\t\t\t\t\t\t\t\t\t\t\t\t\" alt=\"\n\t\t\t\t\t\t\t\t\t\t\t\t\t\t\t\t\t\t\t\t\t\t\t\t\t\t\t\"> -->\n\t\t\t\t\t\t\t\t<div class=\"card-body\">\n\t\t\t\t\t\t\t\t\t\t\t\t\t\t\t\t\t\t\t<h6>Co ko\u010dky jed\u00ed?<\/h6>\n\t\t\t\t\t\t\t\t\t\t\t\t\t\t\t\t\t\t\t<a href=\"https:\/\/bozita.com\/cz\/co-kocky-jedi\/\">P\u0159e\u010dt\u011bte si v\u00edce &nbsp; ><\/a>\n\t\t\t\t\t\t\t\t<\/div>\n\t\t\t\t\t\t\t<\/div>\n\t\t\t\t\t\t<\/div>\n\n\t\t\t\t\t\t\t\t\t\t\t\t<\/div>\n\t\t<\/div>\n\t<\/section>\n","protected":false},"excerpt":{"rendered":"","protected":false},"author":1,"featured_media":6301,"parent":0,"menu_order":0,"comment_status":"closed","ping_status":"closed","template":"guternberg.php","meta":{"footnotes":""},"acf":[],"yoast_head":"<!-- This site is optimized with the Yoast SEO plugin v21.3 - https:\/\/yoast.com\/wordpress\/plugins\/seo\/ -->\n<title>Jak zm\u011bnit krmivo pro ko\u010dku - Bozita Czech<\/title>\n<meta name=\"description\" content=\"Pokud pot\u0159ebujete zm\u011bnit krmivo pro ko\u010dku nebo kot\u011b, dop\u0159ejte sv\u00e9mu mazl\u00ed\u010dkovi \u010das. P\u0159\u00edli\u0161 rychl\u00e1 zm\u011bna krmiva pro ko\u010dky m\u016f\u017ee zp\u016fsobit pr\u016fjem, zvracen\u00ed a z\u00e1cpu. Ud\u011blejte to n\u00e1sledovn\u011b.\" \/>\n<meta name=\"robots\" content=\"index, follow, max-snippet:-1, max-image-preview:large, max-video-preview:-1\" \/>\n<link rel=\"canonical\" href=\"https:\/\/bozita.com\/cz\/jak-zmenit-krmivo-pro-kocku\/\" \/>\n<meta property=\"og:locale\" content=\"cs_CZ\" \/>\n<meta property=\"og:type\" content=\"article\" \/>\n<meta property=\"og:title\" content=\"Jak zm\u011bnit krmivo pro ko\u010dku - Bozita Czech\" \/>\n<meta property=\"og:description\" content=\"Pokud pot\u0159ebujete zm\u011bnit krmivo pro ko\u010dku nebo kot\u011b, dop\u0159ejte sv\u00e9mu mazl\u00ed\u010dkovi \u010das. P\u0159\u00edli\u0161 rychl\u00e1 zm\u011bna krmiva pro ko\u010dky m\u016f\u017ee zp\u016fsobit pr\u016fjem, zvracen\u00ed a z\u00e1cpu. Ud\u011blejte to n\u00e1sledovn\u011b.\" \/>\n<meta property=\"og:url\" content=\"https:\/\/bozita.com\/cz\/jak-zmenit-krmivo-pro-kocku\/\" \/>\n<meta property=\"og:site_name\" content=\"Bozita Czech\" \/>\n<meta property=\"article:modified_time\" content=\"2022-08-23T13:15:06+00:00\" \/>\n<meta property=\"og:image\" content=\"https:\/\/bozita.com\/cz\/wp-content\/uploads\/sites\/12\/2021\/08\/bozita-byta-foder-vuxen-katt.jpg\" \/>\n\t<meta property=\"og:image:width\" content=\"800\" \/>\n\t<meta property=\"og:image:height\" content=\"532\" \/>\n\t<meta property=\"og:image:type\" content=\"image\/jpeg\" \/>\n<meta name=\"twitter:card\" content=\"summary_large_image\" \/>\n<!-- \/ Yoast SEO plugin. -->","yoast_head_json":{"title":"Jak zm\u011bnit krmivo pro ko\u010dku - Bozita Czech","description":"Pokud pot\u0159ebujete zm\u011bnit krmivo pro ko\u010dku nebo kot\u011b, dop\u0159ejte sv\u00e9mu mazl\u00ed\u010dkovi \u010das. P\u0159\u00edli\u0161 rychl\u00e1 zm\u011bna krmiva pro ko\u010dky m\u016f\u017ee zp\u016fsobit pr\u016fjem, zvracen\u00ed a z\u00e1cpu. Ud\u011blejte to n\u00e1sledovn\u011b.","robots":{"index":"index","follow":"follow","max-snippet":"max-snippet:-1","max-image-preview":"max-image-preview:large","max-video-preview":"max-video-preview:-1"},"canonical":"https:\/\/bozita.com\/cz\/jak-zmenit-krmivo-pro-kocku\/","og_locale":"cs_CZ","og_type":"article","og_title":"Jak zm\u011bnit krmivo pro ko\u010dku - Bozita Czech","og_description":"Pokud pot\u0159ebujete zm\u011bnit krmivo pro ko\u010dku nebo kot\u011b, dop\u0159ejte sv\u00e9mu mazl\u00ed\u010dkovi \u010das. P\u0159\u00edli\u0161 rychl\u00e1 zm\u011bna krmiva pro ko\u010dky m\u016f\u017ee zp\u016fsobit pr\u016fjem, zvracen\u00ed a z\u00e1cpu. Ud\u011blejte to n\u00e1sledovn\u011b.","og_url":"https:\/\/bozita.com\/cz\/jak-zmenit-krmivo-pro-kocku\/","og_site_name":"Bozita Czech","article_modified_time":"2022-08-23T13:15:06+00:00","og_image":[{"width":800,"height":532,"url":"https:\/\/bozita.com\/cz\/wp-content\/uploads\/sites\/12\/2021\/08\/bozita-byta-foder-vuxen-katt.jpg","type":"image\/jpeg"}],"twitter_card":"summary_large_image","schema":{"@context":"https:\/\/schema.org","@graph":[{"@type":"WebPage","@id":"https:\/\/bozita.com\/cz\/jak-zmenit-krmivo-pro-kocku\/","url":"https:\/\/bozita.com\/cz\/jak-zmenit-krmivo-pro-kocku\/","name":"Jak zm\u011bnit krmivo pro ko\u010dku - Bozita Czech","isPartOf":{"@id":"https:\/\/bozita.com\/cz\/#website"},"datePublished":"2022-04-26T13:10:21+00:00","dateModified":"2022-08-23T13:15:06+00:00","description":"Pokud pot\u0159ebujete zm\u011bnit krmivo pro ko\u010dku nebo kot\u011b, dop\u0159ejte sv\u00e9mu mazl\u00ed\u010dkovi \u010das. P\u0159\u00edli\u0161 rychl\u00e1 zm\u011bna krmiva pro ko\u010dky m\u016f\u017ee zp\u016fsobit pr\u016fjem, zvracen\u00ed a z\u00e1cpu. Ud\u011blejte to n\u00e1sledovn\u011b.","breadcrumb":{"@id":"https:\/\/bozita.com\/cz\/jak-zmenit-krmivo-pro-kocku\/#breadcrumb"},"inLanguage":"cs","potentialAction":[{"@type":"ReadAction","target":["https:\/\/bozita.com\/cz\/jak-zmenit-krmivo-pro-kocku\/"]}]},{"@type":"BreadcrumbList","@id":"https:\/\/bozita.com\/cz\/jak-zmenit-krmivo-pro-kocku\/#breadcrumb","itemListElement":[{"@type":"ListItem","position":1,"name":"Home","item":"https:\/\/bozita.com\/cz\/"},{"@type":"ListItem","position":2,"name":"Jak zm\u011bnit krmivo pro ko\u010dku"}]},{"@type":"WebSite","@id":"https:\/\/bozita.com\/cz\/#website","url":"https:\/\/bozita.com\/cz\/","name":"Bozita Czech","description":"","potentialAction":[{"@type":"SearchAction","target":{"@type":"EntryPoint","urlTemplate":"https:\/\/bozita.com\/cz\/?s={search_term_string}"},"query-input":"required name=search_term_string"}],"inLanguage":"cs"}]}},"_links":{"self":[{"href":"https:\/\/bozita.com\/cz\/wp-json\/wp\/v2\/pages\/6300"}],"collection":[{"href":"https:\/\/bozita.com\/cz\/wp-json\/wp\/v2\/pages"}],"about":[{"href":"https:\/\/bozita.com\/cz\/wp-json\/wp\/v2\/types\/page"}],"author":[{"embeddable":true,"href":"https:\/\/bozita.com\/cz\/wp-json\/wp\/v2\/users\/1"}],"replies":[{"embeddable":true,"href":"https:\/\/bozita.com\/cz\/wp-json\/wp\/v2\/comments?post=6300"}],"version-history":[{"count":28,"href":"https:\/\/bozita.com\/cz\/wp-json\/wp\/v2\/pages\/6300\/revisions"}],"predecessor-version":[{"id":7557,"href":"https:\/\/bozita.com\/cz\/wp-json\/wp\/v2\/pages\/6300\/revisions\/7557"}],"wp:featuredmedia":[{"embeddable":true,"href":"https:\/\/bozita.com\/cz\/wp-json\/wp\/v2\/media\/6301"}],"wp:attachment":[{"href":"https:\/\/bozita.com\/cz\/wp-json\/wp\/v2\/media?parent=6300"}],"curies":[{"name":"wp","href":"https:\/\/api.w.org\/{rel}","templated":true}]}}