{"id":6344,"date":"2022-05-04T07:54:43","date_gmt":"2022-05-04T07:54:43","guid":{"rendered":"https:\/\/bozita.com\/cz\/kolik-by-melo-stene-jist-a-jake-je-nejlepsi-krmivo\/"},"modified":"2022-07-03T21:24:39","modified_gmt":"2022-07-03T21:24:39","slug":"kolik-by-melo-stene-jist-a-jake-je-nejlepsi-krmivo","status":"publish","type":"page","link":"https:\/\/bozita.com\/cz\/kolik-by-melo-stene-jist-a-jake-je-nejlepsi-krmivo\/","title":{"rendered":"Kolik by m\u011blo \u0161t\u011bn\u011b j\u00edst a jak\u00e9 je nejlep\u0161\u00ed krmivo?"},"content":{"rendered":"\t\t<section class=\"small-hero\">\n\t\t\t<div class=\"container\">\n\t\t\t\t<h1 class=\"small-hero-title\">Kolik by m\u011blo \u0161t\u011bn\u011b j\u00edst a jak\u00e9 je nejlep\u0161\u00ed krmivo?<\/h1><p><p>Kolik by m\u011blo \u0161t\u011bn\u011b j\u00edst? Jak vybrat nejlep\u0161\u00ed krmivo pro \u0161t\u011bn\u011b? Jak \u010dasto by m\u011blo \u0161t\u011bn\u011b j\u00edst?<\/p>\n<\/p>\t\t\t<\/div>\n\t\t\t<\/div>\n\t\t<\/section>\n\t\n\n\t<div class=\"text-box-warp\">\n\t\t<div class=\"container\">\n\t\t\t<div class=\"text-content\">\n\t\t\t\t<p><strong>To jsou jen n\u011bkter\u00e9 z mnoha ot\u00e1zek, kter\u00e9 si mohou kl\u00e1st majitel\u00e9 ps\u016f. Rostouc\u00ed \u0161t\u011bn\u011b by m\u011blo m\u00edt stravu, kter\u00e1 je speci\u00e1ln\u011b p\u0159izp\u016fsobena jeho v\u00fdvojov\u00e9mu st\u00e1diu. A p\u0159esn\u011b podle toho se pozn\u00e1 dobr\u00e9 krmivo pro psy. Se spr\u00e1vn\u00fdm krmivem si m\u016f\u017eete b\u00fdt jisti, \u017ee va\u0161e \u0161t\u011bn\u011b dost\u00e1v\u00e1 v\u0161e, co pot\u0159ebuje, ve spr\u00e1vn\u00e9m mno\u017estv\u00ed.<\/strong><\/p>\n<h2>JAK VYBRAT NEJLEP\u0160\u00cd KRMIVO PRO VA\u0160E \u0160T\u011aN\u011a<\/h2>\n<p>Psi pot\u0159ebuj\u00ed krmivo, kter\u00e9 odpov\u00edd\u00e1 pot\u0159eb\u00e1m f\u00e1ze \u017eivota, kter\u00e9 dos\u00e1hli. Pro \u0161t\u011b\u0148ata se doporu\u010duje pou\u017e\u00edvat krmivo speci\u00e1ln\u011b vyvinut\u00e9 pro \u0161t\u011b\u0148ata a rostouc\u00ed psy, proto\u017ee pot\u0159eby \u0161t\u011b\u0148at se li\u0161\u00ed od pot\u0159eb dosp\u011bl\u00fdch ps\u016f. Mus\u00ed si vybudovat cel\u00e9 t\u011blo &#8211; kosti, svaly, org\u00e1ny a tk\u00e1n\u011b &#8211; za opravdu kr\u00e1tkou dobu, proto je d\u016fle\u017eit\u00e9, aby jejich strava byla vyv\u00e1\u017een\u00e1.<\/p>\n<p>Dobr\u00e9 krmivo pro psy obsahuje spr\u00e1vn\u00e9 mno\u017estv\u00ed b\u00edlkovin, tuk\u016f a energie a tak\u00e9 vyv\u00e1\u017een\u00fd pom\u011br v\u00e1pn\u00edku a fosforu. Se spr\u00e1vn\u00fdm krmivem se m\u016f\u017eete spolehnout, \u017ee v\u00e1\u0161 pes dost\u00e1v\u00e1 v\u0161e, co pot\u0159ebuje, aby vyrostl ve zdrav\u00e9ho jedince, a ve spr\u00e1vn\u00e9m mno\u017estv\u00ed.<\/p>\n<p>V\u011bt\u0161\u00ed plemena rostou pon\u011bkud odli\u0161n\u00fdm zp\u016fsobem a jsou vystavena v\u011bt\u0161\u00edmu riziku vzniku v\u00fdvojov\u00fdch poruch kostry, pokud jsou krmena krmivem s p\u0159\u00edli\u0161 vysok\u00fdm obsahem energie, v\u00e1pn\u00edku a fosforu. Existuj\u00ed tedy krmiva, kter\u00e1 jsou speci\u00e1ln\u011b p\u0159izp\u016fsobena pro velk\u00e1 plemena.<\/p>\n<ul>\n<li><a href=\"https:\/\/bozita.com\/cz\/bozita-krmivo-pro-stenata-vyrobene-ve-svedsku\/\">Krmivo pro \u0161t\u011b\u0148ata Bozita<\/a><\/li>\n<\/ul>\n<h2>Kolik a jak \u010dasto by m\u011blo \u0161t\u011bn\u011b j\u00edst?<\/h2>\n<p>Mno\u017estv\u00ed krmiva, kter\u00e9 by m\u011blo \u0161t\u011bn\u011b sn\u00edst, se ur\u010duje podle jeho aktu\u00e1ln\u00ed hmotnosti, podle toho, kolik by m\u011blo v\u00e1\u017eit v dosp\u011blosti, a podle \u00farovn\u011b jeho aktivity. Prohl\u00e9dn\u011bte si tabulky krmen\u00ed, kter\u00e9 jsou obvykle uvedeny na v\u011bt\u0161in\u011b obal\u016f krmiv. Jsou dobr\u00fdm vod\u00edtkem, kolik krmiva mus\u00ed \u0161t\u011bn\u011b denn\u011b sn\u00edst.<\/p>\n<p>\u0160t\u011b\u0148ata obvykle proch\u00e1zej\u00ed nejv\u011bt\u0161\u00edm r\u016fstov\u00fdm spurtem mezi t\u0159et\u00edm a \u0161est\u00fdm m\u011bs\u00edcem a pot\u0159ebuj\u00ed nejv\u00edce energie v pom\u011bru ke sv\u00e9 t\u011blesn\u00e9 hmotnosti, ne\u017e dos\u00e1hnou 50 % sv\u00e9 dosp\u011bl\u00e9 hmotnosti. Z\u00e1rove\u0148 \u0161t\u011bn\u011b nem\u00e1 tak velk\u00fd \u017ealudek jako dosp\u011bl\u00fd pes a jeho tr\u00e1ven\u00ed nen\u00ed pln\u011b vyvinut\u00e9. Pokud jde tedy o to, jak \u010dasto by m\u011blo \u0161t\u011bn\u011b j\u00edst, m\u016f\u017ee b\u00fdt vhodn\u00e9 rozd\u011blit jeho denn\u00ed j\u00eddlo do n\u011bkolika men\u0161\u00edch d\u00e1vek b\u011bhem dne a nechat ho j\u00edst \u010dty\u0159ikr\u00e1t nebo p\u011btkr\u00e1t. Tak \u0161t\u011bn\u011b z\u00edsk\u00e1 dostatek energie, ani\u017e by m\u011blo \u017ealude\u010dn\u00ed probl\u00e9my. Krmivo m\u016f\u017eete tak\u00e9 namo\u010dit do vody, aby se l\u00e9pe \u017ev\u00fdkalo i tr\u00e1vilo. P\u0159ibli\u017en\u011b v osmi m\u011bs\u00edc\u00edch m\u016f\u017eete po\u010det j\u00eddel sn\u00ed\u017eit na dv\u011b denn\u011b.<\/p>\n<p>\u0160t\u011b\u0148ata by nem\u011bla p\u0159\u00edli\u0161 tloustnout, proto\u017ee by mohlo hrozit po\u0161kozen\u00ed jejich rostouc\u00ed kostry. Nav\u00edc obezita m\u00e1 tendenci p\u0159etrv\u00e1vat u ps\u016f a\u017e do dosp\u011blosti. \u017debra \u0161t\u011bn\u011bte by nem\u011bla b\u00fdt vid\u011bt, ale m\u011bli byste je snadno nahmatat.<\/p>\n<p>Pokud je v\u00e1\u0161 pes celkov\u011b zdrav\u00fd a \u010dil\u00fd a jeho srst se zd\u00e1 b\u00fdt v dobr\u00e9m stavu, pak je krmivo pravd\u011bpodobn\u011b vhodn\u00e9.<\/p>\n<h2>KDY P\u0158EJ\u00cdT Z KRMIVA PRO \u0160T\u011a\u0147ATA NA KRMIVO PRO DOSP\u011aL\u00c9 PSY<\/h2>\n<p>Kdy byste m\u011bli p\u0159estat d\u00e1vat mlad\u00e9mu psovi speci\u00e1ln\u00ed krmivo pro \u0161t\u011b\u0148ata a p\u0159ej\u00edt na krmivo pro dosp\u011bl\u00e9, z\u00e1vis\u00ed na tom, jak\u00e9 plemeno psa m\u00e1te. Z krmiva pro \u0161t\u011b\u0148ata byste m\u011bli p\u0159ej\u00edt na krmivo pro dosp\u011bl\u00e9 psy v okam\u017eiku, kdy v\u00e1\u0161 pes dos\u00e1hne sv\u00e9 pln\u00e9 dosp\u011bl\u00e9 hmotnosti. Miniaturn\u00ed psi a mal\u00e1 a st\u0159edn\u00ed plemena dor\u016fstaj\u00ed do dosp\u011blosti p\u0159ibli\u017en\u011b ve v\u011bku 8-12 m\u011bs\u00edc\u016f. V\u011bt\u0161\u00edm plemen\u016fm trv\u00e1 dokon\u010den\u00ed r\u016fstu o n\u011bco d\u00e9le, p\u0159ibli\u017en\u011b 12-15 m\u011bs\u00edc\u016f, a opravdu velk\u00fdm plemen\u016fm m\u016f\u017ee trvat a\u017e 18-24 m\u011bs\u00edc\u016f, ne\u017e dos\u00e1hnou pln\u00e9 t\u011blesn\u00e9 hmotnosti.<\/p>\n<h4>Dal\u0161\u00ed informace<\/h4>\n<ul>\n<li><a href=\"https:\/\/bozita.com\/cz\/prechod-z-krmiva-pro-stenata-na-krmivo-pro-dospele\/\">Jak p\u0159ej\u00edt z krmiva pro \u0161t\u011b\u0148ata na krmivo pro dosp\u011bl\u00e9 psy<\/a><\/li>\n<\/ul>\n<h2>\u010c\u00cdM M\u00c1M KRMIT SV\u00c9 \u0160T\u011aN\u011a, KDY\u017d POPRV\u00c9 P\u0158IJDE DOM\u016e?<\/h2>\n<p>Po p\u0159est\u011bhov\u00e1n\u00ed do nov\u00e9ho domova by \u0161t\u011bn\u011b m\u011blo j\u00edst stejnou stravu, jakou m\u011blo u chovatele. Opu\u0161t\u011bn\u00ed matky a komfortn\u00ed z\u00f3ny je u\u017e samo o sob\u011b dost n\u00e1ro\u010dn\u00e9. Pokud \u0161t\u011bn\u011bti z\u00e1rove\u0148 zm\u011bn\u00edte krmivo, existuje v\u00e1\u017en\u00e9 riziko, \u017ee stres zp\u016fsob\u00ed probl\u00e9my v tr\u00e1vic\u00edm traktu.<\/p>\n<h2>M\u011b\u0148te krmivo pomalu<\/h2>\n<p>P\u0159i zm\u011bn\u011b krmiva pro psa je d\u016fle\u017eit\u00e9 nep\u0159ech\u00e1zet na nov\u00e9 krmivo okam\u017eit\u011b, ale rad\u011bji nesp\u011bchat. Za\u010dn\u011bte t\u00edm, \u017ee sm\u00edch\u00e1te \u010d\u00e1st nov\u00e9ho krmiva se star\u00fdm, a pak pomalu zvy\u0161ujte jeho pod\u00edl, dokud pes nebude j\u00edst pouze nov\u00e9 krmivo.<\/p>\n<h4>Dal\u0161\u00ed informace<\/h4>\n<ul>\n<li><a href=\"https:\/\/bozita.com\/cz\/prechod-z-krmiva-pro-stenata-na-krmivo-pro-dospele\/\">Jak p\u0159ej\u00edt z krmiva pro \u0161t\u011b\u0148ata na krmivo pro dosp\u011bl\u00e9 psy<\/a><\/li>\n<\/ul>\n\t\t\t<\/div>\n\t\t<\/div>\n\t<\/div>\n\n\n<section class=\"block product-promos\">\n\t<div class=\"container\">\n\t\t<div class=\"row align-items-center\">\n\t\t\t<div class=\"col-md-5\">\n\t\t\t\t<div class=\"prdt__promos-heading\">\n\t\t\t\t\t<h3>\n\t\t\t\t\t\tDOBR\u00c9 KRMIVO PRO \u0160T\u011a\u0147ATA A MLAD\u00c9 PSY\t\t\t\t\t<\/h3>\n\t\t\t\t\t\t\t\t\t<\/div>\n\t\t\t<\/div>\n\t\t\t<div class=\"col-md-7\">\n\t\t\t\t\t\t\t\t\t<div class=\"owl-carousel owl-theme product-promo-carousel\">\n\t\t\t\t\t\t\t\t\t\t\t\t\t<a href=\"https:\/\/bozita.com\/cz\/products\/bozita-robur-mother-puppy\/\">\n\t\t\t\t\t\t\t\t<div class=\"blk__prdt-item\">\n\t\t\t\t\t\t\t\t\t<figure>\n\t\t\t\t\t\t\t\t\t\t<img loading=\"lazy\" decoding=\"async\" width=\"400\" height=\"457\" src=\"https:\/\/bozita.com\/cz\/wp-content\/uploads\/sites\/12\/2021\/06\/2035-bozita-robur-mother-puppy.png\" class=\"attachment-post-thumbnail size-post-thumbnail wp-post-image\" alt=\"BOZITA ACTIVE &#038; STERILISED \u2013 GRAIN FREE LAMB\" srcset=\"https:\/\/bozita.com\/cz\/wp-content\/uploads\/sites\/12\/2021\/06\/2035-bozita-robur-mother-puppy.png 400w, https:\/\/bozita.com\/cz\/wp-content\/uploads\/sites\/12\/2021\/06\/2035-bozita-robur-mother-puppy-263x300.png 263w\" sizes=\"(max-width: 400px) 100vw, 400px\" \/>\t\t\t\t\t\t\t\t\t\t\t\t\t\t\t\t\t\t\t<\/figure>\n\t\t\t\t\t\t\t\t\t<h4 class=\"carousel-title\"><\/h4>\n\t\t\t\t\t\t\t\t\t<span class=\"carousel-category\">BOZITA ROBUR MOTHER &#038; PUPPY<\/span>\n\t\t\t\t\t\t\t\t\t  \n\t\t\t\t\t\t\t\t\t<ul class=\"category-list\">\n\t\t\t\t\t\t\t\t\t\t\t\t\t\t\t\t\t\t\t\t\t\t\t<li class=\"svg-image\">\n\t\t\t\t\t\t\t\t\t\t\t\t\t\t<img decoding=\"async\" src=\"https:\/\/bozita.com\/cz\/wp-content\/uploads\/sites\/12\/2021\/06\/icon-wheat-free.svg\" \/>\n\t\t\t\t\t\t\t\t\t\t\t\t\t<\/li>\n\t\t\t\t\t\t\t\t\t\t\t\t\t\t\t\t\t\t\t\t\t\t\t\t\t\t\t\t\t\t\t\t\t\t\t\t<li class=\"svg-image\">\n\t\t\t\t\t\t\t\t\t\t\t\t\t\t<img decoding=\"async\" src=\"https:\/\/bozita.com\/cz\/wp-content\/uploads\/sites\/12\/2021\/06\/icon-flavour-chicken.svg\" \/>\n\t\t\t\t\t\t\t\t\t\t\t\t\t<\/li>\n\t\t\t\t\t\t\t\t\t\t\t\t\t\t\t\t\t\t\t\t\t\t<\/ul>       \n\n\t\t\t\t\t\t\t\t<\/div>\n\t\t\t\t\t\t\t<\/a>\n\t\t\t\t\t\t\t\t\t\t\t\t\t\t\t\t\t\t\t\t<a href=\"https:\/\/bozita.com\/cz\/products\/bozita-robur-matka-a-stene-xl\/\">\n\t\t\t\t\t\t\t\t<div class=\"blk__prdt-item\">\n\t\t\t\t\t\t\t\t\t<figure>\n\t\t\t\t\t\t\t\t\t\t<img loading=\"lazy\" decoding=\"async\" width=\"400\" height=\"457\" src=\"https:\/\/bozita.com\/cz\/wp-content\/uploads\/sites\/12\/2021\/06\/2036-bozita-robur-mother-puppy-xl.png\" class=\"attachment-post-thumbnail size-post-thumbnail wp-post-image\" alt=\"BOZITA ACTIVE &#038; STERILISED \u2013 GRAIN FREE LAMB\" srcset=\"https:\/\/bozita.com\/cz\/wp-content\/uploads\/sites\/12\/2021\/06\/2036-bozita-robur-mother-puppy-xl.png 400w, https:\/\/bozita.com\/cz\/wp-content\/uploads\/sites\/12\/2021\/06\/2036-bozita-robur-mother-puppy-xl-263x300.png 263w\" sizes=\"(max-width: 400px) 100vw, 400px\" \/>\t\t\t\t\t\t\t\t\t\t\t\t\t\t\t\t\t\t\t<\/figure>\n\t\t\t\t\t\t\t\t\t<h4 class=\"carousel-title\"><\/h4>\n\t\t\t\t\t\t\t\t\t<span class=\"carousel-category\">BOZITA ROBUR MOTHER &#038; PUPPY XL<\/span>\n\t\t\t\t\t\t\t\t\t  \n\t\t\t\t\t\t\t\t\t<ul class=\"category-list\">\n\t\t\t\t\t\t\t\t\t\t\t\t\t\t\t\t\t\t\t\t\t\t\t<li class=\"svg-image\">\n\t\t\t\t\t\t\t\t\t\t\t\t\t\t<img decoding=\"async\" src=\"https:\/\/bozita.com\/cz\/wp-content\/uploads\/sites\/12\/2021\/06\/icon-wheat-free.svg\" \/>\n\t\t\t\t\t\t\t\t\t\t\t\t\t<\/li>\n\t\t\t\t\t\t\t\t\t\t\t\t\t\t\t\t\t\t\t\t\t\t\t\t\t\t\t\t\t\t\t\t\t\t\t\t<li class=\"svg-image\">\n\t\t\t\t\t\t\t\t\t\t\t\t\t\t<img decoding=\"async\" src=\"https:\/\/bozita.com\/cz\/wp-content\/uploads\/sites\/12\/2021\/06\/icon-flavour-chicken.svg\" \/>\n\t\t\t\t\t\t\t\t\t\t\t\t\t<\/li>\n\t\t\t\t\t\t\t\t\t\t\t\t\t\t\t\t\t\t\t\t\t\t<\/ul>       \n\n\t\t\t\t\t\t\t\t<\/div>\n\t\t\t\t\t\t\t<\/a>\n\t\t\t\t\t\t\t\t\t\t\t\t\t\t\t\t\t\t<\/div>\n\t\t\t\t\t\t\t<\/div>\n\t\t<\/div>\n\t<\/div>\n<\/section>\n<script>\njQuery(document).ready(function($) {\n\tjQuery('.product-promo-carousel').owlCarousel({\n\tloop: true,\n\tmargin: 10,\n\tresponsiveClass: true,\n\tresponsive: {\n\t\t0: {\n\t\titems: 1,\n\t\tnav: true\n\t\t},\n\t\t600: {\n\t\titems: 1,\n\t\tnav: true\n\t\t},\n\t\t1000: {\n\t\titems: 2,\n\t\tnav: true,\n\t\t}\n\t}\n\t})\n\tjQuery(\".owl-prev\").html('<span><<\/span>');\n\tjQuery(\".owl-next\").html('<span>><\/span>');\n\n\tvar slider = jQuery('.promo-slider-list');\n\tslider.owlCarousel();\n\tjQuery('.nextbtn-a').click(function() {\n\tslider.trigger('next.owl.carousel');\n\t})\n\t\/\/ Go to the previous item\n\tjQuery('.prebtn-a').click(function() {\n\tslider.trigger('prev.owl.carousel', [300]);\n\t})\n});\n<\/script>\n\n\n\n\t<section class=\"block related-articles\">\n\t\t<div class=\"container\">\n\t\t\t<h2>Souvisej\u00edc\u00ed \u010dl\u00e1nky<\/h2>\n\t\t\t<div class=\"row justify-content-center\">\n\t\t\t\t\t\t\t\t\t\t<div class=\"col-sm-6 col-md-6 col-lg-3\">\n\t\t\t\t\t\t\t\t\t\t\t\t\t\t<div class=\"card \">\n\t\t\t\t\t\t\t\t\t\t\t\t\t\t\t\t\t<img decoding=\"async\"  src=\"https:\/\/bozita.com\/cz\/wp-content\/uploads\/sites\/12\/2021\/06\/bozita-utfodra-valp.jpg\" alt=\"\">\n\t\t\t\t\t\t\t\t\t\t\t\t\t\t\t\t\t<!-- <img decoding=\"async\" src=\"\n\t\t\t\t\t\t\t\t\t\t\t\t\t\t\t\t\t\t\t\t\" alt=\"\n\t\t\t\t\t\t\t\t\t\t\t\t\t\t\t\t\t\t\t\t\t\t\t\t\t\t\t\"> -->\n\t\t\t\t\t\t\t\t<div class=\"card-body\">\n\t\t\t\t\t\t\t\t\t\t\t\t\t\t\t\t\t\t\t<h6>Jak\u00e9 krmivo a kolik by m\u011bl pes sn\u00edst za den<\/h6>\n\t\t\t\t\t\t\t\t\t\t\t\t\t\t\t\t\t\t\t<a href=\"https:\/\/bozita.com\/cz\/jake-krmivo-a-kolik-by-mel-pes-snist-za-den\/\">P\u0159e\u010dt\u011bte si v\u00edce &nbsp; ><\/a>\n\t\t\t\t\t\t\t\t<\/div>\n\t\t\t\t\t\t\t<\/div>\n\t\t\t\t\t\t<\/div>\n\n\t\t\t\t\t\t\t\t\t\t\t<div class=\"col-sm-6 col-md-6 col-lg-3\">\n\t\t\t\t\t\t\t\t\t\t\t\t\t\t<div class=\"card \">\n\t\t\t\t\t\t\t\t\t\t\t\t\t\t\t\t\t<img decoding=\"async\"  src=\"https:\/\/bozita.com\/cz\/wp-content\/uploads\/sites\/12\/2021\/08\/bozita-utfodring-tik-draktig-digivande.jpeg\" alt=\"\">\n\t\t\t\t\t\t\t\t\t\t\t\t\t\t\t\t\t<!-- <img decoding=\"async\" src=\"\n\t\t\t\t\t\t\t\t\t\t\t\t\t\t\t\t\t\t\t\t\" alt=\"\n\t\t\t\t\t\t\t\t\t\t\t\t\t\t\t\t\t\t\t\t\t\t\t\t\t\t\t\"> -->\n\t\t\t\t\t\t\t\t<div class=\"card-body\">\n\t\t\t\t\t\t\t\t\t\t\t\t\t\t\t\t\t\t\t<h6>Krmivo pro b\u0159ez\u00ed a koj\u00edc\u00ed feny<\/h6>\n\t\t\t\t\t\t\t\t\t\t\t\t\t\t\t\t\t\t\t<a href=\"https:\/\/bozita.com\/cz\/krmivo-pro-brezi-a-kojici-feny\/\">P\u0159e\u010dt\u011bte si v\u00edce &nbsp; ><\/a>\n\t\t\t\t\t\t\t\t<\/div>\n\t\t\t\t\t\t\t<\/div>\n\t\t\t\t\t\t<\/div>\n\n\t\t\t\t\t\t\t\t\t\t\t\t<\/div>\n\t\t<\/div>\n\t<\/section>\n","protected":false},"excerpt":{"rendered":"","protected":false},"author":1,"featured_media":6345,"parent":0,"menu_order":0,"comment_status":"closed","ping_status":"closed","template":"guternberg.php","meta":{"footnotes":""},"acf":[],"yoast_head":"<!-- This site is optimized with the Yoast SEO plugin v21.3 - https:\/\/yoast.com\/wordpress\/plugins\/seo\/ -->\n<title>Kolik by m\u011blo \u0161t\u011bn\u011b j\u00edst a jak\u00e9 je nejlep\u0161\u00ed krmivo? - Bozita Czech<\/title>\n<meta name=\"description\" content=\"Co by m\u011blo \u0161t\u011bn\u011b j\u00edst? Kolik by m\u011blo \u0161t\u011bn\u011b j\u00edst a jak vybrat nejlep\u0161\u00ed krmivo pro \u0161t\u011b\u0148ata? Jak \u010dasto by m\u011blo \u0161t\u011bn\u011b j\u00edst? Bozita nab\u00edz\u00ed rady a odpov\u011bdi na va\u0161e ot\u00e1zky.\" \/>\n<meta name=\"robots\" content=\"index, follow, max-snippet:-1, max-image-preview:large, max-video-preview:-1\" \/>\n<link rel=\"canonical\" href=\"https:\/\/bozita.com\/cz\/kolik-by-melo-stene-jist-a-jake-je-nejlepsi-krmivo\/\" \/>\n<meta property=\"og:locale\" content=\"cs_CZ\" \/>\n<meta property=\"og:type\" content=\"article\" \/>\n<meta property=\"og:title\" content=\"Kolik by m\u011blo \u0161t\u011bn\u011b j\u00edst a jak\u00e9 je nejlep\u0161\u00ed krmivo? - Bozita Czech\" \/>\n<meta property=\"og:description\" content=\"Co by m\u011blo \u0161t\u011bn\u011b j\u00edst? Kolik by m\u011blo \u0161t\u011bn\u011b j\u00edst a jak vybrat nejlep\u0161\u00ed krmivo pro \u0161t\u011b\u0148ata? Jak \u010dasto by m\u011blo \u0161t\u011bn\u011b j\u00edst? Bozita nab\u00edz\u00ed rady a odpov\u011bdi na va\u0161e ot\u00e1zky.\" \/>\n<meta property=\"og:url\" content=\"https:\/\/bozita.com\/cz\/kolik-by-melo-stene-jist-a-jake-je-nejlepsi-krmivo\/\" \/>\n<meta property=\"og:site_name\" content=\"Bozita Czech\" \/>\n<meta property=\"article:modified_time\" content=\"2022-07-03T21:24:39+00:00\" \/>\n<meta property=\"og:image\" content=\"https:\/\/bozita.com\/cz\/wp-content\/uploads\/sites\/12\/2021\/06\/bozita-utfodra-valp.jpg\" \/>\n\t<meta property=\"og:image:width\" content=\"1600\" \/>\n\t<meta property=\"og:image:height\" content=\"578\" \/>\n\t<meta property=\"og:image:type\" content=\"image\/jpeg\" \/>\n<meta name=\"twitter:card\" content=\"summary_large_image\" \/>\n<!-- \/ Yoast SEO plugin. -->","yoast_head_json":{"title":"Kolik by m\u011blo \u0161t\u011bn\u011b j\u00edst a jak\u00e9 je nejlep\u0161\u00ed krmivo? - Bozita Czech","description":"Co by m\u011blo \u0161t\u011bn\u011b j\u00edst? Kolik by m\u011blo \u0161t\u011bn\u011b j\u00edst a jak vybrat nejlep\u0161\u00ed krmivo pro \u0161t\u011b\u0148ata? Jak \u010dasto by m\u011blo \u0161t\u011bn\u011b j\u00edst? Bozita nab\u00edz\u00ed rady a odpov\u011bdi na va\u0161e ot\u00e1zky.","robots":{"index":"index","follow":"follow","max-snippet":"max-snippet:-1","max-image-preview":"max-image-preview:large","max-video-preview":"max-video-preview:-1"},"canonical":"https:\/\/bozita.com\/cz\/kolik-by-melo-stene-jist-a-jake-je-nejlepsi-krmivo\/","og_locale":"cs_CZ","og_type":"article","og_title":"Kolik by m\u011blo \u0161t\u011bn\u011b j\u00edst a jak\u00e9 je nejlep\u0161\u00ed krmivo? - Bozita Czech","og_description":"Co by m\u011blo \u0161t\u011bn\u011b j\u00edst? Kolik by m\u011blo \u0161t\u011bn\u011b j\u00edst a jak vybrat nejlep\u0161\u00ed krmivo pro \u0161t\u011b\u0148ata? Jak \u010dasto by m\u011blo \u0161t\u011bn\u011b j\u00edst? Bozita nab\u00edz\u00ed rady a odpov\u011bdi na va\u0161e ot\u00e1zky.","og_url":"https:\/\/bozita.com\/cz\/kolik-by-melo-stene-jist-a-jake-je-nejlepsi-krmivo\/","og_site_name":"Bozita Czech","article_modified_time":"2022-07-03T21:24:39+00:00","og_image":[{"width":1600,"height":578,"url":"https:\/\/bozita.com\/cz\/wp-content\/uploads\/sites\/12\/2021\/06\/bozita-utfodra-valp.jpg","type":"image\/jpeg"}],"twitter_card":"summary_large_image","schema":{"@context":"https:\/\/schema.org","@graph":[{"@type":"WebPage","@id":"https:\/\/bozita.com\/cz\/kolik-by-melo-stene-jist-a-jake-je-nejlepsi-krmivo\/","url":"https:\/\/bozita.com\/cz\/kolik-by-melo-stene-jist-a-jake-je-nejlepsi-krmivo\/","name":"Kolik by m\u011blo \u0161t\u011bn\u011b j\u00edst a jak\u00e9 je nejlep\u0161\u00ed krmivo? - Bozita Czech","isPartOf":{"@id":"https:\/\/bozita.com\/cz\/#website"},"datePublished":"2022-05-04T07:54:43+00:00","dateModified":"2022-07-03T21:24:39+00:00","description":"Co by m\u011blo \u0161t\u011bn\u011b j\u00edst? Kolik by m\u011blo \u0161t\u011bn\u011b j\u00edst a jak vybrat nejlep\u0161\u00ed krmivo pro \u0161t\u011b\u0148ata? Jak \u010dasto by m\u011blo \u0161t\u011bn\u011b j\u00edst? Bozita nab\u00edz\u00ed rady a odpov\u011bdi na va\u0161e ot\u00e1zky.","breadcrumb":{"@id":"https:\/\/bozita.com\/cz\/kolik-by-melo-stene-jist-a-jake-je-nejlepsi-krmivo\/#breadcrumb"},"inLanguage":"cs","potentialAction":[{"@type":"ReadAction","target":["https:\/\/bozita.com\/cz\/kolik-by-melo-stene-jist-a-jake-je-nejlepsi-krmivo\/"]}]},{"@type":"BreadcrumbList","@id":"https:\/\/bozita.com\/cz\/kolik-by-melo-stene-jist-a-jake-je-nejlepsi-krmivo\/#breadcrumb","itemListElement":[{"@type":"ListItem","position":1,"name":"Home","item":"https:\/\/bozita.com\/cz\/"},{"@type":"ListItem","position":2,"name":"Kolik by m\u011blo \u0161t\u011bn\u011b j\u00edst a jak\u00e9 je nejlep\u0161\u00ed krmivo?"}]},{"@type":"WebSite","@id":"https:\/\/bozita.com\/cz\/#website","url":"https:\/\/bozita.com\/cz\/","name":"Bozita Czech","description":"","potentialAction":[{"@type":"SearchAction","target":{"@type":"EntryPoint","urlTemplate":"https:\/\/bozita.com\/cz\/?s={search_term_string}"},"query-input":"required name=search_term_string"}],"inLanguage":"cs"}]}},"_links":{"self":[{"href":"https:\/\/bozita.com\/cz\/wp-json\/wp\/v2\/pages\/6344"}],"collection":[{"href":"https:\/\/bozita.com\/cz\/wp-json\/wp\/v2\/pages"}],"about":[{"href":"https:\/\/bozita.com\/cz\/wp-json\/wp\/v2\/types\/page"}],"author":[{"embeddable":true,"href":"https:\/\/bozita.com\/cz\/wp-json\/wp\/v2\/users\/1"}],"replies":[{"embeddable":true,"href":"https:\/\/bozita.com\/cz\/wp-json\/wp\/v2\/comments?post=6344"}],"version-history":[{"count":27,"href":"https:\/\/bozita.com\/cz\/wp-json\/wp\/v2\/pages\/6344\/revisions"}],"predecessor-version":[{"id":7345,"href":"https:\/\/bozita.com\/cz\/wp-json\/wp\/v2\/pages\/6344\/revisions\/7345"}],"wp:featuredmedia":[{"embeddable":true,"href":"https:\/\/bozita.com\/cz\/wp-json\/wp\/v2\/media\/6345"}],"wp:attachment":[{"href":"https:\/\/bozita.com\/cz\/wp-json\/wp\/v2\/media?parent=6344"}],"curies":[{"name":"wp","href":"https:\/\/api.w.org\/{rel}","templated":true}]}}