{"id":6356,"date":"2022-05-05T09:56:08","date_gmt":"2022-05-05T09:56:08","guid":{"rendered":"https:\/\/bozita.com\/cz\/citlivy-zaludek-a-potravinove-alergie-u-kocek\/"},"modified":"2022-05-25T11:49:24","modified_gmt":"2022-05-25T11:49:24","slug":"citlivy-zaludek-a-potravinove-alergie-u-kocek","status":"publish","type":"page","link":"https:\/\/bozita.com\/cz\/citlivy-zaludek-a-potravinove-alergie-u-kocek\/","title":{"rendered":"Citliv\u00fd \u017ealudek a potravinov\u00e9 alergie u ko\u010dek"},"content":{"rendered":"\t\t<section class=\"small-hero\">\n\t\t\t<div class=\"container\">\n\t\t\t\t<h1 class=\"small-hero-title\">Citliv\u00fd \u017ealudek a potravinov\u00e9 alergie u ko\u010dek<\/h1>\t\t\t<\/div>\n\t\t\t<\/div>\n\t\t<\/section>\n\t\n\n\t<div class=\"text-box-warp\">\n\t\t<div class=\"container\">\n\t\t\t<div class=\"text-content\">\n\t\t\t\t<p>N\u011bkter\u00e9 ko\u010dky maj\u00ed citliv\u011bj\u0161\u00ed \u017ealudek ne\u017e jin\u00e9, a proto vy\u017eaduj\u00ed l\u00e9pe straviteln\u00e9 krmivo. Abyste ko\u010dce usnadnili tr\u00e1ven\u00ed, m\u011bli byste j\u00ed dod\u00e1vat krmivo bohat\u00e9 na vl\u00e1kninu. FOS (fruktooligosacharidy) a MOS (mannan-oligosacharidy) jsou p\u0159\u00edrodn\u00ed prebiotick\u00e9 vl\u00e1kniny, kter\u00e9 podporuj\u00ed r\u016fst zdrav\u00e9, aktivn\u00ed st\u0159evn\u00ed fl\u00f3ry a pom\u00e1haj\u00ed zklidnit citliv\u00fd \u017ealudek. FOS napom\u00e1h\u00e1 rozvoji prosp\u011b\u0161n\u00fdch st\u0159evn\u00edch bakteri\u00ed a MOS pom\u00e1h\u00e1 potla\u010dovat r\u016fst \u0161kodliv\u00fdch bakteri\u00ed. \u017dalude\u010dn\u00ed pot\u00ed\u017ee mohou b\u00fdt zp\u016fsobeny tak\u00e9 potravinovou alergi\u00ed. Mezi jej\u00ed b\u011b\u017en\u00e9 p\u0159\u00edznaky pat\u0159\u00ed pr\u016fjem, zvracen\u00ed, sv\u011bd\u011bn\u00ed a dal\u0161\u00ed ko\u017en\u00ed probl\u00e9my. M\u016f\u017ee se st\u00e1t, \u017ee va\u0161e ko\u010dka je alergick\u00e1 na ur\u010dit\u00fd druh b\u00edlkovin nebo \u017ee je citliv\u00e1 na p\u0161enici \u010di jin\u00e9 obiloviny (nap\u0159. kuku\u0159ici a r\u00fd\u017ei). Proto\u017ee ko\u010dky jsou ze sv\u00e9 podstaty maso\u017eravci, jejich tr\u00e1vic\u00ed trakt je uzp\u016fsoben sp\u00ed\u0161e ke zpracov\u00e1n\u00ed b\u00edlkovin ne\u017e sacharid\u016f. Ko\u010dky jsou proto pom\u011brn\u011b \u010dasto citliv\u00e9 na p\u0161enici a obiloviny. To v\u0161ak neznamen\u00e1, \u017ee by ko\u010dky m\u011bly j\u00edst v\u00fdhradn\u011b maso. \u0160krob je vynikaj\u00edc\u00edm zdrojem energie a dob\u0159e funguje jako dopln\u011bk k b\u00edlkovin\u00e1m, kter\u00e9 pom\u00e1haj\u00ed budovat a obnovovat tk\u00e1n\u011b. Proto jsme do na\u0161eho krmiva pro ko\u010dky bez obilovin p\u0159idali brambory. Nab\u00edz\u00edme tak\u00e9 krmivo bez p\u0161enice pro ko\u010dky citliv\u00e9 na p\u0161enici. Citliv\u00fd \u017ealudek nen\u00ed v\u017edy zp\u016fsoben krmivem &#8211; m\u016f\u017ee m\u00edt i jin\u00e9 p\u0159\u00ed\u010diny, nap\u0159\u00edklad stres nebo onemocn\u011bn\u00ed. V takov\u00fdch p\u0159\u00edpadech probl\u00e9m vy\u017eaduje odbornou pomoc. Obra\u0165te se na sv\u00e9ho veterin\u00e1rn\u00edho l\u00e9ka\u0159e, aby diagnostikoval opakuj\u00edc\u00ed se probl\u00e9my.<\/p>\n\t\t\t<\/div>\n\t\t<\/div>\n\t<\/div>\n","protected":false},"excerpt":{"rendered":"","protected":false},"author":1,"featured_media":0,"parent":0,"menu_order":0,"comment_status":"closed","ping_status":"closed","template":"guternberg.php","meta":{"footnotes":""},"acf":[],"yoast_head":"<!-- This site is optimized with the Yoast SEO plugin v21.3 - https:\/\/yoast.com\/wordpress\/plugins\/seo\/ -->\n<title>Citliv\u00fd \u017ealudek a potravinov\u00e9 alergie u ko\u010dek - Bozita Czech<\/title>\n<meta name=\"robots\" content=\"index, follow, max-snippet:-1, max-image-preview:large, max-video-preview:-1\" \/>\n<link rel=\"canonical\" href=\"https:\/\/bozita.com\/cz\/citlivy-zaludek-a-potravinove-alergie-u-kocek\/\" \/>\n<meta property=\"og:locale\" content=\"cs_CZ\" \/>\n<meta property=\"og:type\" content=\"article\" \/>\n<meta property=\"og:title\" content=\"Citliv\u00fd \u017ealudek a potravinov\u00e9 alergie u ko\u010dek - Bozita Czech\" \/>\n<meta property=\"og:url\" content=\"https:\/\/bozita.com\/cz\/citlivy-zaludek-a-potravinove-alergie-u-kocek\/\" \/>\n<meta property=\"og:site_name\" content=\"Bozita Czech\" \/>\n<meta property=\"article:modified_time\" content=\"2022-05-25T11:49:24+00:00\" \/>\n<meta name=\"twitter:card\" content=\"summary_large_image\" \/>\n<!-- \/ Yoast SEO plugin. -->","yoast_head_json":{"title":"Citliv\u00fd \u017ealudek a potravinov\u00e9 alergie u ko\u010dek - Bozita Czech","robots":{"index":"index","follow":"follow","max-snippet":"max-snippet:-1","max-image-preview":"max-image-preview:large","max-video-preview":"max-video-preview:-1"},"canonical":"https:\/\/bozita.com\/cz\/citlivy-zaludek-a-potravinove-alergie-u-kocek\/","og_locale":"cs_CZ","og_type":"article","og_title":"Citliv\u00fd \u017ealudek a potravinov\u00e9 alergie u ko\u010dek - Bozita Czech","og_url":"https:\/\/bozita.com\/cz\/citlivy-zaludek-a-potravinove-alergie-u-kocek\/","og_site_name":"Bozita Czech","article_modified_time":"2022-05-25T11:49:24+00:00","twitter_card":"summary_large_image","schema":{"@context":"https:\/\/schema.org","@graph":[{"@type":"WebPage","@id":"https:\/\/bozita.com\/cz\/citlivy-zaludek-a-potravinove-alergie-u-kocek\/","url":"https:\/\/bozita.com\/cz\/citlivy-zaludek-a-potravinove-alergie-u-kocek\/","name":"Citliv\u00fd \u017ealudek a potravinov\u00e9 alergie u ko\u010dek - Bozita Czech","isPartOf":{"@id":"https:\/\/bozita.com\/cz\/#website"},"datePublished":"2022-05-05T09:56:08+00:00","dateModified":"2022-05-25T11:49:24+00:00","breadcrumb":{"@id":"https:\/\/bozita.com\/cz\/citlivy-zaludek-a-potravinove-alergie-u-kocek\/#breadcrumb"},"inLanguage":"cs","potentialAction":[{"@type":"ReadAction","target":["https:\/\/bozita.com\/cz\/citlivy-zaludek-a-potravinove-alergie-u-kocek\/"]}]},{"@type":"BreadcrumbList","@id":"https:\/\/bozita.com\/cz\/citlivy-zaludek-a-potravinove-alergie-u-kocek\/#breadcrumb","itemListElement":[{"@type":"ListItem","position":1,"name":"Home","item":"https:\/\/bozita.com\/cz\/"},{"@type":"ListItem","position":2,"name":"Citliv\u00fd \u017ealudek a potravinov\u00e9 alergie u ko\u010dek"}]},{"@type":"WebSite","@id":"https:\/\/bozita.com\/cz\/#website","url":"https:\/\/bozita.com\/cz\/","name":"Bozita Czech","description":"","potentialAction":[{"@type":"SearchAction","target":{"@type":"EntryPoint","urlTemplate":"https:\/\/bozita.com\/cz\/?s={search_term_string}"},"query-input":"required name=search_term_string"}],"inLanguage":"cs"}]}},"_links":{"self":[{"href":"https:\/\/bozita.com\/cz\/wp-json\/wp\/v2\/pages\/6356"}],"collection":[{"href":"https:\/\/bozita.com\/cz\/wp-json\/wp\/v2\/pages"}],"about":[{"href":"https:\/\/bozita.com\/cz\/wp-json\/wp\/v2\/types\/page"}],"author":[{"embeddable":true,"href":"https:\/\/bozita.com\/cz\/wp-json\/wp\/v2\/users\/1"}],"replies":[{"embeddable":true,"href":"https:\/\/bozita.com\/cz\/wp-json\/wp\/v2\/comments?post=6356"}],"version-history":[{"count":4,"href":"https:\/\/bozita.com\/cz\/wp-json\/wp\/v2\/pages\/6356\/revisions"}],"predecessor-version":[{"id":6961,"href":"https:\/\/bozita.com\/cz\/wp-json\/wp\/v2\/pages\/6356\/revisions\/6961"}],"wp:attachment":[{"href":"https:\/\/bozita.com\/cz\/wp-json\/wp\/v2\/media?parent=6356"}],"curies":[{"name":"wp","href":"https:\/\/api.w.org\/{rel}","templated":true}]}}