{"id":6360,"date":"2022-05-05T09:56:21","date_gmt":"2022-05-05T09:56:21","guid":{"rendered":"https:\/\/bozita.com\/cz\/ambasadori\/"},"modified":"2024-02-27T14:14:20","modified_gmt":"2024-02-27T14:14:20","slug":"ambasadori","status":"publish","type":"page","link":"https:\/\/bozita.com\/cz\/ambasadori\/","title":{"rendered":"Ambasado\u0159i"},"content":{"rendered":"\t\t<section class=\"small-hero\">\n\t\t\t<div class=\"container\">\n\t\t\t\t<h1 class=\"small-hero-title\">Seznamte se s ambasadory zna\u010dky Bozita<\/h1><p><p>V\u0161ichni ambasado\u0159i spole\u010dnosti Bozita jsou odborn\u00edky ve sv\u00fdch oborech a \u00fazce s n\u00e1mi spolupracuj\u00ed, aby v\u00fdrobky a sortiment spole\u010dnosti Bozita byly st\u00e1le lep\u0161\u00ed a siln\u011bj\u0161\u00ed. Jako oddan\u00ed sportovci s mnoha \u00fasp\u011bchy v\u011bd\u00ed, co je t\u0159eba k \u00fasp\u011bchu. V\u0161ichni v\u00edme, \u017ee k dosa\u017een\u00ed \u00fasp\u011bchu nesta\u010d\u00ed jen \u0161t\u011bst\u00ed!<\/p>\n<\/p>\t\t\t<\/div>\n\t\t\t<\/div>\n\t\t<\/section>\n\t\n\n<section class=\"block ambassadeur-wrap\">\n\t<div class=\"container\">\n\t\t<div class=\"row\">\n\t\t\t\t\t\t\t\t<div class=\"col-md-6\">\n\t\t\t\t\t\t<div class=\"card\">\n\t\t\t\t\t\t\t\t\t\t\t\t\t\t<img decoding=\"async\" class=\"card-img-top\" src=\"https:\/\/bozita.com\/cz\/wp-content\/uploads\/sites\/12\/2021\/08\/bozita-emelie-wickstrom-ambassador.jpeg\" alt=\"\">\n\t\t\t\t\t\t\t\t\t\t\t\t\t\t<div class=\"card-body\">\n\t\t\t\t\t\t\t\t<h5 class=\"card-title\">EMELIE WICKSTR\u00d6MOV\u00c1 SOUT\u011a\u017d\u00cd SE SV\u00ddMI BORDER KOLIEMI V POSLU\u0160NOSTI PS\u016e<\/h5>\n\t\t\t\t\t\t\t\t<p class=\"more\">Emeliini psi jed\u00ed krmivo Bozita Robur Sensitive Single Protein Salmon &#038; Rice a Bozita Robur Active Performance. Sout\u011b\u017e\u00ed v ps\u00ed poslu\u0161nosti spole\u010dn\u011b se sv\u00fdmi border koliemi Ki (nar. 2011) a Sol (nar. 2018). M\u00e1 skv\u011bl\u00e9 sout\u011b\u017en\u00ed v\u00fdsledky z MS i NM &#8211; t\u0159et\u00ed m\u00edsto (t\u00fdm) a dvan\u00e1ct\u00e9 m\u00edsto (jednotlivec) na MS 2016 a p\u00e1t\u00e9 m\u00edsto (jednotlivec) na NM 2015. Ne v\u017edy bylo z\u0159ejm\u00e9, \u017ee si Emelie vybere jako sv\u016fj sport ps\u00ed poslu\u0161nost. Kdy\u017e si po\u0159\u00eddila KI, vyzkou\u0161eli si v\u0161e od pasen\u00ed a z\u00e1chran\u00e1\u0159stv\u00ed a\u017e po agility a vyhled\u00e1v\u00e1n\u00ed. Nakonec v\u0161ak zjistili, \u017ee poslu\u0161nost je tou spr\u00e1vnou volbou. Emelii \u017eene vp\u0159ed radost ze sportu. <\/p>\n\t\t\t\t\t\t\t\t\t\t\t\t\t\t\t\t\t<h5 class=\"social-icon-headline\">Sledujte Emelii na soci\u00e1ln\u00edch s\u00edt\u00edch<\/h5>\n\t\t\t\t\t\t\t\t\t\t\t\t\t\t\t\t\t\t\t\t\t\t\t\t\t\t<ul>\n\t\t\t\t\t\t\t\t\t\t\t\t\t\t\t\t\t\t\t\t\t\t\t\t\t\t\t\t\t\t\t<li><a href=\"https:\/\/www.instagram.com\/emelie_niloki\/?hl=en\" target=\"_blank\"><i class=\"fab fa-instagram\"><\/i><\/a><\/li>\n\t\t\t\t\t\t\t\t\t\t\t\t\t\t\t\t\t\t\t\t\t\t\t\t\t\t\t\t\t\t\t\t<li><a href=\"https:\/\/www.youtube.com\/channel\/UCk31yvbuW5Qo8TdWWiEw3Rw\/videos\" target=\"_blank\"><i class=\"fab fa-youtube\"><\/i><\/a><\/li>\n\t\t\t\t\t\t\t\t\t\t\t\t\t\t\t\t\t\t\t\t\t\t\t\t\t\t\t\t\t\t\t\t\t\t\t\t\t\t\t\t<\/ul>\n\t\t\t\t\t\t\t\t\t\n\t\t\t\t\t\t\t<\/div>\n\t\t\t\t\t\t<\/div>\n\t\t\t\t\t<\/div>\n\t\t\t\t\t\t\t\t\t\t<div class=\"col-md-6\">\n\t\t\t\t\t\t<div class=\"card\">\n\t\t\t\t\t\t\t\t\t\t\t\t\t\t<img decoding=\"async\" class=\"card-img-top\" src=\"https:\/\/bozita.com\/cz\/wp-content\/uploads\/sites\/12\/2021\/08\/bozita-ambassador-ida-lindgren.jpeg\" alt=\"\">\n\t\t\t\t\t\t\t\t\t\t\t\t\t\t<div class=\"card-body\">\n\t\t\t\t\t\t\t\t<h5 class=\"card-title\">IDA LINDGRENOV\u00c1 &#8211; NOSITELKA S L\u00c1SKOU K RALLY OBEDIENCE<\/h5>\n\t\t\t\t\t\t\t\t<p class=\"more\">Idini psi jed\u00ed krmivo Bozita Robur Active Performance a Bozita Robur Sensitive Grain Free Chicken. Ida toho zvl\u00e1d\u00e1 opravdu hodn\u011b. Krom\u011b sout\u011b\u017een\u00ed v rally obedience chov\u00e1 na sv\u00e9 farm\u011b Zirida&#8217;s kennel u Helsingborgu anglick\u00e9 \u0161pringr\u0161pan\u011bly. Po\u0159\u00e1d\u00e1 tak\u00e9 kurzy pro psy a \u0161kolen\u00ed instruktor\u016f v \u00fasp\u011b\u0161n\u00e9m ps\u00edm centru Vi2 Hundcenter. Ve sv\u00e9m vlastn\u00edm nakladatelstv\u00ed HUNDra Percent vydala \u0159adu knih o psech. A aby toho nebylo m\u00e1lo, Ida se d\u0159\u00edve zab\u00fdvala plav\u00e1n\u00edm ps\u016f, provozovala ps\u00ed \u0161kolky, stravov\u00e1n\u00ed ps\u016f a p\u00e9\u010di o psy. Idino srdce nav\u00edc bije pro sport rally obedience, jeho\u017e v\u00fdvoj sleduje od sam\u00e9ho po\u010d\u00e1tku. Dnes je jednou z p\u0159edn\u00edch rozhod\u010d\u00edch v zemi. Krom\u011b toho sama sout\u011b\u017e\u00ed a na krbu m\u00e1 hromadu mistrovsk\u00fdch titul\u016f.<\/p>\n\t\t\t\t\t\t\t\t\t\t\t\t\t\t\t\t\t<h5 class=\"social-icon-headline\">Sledujte Idu na soci\u00e1ln\u00edch s\u00edt\u00edch<\/h5>\n\t\t\t\t\t\t\t\t\t\t\t\t\t\t\t\t\t\t\t\t\t\t\t\t\t\t<ul>\n\t\t\t\t\t\t\t\t\t\t\t\t\t\t\t\t\t\t\t\t\t<li><a href=\"https:\/\/www.facebook.com\/vi2hundcenter\" target=\"_blank\"><i class=\"fab fa-facebook\"><\/i><\/a><\/li>\n\t\t\t\t\t\t\t\t\t\t\t\t\t\t\t\t\t\t\t\t\t\t\t\t\t\t\t\t\t\t\t\t\t\t\t\t\t\t\t\t\t\t\t\t\t\t\t\t\t\t\t\t<li><a href=\"http:\/\/zirida.se\/\" target=\"_blank\"><i class=\"fas fa-globe\"><\/i><\/a><\/li>\n\t\t\t\t\t\t\t\t\t\t\t\t\t\t\t\t\t\t\t\t\t\t\t\t\t\t\t\t\t<\/ul>\n\t\t\t\t\t\t\t\t\t\n\t\t\t\t\t\t\t<\/div>\n\t\t\t\t\t\t<\/div>\n\t\t\t\t\t<\/div>\n\t\t\t\t\t\t\t\t\t\t<div class=\"col-md-6\">\n\t\t\t\t\t\t<div class=\"card\">\n\t\t\t\t\t\t\t\t\t\t\t\t\t\t<img decoding=\"async\" class=\"card-img-top\" src=\"https:\/\/bozita.com\/cz\/wp-content\/uploads\/sites\/12\/2021\/08\/bozita-ingrid-tomas-olofsson-ambassadors.jpeg\" alt=\"\">\n\t\t\t\t\t\t\t\t\t\t\t\t\t\t<div class=\"card-body\">\n\t\t\t\t\t\t\t\t<h5 class=\"card-title\">INGRID A TOMAS OLOFSSONOVI CHOVAJ\u00cd M\u00dcNSTERL\u00c4NDERY A N\u011aMECK\u00c9 KR\u00c1TKOSRST\u00c9 OHA\u0158E<\/h5>\n\t\t\t\t\t\t\t\t<p class=\"more\">Psi Ingrid a Tomase jed\u00ed krmiva Bozita Robur Adult Maintenance, Bozita Robur Active Performance a Boz ita Robur Sensitive Grain Free Reindeer. Na farm\u011b Hedinge nedaleko Tidaholmu ve V\u00e4sterg\u00f6tlandu chovaj\u00ed mal\u00e9 m\u00fcnsterl\u00e4ndery a n\u011bmeck\u00e9 kr\u00e1tkosrst\u00e9 oha\u0159e pod n\u00e1zvem Hed\u00e4ngens kennel. Psi jsou cvi\u010deni jako v\u0161estrann\u00ed, ale specializuj\u00ed se na lov pt\u00e1k\u016f a poslu\u0161nost. C\u00edlem Ingrid a Tomase je zajistit chovatel\u016fm zdrav\u00e9 jedince s dobr\u00fdmi loveck\u00fdmi vlastnostmi. Prvn\u00ed chovn\u00e9 psy z\u00edskali v roce 2000 a od t\u00e9 doby se jim narodilo n\u011bkolik vrh\u016f jak mal\u00fdch m\u00fcnsterlandsk\u00fdch oha\u0159\u016f, tak n\u011bmeck\u00fdch kr\u00e1tkosrst\u00fdch oha\u0159\u016f. Odchovali tak\u00e9 potomky, kte\u0159\u00ed byli lovecky upot\u0159ebiteln\u00ed a stali se lovecky upot\u0159ebiteln\u00fdmi.<\/p>\n\t\t\t\t\t\t\t\t\t\t\t\t\t\t\t\t\t<h5 class=\"social-icon-headline\">Sledujte Ingrid a Tomase na soci\u00e1ln\u00edch s\u00edt\u00edch<\/h5>\n\t\t\t\t\t\t\t\t\t\t\t\t\t\t\t\t\t\t\t\t\t\t\t\t\t\t<ul>\n\t\t\t\t\t\t\t\t\t\t\t\t\t\t\t\t\t\t\t\t\t\t\t\t\t\t\t\t\t\t\t\t\t\t\t\t\t\t\t\t\t\t\t\t\t\t\t\t\t\t\t<li><a href=\"https:\/\/hedangens.se\/?page_id=170\" target=\"_blank\"><i class=\"fas fa-globe\"><\/i><\/a><\/li>\n\t\t\t\t\t\t\t\t\t\t\t\t\t\t\t\t\t\t\t\t\t\t\t\t\t\t\t\t\t<\/ul>\n\t\t\t\t\t\t\t\t\t\n\t\t\t\t\t\t\t<\/div>\n\t\t\t\t\t\t<\/div>\n\t\t\t\t\t<\/div>\n\t\t\t\t\t\t\t<\/div>\n\t<\/div>\n<\/section>\n","protected":false},"excerpt":{"rendered":"","protected":false},"author":4,"featured_media":6367,"parent":0,"menu_order":0,"comment_status":"closed","ping_status":"closed","template":"guternberg.php","meta":{"footnotes":""},"acf":[],"yoast_head":"<!-- This site is optimized with the Yoast SEO plugin v21.3 - https:\/\/yoast.com\/wordpress\/plugins\/seo\/ -->\n<title>Ambasado\u0159i - Bozita Czech<\/title>\n<meta name=\"description\" content=\"V\u0161ichni ambasado\u0159i spole\u010dnosti Bozita jsou odborn\u00edky ve sv\u00fdch oborech. \u00dazce spolupracujeme, abychom na\u0161e krmivo pro psy a ko\u010dky neust\u00e1le vylep\u0161ovali.\" \/>\n<meta name=\"robots\" content=\"index, follow, max-snippet:-1, max-image-preview:large, max-video-preview:-1\" \/>\n<link rel=\"canonical\" href=\"https:\/\/bozita.com\/cz\/ambasadori\/\" \/>\n<meta property=\"og:locale\" content=\"cs_CZ\" \/>\n<meta property=\"og:type\" content=\"article\" \/>\n<meta property=\"og:title\" content=\"Ambasado\u0159i - Bozita Czech\" \/>\n<meta property=\"og:description\" content=\"V\u0161ichni ambasado\u0159i spole\u010dnosti Bozita jsou odborn\u00edky ve sv\u00fdch oborech. \u00dazce spolupracujeme, abychom na\u0161e krmivo pro psy a ko\u010dky neust\u00e1le vylep\u0161ovali.\" \/>\n<meta property=\"og:url\" content=\"https:\/\/bozita.com\/cz\/ambasadori\/\" \/>\n<meta property=\"og:site_name\" content=\"Bozita Czech\" \/>\n<meta property=\"article:modified_time\" content=\"2024-02-27T14:14:20+00:00\" \/>\n<meta property=\"og:image\" content=\"https:\/\/bozita.com\/cz\/wp-content\/uploads\/sites\/12\/2021\/08\/bozita-petter-karlsson-vinner-finnmarkslopet-2018.jpeg\" \/>\n\t<meta property=\"og:image:width\" content=\"800\" \/>\n\t<meta property=\"og:image:height\" content=\"533\" \/>\n\t<meta property=\"og:image:type\" content=\"image\/jpeg\" \/>\n<meta name=\"twitter:card\" content=\"summary_large_image\" \/>\n<!-- \/ Yoast SEO plugin. -->","yoast_head_json":{"title":"Ambasado\u0159i - Bozita Czech","description":"V\u0161ichni ambasado\u0159i spole\u010dnosti Bozita jsou odborn\u00edky ve sv\u00fdch oborech. \u00dazce spolupracujeme, abychom na\u0161e krmivo pro psy a ko\u010dky neust\u00e1le vylep\u0161ovali.","robots":{"index":"index","follow":"follow","max-snippet":"max-snippet:-1","max-image-preview":"max-image-preview:large","max-video-preview":"max-video-preview:-1"},"canonical":"https:\/\/bozita.com\/cz\/ambasadori\/","og_locale":"cs_CZ","og_type":"article","og_title":"Ambasado\u0159i - Bozita Czech","og_description":"V\u0161ichni ambasado\u0159i spole\u010dnosti Bozita jsou odborn\u00edky ve sv\u00fdch oborech. \u00dazce spolupracujeme, abychom na\u0161e krmivo pro psy a ko\u010dky neust\u00e1le vylep\u0161ovali.","og_url":"https:\/\/bozita.com\/cz\/ambasadori\/","og_site_name":"Bozita Czech","article_modified_time":"2024-02-27T14:14:20+00:00","og_image":[{"width":800,"height":533,"url":"https:\/\/bozita.com\/cz\/wp-content\/uploads\/sites\/12\/2021\/08\/bozita-petter-karlsson-vinner-finnmarkslopet-2018.jpeg","type":"image\/jpeg"}],"twitter_card":"summary_large_image","schema":{"@context":"https:\/\/schema.org","@graph":[{"@type":"WebPage","@id":"https:\/\/bozita.com\/cz\/ambasadori\/","url":"https:\/\/bozita.com\/cz\/ambasadori\/","name":"Ambasado\u0159i - Bozita Czech","isPartOf":{"@id":"https:\/\/bozita.com\/cz\/#website"},"datePublished":"2022-05-05T09:56:21+00:00","dateModified":"2024-02-27T14:14:20+00:00","description":"V\u0161ichni ambasado\u0159i spole\u010dnosti Bozita jsou odborn\u00edky ve sv\u00fdch oborech. \u00dazce spolupracujeme, abychom na\u0161e krmivo pro psy a ko\u010dky neust\u00e1le vylep\u0161ovali.","breadcrumb":{"@id":"https:\/\/bozita.com\/cz\/ambasadori\/#breadcrumb"},"inLanguage":"cs","potentialAction":[{"@type":"ReadAction","target":["https:\/\/bozita.com\/cz\/ambasadori\/"]}]},{"@type":"BreadcrumbList","@id":"https:\/\/bozita.com\/cz\/ambasadori\/#breadcrumb","itemListElement":[{"@type":"ListItem","position":1,"name":"Home","item":"https:\/\/bozita.com\/cz\/"},{"@type":"ListItem","position":2,"name":"Ambasado\u0159i"}]},{"@type":"WebSite","@id":"https:\/\/bozita.com\/cz\/#website","url":"https:\/\/bozita.com\/cz\/","name":"Bozita Czech","description":"","potentialAction":[{"@type":"SearchAction","target":{"@type":"EntryPoint","urlTemplate":"https:\/\/bozita.com\/cz\/?s={search_term_string}"},"query-input":"required name=search_term_string"}],"inLanguage":"cs"}]}},"_links":{"self":[{"href":"https:\/\/bozita.com\/cz\/wp-json\/wp\/v2\/pages\/6360"}],"collection":[{"href":"https:\/\/bozita.com\/cz\/wp-json\/wp\/v2\/pages"}],"about":[{"href":"https:\/\/bozita.com\/cz\/wp-json\/wp\/v2\/types\/page"}],"author":[{"embeddable":true,"href":"https:\/\/bozita.com\/cz\/wp-json\/wp\/v2\/users\/4"}],"replies":[{"embeddable":true,"href":"https:\/\/bozita.com\/cz\/wp-json\/wp\/v2\/comments?post=6360"}],"version-history":[{"count":8,"href":"https:\/\/bozita.com\/cz\/wp-json\/wp\/v2\/pages\/6360\/revisions"}],"predecessor-version":[{"id":7962,"href":"https:\/\/bozita.com\/cz\/wp-json\/wp\/v2\/pages\/6360\/revisions\/7962"}],"wp:featuredmedia":[{"embeddable":true,"href":"https:\/\/bozita.com\/cz\/wp-json\/wp\/v2\/media\/6367"}],"wp:attachment":[{"href":"https:\/\/bozita.com\/cz\/wp-json\/wp\/v2\/media?parent=6360"}],"curies":[{"name":"wp","href":"https:\/\/api.w.org\/{rel}","templated":true}]}}