{"id":6377,"date":"2022-05-09T20:34:34","date_gmt":"2022-05-09T20:34:34","guid":{"rendered":"https:\/\/bozita.com\/cz\/prechod-z-krmiva-pro-stenata-na-krmivo-pro-dospele\/"},"modified":"2022-07-03T22:00:59","modified_gmt":"2022-07-03T22:00:59","slug":"prechod-z-krmiva-pro-stenata-na-krmivo-pro-dospele","status":"publish","type":"page","link":"https:\/\/bozita.com\/cz\/prechod-z-krmiva-pro-stenata-na-krmivo-pro-dospele\/","title":{"rendered":"P\u0159echod z krmiva pro \u0161t\u011b\u0148ata na krmivo pro dosp\u011bl\u00e9"},"content":{"rendered":"\t\t<section class=\"small-hero\">\n\t\t\t<div class=\"container\">\n\t\t\t\t<h1 class=\"small-hero-title\">P\u0158ECHOD Z KRMIVA PRO \u0160T\u011a\u0147ATA NA KRMIVO PRO DOSP\u011aL\u00c9<\/h1>\t\t\t<\/div>\n\t\t\t<\/div>\n\t\t<\/section>\n\t\n\n\t<div class=\"text-box-warp\">\n\t\t<div class=\"container\">\n\t\t\t<div class=\"text-content\">\n\t\t\t\t<p><strong>Kdy byste m\u011bli zm\u011bnit krmivo sv\u00e9ho psa? Kdy\u017e v\u00e1\u0161 pes dos\u00e1hne pln\u00e9 v\u00fd\u0161ky a v\u00e1hy, pova\u017euje se za dosp\u011bl\u00e9ho a je \u010das p\u0159ej\u00edt z krmiva pro \u0161t\u011b\u0148ata na krmivo pro dosp\u011bl\u00e9. P\u0159echod mus\u00edte prov\u00e1d\u011bt pomalu, abyste nenaru\u0161ili tr\u00e1vic\u00ed syst\u00e9m va\u0161eho psa.<\/strong><\/p>\n<h2>KDY BYSTE M\u011aLI P\u0158EJ\u00cdT Z KRMIVA PRO \u0160T\u011a\u0147ATA NA KRMIVO PRO DOSP\u011aL\u00c9?<\/h2>\n<p>P\u0159echod z krmiva pro \u0161t\u011b\u0148ata na krmivo pro dosp\u011bl\u00e9 by m\u011bl prob\u011bhnout, a\u017e v\u00e1\u0161 pes pln\u011b dosp\u011bje. Pes je pova\u017eov\u00e1n za dosp\u011bl\u00e9ho &#8211; fyzicky, nikoliv psychicky &#8211; kdy\u017e dos\u00e1hne sv\u00e9 pln\u00e9 v\u00fd\u0161ky a hmotnosti. Kdy se tak stane, z\u00e1vis\u00ed na tom, o jak\u00e9 plemeno se jedn\u00e1. Mezi dobou, kterou pot\u0159ebuje mal\u00fd pes a velk\u00fd pes k dosa\u017een\u00ed dosp\u011bl\u00e9 velikosti, je n\u011bkolik m\u011bs\u00edc\u016f.<\/p>\n<p>Trpasli\u010d\u00ed, mal\u00ed a st\u0159edn\u00ed psi, jako jsou \u010divavy a \u0161pringr\u0161pan\u011bl\u00e9, dosahuj\u00ed pln\u00e9 v\u00fd\u0161ky a hmotnosti v dosp\u011blosti n\u011bkdy kolem 8-12 m\u011bs\u00edc\u016f v\u011bku. Velk\u00e1 plemena, jako jsou labrador\u0161t\u00ed retr\u00edv\u0159i a zlat\u00ed retr\u00edv\u0159i, dosahuj\u00ed dosp\u011bl\u00e9 velikosti o n\u011bco pozd\u011bji, p\u0159ibli\u017en\u011b ve v\u011bku 12-15 m\u011bs\u00edc\u016f. Opravdu velk\u00e1 plemena &#8211; dogy, novofundland\u0161t\u00ed psi a dal\u0161\u00ed &#8211; rostou podstatn\u011b d\u00e9le a pot\u0159ebuj\u00ed 18-24 m\u011bs\u00edc\u016f, aby dos\u00e1hli pln\u00e9 v\u00fd\u0161ky a dosp\u011bl\u00e9 hmotnosti.<\/p>\n<h3>Dal\u0161\u00ed informace<\/h3>\n<ul>\n<li><a href=\"https:\/\/bozita.com\/cz\/kolik-by-melo-stene-jist-a-jake-je-nejlepsi-krmivo\/?lang=cs\">Kolik a jak \u010dasto by m\u011blo \u0161t\u011bn\u011b dost\u00e1vat a jak\u00e9 je nejlep\u0161\u00ed krmivo pro \u0161t\u011b\u0148ata?<\/a><\/li>\n<\/ul>\n<h2>ZM\u011aNA KRMIVA &#8211; POSTUPUJTE KROK ZA KROKEM<\/h2>\n<p>Abyste se vyhnuli \u017ealude\u010dn\u00edm probl\u00e9m\u016fm, jako je nap\u0159\u00edklad pr\u016fjem, mus\u00ed p\u0159echod z krmiva pro \u0161t\u011b\u0148ata na krmivo pro dosp\u011bl\u00e9 prob\u00edhat postupn\u011b, aby m\u011bl tr\u00e1vic\u00ed syst\u00e9m psa \u010das si na nov\u00e9 krmivo zvyknout. Nahra\u010fte proto \u010d\u00e1st krmiva pro \u0161t\u011b\u0148ata krmivem pro dosp\u011bl\u00e9 po dobu 14-28 dn\u016f. Mno\u017estv\u00ed krmiva pro dosp\u011bl\u00e9 zvy\u0161ujte ka\u017ed\u00fd druh\u00fd den, a\u017e nakonec budete pod\u00e1vat pouze krmivo pro dosp\u011bl\u00e9.<\/p>\n<h2>VLHK\u00c9 KRMIVO NAB\u00cdZ\u00cd NOV\u00c9 CHU\u0164OV\u00c9 Z\u00c1\u017dITKY A JE DOBR\u00ddM ZDROJEM TEKUTIN<\/h2>\n<p>Psi nepot\u0159ebuj\u00ed pestrou stravu, a pokud je v\u00e1\u0161 pes fit a zdrav\u00fd, obvykle nen\u00ed \u017e\u00e1dn\u00fd skute\u010dn\u00fd d\u016fvod m\u011bnit jeho krmivo. Pokud mu chcete poskytnout nov\u00e9 chu\u0165ov\u00e9 a texturn\u00ed z\u00e1\u017eitky, m\u016f\u017eete \u010d\u00e1st jeho such\u00e9ho krmiva nahradit vlhk\u00fdm krmivem r\u016fzn\u00fdch p\u0159\u00edchut\u00ed. Vlhk\u00e9 krmivo je tak\u00e9 dobr\u00fdm zdrojem tekutin, co\u017e m\u016f\u017eete vyu\u017e\u00edt ve sv\u016fj prosp\u011bch, kdy\u017e pot\u0159ebujete psovi p\u0159idat do stravy dal\u0161\u00ed tekutiny, nap\u0159\u00edklad kdy\u017e tvrd\u011b pracuje nebo je obzvl\u00e1\u0161\u0165 hork\u00e9 po\u010das\u00ed.<\/p>\n<h2>NAJD\u011aTE SPR\u00c1VN\u00c9 KRMIVO PRO SV\u00c9 \u0160T\u011aN\u011a NEBO PSA<\/h2>\n<ul>\n<li><a href=\"https:\/\/bozita.com\/cz\/krmivo-pro-psy\/?lang=cs\">Krmivo pro psy Bozita<\/a>\u00a0&#8211; prohl\u00e9dn\u011bte si celou na\u0161i nab\u00eddku krmiv pro psy \u0161v\u00e9dsk\u00e9 v\u00fdroby<\/li>\n<li><a href=\"https:\/\/bozita.com\/cz\/bozita-vlhke-krmivo-pro-psy\/\">Bozita Vlhk\u00e9 krmivo pro psy Bozita<\/a><\/li>\n<li><a href=\"https:\/\/bozita.com\/cz\/suche-krmivo\/\">Such\u00e9 krmivo pro psy Bozita<\/a><\/li>\n<li><a href=\"https:\/\/bozita.com\/cz\/bozita-krmivo-pro-stenata-vyrobene-ve-svedsku\/\">Krmivo pro \u0161t\u011b\u0148ata a krmivo pro b\u0159ez\u00ed a koj\u00edc\u00ed feny.<\/a><\/li>\n<\/ul>\n<h2>KRMIVO PRO PSY \u0160V\u00c9DSK\u00c9 V\u00ddROBY NEJVY\u0160\u0160\u00cd KVALITY<\/h2>\n\t\t\t<\/div>\n\t\t<\/div>\n\t<\/div>\n\n\n\t<section class=\"block section-promos\">\n\t\t<div class=\"container\">\n\t\t\t<div class=\"row\">\n\t\t\t\t\t\t\t\t\t\t<div class=\"col-md-6\">\n\t\t\t\t\t\t\t<div class=\"card\">\n\t\t\t\t\t\t\t\t\t\t\t\t\t\t\t\t\t<img decoding=\"async\" class=\"card-img-top\" src=\"https:\/\/bozita.com\/cz\/wp-content\/uploads\/sites\/12\/2021\/08\/bozita-robur-hundfoder-torrfoder.jpg\" alt=\"\">\n\t\t\t\t\t\t\t\t\t\t\t\t\t\t\t\t<div class=\"card-body\">\n\t\t\t\t\t\t\t\t\t<h5 class=\"card-title\">BOZITA ROBUR &#8211; BEZLEPKOV\u00c9 SUPER PR\u00c9MIOV\u00c9 KRMIVO PRO PSY<\/h5>\n\t\t\t\t\t\t\t\t\t<p class=\"card-text\">Bozita Robur je \u0161v\u00e9dsk\u00e9 bezlepkov\u00e9 super pr\u00e9miov\u00e9 krmivo pro v\u00fdkon a zdrav\u00e9 tr\u00e1ven\u00ed. Psi, kte\u0159\u00ed jed\u00ed Bozita Robur maj\u00ed s\u00edlu \u010delit \u010demukoliv.<\/p>\n\t\t\t\t\t\t\t\t\t\t\t\t\t\t\t\t\t<\/div>\n\t\t\t\t\t\t\t<\/div>\n\t\t\t\t\t\t<\/div>\n\t\t\t\t\t\t\t\t\t\t\t\t<div class=\"col-md-6\">\n\t\t\t\t\t\t\t<div class=\"card\">\n\t\t\t\t\t\t\t\t\t\t\t\t\t\t\t\t\t<img decoding=\"async\" class=\"card-img-top\" src=\"https:\/\/bozita.com\/cz\/wp-content\/uploads\/sites\/12\/2021\/08\/bozita-torrfoder-vatfoder.jpg\" alt=\"\">\n\t\t\t\t\t\t\t\t\t\t\t\t\t\t\t\t<div class=\"card-body\">\n\t\t\t\t\t\t\t\t\t<h5 class=\"card-title\">BOZITA &#8211; KVALITN\u00cd KRMIVO \u0160V\u00c9DSK\u00c9 V\u00ddROBY<\/h5>\n\t\t\t\t\t\t\t\t\t<p class=\"card-text\">Bozita je vysoce kvalitn\u00ed \u0161v\u00e9dsk\u00e9 krmivo pro aktivn\u00ed psy. Sortiment zahrnuje such\u00e9 i vlhk\u00e9 krmivo pro psy v\u0161ech v\u011bkov\u00fdch kategori\u00ed a velikost\u00ed. Najdete zde tak\u00e9 krmivo bez p\u0161enice\/obilovin a krmivo speci\u00e1ln\u011b vyvinut\u00e9 pro psy s citlivou k\u016f\u017e\u00ed nebo \u017ealudkem.<\/p>\n\t\t\t\t\t\t\t\t\t\t\t\t\t\t\t\t\t<\/div>\n\t\t\t\t\t\t\t<\/div>\n\t\t\t\t\t\t<\/div>\n\t\t\t\t\t\t\t\t\t<\/div>\n\t\t<\/div>\n\t<\/section>\n\n\n<section class=\"block product-promos\">\n\t<div class=\"container\">\n\t\t<div class=\"row align-items-center\">\n\t\t\t<div class=\"col-md-5\">\n\t\t\t\t<div class=\"prdt__promos-heading\">\n\t\t\t\t\t<h3>\n\t\t\t\t\t\tObl\u00edben\u00e9 polo\u017eky\t\t\t\t\t<\/h3>\n\t\t\t\t\t\t\t\t\t\t\t<span><a class=\"btn btn-primary\" href=\"https:\/\/bozita.com\/cz\/krmivo-pro-psy\/\" target=\"\">Zobrazit produkty<\/a><\/span>\n\t\t\t\t\t\t\t\t\t\t<\/div>\n\t\t\t<\/div>\n\t\t\t<div class=\"col-md-7\">\n\t\t\t\t\t\t\t<\/div>\n\t\t<\/div>\n\t<\/div>\n<\/section>\n<script>\njQuery(document).ready(function($) {\n\tjQuery('.product-promo-carousel').owlCarousel({\n\tloop: true,\n\tmargin: 10,\n\tresponsiveClass: true,\n\tresponsive: {\n\t\t0: {\n\t\titems: 1,\n\t\tnav: true\n\t\t},\n\t\t600: {\n\t\titems: 1,\n\t\tnav: true\n\t\t},\n\t\t1000: {\n\t\titems: 1,\n\t\tnav: true,\n\t\t}\n\t}\n\t})\n\tjQuery(\".owl-prev\").html('<span><<\/span>');\n\tjQuery(\".owl-next\").html('<span>><\/span>');\n\n\tvar slider = jQuery('.promo-slider-list');\n\tslider.owlCarousel();\n\tjQuery('.nextbtn-a').click(function() {\n\tslider.trigger('next.owl.carousel');\n\t})\n\t\/\/ Go to the previous item\n\tjQuery('.prebtn-a').click(function() {\n\tslider.trigger('prev.owl.carousel', [300]);\n\t})\n});\n<\/script>\n","protected":false},"excerpt":{"rendered":"","protected":false},"author":1,"featured_media":6378,"parent":0,"menu_order":0,"comment_status":"closed","ping_status":"closed","template":"guternberg.php","meta":{"footnotes":""},"acf":[],"yoast_head":"<!-- This site is optimized with the Yoast SEO plugin v21.3 - https:\/\/yoast.com\/wordpress\/plugins\/seo\/ -->\n<title>P\u0159echod z krmiva pro \u0161t\u011b\u0148ata na krmivo pro dosp\u011bl\u00e9 - Bozita Czech<\/title>\n<meta name=\"description\" content=\"Kdy p\u0159ej\u00edt z krmiva pro \u0161t\u011b\u0148ata na krmivo pro dosp\u011bl\u00e9? Krmivo pro \u0161t\u011bn\u011b nebo psa m\u011b\u0148te postupn\u011b, abyste nenaru\u0161ili jeho tr\u00e1vic\u00ed syst\u00e9m.\" \/>\n<meta name=\"robots\" content=\"index, follow, max-snippet:-1, max-image-preview:large, max-video-preview:-1\" \/>\n<link rel=\"canonical\" href=\"https:\/\/bozita.com\/cz\/prechod-z-krmiva-pro-stenata-na-krmivo-pro-dospele\/\" \/>\n<meta property=\"og:locale\" content=\"cs_CZ\" \/>\n<meta property=\"og:type\" content=\"article\" \/>\n<meta property=\"og:title\" content=\"P\u0159echod z krmiva pro \u0161t\u011b\u0148ata na krmivo pro dosp\u011bl\u00e9 - Bozita Czech\" \/>\n<meta property=\"og:description\" content=\"Kdy p\u0159ej\u00edt z krmiva pro \u0161t\u011b\u0148ata na krmivo pro dosp\u011bl\u00e9? Krmivo pro \u0161t\u011bn\u011b nebo psa m\u011b\u0148te postupn\u011b, abyste nenaru\u0161ili jeho tr\u00e1vic\u00ed syst\u00e9m.\" \/>\n<meta property=\"og:url\" content=\"https:\/\/bozita.com\/cz\/prechod-z-krmiva-pro-stenata-na-krmivo-pro-dospele\/\" \/>\n<meta property=\"og:site_name\" content=\"Bozita Czech\" \/>\n<meta property=\"article:modified_time\" content=\"2022-07-03T22:00:59+00:00\" \/>\n<meta property=\"og:image\" content=\"https:\/\/bozita.com\/cz\/wp-content\/uploads\/sites\/12\/2021\/08\/bozita-hund-byta-valpfoder-vuxenfoder.jpeg\" \/>\n\t<meta property=\"og:image:width\" content=\"800\" \/>\n\t<meta property=\"og:image:height\" content=\"532\" \/>\n\t<meta property=\"og:image:type\" content=\"image\/jpeg\" \/>\n<meta name=\"twitter:card\" content=\"summary_large_image\" \/>\n<!-- \/ Yoast SEO plugin. -->","yoast_head_json":{"title":"P\u0159echod z krmiva pro \u0161t\u011b\u0148ata na krmivo pro dosp\u011bl\u00e9 - Bozita Czech","description":"Kdy p\u0159ej\u00edt z krmiva pro \u0161t\u011b\u0148ata na krmivo pro dosp\u011bl\u00e9? Krmivo pro \u0161t\u011bn\u011b nebo psa m\u011b\u0148te postupn\u011b, abyste nenaru\u0161ili jeho tr\u00e1vic\u00ed syst\u00e9m.","robots":{"index":"index","follow":"follow","max-snippet":"max-snippet:-1","max-image-preview":"max-image-preview:large","max-video-preview":"max-video-preview:-1"},"canonical":"https:\/\/bozita.com\/cz\/prechod-z-krmiva-pro-stenata-na-krmivo-pro-dospele\/","og_locale":"cs_CZ","og_type":"article","og_title":"P\u0159echod z krmiva pro \u0161t\u011b\u0148ata na krmivo pro dosp\u011bl\u00e9 - Bozita Czech","og_description":"Kdy p\u0159ej\u00edt z krmiva pro \u0161t\u011b\u0148ata na krmivo pro dosp\u011bl\u00e9? Krmivo pro \u0161t\u011bn\u011b nebo psa m\u011b\u0148te postupn\u011b, abyste nenaru\u0161ili jeho tr\u00e1vic\u00ed syst\u00e9m.","og_url":"https:\/\/bozita.com\/cz\/prechod-z-krmiva-pro-stenata-na-krmivo-pro-dospele\/","og_site_name":"Bozita Czech","article_modified_time":"2022-07-03T22:00:59+00:00","og_image":[{"width":800,"height":532,"url":"https:\/\/bozita.com\/cz\/wp-content\/uploads\/sites\/12\/2021\/08\/bozita-hund-byta-valpfoder-vuxenfoder.jpeg","type":"image\/jpeg"}],"twitter_card":"summary_large_image","schema":{"@context":"https:\/\/schema.org","@graph":[{"@type":"WebPage","@id":"https:\/\/bozita.com\/cz\/prechod-z-krmiva-pro-stenata-na-krmivo-pro-dospele\/","url":"https:\/\/bozita.com\/cz\/prechod-z-krmiva-pro-stenata-na-krmivo-pro-dospele\/","name":"P\u0159echod z krmiva pro \u0161t\u011b\u0148ata na krmivo pro dosp\u011bl\u00e9 - Bozita Czech","isPartOf":{"@id":"https:\/\/bozita.com\/cz\/#website"},"datePublished":"2022-05-09T20:34:34+00:00","dateModified":"2022-07-03T22:00:59+00:00","description":"Kdy p\u0159ej\u00edt z krmiva pro \u0161t\u011b\u0148ata na krmivo pro dosp\u011bl\u00e9? Krmivo pro \u0161t\u011bn\u011b nebo psa m\u011b\u0148te postupn\u011b, abyste nenaru\u0161ili jeho tr\u00e1vic\u00ed syst\u00e9m.","breadcrumb":{"@id":"https:\/\/bozita.com\/cz\/prechod-z-krmiva-pro-stenata-na-krmivo-pro-dospele\/#breadcrumb"},"inLanguage":"cs","potentialAction":[{"@type":"ReadAction","target":["https:\/\/bozita.com\/cz\/prechod-z-krmiva-pro-stenata-na-krmivo-pro-dospele\/"]}]},{"@type":"BreadcrumbList","@id":"https:\/\/bozita.com\/cz\/prechod-z-krmiva-pro-stenata-na-krmivo-pro-dospele\/#breadcrumb","itemListElement":[{"@type":"ListItem","position":1,"name":"Home","item":"https:\/\/bozita.com\/cz\/"},{"@type":"ListItem","position":2,"name":"P\u0159echod z krmiva pro \u0161t\u011b\u0148ata na krmivo pro dosp\u011bl\u00e9"}]},{"@type":"WebSite","@id":"https:\/\/bozita.com\/cz\/#website","url":"https:\/\/bozita.com\/cz\/","name":"Bozita Czech","description":"","potentialAction":[{"@type":"SearchAction","target":{"@type":"EntryPoint","urlTemplate":"https:\/\/bozita.com\/cz\/?s={search_term_string}"},"query-input":"required name=search_term_string"}],"inLanguage":"cs"}]}},"_links":{"self":[{"href":"https:\/\/bozita.com\/cz\/wp-json\/wp\/v2\/pages\/6377"}],"collection":[{"href":"https:\/\/bozita.com\/cz\/wp-json\/wp\/v2\/pages"}],"about":[{"href":"https:\/\/bozita.com\/cz\/wp-json\/wp\/v2\/types\/page"}],"author":[{"embeddable":true,"href":"https:\/\/bozita.com\/cz\/wp-json\/wp\/v2\/users\/1"}],"replies":[{"embeddable":true,"href":"https:\/\/bozita.com\/cz\/wp-json\/wp\/v2\/comments?post=6377"}],"version-history":[{"count":15,"href":"https:\/\/bozita.com\/cz\/wp-json\/wp\/v2\/pages\/6377\/revisions"}],"predecessor-version":[{"id":7358,"href":"https:\/\/bozita.com\/cz\/wp-json\/wp\/v2\/pages\/6377\/revisions\/7358"}],"wp:featuredmedia":[{"embeddable":true,"href":"https:\/\/bozita.com\/cz\/wp-json\/wp\/v2\/media\/6378"}],"wp:attachment":[{"href":"https:\/\/bozita.com\/cz\/wp-json\/wp\/v2\/media?parent=6377"}],"curies":[{"name":"wp","href":"https:\/\/api.w.org\/{rel}","templated":true}]}}