{"id":6402,"date":"2022-05-25T10:27:47","date_gmt":"2022-05-25T10:27:47","guid":{"rendered":"https:\/\/bozita.com\/cz\/svedska-vyroba\/"},"modified":"2022-06-30T07:12:19","modified_gmt":"2022-06-30T07:12:19","slug":"svedska-vyroba","status":"publish","type":"page","link":"https:\/\/bozita.com\/cz\/svedska-vyroba\/","title":{"rendered":"\u0160v\u00e9dsk\u00e1 v\u00fdroba"},"content":{"rendered":"\t\t<section class=\"small-hero\">\n\t\t\t<div class=\"container\">\n\t\t\t\t<h5>Bozita<\/h5><h1 class=\"small-hero-title\">\u0160v\u00e9dsk\u00e1 v\u00fdroba krmiv pro psy a ko\u010dky Bozita<\/h1><p><h2><img loading=\"lazy\" decoding=\"async\" class=\"alignnone wp-image-6108\" src=\"https:\/\/bozita.com\/se\/wp-content\/uploads\/sites\/5\/2021\/08\/Check-Icon_Blue_L.svg\" alt=\"\" width=\"26\" height=\"26\" \/>\u00a0 \u00a0 Vyrobeno ve \u0160v\u00e9dsku\u00a0 \u00a0 \u00a0 \u00a0 \u00a0 \u00a0<img loading=\"lazy\" decoding=\"async\" class=\"alignnone wp-image-6108\" src=\"https:\/\/bozita.com\/se\/wp-content\/uploads\/sites\/5\/2021\/08\/Check-Icon_Blue_L.svg\" alt=\"\" width=\"26\" height=\"26\" \/>\u00a0 \u00a0 Na\u0161e vlastn\u00ed kuchyn\u011b ve V\u00e5rg\u00e5rd\u011b<\/h2>\n<h2><img loading=\"lazy\" decoding=\"async\" class=\"alignnone wp-image-6108\" src=\"https:\/\/bozita.com\/se\/wp-content\/uploads\/sites\/5\/2021\/08\/Check-Icon_Blue_L.svg\" alt=\"\" width=\"26\" height=\"26\" \/>\u00a0 \u00a0 V souladu s p\u0159\u00edrodou\u00a0 \u00a0 \u00a0 \u00a0 \u00a0 \u00a0<img loading=\"lazy\" decoding=\"async\" class=\"alignnone wp-image-6108\" src=\"https:\/\/bozita.com\/se\/wp-content\/uploads\/sites\/5\/2021\/08\/Check-Icon_Blue_L.svg\" alt=\"\" width=\"26\" height=\"26\" \/>\u00a0 \u00a0 Certifikovan\u00e1 v\u00fdroba potravin<\/h2>\n<p>&nbsp;<\/p>\n<\/p>\t\t\t<\/div>\n\t\t\t<\/div>\n\t\t<\/section>\n\t\n\n\t<div class=\"text-box-warp\">\n\t\t<div class=\"container\">\n\t\t\t<div class=\"text-content\">\n\t\t\t\t<p>N\u00e1\u0161 z\u00e1vod vyr\u00e1b\u00ed such\u00e1 i vlhk\u00e1 krmiva a nach\u00e1z\u00ed se v kr\u00e1sn\u00e9 zem\u011bd\u011blsk\u00e9 oblasti z\u00e1padn\u00edho \u0160v\u00e9dska v obci V\u00e5rg\u00e5rda. Zem\u011bd\u011blci zde &#8211; stejn\u011b jako ve zbytku \u0160v\u00e9dska &#8211; pou\u017e\u00edvaj\u00ed m\u00e9n\u011b chemik\u00e1li\u00ed ne\u017e jinde ve sv\u011bt\u011b a \u0161v\u00e9dsk\u00fd chov zv\u00ed\u0159at se ji\u017e po desetilet\u00ed vyzna\u010duje dalekos\u00e1hlou ochranou a bezpe\u010dnost\u00ed zv\u00ed\u0159at, co\u017e znamen\u00e1, \u017ee na\u0161e suroviny jsou nejvy\u0161\u0161\u00ed kvality, bez hormon\u016f, antibiotik a syntetick\u00fdch p\u0159\u00edsad.<\/p>\n<h2>CERTIFIKOVAN\u00c1 V\u00ddROBA KRMIV<\/h2>\n<p>Je pro n\u00e1s d\u016fle\u017eit\u00e9, aby v\u0161e, co zv\u00ed\u0159at\u016fm pod\u00e1v\u00e1me, bylo kvalitn\u00ed. Proto je na\u0161e v\u00fdroba krmiv pro dom\u00e1c\u00ed zv\u00ed\u0159ata ve V\u00e5rg\u00e5rd\u011b ji\u017e dlouho certifikov\u00e1na podle normy ISO 22000.<\/p>\n<p>D\u00edky tomu, \u017ee na\u0161e tov\u00e1rna ve V\u00e5rg\u00e5rd\u011b m\u00e1 potravin\u00e1\u0159sk\u00fd certifik\u00e1t, m\u016f\u017eete jako majitel\u00e9 dom\u00e1c\u00edch zv\u00ed\u0159at v\u011b\u0159it, \u017ee krmivo pro psy a ko\u010dky, kter\u00e9 kupujete, neobsahuje nic, co by bylo pro va\u0161e zv\u00ed\u0159e \u0161kodliv\u00e9, a \u017ee je p\u0159ipravov\u00e1no za dobr\u00fdch podm\u00ednek. Certifikace tak\u00e9 znamen\u00e1, \u017ee p\u0159i v\u00fdrob\u011b dodr\u017eujeme p\u0159\u00edsn\u00e9 po\u017eadavky na hygienu a \u010distotu, kter\u00e9 pravideln\u011b kontrolujeme my i extern\u00ed kontroln\u00ed org\u00e1ny.<\/p>\n<p>Byli jsme vlastn\u011b prvn\u00edm \u0161v\u00e9dsk\u00fdm v\u00fdrobcem krmiv, kter\u00fd investoval do v\u00fdroby krmiv s potravin\u00e1\u0159sk\u00fdm certifik\u00e1tem. ISO 22000 je norma pro \u0159\u00edzen\u00ed kvality v potravin\u00e1\u0159sk\u00e9m pr\u016fmyslu, kter\u00e1 se zam\u011b\u0159uje na bezpe\u010dnost potravin. Certifikace mimo jin\u00e9 znamen\u00e1, \u017ee na\u0161e suroviny jsou pln\u011b dohledateln\u00e9.<\/p>\n<p>Jsme tak\u00e9 hrd\u00ed na to, \u017ee jsme od roku 1995 dr\u017eiteli certifik\u00e1tu ISO 9001 a od roku 2002 jsme certifikov\u00e1ni v oblasti ochrany \u017eivotn\u00edho prost\u0159ed\u00ed podle normy ISO 14001.<\/p>\n\t\t\t<\/div>\n\t\t<\/div>\n\t<\/div>\n","protected":false},"excerpt":{"rendered":"","protected":false},"author":4,"featured_media":0,"parent":0,"menu_order":0,"comment_status":"closed","ping_status":"closed","template":"guternberg.php","meta":{"footnotes":""},"acf":[],"yoast_head":"<!-- This site is optimized with the Yoast SEO plugin v21.3 - https:\/\/yoast.com\/wordpress\/plugins\/seo\/ -->\n<title>\u0160v\u00e9dsk\u00e1 v\u00fdroba - Bozita Czech<\/title>\n<meta name=\"robots\" content=\"index, follow, max-snippet:-1, max-image-preview:large, max-video-preview:-1\" \/>\n<link rel=\"canonical\" href=\"https:\/\/bozita.com\/cz\/svedska-vyroba\/\" \/>\n<meta property=\"og:locale\" content=\"cs_CZ\" \/>\n<meta property=\"og:type\" content=\"article\" \/>\n<meta property=\"og:title\" content=\"\u0160v\u00e9dsk\u00e1 v\u00fdroba - Bozita Czech\" \/>\n<meta property=\"og:url\" content=\"https:\/\/bozita.com\/cz\/svedska-vyroba\/\" \/>\n<meta property=\"og:site_name\" content=\"Bozita Czech\" \/>\n<meta property=\"article:modified_time\" content=\"2022-06-30T07:12:19+00:00\" \/>\n<meta name=\"twitter:card\" content=\"summary_large_image\" \/>\n<!-- \/ Yoast SEO plugin. -->","yoast_head_json":{"title":"\u0160v\u00e9dsk\u00e1 v\u00fdroba - Bozita Czech","robots":{"index":"index","follow":"follow","max-snippet":"max-snippet:-1","max-image-preview":"max-image-preview:large","max-video-preview":"max-video-preview:-1"},"canonical":"https:\/\/bozita.com\/cz\/svedska-vyroba\/","og_locale":"cs_CZ","og_type":"article","og_title":"\u0160v\u00e9dsk\u00e1 v\u00fdroba - Bozita Czech","og_url":"https:\/\/bozita.com\/cz\/svedska-vyroba\/","og_site_name":"Bozita Czech","article_modified_time":"2022-06-30T07:12:19+00:00","twitter_card":"summary_large_image","schema":{"@context":"https:\/\/schema.org","@graph":[{"@type":"WebPage","@id":"https:\/\/bozita.com\/cz\/svedska-vyroba\/","url":"https:\/\/bozita.com\/cz\/svedska-vyroba\/","name":"\u0160v\u00e9dsk\u00e1 v\u00fdroba - Bozita Czech","isPartOf":{"@id":"https:\/\/bozita.com\/cz\/#website"},"datePublished":"2022-05-25T10:27:47+00:00","dateModified":"2022-06-30T07:12:19+00:00","breadcrumb":{"@id":"https:\/\/bozita.com\/cz\/svedska-vyroba\/#breadcrumb"},"inLanguage":"cs","potentialAction":[{"@type":"ReadAction","target":["https:\/\/bozita.com\/cz\/svedska-vyroba\/"]}]},{"@type":"BreadcrumbList","@id":"https:\/\/bozita.com\/cz\/svedska-vyroba\/#breadcrumb","itemListElement":[{"@type":"ListItem","position":1,"name":"Home","item":"https:\/\/bozita.com\/cz\/"},{"@type":"ListItem","position":2,"name":"\u0160v\u00e9dsk\u00e1 v\u00fdroba"}]},{"@type":"WebSite","@id":"https:\/\/bozita.com\/cz\/#website","url":"https:\/\/bozita.com\/cz\/","name":"Bozita Czech","description":"","potentialAction":[{"@type":"SearchAction","target":{"@type":"EntryPoint","urlTemplate":"https:\/\/bozita.com\/cz\/?s={search_term_string}"},"query-input":"required name=search_term_string"}],"inLanguage":"cs"}]}},"_links":{"self":[{"href":"https:\/\/bozita.com\/cz\/wp-json\/wp\/v2\/pages\/6402"}],"collection":[{"href":"https:\/\/bozita.com\/cz\/wp-json\/wp\/v2\/pages"}],"about":[{"href":"https:\/\/bozita.com\/cz\/wp-json\/wp\/v2\/types\/page"}],"author":[{"embeddable":true,"href":"https:\/\/bozita.com\/cz\/wp-json\/wp\/v2\/users\/4"}],"replies":[{"embeddable":true,"href":"https:\/\/bozita.com\/cz\/wp-json\/wp\/v2\/comments?post=6402"}],"version-history":[{"count":3,"href":"https:\/\/bozita.com\/cz\/wp-json\/wp\/v2\/pages\/6402\/revisions"}],"predecessor-version":[{"id":7204,"href":"https:\/\/bozita.com\/cz\/wp-json\/wp\/v2\/pages\/6402\/revisions\/7204"}],"wp:attachment":[{"href":"https:\/\/bozita.com\/cz\/wp-json\/wp\/v2\/media?parent=6402"}],"curies":[{"name":"wp","href":"https:\/\/api.w.org\/{rel}","templated":true}]}}