{"id":6405,"date":"2022-05-25T10:27:47","date_gmt":"2022-05-25T10:27:47","guid":{"rendered":"https:\/\/bozita.com\/cz\/co-kocky-jedi\/"},"modified":"2022-08-23T13:16:44","modified_gmt":"2022-08-23T13:16:44","slug":"co-kocky-jedi","status":"publish","type":"page","link":"https:\/\/bozita.com\/cz\/co-kocky-jedi\/","title":{"rendered":"Co ko\u010dky jed\u00ed?"},"content":{"rendered":"\t\t<section class=\"small-hero\">\n\t\t\t<div class=\"container\">\n\t\t\t\t<h1 class=\"small-hero-title\">Co ko\u010dky jed\u00ed?<\/h1>\t\t\t<\/div>\n\t\t\t<\/div>\n\t\t<\/section>\n\t\n\n\t<div class=\"text-box-warp\">\n\t\t<div class=\"container\">\n\t\t\t<div class=\"text-content\">\n\t\t\t\t<p><strong>Ko\u010dky jsou od p\u0159\u00edrody maso\u017eravci, tak\u017ee ke sv\u00e9mu zdrav\u00ed pot\u0159ebuj\u00ed ve strav\u011b dostatek \u017eivo\u010di\u0161n\u00fdch b\u00edlkovin a \u017eivo\u010di\u0161n\u00fdch tuk\u016f. To v\u0161ak neznamen\u00e1, \u017ee mus\u00ed j\u00edst v\u00fdhradn\u011b maso. \u0160krob je vynikaj\u00edc\u00edm zdrojem energie a dob\u0159e funguje jako dopln\u011bk k b\u00edlkovin\u00e1m, kter\u00e9 pom\u00e1haj\u00ed budovat a obnovovat tk\u00e1n\u011b.<\/strong><\/p>\n<h2>CO KO\u010cKY JEZD\u00cd &#8211; B\u00cdLKOVINY A TUKY<\/h2>\n<p>Ko\u010dky pot\u0159ebuj\u00ed ve strav\u011b hodn\u011b b\u00edlkovin a vhodn\u00fdch aminokyselin, p\u0159\u00edli\u0161 n\u00edzk\u00e9 mno\u017estv\u00ed m\u016f\u017ee b\u00fdt nebezpe\u010dn\u00e9. I jedin\u00e9 j\u00eddlo bez aminokyseliny argininu m\u016f\u017ee b\u00fdt smrteln\u00e9 a nedostatek taurinu m\u016f\u017ee v\u00e9st k v\u00e1\u017en\u00fdm komplikac\u00edm, jako jsou srde\u010dn\u00ed choroby a slepota. Proto\u017ee \u017eivo\u010di\u0161n\u00e9 produkty obsahuj\u00ed velk\u00e9 mno\u017estv\u00ed argininu i taurinu, mus\u00ed krmivo pro ko\u010dky obsahovat \u017eivo\u010di\u0161n\u00e9 b\u00edlkoviny. Zcela vegetari\u00e1nsk\u00e1 strava nen\u00ed pro ko\u010dky vhodn\u00e1.<\/p>\n<p>Ko\u010dky pot\u0159ebuj\u00ed ve strav\u011b tak\u00e9 tuk, \u010d\u00e1ste\u010dn\u011b kv\u016fli energii, ale tak\u00e9 kv\u016fli t\u0159em esenci\u00e1ln\u00edm mastn\u00fdm kyselin\u00e1m. Jedna z nich, kyselina arachidonov\u00e1, je v krmivu pro ko\u010dky obsa\u017eena v\u017edy. Omega-3 mastn\u00e9 kyseliny EPA a DHA nejsou pro ko\u010dky pova\u017eov\u00e1ny za esenci\u00e1ln\u00ed, ale maj\u00ed zdrav\u00ed prosp\u011b\u0161n\u00e9 vlastnosti, kter\u00e9 mohou prosp\u00edvat v\u00fdvoji mozku. EPA a DHA by proto m\u011bly b\u00fdt v krmivu pro ko\u0165ata v\u017edy p\u0159\u00edtomny.<\/p>\n<h2>Co ko\u010dky jed\u00ed &#8211; \u0161krob<\/h2>\n<p>To, \u017ee ko\u010dky pot\u0159ebuj\u00ed ve sv\u00e9 strav\u011b maso, neznamen\u00e1, \u017ee mus\u00ed j\u00edst v\u00fdhradn\u011b maso. Ko\u010dky maj\u00ed dobrou schopnost \u0161t\u011bpit dob\u0159e uva\u0159en\u00e9 sacharidy, nap\u0159\u00edklad \u0161krob, kter\u00fd je pro n\u011b vynikaj\u00edc\u00edm zdrojem energie. D\u00edky \u0161krobu jako dopl\u0148kov\u00e9mu zdroji energie se b\u00edlkoviny mohou soust\u0159edit na svou d\u016fle\u017eitou \u00falohu, kterou je obnova tk\u00e1n\u00ed.<\/p>\n<h2>D\u016eLE\u017dITOST DOB\u0158E VYV\u00c1\u017dEN\u00c9HO KRMIVA PRO KO\u010cKY<\/h2>\n<p>Dobr\u00e9 krmivo pro ko\u010dky by m\u011blo b\u00fdt pe\u010dliv\u011b sestaveno tak, aby udr\u017eovalo zdrav\u00ed va\u0161\u00ed ko\u010dky a podporovalo jej\u00ed dlouh\u00fd a zdrav\u00fd \u017eivot. <a href=\"https:\/\/bozita.com\/cz\/krmivo-pro-kocky\/\">Krmivo pro ko\u010dky Bozita<\/a> obsahuje vysok\u00e9 mno\u017estv\u00ed \u017eivo\u010di\u0161n\u00fdch b\u00edlkovin dopln\u011bn\u00fdch kvalitn\u00edmi \u0161kroby, jako jsou kuku\u0159ice, brambory a r\u00fd\u017ee. D\u00edky tomu je krmivo chutn\u00e9, lehce straviteln\u00e9 a prosp\u011b\u0161n\u00e9 pro va\u0161i ko\u010dku.<\/p>\n<h2>JAK\u00c9 VITAM\u00cdNY A MINER\u00c1LY POT\u0158EBUJE VA\u0160E KO\u010cKA<\/h2>\n<p>Stejn\u011b jako lid\u00e9, i ko\u010dky pot\u0159ebuj\u00ed ve sv\u00e9 strav\u011b ur\u010dit\u00e9 vitam\u00edny a miner\u00e1ln\u00ed l\u00e1tky. Jedn\u00edm z velk\u00fdch rozd\u00edl\u016f je, \u017ee ko\u010dky si dok\u00e1\u017eou samy vyrobit vitamin C, tak\u017ee ten nen\u00ed nutn\u00e9 do jejich krmiva za\u0159azovat. I kdy\u017e suroviny obsahuj\u00ed vitam\u00edny a miner\u00e1ln\u00ed l\u00e1tky, v\u0161echna krmiva od spole\u010dnosti Bozita obsahuj\u00ed dal\u0161\u00ed vitam\u00edny a miner\u00e1ln\u00ed l\u00e1tky, aby byly zaji\u0161t\u011bny v\u0161echny nutri\u010dn\u00ed pot\u0159eby va\u0161\u00ed ko\u010dky.<\/p>\n<h2>KOLIK KRMIVA BY M\u011aLA KO\u010cKA SN\u00cdST?<\/h2>\n<p>Mno\u017estv\u00ed krmiva, kter\u00e9 ko\u010dka pot\u0159ebuje, z\u00e1vis\u00ed na mnoha faktorech, nap\u0159\u00edklad na velikosti, plemeni a f\u00e1zi \u017eivota. Kastrovan\u00e1 nebo dom\u00e1c\u00ed ko\u010dka m\u00e1 ni\u017e\u0161\u00ed energetick\u00e9 pot\u0159eby ve srovn\u00e1n\u00ed s nekastrovanou nebo aktivn\u00ed venkovn\u00ed ko\u010dkou. Mno\u017estv\u00ed krmiva, kter\u00e9 pot\u0159ebuj\u00ed, z\u00e1vis\u00ed tak\u00e9 na energetick\u00e9m obsahu j\u00eddla. Such\u00e9 krmivo nab\u00edz\u00ed v\u00edce energie na jedno sousto, tak\u017ee je mo\u017en\u00e9 pod\u00e1vat men\u0161\u00ed mno\u017estv\u00ed ne\u017e mokr\u00e9 krmivo, kde jsou \u0161t\u011bd\u0159ej\u0161\u00ed porce pro zdrav\u00ed ko\u010dky naprosto v po\u0159\u00e1dku.<\/p>\n<h2>JAK \u010cASTO BY M\u011aLA KO\u010cKA J\u00cdST?<\/h2>\n<p>Pro ko\u010dky je nejp\u0159irozen\u011bj\u0161\u00ed j\u00edst m\u00e1lo a \u010dasto, ale pro mnoho majitel\u016f je \u010dasto nemo\u017en\u00e9 jim vyhov\u011bt. V takov\u00e9m p\u0159\u00edpad\u011b by ko\u010dky m\u011bly b\u00fdt krmeny alespo\u0148 dvakr\u00e1t denn\u011b v pravideln\u00fdch intervalech. Pokud p\u0159esto chcete ko\u010dku krmit m\u00e1lo a \u010dasto, jsou k dispozici za\u0159\u00edzen\u00ed, kter\u00e1 uvol\u0148uj\u00ed mal\u00e9 porce v p\u0159edem nastaven\u00fdch \u010dasech b\u011bhem dne.<\/p>\n<h2>CO J\u00cd KO\u010cKY &#8211; DOPORU\u010cEN\u00cd ZNA\u010cKY BOZITA<\/h2>\n<ul>\n<li>Krmte kompletn\u00edm krmivem ur\u010den\u00fdm pro ko\u010dky. Vyhn\u011bte se vegetari\u00e1nsk\u00e9mu krmivu.<\/li>\n<li>Ko\u010dk\u00e1m ned\u00e1vejte krmivo, kter\u00e9 nen\u00ed ur\u010deno pro ko\u010dky.<\/li>\n<li>Je nezbytn\u00e9, aby ko\u010dky jedly krmivo, kter\u00e9 obsahuje spr\u00e1vn\u00e9 slo\u017eky, formulovan\u00e9 v\u00fdhradn\u011b pro ko\u010dky.<\/li>\n<li>Udr\u017eujte misky a prostor pro krmen\u00ed v \u010distot\u011b a \u010derstvosti a odstra\u0148ujte zbytky mokr\u00e9ho krmiva<\/li>\n<li>Zajist\u011bte, aby va\u0161e ko\u010dka m\u011bla v\u017edy p\u0159\u00edstup k \u010derstv\u00e9 a \u010dist\u00e9 vod\u011b. Krom\u011b <a href=\"https:\/\/bozita.com\/cz\/vlhke-krmivo\/\">mokr\u00e9ho krmiva<\/a> j\u00ed poskytn\u011bte i <a href=\"https:\/\/bozita.com\/cz\/bozita-suche-krmivo-pro-kocky\/\">such\u00e9 krmivo<\/a>.<\/li>\n<li>Dbejte na to, aby si va\u0161e ko\u010dka udr\u017eovala zdravou v\u00e1hu, abyste p\u0159ede\u0161li nemocem souvisej\u00edc\u00edm s hmotnost\u00ed. Pod\u00edvejte se na pokyny t\u00fdkaj\u00edc\u00ed se t\u011blesn\u00e9ho tuku\u00a0Bozity<\/li>\n<li>Pamatujte, \u017ee kastrovan\u00e1 ko\u010dka snadn\u011bji p\u0159ib\u00edr\u00e1 na v\u00e1ze. Vyb\u00edrejte krmivo speci\u00e1ln\u011b vytvo\u0159en\u00e9 pro kastrovan\u00e9 ko\u010dky.<\/li>\n<li>Ned\u00e1vejte ko\u010dk\u00e1m ml\u00e9ko nebo smetanu, kter\u00e9 nejsou ur\u010deny pro ko\u010dky. Dosp\u011bl\u00e9 ko\u010dky nesn\u00e1\u0161ej\u00ed lakt\u00f3zu.<\/li>\n<\/ul>\n<p>&nbsp;<\/p>\n<p>&nbsp;<\/p>\n<h4>P\u0159e\u010dt\u011bte si v\u00edce:<\/h4>\n<ul>\n<li><a href=\"https:\/\/bozita.com\/cz\/jak-zmenit-krmivo-pro-kocku\/?lang=cs\">Jak zm\u011bnit stravu va\u0161\u00ed ko\u010dky<\/a><\/li>\n<li><a href=\"https:\/\/bozita.com\/cz\/co-mam-delat-kdyz-moje-kocka-neji-nebo-nepije\/\">Co d\u011blat, kdy\u017e v\u00e1m ko\u010dka p\u0159estane j\u00edst nebo p\u00edt<\/a><\/li>\n<li><a href=\"https:\/\/bozita.com\/cz\/krmivo-pro-kocky\/\">Krmivo pro ko\u010dky Bozita: vlhk\u00e9 a such\u00e9 krmivo<\/a><\/li>\n<\/ul>\n\t\t\t<\/div>\n\t\t<\/div>\n\t<\/div>\n\n\n\n\t<section class=\"block related-articles\">\n\t\t<div class=\"container\">\n\t\t\t<h2>Souvisej\u00edc\u00ed \u010dl\u00e1nky<\/h2>\n\t\t\t<div class=\"row justify-content-center\">\n\t\t\t\t\t\t\t\t\t\t<div class=\"col-sm-6 col-md-6 col-lg-3\">\n\t\t\t\t\t\t\t\t\t\t\t\t\t\t<div class=\"card \">\n\t\t\t\t\t\t\t\t\t\t\t\t\t\t\t\t\t<img decoding=\"async\"  src=\"https:\/\/bozita.com\/cz\/wp-content\/uploads\/sites\/12\/2021\/08\/bozita-katt-ater-inte-dricker-inte-krasen-dalig-aptit.jpg\" alt=\"\">\n\t\t\t\t\t\t\t\t\t\t\t\t\t\t\t\t\t<!-- <img decoding=\"async\" src=\"\n\t\t\t\t\t\t\t\t\t\t\t\t\t\t\t\t\t\t\t\t\" alt=\"\n\t\t\t\t\t\t\t\t\t\t\t\t\t\t\t\t\t\t\t\t\t\t\t\t\t\t\t\"> -->\n\t\t\t\t\t\t\t\t<div class=\"card-body\">\n\t\t\t\t\t\t\t\t\t\t\t\t\t\t\t\t\t\t\t<h6>Co m\u00e1m d\u011blat, kdy\u017e moje ko\u010dka nej\u00ed nebo nepije?<\/h6>\n\t\t\t\t\t\t\t\t\t\t\t\t\t\t\t\t\t\t\t<a href=\"https:\/\/bozita.com\/cz\/co-mam-delat-kdyz-moje-kocka-neji-nebo-nepije\/\">P\u0159e\u010dt\u011bte si v\u00edce &nbsp; ><\/a>\n\t\t\t\t\t\t\t\t<\/div>\n\t\t\t\t\t\t\t<\/div>\n\t\t\t\t\t\t<\/div>\n\n\t\t\t\t\t\t\t\t\t\t\t\t<\/div>\n\t\t<\/div>\n\t<\/section>\n","protected":false},"excerpt":{"rendered":"","protected":false},"author":1,"featured_media":6406,"parent":0,"menu_order":0,"comment_status":"closed","ping_status":"closed","template":"guternberg.php","meta":{"footnotes":""},"acf":[],"yoast_head":"<!-- This site is optimized with the Yoast SEO plugin v21.3 - https:\/\/yoast.com\/wordpress\/plugins\/seo\/ -->\n<title>Co ko\u010dky jed\u00ed? - Bozita Czech<\/title>\n<meta name=\"description\" content=\"Co ko\u010dky jed\u00ed a co jim chutn\u00e1 nejl\u00e9pe? Pro dlouh\u00fd a zdrav\u00fd \u017eivot je d\u016fle\u017eit\u00e1 spr\u00e1vn\u00e1 rovnov\u00e1ha. P\u0159e\u010dt\u011bte si rady Bo\u017eity, co, kolik a jak \u010dasto by m\u011bla ko\u010dka j\u00edst.\" \/>\n<meta name=\"robots\" content=\"index, follow, max-snippet:-1, max-image-preview:large, max-video-preview:-1\" \/>\n<link rel=\"canonical\" href=\"https:\/\/bozita.com\/cz\/co-kocky-jedi\/\" \/>\n<meta property=\"og:locale\" content=\"cs_CZ\" \/>\n<meta property=\"og:type\" content=\"article\" \/>\n<meta property=\"og:title\" content=\"Co ko\u010dky jed\u00ed? - Bozita Czech\" \/>\n<meta property=\"og:description\" content=\"Co ko\u010dky jed\u00ed a co jim chutn\u00e1 nejl\u00e9pe? Pro dlouh\u00fd a zdrav\u00fd \u017eivot je d\u016fle\u017eit\u00e1 spr\u00e1vn\u00e1 rovnov\u00e1ha. P\u0159e\u010dt\u011bte si rady Bo\u017eity, co, kolik a jak \u010dasto by m\u011bla ko\u010dka j\u00edst.\" \/>\n<meta property=\"og:url\" content=\"https:\/\/bozita.com\/cz\/co-kocky-jedi\/\" \/>\n<meta property=\"og:site_name\" content=\"Bozita Czech\" \/>\n<meta property=\"article:modified_time\" content=\"2022-08-23T13:16:44+00:00\" \/>\n<meta property=\"og:image\" content=\"https:\/\/bozita.com\/cz\/wp-content\/uploads\/sites\/12\/2021\/08\/bozita-katter-ar-kottatare.jpg\" \/>\n\t<meta property=\"og:image:width\" content=\"800\" \/>\n\t<meta property=\"og:image:height\" content=\"533\" \/>\n\t<meta property=\"og:image:type\" content=\"image\/jpeg\" \/>\n<meta name=\"twitter:card\" content=\"summary_large_image\" \/>\n<!-- \/ Yoast SEO plugin. -->","yoast_head_json":{"title":"Co ko\u010dky jed\u00ed? - Bozita Czech","description":"Co ko\u010dky jed\u00ed a co jim chutn\u00e1 nejl\u00e9pe? Pro dlouh\u00fd a zdrav\u00fd \u017eivot je d\u016fle\u017eit\u00e1 spr\u00e1vn\u00e1 rovnov\u00e1ha. P\u0159e\u010dt\u011bte si rady Bo\u017eity, co, kolik a jak \u010dasto by m\u011bla ko\u010dka j\u00edst.","robots":{"index":"index","follow":"follow","max-snippet":"max-snippet:-1","max-image-preview":"max-image-preview:large","max-video-preview":"max-video-preview:-1"},"canonical":"https:\/\/bozita.com\/cz\/co-kocky-jedi\/","og_locale":"cs_CZ","og_type":"article","og_title":"Co ko\u010dky jed\u00ed? - Bozita Czech","og_description":"Co ko\u010dky jed\u00ed a co jim chutn\u00e1 nejl\u00e9pe? Pro dlouh\u00fd a zdrav\u00fd \u017eivot je d\u016fle\u017eit\u00e1 spr\u00e1vn\u00e1 rovnov\u00e1ha. P\u0159e\u010dt\u011bte si rady Bo\u017eity, co, kolik a jak \u010dasto by m\u011bla ko\u010dka j\u00edst.","og_url":"https:\/\/bozita.com\/cz\/co-kocky-jedi\/","og_site_name":"Bozita Czech","article_modified_time":"2022-08-23T13:16:44+00:00","og_image":[{"width":800,"height":533,"url":"https:\/\/bozita.com\/cz\/wp-content\/uploads\/sites\/12\/2021\/08\/bozita-katter-ar-kottatare.jpg","type":"image\/jpeg"}],"twitter_card":"summary_large_image","schema":{"@context":"https:\/\/schema.org","@graph":[{"@type":"WebPage","@id":"https:\/\/bozita.com\/cz\/co-kocky-jedi\/","url":"https:\/\/bozita.com\/cz\/co-kocky-jedi\/","name":"Co ko\u010dky jed\u00ed? - Bozita Czech","isPartOf":{"@id":"https:\/\/bozita.com\/cz\/#website"},"datePublished":"2022-05-25T10:27:47+00:00","dateModified":"2022-08-23T13:16:44+00:00","description":"Co ko\u010dky jed\u00ed a co jim chutn\u00e1 nejl\u00e9pe? Pro dlouh\u00fd a zdrav\u00fd \u017eivot je d\u016fle\u017eit\u00e1 spr\u00e1vn\u00e1 rovnov\u00e1ha. P\u0159e\u010dt\u011bte si rady Bo\u017eity, co, kolik a jak \u010dasto by m\u011bla ko\u010dka j\u00edst.","breadcrumb":{"@id":"https:\/\/bozita.com\/cz\/co-kocky-jedi\/#breadcrumb"},"inLanguage":"cs","potentialAction":[{"@type":"ReadAction","target":["https:\/\/bozita.com\/cz\/co-kocky-jedi\/"]}]},{"@type":"BreadcrumbList","@id":"https:\/\/bozita.com\/cz\/co-kocky-jedi\/#breadcrumb","itemListElement":[{"@type":"ListItem","position":1,"name":"Home","item":"https:\/\/bozita.com\/cz\/"},{"@type":"ListItem","position":2,"name":"Co ko\u010dky jed\u00ed?"}]},{"@type":"WebSite","@id":"https:\/\/bozita.com\/cz\/#website","url":"https:\/\/bozita.com\/cz\/","name":"Bozita Czech","description":"","potentialAction":[{"@type":"SearchAction","target":{"@type":"EntryPoint","urlTemplate":"https:\/\/bozita.com\/cz\/?s={search_term_string}"},"query-input":"required name=search_term_string"}],"inLanguage":"cs"}]}},"_links":{"self":[{"href":"https:\/\/bozita.com\/cz\/wp-json\/wp\/v2\/pages\/6405"}],"collection":[{"href":"https:\/\/bozita.com\/cz\/wp-json\/wp\/v2\/pages"}],"about":[{"href":"https:\/\/bozita.com\/cz\/wp-json\/wp\/v2\/types\/page"}],"author":[{"embeddable":true,"href":"https:\/\/bozita.com\/cz\/wp-json\/wp\/v2\/users\/1"}],"replies":[{"embeddable":true,"href":"https:\/\/bozita.com\/cz\/wp-json\/wp\/v2\/comments?post=6405"}],"version-history":[{"count":21,"href":"https:\/\/bozita.com\/cz\/wp-json\/wp\/v2\/pages\/6405\/revisions"}],"predecessor-version":[{"id":7563,"href":"https:\/\/bozita.com\/cz\/wp-json\/wp\/v2\/pages\/6405\/revisions\/7563"}],"wp:featuredmedia":[{"embeddable":true,"href":"https:\/\/bozita.com\/cz\/wp-json\/wp\/v2\/media\/6406"}],"wp:attachment":[{"href":"https:\/\/bozita.com\/cz\/wp-json\/wp\/v2\/media?parent=6405"}],"curies":[{"name":"wp","href":"https:\/\/api.w.org\/{rel}","templated":true}]}}