{"id":6410,"date":"2022-05-25T10:27:47","date_gmt":"2022-05-25T10:27:47","guid":{"rendered":"https:\/\/bozita.com\/cz\/prirodni-ingredience\/"},"modified":"2022-06-30T07:08:46","modified_gmt":"2022-06-30T07:08:46","slug":"prirodni-ingredience","status":"publish","type":"page","link":"https:\/\/bozita.com\/cz\/prirodni-ingredience\/","title":{"rendered":"P\u0159\u00edrodn\u00ed ingredience"},"content":{"rendered":"\t\t<section class=\"small-hero\">\n\t\t\t<div class=\"container\">\n\t\t\t\t<h5>Bozita<\/h5><h1 class=\"small-hero-title\">Krmivo pro psy a ko\u010dky Bozita &#8211; p\u0159\u00edrodn\u00ed ingredience<\/h1><p><h2><img loading=\"lazy\" decoding=\"async\" class=\"alignnone wp-image-6108\" src=\"https:\/\/bozita.com\/se\/wp-content\/uploads\/sites\/5\/2021\/08\/Check-Icon_Blue_L.svg\" alt=\"\" width=\"26\" height=\"26\" \/>\u00a0 \u0160v\u00e9dsk\u00e9 p\u0159\u00edrodn\u00ed ingredience\u00a0 \u00a0 \u00a0 \u00a0 \u00a0<img loading=\"lazy\" decoding=\"async\" class=\"alignnone wp-image-6108\" src=\"https:\/\/bozita.com\/se\/wp-content\/uploads\/sites\/5\/2021\/08\/Check-Icon_Blue_L.svg\" alt=\"\" width=\"26\" height=\"26\" \/>\u00a0 \u00a0\u017d\u00e1dn\u00e9 zbyte\u010dn\u00e9 p\u0159\u00edsady<\/h2>\n<h2><img loading=\"lazy\" decoding=\"async\" class=\"alignnone wp-image-6108\" src=\"https:\/\/bozita.com\/se\/wp-content\/uploads\/sites\/5\/2021\/08\/Check-Icon_Blue_L.svg\" alt=\"\" width=\"26\" height=\"26\" \/>\u00a0 \u00a0Vysok\u00e1 kvalita potravin\u00a0 \u00a0 \u00a0 \u00a0 \u00a0<img loading=\"lazy\" decoding=\"async\" class=\"alignnone wp-image-6108\" src=\"https:\/\/bozita.com\/se\/wp-content\/uploads\/sites\/5\/2021\/08\/Check-Icon_Blue_L.svg\" alt=\"\" width=\"26\" height=\"26\" \/>\u00a0 \u00a0Bez GMO a BSE<\/h2>\n<\/p>\t\t\t<\/div>\n\t\t\t<\/div>\n\t\t<\/section>\n\t\n\n\t<div class=\"text-box-warp\">\n\t\t<div class=\"container\">\n\t\t\t<div class=\"text-content\">\n\t\t\t\t<p>Suroviny pou\u017e\u00edvan\u00e9 v krmivech pro psy a ko\u010dky spole\u010dnosti Bozita poch\u00e1zej\u00ed pokud mo\u017eno od \u0161v\u00e9dsk\u00fdch v\u00fdrobc\u016f. D\u00edky na\u0161\u00ed \u00fact\u011b ke zv\u00ed\u0159at\u016fm a p\u0159\u00edrod\u011b kolem n\u00e1s d\u00e1v\u00e1me p\u0159ednost surovin\u00e1m ze seversk\u00e9 divo\u010diny a vybran\u00fdch \u0161v\u00e9dsk\u00fdch farem, kter\u00e9 sd\u00edlej\u00ed na\u0161i filozofii. Psi a ko\u010dky jsou na\u0161imi spole\u010dn\u00edky po cel\u00fd \u017eivot a jejich pohoda vych\u00e1z\u00ed z p\u0159irozen\u011b zdrav\u00e9 stravy a aktivn\u00edho \u017eivotn\u00edho stylu, ale jde o v\u00edc ne\u017e jen o j\u00eddlo v misce. Jde tak\u00e9 o to, jak to d\u011bl\u00e1me.<\/p>\n<p>Suroviny vyb\u00edr\u00e1me s velkou pe\u010dlivost\u00ed. Mnoh\u00e9 suroviny jsou do na\u0161\u00ed kuchyn\u011b dod\u00e1v\u00e1ny p\u0159\u00edmo od \u0161v\u00e9dsk\u00fdch zem\u011bd\u011blc\u016f a jsou vyr\u00e1b\u011bny podle \u0161v\u00e9dsk\u00fdch z\u00e1kon\u016f o chovu zv\u00ed\u0159at. To m\u00e1 mnoho v\u00fdhod.<\/p>\n<ul>\n<li><strong>P\u0159\u00edsn\u00fd z\u00e1kon o ochran\u011b zv\u00ed\u0159at<\/strong> &#8211; \u0160v\u00e9dsk\u00fd z\u00e1kon o ochran\u011b zv\u00ed\u0159at je jedn\u00edm z nejp\u0159\u00edsn\u011bj\u0161\u00edch z\u00e1kon\u016f o ochran\u011b zv\u00ed\u0159at na sv\u011bt\u011b.<\/li>\n<li><strong>\u017d\u00e1dn\u00e9 r\u016fstov\u00e9 hormony<\/strong> &#8211; pou\u017e\u00edv\u00e1n\u00ed r\u016fstov\u00fdch hormon\u016f p\u0159i chovu zv\u00ed\u0159at je ve \u0160v\u00e9dsku zak\u00e1z\u00e1no.<\/li>\n<li><strong>Nejni\u017e\u0161\u00ed pou\u017e\u00edv\u00e1n\u00ed antibiotik v EU<\/strong> &#8211; Pou\u017e\u00edv\u00e1n\u00ed antibiotik v chovu zv\u00ed\u0159at je ve \u0160v\u00e9dsku od roku 1986 p\u0159\u00edsn\u011b regulov\u00e1no.<\/li>\n<li><strong>Zem\u011b bez v\u00fdskytuBSE<\/strong> &#8211; \u0160v\u00e9dsko je jednou z prvn\u00edch zem\u00ed na sv\u011bt\u011b, kterou Sv\u011btov\u00e1 organizace pro zdrav\u00ed zv\u00ed\u0159at ozna\u010dila za zemi bez v\u00fdskytu BSE (&#8222;nemoci \u0161\u00edlen\u00fdch krav&#8220;).<\/li>\n<li><strong>V\u017edy bez GMO<\/strong> &#8211; V na\u0161ich v\u00fdrobc\u00edch nepou\u017e\u00edv\u00e1me geneticky modifikovan\u00e9 suroviny.<\/li>\n<\/ul>\n<p>Suroviny, kter\u00e9 dnes pou\u017e\u00edv\u00e1me, si tak\u00e9 nekonkuruj\u00ed se surovinami pro \u010dlov\u011bka. M\u00edsto toho se star\u00e1me o v\u00fdrobky, kter\u00e9 spot\u0159ebitel\u00e9 vy\u0159azuj\u00ed, ale kter\u00e9 jsou vysoce kvalitn\u00ed. Z toho p\u0159ipravujeme chutn\u00e9 a kvalitn\u00ed krmivo p\u0159izp\u016fsoben\u00e9 dne\u0161n\u00edm ps\u016fm a ko\u010dk\u00e1m. Ve spole\u010dnosti Bozita si nemysl\u00edme, \u017ee trend d\u00e1vat na\u0161im dom\u00e1c\u00edm mazl\u00ed\u010dk\u016fm st\u00e1le v\u00edce surovin, kter\u00e9 by mohly b\u00fdt ur\u010deny lidem, je z hlediska klimatu udr\u017eiteln\u00fd.<\/p>\n\t\t\t<\/div>\n\t\t<\/div>\n\t<\/div>\n\n\n\t<div class=\"text-box-warp\">\n\t\t<div class=\"container\">\n\t\t\t<div class=\"text-content\">\n\t\t\t\t\t\t\t<\/div>\n\t\t<\/div>\n\t<\/div>\n","protected":false},"excerpt":{"rendered":"","protected":false},"author":4,"featured_media":0,"parent":0,"menu_order":0,"comment_status":"closed","ping_status":"closed","template":"guternberg.php","meta":{"footnotes":""},"acf":[],"yoast_head":"<!-- This site is optimized with the Yoast SEO plugin v21.3 - https:\/\/yoast.com\/wordpress\/plugins\/seo\/ -->\n<title>P\u0159\u00edrodn\u00ed ingredience - Bozita Czech<\/title>\n<meta name=\"robots\" content=\"index, follow, max-snippet:-1, max-image-preview:large, max-video-preview:-1\" \/>\n<link rel=\"canonical\" href=\"https:\/\/bozita.com\/cz\/prirodni-ingredience\/\" \/>\n<meta property=\"og:locale\" content=\"cs_CZ\" \/>\n<meta property=\"og:type\" content=\"article\" \/>\n<meta property=\"og:title\" content=\"P\u0159\u00edrodn\u00ed ingredience - Bozita Czech\" \/>\n<meta property=\"og:url\" content=\"https:\/\/bozita.com\/cz\/prirodni-ingredience\/\" \/>\n<meta property=\"og:site_name\" content=\"Bozita Czech\" \/>\n<meta property=\"article:modified_time\" content=\"2022-06-30T07:08:46+00:00\" \/>\n<meta name=\"twitter:card\" content=\"summary_large_image\" \/>\n<!-- \/ Yoast SEO plugin. -->","yoast_head_json":{"title":"P\u0159\u00edrodn\u00ed ingredience - Bozita Czech","robots":{"index":"index","follow":"follow","max-snippet":"max-snippet:-1","max-image-preview":"max-image-preview:large","max-video-preview":"max-video-preview:-1"},"canonical":"https:\/\/bozita.com\/cz\/prirodni-ingredience\/","og_locale":"cs_CZ","og_type":"article","og_title":"P\u0159\u00edrodn\u00ed ingredience - Bozita Czech","og_url":"https:\/\/bozita.com\/cz\/prirodni-ingredience\/","og_site_name":"Bozita Czech","article_modified_time":"2022-06-30T07:08:46+00:00","twitter_card":"summary_large_image","schema":{"@context":"https:\/\/schema.org","@graph":[{"@type":"WebPage","@id":"https:\/\/bozita.com\/cz\/prirodni-ingredience\/","url":"https:\/\/bozita.com\/cz\/prirodni-ingredience\/","name":"P\u0159\u00edrodn\u00ed ingredience - Bozita Czech","isPartOf":{"@id":"https:\/\/bozita.com\/cz\/#website"},"datePublished":"2022-05-25T10:27:47+00:00","dateModified":"2022-06-30T07:08:46+00:00","breadcrumb":{"@id":"https:\/\/bozita.com\/cz\/prirodni-ingredience\/#breadcrumb"},"inLanguage":"cs","potentialAction":[{"@type":"ReadAction","target":["https:\/\/bozita.com\/cz\/prirodni-ingredience\/"]}]},{"@type":"BreadcrumbList","@id":"https:\/\/bozita.com\/cz\/prirodni-ingredience\/#breadcrumb","itemListElement":[{"@type":"ListItem","position":1,"name":"Home","item":"https:\/\/bozita.com\/cz\/"},{"@type":"ListItem","position":2,"name":"P\u0159\u00edrodn\u00ed ingredience"}]},{"@type":"WebSite","@id":"https:\/\/bozita.com\/cz\/#website","url":"https:\/\/bozita.com\/cz\/","name":"Bozita Czech","description":"","potentialAction":[{"@type":"SearchAction","target":{"@type":"EntryPoint","urlTemplate":"https:\/\/bozita.com\/cz\/?s={search_term_string}"},"query-input":"required name=search_term_string"}],"inLanguage":"cs"}]}},"_links":{"self":[{"href":"https:\/\/bozita.com\/cz\/wp-json\/wp\/v2\/pages\/6410"}],"collection":[{"href":"https:\/\/bozita.com\/cz\/wp-json\/wp\/v2\/pages"}],"about":[{"href":"https:\/\/bozita.com\/cz\/wp-json\/wp\/v2\/types\/page"}],"author":[{"embeddable":true,"href":"https:\/\/bozita.com\/cz\/wp-json\/wp\/v2\/users\/4"}],"replies":[{"embeddable":true,"href":"https:\/\/bozita.com\/cz\/wp-json\/wp\/v2\/comments?post=6410"}],"version-history":[{"count":7,"href":"https:\/\/bozita.com\/cz\/wp-json\/wp\/v2\/pages\/6410\/revisions"}],"predecessor-version":[{"id":7200,"href":"https:\/\/bozita.com\/cz\/wp-json\/wp\/v2\/pages\/6410\/revisions\/7200"}],"wp:attachment":[{"href":"https:\/\/bozita.com\/cz\/wp-json\/wp\/v2\/media?parent=6410"}],"curies":[{"name":"wp","href":"https:\/\/api.w.org\/{rel}","templated":true}]}}