{"id":6414,"date":"2022-05-25T10:27:48","date_gmt":"2022-05-25T10:27:48","guid":{"rendered":"https:\/\/bozita.com\/cz\/vyvoj-produktu\/"},"modified":"2024-02-27T14:14:57","modified_gmt":"2024-02-27T14:14:57","slug":"vyvoj-produktu","status":"publish","type":"page","link":"https:\/\/bozita.com\/cz\/vyvoj-produktu\/","title":{"rendered":"V\u00fdvoj produktu"},"content":{"rendered":"\t\t<section class=\"small-hero\">\n\t\t\t<div class=\"container\">\n\t\t\t\t<h5>Bozita<\/h5><h1 class=\"small-hero-title\">V\u00fdvoj produkt\u016f spole\u010dn\u011b s odborn\u00edky<\/h1><p><h2><img loading=\"lazy\" decoding=\"async\" class=\"alignnone wp-image-6108\" src=\"https:\/\/bozita.com\/se\/wp-content\/uploads\/sites\/5\/2021\/08\/Check-Icon_Blue_L.svg\" alt=\"\" width=\"26\" height=\"26\" \/>\u00a0 \u00a0Vlastn\u00ed odborn\u00edci na v\u00fd\u017eivu\u00a0 \u00a0 \u00a0 \u00a0 \u00a0 \u00a0<img loading=\"lazy\" decoding=\"async\" class=\"alignnone wp-image-6108\" src=\"https:\/\/bozita.com\/se\/wp-content\/uploads\/sites\/5\/2021\/08\/Check-Icon_Blue_L.svg\" alt=\"\" width=\"26\" height=\"26\" \/>\u00a0 \u00a0Spolupr\u00e1ce s ambasadory<\/h2>\n<h2><img loading=\"lazy\" decoding=\"async\" class=\"alignnone wp-image-6108\" src=\"https:\/\/bozita.com\/se\/wp-content\/uploads\/sites\/5\/2021\/08\/Check-Icon_Blue_L.svg\" alt=\"\" width=\"26\" height=\"26\" \/>\u00a0 \u00a0Testovac\u00ed panel v Tassalyckanu\u00a0 \u00a0 \u00a0 \u00a0 \u00a0 \u00a0<img loading=\"lazy\" decoding=\"async\" class=\"alignnone wp-image-6108\" src=\"https:\/\/bozita.com\/se\/wp-content\/uploads\/sites\/5\/2021\/08\/Check-Icon_Blue_L.svg\" alt=\"\" width=\"26\" height=\"26\" \/>\u00a0 \u00a0Z\u00e1ruka chuti na v\u0161echny na\u0161e v\u00fdrobky<\/h2>\n<\/p>\t\t\t<\/div>\n\t\t\t<\/div>\n\t\t<\/section>\n\t\n\n\t<div class=\"text-box-warp\">\n\t\t<div class=\"container\">\n\t\t\t<div class=\"text-content\">\n\t\t\t\t<p>Investujeme do v\u00fdvoje na\u0161ich produkt\u016f pro psy a ko\u010dky. D\u011bl\u00e1me to proto, abychom se mohli i nad\u00e1le pod\u00edlet na v\u00fdvoji v tomto odv\u011btv\u00ed a b\u00fdt v jeho \u010dele. V\u00fdvoj produkt\u016f znamen\u00e1 mimo jin\u00e9 dal\u0161\u00ed v\u00fdvoj st\u00e1vaj\u00edc\u00edch, ale p\u0159edev\u0161\u00edm v\u00fdvoj nov\u00fdch produkt\u016f.<\/p>\n<h2>NA\u0160I VLASTN\u00cd ODBORN\u00cdCI NA V\u00dd\u017dIVU<\/h2>\n<p>Ve spole\u010dnosti Bozita m\u00e1me vlastn\u00ed odborn\u00edky v r\u016fzn\u00fdch oblastech. Cecilia Hjelm a \u00c5sa L\u00f6fstrand jsou na\u0161e v\u00fdvoj\u00e1\u0159ky produkt\u016f pro krmiva pro psy a ko\u010dky. Ob\u011b s hlubok\u00fdmi znalostmi v oblasti v\u00fd\u017eivy dom\u00e1c\u00edch zv\u00ed\u0159at<\/p>\n<h2>ROZVOJ SPOLE\u010cN\u011a S NA\u0160IMI VELVYSLANCI<\/h2>\n<p>\u00dasp\u011bch nep\u0159ich\u00e1z\u00ed n\u00e1hodou! Abychom mohli na\u0161e produkty neust\u00e1le vyv\u00edjet, \u00fazce spolupracujeme s na\u0161imi velvyslanci &#8211; v\u0161ichni jsou oddan\u00fdmi a zku\u0161en\u00fdmi majiteli ps\u016f a ko\u010dek, kte\u0159\u00ed maj\u00ed za sebou mnoho velk\u00fdch \u00fasp\u011bch\u016f. Seznamte se s nimi a nechte je, aby v\u00e1m pomohli naj\u00edt spr\u00e1vn\u00e9 krmivo a aktivity pro pot\u0159eby va\u0161eho psa.<br \/>\nSEZNAMTE SE<\/p>\n<p>&nbsp;<\/p>\n\t\t\t<\/div>\n\t\t<\/div>\n\t<\/div>\n","protected":false},"excerpt":{"rendered":"","protected":false},"author":4,"featured_media":0,"parent":0,"menu_order":0,"comment_status":"closed","ping_status":"closed","template":"guternberg.php","meta":{"footnotes":""},"acf":[],"yoast_head":"<!-- This site is optimized with the Yoast SEO plugin v21.3 - https:\/\/yoast.com\/wordpress\/plugins\/seo\/ -->\n<title>V\u00fdvoj produktu - Bozita Czech<\/title>\n<meta name=\"robots\" content=\"index, follow, max-snippet:-1, max-image-preview:large, max-video-preview:-1\" \/>\n<link rel=\"canonical\" href=\"https:\/\/bozita.com\/cz\/vyvoj-produktu\/\" \/>\n<meta property=\"og:locale\" content=\"cs_CZ\" \/>\n<meta property=\"og:type\" content=\"article\" \/>\n<meta property=\"og:title\" content=\"V\u00fdvoj produktu - Bozita Czech\" \/>\n<meta property=\"og:url\" content=\"https:\/\/bozita.com\/cz\/vyvoj-produktu\/\" \/>\n<meta property=\"og:site_name\" content=\"Bozita Czech\" \/>\n<meta property=\"article:modified_time\" content=\"2024-02-27T14:14:57+00:00\" \/>\n<meta name=\"twitter:card\" content=\"summary_large_image\" \/>\n<!-- \/ Yoast SEO plugin. -->","yoast_head_json":{"title":"V\u00fdvoj produktu - Bozita Czech","robots":{"index":"index","follow":"follow","max-snippet":"max-snippet:-1","max-image-preview":"max-image-preview:large","max-video-preview":"max-video-preview:-1"},"canonical":"https:\/\/bozita.com\/cz\/vyvoj-produktu\/","og_locale":"cs_CZ","og_type":"article","og_title":"V\u00fdvoj produktu - Bozita Czech","og_url":"https:\/\/bozita.com\/cz\/vyvoj-produktu\/","og_site_name":"Bozita Czech","article_modified_time":"2024-02-27T14:14:57+00:00","twitter_card":"summary_large_image","schema":{"@context":"https:\/\/schema.org","@graph":[{"@type":"WebPage","@id":"https:\/\/bozita.com\/cz\/vyvoj-produktu\/","url":"https:\/\/bozita.com\/cz\/vyvoj-produktu\/","name":"V\u00fdvoj produktu - Bozita Czech","isPartOf":{"@id":"https:\/\/bozita.com\/cz\/#website"},"datePublished":"2022-05-25T10:27:48+00:00","dateModified":"2024-02-27T14:14:57+00:00","breadcrumb":{"@id":"https:\/\/bozita.com\/cz\/vyvoj-produktu\/#breadcrumb"},"inLanguage":"cs","potentialAction":[{"@type":"ReadAction","target":["https:\/\/bozita.com\/cz\/vyvoj-produktu\/"]}]},{"@type":"BreadcrumbList","@id":"https:\/\/bozita.com\/cz\/vyvoj-produktu\/#breadcrumb","itemListElement":[{"@type":"ListItem","position":1,"name":"Home","item":"https:\/\/bozita.com\/cz\/"},{"@type":"ListItem","position":2,"name":"V\u00fdvoj produktu"}]},{"@type":"WebSite","@id":"https:\/\/bozita.com\/cz\/#website","url":"https:\/\/bozita.com\/cz\/","name":"Bozita Czech","description":"","potentialAction":[{"@type":"SearchAction","target":{"@type":"EntryPoint","urlTemplate":"https:\/\/bozita.com\/cz\/?s={search_term_string}"},"query-input":"required name=search_term_string"}],"inLanguage":"cs"}]}},"_links":{"self":[{"href":"https:\/\/bozita.com\/cz\/wp-json\/wp\/v2\/pages\/6414"}],"collection":[{"href":"https:\/\/bozita.com\/cz\/wp-json\/wp\/v2\/pages"}],"about":[{"href":"https:\/\/bozita.com\/cz\/wp-json\/wp\/v2\/types\/page"}],"author":[{"embeddable":true,"href":"https:\/\/bozita.com\/cz\/wp-json\/wp\/v2\/users\/4"}],"replies":[{"embeddable":true,"href":"https:\/\/bozita.com\/cz\/wp-json\/wp\/v2\/comments?post=6414"}],"version-history":[{"count":13,"href":"https:\/\/bozita.com\/cz\/wp-json\/wp\/v2\/pages\/6414\/revisions"}],"predecessor-version":[{"id":7964,"href":"https:\/\/bozita.com\/cz\/wp-json\/wp\/v2\/pages\/6414\/revisions\/7964"}],"wp:attachment":[{"href":"https:\/\/bozita.com\/cz\/wp-json\/wp\/v2\/media?parent=6414"}],"curies":[{"name":"wp","href":"https:\/\/api.w.org\/{rel}","templated":true}]}}