{"id":6416,"date":"2022-05-25T10:27:49","date_gmt":"2022-05-25T10:27:49","guid":{"rendered":"https:\/\/bozita.com\/cz\/proc-si-vybrat-bozitu\/"},"modified":"2024-02-27T14:26:22","modified_gmt":"2024-02-27T14:26:22","slug":"proc-si-vybrat-bozitu","status":"publish","type":"page","link":"https:\/\/bozita.com\/cz\/proc-si-vybrat-bozitu\/","title":{"rendered":"Pro\u010d si vybrat Bozitu"},"content":{"rendered":"\n<section class=\"block video\">\n\t<img decoding=\"async\" id=\"videoImg\" src=\"https:\/\/bozita.com\/cz\/wp-content\/uploads\/sites\/12\/2021\/08\/Anette-Andersson_100320_5628_HIRES@2x-_optimised.png\" alt=\"\">\t\n\t<div class=\"overlay\">\n\t\t<div class=\"container\">\n\t\t\t<div class=\"row\">\n\t\t\t\t<div class=\"col-md-7 col-lg-6\">\n\t\t\t\t\t<h4>\u0160V\u00c9DSK\u00c1 P\u0158\u00cdRODN\u00cd KVALITA<\/h4>\n\t\t\t\t\t<h1>Pro\u010d si vybrat Bozitu?<\/h1>\n\t\t\t\t\t\t\t\t\t\t<!-- <a class=\"btn btn-default\" href=\"#\"><i class=\"fas fa-play\"><\/i> WATCH THE VIDEO<\/a> -->\n\t\t\t\t\t<button type=\"button\" class=\"btn btn-default video-btn\" data-toggle=\"modal\" data-src=\"https:\/\/www.youtube.com\/embed\/O4jvVbFY51w\"  data-target=\"#myModal\">\n\t\t\t\t\t\t<i class=\"fas fa-play\"><\/i> Pod\u00edvejte se na video\t\t\t\t\t<\/button>\n\n\t\t\t\t\t<div class=\"modal fade\" id=\"myModal\" tabindex=\"-1\" role=\"dialog\" aria-labelledby=\"exampleModalLabel\" aria-hidden=\"true\">\n\t\t\t\t\t\t<div class=\"modal-dialog modal-dialog-centered\" role=\"document\">\n\t\t\t\t\t\t\t<div class=\"modal-content\">\n\t\t\t\t\t\t\t\t<div class=\"modal-body\">\n\t\t\t\t\t\t\t\t\t<button type=\"button\" class=\"close\" data-dismiss=\"modal\" aria-label=\"Close\">\n\t\t\t\t\t\t\t\t\t\t<span aria-hidden=\"true\">Close X<\/span>\n\t\t\t\t\t\t\t\t\t<\/button>\n\t\t\t\t\t\t\t\t\t<!-- 16:9 aspect ratio -->\n\t\t\t\t\t\t\t\t\t<div class=\"embed-responsive embed-responsive-16by9\">\n\t\t\t\t\t\t\t\t\t\t<iframe class=\"embed-responsive-item\" src=\"\" id=\"video\" allowscriptaccess=\"always\" allow=\"autoplay\"><\/iframe>\n\t\t\t\t\t\t\t\t\t<\/div>\n\t\t\t\t\t\t\t\t<\/div>\n\t\t\t\t\t\t\t<\/div>\n\t\t\t\t\t\t<\/div>\n\t\t\t\t\t<\/div>\n\t\t\t\t<\/div>\n\t\t\t<\/div>\n\n\t\t<\/div>\n\t<\/div>\n<\/section>\n<script>\n\tvar videoImg    = 1;   \n\tvar videoSource = 'https:\/\/www.youtube.com\/embed\/O4jvVbFY51w'; \n<\/script>\n\n\n\t<div class=\"text-box-warp\">\n\t\t<div class=\"container\">\n\t\t\t<div class=\"text-content\">\n\t\t\t\t<h2>NA\u0160E \u0160V\u00c9DSK\u00c9 D\u011aDICTV\u00cd<\/h2>\n<p>\u0160v\u00e9dsko je bohat\u00e9 na divokou p\u0159\u00edrodu s jedine\u010dnou faunou a mimo\u0159\u00e1dn\u011b \u010dist\u00fdm vzduchem a vodou. A chceme, aby to tak z\u016fstalo. D\u00edky na\u0161\u00ed \u00fact\u011b\u00a0ke zv\u00ed\u0159at\u016fm a p\u0159\u00edrod\u011b kolem n\u00e1s si rad\u011bji vyb\u00edr\u00e1me suroviny ze seversk\u00e9 divo\u010diny a vybran\u00fdch \u0161v\u00e9dsk\u00fdch farem, kter\u00e9 sd\u00edlej\u00ed na\u0161i filozofii. Psi a ko\u010dky jsou na\u0161imi \u017eivotn\u00edmi spole\u010dn\u00edky a jejich pohoda vych\u00e1z\u00ed z p\u0159irozen\u011b zdrav\u00e9 stravy a aktivn\u00edho \u017eivotn\u00edho stylu. A\u010dkoli jde o v\u00edc ne\u017e jen o j\u00eddlo v misce. Jde tak\u00e9 o to, jak ho vyr\u00e1b\u00edme.<\/p>\n<h2>OBNOVITELN\u00c1 ENERGIE,P\u0158\u00cdRODN\u00cd SLO\u017dKY, OBALY \u0160ETRN\u00c9 KE KLIMATU<\/h2>\n<p>S ohledem na udr\u017eitelnost, \u017eivotn\u00ed prost\u0159ed\u00ed a na\u0161i spole\u010dnou budoucnost jsme na\u0161i kuchyni ve V\u00e5rg\u00e5rd\u011b p\u0159estav\u011bli tak, aby byla provozov\u00e1na na 100 % obnoviteln\u00e9 energie. Krom\u011b toho je od roku 2007 dr\u017eitelem potravin\u00e1\u0159sk\u00e9ho certifik\u00e1tu podle normy ISO 2200. P\u0159\u00edsady pou\u017e\u00edvan\u00e9 ve v\u00fdrobc\u00edch spole\u010dnosti Bozita poch\u00e1zej\u00ed pokud mo\u017eno od \u0161v\u00e9dsk\u00fdch v\u00fdrobc\u016f. M\u016f\u017eete si tak b\u00fdt jisti, \u017ee produkty jsou vyv\u00edjeny v souladu s jedn\u00edm z nejp\u0159\u00edsn\u011bj\u0161\u00edch z\u00e1kon\u016f o dobr\u00fdch \u017eivotn\u00edch podm\u00ednk\u00e1ch zv\u00ed\u0159at na sv\u011bt\u011b, kter\u00fd mimo jin\u00e9 zakazuje pou\u017e\u00edv\u00e1n\u00ed r\u016fstov\u00fdch hormon\u016f a p\u0159\u00edsn\u011b reguluje pou\u017e\u00edv\u00e1n\u00ed antibiotik. Krmivo je baleno do klimaticky \u0161etrn\u00fdch obal\u016f, kter\u00e9 maj\u00ed co nejmen\u0161\u00ed dopad na \u017eivotn\u00ed prost\u0159ed\u00ed.<\/p>\n<ul>\n<li><a title=\"Climate smart packaging\" href=\"https:\/\/bozita.com\/cz\/tetra-recart-klimaticky-chytry-obal-na-vlhke-krmivo\/\" data-udi=\"umb:\/\/document\/4a233b8b868245eaac63d1c20c186d05\"><u>Tetra Recart<sup> \u00ae<\/sup>, klimaticky \u0161etrn\u00fd obal na vlhk\u00e9 krmivo<\/u><\/a><\/li>\n<\/ul>\n<h2>NAVR\u017dEN\u00a0SPOLE\u010cN\u011a S NA\u0160IMI ODBORN\u00cdKY<\/h2>\n<p>\u00dasp\u011bch nep\u0159ich\u00e1z\u00ed n\u00e1hodou! Abychom mohli na\u0161e produkty neust\u00e1le vyv\u00edjet, \u00fazce spolupracujeme s na\u0161imi velvyslanci &#8211; v\u0161emi oddan\u00fdmi a zku\u0161en\u00fdmi majiteli ps\u016f a ko\u010dek, kte\u0159\u00ed maj\u00ed za sebou mnoho\u00a0v\u00edt\u011bzstv\u00ed v sout\u011b\u017e\u00edch.\u00a0Seznamte se s nimi a nechte je, aby v\u00e1m pomohli naj\u00edt to spr\u00e1vn\u00e9 krmivo\u00a0a aktivity pro pot\u0159eby va\u0161eho psa.<\/p>\n<ul>\n<li><a title=\"Bozita's ambassadors\" href=\"https:\/\/bozita.com\/cz\/ambasadori\/\" data-id=\"6403\"><u>Seznamte se s velvyslanci Bozity<\/u><\/a><\/li>\n<\/ul>\n\t\t\t<\/div>\n\t\t<\/div>\n\t<\/div>\n\n\n\t<section class=\"block section-promos\">\n\t\t<div class=\"container\">\n\t\t\t<div class=\"row\">\n\t\t\t\t\t\t\t\t\t\t<div class=\"col-md-6\">\n\t\t\t\t\t\t\t<div class=\"card\">\n\t\t\t\t\t\t\t\t\t\t\t\t\t\t\t\t\t<img decoding=\"async\" class=\"card-img-top\" src=\"https:\/\/bozita.com\/cz\/wp-content\/uploads\/sites\/12\/2021\/06\/bozita-about-us.jpeg\" alt=\"\">\n\t\t\t\t\t\t\t\t\t\t\t\t\t\t\t\t<div class=\"card-body\">\n\t\t\t\t\t\t\t\t\t<h5 class=\"card-title\">O Bozit\u011b<\/h5>\n\t\t\t\t\t\t\t\t\t<p class=\"card-text\">Krmivo pro psy a ko\u010dky p\u0159ipravujeme ji\u017e v\u00edce ne\u017e 100 let! V\u0161echna na\u0161e krmiva se vyr\u00e1b\u011bj\u00ed ve V\u00e5rg\u00e5rd\u011b z nejkvalitn\u011bj\u0161\u00edch surovin.<\/p>\n\t\t\t\t\t\t\t\t\t\t\t\t\t\t\t\t\t\t\t<a target=\"\" href=\"https:\/\/bozita.com\/cz\/o-spolecnosti-bozita\/\" class=\"btn btn-white\">O Bozit\u011b<\/a>\n\t\t\t\t\t\t\t\t\t\t\t\t\t\t\t\t\t\t<\/div>\n\t\t\t\t\t\t\t<\/div>\n\t\t\t\t\t\t<\/div>\n\t\t\t\t\t\t\t\t\t\t\t\t<div class=\"col-md-6\">\n\t\t\t\t\t\t\t<div class=\"card\">\n\t\t\t\t\t\t\t\t\t\t\t\t\t\t\t\t\t<img decoding=\"async\" class=\"card-img-top\" src=\"https:\/\/bozita.com\/cz\/wp-content\/uploads\/sites\/12\/2021\/06\/bozita-hallbarhet.jpeg\" alt=\"\">\n\t\t\t\t\t\t\t\t\t\t\t\t\t\t\t\t<div class=\"card-body\">\n\t\t\t\t\t\t\t\t\t<h5 class=\"card-title\">Udr\u017eitelnost<\/h5>\n\t\t\t\t\t\t\t\t\t<p class=\"card-text\">Na\u0161\u00edm c\u00edlem je vyr\u00e1b\u011bt to nejlep\u0161\u00ed krmivo pro psy a ko\u010dky se zam\u011b\u0159en\u00edm na udr\u017eitelnost, \u017eivotn\u00ed prost\u0159ed\u00ed a na\u0161i spole\u010dnou budoucnost. <\/p>\n\t\t\t\t\t\t\t\t\t\t\t\t\t\t\t\t\t\t\t<a target=\"\" href=\"https:\/\/bozita.com\/cz\/udrzitelne-pro-zvirata-a-prirodu\/\" class=\"btn btn-white\">Udr\u017eitelnost<\/a>\n\t\t\t\t\t\t\t\t\t\t\t\t\t\t\t\t\t\t<\/div>\n\t\t\t\t\t\t\t<\/div>\n\t\t\t\t\t\t<\/div>\n\t\t\t\t\t\t\t\t\t\t\t\t<div class=\"col-md-6\">\n\t\t\t\t\t\t\t<div class=\"card\">\n\t\t\t\t\t\t\t\t\t\t\t\t\t\t\t\t\t<img decoding=\"async\" class=\"card-img-top\" src=\"https:\/\/bozita.com\/cz\/wp-content\/uploads\/sites\/12\/2021\/06\/bozita-miljovanlig-forpackning-tetra-recart.jpeg\" alt=\"\">\n\t\t\t\t\t\t\t\t\t\t\t\t\t\t\t\t<div class=\"card-body\">\n\t\t\t\t\t\t\t\t\t<h5 class=\"card-title\">Balen\u00ed<\/h5>\n\t\t\t\t\t\t\t\t\t<p class=\"card-text\">Mnoho na\u0161ich vlhk\u00fdch krmiv se dod\u00e1v\u00e1 v obalech Tetra Recart, kter\u00e9 jsou \u0161etrn\u00e9 ke klimatu a kter\u00e9 lze recyklovat spolu s pap\u00edrem a lepenkou.<\/p>\n\t\t\t\t\t\t\t\t\t\t\t\t\t\t\t\t\t\t\t<a target=\"\" href=\"https:\/\/bozita.com\/cz\/tetra-recart-klimaticky-chytry-obal-na-vlhke-krmivo\/\" class=\"btn btn-white\">Tetra Recart\u00ae &#8211; klimaticky \u0161etrn\u00fd obal na vlhk\u00e9 krmivo<\/a>\n\t\t\t\t\t\t\t\t\t\t\t\t\t\t\t\t\t\t<\/div>\n\t\t\t\t\t\t\t<\/div>\n\t\t\t\t\t\t<\/div>\n\t\t\t\t\t\t\t\t\t\t\t\t<div class=\"col-md-6\">\n\t\t\t\t\t\t\t<div class=\"card\">\n\t\t\t\t\t\t\t\t\t\t\t\t\t\t\t\t\t<img decoding=\"async\" class=\"card-img-top\" src=\"https:\/\/bozita.com\/cz\/wp-content\/uploads\/sites\/12\/2021\/06\/bozita-tassalyckan-katthem-provsmakare-produktutveckling.jpeg\" alt=\"\">\n\t\t\t\t\t\t\t\t\t\t\t\t\t\t\t\t<div class=\"card-body\">\n\t\t\t\t\t\t\t\t\t<h5 class=\"card-title\">N\u00e1\u0161 testovac\u00ed panel<\/h5>\n\t\t\t\t\t\t\t\t\t<p class=\"card-text\">V chovatelsk\u00e9 stanici Tassalyckan Cattery pracuj\u00ed t\u0159i teritori\u00e1ln\u00ed ko\u010dky, kter\u00e9 n\u00e1m pom\u00e1haj\u00ed testovat chut\u011b a vyv\u00edjet na\u0161e such\u00e9 a vlhk\u00e9 krmivo pro ko\u010dky.<\/p>\n\t\t\t\t\t\t\t\t\t\t\t\t\t\t\t\t\t\t\t<a target=\"\" href=\"https:\/\/bozita.com\/cz\/kocici-domov-tassalycka\/\" class=\"btn btn-white\">Domov pro ko\u010dky Tassalyckan<\/a>\n\t\t\t\t\t\t\t\t\t\t\t\t\t\t\t\t\t\t<\/div>\n\t\t\t\t\t\t\t<\/div>\n\t\t\t\t\t\t<\/div>\n\t\t\t\t\t\t\t\t\t<\/div>\n\t\t<\/div>\n\t<\/section>\n","protected":false},"excerpt":{"rendered":"","protected":false},"author":4,"featured_media":6425,"parent":0,"menu_order":0,"comment_status":"closed","ping_status":"closed","template":"guternberg.php","meta":{"footnotes":""},"acf":[],"yoast_head":"<!-- This site is optimized with the Yoast SEO plugin v21.3 - https:\/\/yoast.com\/wordpress\/plugins\/seo\/ -->\n<title>Pro\u010d si vybrat Bozitu - Bozita Czech<\/title>\n<meta name=\"description\" content=\"Psy a ko\u010dky vn\u00edm\u00e1me jako spole\u010dn\u00edky na cel\u00fd \u017eivot a v\u00edme, \u017ee jejich pohoda vych\u00e1z\u00ed z p\u0159irozen\u011b zdrav\u00e9 stravy a aktivn\u00edho \u017eivotn\u00edho stylu.\" \/>\n<meta name=\"robots\" content=\"index, follow, max-snippet:-1, max-image-preview:large, max-video-preview:-1\" \/>\n<link rel=\"canonical\" href=\"https:\/\/bozita.com\/cz\/proc-si-vybrat-bozitu\/\" \/>\n<meta property=\"og:locale\" content=\"cs_CZ\" \/>\n<meta property=\"og:type\" content=\"article\" \/>\n<meta property=\"og:title\" content=\"Pro\u010d si vybrat Bozitu - Bozita Czech\" \/>\n<meta property=\"og:description\" content=\"Psy a ko\u010dky vn\u00edm\u00e1me jako spole\u010dn\u00edky na cel\u00fd \u017eivot a v\u00edme, \u017ee jejich pohoda vych\u00e1z\u00ed z p\u0159irozen\u011b zdrav\u00e9 stravy a aktivn\u00edho \u017eivotn\u00edho stylu.\" \/>\n<meta property=\"og:url\" content=\"https:\/\/bozita.com\/cz\/proc-si-vybrat-bozitu\/\" \/>\n<meta property=\"og:site_name\" content=\"Bozita Czech\" \/>\n<meta property=\"article:modified_time\" content=\"2024-02-27T14:26:22+00:00\" \/>\n<meta property=\"og:image\" content=\"https:\/\/bozita.com\/cz\/wp-content\/uploads\/sites\/12\/2021\/05\/Bozita-Home-Hero-Image-Dog-v2@2x-scaled.jpg\" \/>\n\t<meta property=\"og:image:width\" content=\"2560\" \/>\n\t<meta property=\"og:image:height\" content=\"1333\" \/>\n\t<meta property=\"og:image:type\" content=\"image\/jpeg\" \/>\n<meta name=\"twitter:card\" content=\"summary_large_image\" \/>\n<!-- \/ Yoast SEO plugin. -->","yoast_head_json":{"title":"Pro\u010d si vybrat Bozitu - Bozita Czech","description":"Psy a ko\u010dky vn\u00edm\u00e1me jako spole\u010dn\u00edky na cel\u00fd \u017eivot a v\u00edme, \u017ee jejich pohoda vych\u00e1z\u00ed z p\u0159irozen\u011b zdrav\u00e9 stravy a aktivn\u00edho \u017eivotn\u00edho stylu.","robots":{"index":"index","follow":"follow","max-snippet":"max-snippet:-1","max-image-preview":"max-image-preview:large","max-video-preview":"max-video-preview:-1"},"canonical":"https:\/\/bozita.com\/cz\/proc-si-vybrat-bozitu\/","og_locale":"cs_CZ","og_type":"article","og_title":"Pro\u010d si vybrat Bozitu - Bozita Czech","og_description":"Psy a ko\u010dky vn\u00edm\u00e1me jako spole\u010dn\u00edky na cel\u00fd \u017eivot a v\u00edme, \u017ee jejich pohoda vych\u00e1z\u00ed z p\u0159irozen\u011b zdrav\u00e9 stravy a aktivn\u00edho \u017eivotn\u00edho stylu.","og_url":"https:\/\/bozita.com\/cz\/proc-si-vybrat-bozitu\/","og_site_name":"Bozita Czech","article_modified_time":"2024-02-27T14:26:22+00:00","og_image":[{"width":2560,"height":1333,"url":"https:\/\/bozita.com\/cz\/wp-content\/uploads\/sites\/12\/2021\/05\/Bozita-Home-Hero-Image-Dog-v2@2x-scaled.jpg","type":"image\/jpeg"}],"twitter_card":"summary_large_image","schema":{"@context":"https:\/\/schema.org","@graph":[{"@type":"WebPage","@id":"https:\/\/bozita.com\/cz\/proc-si-vybrat-bozitu\/","url":"https:\/\/bozita.com\/cz\/proc-si-vybrat-bozitu\/","name":"Pro\u010d si vybrat Bozitu - Bozita Czech","isPartOf":{"@id":"https:\/\/bozita.com\/cz\/#website"},"datePublished":"2022-05-25T10:27:49+00:00","dateModified":"2024-02-27T14:26:22+00:00","description":"Psy a ko\u010dky vn\u00edm\u00e1me jako spole\u010dn\u00edky na cel\u00fd \u017eivot a v\u00edme, \u017ee jejich pohoda vych\u00e1z\u00ed z p\u0159irozen\u011b zdrav\u00e9 stravy a aktivn\u00edho \u017eivotn\u00edho stylu.","breadcrumb":{"@id":"https:\/\/bozita.com\/cz\/proc-si-vybrat-bozitu\/#breadcrumb"},"inLanguage":"cs","potentialAction":[{"@type":"ReadAction","target":["https:\/\/bozita.com\/cz\/proc-si-vybrat-bozitu\/"]}]},{"@type":"BreadcrumbList","@id":"https:\/\/bozita.com\/cz\/proc-si-vybrat-bozitu\/#breadcrumb","itemListElement":[{"@type":"ListItem","position":1,"name":"Home","item":"https:\/\/bozita.com\/cz\/"},{"@type":"ListItem","position":2,"name":"Pro\u010d si vybrat Bozitu"}]},{"@type":"WebSite","@id":"https:\/\/bozita.com\/cz\/#website","url":"https:\/\/bozita.com\/cz\/","name":"Bozita Czech","description":"","potentialAction":[{"@type":"SearchAction","target":{"@type":"EntryPoint","urlTemplate":"https:\/\/bozita.com\/cz\/?s={search_term_string}"},"query-input":"required name=search_term_string"}],"inLanguage":"cs"}]}},"_links":{"self":[{"href":"https:\/\/bozita.com\/cz\/wp-json\/wp\/v2\/pages\/6416"}],"collection":[{"href":"https:\/\/bozita.com\/cz\/wp-json\/wp\/v2\/pages"}],"about":[{"href":"https:\/\/bozita.com\/cz\/wp-json\/wp\/v2\/types\/page"}],"author":[{"embeddable":true,"href":"https:\/\/bozita.com\/cz\/wp-json\/wp\/v2\/users\/4"}],"replies":[{"embeddable":true,"href":"https:\/\/bozita.com\/cz\/wp-json\/wp\/v2\/comments?post=6416"}],"version-history":[{"count":29,"href":"https:\/\/bozita.com\/cz\/wp-json\/wp\/v2\/pages\/6416\/revisions"}],"predecessor-version":[{"id":7966,"href":"https:\/\/bozita.com\/cz\/wp-json\/wp\/v2\/pages\/6416\/revisions\/7966"}],"wp:featuredmedia":[{"embeddable":true,"href":"https:\/\/bozita.com\/cz\/wp-json\/wp\/v2\/media\/6425"}],"wp:attachment":[{"href":"https:\/\/bozita.com\/cz\/wp-json\/wp\/v2\/media?parent=6416"}],"curies":[{"name":"wp","href":"https:\/\/api.w.org\/{rel}","templated":true}]}}