{"id":6444,"date":"2022-05-25T10:27:50","date_gmt":"2022-05-25T10:27:50","guid":{"rendered":"https:\/\/bozita.com\/cz\/vzdy-se-na-nas-muzete-obratit\/"},"modified":"2025-01-17T07:27:34","modified_gmt":"2025-01-17T07:27:34","slug":"vzdy-se-na-nas-muzete-obratit","status":"publish","type":"page","link":"https:\/\/bozita.com\/cz\/vzdy-se-na-nas-muzete-obratit\/","title":{"rendered":"V\u017edy se na n\u00e1s m\u016f\u017eete obr\u00e1tit"},"content":{"rendered":"\t\t<section class=\"small-hero\">\n\t\t\t<div class=\"container\">\n\t\t\t\t<h1 class=\"small-hero-title\">V\u017edy se na n\u00e1s m\u016f\u017eete obr\u00e1tit<\/h1>\t\t\t<\/div>\n\t\t\t<\/div>\n\t\t<\/section>\n\t\n\n\t<div class=\"text-box-warp\">\n\t\t<div class=\"container\">\n\t\t\t<div class=\"text-content\">\n\t\t\t\t<div class=\"article__introduction\">\n<p>Bozita\/Partner in Pet Food Nordics AB<br \/>\nDoggyv\u00e4gen 1<br \/>\n447 84 V\u00e5rg\u00e5rda<\/p>\n<p>Tel:\u00a0<a href=\"tel:+46771646400\">0771-64 64 00<\/a><br \/>\nE-mail:\u00a0<a href=\"mailto:info@bozita.se\">info@bozita.se<\/a><\/p>\n<\/div>\n\t\t\t<\/div>\n\t\t<\/div>\n\t<\/div>\n\n\n\t<section class=\"block section-promos\">\n\t\t<div class=\"container\">\n\t\t\t<div class=\"row\">\n\t\t\t\t\t\t\t\t\t\t<div class=\"col-md-6\">\n\t\t\t\t\t\t\t<div class=\"card\">\n\t\t\t\t\t\t\t\t\t\t\t\t\t\t\t\t\t<img decoding=\"async\" class=\"card-img-top\" src=\"https:\/\/bozita.com\/cz\/wp-content\/uploads\/sites\/12\/2021\/06\/bozita-about-us.jpeg\" alt=\"\">\n\t\t\t\t\t\t\t\t\t\t\t\t\t\t\t\t<div class=\"card-body\">\n\t\t\t\t\t\t\t\t\t<h5 class=\"card-title\">O BOZIT\u011a<\/h5>\n\t\t\t\t\t\t\t\t\t<p class=\"card-text\">Krmivo pro psy a ko\u010dky p\u0159ipravujeme ji\u017e v\u00edce ne\u017e 100 let! V\u0161echna na\u0161e krmiva se vyr\u00e1b\u011bj\u00ed ve V\u00e5rg\u00e5rd\u011b z nejkvalitn\u011bj\u0161\u00edch surovin.<\/p>\n\t\t\t\t\t\t\t\t\t\t\t\t\t\t\t\t\t\t\t<a target=\"\" href=\"https:\/\/bozita.com\/cz\/o-spolecnosti-bozita\/\" class=\"btn btn-white\">O Bozit\u011b<\/a>\n\t\t\t\t\t\t\t\t\t\t\t\t\t\t\t\t\t\t<\/div>\n\t\t\t\t\t\t\t<\/div>\n\t\t\t\t\t\t<\/div>\n\t\t\t\t\t\t\t\t\t\t\t\t<div class=\"col-md-6\">\n\t\t\t\t\t\t\t<div class=\"card\">\n\t\t\t\t\t\t\t\t\t\t\t\t\t\t\t\t\t<img decoding=\"async\" class=\"card-img-top\" src=\"https:\/\/bozita.com\/cz\/wp-content\/uploads\/sites\/12\/2021\/06\/bozita-hallbarhet.jpeg\" alt=\"\">\n\t\t\t\t\t\t\t\t\t\t\t\t\t\t\t\t<div class=\"card-body\">\n\t\t\t\t\t\t\t\t\t<h5 class=\"card-title\">Udr\u017eitelnost<\/h5>\n\t\t\t\t\t\t\t\t\t<p class=\"card-text\">Na\u0161\u00edm c\u00edlem je vyr\u00e1b\u011bt to nejlep\u0161\u00ed krmivo pro psy a ko\u010dky se zam\u011b\u0159en\u00edm na udr\u017eitelnost, \u017eivotn\u00ed prost\u0159ed\u00ed a na\u0161i spole\u010dnou budoucnost.<\/p>\n\t\t\t\t\t\t\t\t\t\t\t\t\t\t\t\t\t\t\t<a target=\"\" href=\"https:\/\/bozita.com\/cz\/udrzitelne-pro-zvirata-a-prirodu\/\" class=\"btn btn-white\">Udr\u017eiteln\u00e9 &#8211; pro zv\u00ed\u0159ata a p\u0159\u00edrodu<\/a>\n\t\t\t\t\t\t\t\t\t\t\t\t\t\t\t\t\t\t<\/div>\n\t\t\t\t\t\t\t<\/div>\n\t\t\t\t\t\t<\/div>\n\t\t\t\t\t\t\t\t\t\t\t\t<div class=\"col-md-6\">\n\t\t\t\t\t\t\t<div class=\"card\">\n\t\t\t\t\t\t\t\t\t\t\t\t\t\t\t\t\t<img decoding=\"async\" class=\"card-img-top\" src=\"https:\/\/bozita.com\/cz\/wp-content\/uploads\/sites\/12\/2021\/06\/bozita-smakgaranti-hundmat-kattmat.jpeg\" alt=\"\">\n\t\t\t\t\t\t\t\t\t\t\t\t\t\t\t\t<div class=\"card-body\">\n\t\t\t\t\t\t\t\t\t<h5 class=\"card-title\">Z\u00c1RUKA CHUTI<\/h5>\n\t\t\t\t\t\t\t\t\t<p class=\"card-text\">S na\u0161\u00ed z\u00e1rukou chuti dostanete sv\u00e9 pen\u00edze zp\u011bt, pokud va\u0161emu psovi nebo ko\u010dce nebude na\u0161e krmivo chutnat.<\/p>\n\t\t\t\t\t\t\t\t\t\t\t\t\t\t\t\t\t\t\t<a target=\"\" href=\"https:\/\/bozita.com\/cz\/zaruka-chuti\/\" class=\"btn btn-white\">Z\u00e1ruka chuti<\/a>\n\t\t\t\t\t\t\t\t\t\t\t\t\t\t\t\t\t\t<\/div>\n\t\t\t\t\t\t\t<\/div>\n\t\t\t\t\t\t<\/div>\n\t\t\t\t\t\t\t\t\t\t\t\t<div class=\"col-md-6\">\n\t\t\t\t\t\t\t<div class=\"card\">\n\t\t\t\t\t\t\t\t\t\t\t\t\t\t\t\t\t<img decoding=\"async\" class=\"card-img-top\" src=\"https:\/\/bozita.com\/cz\/wp-content\/uploads\/sites\/12\/2021\/06\/bozita-miljovanlig-forpackning-tetra-recart.jpeg\" alt=\"\">\n\t\t\t\t\t\t\t\t\t\t\t\t\t\t\t\t<div class=\"card-body\">\n\t\t\t\t\t\t\t\t\t<h5 class=\"card-title\">BALEN\u00cd<\/h5>\n\t\t\t\t\t\t\t\t\t<p class=\"card-text\">Mnoho na\u0161ich vlhk\u00fdch krmiv se dod\u00e1v\u00e1 v obalech Tetra Recart, kter\u00e9 jsou \u0161etrn\u00e9 ke klimatu a kter\u00e9 lze recyklovat spolu s pap\u00edrem a lepenkou.<\/p>\n\t\t\t\t\t\t\t\t\t\t\t\t\t\t\t\t\t\t\t<a target=\"\" href=\"https:\/\/bozita.com\/cz\/tetra-recart-klimaticky-chytry-obal-na-vlhke-krmivo\/\" class=\"btn btn-white\">Tetra Recart\u00ae &#8211; klimaticky \u0161etrn\u00fd obal na vlhk\u00e9 krmivo<\/a>\n\t\t\t\t\t\t\t\t\t\t\t\t\t\t\t\t\t\t<\/div>\n\t\t\t\t\t\t\t<\/div>\n\t\t\t\t\t\t<\/div>\n\t\t\t\t\t\t\t\t\t\t\t\t<div class=\"col-md-6\">\n\t\t\t\t\t\t\t<div class=\"card\">\n\t\t\t\t\t\t\t\t\t\t\t\t\t\t\t\t\t<img decoding=\"async\" class=\"card-img-top\" src=\"https:\/\/bozita.com\/cz\/wp-content\/uploads\/sites\/12\/2021\/06\/bozita-sweden-host-2018-dog-sledding-world-championships.jpg\" alt=\"\">\n\t\t\t\t\t\t\t\t\t\t\t\t\t\t\t\t<div class=\"card-body\">\n\t\t\t\t\t\t\t\t\t<h5 class=\"card-title\">VELVYSLANCI<\/h5>\n\t\t\t\t\t\t\t\t\t<p class=\"card-text\">Proto si na\u0161i velvyslanci vyb\u00edraj\u00ed spole\u010dnost Bozita<\/p>\n\t\t\t\t\t\t\t\t\t\t\t\t\t\t\t\t\t\t\t<a target=\"\" href=\"https:\/\/bozita.com\/cz\/ambasadori\/\" class=\"btn btn-white\">Velvyslanci<\/a>\n\t\t\t\t\t\t\t\t\t\t\t\t\t\t\t\t\t\t<\/div>\n\t\t\t\t\t\t\t<\/div>\n\t\t\t\t\t\t<\/div>\n\t\t\t\t\t\t\t\t\t\t\t\t<div class=\"col-md-6\">\n\t\t\t\t\t\t\t<div class=\"card\">\n\t\t\t\t\t\t\t\t\t\t\t\t\t\t\t\t\t<img decoding=\"async\" class=\"card-img-top\" src=\"https:\/\/bozita.com\/cz\/wp-content\/uploads\/sites\/12\/2021\/06\/bozita-tassalyckan-katthem-provsmakare-produktutveckling.jpeg\" alt=\"\">\n\t\t\t\t\t\t\t\t\t\t\t\t\t\t\t\t<div class=\"card-body\">\n\t\t\t\t\t\t\t\t\t<h5 class=\"card-title\">N\u00c1\u0160 TESTOVAC\u00cd PANEL<\/h5>\n\t\t\t\t\t\t\t\t\t<p class=\"card-text\">V chovatelsk\u00e9 stanici Tassalyckan \u017eije t\u0159icet ko\u010dek, kter\u00e9 n\u00e1m pom\u00e1haj\u00ed testovat na\u0161e such\u00e9 a vlhk\u00e9 krmivo pro ko\u010dky.<\/p>\n\t\t\t\t\t\t\t\t\t\t\t\t\t\t\t\t\t\t\t<a target=\"\" href=\"https:\/\/bozita.com\/cz\/kocici-domov-tassalycka\/\" class=\"btn btn-white\">Domov pro ko\u010dky Tassalyckan<\/a>\n\t\t\t\t\t\t\t\t\t\t\t\t\t\t\t\t\t\t<\/div>\n\t\t\t\t\t\t\t<\/div>\n\t\t\t\t\t\t<\/div>\n\t\t\t\t\t\t\t\t\t<\/div>\n\t\t<\/div>\n\t<\/section>\n","protected":false},"excerpt":{"rendered":"","protected":false},"author":4,"featured_media":6400,"parent":0,"menu_order":0,"comment_status":"closed","ping_status":"closed","template":"guternberg.php","meta":{"footnotes":""},"acf":[],"yoast_head":"<!-- This site is optimized with the Yoast SEO plugin v21.3 - https:\/\/yoast.com\/wordpress\/plugins\/seo\/ -->\n<title>V\u017edy se na n\u00e1s m\u016f\u017eete obr\u00e1tit - Bozita Czech<\/title>\n<meta name=\"description\" content=\"Najd\u011bte adresu, telefonn\u00ed \u010d\u00edslo a e-mailovou adresu spole\u010dnosti Bozita ve V\u00e5rg\u00e5rd\u011b.\" \/>\n<meta name=\"robots\" content=\"index, follow, max-snippet:-1, max-image-preview:large, max-video-preview:-1\" \/>\n<link rel=\"canonical\" href=\"https:\/\/bozita.com\/cz\/vzdy-se-na-nas-muzete-obratit\/\" \/>\n<meta property=\"og:locale\" content=\"cs_CZ\" \/>\n<meta property=\"og:type\" content=\"article\" \/>\n<meta property=\"og:title\" content=\"V\u017edy se na n\u00e1s m\u016f\u017eete obr\u00e1tit - Bozita Czech\" \/>\n<meta property=\"og:description\" content=\"Najd\u011bte adresu, telefonn\u00ed \u010d\u00edslo a e-mailovou adresu spole\u010dnosti Bozita ve V\u00e5rg\u00e5rd\u011b.\" \/>\n<meta property=\"og:url\" content=\"https:\/\/bozita.com\/cz\/vzdy-se-na-nas-muzete-obratit\/\" \/>\n<meta property=\"og:site_name\" content=\"Bozita Czech\" \/>\n<meta property=\"article:modified_time\" content=\"2025-01-17T07:27:34+00:00\" \/>\n<meta property=\"og:image\" content=\"https:\/\/bozita.com\/cz\/wp-content\/uploads\/sites\/12\/2021\/08\/bozita_swedish-natural-quality.jpg\" \/>\n\t<meta property=\"og:image:width\" content=\"800\" \/>\n\t<meta property=\"og:image:height\" content=\"533\" \/>\n\t<meta property=\"og:image:type\" content=\"image\/jpeg\" \/>\n<meta name=\"twitter:card\" content=\"summary_large_image\" \/>\n<!-- \/ Yoast SEO plugin. -->","yoast_head_json":{"title":"V\u017edy se na n\u00e1s m\u016f\u017eete obr\u00e1tit - Bozita Czech","description":"Najd\u011bte adresu, telefonn\u00ed \u010d\u00edslo a e-mailovou adresu spole\u010dnosti Bozita ve V\u00e5rg\u00e5rd\u011b.","robots":{"index":"index","follow":"follow","max-snippet":"max-snippet:-1","max-image-preview":"max-image-preview:large","max-video-preview":"max-video-preview:-1"},"canonical":"https:\/\/bozita.com\/cz\/vzdy-se-na-nas-muzete-obratit\/","og_locale":"cs_CZ","og_type":"article","og_title":"V\u017edy se na n\u00e1s m\u016f\u017eete obr\u00e1tit - Bozita Czech","og_description":"Najd\u011bte adresu, telefonn\u00ed \u010d\u00edslo a e-mailovou adresu spole\u010dnosti Bozita ve V\u00e5rg\u00e5rd\u011b.","og_url":"https:\/\/bozita.com\/cz\/vzdy-se-na-nas-muzete-obratit\/","og_site_name":"Bozita Czech","article_modified_time":"2025-01-17T07:27:34+00:00","og_image":[{"width":800,"height":533,"url":"https:\/\/bozita.com\/cz\/wp-content\/uploads\/sites\/12\/2021\/08\/bozita_swedish-natural-quality.jpg","type":"image\/jpeg"}],"twitter_card":"summary_large_image","schema":{"@context":"https:\/\/schema.org","@graph":[{"@type":"WebPage","@id":"https:\/\/bozita.com\/cz\/vzdy-se-na-nas-muzete-obratit\/","url":"https:\/\/bozita.com\/cz\/vzdy-se-na-nas-muzete-obratit\/","name":"V\u017edy se na n\u00e1s m\u016f\u017eete obr\u00e1tit - Bozita Czech","isPartOf":{"@id":"https:\/\/bozita.com\/cz\/#website"},"datePublished":"2022-05-25T10:27:50+00:00","dateModified":"2025-01-17T07:27:34+00:00","description":"Najd\u011bte adresu, telefonn\u00ed \u010d\u00edslo a e-mailovou adresu spole\u010dnosti Bozita ve V\u00e5rg\u00e5rd\u011b.","breadcrumb":{"@id":"https:\/\/bozita.com\/cz\/vzdy-se-na-nas-muzete-obratit\/#breadcrumb"},"inLanguage":"cs","potentialAction":[{"@type":"ReadAction","target":["https:\/\/bozita.com\/cz\/vzdy-se-na-nas-muzete-obratit\/"]}]},{"@type":"BreadcrumbList","@id":"https:\/\/bozita.com\/cz\/vzdy-se-na-nas-muzete-obratit\/#breadcrumb","itemListElement":[{"@type":"ListItem","position":1,"name":"Home","item":"https:\/\/bozita.com\/cz\/"},{"@type":"ListItem","position":2,"name":"V\u017edy se na n\u00e1s m\u016f\u017eete obr\u00e1tit"}]},{"@type":"WebSite","@id":"https:\/\/bozita.com\/cz\/#website","url":"https:\/\/bozita.com\/cz\/","name":"Bozita Czech","description":"","potentialAction":[{"@type":"SearchAction","target":{"@type":"EntryPoint","urlTemplate":"https:\/\/bozita.com\/cz\/?s={search_term_string}"},"query-input":"required name=search_term_string"}],"inLanguage":"cs"}]}},"_links":{"self":[{"href":"https:\/\/bozita.com\/cz\/wp-json\/wp\/v2\/pages\/6444"}],"collection":[{"href":"https:\/\/bozita.com\/cz\/wp-json\/wp\/v2\/pages"}],"about":[{"href":"https:\/\/bozita.com\/cz\/wp-json\/wp\/v2\/types\/page"}],"author":[{"embeddable":true,"href":"https:\/\/bozita.com\/cz\/wp-json\/wp\/v2\/users\/4"}],"replies":[{"embeddable":true,"href":"https:\/\/bozita.com\/cz\/wp-json\/wp\/v2\/comments?post=6444"}],"version-history":[{"count":15,"href":"https:\/\/bozita.com\/cz\/wp-json\/wp\/v2\/pages\/6444\/revisions"}],"predecessor-version":[{"id":7998,"href":"https:\/\/bozita.com\/cz\/wp-json\/wp\/v2\/pages\/6444\/revisions\/7998"}],"wp:featuredmedia":[{"embeddable":true,"href":"https:\/\/bozita.com\/cz\/wp-json\/wp\/v2\/media\/6400"}],"wp:attachment":[{"href":"https:\/\/bozita.com\/cz\/wp-json\/wp\/v2\/media?parent=6444"}],"curies":[{"name":"wp","href":"https:\/\/api.w.org\/{rel}","templated":true}]}}