{"id":6446,"date":"2022-05-25T10:30:39","date_gmt":"2022-05-25T10:30:39","guid":{"rendered":"https:\/\/bozita.com\/cz\/o-spolecnosti-bozita\/"},"modified":"2025-01-17T07:24:23","modified_gmt":"2025-01-17T07:24:23","slug":"o-spolecnosti-bozita","status":"publish","type":"page","link":"https:\/\/bozita.com\/cz\/o-spolecnosti-bozita\/","title":{"rendered":"O spole\u010dnosti Bozita"},"content":{"rendered":"\n\t\t<section class=\"small-hero-with-image\">\n\t\t\t\t\t\t\t<img decoding=\"async\" class=\"background-image\" src=\"https:\/\/bozita.com\/cz\/wp-content\/uploads\/sites\/12\/2021\/08\/bozita-om-oss-2.jpg\" alt=\"\">\n\t\t\t\t\t\t\t<div class=\"overlay-v1 overlay-bg\">\n\t\t\t\t<div class=\"container\">\n\t\t\t\t\t<div class=\"row\">\n\t\t\t\t\t\t<div class=\"col-md-6 col-lg-5\">\n\t\t\t\t\t\t\t<h5>Pro\u010d pr\u00e1v\u011b Bozita<\/h5><h1>O spole\u010dnosti Bozita<\/h1><p><p>Jsme mal\u00e1 spole\u010dnost z V\u00e5rg\u00e5rdy, kter\u00e1 vyr\u00e1b\u00ed krmivo pro psy a ko\u010dky ji\u017e od roku 1903. Chceme d\u011blat v\u011bci co nejjednodu\u0161eji a nejp\u0159irozen\u011bji.<\/p>\n<\/p>\t\t\t\t\t\t<\/div>\n\t\t\t\t\t<\/div>\n\t\t\t\t<\/div>\n\t\t\t<\/div>\n\t\t<\/section>\n\t\t\n\n\t<div class=\"text-box-warp\">\n\t\t<div class=\"container\">\n\t\t\t<div class=\"text-content\">\n\t\t\t\t<div id=\"str\u00e1nka\" class=\"site\">\n<p>&nbsp;<\/p>\n<div class=\"text-box-warp\">\n<div class=\"container\">\n<div class=\"text-content\">\n<p><strong>Krmivo pro psy a ko\u010dky p\u0159ipravujeme z p\u0159\u00edrodn\u00edch, vysoce kvalitn\u00edch surovin bez zbyte\u010dn\u00fdch p\u0159\u00edsad.<\/strong>.<\/p>\n<h2>V\u0160E ZA\u010cALO V ROCE 1903<\/h2>\n<p>Jednoho dne v polovin\u011b 19. stolet\u00ed vystoupil z vlaku ve V\u00e5rg\u00e5rd\u011b mlad\u00fd mu\u017e z G\u00f6teborgu jm\u00e9nem Aron Heyman. V tomto \u00farodn\u00e9m kraji vyu\u017eil znalosti, kter\u00e9 z\u00edskal d\u0159\u00edve ve Skotsku, k p\u0159\u00edprav\u011b ka\u0161e z necht\u011bn\u00e9ho obil\u00ed na p\u00e1\u0159e a v roce 1903 p\u0159edstavil na\u0161e prvn\u00ed krmivo pro psy \u201eV\u00e5rg\u00e5rda Hundmj\u00f6l\u201c.<\/p>\n<p>Dnes je spole\u010dnost Partner in Pet Food Nordics AB nejv\u011bt\u0161\u00edm v\u00fdrobcem krmiv pro psy a ko\u010dky ve \u0160v\u00e9dsku s v\u00edce ne\u017e stolet\u00fdmi zku\u0161enostmi s p\u0159\u00edpravou krmiv pro dom\u00e1c\u00ed zv\u00ed\u0159ata. Spole\u010dnost m\u00e1 p\u0159ibli\u017en\u011b 160 zam\u011bstnanc\u016f a ro\u010dn\u00ed obrat 520 000 000 \u0161v\u00e9dsk\u00fdch korun.<\/p>\n<h2>vyrobeno VE \u0160V\u00c9DSKU<\/h2>\n<p>Na\u0161e tov\u00e1rna se nach\u00e1z\u00ed v kr\u00e1sn\u00e9 zem\u011bd\u011blsk\u00e9 oblasti z\u00e1padn\u00edho \u0160v\u00e9dska, V\u00e5rg\u00e5rda, a vyr\u00e1b\u00ed jak vlhk\u00e9, tak such\u00e9 krmivo.\u00a0Zem\u011bd\u011blci zde &#8211; stejn\u011b jako ve zbytku \u0160v\u00e9dska &#8211; pou\u017e\u00edvaj\u00ed m\u00e9n\u011b chemik\u00e1li\u00ed ne\u017e jinde ve sv\u011bt\u011b a \u0161v\u00e9dsk\u00fd chov zv\u00ed\u0159at je proslul\u00fd sv\u00fdm d\u016frazem na dobr\u00e9 \u017eivotn\u00ed podm\u00ednky zv\u00ed\u0159at, co\u017e znamen\u00e1, \u017ee \u017eivo\u010di\u0161n\u00e9 produkty, kter\u00e9 pou\u017e\u00edv\u00e1me, jsou t\u00e9 nejvy\u0161\u0161\u00ed kvality a nejsou o\u0161et\u0159ov\u00e1ny hormony, antibiotiky a syntetick\u00fdmi p\u0159\u00edsadami.<\/p>\n<h2>V\u00ddVOJ PRODUKT\u016e<\/h2>\n<p>Ve spole\u010dnosti Partner in Pet Food Nordics AB neust\u00e1le pracujeme na v\u00fdvoji produkt\u016f. \u010cin\u00edme tak proto, abychom pozitivn\u011b formovali a vedli v\u00fdvoj na\u0161eho odv\u011btv\u00ed. V\u00fdvoj v\u00fdrobk\u016f znamen\u00e1 nejen zdokonalov\u00e1n\u00ed st\u00e1vaj\u00edc\u00edch v\u00fdrobk\u016f, ale v rozhoduj\u00edc\u00ed m\u00ed\u0159e tak\u00e9 vytv\u00e1\u0159en\u00ed nov\u00fdch.<\/p>\n<h2>Pracujte s n\u00e1mi<\/h2>\n<p>M\u00e1te r\u00e1di ko\u010dky a psy? Chcete pracovat v inovativn\u00edm prost\u0159ed\u00ed, kde jsou kvalita a udr\u017eitelnost na prvn\u00edm m\u00edst\u011b? Pak mo\u017en\u00e1 m\u00e1me pr\u00e1ci pr\u00e1v\u011b pro v\u00e1s!<\/p>\n<p>Pod\u00edvejte se na na\u0161e voln\u00e9 pozice na <a href=\"https:\/\/jobb.doggy.se\/\">jobb.doggy.se<\/a>.<\/p>\n<\/div>\n<\/div>\n<\/div>\n<p>&nbsp;<\/p>\n<\/div>\n<section class=\"block section-promos\">\n<div class=\"container\">\n<div class=\"row\">\n<div class=\"col-md-6 col-lg-4 condensed_V2\">\n<div class=\"card\"><\/div>\n<\/div>\n<\/div>\n<\/div>\n<\/section>\n\t\t\t<\/div>\n\t\t<\/div>\n\t<\/div>\n\n\n\t<section class=\"block section-promos\">\n\t\t<div class=\"container\">\n\t\t\t<div class=\"row\">\n\t\t\t\t\t\t\t\t\t\t<div class=\"col-md-6 col-lg-4 condensed_V2\">\n\t\t\t\t\t\t\t<div class=\"card\">\n\t\t\t\t\t\t\t\t\t\t\t\t\t\t\t\t\t<img decoding=\"async\" class=\"card-img-top\" src=\"https:\/\/bozita.com\/cz\/wp-content\/uploads\/sites\/12\/2021\/06\/bozita-hallbarhet.jpeg\" alt=\"\">\n\t\t\t\t\t\t\t\t\t\t\t\t\t\t\t\t<div class=\"card-body\">\n\t\t\t\t\t\t\t\t\t<h5 class=\"card-title\">UDR\u017dITELNOST<\/h5>\n\t\t\t\t\t\t\t\t\t<p class=\"card-text\">Na\u0161\u00edm c\u00edlem je vyr\u00e1b\u011bt to nejlep\u0161\u00ed krmivo pro psy a ko\u010dky se zam\u011b\u0159en\u00edm na udr\u017eitelnost, \u017eivotn\u00ed prost\u0159ed\u00ed a na\u0161i spole\u010dnou budoucnost. <\/p>\n\t\t\t\t\t\t\t\t\t\t\t\t\t\t\t\t\t\t\t<a target=\"\" href=\"https:\/\/bozita.com\/cz\/udrzitelne-pro-zvirata-a-prirodu\/\" class=\"btn btn-white\">Udr\u017eitelnost &#8211; pro zv\u00ed\u0159ata a p\u0159\u00edrodu<\/a>\n\t\t\t\t\t\t\t\t\t\t\t\t\t\t\t\t\t\t<\/div>\n\t\t\t\t\t\t\t<\/div>\n\t\t\t\t\t\t<\/div>\n\t\t\t\t\t\t\t\t\t\t\t\t<div class=\"col-md-6 col-lg-4 condensed_V2\">\n\t\t\t\t\t\t\t<div class=\"card\">\n\t\t\t\t\t\t\t\t\t\t\t\t\t\t\t\t\t<img decoding=\"async\" class=\"card-img-top\" src=\"https:\/\/bozita.com\/cz\/wp-content\/uploads\/sites\/12\/2021\/06\/bozita-smakgaranti-hundmat-kattmat.jpeg\" alt=\"\">\n\t\t\t\t\t\t\t\t\t\t\t\t\t\t\t\t<div class=\"card-body\">\n\t\t\t\t\t\t\t\t\t<h5 class=\"card-title\">Z\u00e1ruka chuti<\/h5>\n\t\t\t\t\t\t\t\t\t<p class=\"card-text\">S na\u0161\u00ed z\u00e1rukou chuti dostanete sv\u00e9 pen\u00edze zp\u011bt, pokud va\u0161emu psovi nebo ko\u010dce na\u0161e krmivo nechutn\u00e1. <\/p>\n\t\t\t\t\t\t\t\t\t\t\t\t\t\t\t\t\t\t\t<a target=\"\" href=\"https:\/\/bozita.com\/cz\/zaruka-chuti\/\" class=\"btn btn-white\">Z\u00e1ruka chuti<\/a>\n\t\t\t\t\t\t\t\t\t\t\t\t\t\t\t\t\t\t<\/div>\n\t\t\t\t\t\t\t<\/div>\n\t\t\t\t\t\t<\/div>\n\t\t\t\t\t\t\t\t\t\t\t\t<div class=\"col-md-6 col-lg-4 condensed_V2\">\n\t\t\t\t\t\t\t<div class=\"card\">\n\t\t\t\t\t\t\t\t\t\t\t\t\t\t\t\t\t<img decoding=\"async\" class=\"card-img-top\" src=\"https:\/\/bozita.com\/cz\/wp-content\/uploads\/sites\/12\/2021\/06\/bozita-miljovanlig-forpackning-tetra-recart.jpeg\" alt=\"\">\n\t\t\t\t\t\t\t\t\t\t\t\t\t\t\t\t<div class=\"card-body\">\n\t\t\t\t\t\t\t\t\t<h5 class=\"card-title\">Balen\u00ed<\/h5>\n\t\t\t\t\t\t\t\t\t<p class=\"card-text\">Mnoho na\u0161ich vlhk\u00fdch krmiv je dod\u00e1v\u00e1no v obalech Tetra Recart &#8211; klimaticky \u0161etrn\u00e9m obalu, kter\u00fd lze recyklovat spolu s ostatn\u00edm pap\u00edrem a lepenkou. <\/p>\n\t\t\t\t\t\t\t\t\t\t\t\t\t\t\t\t\t\t\t<a target=\"\" href=\"https:\/\/bozita.com\/cz\/tetra-recart-klimaticky-chytry-obal-na-vlhke-krmivo\/\" class=\"btn btn-white\">Tetra Recart\u00ae &#8211; klimaticky chytr\u00fd obal na vlhk\u00e1 krmiva  <\/a>\n\t\t\t\t\t\t\t\t\t\t\t\t\t\t\t\t\t\t<\/div>\n\t\t\t\t\t\t\t<\/div>\n\t\t\t\t\t\t<\/div>\n\t\t\t\t\t\t\t\t\t\t\t\t<div class=\"col-md-6 col-lg-4 condensed_V2\">\n\t\t\t\t\t\t\t<div class=\"card\">\n\t\t\t\t\t\t\t\t\t\t\t\t\t\t\t\t\t<img decoding=\"async\" class=\"card-img-top\" src=\"https:\/\/bozita.com\/cz\/wp-content\/uploads\/sites\/12\/2021\/06\/bozita-sweden-host-2018-dog-sledding-world-championships.jpg\" alt=\"\">\n\t\t\t\t\t\t\t\t\t\t\t\t\t\t\t\t<div class=\"card-body\">\n\t\t\t\t\t\t\t\t\t<h5 class=\"card-title\">AMBASADO\u0158I<\/h5>\n\t\t\t\t\t\t\t\t\t<p class=\"card-text\">Proto si na\u0161i ambasado\u0159i vyb\u00edraj\u00ed spole\u010dnost Bozita <\/p>\n\t\t\t\t\t\t\t\t\t\t\t\t\t\t\t\t\t\t\t<a target=\"\" href=\"https:\/\/bozita.com\/cz\/ambasadori\/\" class=\"btn btn-white\">Ambasado\u0159i <\/a>\n\t\t\t\t\t\t\t\t\t\t\t\t\t\t\t\t\t\t<\/div>\n\t\t\t\t\t\t\t<\/div>\n\t\t\t\t\t\t<\/div>\n\t\t\t\t\t\t\t\t\t\t\t\t<div class=\"col-md-6 col-lg-4 condensed_V2\">\n\t\t\t\t\t\t\t<div class=\"card\">\n\t\t\t\t\t\t\t\t\t\t\t\t\t\t\t\t\t<img decoding=\"async\" class=\"card-img-top\" src=\"https:\/\/bozita.com\/cz\/wp-content\/uploads\/sites\/12\/2021\/06\/bozita-tassalyckan-katthem-provsmakare-produktutveckling.jpeg\" alt=\"\">\n\t\t\t\t\t\t\t\t\t\t\t\t\t\t\t\t<div class=\"card-body\">\n\t\t\t\t\t\t\t\t\t<h5 class=\"card-title\">N\u00c1\u0160 TESTOVAC\u00cd PANEL<\/h5>\n\t\t\t\t\t\t\t\t\t<p class=\"card-text\">V chovatelsk\u00e9 stanici Tassalyckans pracuj\u00ed t\u0159i teritori\u00e1ln\u00ed ko\u010dky, kter\u00e9 n\u00e1m pom\u00e1haj\u00ed testovat chut\u011b a vyv\u00edjet na\u0161e such\u00e9 a vlhk\u00e9 krmivo pro ko\u010dky. <\/p>\n\t\t\t\t\t\t\t\t\t\t\t\t\t\t\t\t\t\t\t<a target=\"\" href=\"https:\/\/bozita.com\/cz\/kocici-domov-tassalycka\/\" class=\"btn btn-white\">Chovatelsk\u00e1 stanice Tassalyckans <\/a>\n\t\t\t\t\t\t\t\t\t\t\t\t\t\t\t\t\t\t<\/div>\n\t\t\t\t\t\t\t<\/div>\n\t\t\t\t\t\t<\/div>\n\t\t\t\t\t\t\t\t\t<\/div>\n\t\t<\/div>\n\t<\/section>\n","protected":false},"excerpt":{"rendered":"","protected":false},"author":1,"featured_media":6447,"parent":0,"menu_order":0,"comment_status":"closed","ping_status":"closed","template":"guternberg.php","meta":{"footnotes":""},"acf":[],"yoast_head":"<!-- This site is optimized with the Yoast SEO plugin v21.3 - https:\/\/yoast.com\/wordpress\/plugins\/seo\/ -->\n<title>O spole\u010dnosti Bozita - Bozita Czech<\/title>\n<meta name=\"description\" content=\"Jsme mal\u00e1 spole\u010dnost z m\u011bste\u010dka V\u00e5rg\u00e5rda, kter\u00e1 va\u0159\u00ed krmivo pro psy a ko\u010dky ji\u017e od roku 1903. Chceme d\u011blat v\u011bci jednodu\u0161e a p\u0159irozen\u011b. Na\u0161e krmiva pro psy a ko\u010dky vyr\u00e1b\u00edme z kvalitn\u00edch p\u0159\u00edrodn\u00edch surovin bez zbyte\u010dn\u00fdch p\u0159\u00edsad.\" \/>\n<meta name=\"robots\" content=\"index, follow, max-snippet:-1, max-image-preview:large, max-video-preview:-1\" \/>\n<link rel=\"canonical\" href=\"https:\/\/bozita.com\/cz\/o-spolecnosti-bozita\/\" \/>\n<meta property=\"og:locale\" content=\"cs_CZ\" \/>\n<meta property=\"og:type\" content=\"article\" \/>\n<meta property=\"og:title\" content=\"O spole\u010dnosti Bozita - Bozita Czech\" \/>\n<meta property=\"og:description\" content=\"Jsme mal\u00e1 spole\u010dnost z m\u011bste\u010dka V\u00e5rg\u00e5rda, kter\u00e1 va\u0159\u00ed krmivo pro psy a ko\u010dky ji\u017e od roku 1903. Chceme d\u011blat v\u011bci jednodu\u0161e a p\u0159irozen\u011b. Na\u0161e krmiva pro psy a ko\u010dky vyr\u00e1b\u00edme z kvalitn\u00edch p\u0159\u00edrodn\u00edch surovin bez zbyte\u010dn\u00fdch p\u0159\u00edsad.\" \/>\n<meta property=\"og:url\" content=\"https:\/\/bozita.com\/cz\/o-spolecnosti-bozita\/\" \/>\n<meta property=\"og:site_name\" content=\"Bozita Czech\" \/>\n<meta property=\"article:modified_time\" content=\"2025-01-17T07:24:23+00:00\" \/>\n<meta property=\"og:image\" content=\"https:\/\/bozita.com\/cz\/wp-content\/uploads\/sites\/12\/2021\/06\/bozita-om-oss.jpg\" \/>\n\t<meta property=\"og:image:width\" content=\"1600\" \/>\n\t<meta property=\"og:image:height\" content=\"578\" \/>\n\t<meta property=\"og:image:type\" content=\"image\/jpeg\" \/>\n<meta name=\"twitter:card\" content=\"summary_large_image\" \/>\n<!-- \/ Yoast SEO plugin. -->","yoast_head_json":{"title":"O spole\u010dnosti Bozita - Bozita Czech","description":"Jsme mal\u00e1 spole\u010dnost z m\u011bste\u010dka V\u00e5rg\u00e5rda, kter\u00e1 va\u0159\u00ed krmivo pro psy a ko\u010dky ji\u017e od roku 1903. Chceme d\u011blat v\u011bci jednodu\u0161e a p\u0159irozen\u011b. Na\u0161e krmiva pro psy a ko\u010dky vyr\u00e1b\u00edme z kvalitn\u00edch p\u0159\u00edrodn\u00edch surovin bez zbyte\u010dn\u00fdch p\u0159\u00edsad.","robots":{"index":"index","follow":"follow","max-snippet":"max-snippet:-1","max-image-preview":"max-image-preview:large","max-video-preview":"max-video-preview:-1"},"canonical":"https:\/\/bozita.com\/cz\/o-spolecnosti-bozita\/","og_locale":"cs_CZ","og_type":"article","og_title":"O spole\u010dnosti Bozita - Bozita Czech","og_description":"Jsme mal\u00e1 spole\u010dnost z m\u011bste\u010dka V\u00e5rg\u00e5rda, kter\u00e1 va\u0159\u00ed krmivo pro psy a ko\u010dky ji\u017e od roku 1903. Chceme d\u011blat v\u011bci jednodu\u0161e a p\u0159irozen\u011b. Na\u0161e krmiva pro psy a ko\u010dky vyr\u00e1b\u00edme z kvalitn\u00edch p\u0159\u00edrodn\u00edch surovin bez zbyte\u010dn\u00fdch p\u0159\u00edsad.","og_url":"https:\/\/bozita.com\/cz\/o-spolecnosti-bozita\/","og_site_name":"Bozita Czech","article_modified_time":"2025-01-17T07:24:23+00:00","og_image":[{"width":1600,"height":578,"url":"https:\/\/bozita.com\/cz\/wp-content\/uploads\/sites\/12\/2021\/06\/bozita-om-oss.jpg","type":"image\/jpeg"}],"twitter_card":"summary_large_image","schema":{"@context":"https:\/\/schema.org","@graph":[{"@type":"WebPage","@id":"https:\/\/bozita.com\/cz\/o-spolecnosti-bozita\/","url":"https:\/\/bozita.com\/cz\/o-spolecnosti-bozita\/","name":"O spole\u010dnosti Bozita - Bozita Czech","isPartOf":{"@id":"https:\/\/bozita.com\/cz\/#website"},"datePublished":"2022-05-25T10:30:39+00:00","dateModified":"2025-01-17T07:24:23+00:00","description":"Jsme mal\u00e1 spole\u010dnost z m\u011bste\u010dka V\u00e5rg\u00e5rda, kter\u00e1 va\u0159\u00ed krmivo pro psy a ko\u010dky ji\u017e od roku 1903. Chceme d\u011blat v\u011bci jednodu\u0161e a p\u0159irozen\u011b. Na\u0161e krmiva pro psy a ko\u010dky vyr\u00e1b\u00edme z kvalitn\u00edch p\u0159\u00edrodn\u00edch surovin bez zbyte\u010dn\u00fdch p\u0159\u00edsad.","breadcrumb":{"@id":"https:\/\/bozita.com\/cz\/o-spolecnosti-bozita\/#breadcrumb"},"inLanguage":"cs","potentialAction":[{"@type":"ReadAction","target":["https:\/\/bozita.com\/cz\/o-spolecnosti-bozita\/"]}]},{"@type":"BreadcrumbList","@id":"https:\/\/bozita.com\/cz\/o-spolecnosti-bozita\/#breadcrumb","itemListElement":[{"@type":"ListItem","position":1,"name":"Home","item":"https:\/\/bozita.com\/cz\/"},{"@type":"ListItem","position":2,"name":"O spole\u010dnosti Bozita"}]},{"@type":"WebSite","@id":"https:\/\/bozita.com\/cz\/#website","url":"https:\/\/bozita.com\/cz\/","name":"Bozita Czech","description":"","potentialAction":[{"@type":"SearchAction","target":{"@type":"EntryPoint","urlTemplate":"https:\/\/bozita.com\/cz\/?s={search_term_string}"},"query-input":"required name=search_term_string"}],"inLanguage":"cs"}]}},"_links":{"self":[{"href":"https:\/\/bozita.com\/cz\/wp-json\/wp\/v2\/pages\/6446"}],"collection":[{"href":"https:\/\/bozita.com\/cz\/wp-json\/wp\/v2\/pages"}],"about":[{"href":"https:\/\/bozita.com\/cz\/wp-json\/wp\/v2\/types\/page"}],"author":[{"embeddable":true,"href":"https:\/\/bozita.com\/cz\/wp-json\/wp\/v2\/users\/1"}],"replies":[{"embeddable":true,"href":"https:\/\/bozita.com\/cz\/wp-json\/wp\/v2\/comments?post=6446"}],"version-history":[{"count":15,"href":"https:\/\/bozita.com\/cz\/wp-json\/wp\/v2\/pages\/6446\/revisions"}],"predecessor-version":[{"id":7996,"href":"https:\/\/bozita.com\/cz\/wp-json\/wp\/v2\/pages\/6446\/revisions\/7996"}],"wp:featuredmedia":[{"embeddable":true,"href":"https:\/\/bozita.com\/cz\/wp-json\/wp\/v2\/media\/6447"}],"wp:attachment":[{"href":"https:\/\/bozita.com\/cz\/wp-json\/wp\/v2\/media?parent=6446"}],"curies":[{"name":"wp","href":"https:\/\/api.w.org\/{rel}","templated":true}]}}