{"id":6454,"date":"2022-05-25T10:30:39","date_gmt":"2022-05-25T10:30:39","guid":{"rendered":"https:\/\/bozita.com\/cz\/vyhody-kazdodenniho-podavani-vlhkeho-krmiva-vasi-kocce\/"},"modified":"2022-08-23T13:15:45","modified_gmt":"2022-08-23T13:15:45","slug":"vyhody-kazdodenniho-podavani-vlhkeho-krmiva-vasi-kocce","status":"publish","type":"page","link":"https:\/\/bozita.com\/cz\/vyhody-kazdodenniho-podavani-vlhkeho-krmiva-vasi-kocce\/","title":{"rendered":"V\u00fdhody ka\u017edodenn\u00edho pod\u00e1v\u00e1n\u00ed vlhk\u00e9ho krmiva va\u0161\u00ed ko\u010dce"},"content":{"rendered":"\t\t<section class=\"small-hero\">\n\t\t\t<div class=\"container\">\n\t\t\t\t<h1 class=\"small-hero-title\">V\u00fdhody ka\u017edodenn\u00edho pod\u00e1v\u00e1n\u00ed vlhk\u00e9ho krmiva va\u0161\u00ed ko\u010dce<\/h1>\t\t\t<\/div>\n\t\t\t<\/div>\n\t\t<\/section>\n\t\n\n\t<div class=\"text-box-warp\">\n\t\t<div class=\"container\">\n\t\t\t<div class=\"text-content\">\n\t\t\t\t<p>N\u011bkte\u0159\u00ed majitel\u00e9 ko\u010dek se pod\u00e1v\u00e1n\u00ed vlhk\u00e9ho krmiva sv\u00e9 ko\u010dce vyh\u00fdbaj\u00ed, proto\u017ee m\u016f\u017ee d\u011blat nepo\u0159\u00e1dek a tak\u00e9 je obt\u011b\u017euje, \u017ee otev\u0159en\u00e9 balen\u00ed mus\u00ed b\u00fdt uchov\u00e1v\u00e1no v chladu. Vlhk\u00e9 krmivo m\u00e1 v\u0161ak spoustu v\u00fdhod. Za prv\u00e9 je chutn\u00e9!<\/p>\n<h2>VLHK\u00c9 KRMIVO JE PLN\u00c9 TEKUTIN<\/h2>\n<p>Ka\u017edodenn\u00ed krmen\u00ed ko\u010dky vlhk\u00fdm krmivem vedle such\u00e9ho krmiva zajist\u00ed, \u017ee ko\u010dka bude p\u0159ij\u00edmat dostatek tekutin. \u010cerstv\u00e9 krmivo \u017eivo\u010di\u0161n\u00e9ho p\u016fvodu toti\u017e p\u0159irozen\u011b obsahuje velk\u00e9 mno\u017estv\u00ed vody, kter\u00e1 je tak\u00e9 kl\u00ed\u010dovou sou\u010d\u00e1st\u00ed \u017eel\u00e9, je\u017e spojuje jednotliv\u00e9 kousky dohromady.<\/p>\n<p>Je d\u016fle\u017eit\u00e9, aby ko\u010dky b\u011bhem dne p\u0159ij\u00edmaly dostatek tekutin, proto\u017ee v opa\u010dn\u00e9m p\u0159\u00edpad\u011b m\u016f\u017ee b\u00fdt negativn\u011b ovlivn\u011bno mnoho t\u011blesn\u00fdch funkc\u00ed, co\u017e p\u0159isp\u00edv\u00e1 ke vzniku kamen\u016f v mo\u010dov\u00e9m m\u011bch\u00fd\u0159i. Ko\u010dky, kter\u00e9 p\u0159ij\u00edmaj\u00ed pouze such\u00e9 krmivo, \u010dasto dost\u00e1vaj\u00ed v potrav\u011b p\u0159\u00edli\u0161 m\u00e1lo tekutin, co\u017e vede k nadm\u011brn\u011b koncentrovan\u00e9 mo\u010di, kter\u00e1 zp\u016fsobuje zv\u00fd\u0161en\u00e9 riziko vzniku kamen\u016f v mo\u010dov\u00e9m m\u011bch\u00fd\u0159i.<\/p>\n<h2>VLHK\u00c9 KRMIVO POM\u00c1H\u00c1 VA\u0160\u00cd KO\u010cCE UDR\u017dET SI SPR\u00c1VNOU HMOTNOST<\/h2>\n<p>Vlhk\u00e9 krmivo m\u00e1 v\u0161ak mnohem v\u00edce v\u00fdhod, nejen obsah tekutin. Dokonce pom\u00e1h\u00e1 ko\u010dk\u00e1m udr\u017eet si zdravou hmotnost. Such\u00e9 krmivo je velmi koncentrovan\u00e1 forma energie a 100 g poskytuje p\u0159ibli\u017en\u011b \u010dty\u0159ikr\u00e1t v\u00edce energie ne\u017e 100 g mokr\u00e9ho krmiva. Pod\u00e1v\u00e1n\u00ed vlhk\u00e9ho krmiva zajist\u00ed, \u017ee ko\u010dka bude spokojen\u00e1 i p\u0159i ni\u017e\u0161\u00edm p\u0159\u00edjmu energie, a snadn\u011bji si tak udr\u017e\u00ed zdravou v\u00e1hu.<\/p>\n<p>Nadv\u00e1ha zp\u016fsobuje ko\u010dk\u00e1m mnoho probl\u00e9m\u016f, sni\u017euje kvalitu jejich \u017eivota a p\u0159isp\u00edv\u00e1 k \u0159ad\u011b \u010dasto z\u00e1va\u017en\u00fdch onemocn\u011bn\u00ed. Proto mus\u00ed majitel\u00e9 ko\u010dek db\u00e1t na to, aby svou ko\u010dku nep\u0159ekrmovali, aby mohla i nad\u00e1le \u017e\u00edt plnohodnotn\u00fd a zdrav\u00fd \u017eivot.<\/p>\n<ul>\n<li><a href=\"https:\/\/bozita.com\/cz\/vlhke-krmivo\/\">Vlhk\u00e9 krmivo pro ko\u010dky Bozita je k dispozici v mnoha r\u016fzn\u00fdch p\u0159\u00edchut\u00edch<\/a><\/li>\n<\/ul>\n<h2>TETRA RECART A JEDNOR\u00c1ZOV\u00c1 BALEN\u00cd V\u0160E USNAD\u0147UJ\u00cd<\/h2>\n<p>Mnoho vlhk\u00fdch krmiv Bozita se dod\u00e1v\u00e1 v chytr\u00e9m <a href=\"https:\/\/bozita.com\/cz\/tetra-recart-klimaticky-chytry-obal-na-vlhke-krmivo\/\">obalu Tetra Recart\u00ae<\/a>, kter\u00fd se snadno otev\u00edr\u00e1 a d\u00e1 se znovu uzav\u0159\u00edt. D\u00edky tomu z\u016fstane \u010derstv\u00e9 jak krmivo, tak i va\u0161e lednice. Obal je tak\u00e9 \u0161etrn\u00fd k \u017eivotn\u00edmu prost\u0159ed\u00ed a snadno se recykluje.<\/p>\n<p>N\u011bkter\u00e9 z na\u0161ich vlhk\u00fdch krmiv jsou k dispozici tak\u00e9 v balen\u00edch po jedn\u00e9 porci, co\u017e je\u0161t\u011b v\u00edce usnad\u0148uje jejich serv\u00edrov\u00e1n\u00ed a skladov\u00e1n\u00ed. Ty jsou tak\u00e9 velmi praktick\u00e9, pokud s ko\u010dkou cestujete.<\/p>\n<p>Sna\u017ete se d\u00e1vat sv\u00e9 ko\u010dce vlhk\u00e9 krmivo alespo\u0148 jednou denn\u011b &#8211; ocen\u00ed jeho chu\u0165 a strukturu a vy uvid\u00edte jeho zdravotn\u00ed p\u0159\u00ednos.<\/p>\n\t\t\t<\/div>\n\t\t<\/div>\n\t<\/div>\n\n\n<section class=\"block product-promos\">\n\t<div class=\"container\">\n\t\t<div class=\"row align-items-center\">\n\t\t\t<div class=\"col-md-5\">\n\t\t\t\t<div class=\"prdt__promos-heading\">\n\t\t\t\t\t<h3>\n\t\t\t\t\t\tSome of our wet food favorites\t\t\t\t\t<\/h3>\n\t\t\t\t\t\t\t\t\t<\/div>\n\t\t\t<\/div>\n\t\t\t<div class=\"col-md-7\">\n\t\t\t\t\t\t\t\t\t<div class=\"owl-carousel owl-theme product-promo-carousel\">\n\t\t\t\t\t\t\t\t\t\t\t<\/div>\n\t\t\t\t\t\t\t<\/div>\n\t\t<\/div>\n\t<\/div>\n<\/section>\n<script>\njQuery(document).ready(function($) {\n\tjQuery('.product-promo-carousel').owlCarousel({\n\tloop: true,\n\tmargin: 10,\n\tresponsiveClass: true,\n\tresponsive: {\n\t\t0: {\n\t\titems: 1,\n\t\tnav: true\n\t\t},\n\t\t600: {\n\t\titems: 1,\n\t\tnav: true\n\t\t},\n\t\t1000: {\n\t\titems: 2,\n\t\tnav: true,\n\t\t}\n\t}\n\t})\n\tjQuery(\".owl-prev\").html('<span><<\/span>');\n\tjQuery(\".owl-next\").html('<span>><\/span>');\n\n\tvar slider = jQuery('.promo-slider-list');\n\tslider.owlCarousel();\n\tjQuery('.nextbtn-a').click(function() {\n\tslider.trigger('next.owl.carousel');\n\t})\n\t\/\/ Go to the previous item\n\tjQuery('.prebtn-a').click(function() {\n\tslider.trigger('prev.owl.carousel', [300]);\n\t})\n});\n<\/script>\n\n\n\n\t<section class=\"block related-articles\">\n\t\t<div class=\"container\">\n\t\t\t<h2>Souvisej\u00edc\u00ed \u010dl\u00e1nky<\/h2>\n\t\t\t<div class=\"row justify-content-center\">\n\t\t\t\t\t\t\t\t\t\t<div class=\"col-sm-6 col-md-6 col-lg-3\">\n\t\t\t\t\t\t\t\t\t\t\t\t\t\t<div class=\"card \">\n\t\t\t\t\t\t\t\t\t\t\t\t\t\t\t\t\t<img decoding=\"async\"  src=\"https:\/\/bozita.com\/cz\/wp-content\/uploads\/sites\/12\/2021\/08\/bozita-katter-ar-kottatare.jpg\" alt=\"\">\n\t\t\t\t\t\t\t\t\t\t\t\t\t\t\t\t\t<!-- <img decoding=\"async\" src=\"\n\t\t\t\t\t\t\t\t\t\t\t\t\t\t\t\t\t\t\t\t\" alt=\"\n\t\t\t\t\t\t\t\t\t\t\t\t\t\t\t\t\t\t\t\t\t\t\t\t\t\t\t\"> -->\n\t\t\t\t\t\t\t\t<div class=\"card-body\">\n\t\t\t\t\t\t\t\t\t\t\t\t\t\t\t\t\t\t\t<h6>Co ko\u010dky jed\u00ed?<\/h6>\n\t\t\t\t\t\t\t\t\t\t\t\t\t\t\t\t\t\t\t<a href=\"https:\/\/bozita.com\/cz\/co-kocky-jedi\/\">P\u0159e\u010dt\u011bte si v\u00edce &nbsp; ><\/a>\n\t\t\t\t\t\t\t\t<\/div>\n\t\t\t\t\t\t\t<\/div>\n\t\t\t\t\t\t<\/div>\n\n\t\t\t\t\t\t\t\t\t\t\t<div class=\"col-sm-6 col-md-6 col-lg-3\">\n\t\t\t\t\t\t\t\t\t\t\t\t\t\t<div class=\"card \">\n\t\t\t\t\t\t\t\t\t\t\t\t\t\t\t\t\t<img decoding=\"async\"  src=\"https:\/\/bozita.com\/cz\/wp-content\/uploads\/sites\/12\/2021\/08\/bozita-katt-ater-inte-dricker-inte-krasen-dalig-aptit.jpg\" alt=\"\">\n\t\t\t\t\t\t\t\t\t\t\t\t\t\t\t\t\t<!-- <img decoding=\"async\" src=\"\n\t\t\t\t\t\t\t\t\t\t\t\t\t\t\t\t\t\t\t\t\" alt=\"\n\t\t\t\t\t\t\t\t\t\t\t\t\t\t\t\t\t\t\t\t\t\t\t\t\t\t\t\"> -->\n\t\t\t\t\t\t\t\t<div class=\"card-body\">\n\t\t\t\t\t\t\t\t\t\t\t\t\t\t\t\t\t\t\t<h6>Co m\u00e1m d\u011blat, kdy\u017e moje ko\u010dka nej\u00ed nebo nepije?<\/h6>\n\t\t\t\t\t\t\t\t\t\t\t\t\t\t\t\t\t\t\t<a href=\"https:\/\/bozita.com\/cz\/co-mam-delat-kdyz-moje-kocka-neji-nebo-nepije\/\">P\u0159e\u010dt\u011bte si v\u00edce &nbsp; ><\/a>\n\t\t\t\t\t\t\t\t<\/div>\n\t\t\t\t\t\t\t<\/div>\n\t\t\t\t\t\t<\/div>\n\n\t\t\t\t\t\t\t\t\t\t\t\t<\/div>\n\t\t<\/div>\n\t<\/section>\n","protected":false},"excerpt":{"rendered":"","protected":false},"author":1,"featured_media":6400,"parent":0,"menu_order":0,"comment_status":"closed","ping_status":"closed","template":"guternberg.php","meta":{"footnotes":""},"acf":[],"yoast_head":"<!-- This site is optimized with the Yoast SEO plugin v21.3 - https:\/\/yoast.com\/wordpress\/plugins\/seo\/ -->\n<title>V\u00fdhody ka\u017edodenn\u00edho pod\u00e1v\u00e1n\u00ed vlhk\u00e9ho krmiva va\u0161\u00ed ko\u010dce - Bozita Czech<\/title>\n<meta name=\"description\" content=\"Pod\u00e1v\u00e1n\u00ed vlhk\u00e9ho krmiva ko\u010dk\u00e1m ka\u017ed\u00fd den m\u00e1 n\u011bkolik v\u00fdhod. Vlhk\u00e9 krmivo umo\u017e\u0148uje ko\u010dce p\u0159ij\u00edmat dostatek tekutin a sni\u017euje riziko vzniku mo\u010dov\u00fdch kamen\u016f. Vlhk\u00e9 krmivo obsahuje m\u00e9n\u011b energie ne\u017e such\u00e9 krmivo. Va\u0161e ko\u010dka se pak m\u016f\u017ee naj\u00edst dosyta, ani\u017e by z\u00edskala p\u0159\u00edli\u0161 mnoho energie, a sn\u00e1ze si udr\u017e\u00ed spr\u00e1vnou hmotnost.\" \/>\n<meta name=\"robots\" content=\"index, follow, max-snippet:-1, max-image-preview:large, max-video-preview:-1\" \/>\n<link rel=\"canonical\" href=\"https:\/\/bozita.com\/cz\/vyhody-kazdodenniho-podavani-vlhkeho-krmiva-vasi-kocce\/\" \/>\n<meta property=\"og:locale\" content=\"cs_CZ\" \/>\n<meta property=\"og:type\" content=\"article\" \/>\n<meta property=\"og:title\" content=\"V\u00fdhody ka\u017edodenn\u00edho pod\u00e1v\u00e1n\u00ed vlhk\u00e9ho krmiva va\u0161\u00ed ko\u010dce - Bozita Czech\" \/>\n<meta property=\"og:description\" content=\"Pod\u00e1v\u00e1n\u00ed vlhk\u00e9ho krmiva ko\u010dk\u00e1m ka\u017ed\u00fd den m\u00e1 n\u011bkolik v\u00fdhod. Vlhk\u00e9 krmivo umo\u017e\u0148uje ko\u010dce p\u0159ij\u00edmat dostatek tekutin a sni\u017euje riziko vzniku mo\u010dov\u00fdch kamen\u016f. Vlhk\u00e9 krmivo obsahuje m\u00e9n\u011b energie ne\u017e such\u00e9 krmivo. Va\u0161e ko\u010dka se pak m\u016f\u017ee naj\u00edst dosyta, ani\u017e by z\u00edskala p\u0159\u00edli\u0161 mnoho energie, a sn\u00e1ze si udr\u017e\u00ed spr\u00e1vnou hmotnost.\" \/>\n<meta property=\"og:url\" content=\"https:\/\/bozita.com\/cz\/vyhody-kazdodenniho-podavani-vlhkeho-krmiva-vasi-kocce\/\" \/>\n<meta property=\"og:site_name\" content=\"Bozita Czech\" \/>\n<meta property=\"article:modified_time\" content=\"2022-08-23T13:15:45+00:00\" \/>\n<meta property=\"og:image\" content=\"https:\/\/bozita.com\/cz\/wp-content\/uploads\/sites\/12\/2021\/08\/bozita_swedish-natural-quality.jpg\" \/>\n\t<meta property=\"og:image:width\" content=\"800\" \/>\n\t<meta property=\"og:image:height\" content=\"533\" \/>\n\t<meta property=\"og:image:type\" content=\"image\/jpeg\" \/>\n<meta name=\"twitter:card\" content=\"summary_large_image\" \/>\n<!-- \/ Yoast SEO plugin. -->","yoast_head_json":{"title":"V\u00fdhody ka\u017edodenn\u00edho pod\u00e1v\u00e1n\u00ed vlhk\u00e9ho krmiva va\u0161\u00ed ko\u010dce - Bozita Czech","description":"Pod\u00e1v\u00e1n\u00ed vlhk\u00e9ho krmiva ko\u010dk\u00e1m ka\u017ed\u00fd den m\u00e1 n\u011bkolik v\u00fdhod. Vlhk\u00e9 krmivo umo\u017e\u0148uje ko\u010dce p\u0159ij\u00edmat dostatek tekutin a sni\u017euje riziko vzniku mo\u010dov\u00fdch kamen\u016f. Vlhk\u00e9 krmivo obsahuje m\u00e9n\u011b energie ne\u017e such\u00e9 krmivo. Va\u0161e ko\u010dka se pak m\u016f\u017ee naj\u00edst dosyta, ani\u017e by z\u00edskala p\u0159\u00edli\u0161 mnoho energie, a sn\u00e1ze si udr\u017e\u00ed spr\u00e1vnou hmotnost.","robots":{"index":"index","follow":"follow","max-snippet":"max-snippet:-1","max-image-preview":"max-image-preview:large","max-video-preview":"max-video-preview:-1"},"canonical":"https:\/\/bozita.com\/cz\/vyhody-kazdodenniho-podavani-vlhkeho-krmiva-vasi-kocce\/","og_locale":"cs_CZ","og_type":"article","og_title":"V\u00fdhody ka\u017edodenn\u00edho pod\u00e1v\u00e1n\u00ed vlhk\u00e9ho krmiva va\u0161\u00ed ko\u010dce - Bozita Czech","og_description":"Pod\u00e1v\u00e1n\u00ed vlhk\u00e9ho krmiva ko\u010dk\u00e1m ka\u017ed\u00fd den m\u00e1 n\u011bkolik v\u00fdhod. Vlhk\u00e9 krmivo umo\u017e\u0148uje ko\u010dce p\u0159ij\u00edmat dostatek tekutin a sni\u017euje riziko vzniku mo\u010dov\u00fdch kamen\u016f. Vlhk\u00e9 krmivo obsahuje m\u00e9n\u011b energie ne\u017e such\u00e9 krmivo. Va\u0161e ko\u010dka se pak m\u016f\u017ee naj\u00edst dosyta, ani\u017e by z\u00edskala p\u0159\u00edli\u0161 mnoho energie, a sn\u00e1ze si udr\u017e\u00ed spr\u00e1vnou hmotnost.","og_url":"https:\/\/bozita.com\/cz\/vyhody-kazdodenniho-podavani-vlhkeho-krmiva-vasi-kocce\/","og_site_name":"Bozita Czech","article_modified_time":"2022-08-23T13:15:45+00:00","og_image":[{"width":800,"height":533,"url":"https:\/\/bozita.com\/cz\/wp-content\/uploads\/sites\/12\/2021\/08\/bozita_swedish-natural-quality.jpg","type":"image\/jpeg"}],"twitter_card":"summary_large_image","schema":{"@context":"https:\/\/schema.org","@graph":[{"@type":"WebPage","@id":"https:\/\/bozita.com\/cz\/vyhody-kazdodenniho-podavani-vlhkeho-krmiva-vasi-kocce\/","url":"https:\/\/bozita.com\/cz\/vyhody-kazdodenniho-podavani-vlhkeho-krmiva-vasi-kocce\/","name":"V\u00fdhody ka\u017edodenn\u00edho pod\u00e1v\u00e1n\u00ed vlhk\u00e9ho krmiva va\u0161\u00ed ko\u010dce - Bozita Czech","isPartOf":{"@id":"https:\/\/bozita.com\/cz\/#website"},"datePublished":"2022-05-25T10:30:39+00:00","dateModified":"2022-08-23T13:15:45+00:00","description":"Pod\u00e1v\u00e1n\u00ed vlhk\u00e9ho krmiva ko\u010dk\u00e1m ka\u017ed\u00fd den m\u00e1 n\u011bkolik v\u00fdhod. Vlhk\u00e9 krmivo umo\u017e\u0148uje ko\u010dce p\u0159ij\u00edmat dostatek tekutin a sni\u017euje riziko vzniku mo\u010dov\u00fdch kamen\u016f. Vlhk\u00e9 krmivo obsahuje m\u00e9n\u011b energie ne\u017e such\u00e9 krmivo. Va\u0161e ko\u010dka se pak m\u016f\u017ee naj\u00edst dosyta, ani\u017e by z\u00edskala p\u0159\u00edli\u0161 mnoho energie, a sn\u00e1ze si udr\u017e\u00ed spr\u00e1vnou hmotnost.","breadcrumb":{"@id":"https:\/\/bozita.com\/cz\/vyhody-kazdodenniho-podavani-vlhkeho-krmiva-vasi-kocce\/#breadcrumb"},"inLanguage":"cs","potentialAction":[{"@type":"ReadAction","target":["https:\/\/bozita.com\/cz\/vyhody-kazdodenniho-podavani-vlhkeho-krmiva-vasi-kocce\/"]}]},{"@type":"BreadcrumbList","@id":"https:\/\/bozita.com\/cz\/vyhody-kazdodenniho-podavani-vlhkeho-krmiva-vasi-kocce\/#breadcrumb","itemListElement":[{"@type":"ListItem","position":1,"name":"Home","item":"https:\/\/bozita.com\/cz\/"},{"@type":"ListItem","position":2,"name":"V\u00fdhody ka\u017edodenn\u00edho pod\u00e1v\u00e1n\u00ed vlhk\u00e9ho krmiva va\u0161\u00ed ko\u010dce"}]},{"@type":"WebSite","@id":"https:\/\/bozita.com\/cz\/#website","url":"https:\/\/bozita.com\/cz\/","name":"Bozita Czech","description":"","potentialAction":[{"@type":"SearchAction","target":{"@type":"EntryPoint","urlTemplate":"https:\/\/bozita.com\/cz\/?s={search_term_string}"},"query-input":"required name=search_term_string"}],"inLanguage":"cs"}]}},"_links":{"self":[{"href":"https:\/\/bozita.com\/cz\/wp-json\/wp\/v2\/pages\/6454"}],"collection":[{"href":"https:\/\/bozita.com\/cz\/wp-json\/wp\/v2\/pages"}],"about":[{"href":"https:\/\/bozita.com\/cz\/wp-json\/wp\/v2\/types\/page"}],"author":[{"embeddable":true,"href":"https:\/\/bozita.com\/cz\/wp-json\/wp\/v2\/users\/1"}],"replies":[{"embeddable":true,"href":"https:\/\/bozita.com\/cz\/wp-json\/wp\/v2\/comments?post=6454"}],"version-history":[{"count":14,"href":"https:\/\/bozita.com\/cz\/wp-json\/wp\/v2\/pages\/6454\/revisions"}],"predecessor-version":[{"id":7560,"href":"https:\/\/bozita.com\/cz\/wp-json\/wp\/v2\/pages\/6454\/revisions\/7560"}],"wp:featuredmedia":[{"embeddable":true,"href":"https:\/\/bozita.com\/cz\/wp-json\/wp\/v2\/media\/6400"}],"wp:attachment":[{"href":"https:\/\/bozita.com\/cz\/wp-json\/wp\/v2\/media?parent=6454"}],"curies":[{"name":"wp","href":"https:\/\/api.w.org\/{rel}","templated":true}]}}