{"id":6458,"date":"2022-05-25T10:30:40","date_gmt":"2022-05-25T10:30:40","guid":{"rendered":"https:\/\/bozita.com\/cz\/zasady-pouzivani-souboru-cookie\/"},"modified":"2022-11-28T10:22:46","modified_gmt":"2022-11-28T10:22:46","slug":"cookiepolicy","status":"publish","type":"page","link":"https:\/\/bozita.com\/cz\/cookiepolicy\/","title":{"rendered":"Z\u00e1sady pou\u017e\u00edv\u00e1n\u00ed soubor\u016f cookie"},"content":{"rendered":"\t\t<section class=\"small-hero\">\n\t\t\t<div class=\"container\">\n\t\t\t\t<h5>Bozita<\/h5><h1 class=\"small-hero-title\">Z\u00e1sady pou\u017e\u00edv\u00e1n\u00ed soubor\u016f cookie<\/h1>\t\t\t<\/div>\n\t\t\t<\/div>\n\t\t<\/section>\n\t\n\n\t<div class=\"text-box-warp\">\n\t\t<div class=\"container\">\n\t\t\t<div class=\"text-content\">\n\t\t\t\t<h2>Soubory cookie<\/h2>\n<p>V souladu se z\u00e1konem o elektronick\u00e9 komunikaci, kter\u00fd vstoupil v platnost 25. \u010dervence 2003, mus\u00ed b\u00fdt ka\u017ed\u00e9mu, kdo nav\u0161t\u00edv\u00ed webov\u00e9 str\u00e1nky vyu\u017e\u00edvaj\u00edc\u00ed soubory cookie, poskytnuta informace o tom, \u017ee webov\u00e9 str\u00e1nky obsahuj\u00ed soubory cookie, k \u010demu se pou\u017e\u00edvaj\u00ed a jak se jim lze vyhnout.<\/p>\n<h2>POU\u017d\u00cdV\u00c1 bozita.com\/cz SOUBORY COOKIE? <\/h2>\n<p>Trval\u00e9 soubory cookie pou\u017e\u00edv\u00e1me za \u00fa\u010delem vytv\u00e1\u0159en\u00ed statistik n\u00e1v\u0161t\u011bvnosti.<\/p>\n<h2>K \u010cEMU SE SOUBORY COOKIE POU\u017d\u00cdVAJ\u00cd?<\/h2>\n<p>Soubor cookie je mal\u00fd textov\u00fd soubor ulo\u017een\u00fd ve va\u0161em po\u010d\u00edta\u010di, kter\u00fd obsahuje informace. Soubory cookie se pou\u017e\u00edvaj\u00ed z \u010dist\u011b technick\u00fdch d\u016fvod\u016f pro fungov\u00e1n\u00ed webov\u00fdch str\u00e1nek, nap\u0159\u00edklad pro p\u0159ihla\u0161ov\u00e1n\u00ed, navigaci a zpracov\u00e1n\u00ed formul\u00e1\u0159\u016f. Existuj\u00ed dva druhy soubor\u016f cookie, druh, kter\u00fd ukl\u00e1d\u00e1 soubor trvale ve va\u0161em po\u010d\u00edta\u010di, a jin\u00fd druh, kter\u00fd se ukl\u00e1d\u00e1 do\u010dasn\u011b po dobu n\u00e1v\u0161t\u011bvy webov\u00e9 str\u00e1nky.<\/p>\n<h2>INFORMACE O NA\u0160ICH COOKIES<\/h2>\n<p>N\u00e1sleduj\u00edc\u00ed soubory cookie pou\u017e\u00edv\u00e1me pro n\u00e1sleduj\u00edc\u00ed \u00fa\u010dely:<br \/>\n<script id=\"CookieDeclaration\" src=\"https:\/\/consent.cookiebot.com\/78b85fce-4155-426b-b5ba-ca8fd119b8e1\/cd.js\" type=\"text\/javascript\" async><\/script><\/p>\n<h2>JAK SE M\u016e\u017dETE COOKIES VYHNOUT?<\/h2>\n<p>Pokud si nep\u0159ejete povolit ukl\u00e1d\u00e1n\u00ed soubor\u016f cookie ve sv\u00e9m po\u010d\u00edta\u010di, m\u016f\u017eete tomu zabr\u00e1nit zak\u00e1z\u00e1n\u00edm t\u00e9to mo\u017enosti v nastaven\u00ed sv\u00e9ho prohl\u00ed\u017ee\u010de (viz pokyny v prohl\u00ed\u017ee\u010di, postup se li\u0161\u00ed podle toho, jak\u00fd prohl\u00ed\u017ee\u010d pou\u017e\u00edv\u00e1te). To v\u0161ak znamen\u00e1, \u017ee funk\u010dnost webov\u00fdch str\u00e1nek je omezena.<\/p>\n<h2>GDPR<\/h2>\n<p>V\u00e1mi zaslan\u00e9 informace zpracov\u00e1v\u00e1me v souladu s na\u0159\u00edzen\u00edm GDPR. V\u00edce informac\u00ed o tom, jak pracujeme s GDPR, najdete v na\u0161ich Z\u00e1sad\u00e1ch ochrany osobn\u00edch \u00fadaj\u016f. Informace, kter\u00e9 n\u00e1m za\u0161lete, budou pou\u017eity pouze v r\u00e1mci slu\u017eby Doggy.<\/p>\n\t\t\t<\/div>\n\t\t<\/div>\n\t<\/div>\n","protected":false},"excerpt":{"rendered":"","protected":false},"author":4,"featured_media":6459,"parent":0,"menu_order":0,"comment_status":"closed","ping_status":"closed","template":"guternberg.php","meta":{"footnotes":""},"acf":[],"yoast_head":"<!-- This site is optimized with the Yoast SEO plugin v21.3 - https:\/\/yoast.com\/wordpress\/plugins\/seo\/ -->\n<title>Z\u00e1sady pou\u017e\u00edv\u00e1n\u00ed soubor\u016f cookie - Bozita Czech<\/title>\n<meta name=\"description\" content=\"P\u0159e\u010dt\u011bte si v\u00edce o tom, jak\u00e9 soubory cookie se na bozita.se pou\u017e\u00edvaj\u00ed, k \u010demu slou\u017e\u00ed a jak se jim m\u016f\u017eete vyhnout.\" \/>\n<meta name=\"robots\" content=\"index, follow, max-snippet:-1, max-image-preview:large, max-video-preview:-1\" \/>\n<link rel=\"canonical\" href=\"https:\/\/bozita.com\/cz\/cookiepolicy\/\" \/>\n<meta property=\"og:locale\" content=\"cs_CZ\" \/>\n<meta property=\"og:type\" content=\"article\" \/>\n<meta property=\"og:title\" content=\"Z\u00e1sady pou\u017e\u00edv\u00e1n\u00ed soubor\u016f cookie - Bozita Czech\" \/>\n<meta property=\"og:description\" content=\"P\u0159e\u010dt\u011bte si v\u00edce o tom, jak\u00e9 soubory cookie se na bozita.se pou\u017e\u00edvaj\u00ed, k \u010demu slou\u017e\u00ed a jak se jim m\u016f\u017eete vyhnout.\" \/>\n<meta property=\"og:url\" content=\"https:\/\/bozita.com\/cz\/cookiepolicy\/\" \/>\n<meta property=\"og:site_name\" content=\"Bozita Czech\" \/>\n<meta property=\"article:modified_time\" content=\"2022-11-28T10:22:46+00:00\" \/>\n<meta property=\"og:image\" content=\"https:\/\/bozita.com\/cz\/wp-content\/uploads\/sites\/12\/2021\/08\/bozita-introducera-katt-till-nytt-hem.jpg\" \/>\n\t<meta property=\"og:image:width\" content=\"800\" \/>\n\t<meta property=\"og:image:height\" content=\"533\" \/>\n\t<meta property=\"og:image:type\" content=\"image\/jpeg\" \/>\n<meta name=\"twitter:card\" content=\"summary_large_image\" \/>\n<!-- \/ Yoast SEO plugin. -->","yoast_head_json":{"title":"Z\u00e1sady pou\u017e\u00edv\u00e1n\u00ed soubor\u016f cookie - Bozita Czech","description":"P\u0159e\u010dt\u011bte si v\u00edce o tom, jak\u00e9 soubory cookie se na bozita.se pou\u017e\u00edvaj\u00ed, k \u010demu slou\u017e\u00ed a jak se jim m\u016f\u017eete vyhnout.","robots":{"index":"index","follow":"follow","max-snippet":"max-snippet:-1","max-image-preview":"max-image-preview:large","max-video-preview":"max-video-preview:-1"},"canonical":"https:\/\/bozita.com\/cz\/cookiepolicy\/","og_locale":"cs_CZ","og_type":"article","og_title":"Z\u00e1sady pou\u017e\u00edv\u00e1n\u00ed soubor\u016f cookie - Bozita Czech","og_description":"P\u0159e\u010dt\u011bte si v\u00edce o tom, jak\u00e9 soubory cookie se na bozita.se pou\u017e\u00edvaj\u00ed, k \u010demu slou\u017e\u00ed a jak se jim m\u016f\u017eete vyhnout.","og_url":"https:\/\/bozita.com\/cz\/cookiepolicy\/","og_site_name":"Bozita Czech","article_modified_time":"2022-11-28T10:22:46+00:00","og_image":[{"width":800,"height":533,"url":"https:\/\/bozita.com\/cz\/wp-content\/uploads\/sites\/12\/2021\/08\/bozita-introducera-katt-till-nytt-hem.jpg","type":"image\/jpeg"}],"twitter_card":"summary_large_image","schema":{"@context":"https:\/\/schema.org","@graph":[{"@type":"WebPage","@id":"https:\/\/bozita.com\/cz\/cookiepolicy\/","url":"https:\/\/bozita.com\/cz\/cookiepolicy\/","name":"Z\u00e1sady pou\u017e\u00edv\u00e1n\u00ed soubor\u016f cookie - Bozita Czech","isPartOf":{"@id":"https:\/\/bozita.com\/cz\/#website"},"datePublished":"2022-05-25T10:30:40+00:00","dateModified":"2022-11-28T10:22:46+00:00","description":"P\u0159e\u010dt\u011bte si v\u00edce o tom, jak\u00e9 soubory cookie se na bozita.se pou\u017e\u00edvaj\u00ed, k \u010demu slou\u017e\u00ed a jak se jim m\u016f\u017eete vyhnout.","breadcrumb":{"@id":"https:\/\/bozita.com\/cz\/cookiepolicy\/#breadcrumb"},"inLanguage":"cs","potentialAction":[{"@type":"ReadAction","target":["https:\/\/bozita.com\/cz\/cookiepolicy\/"]}]},{"@type":"BreadcrumbList","@id":"https:\/\/bozita.com\/cz\/cookiepolicy\/#breadcrumb","itemListElement":[{"@type":"ListItem","position":1,"name":"Home","item":"https:\/\/bozita.com\/cz\/"},{"@type":"ListItem","position":2,"name":"Z\u00e1sady pou\u017e\u00edv\u00e1n\u00ed soubor\u016f cookie"}]},{"@type":"WebSite","@id":"https:\/\/bozita.com\/cz\/#website","url":"https:\/\/bozita.com\/cz\/","name":"Bozita Czech","description":"","potentialAction":[{"@type":"SearchAction","target":{"@type":"EntryPoint","urlTemplate":"https:\/\/bozita.com\/cz\/?s={search_term_string}"},"query-input":"required name=search_term_string"}],"inLanguage":"cs"}]}},"_links":{"self":[{"href":"https:\/\/bozita.com\/cz\/wp-json\/wp\/v2\/pages\/6458"}],"collection":[{"href":"https:\/\/bozita.com\/cz\/wp-json\/wp\/v2\/pages"}],"about":[{"href":"https:\/\/bozita.com\/cz\/wp-json\/wp\/v2\/types\/page"}],"author":[{"embeddable":true,"href":"https:\/\/bozita.com\/cz\/wp-json\/wp\/v2\/users\/4"}],"replies":[{"embeddable":true,"href":"https:\/\/bozita.com\/cz\/wp-json\/wp\/v2\/comments?post=6458"}],"version-history":[{"count":7,"href":"https:\/\/bozita.com\/cz\/wp-json\/wp\/v2\/pages\/6458\/revisions"}],"predecessor-version":[{"id":7646,"href":"https:\/\/bozita.com\/cz\/wp-json\/wp\/v2\/pages\/6458\/revisions\/7646"}],"wp:featuredmedia":[{"embeddable":true,"href":"https:\/\/bozita.com\/cz\/wp-json\/wp\/v2\/media\/6459"}],"wp:attachment":[{"href":"https:\/\/bozita.com\/cz\/wp-json\/wp\/v2\/media?parent=6458"}],"curies":[{"name":"wp","href":"https:\/\/api.w.org\/{rel}","templated":true}]}}