{"id":6480,"date":"2022-05-25T10:30:42","date_gmt":"2022-05-25T10:30:42","guid":{"rendered":"https:\/\/bozita.com\/cz\/jake-krmivo-a-kolik-by-mel-pes-snist-za-den\/"},"modified":"2022-07-04T12:35:20","modified_gmt":"2022-07-04T12:35:20","slug":"jake-krmivo-a-kolik-by-mel-pes-snist-za-den","status":"publish","type":"page","link":"https:\/\/bozita.com\/cz\/jake-krmivo-a-kolik-by-mel-pes-snist-za-den\/","title":{"rendered":"Jak\u00e9 krmivo a kolik by m\u011bl pes sn\u00edst za den"},"content":{"rendered":"\t\t<section class=\"small-hero\">\n\t\t\t<div class=\"container\">\n\t\t\t\t<h1 class=\"small-hero-title\">Jak\u00e9 krmivo a kolik by m\u011bl pes sn\u00edst za den<\/h1>\t\t\t<\/div>\n\t\t\t<\/div>\n\t\t<\/section>\n\t\n\n\t<div class=\"text-box-warp\">\n\t\t<div class=\"container\">\n\t\t\t<div class=\"text-content\">\n\t\t\t\t<p>Kvalitn\u00ed a vyv\u00e1\u017een\u00e9 krmivo je d\u016fle\u017eit\u00e9 pro zdrav\u00ed a pohodu va\u0161eho psa. Stejn\u011b jako my lid\u00e9, i v\u00e1\u0161 pes pot\u0159ebuje vyv\u00e1\u017eenou stravu a je d\u016fle\u017eit\u00e9, aby v r\u016fzn\u00fdch f\u00e1z\u00edch sv\u00e9ho \u017eivota dost\u00e1val pot\u0159ebn\u00e9 \u017eiviny<\/p>\n<h2>CO JED\u00cd PSI<\/h2>\n<p>Psi poch\u00e1zej\u00ed z vlk\u016f, co\u017e je sme\u010dkov\u00fd maso\u017eravec, kter\u00fd se \u017eiv\u00ed masem. Prvn\u00ed vlci byli domestikov\u00e1ni p\u0159ed 15 000 a\u017e 30 000 lety a stali se z nich psi. Od t\u00e9 doby se toho hodn\u011b zm\u011bnilo a mnoho ps\u016f se od vlka vzhledov\u011b velmi li\u0161\u00ed. Dal\u0161\u00edm rozd\u00edlem je, \u017ee pes m\u00e1 oproti vlkovi lep\u0161\u00ed schopnost tr\u00e1vit \u0161krob. To vedlo k diskus\u00edm o tom, zda by m\u011bl b\u00fdt pes klasifikov\u00e1n jako maso\u017eravec, nebo zda je ve skute\u010dnosti v\u0161e\u017eravec. Bez ohledu na to, do jak\u00e9 kategorie je pes za\u0159azen, pot\u0159ebuje pe\u010dliv\u011b vyv\u00e1\u017een\u00e9 krmivo, kter\u00e9 podpo\u0159\u00ed jeho zdrav\u00ed a aktivitu.<\/p>\n<p>V\u0161echna <a href=\"https:\/\/bozita.com\/cz\/krmivo-pro-psy\/\">krmiva pro psy Bozita<\/a> jsou kompletn\u00ed krmiva vyr\u00e1b\u011bn\u00e1 ve \u0160v\u00e9dsku podle receptur vyvinut\u00fdch odborn\u00edky na v\u00fd\u017eivu ps\u016f. Kompletn\u00ed krmivo znamen\u00e1, \u017ee obsahuje v\u0161echny \u017eiviny, kter\u00e9 pes pot\u0159ebuje, a to v c\u00edlov\u00e9m mno\u017estv\u00ed. V na\u0161\u00ed tov\u00e1rn\u011b ve V\u00e5rg\u00e5rd\u011b vyr\u00e1b\u00edme such\u00e9 i vlhk\u00e9 krmivo. Chcete-li se dozv\u011bd\u011bt v\u00edce o tom, kter\u00fd typ je pro va\u0161eho psa nejvhodn\u011bj\u0161\u00ed, p\u0159e\u010dt\u011bte si to n\u00ed\u017ee.<\/p>\n<h3>SUCH\u00c9 KRMIVO<\/h3>\n<p>Such\u00e9 krmivo je nejb\u011b\u017en\u011bj\u0161\u00ed formou krmiva pro psy. Ze v\u0161ech ingredienc\u00ed se uhn\u011bte t\u011bsto, kter\u00e9 se n\u00e1sledn\u011b vytvaruje do kuli\u010dky. Such\u00e9 krmivo se snadno zpracov\u00e1v\u00e1 a skladuje a existuj\u00ed r\u016fzn\u00e9 druhy, kter\u00e9 uspokoj\u00ed v\u0161echny pot\u0159eby va\u0161eho psa. Krmivo m\u016f\u017eete vyb\u00edrat podle v\u011bku, \u00farovn\u011b aktivity a velikosti psa. Krom\u011b toho existuj\u00ed krmiva pro psy se speci\u00e1ln\u00edmi po\u017eadavky, jako jsou alternativy bez p\u0161enice nebo obilovin, krmiva pro psy s citlivou k\u016f\u017e\u00ed nebo \u017ealudkem, krmiva pouze s jedn\u00edm zdrojem b\u00edlkovin (tzv. single protein) a krmiva pro psy se sklonem k p\u0159ib\u00edr\u00e1n\u00ed kilogram\u016f nav\u00edc a nadv\u00e1ze. Prohl\u00e9dn\u011bte <a href=\"https:\/\/bozita.com\/cz\/krmivo-pro-psy\/\">si nab\u00eddku such\u00fdch krmiv Bozita<\/a><b> <\/b>a najd\u011bte ten spr\u00e1vn\u00fd produkt pr\u00e1v\u011b pro va\u0161eho psa.<\/p>\n<h3>VLHK\u00c9 KRMIVO<\/h3>\n<p>Vlhk\u00e9 krmivo je pro psa dobr\u00fdm zdrojem tekutin a energie nav\u00edc a m\u016f\u017ee b\u00fdt pou\u017eito jako kompletn\u00ed krmivo nebo jako dopln\u011bk k such\u00e9mu krmivu. M\u011bli byste m\u00edt na pam\u011bti, \u017ee po otev\u0159en\u00ed balen\u00ed je doba pou\u017eitelnosti krat\u0161\u00ed. Vlhk\u00e9 krmivo <a href=\"https:\/\/bozita.com\/cz\/bozita-vlhke-krmivo-pro-psy\/\">Bozita najdete<\/a> zde.<\/p>\n<p><strong>Dal\u0161\u00ed informace<\/strong><\/p>\n<ul>\n<li><a href=\"https:\/\/bozita.com\/cz\/bozita-krmivo-pro-stenata-vyrobene-ve-svedsku\/\">Krmivo pro\u0161t\u011b\u0148ata a krmivo pro b\u0159ez\u00ed a koj\u00edc\u00ed feny<\/a><\/li>\n<li><a href=\"https:\/\/bozita.com\/cz\/co-by-psi-nemeli-jist\/\">Co by psi nem\u011bli j\u00edst<\/a><\/li>\n<\/ul>\n<h2>CO PSI JED\u00cd &#8211; B\u00cdLKOVINY A TUKY<\/h2>\n<p>Psi pot\u0159ebuj\u00ed ur\u010dit\u00e9 mno\u017estv\u00ed b\u00edlkovin a spr\u00e1vn\u00e9 mno\u017estv\u00ed esenci\u00e1ln\u00edch aminokyselin v krmivu, aby byli schopni fungovat a c\u00edtit se dob\u0159e. B\u00edlkoviny jsou \u017eiviny, kter\u00e9 se skl\u00e1daj\u00ed z aminokyselin. Existuje 20 aminokyselin, z nich\u017e 10 je esenci\u00e1ln\u00edch, co\u017e znamen\u00e1, \u017ee je pes mus\u00ed z\u00edsk\u00e1vat ze stravy, proto\u017ee si je nedok\u00e1\u017ee s\u00e1m vyrobit.<\/p>\n<p>B\u00edlkoviny jsou z\u00e1kladn\u00edm stavebn\u00edm prvkem sval\u016f a tk\u00e1n\u00ed v t\u011ble a jsou pot\u0159ebn\u00e9 v ur\u010dit\u00e9m mno\u017estv\u00ed pro udr\u017een\u00ed svalov\u00e9 hmoty a pro dobrou k\u016f\u017ei, srst a dr\u00e1py. Pokud pes p\u0159ij\u00edm\u00e1 v\u00edce b\u00edlkovin, ne\u017e pot\u0159ebuje, p\u0159em\u011bn\u00ed se p\u0159ebytek na energii. B\u00edlkoviny se nach\u00e1zej\u00ed jak v \u017eivo\u010di\u0161n\u00fdch, tak v rostlinn\u00fdch zdroj\u00edch, ale maso m\u00e1 obecn\u011b vy\u0161\u0161\u00ed obsah b\u00edlkovin ne\u017e rostliny.<\/p>\n<p>Tuk je \u017eivina s velmi vysok\u00fdm obsahem energie. Obsahuje toti\u017e dvakr\u00e1t v\u00edce energie ne\u017e b\u00edlkoviny nebo sacharidy. Proto je obsah tuku obvykle vy\u0161\u0161\u00ed ve v\u00fdrobc\u00edch ur\u010den\u00fdch pro aktivn\u00ed psy a pro \u0161t\u011b\u0148ata, kter\u00e1 maj\u00ed vy\u0161\u0161\u00ed energetickou pot\u0159ebu. Tuk nejen\u017ee dod\u00e1v\u00e1 psovi energii, ale je tak\u00e9 stavebn\u00edm prvkem bun\u011b\u010dn\u00fdch membr\u00e1n, pom\u00e1h\u00e1 p\u0159en\u00e1\u0161et \u017eiviny a m\u00e1 izola\u010dn\u00ed vlastnosti. Pro psy existuj\u00ed dv\u011b esenci\u00e1ln\u00ed mastn\u00e9 kyseliny, omega-3 a omega-6. Pes je mus\u00ed z\u00edsk\u00e1vat ze stravy. Omega-3 a omega-6 jsou mimo jin\u00e9 d\u016fle\u017eit\u00e9 pro zdravou srst a k\u016f\u017ei.<\/p>\n<h2>CO PSI JED\u00cd &#8211; \u0160KROB<\/h2>\n<p>\u0160krob pat\u0159\u00ed do skupiny sacharid\u016f spolu s vl\u00e1kninou a r\u016fzn\u00fdmi cukry. Na rozd\u00edl od vlk\u016f maj\u00ed psi v\u00edce enzymu amyl\u00e1zy, kter\u00fd \u0161t\u011bp\u00ed \u0161krob a umo\u017e\u0148uje jim ho pom\u011brn\u011b snadno tr\u00e1vit. I kdy\u017e psi dob\u0159e \u0161t\u011bp\u00ed \u0161krob, je d\u016fle\u017eit\u00e9, aby byl dob\u0159e uva\u0159en\u00fd, aby byl snadno straviteln\u00fd. Krom\u011b toho, \u017ee \u0161krob p\u0159isp\u00edv\u00e1 \u017eivinami, pom\u00e1h\u00e1 p\u0159i v\u00fdrob\u011b such\u00e9ho krmiva. Zah\u0159\u00e1t\u00fd \u0161krob p\u016fsob\u00ed jako lepidlo, kter\u00e9 pom\u00e1h\u00e1 spojit r\u016fzn\u00e9 ingredience dohromady a snadno vytv\u00e1\u0159\u00ed kousky o velikosti sousta. Suroviny, jako je r\u00fd\u017ee a brambory, p\u0159irozen\u011b obsahuj\u00ed velk\u00e9 mno\u017estv\u00ed \u0161krobu.<\/p>\n<h2>CO PSI JED\u00cd &#8211; VITAM\u00cdNY A MINER\u00c1LY<\/h2>\n<p>Vitam\u00edny a miner\u00e1ly jsou velkou skupinou \u017eivin, kter\u00e9 maj\u00ed v t\u011ble r\u016fzn\u00e9 funkce. Nap\u0159\u00edklad vitamin D je d\u016fle\u017eit\u00fd pro kosti a vitamin A pro zrak a imunitn\u00ed syst\u00e9m. V\u011bt\u0161ina vitamin\u016f a miner\u00e1ln\u00edch l\u00e1tek obsa\u017een\u00fdch v potravin\u00e1ch poch\u00e1z\u00ed p\u0159irozen\u011b z \u017eivo\u010di\u0161n\u00fdch a rostlinn\u00fdch produkt\u016f. Aby v\u00e1\u0161 pes dostal v\u0161echny nezbytn\u00e9 vitam\u00edny a miner\u00e1ly, kter\u00e9 pot\u0159ebuje, p\u0159id\u00e1v\u00e1 Bozita n\u011bco nav\u00edc, tak\u017ee v\u00e1\u0161 pes z\u016fstane mimo\u0159\u00e1dn\u011b zdrav\u00fd a siln\u00fd<\/p>\n<h2>KOLIK BY M\u011aL PES SN\u00cdST ZA DEN?<\/h2>\n<p>Mno\u017estv\u00ed denn\u00ed stravy va\u0161eho psa z\u00e1vis\u00ed na jeho velikosti, plemeni, \u017eivotn\u00ed f\u00e1zi a \u00farovni aktivity. Ujist\u011bte se, \u017ee jste vybrali krmivo, kter\u00e9 vyhovuje konkr\u00e9tn\u00edm pot\u0159eb\u00e1m va\u0161eho psa, a v dob\u011b j\u00eddla se \u0159i\u010fte pokyny pro krmen\u00ed. M\u011bjte v\u0161ak na pam\u011bti, \u017ee porce uveden\u00e9 v pr\u016fvodci krmen\u00edm nezohled\u0148uj\u00ed pamlsky a jin\u00e9 pochutiny, kter\u00e9 m\u016f\u017ee v\u00e1\u0161 pes sn\u00edst mezi j\u00eddly. Mno\u017estv\u00ed, kter\u00e9 pot\u0159ebuj\u00ed, je velmi variabiln\u00ed a z\u00e1vis\u00ed na tom, jak je v\u00e1\u0161 pes aktivn\u00ed. Nejlep\u0161\u00ed, co m\u016f\u017eete ud\u011blat, je p\u0159izp\u016fsobit mno\u017estv\u00ed krmiva t\u011blesn\u00e9mu typu a kondici va\u0161eho psa.<\/p>\n<p>P\u0159i hled\u00e1n\u00ed krmiva pro <a href=\"https:\/\/bozita.com\/cz\/krmivo-pro-psy\/\">psy Bozita m\u016f\u017eete<\/a> filtrovat podle \u017eivotn\u00edho st\u00e1dia, typu krmiva, \u00farovn\u011b aktivity a velikosti. Snadn\u011bji tak najdete krmivo, kter\u00e9 va\u0161emu psovi vyhovuje. Pokud m\u00e1 v\u00e1\u0161 pes chu\u0165ov\u00e9 preference, m\u016f\u017eete je tak\u00e9 nastavit jako filtr.<br \/>\nJAK<\/p>\n<h2>\u010cASTO BY M\u011aL PES J\u00cdST?<\/h2>\n<p>Je b\u011b\u017en\u00e9, \u017ee pes j\u00ed dvakr\u00e1t denn\u011b, ale ps\u016fm, kte\u0159\u00ed maj\u00ed probl\u00e9my s p\u0159\u00edjmem potravy, m\u016f\u017eete j\u00eddlo rozd\u011blit na men\u0161\u00ed porce a pod\u00e1vat je n\u011bkolikr\u00e1t denn\u011b. M\u011bli byste m\u00edt na pam\u011bti, \u017ee v\u00e1\u0161 pes pot\u0159ebuje pravideln\u011b j\u00edst a m\u00edt p\u0159\u00edstup k \u010dist\u00e9 a \u010derstv\u00e9 vod\u011b. Chcete-li m\u00edt zdrav\u00e9ho psa, kter\u00fd si udr\u017euje svou v\u00e1hu, nezapome\u0148te zohlednit pamlsky, kter\u00e9 sn\u00ed p\u0159ed j\u00eddlem.<\/p>\n<p>\u0160t\u011b\u0148ata jed\u00ed \u010dast\u011bji. Abyste p\u0159ede\u0161li p\u0159et\u00ed\u017een\u00ed mal\u00e9ho \u017ealudku, m\u016f\u017eete \u0161t\u011bn\u011bti d\u00e1vat men\u0161\u00ed porce 3-4kr\u00e1t denn\u011b. Kdy\u017e jsou velmi mal\u00e1, m\u016f\u017eete jim pod\u00e1vat vlhkou stravu, abyste jim pomohli j\u00edst.<\/p>\n<p><strong>Dal\u0161\u00ed informace<\/strong><\/p>\n<ul>\n<li><a href=\"https:\/\/bozita.com\/cz\/krmivo-pro-psy-bez-obilovin-vse-co-potrebujete-vedet\/\">Co by m\u011bla \u0161t\u011b\u0148ata j\u00edst \u2013 jak \u010dasto a kolik<\/a><\/li>\n<\/ul>\n<h2>CO JED\u00cd PSI \u2013 DOPORU\u010cEN\u00cd BOZITA<\/h2>\n<ul>\n<li>Vyberte kompletn\u00ed krmivo p\u0159izp\u016fsoben\u00e9 velikosti, plemeni, \u017eivotn\u00edmu st\u00e1diu a \u00farovni aktivity va\u0161eho psa.<\/li>\n<li>Krmivo pro psy d\u00e1vejte ps\u016fm a ne jin\u00fdm dom\u00e1c\u00edm zv\u00ed\u0159at\u016fm.<\/li>\n<li>Udr\u017eujte misky na j\u00eddlo a j\u00eddeln\u00ed prostor v \u010distot\u011b a odstra\u0148te j\u00eddlo, kter\u00e9 pes nesn\u011bdl.<\/li>\n<li>Dbejte na to, aby m\u011bl v\u00e1\u0161 pes v\u017edy p\u0159\u00edstup k \u010derstv\u00e9 vod\u011b.<\/li>\n<li>Krom\u011b such\u00e9ho krmiva pod\u00e1vejte i vlhk\u00e9 krmivo.<\/li>\n<li>Udr\u017eujte norm\u00e1ln\u00ed hmotnost sv\u00e9ho psa, abyste se vyhnuli nemocem souvisej\u00edc\u00edm s hmotnost\u00ed.<\/li>\n<li>Sledujte aktu\u00e1ln\u00ed informace o v\u011bcech, kter\u00e9 jsou pro va\u0161eho psa toxick\u00e9 nebo \u0161kodliv\u00e9.<\/li>\n<li>Vyberte si speci\u00e1ln\u00ed krmivo pro psy s citliv\u00fdm \u017ealudkem.<\/li>\n<\/ul>\n<p><strong>Dal\u0161\u00ed informace<\/strong><\/p>\n<ul>\n<li><a href=\"https:\/\/bozita.com\/cz\/co-by-psi-nemeli-jist\/\">Co by psi nem\u011bli j\u00edst<\/a><\/li>\n<li><a href=\"https:\/\/bozita.com\/cz\/krmivo-pro-brezi-a-kojici-feny\/\">B\u0159ez\u00ed a koj\u00edc\u00ed feny<\/a><\/li>\n<li><a href=\"https:\/\/bozita.com\/cz\/prechod-z-krmiva-pro-stenata-na-krmivo-pro-dospele\/\">P\u0159echod z krmiva pro \u0161t\u011b\u0148ata na krmivo pro dosp\u011bl\u00e9<\/a><\/li>\n<li><a href=\"https:\/\/bozita.com\/cz\/krmivo-pro-psy-s-citlivym-zaludkem\/\">Krmivo pro psy s citliv\u00fdm \u017ealudkem<\/a><\/li>\n<li><a href=\"https:\/\/bozita.com\/cz\/krmivo-pro-psy-bez-obilovin-vse-co-potrebujete-vedet\/\">Krmivo pro psy bez obilovin &#8211; v\u0161e, co pot\u0159ebujete v\u011bd\u011bt<\/a><\/li>\n<li><a href=\"https:\/\/bozita.com\/cz\/krmivo-pro-psy\/\">Krmivo pro psy Bozita &#8211; v\u0161e, co pot\u0159ebujete v\u011bd\u011bt<\/a><\/li>\n<\/ul>\n\t\t\t<\/div>\n\t\t<\/div>\n\t<\/div>\n\n\n<section class=\"block full-section-promo\">\n\t<div class=\"container\">\n\t\t<div class=\"mb-3 row align-items-center \n\t\t\t\t\">\n\t\t\t<div class=\"col-md-6\">\n\t\t\t\t\t\t\t\t\t<img decoding=\"async\" src=\"https:\/\/bozita.com\/cz\/wp-content\/uploads\/sites\/12\/2021\/08\/cecilia-hjelm-promo.jpg\" alt=\"\">\n\t\t\t\t\t\n\t\t\t<\/div>\n\t\t\t<div class=\"col-md-6\">\n\t\t\t\t<h2>CECILIA HJELM <\/h2><p>Kvalifikovan\u00e1 agronomka a v\u00fdvoj\u00e1\u0159ka produkt\u016f pro dom\u00e1c\u00ed zv\u00ed\u0159ata se specializac\u00ed na v\u00fd\u017eivu <\/p>\t\t\t<\/div>\n\t\t<\/div>\n\n\n\t<\/div>\n<\/section>\n","protected":false},"excerpt":{"rendered":"","protected":false},"author":1,"featured_media":6346,"parent":0,"menu_order":0,"comment_status":"closed","ping_status":"closed","template":"guternberg.php","meta":{"footnotes":""},"acf":[],"yoast_head":"<!-- This site is optimized with the Yoast SEO plugin v21.3 - https:\/\/yoast.com\/wordpress\/plugins\/seo\/ -->\n<title>Jak\u00e9 krmivo a kolik by m\u011bl pes sn\u00edst za den - Bozita Czech<\/title>\n<meta name=\"description\" content=\"Kvalitn\u00ed a vyv\u00e1\u017een\u00e9 krmivo pro psy je d\u016fle\u017eit\u00e9, aby se v\u00e1\u0161 pes c\u00edtil dob\u0159e. Bozita v\u00e1m pom\u016f\u017ee s t\u00edm, co, kolik a jak \u010dasto by m\u011bl pes denn\u011b j\u00edst.\" \/>\n<meta name=\"robots\" content=\"index, follow, max-snippet:-1, max-image-preview:large, max-video-preview:-1\" \/>\n<link rel=\"canonical\" href=\"https:\/\/bozita.com\/cz\/jake-krmivo-a-kolik-by-mel-pes-snist-za-den\/\" \/>\n<meta property=\"og:locale\" content=\"cs_CZ\" \/>\n<meta property=\"og:type\" content=\"article\" \/>\n<meta property=\"og:title\" content=\"Jak\u00e9 krmivo a kolik by m\u011bl pes sn\u00edst za den - Bozita Czech\" \/>\n<meta property=\"og:description\" content=\"Kvalitn\u00ed a vyv\u00e1\u017een\u00e9 krmivo pro psy je d\u016fle\u017eit\u00e9, aby se v\u00e1\u0161 pes c\u00edtil dob\u0159e. Bozita v\u00e1m pom\u016f\u017ee s t\u00edm, co, kolik a jak \u010dasto by m\u011bl pes denn\u011b j\u00edst.\" \/>\n<meta property=\"og:url\" content=\"https:\/\/bozita.com\/cz\/jake-krmivo-a-kolik-by-mel-pes-snist-za-den\/\" \/>\n<meta property=\"og:site_name\" content=\"Bozita Czech\" \/>\n<meta property=\"article:modified_time\" content=\"2022-07-04T12:35:20+00:00\" \/>\n<meta property=\"og:image\" content=\"https:\/\/bozita.com\/cz\/wp-content\/uploads\/sites\/12\/2021\/06\/bozita-utfodra-valp.jpg\" \/>\n\t<meta property=\"og:image:width\" content=\"1600\" \/>\n\t<meta property=\"og:image:height\" content=\"578\" \/>\n\t<meta property=\"og:image:type\" content=\"image\/jpeg\" \/>\n<meta name=\"twitter:card\" content=\"summary_large_image\" \/>\n<!-- \/ Yoast SEO plugin. -->","yoast_head_json":{"title":"Jak\u00e9 krmivo a kolik by m\u011bl pes sn\u00edst za den - Bozita Czech","description":"Kvalitn\u00ed a vyv\u00e1\u017een\u00e9 krmivo pro psy je d\u016fle\u017eit\u00e9, aby se v\u00e1\u0161 pes c\u00edtil dob\u0159e. Bozita v\u00e1m pom\u016f\u017ee s t\u00edm, co, kolik a jak \u010dasto by m\u011bl pes denn\u011b j\u00edst.","robots":{"index":"index","follow":"follow","max-snippet":"max-snippet:-1","max-image-preview":"max-image-preview:large","max-video-preview":"max-video-preview:-1"},"canonical":"https:\/\/bozita.com\/cz\/jake-krmivo-a-kolik-by-mel-pes-snist-za-den\/","og_locale":"cs_CZ","og_type":"article","og_title":"Jak\u00e9 krmivo a kolik by m\u011bl pes sn\u00edst za den - Bozita Czech","og_description":"Kvalitn\u00ed a vyv\u00e1\u017een\u00e9 krmivo pro psy je d\u016fle\u017eit\u00e9, aby se v\u00e1\u0161 pes c\u00edtil dob\u0159e. Bozita v\u00e1m pom\u016f\u017ee s t\u00edm, co, kolik a jak \u010dasto by m\u011bl pes denn\u011b j\u00edst.","og_url":"https:\/\/bozita.com\/cz\/jake-krmivo-a-kolik-by-mel-pes-snist-za-den\/","og_site_name":"Bozita Czech","article_modified_time":"2022-07-04T12:35:20+00:00","og_image":[{"width":1600,"height":578,"url":"https:\/\/bozita.com\/cz\/wp-content\/uploads\/sites\/12\/2021\/06\/bozita-utfodra-valp.jpg","type":"image\/jpeg"}],"twitter_card":"summary_large_image","schema":{"@context":"https:\/\/schema.org","@graph":[{"@type":"WebPage","@id":"https:\/\/bozita.com\/cz\/jake-krmivo-a-kolik-by-mel-pes-snist-za-den\/","url":"https:\/\/bozita.com\/cz\/jake-krmivo-a-kolik-by-mel-pes-snist-za-den\/","name":"Jak\u00e9 krmivo a kolik by m\u011bl pes sn\u00edst za den - Bozita Czech","isPartOf":{"@id":"https:\/\/bozita.com\/cz\/#website"},"datePublished":"2022-05-25T10:30:42+00:00","dateModified":"2022-07-04T12:35:20+00:00","description":"Kvalitn\u00ed a vyv\u00e1\u017een\u00e9 krmivo pro psy je d\u016fle\u017eit\u00e9, aby se v\u00e1\u0161 pes c\u00edtil dob\u0159e. Bozita v\u00e1m pom\u016f\u017ee s t\u00edm, co, kolik a jak \u010dasto by m\u011bl pes denn\u011b j\u00edst.","breadcrumb":{"@id":"https:\/\/bozita.com\/cz\/jake-krmivo-a-kolik-by-mel-pes-snist-za-den\/#breadcrumb"},"inLanguage":"cs","potentialAction":[{"@type":"ReadAction","target":["https:\/\/bozita.com\/cz\/jake-krmivo-a-kolik-by-mel-pes-snist-za-den\/"]}]},{"@type":"BreadcrumbList","@id":"https:\/\/bozita.com\/cz\/jake-krmivo-a-kolik-by-mel-pes-snist-za-den\/#breadcrumb","itemListElement":[{"@type":"ListItem","position":1,"name":"Home","item":"https:\/\/bozita.com\/cz\/"},{"@type":"ListItem","position":2,"name":"Jak\u00e9 krmivo a kolik by m\u011bl pes sn\u00edst za den"}]},{"@type":"WebSite","@id":"https:\/\/bozita.com\/cz\/#website","url":"https:\/\/bozita.com\/cz\/","name":"Bozita Czech","description":"","potentialAction":[{"@type":"SearchAction","target":{"@type":"EntryPoint","urlTemplate":"https:\/\/bozita.com\/cz\/?s={search_term_string}"},"query-input":"required name=search_term_string"}],"inLanguage":"cs"}]}},"_links":{"self":[{"href":"https:\/\/bozita.com\/cz\/wp-json\/wp\/v2\/pages\/6480"}],"collection":[{"href":"https:\/\/bozita.com\/cz\/wp-json\/wp\/v2\/pages"}],"about":[{"href":"https:\/\/bozita.com\/cz\/wp-json\/wp\/v2\/types\/page"}],"author":[{"embeddable":true,"href":"https:\/\/bozita.com\/cz\/wp-json\/wp\/v2\/users\/1"}],"replies":[{"embeddable":true,"href":"https:\/\/bozita.com\/cz\/wp-json\/wp\/v2\/comments?post=6480"}],"version-history":[{"count":19,"href":"https:\/\/bozita.com\/cz\/wp-json\/wp\/v2\/pages\/6480\/revisions"}],"predecessor-version":[{"id":7364,"href":"https:\/\/bozita.com\/cz\/wp-json\/wp\/v2\/pages\/6480\/revisions\/7364"}],"wp:featuredmedia":[{"embeddable":true,"href":"https:\/\/bozita.com\/cz\/wp-json\/wp\/v2\/media\/6346"}],"wp:attachment":[{"href":"https:\/\/bozita.com\/cz\/wp-json\/wp\/v2\/media?parent=6480"}],"curies":[{"name":"wp","href":"https:\/\/api.w.org\/{rel}","templated":true}]}}