{"id":6485,"date":"2022-05-25T10:30:42","date_gmt":"2022-05-25T10:30:42","guid":{"rendered":"https:\/\/bozita.com\/cz\/kocici-domov-tassalycka\/"},"modified":"2025-01-17T07:18:31","modified_gmt":"2025-01-17T07:18:31","slug":"kocici-domov-tassalycka","status":"publish","type":"page","link":"https:\/\/bozita.com\/cz\/kocici-domov-tassalycka\/","title":{"rendered":"Ko\u010di\u010d\u00ed domov Tassalycka"},"content":{"rendered":"\n\t\t<section class=\"small-hero-with-image\">\n\t\t\t\t\t\t\t<img decoding=\"async\" class=\"background-image\" src=\"https:\/\/bozita.com\/cz\/wp-content\/uploads\/sites\/12\/2021\/08\/bozita-tassalyckans-katthem-produktutveckling-2-2.jpg\" alt=\"\">\n\t\t\t\t\t\t\t<div class=\"overlay-v1 overlay-bg\">\n\t\t\t\t<div class=\"container\">\n\t\t\t\t\t<div class=\"row\">\n\t\t\t\t\t\t<div class=\"col-md-6 col-lg-5\">\n\t\t\t\t\t\t\t<h5>Pro\u010d pr\u00e1v\u011b Bozita<\/h5><h1>Ko\u010di\u010d\u00ed domov Tassalycka<\/h1><p><p>Spole\u010dnost Partner in Pet Food Nordics AB m\u00e1 vlastn\u00ed ko\u010di\u010d\u00ed domov Tassalyckan, kter\u00fd vznikl v roce 1992. V tomto domov\u011b se na v\u00fdvoji produkt\u016f pod\u00edl\u00ed p\u0159ibli\u017en\u011b t\u0159icet ko\u010dek.<\/p>\n<\/p>\t\t\t\t\t\t<\/div>\n\t\t\t\t\t<\/div>\n\t\t\t\t<\/div>\n\t\t\t<\/div>\n\t\t<\/section>\n\t\t\n\n\t<div class=\"text-box-warp\">\n\t\t<div class=\"container\">\n\t\t\t<div class=\"text-content\">\n\t\t\t\t<p><strong>Ko\u010dky poch\u00e1zej\u00ed z r\u016fzn\u00fdch prost\u0159ed\u00ed a v ko\u010di\u010d\u00edm domov\u011b Tassalyckans maj\u00ed kr\u00e1sn\u00e9 bydlen\u00ed a dobrou pr\u00e1ci.<\/strong><\/p>\n<h2>V\u00ddROBCI NA\u0160ICH PRODUKT\u016e<\/h2>\n<p>Ko\u010dky pracuj\u00ed jako znalci v komisi pro testov\u00e1n\u00ed chut\u00ed spole\u010dnosti Partner in Pet Food Nordics AB a pom\u00e1haj\u00ed vyr\u00e1b\u011bt nejlep\u0161\u00ed \u0161v\u00e9dsk\u00e9 krmivo pro ko\u010dky. Dvakr\u00e1t denn\u011b je jim pod\u00e1v\u00e1no v\u00fd\u017eivn\u00e9 krmivo pro ko\u010dky pe\u010dliv\u011b vyroben\u00e9 z nejlep\u0161\u00edch \u0161v\u00e9dsk\u00fdch surovin. Krmivo, kter\u00e9 ko\u010dky o\u010dich\u00e1vaj\u00ed, ochutn\u00e1vaj\u00ed a hodnot\u00ed. Co a kolik toho sn\u011bd\u00ed, je zkoum\u00e1no a dokumentov\u00e1no, aby mohlo b\u00fdt pozd\u011bji vyhodnoceno. Ko\u010dky hodnot\u00ed jak vlhk\u00e9, tak such\u00e9 krmivo.<\/p>\n<h2>\u010cERVEN\u00c1 KO\u010cKA S B\u00cdL\u00ddM OBR\u00c1ZKEM<\/h2>\n<p>Ka\u017ed\u00e1 ko\u010dka v Tassalyckanu m\u00e1 sv\u016fj vlastn\u00ed \u010dervenob\u00edl\u00fd dome\u010dek \u017dij\u00ed zde v klidu a harmonii, ka\u017ed\u00e1 m\u00e1 sv\u016fj dome\u010dek. Maj\u00ed kr\u00e1sn\u00fd, velk\u00fd tr\u00e1vn\u00edk a spoustu v\u011bc\u00ed, po kter\u00fdch mohou \u0161plhat, a m\u00edst, kam se mohou schovat, kdy\u017e zrovna nepracuj\u00ed.<\/p>\n\t\t\t<\/div>\n\t\t<\/div>\n\t<\/div>\n\n\n\t<section class=\"block section-promos\">\n\t\t<div class=\"container\">\n\t\t\t<div class=\"row\">\n\t\t\t\t\t\t\t\t\t\t<div class=\"col-md-6 col-lg-4 condensed_V2\">\n\t\t\t\t\t\t\t<div class=\"card\">\n\t\t\t\t\t\t\t\t\t\t\t\t\t\t\t\t\t<img decoding=\"async\" class=\"card-img-top\" src=\"https:\/\/bozita.com\/cz\/wp-content\/uploads\/sites\/12\/2021\/06\/bozita-about-us.jpeg\" alt=\"\">\n\t\t\t\t\t\t\t\t\t\t\t\t\t\t\t\t<div class=\"card-body\">\n\t\t\t\t\t\t\t\t\t<h5 class=\"card-title\">O spole\u010dnosti Bozita<\/h5>\n\t\t\t\t\t\t\t\t\t<p class=\"card-text\">Krmivo pro ko\u010dky a psy p\u0159ipravujeme ji\u017e v\u00edce ne\u017e 100 let! V\u0161echna na\u0161e krmiva pro dom\u00e1c\u00ed zv\u00ed\u0159ata se vyr\u00e1b\u011bj\u00ed ve V\u00e5rg\u00e5rd\u011b z t\u011bch nejkvalitn\u011bj\u0161\u00edch surovin.<\/p>\n\t\t\t\t\t\t\t\t\t\t\t\t\t\t\t\t\t\t\t<a target=\"\" href=\"https:\/\/bozita.com\/cz\/o-spolecnosti-bozita\/\" class=\"btn btn-white\">O spole\u010dnosti Bozita<\/a>\n\t\t\t\t\t\t\t\t\t\t\t\t\t\t\t\t\t\t<\/div>\n\t\t\t\t\t\t\t<\/div>\n\t\t\t\t\t\t<\/div>\n\t\t\t\t\t\t\t\t\t\t\t\t<div class=\"col-md-6 col-lg-4 condensed_V2\">\n\t\t\t\t\t\t\t<div class=\"card\">\n\t\t\t\t\t\t\t\t\t\t\t\t\t\t\t\t\t<img decoding=\"async\" class=\"card-img-top\" src=\"https:\/\/bozita.com\/cz\/wp-content\/uploads\/sites\/12\/2021\/06\/bozita-hallbarhet.jpeg\" alt=\"\">\n\t\t\t\t\t\t\t\t\t\t\t\t\t\t\t\t<div class=\"card-body\">\n\t\t\t\t\t\t\t\t\t<h5 class=\"card-title\">Udr\u017eitelnost <\/h5>\n\t\t\t\t\t\t\t\t\t<p class=\"card-text\">Na\u0161\u00edm c\u00edlem je vyr\u00e1b\u011bt to nejlep\u0161\u00ed krmivo pro psy a ko\u010dky se zam\u011b\u0159en\u00edm na udr\u017eitelnost, \u017eivotn\u00ed prost\u0159ed\u00ed a na\u0161i spole\u010dnou budoucnost.<\/p>\n\t\t\t\t\t\t\t\t\t\t\t\t\t\t\t\t\t\t\t<a target=\"\" href=\"https:\/\/bozita.com\/cz\/why-choose-bozita\/sustainable-for-animals-and-nature\/\" class=\"btn btn-white\">Udr\u017eitelnost &#8211; pro zv\u00ed\u0159ata a p\u0159\u00edrodu.<\/a>\n\t\t\t\t\t\t\t\t\t\t\t\t\t\t\t\t\t\t<\/div>\n\t\t\t\t\t\t\t<\/div>\n\t\t\t\t\t\t<\/div>\n\t\t\t\t\t\t\t\t\t\t\t\t<div class=\"col-md-6 col-lg-4 condensed_V2\">\n\t\t\t\t\t\t\t<div class=\"card\">\n\t\t\t\t\t\t\t\t\t\t\t\t\t\t\t\t\t<img decoding=\"async\" class=\"card-img-top\" src=\"https:\/\/bozita.com\/cz\/wp-content\/uploads\/sites\/12\/2021\/06\/bozita-smakgaranti-hundmat-kattmat.jpeg\" alt=\"\">\n\t\t\t\t\t\t\t\t\t\t\t\t\t\t\t\t<div class=\"card-body\">\n\t\t\t\t\t\t\t\t\t<h5 class=\"card-title\">Z\u00e1ruka chuti<\/h5>\n\t\t\t\t\t\t\t\t\t<p class=\"card-text\">S na\u0161\u00ed z\u00e1rukou chuti dostanete pen\u00edze zp\u011bt, pokud va\u0161emu psovi nebo ko\u010dce nebude na\u0161e krmivo chutnat. <\/p>\n\t\t\t\t\t\t\t\t\t\t\t\t\t\t\t\t\t\t\t<a target=\"\" href=\"https:\/\/bozita.com\/cz\/zaruka-chuti\/\" class=\"btn btn-white\">Z\u00e1ruka chuti<\/a>\n\t\t\t\t\t\t\t\t\t\t\t\t\t\t\t\t\t\t<\/div>\n\t\t\t\t\t\t\t<\/div>\n\t\t\t\t\t\t<\/div>\n\t\t\t\t\t\t\t\t\t\t\t\t<div class=\"col-md-6 col-lg-4 condensed_V2\">\n\t\t\t\t\t\t\t<div class=\"card\">\n\t\t\t\t\t\t\t\t\t\t\t\t\t\t\t\t\t<img decoding=\"async\" class=\"card-img-top\" src=\"https:\/\/bozita.com\/cz\/wp-content\/uploads\/sites\/12\/2021\/06\/bozita-miljovanlig-forpackning-tetra-recart.jpeg\" alt=\"\">\n\t\t\t\t\t\t\t\t\t\t\t\t\t\t\t\t<div class=\"card-body\">\n\t\t\t\t\t\t\t\t\t<h5 class=\"card-title\">Balen\u00ed <\/h5>\n\t\t\t\t\t\t\t\t\t<p class=\"card-text\">Mnoho na\u0161ich vlhk\u00fdch krmiv je dod\u00e1v\u00e1no v obalech Tetra Recart &#8211; klimaticky \u0161etrn\u00e9m obalu, kter\u00fd lze recyklovat spolu s pap\u00edrem a lepenkou.<\/p>\n\t\t\t\t\t\t\t\t\t\t\t\t\t\t\t\t\t\t\t<a target=\"\" href=\"https:\/\/bozita.com\/cz\/tetra-recart-klimaticky-chytry-obal-na-vlhke-krmivo\/\" class=\"btn btn-white\">Tetra Recart\u00ae &#8211; klimaticky chytr\u00fd obal pro vlhk\u00e1 krmiva<\/a>\n\t\t\t\t\t\t\t\t\t\t\t\t\t\t\t\t\t\t<\/div>\n\t\t\t\t\t\t\t<\/div>\n\t\t\t\t\t\t<\/div>\n\t\t\t\t\t\t\t\t\t\t\t\t<div class=\"col-md-6 col-lg-4 condensed_V2\">\n\t\t\t\t\t\t\t<div class=\"card\">\n\t\t\t\t\t\t\t\t\t\t\t\t\t\t\t\t\t<img decoding=\"async\" class=\"card-img-top\" src=\"https:\/\/bozita.com\/cz\/wp-content\/uploads\/sites\/12\/2021\/06\/bozita-sweden-host-2018-dog-sledding-world-championships.jpg\" alt=\"\">\n\t\t\t\t\t\t\t\t\t\t\t\t\t\t\t\t<div class=\"card-body\">\n\t\t\t\t\t\t\t\t\t<h5 class=\"card-title\">Ambasado\u0159i<\/h5>\n\t\t\t\t\t\t\t\t\t<p class=\"card-text\">To je d\u016fvod, pro\u010d si na\u0161i ambasado\u0159i vyb\u00edraj\u00ed zna\u010dku Bozita <\/p>\n\t\t\t\t\t\t\t\t\t\t\t\t\t\t\t\t\t\t\t<a target=\"\" href=\"https:\/\/bozita.com\/cz\/ambasadori\/\" class=\"btn btn-white\">Ambasado\u0159i<\/a>\n\t\t\t\t\t\t\t\t\t\t\t\t\t\t\t\t\t\t<\/div>\n\t\t\t\t\t\t\t<\/div>\n\t\t\t\t\t\t<\/div>\n\t\t\t\t\t\t\t\t\t<\/div>\n\t\t<\/div>\n\t<\/section>\n","protected":false},"excerpt":{"rendered":"","protected":false},"author":1,"featured_media":6442,"parent":0,"menu_order":0,"comment_status":"closed","ping_status":"closed","template":"guternberg.php","meta":{"footnotes":""},"acf":[],"yoast_head":"<!-- This site is optimized with the Yoast SEO plugin v21.3 - https:\/\/yoast.com\/wordpress\/plugins\/seo\/ -->\n<title>Ko\u010di\u010d\u00ed domov Tassalycka - Bozita Czech<\/title>\n<meta name=\"description\" content=\"Spole\u010dnost Doggy AB m\u00e1 vlastn\u00ed ko\u010di\u010d\u00ed farmu Tassalyckan, kter\u00e1 byla zalo\u017eena ji\u017e v roce 1992. \u017dije zde asi t\u0159icet ko\u010dek, kter\u00e9 pracuj\u00ed jako v\u00fdvoj\u00e1\u0159i produkt\u016f. Ko\u010dky poch\u00e1zej\u00ed z r\u016fzn\u00fdch prost\u0159ed\u00ed a v Tassalyckanu maj\u00ed p\u0159\u00edjemn\u00fd domov a dobrou pr\u00e1ci.\" \/>\n<meta name=\"robots\" content=\"index, follow, max-snippet:-1, max-image-preview:large, max-video-preview:-1\" \/>\n<link rel=\"canonical\" href=\"https:\/\/bozita.com\/cz\/kocici-domov-tassalycka\/\" \/>\n<meta property=\"og:locale\" content=\"cs_CZ\" \/>\n<meta property=\"og:type\" content=\"article\" \/>\n<meta property=\"og:title\" content=\"Ko\u010di\u010d\u00ed domov Tassalycka - Bozita Czech\" \/>\n<meta property=\"og:description\" content=\"Spole\u010dnost Doggy AB m\u00e1 vlastn\u00ed ko\u010di\u010d\u00ed farmu Tassalyckan, kter\u00e1 byla zalo\u017eena ji\u017e v roce 1992. \u017dije zde asi t\u0159icet ko\u010dek, kter\u00e9 pracuj\u00ed jako v\u00fdvoj\u00e1\u0159i produkt\u016f. Ko\u010dky poch\u00e1zej\u00ed z r\u016fzn\u00fdch prost\u0159ed\u00ed a v Tassalyckanu maj\u00ed p\u0159\u00edjemn\u00fd domov a dobrou pr\u00e1ci.\" \/>\n<meta property=\"og:url\" content=\"https:\/\/bozita.com\/cz\/kocici-domov-tassalycka\/\" \/>\n<meta property=\"og:site_name\" content=\"Bozita Czech\" \/>\n<meta property=\"article:modified_time\" content=\"2025-01-17T07:18:31+00:00\" \/>\n<meta property=\"og:image\" content=\"https:\/\/bozita.com\/cz\/wp-content\/uploads\/sites\/12\/2021\/06\/bozita-tassalyckan-katthem-provsmakare-produktutveckling.jpeg\" \/>\n\t<meta property=\"og:image:width\" content=\"800\" \/>\n\t<meta property=\"og:image:height\" content=\"533\" \/>\n\t<meta property=\"og:image:type\" content=\"image\/jpeg\" \/>\n<meta name=\"twitter:card\" content=\"summary_large_image\" \/>\n<!-- \/ Yoast SEO plugin. -->","yoast_head_json":{"title":"Ko\u010di\u010d\u00ed domov Tassalycka - Bozita Czech","description":"Spole\u010dnost Doggy AB m\u00e1 vlastn\u00ed ko\u010di\u010d\u00ed farmu Tassalyckan, kter\u00e1 byla zalo\u017eena ji\u017e v roce 1992. \u017dije zde asi t\u0159icet ko\u010dek, kter\u00e9 pracuj\u00ed jako v\u00fdvoj\u00e1\u0159i produkt\u016f. Ko\u010dky poch\u00e1zej\u00ed z r\u016fzn\u00fdch prost\u0159ed\u00ed a v Tassalyckanu maj\u00ed p\u0159\u00edjemn\u00fd domov a dobrou pr\u00e1ci.","robots":{"index":"index","follow":"follow","max-snippet":"max-snippet:-1","max-image-preview":"max-image-preview:large","max-video-preview":"max-video-preview:-1"},"canonical":"https:\/\/bozita.com\/cz\/kocici-domov-tassalycka\/","og_locale":"cs_CZ","og_type":"article","og_title":"Ko\u010di\u010d\u00ed domov Tassalycka - Bozita Czech","og_description":"Spole\u010dnost Doggy AB m\u00e1 vlastn\u00ed ko\u010di\u010d\u00ed farmu Tassalyckan, kter\u00e1 byla zalo\u017eena ji\u017e v roce 1992. \u017dije zde asi t\u0159icet ko\u010dek, kter\u00e9 pracuj\u00ed jako v\u00fdvoj\u00e1\u0159i produkt\u016f. Ko\u010dky poch\u00e1zej\u00ed z r\u016fzn\u00fdch prost\u0159ed\u00ed a v Tassalyckanu maj\u00ed p\u0159\u00edjemn\u00fd domov a dobrou pr\u00e1ci.","og_url":"https:\/\/bozita.com\/cz\/kocici-domov-tassalycka\/","og_site_name":"Bozita Czech","article_modified_time":"2025-01-17T07:18:31+00:00","og_image":[{"width":800,"height":533,"url":"https:\/\/bozita.com\/cz\/wp-content\/uploads\/sites\/12\/2021\/06\/bozita-tassalyckan-katthem-provsmakare-produktutveckling.jpeg","type":"image\/jpeg"}],"twitter_card":"summary_large_image","schema":{"@context":"https:\/\/schema.org","@graph":[{"@type":"WebPage","@id":"https:\/\/bozita.com\/cz\/kocici-domov-tassalycka\/","url":"https:\/\/bozita.com\/cz\/kocici-domov-tassalycka\/","name":"Ko\u010di\u010d\u00ed domov Tassalycka - Bozita Czech","isPartOf":{"@id":"https:\/\/bozita.com\/cz\/#website"},"datePublished":"2022-05-25T10:30:42+00:00","dateModified":"2025-01-17T07:18:31+00:00","description":"Spole\u010dnost Doggy AB m\u00e1 vlastn\u00ed ko\u010di\u010d\u00ed farmu Tassalyckan, kter\u00e1 byla zalo\u017eena ji\u017e v roce 1992. \u017dije zde asi t\u0159icet ko\u010dek, kter\u00e9 pracuj\u00ed jako v\u00fdvoj\u00e1\u0159i produkt\u016f. Ko\u010dky poch\u00e1zej\u00ed z r\u016fzn\u00fdch prost\u0159ed\u00ed a v Tassalyckanu maj\u00ed p\u0159\u00edjemn\u00fd domov a dobrou pr\u00e1ci.","breadcrumb":{"@id":"https:\/\/bozita.com\/cz\/kocici-domov-tassalycka\/#breadcrumb"},"inLanguage":"cs","potentialAction":[{"@type":"ReadAction","target":["https:\/\/bozita.com\/cz\/kocici-domov-tassalycka\/"]}]},{"@type":"BreadcrumbList","@id":"https:\/\/bozita.com\/cz\/kocici-domov-tassalycka\/#breadcrumb","itemListElement":[{"@type":"ListItem","position":1,"name":"Home","item":"https:\/\/bozita.com\/cz\/"},{"@type":"ListItem","position":2,"name":"Ko\u010di\u010d\u00ed domov Tassalycka"}]},{"@type":"WebSite","@id":"https:\/\/bozita.com\/cz\/#website","url":"https:\/\/bozita.com\/cz\/","name":"Bozita Czech","description":"","potentialAction":[{"@type":"SearchAction","target":{"@type":"EntryPoint","urlTemplate":"https:\/\/bozita.com\/cz\/?s={search_term_string}"},"query-input":"required name=search_term_string"}],"inLanguage":"cs"}]}},"_links":{"self":[{"href":"https:\/\/bozita.com\/cz\/wp-json\/wp\/v2\/pages\/6485"}],"collection":[{"href":"https:\/\/bozita.com\/cz\/wp-json\/wp\/v2\/pages"}],"about":[{"href":"https:\/\/bozita.com\/cz\/wp-json\/wp\/v2\/types\/page"}],"author":[{"embeddable":true,"href":"https:\/\/bozita.com\/cz\/wp-json\/wp\/v2\/users\/1"}],"replies":[{"embeddable":true,"href":"https:\/\/bozita.com\/cz\/wp-json\/wp\/v2\/comments?post=6485"}],"version-history":[{"count":18,"href":"https:\/\/bozita.com\/cz\/wp-json\/wp\/v2\/pages\/6485\/revisions"}],"predecessor-version":[{"id":7988,"href":"https:\/\/bozita.com\/cz\/wp-json\/wp\/v2\/pages\/6485\/revisions\/7988"}],"wp:featuredmedia":[{"embeddable":true,"href":"https:\/\/bozita.com\/cz\/wp-json\/wp\/v2\/media\/6442"}],"wp:attachment":[{"href":"https:\/\/bozita.com\/cz\/wp-json\/wp\/v2\/media?parent=6485"}],"curies":[{"name":"wp","href":"https:\/\/api.w.org\/{rel}","templated":true}]}}