{"id":6496,"date":"2022-05-25T10:34:10","date_gmt":"2022-05-25T10:34:10","guid":{"rendered":"https:\/\/bozita.com\/cz\/co-by-psi-nemeli-jist\/"},"modified":"2022-05-30T07:31:42","modified_gmt":"2022-05-30T07:31:42","slug":"co-by-psi-nemeli-jist","status":"publish","type":"page","link":"https:\/\/bozita.com\/cz\/co-by-psi-nemeli-jist\/","title":{"rendered":"Co by psi nem\u011bli j\u00edst"},"content":{"rendered":"\t\t<section class=\"small-hero\">\n\t\t\t<div class=\"container\">\n\t\t\t\t<h1 class=\"small-hero-title\">Co by psi nem\u011bli j\u00edst<\/h1>\t\t\t<\/div>\n\t\t\t<\/div>\n\t\t<\/section>\n\t\n\n\t<div class=\"text-box-warp\">\n\t\t<div class=\"container\">\n\t\t\t<div class=\"text-content\">\n\t\t\t\t<p>Psi by m\u011bli dost\u00e1vat krmivo, kter\u00e9 odpov\u00edd\u00e1 pot\u0159eb\u00e1m jejich organismu a \u017eivotn\u00edmu stylu. V\u00e1\u0161 pes v\u0161ak m\u016f\u017ee \u010das od \u010dasu ochutnat va\u0161e j\u00eddlo, kdy\u017e j\u00edte, nebo z\u00e1kladn\u00ed suroviny na va\u0159en\u00ed. Pak je t\u0159eba vz\u00edt v \u00favahu, \u017ee n\u011bkter\u00e9 potraviny mohou psovi zp\u016fsobit onemocn\u011bn\u00ed a n\u011bkter\u00e9 jsou pro psy dokonce jedovat\u00e9. Proto je d\u016fle\u017eit\u00e9 v\u011bd\u011bt, jak\u00e9 potraviny pro n\u011b mohou b\u00fdt \u0161kodliv\u00e9. Odbornice na v\u00fd\u017eivu spole\u010dnosti Bozita Cecilia Hjelm je kvalifikovan\u00e1 agronomka s odborn\u00fdmi znalostmi v oblasti v\u00fd\u017eivy dom\u00e1c\u00edch zv\u00ed\u0159at a m\u016f\u017ee v\u00e1m pomoci pochopit v\u00edce.<\/p>\n<h2>CO JE PRO PSY NEBEZPE\u010cN\u00c9 J\u00cdST<\/h2>\n<p>Bohu\u017eel existuje mnoho potravin a l\u00e1tek, kter\u00e9 jsou na seznamu v\u011bc\u00ed, kter\u00e9 jsou pro psy \u0161kodliv\u00e9 nebo dokonce toxick\u00e9. Mnoho lid\u00ed v\u00ed, \u017ee je naprosto zak\u00e1z\u00e1no d\u00e1vat ps\u016fm \u010dokol\u00e1du a cibuli. Na\u0161e krmivo \u010dasto obsahuje velk\u00e9 mno\u017estv\u00ed soli a tuku, kter\u00e9 mohou b\u00fdt pro psa \u0161kodliv\u00e9. Ale v\u00edte o ostatn\u00edch?<\/p>\n<h2>PSI A \u010cOKOL\u00c1DA &#8211; CO BY PSI NEM\u011aLI J\u00cdST<\/h2>\n<p>\u010cokol\u00e1da, respektive kakao, je pro psa toxick\u00e1, proto\u017ee obsahuje teobromin. Reakce psa z\u00e1vis\u00ed na tom, kolik \u010dokol\u00e1dy poz\u0159el v pom\u011bru ke sv\u00e9 velikosti a zda \u0161lo o sv\u011btlou nebo tmavou \u010dokol\u00e1du. Z\u00e1kladn\u00ed pravidlo v\u0161ak zn\u00ed &#8211; ujist\u011bte se, \u017ee v\u00e1\u0161 pes \u010dokol\u00e1du nej\u00ed v\u016fbec. P\u0159\u00edznaky otravy jsou bu\u0161en\u00ed srdce, svalov\u00fd t\u0159es, pr\u016fjem a pes mo\u010d\u00ed v\u00edce ne\u017e obvykle.<\/p>\n<h2>MOHOU PSI J\u00cdST HROZNY?<\/h2>\n<p>Jeden hrozen nen\u00ed pro psa nebezpe\u010dn\u00fd, ale p\u0159\u00edli\u0161 mnoho hrozn\u016f m\u016f\u017ee b\u00fdt \u0161kodliv\u00e9 a zp\u016fsobit selh\u00e1n\u00ed ledvin u ps\u016f. A\u010dkoli jsou n\u011bkte\u0159\u00ed psi m\u00e9n\u011b n\u00e1chyln\u00ed ne\u017e jin\u00ed, vyhn\u011bte se pod\u00e1v\u00e1n\u00ed hrozn\u016f v\u0161em ps\u016fm. To plat\u00ed jak pro b\u00edl\u00e9, zelen\u00e9 nebo \u010derven\u00e9 hrozny, tak pro hrozny se sem\u00ednky nebo bez nich.<\/p>\n<h2>JE PRO PSY NEBEZPE\u010cN\u00c9 J\u00cdST BRAMBORY?<\/h2>\n<p>Konzumace va\u0159en\u00fdch brambor nen\u00ed pro psy nebezpe\u010dn\u00e1. Nikdy byste v\u0161ak nem\u011bli psovi d\u00e1vat syrov\u00e9 brambory, proto\u017ee psi stejn\u011b jako lid\u00e9 \u0161patn\u011b tr\u00e1v\u00ed neva\u0159en\u00e9 brambory. Zelen\u00e9 brambory mohou tak\u00e9 obsahovat zv\u00fd\u0161en\u00e9 mno\u017estv\u00ed solaninu, kter\u00fd nen\u00ed pro psy vhodn\u00fd. Pokud v\u00e1\u0161 pes poz\u0159el syrov\u00e9 brambory, m\u016f\u017ee m\u00edt p\u0159\u00edznaky jako zvracen\u00ed, pr\u016fjem, z\u00e1vrat\u011b a k\u0159e\u010de.<\/p>\n<h2>JE AVOK\u00c1DO PRO PSY NEBEZPE\u010cN\u00c9?<\/h2>\n<p>S avok\u00e1dem bu\u010fte opatrn\u00ed, proto\u017ee obsahuje persin, l\u00e1tku, kter\u00e1 m\u016f\u017ee m\u00edt vliv na ml\u00e9\u010dn\u00e9 \u017el\u00e1zy a srdce psa. Tak\u017ee ano, avok\u00e1do je pro psy nebezpe\u010dn\u00e9. Tato l\u00e1tka je ne\u0161kodn\u00e1 pro \u010dlov\u011bka, ale toxick\u00e1 t\u00e9m\u011b\u0159 pro v\u0161echna dom\u00e1c\u00ed zv\u00ed\u0159ata. Mezi p\u0159\u00edznaky otravy pat\u0159\u00ed du\u0161nost, pr\u016fjem, zvracen\u00ed a ka\u0161el.<br \/>\nTOXICK\u00c9<\/p>\n<h2>TOXICK\u00c9 A \u0160KODLIV\u00c9 POTRAVINY PRO PSY &#8211; SEZNAM<\/h2>\n<p>Vyhledejte potraviny, kter\u00e9 v\u00e1s zaj\u00edmaj\u00ed, v n\u00ed\u017ee uveden\u00e9m seznamu, kter\u00fd obsahuje toxick\u00e9 i nebezpe\u010dn\u00e9 potraviny pro psy. Pokud m\u00e1te podez\u0159en\u00ed, \u017ee v\u00e1\u0161 pes poz\u0159el n\u011bco toxick\u00e9ho, nebo pokud v\u00e1\u0161 pes vykazuje jak\u00e9koli p\u0159\u00edznaky, m\u011bli byste v\u017edy okam\u017eit\u011b kontaktovat sv\u00e9ho veterin\u00e1rn\u00edho l\u00e9ka\u0159e. M\u011bjte na pam\u011bti, \u017ee existuj\u00ed potraviny, kter\u00e9 va\u0161emu psovi jednozna\u010dn\u011b neprosp\u00edvaj\u00ed, ale nemus\u00ed b\u00fdt nutn\u011b uvedeny na seznamu &#8211; jedn\u00e1 se nap\u0159\u00edklad o chipsy, ara\u0161\u00eddov\u00e9 krou\u017eky, dorty a dal\u0161\u00ed pochoutky, sladk\u00e1 j\u00eddla, ko\u0159en\u011bn\u00e1 j\u00eddla v\u010detn\u011b chilli nebo jalape\u0148o, sma\u017een\u00e1 j\u00eddla a v\u0161echna j\u00eddla, kter\u00e1 jsou p\u0159\u00edli\u0161 slan\u00e1 nebo tu\u010dn\u00e1. Pokud si nejste jisti ur\u010dit\u00fdm krmivem, m\u011bli byste se jeho pod\u00e1v\u00e1n\u00ed psovi v\u017edy vyhnout.<\/p>\n<ul>\n<li><strong>brokolice Syrov\u00e1<\/strong> &#8211; va\u0159en\u00e1 brokolice je v po\u0159\u00e1dku, ale jej\u00ed konzumace v syrov\u00e9m stavu m\u016f\u017ee naru\u0161it \u0161t\u00edtnou \u017el\u00e1zu va\u0161eho psa.<\/li>\n<li><strong>\u010cokol\u00e1da<\/strong> <strong>a kakao<\/strong> &#8211; obsahuj\u00ed pro psa toxick\u00fd theobromin.<\/li>\n<li><strong>Citrusov\u00e9 plody<\/strong> &#8211; mohou v\u00e9st k alergi\u00edm a gastrointestin\u00e1ln\u00edm pot\u00ed\u017e\u00edm. Men\u0161\u00ed mno\u017estv\u00ed nejsou nebezpe\u010dn\u00e1.<\/li>\n<li><strong>T\u011bsto<\/strong> &#8211; kynut\u00e9 t\u011bsto je pro psa \u0161kodliv\u00e9.<\/li>\n<li><strong>\u017daludy<\/strong> &#8211; obsahuj\u00ed tanin, kter\u00fd m\u016f\u017ee b\u00fdt p\u0159i po\u017eit\u00ed v\u011bt\u0161\u00edho mno\u017estv\u00ed smrteln\u00fd.\u00a0I men\u0161\u00ed mno\u017estv\u00ed m\u016f\u017ee zp\u016fsobit p\u0159\u00edznaky otravy.<\/li>\n<li><strong>Glykol<\/strong> &#8211; m\u016f\u017ee se to zd\u00e1t divn\u00e9, ale je sladk\u00fd a v\u00e1\u0161 pes ho m\u016f\u017ee klidn\u011b ol\u00edznout, pokud ho vylijete.Je vysoce toxick\u00fd i v mal\u00e9m mno\u017estv\u00ed.<\/li>\n<li><strong>Pa\u017eitka<\/strong> &#8211; viz cibuloviny.<\/li>\n<li><strong>Modr\u00fd s\u00fdr<\/strong> &#8211; obsahuje roquefortin, co\u017e je jedovat\u00e1 pl\u00edse\u0148.<\/li>\n<li><strong>Kakao<\/strong> &#8211; viz \u010dokol\u00e1da.<\/li>\n<li><strong>Sko\u0159ice<\/strong> &#8211; nen\u00ed toxick\u00e1, ale m\u016f\u017ee zp\u016fsobit podr\u00e1\u017ed\u011bn\u00ed \u00fast a tr\u00e1vic\u00edho traktu.<\/li>\n<li><strong>Kofein a k\u00e1va<\/strong><\/li>\n<li><strong>T\u0159e\u0161n\u011b<\/strong> &#8211; viz peckoviny.<\/li>\n<li><strong>Cibuloviny<\/strong>, jako je cibule, \u010desnek a pa\u017eitka, jsou pro psa vysoce toxick\u00e9. To plat\u00ed pro syrovou i va\u0159enou cibuli. Obsahuje alicin, kter\u00fd je pro psy toxick\u00fd.<\/li>\n<li><strong>Kuku\u0159i\u010dn\u00e9 klasy<\/strong> &#8211; samotn\u00fd klas je \u0161patn\u00fd &#8211; kuku\u0159i\u010dn\u00e1 zrna jsou skv\u011blou potravinou. Nenechte sv\u00e9ho psa \u017ev\u00fdkat kuku\u0159i\u010dn\u00fd klas. Pokud klas uv\u00edzne ve st\u0159ev\u011b, m\u016f\u017ee b\u00fdt nutn\u00fd urgentn\u00ed chirurgick\u00fd z\u00e1krok.<\/li>\n<li><strong>O\u0159echy<\/strong> &#8211; vyhn\u011bte se v\u0161em druh\u016fm o\u0159ech\u016f, jako jsou ara\u0161\u00eddy, makadamov\u00e9 o\u0159echy a vla\u0161sk\u00e9 o\u0159echy.<\/li>\n<li><strong>\u0160vestky<\/strong> &#8211; viz peckoviny.<\/li>\n<li><strong>Meru\u0148ky<\/strong> &#8211; viz peckoviny.<\/li>\n<li><strong>Avok\u00e1do<\/strong> &#8211; obsahuje persin, kter\u00fd m\u016f\u017ee ovlivnit ml\u00e9\u010dn\u00e9 \u017el\u00e1zy a srdce psa.<\/li>\n<li><strong>Pr\u00e1\u0161ek do pe\u010diva<\/strong> &#8211; obsahuje hydrogenuhli\u010ditan sodn\u00fd, kter\u00fd m\u016f\u017ee ve velk\u00e9m mno\u017estv\u00ed zp\u016fsobit svalov\u00e9 k\u0159e\u010de a srde\u010dn\u00ed selh\u00e1n\u00ed.<\/li>\n<\/ul>\n<blockquote>\n<h4>&#8222;Pokud m\u00e1te podez\u0159en\u00ed, \u017ee se v\u00e1\u0161 pes otr\u00e1vil &#8211; v\u017edy kontaktujte veterin\u00e1\u0159e.&#8220;<\/h4>\n<\/blockquote>\n<h4>Dal\u0161\u00ed informace o hrozb\u00e1ch pro psy<\/h4>\n<ul>\n<li><a href=\"https:\/\/bozita.com\/cz\/life-with-your-dog\/your-dogs-health\/algal-bloom-and-dogs-what-you-need-to-know\/\">\u0159as mohou u ps\u016f zp\u016fsobit otravu \u0159asami<\/a><\/li>\n<li><a href=\"https:\/\/bozita.com\/cz\/life-with-your-dog\/your-dogs-health\/heat-stroke-in-dogs-help-keep-your-dog-cool-in-summer\/\">\u00dapal a psi &#8211; tipy a rady pro psy a horko<\/a><\/li>\n<li><a href=\"https:\/\/bozita.com\/cz\/life-with-your-dog\/your-dogs-health\/snake-bites-how-to-you-protect-yourself\/\">U\u0161tknut\u00ed hadem &#8211; jak se chr\u00e1nit<\/a><\/li>\n<li><a href=\"https:\/\/bozita.com\/cz\/life-with-your-dog\/your-dogs-health\/fungal-poisoning-in-dogs-be-careful-in-the-forest\/\">Otrava houbami u ps\u016f &#8211; pozor v lese<\/a><\/li>\n<\/ul>\n\t\t\t<\/div>\n\t\t<\/div>\n\t<\/div>\n\n\n<section class=\"block full-section-promo\">\n\t<div class=\"container\">\n\t\t<div class=\"mb-3 row align-items-center \n\t\t\t\t\">\n\t\t\t<div class=\"col-md-6\">\n\t\t\t\t\t\t\t\t\t<img decoding=\"async\" src=\"https:\/\/bozita.com\/cz\/wp-content\/uploads\/sites\/12\/2021\/08\/cecilia-hjelm-promo.jpg\" alt=\"\">\n\t\t\t\t\t\n\t\t\t<\/div>\n\t\t\t<div class=\"col-md-6\">\n\t\t\t\t<h2>CECILIA HJELM <\/h2><p>Kvalifikovan\u00e1 agronomka a v\u00fdvoj\u00e1\u0159ka produkt\u016f pro dom\u00e1c\u00ed zv\u00ed\u0159ata s odbornou zp\u016fsobilost\u00ed v oblasti v\u00fd\u017eivy. <\/p>\t\t\t<\/div>\n\t\t<\/div>\n\n\n\t<\/div>\n<\/section>\n","protected":false},"excerpt":{"rendered":"","protected":false},"author":1,"featured_media":6400,"parent":0,"menu_order":0,"comment_status":"closed","ping_status":"closed","template":"guternberg.php","meta":{"footnotes":""},"acf":[],"yoast_head":"<!-- This site is optimized with the Yoast SEO plugin v21.3 - https:\/\/yoast.com\/wordpress\/plugins\/seo\/ -->\n<title>Co by psi nem\u011bli j\u00edst - Bozita Czech<\/title>\n<meta name=\"description\" content=\"A co psi a \u010dokol\u00e1da? Mohou psi j\u00edst hrozny. Co psi nesm\u011bj\u00ed j\u00edst a co je pro psy p\u0159\u00edmo nebezpe\u010dn\u00e9? Bozita v\u00e1m pom\u016f\u017ee s odpov\u011b\u010fmi.\" \/>\n<meta name=\"robots\" content=\"index, follow, max-snippet:-1, max-image-preview:large, max-video-preview:-1\" \/>\n<link rel=\"canonical\" href=\"https:\/\/bozita.com\/cz\/co-by-psi-nemeli-jist\/\" \/>\n<meta property=\"og:locale\" content=\"cs_CZ\" \/>\n<meta property=\"og:type\" content=\"article\" \/>\n<meta property=\"og:title\" content=\"Co by psi nem\u011bli j\u00edst - Bozita Czech\" \/>\n<meta property=\"og:description\" content=\"A co psi a \u010dokol\u00e1da? Mohou psi j\u00edst hrozny. Co psi nesm\u011bj\u00ed j\u00edst a co je pro psy p\u0159\u00edmo nebezpe\u010dn\u00e9? Bozita v\u00e1m pom\u016f\u017ee s odpov\u011b\u010fmi.\" \/>\n<meta property=\"og:url\" content=\"https:\/\/bozita.com\/cz\/co-by-psi-nemeli-jist\/\" \/>\n<meta property=\"og:site_name\" content=\"Bozita Czech\" \/>\n<meta property=\"article:modified_time\" content=\"2022-05-30T07:31:42+00:00\" \/>\n<meta property=\"og:image\" content=\"https:\/\/bozita.com\/cz\/wp-content\/uploads\/sites\/12\/2021\/08\/bozita_swedish-natural-quality.jpg\" \/>\n\t<meta property=\"og:image:width\" content=\"800\" \/>\n\t<meta property=\"og:image:height\" content=\"533\" \/>\n\t<meta property=\"og:image:type\" content=\"image\/jpeg\" \/>\n<meta name=\"twitter:card\" content=\"summary_large_image\" \/>\n<!-- \/ Yoast SEO plugin. -->","yoast_head_json":{"title":"Co by psi nem\u011bli j\u00edst - Bozita Czech","description":"A co psi a \u010dokol\u00e1da? Mohou psi j\u00edst hrozny. Co psi nesm\u011bj\u00ed j\u00edst a co je pro psy p\u0159\u00edmo nebezpe\u010dn\u00e9? Bozita v\u00e1m pom\u016f\u017ee s odpov\u011b\u010fmi.","robots":{"index":"index","follow":"follow","max-snippet":"max-snippet:-1","max-image-preview":"max-image-preview:large","max-video-preview":"max-video-preview:-1"},"canonical":"https:\/\/bozita.com\/cz\/co-by-psi-nemeli-jist\/","og_locale":"cs_CZ","og_type":"article","og_title":"Co by psi nem\u011bli j\u00edst - Bozita Czech","og_description":"A co psi a \u010dokol\u00e1da? Mohou psi j\u00edst hrozny. Co psi nesm\u011bj\u00ed j\u00edst a co je pro psy p\u0159\u00edmo nebezpe\u010dn\u00e9? Bozita v\u00e1m pom\u016f\u017ee s odpov\u011b\u010fmi.","og_url":"https:\/\/bozita.com\/cz\/co-by-psi-nemeli-jist\/","og_site_name":"Bozita Czech","article_modified_time":"2022-05-30T07:31:42+00:00","og_image":[{"width":800,"height":533,"url":"https:\/\/bozita.com\/cz\/wp-content\/uploads\/sites\/12\/2021\/08\/bozita_swedish-natural-quality.jpg","type":"image\/jpeg"}],"twitter_card":"summary_large_image","schema":{"@context":"https:\/\/schema.org","@graph":[{"@type":"WebPage","@id":"https:\/\/bozita.com\/cz\/co-by-psi-nemeli-jist\/","url":"https:\/\/bozita.com\/cz\/co-by-psi-nemeli-jist\/","name":"Co by psi nem\u011bli j\u00edst - Bozita Czech","isPartOf":{"@id":"https:\/\/bozita.com\/cz\/#website"},"datePublished":"2022-05-25T10:34:10+00:00","dateModified":"2022-05-30T07:31:42+00:00","description":"A co psi a \u010dokol\u00e1da? Mohou psi j\u00edst hrozny. Co psi nesm\u011bj\u00ed j\u00edst a co je pro psy p\u0159\u00edmo nebezpe\u010dn\u00e9? Bozita v\u00e1m pom\u016f\u017ee s odpov\u011b\u010fmi.","breadcrumb":{"@id":"https:\/\/bozita.com\/cz\/co-by-psi-nemeli-jist\/#breadcrumb"},"inLanguage":"cs","potentialAction":[{"@type":"ReadAction","target":["https:\/\/bozita.com\/cz\/co-by-psi-nemeli-jist\/"]}]},{"@type":"BreadcrumbList","@id":"https:\/\/bozita.com\/cz\/co-by-psi-nemeli-jist\/#breadcrumb","itemListElement":[{"@type":"ListItem","position":1,"name":"Home","item":"https:\/\/bozita.com\/cz\/"},{"@type":"ListItem","position":2,"name":"Co by psi nem\u011bli j\u00edst"}]},{"@type":"WebSite","@id":"https:\/\/bozita.com\/cz\/#website","url":"https:\/\/bozita.com\/cz\/","name":"Bozita Czech","description":"","potentialAction":[{"@type":"SearchAction","target":{"@type":"EntryPoint","urlTemplate":"https:\/\/bozita.com\/cz\/?s={search_term_string}"},"query-input":"required name=search_term_string"}],"inLanguage":"cs"}]}},"_links":{"self":[{"href":"https:\/\/bozita.com\/cz\/wp-json\/wp\/v2\/pages\/6496"}],"collection":[{"href":"https:\/\/bozita.com\/cz\/wp-json\/wp\/v2\/pages"}],"about":[{"href":"https:\/\/bozita.com\/cz\/wp-json\/wp\/v2\/types\/page"}],"author":[{"embeddable":true,"href":"https:\/\/bozita.com\/cz\/wp-json\/wp\/v2\/users\/1"}],"replies":[{"embeddable":true,"href":"https:\/\/bozita.com\/cz\/wp-json\/wp\/v2\/comments?post=6496"}],"version-history":[{"count":9,"href":"https:\/\/bozita.com\/cz\/wp-json\/wp\/v2\/pages\/6496\/revisions"}],"predecessor-version":[{"id":7123,"href":"https:\/\/bozita.com\/cz\/wp-json\/wp\/v2\/pages\/6496\/revisions\/7123"}],"wp:featuredmedia":[{"embeddable":true,"href":"https:\/\/bozita.com\/cz\/wp-json\/wp\/v2\/media\/6400"}],"wp:attachment":[{"href":"https:\/\/bozita.com\/cz\/wp-json\/wp\/v2\/media?parent=6496"}],"curies":[{"name":"wp","href":"https:\/\/api.w.org\/{rel}","templated":true}]}}