{"id":6499,"date":"2022-05-25T10:34:10","date_gmt":"2022-05-25T10:34:10","guid":{"rendered":"https:\/\/bozita.com\/cz\/vyziva-a-dieta\/"},"modified":"2022-08-23T13:06:58","modified_gmt":"2022-08-23T13:06:58","slug":"vyziva-a-dieta","status":"publish","type":"page","link":"https:\/\/bozita.com\/cz\/vyziva-a-dieta\/","title":{"rendered":"V\u00fd\u017eiva a dieta"},"content":{"rendered":"\n\t\t<section class=\"small-hero-with-image\">\n\t\t\t\t\t\t\t<img decoding=\"async\" class=\"background-image\" src=\"https:\/\/bozita.com\/cz\/wp-content\/uploads\/sites\/12\/2021\/08\/bozita-nutrition-kost-katt-2-2.jpg\" alt=\"\">\n\t\t\t\t\t\t\t<div class=\"overlay-v1 \">\n\t\t\t\t<div class=\"container\">\n\t\t\t\t\t<div class=\"row\">\n\t\t\t\t\t\t<div class=\"col-md-6 col-lg-5\">\n\t\t\t\t\t\t\t<h5>Informace<\/h5><h1>V\u00fd\u017eiva a dieta<\/h1>\t\t\t\t\t\t<\/div>\n\t\t\t\t\t<\/div>\n\t\t\t\t<\/div>\n\t\t\t<\/div>\n\t\t<\/section>\n\t\t\n\n\t<div class=\"text-box-warp\">\n\t\t<div class=\"container\">\n\t\t\t<div class=\"text-content\">\n\t\t\t\t<h2><a href=\"https:\/\/bozita.com\/cz\/jak-zmenit-krmivo-pro-kocku\/?lang=cs\">Jak zm\u011bnit krmivo pro ko\u010dku<\/a><\/h2>\n<p>Zm\u011bnu krmiva pro ko\u010dku nebo kot\u011b m\u016f\u017ee b\u00fdt nezbytn\u011b nutn\u00e9 prov\u00e9st z r\u016fzn\u00fdch d\u016fvod\u016f, nap\u0159\u00edklad pokud va\u0161e ko\u010dka vstupuje do nov\u00e9 f\u00e1ze sv\u00e9ho \u017eivota nebo byla vykastrov\u00e1na. Bylo va\u0161\u00ed ko\u010dce diagnostikov\u00e1no onemocn\u011bn\u00ed, kter\u00e9 znamen\u00e1, \u017ee pot\u0159ebuje speci\u00e1ln\u00ed druh krmiva? A\u0165 u\u017e je d\u016fvod pro zm\u011bnu krmiva jak\u00fdkoli, mus\u00edte to ud\u011blat spr\u00e1vn\u00fdm zp\u016fsobem. Zde je n\u011bkolik tip\u016f od na\u0161\u00ed odbornice \u00c5sy L\u00f6fstrandov\u00e9, odbornice na v\u00fd\u017eivu a agronomie dom\u00e1c\u00edch zv\u00ed\u0159at.<\/p>\n<h2><a href=\"https:\/\/bozita.com\/cz\/co-kocky-jedi\/?lang=cs\">Co ko\u010dky jed\u00ed?<\/a><\/h2>\n<p>Ko\u010dky jsou od p\u0159\u00edrody maso\u017eravci, tak\u017ee ke sv\u00e9mu zdrav\u00ed pot\u0159ebuj\u00ed ve strav\u011b dostatek \u017eivo\u010di\u0161n\u00fdch b\u00edlkovin a \u017eivo\u010di\u0161n\u00fdch tuk\u016f. To v\u0161ak neznamen\u00e1, \u017ee by m\u011bly j\u00edst pouze maso. \u0160krob je vynikaj\u00edc\u00edm zdrojem energie a dob\u0159e funguje jako dopln\u011bk k b\u00edlkovin\u00e1m, kter\u00e9 pom\u00e1haj\u00ed budovat a obnovovat tk\u00e1n\u011b.<\/p>\n<h2><a href=\"https:\/\/bozita.com\/cz\/vyhody-kazdodenniho-podavani-vlhkeho-krmiva-vasi-kocce\/?lang=cs\">V\u00fdhody ka\u017edodenn\u00edho pod\u00e1v\u00e1n\u00ed vlhk\u00e9ho krmiva ko\u010dce<\/a><\/h2>\n<p>N\u011bkte\u0159\u00ed majitel\u00e9 ko\u010dek neradi d\u00e1vaj\u00ed sv\u00e9 ko\u010dce vlhk\u00e9 krmivo, proto\u017ee m\u016f\u017ee d\u011blat nepo\u0159\u00e1dek a obt\u011b\u017euje je, \u017ee otev\u0159en\u00e9 balen\u00ed mus\u00ed b\u00fdt uchov\u00e1v\u00e1no v chladu. Vlhk\u00e9 krmivo m\u00e1 v\u0161ak spoustu v\u00fdhod. Po\u010d\u00ednaje t\u00edm, \u017ee je chutn\u00e9!<\/p>\n<h2><a href=\"https:\/\/bozita.com\/cz\/co-mam-delat-kdyz-moje-kocka-neji-nebo-nepije\/\">Co m\u00e1m d\u011blat, kdy\u017e moje ko\u010dka nechce j\u00edst ani p\u00edt?<\/a><\/h2>\n<p>Pokud va\u0161e kot\u011b nebo dosp\u011bl\u00e1 ko\u010dka dostate\u010dn\u011b nej\u00ed nebo nepije, mus\u00edte vyp\u00e1trat p\u0159\u00ed\u010dinu t\u00e9to ztr\u00e1ty chuti k j\u00eddlu. Je nezbytn\u00e9 zjistit, zda probl\u00e9m spo\u010d\u00edv\u00e1 v tom, \u017ee ko\u010dka nechce j\u00edst, nebo v tom, \u017ee nem\u016f\u017ee j\u00edst.<\/p>\n<h2><a href=\"https:\/\/bozita.com\/cz\/dobre-jidlo-pro-kotata-krmivo-pro-kotata\/\">Dobr\u00e9 krmivo pro ko\u0165ata = speci\u00e1ln\u011b navr\u017een\u00e9 krmivo<\/a><\/h2>\n<p>V\u00fd\u017eivn\u00e9 krmivo je pro zdravou ko\u010dku nezbytn\u00e9, zejm\u00e9na pro rostouc\u00ed ko\u0165ata, proto\u017ee pot\u0159ebuj\u00ed v\u00edce energie ne\u017e dosp\u011bl\u00e9 ko\u010dky. Proto je d\u016fle\u017eit\u00e9 pod\u00e1vat ko\u0165at\u016fm krmivo, kter\u00e9 je speci\u00e1ln\u011b sestaveno tak, aby spl\u0148ovalo aktivn\u00ed pot\u0159eby jejich rostouc\u00edho t\u011bla. S na\u0161\u00edm krmivem m\u00e1te jistotu, \u017ee sv\u00e9mu kot\u011bti d\u00e1v\u00e1te v\u0161e, co pot\u0159ebuje.<\/p>\n\t\t\t<\/div>\n\t\t<\/div>\n\t<\/div>\n","protected":false},"excerpt":{"rendered":"","protected":false},"author":4,"featured_media":6500,"parent":0,"menu_order":0,"comment_status":"closed","ping_status":"closed","template":"guternberg.php","meta":{"footnotes":""},"acf":[],"yoast_head":"<!-- This site is optimized with the Yoast SEO plugin v21.3 - https:\/\/yoast.com\/wordpress\/plugins\/seo\/ -->\n<title>V\u00fd\u017eiva a dieta - Bozita Czech<\/title>\n<meta name=\"description\" content=\"O strav\u011b ko\u010dek a vlivu potravy na zdrav\u00ed; nutri\u010dn\u00ed pot\u0159eby, krmen\u00ed, zm\u011bna krmiva, slo\u017een\u00ed, p\u0159\u00edjem tekutin, chu\u0165 k j\u00eddlu, ide\u00e1ln\u00ed hmotnost.\" \/>\n<meta name=\"robots\" content=\"index, follow, max-snippet:-1, max-image-preview:large, max-video-preview:-1\" \/>\n<link rel=\"canonical\" href=\"https:\/\/bozita.com\/cz\/vyziva-a-dieta\/\" \/>\n<meta property=\"og:locale\" content=\"cs_CZ\" \/>\n<meta property=\"og:type\" content=\"article\" \/>\n<meta property=\"og:title\" content=\"V\u00fd\u017eiva a dieta - Bozita Czech\" \/>\n<meta property=\"og:description\" content=\"O strav\u011b ko\u010dek a vlivu potravy na zdrav\u00ed; nutri\u010dn\u00ed pot\u0159eby, krmen\u00ed, zm\u011bna krmiva, slo\u017een\u00ed, p\u0159\u00edjem tekutin, chu\u0165 k j\u00eddlu, ide\u00e1ln\u00ed hmotnost.\" \/>\n<meta property=\"og:url\" content=\"https:\/\/bozita.com\/cz\/vyziva-a-dieta\/\" \/>\n<meta property=\"og:site_name\" content=\"Bozita Czech\" \/>\n<meta property=\"article:modified_time\" content=\"2022-08-23T13:06:58+00:00\" \/>\n<meta property=\"og:image\" content=\"https:\/\/bozita.com\/cz\/wp-content\/uploads\/sites\/12\/2021\/06\/bozita-nutrition-kost-katt.jpg\" \/>\n\t<meta property=\"og:image:width\" content=\"800\" \/>\n\t<meta property=\"og:image:height\" content=\"533\" \/>\n\t<meta property=\"og:image:type\" content=\"image\/jpeg\" \/>\n<meta name=\"twitter:card\" content=\"summary_large_image\" \/>\n<!-- \/ Yoast SEO plugin. -->","yoast_head_json":{"title":"V\u00fd\u017eiva a dieta - Bozita Czech","description":"O strav\u011b ko\u010dek a vlivu potravy na zdrav\u00ed; nutri\u010dn\u00ed pot\u0159eby, krmen\u00ed, zm\u011bna krmiva, slo\u017een\u00ed, p\u0159\u00edjem tekutin, chu\u0165 k j\u00eddlu, ide\u00e1ln\u00ed hmotnost.","robots":{"index":"index","follow":"follow","max-snippet":"max-snippet:-1","max-image-preview":"max-image-preview:large","max-video-preview":"max-video-preview:-1"},"canonical":"https:\/\/bozita.com\/cz\/vyziva-a-dieta\/","og_locale":"cs_CZ","og_type":"article","og_title":"V\u00fd\u017eiva a dieta - Bozita Czech","og_description":"O strav\u011b ko\u010dek a vlivu potravy na zdrav\u00ed; nutri\u010dn\u00ed pot\u0159eby, krmen\u00ed, zm\u011bna krmiva, slo\u017een\u00ed, p\u0159\u00edjem tekutin, chu\u0165 k j\u00eddlu, ide\u00e1ln\u00ed hmotnost.","og_url":"https:\/\/bozita.com\/cz\/vyziva-a-dieta\/","og_site_name":"Bozita Czech","article_modified_time":"2022-08-23T13:06:58+00:00","og_image":[{"width":800,"height":533,"url":"https:\/\/bozita.com\/cz\/wp-content\/uploads\/sites\/12\/2021\/06\/bozita-nutrition-kost-katt.jpg","type":"image\/jpeg"}],"twitter_card":"summary_large_image","schema":{"@context":"https:\/\/schema.org","@graph":[{"@type":"WebPage","@id":"https:\/\/bozita.com\/cz\/vyziva-a-dieta\/","url":"https:\/\/bozita.com\/cz\/vyziva-a-dieta\/","name":"V\u00fd\u017eiva a dieta - Bozita Czech","isPartOf":{"@id":"https:\/\/bozita.com\/cz\/#website"},"datePublished":"2022-05-25T10:34:10+00:00","dateModified":"2022-08-23T13:06:58+00:00","description":"O strav\u011b ko\u010dek a vlivu potravy na zdrav\u00ed; nutri\u010dn\u00ed pot\u0159eby, krmen\u00ed, zm\u011bna krmiva, slo\u017een\u00ed, p\u0159\u00edjem tekutin, chu\u0165 k j\u00eddlu, ide\u00e1ln\u00ed hmotnost.","breadcrumb":{"@id":"https:\/\/bozita.com\/cz\/vyziva-a-dieta\/#breadcrumb"},"inLanguage":"cs","potentialAction":[{"@type":"ReadAction","target":["https:\/\/bozita.com\/cz\/vyziva-a-dieta\/"]}]},{"@type":"BreadcrumbList","@id":"https:\/\/bozita.com\/cz\/vyziva-a-dieta\/#breadcrumb","itemListElement":[{"@type":"ListItem","position":1,"name":"Home","item":"https:\/\/bozita.com\/cz\/"},{"@type":"ListItem","position":2,"name":"V\u00fd\u017eiva a dieta"}]},{"@type":"WebSite","@id":"https:\/\/bozita.com\/cz\/#website","url":"https:\/\/bozita.com\/cz\/","name":"Bozita Czech","description":"","potentialAction":[{"@type":"SearchAction","target":{"@type":"EntryPoint","urlTemplate":"https:\/\/bozita.com\/cz\/?s={search_term_string}"},"query-input":"required name=search_term_string"}],"inLanguage":"cs"}]}},"_links":{"self":[{"href":"https:\/\/bozita.com\/cz\/wp-json\/wp\/v2\/pages\/6499"}],"collection":[{"href":"https:\/\/bozita.com\/cz\/wp-json\/wp\/v2\/pages"}],"about":[{"href":"https:\/\/bozita.com\/cz\/wp-json\/wp\/v2\/types\/page"}],"author":[{"embeddable":true,"href":"https:\/\/bozita.com\/cz\/wp-json\/wp\/v2\/users\/4"}],"replies":[{"embeddable":true,"href":"https:\/\/bozita.com\/cz\/wp-json\/wp\/v2\/comments?post=6499"}],"version-history":[{"count":8,"href":"https:\/\/bozita.com\/cz\/wp-json\/wp\/v2\/pages\/6499\/revisions"}],"predecessor-version":[{"id":7545,"href":"https:\/\/bozita.com\/cz\/wp-json\/wp\/v2\/pages\/6499\/revisions\/7545"}],"wp:featuredmedia":[{"embeddable":true,"href":"https:\/\/bozita.com\/cz\/wp-json\/wp\/v2\/media\/6500"}],"wp:attachment":[{"href":"https:\/\/bozita.com\/cz\/wp-json\/wp\/v2\/media?parent=6499"}],"curies":[{"name":"wp","href":"https:\/\/api.w.org\/{rel}","templated":true}]}}