{"id":6511,"date":"2022-05-25T10:34:11","date_gmt":"2022-05-25T10:34:11","guid":{"rendered":"https:\/\/bozita.com\/cz\/krmivo-pro-psy-s-citlivym-zaludkem\/"},"modified":"2022-07-03T18:46:52","modified_gmt":"2022-07-03T18:46:52","slug":"krmivo-pro-psy-s-citlivym-zaludkem","status":"publish","type":"page","link":"https:\/\/bozita.com\/cz\/krmivo-pro-psy-s-citlivym-zaludkem\/","title":{"rendered":"Krmivo pro psy s citliv\u00fdm \u017ealudkem"},"content":{"rendered":"\t\t<section class=\"small-hero\">\n\t\t\t<div class=\"container\">\n\t\t\t\t<h1 class=\"small-hero-title\">Krmivo pro psy s citliv\u00fdm \u017ealudkem<\/h1>\t\t\t<\/div>\n\t\t\t<\/div>\n\t\t<\/section>\n\t\n\n\t<div class=\"text-box-warp\">\n\t\t<div class=\"container\">\n\t\t\t<div class=\"text-content\">\n\t\t\t\t<p><strong>Stejn\u011b jako lid\u00e9, i psi mohou m\u00edt citliv\u00e9 \u017ealudky. Pokud m\u00e1 pes citliv\u00fd \u017ealudek, je d\u016fle\u017eit\u00e9, aby dost\u00e1val spr\u00e1vn\u00e9 krmivo, kter\u00e9 podpo\u0159\u00ed jeho zdrav\u00e9 tr\u00e1ven\u00ed, umo\u017en\u00ed mu vst\u0159eb\u00e1vat \u017eiviny a z\u016fstane zdrav\u00fd a fit. Opakuj\u00edc\u00ed se \u017ealude\u010dn\u00ed nevolnost m\u016f\u017ee v\u00e9st k dal\u0161\u00edm probl\u00e9m\u016fm a zp\u016fsobit zdravotn\u00ed komplikace. Je to proto, \u017ee pokud pes trp\u00ed \u017ealude\u010dn\u00edmi pot\u00ed\u017eemi, sni\u017euje se s\u00edla jeho imunitn\u00edho syst\u00e9mu.<\/strong><\/p>\n<p>Nejlep\u0161\u00ed typ krmiva pro psa s citliv\u00fdm \u017ealudkem se u ka\u017ed\u00e9ho jedince li\u0161\u00ed v z\u00e1vislosti na p\u0159\u00ed\u010din\u011b probl\u00e9mu. Obecn\u011b mohou psi reagovat na p\u0159\u00edli\u0161 energeticky vydatn\u00e9 krmivo, tj. krmivo s vysok\u00fdm obsahem tuku. Lid\u00e9 obvykle zkou\u0161ej\u00ed zm\u011bnit druh \u017eivo\u010di\u0161n\u00fdch b\u00edlkovin a zji\u0161\u0165uj\u00ed, zda to jejich psovi vyhovuje l\u00e9pe.<br \/>\nJAK<\/p>\n<h2>ZJIST\u00cdTE, ZDA V\u00c1\u0160 PES POT\u0158EBUJE SPECI\u00c1LN\u00cd KRMIVO PRO CITLIV\u00c9 \u017dALUDKY?<\/h2>\n<p>V\u00fdkaly va\u0161eho psa v\u00e1m mohou poskytnout u\u017eite\u010dn\u00e9 informace o tom, jak se c\u00edt\u00ed jeho \u017ealudek. \u0158id\u0161\u00ed stolice po del\u0161\u00ed dobu je zn\u00e1mkou toho, \u017ee se \u017ealudek va\u0161eho psa nevyrovn\u00e1v\u00e1 dob\u0159e s jeho sou\u010dasnou potravou. Psi s citliv\u00fdm \u017ealudkem tak\u00e9 siln\u011bji reaguj\u00ed na zm\u011bny krmiva, \u017ev\u00fdkac\u00ed kosti a jin\u00e9 pamlsky. Zaveden\u00ed nov\u00e9ho krmiva u psa s citliv\u00fdm \u017ealudkem trv\u00e1 d\u00e9le, tak\u017ee je t\u0159eba trp\u011blivosti, aby si pes mohl zvyknout. M\u011bli byste si v\u0161ak uv\u011bdomit, \u017ee pokud v\u00e1\u0161 pes p\u0159i zm\u011bn\u011b krmiva trp\u00ed \u017ealude\u010dn\u00edmi pot\u00ed\u017eemi, m\u016f\u017ee to znamenat, \u017ee krmivo nen\u00ed vhodn\u00e9.<\/p>\n<h2>PR\u016eJEM U PS\u016e<\/h2>\n<p>Psi ob\u010das trp\u00ed pr\u016fjmy nebo \u017ealude\u010dn\u00edmi pot\u00ed\u017eemi. Ve v\u011bt\u0161in\u011b p\u0159\u00edpad\u016f je to zcela ne\u0161kodn\u00e9 a je to zp\u016fsobeno nap\u0159\u00edklad zm\u011bnou krmiva nebo t\u00edm, \u017ee pes sn\u011bdl n\u011bco, co naru\u0161ilo st\u0159evn\u00ed fl\u00f3ru.<\/p>\n<p>\u010casto to p\u0159ejde docela rychle. Pokud v\u00e1\u0161 pes vykazuje p\u0159\u00edznaky pr\u016fjmu, m\u016f\u017eete mu odebrat krmivo a po\u010dkat, a\u017e se uklidn\u00ed, a teprve pot\u00e9 mu d\u00e1t dal\u0161\u00ed. Psi mus\u00ed m\u00edt p\u0159i pr\u016fjmu p\u0159\u00edstup k velk\u00e9mu mno\u017estv\u00ed vody, proto\u017ee mohou snadno dehydratovat. Kdy\u017e se zd\u00e1, \u017ee se \u017ealudek va\u0161eho psa uklidnil, m\u016f\u017eete ho za\u010d\u00edt znovu krmit nebo mu d\u00e1vat va\u0159enou r\u00fd\u017ei v mal\u00fdch d\u00e1vk\u00e1ch. Sledujte, zda \u017ealudek psa neza\u010dne op\u011bt reagovat. Pokud ano, d\u00e1v\u00e1te mu p\u0159\u00edli\u0161 mnoho j\u00eddla nebo p\u0159\u00edli\u0161 rychle.<\/p>\n<h2>PES S PR\u016eJMEM &#8211; KDY M\u00c1M NAV\u0160T\u00cdVIT VETERIN\u00c1\u0158E?<\/h2>\n<p>Pe\u010dliv\u011b sledujte psa s pr\u016fjmem. Pokud se ve stolici objev\u00ed krev, m\u011bli byste okam\u017eit\u011b nav\u0161t\u00edvit veterin\u00e1\u0159e, nebo pokud se jeho celkov\u00fd zdravotn\u00ed stav zhor\u0161\u00ed \u010di p\u0159\u00edznaky p\u0159etrv\u00e1vaj\u00ed. U \u0161t\u011b\u0148at je obzvl\u00e1\u0161t\u011b d\u016fle\u017eit\u00e9 v\u010das nav\u0161t\u00edvit veterin\u00e1\u0159e v p\u0159\u00edpad\u011b pr\u016fjmu, proto\u017ee nemoc se m\u016f\u017ee u mal\u00fdch \u0161t\u011b\u0148at rychle st\u00e1t \u017eivotu nebezpe\u010dnou, pokud rychle ztrat\u00ed velk\u00e9 mno\u017estv\u00ed tekutin. Pokud si nejste jisti, v\u017edy se obra\u0165te na sv\u00e9ho<\/p>\n<h2>veterin\u00e1\u0159e ZABRA\u0147TE \u017dALUDE\u010cN\u00cdM POT\u00cd\u017d\u00cdM VA\u0160EHO PSA<\/h2>\n<p>Zabr\u00e1nit tomu, aby v\u00e1\u0161 pes m\u011bl b\u0159i\u0161n\u00ed pot\u00ed\u017ee nebo pr\u016fjem, m\u016f\u017ee b\u00fdt snaz\u0161\u00ed \u0159\u00edct ne\u017e ud\u011blat. Psi si na proch\u00e1zce r\u00e1di najdou n\u011bco k zakousnut\u00ed a zbytky jim mohou snadno naru\u0161it \u017ealudek a zp\u016fsobit pr\u016fjem. Jedn\u00edm z nejlep\u0161\u00edch tip\u016f je naj\u00edt potravu, kter\u00e1 je v souladu s jejich \u017ealudkem a pom\u00e1h\u00e1 udr\u017eovat st\u0159evn\u00ed rovnov\u00e1hu. S vhodn\u00fdm krmivem pro psy je v\u00e1\u0161 mazl\u00ed\u010dek odoln\u011bj\u0161\u00ed v\u016f\u010di p\u0159\u00ed\u010din\u00e1m \u017ealude\u010dn\u00edch pot\u00ed\u017e\u00ed. Tak\u00e9 se sna\u017ete na sv\u00e9ho psa dohl\u00ed\u017eet, kdy\u017e jste na proch\u00e1zce, abyste se ujistili, \u017ee nese\u017eere nic, co by nem\u011bl.<\/p>\n<h2>KRMIVO BOZITA PRO PSY S CITLIV\u00ddM \u017dALUDKEM<\/h2>\n<p>Na co je ps\u00ed \u017ealudek citliv\u00fd, se u jednotliv\u00fdch ps\u016f li\u0161\u00ed, a abyste zjistili p\u0159esnou p\u0159\u00ed\u010dinu, m\u011bli byste se obr\u00e1tit na veterin\u00e1\u0159e. Obecn\u011b plat\u00ed, \u017ee velmi energeticky vydatn\u00e9 krmivo (krmivo s vysok\u00fdm obsahem tuku) a n\u011bkter\u00e9 zdroje b\u00edlkovin a obilovin naru\u0161uj\u00ed \u017ealudek psa. Ve spole\u010dnosti Bozita jsme s na\u0161imi odborn\u00edky na v\u00fd\u017eivu vyvinuli krmivo pro psy, kter\u00e9 je \u0161etrn\u00e9 k \u017ealudku.<\/p>\n<p>Chcete-li naj\u00edt krmivo Bozita pro psy s citliv\u00fdm \u017ealudkem, nav\u0161tivte na\u0161i str\u00e1nku s krmivy pro psy a pomoc\u00ed funkce filtru si prohl\u00e9dn\u011bte na\u0161i nab\u00eddku pro psy s citliv\u00fdm \u017ealudkem.<\/p>\n<p><strong>Dal\u0161\u00ed \u010dten\u00ed<\/strong><\/p>\n<ul>\n<li><a href=\"https:\/\/bozita.com\/cz\/krmivo-pro-psy-bez-obilovin-vse-co-potrebujete-vedet\/\">Krmivo pro psy bez obilovin &#8211; v\u0161e, co pot\u0159ebujete v\u011bd\u011bt<\/a><\/li>\n<li><a href=\"https:\/\/bozita.com\/cz\/bozita-vlhke-krmivo-pro-psy\/\">Vlhk\u00e9 krmivo pro psy Bozita<\/a><\/li>\n<li><a href=\"https:\/\/bozita.com\/cz\/suche-krmivo\/\">Such\u00e9 krmivo pro psy Bozita<\/a><\/li>\n<li><a href=\"https:\/\/bozita.com\/cz\/prechod-z-krmiva-pro-stenata-na-krmivo-pro-dospele\/?lang=cs\">Krmivo pro \u0161t\u011b\u0148ata Bozita<\/a><\/li>\n<\/ul>\n\t\t\t<\/div>\n\t\t<\/div>\n\t<\/div>\n\n\n<section class=\"block full-section-promo\">\n\t<div class=\"container\">\n\t\t<div class=\"mb-3 row align-items-center \n\t\t\t\t\">\n\t\t\t<div class=\"col-md-6\">\n\t\t\t\t\t\t\t\t\t<img decoding=\"async\" src=\"https:\/\/bozita.com\/cz\/wp-content\/uploads\/sites\/12\/2021\/08\/cecilia-hjelm-promo.jpg\" alt=\"\">\n\t\t\t\t\t\n\t\t\t<\/div>\n\t\t\t<div class=\"col-md-6\">\n\t\t\t\t<h2>CECILIA HJELM <\/h2><p>Vystudovan\u00fd agronom a v\u00fdvoj\u00e1\u0159 produkt\u016f pro dom\u00e1c\u00ed zv\u00ed\u0159ata se specializac\u00ed na v\u00fd\u017eivu <\/p>\t\t\t<\/div>\n\t\t<\/div>\n\n\n\t<\/div>\n<\/section>\n","protected":false},"excerpt":{"rendered":"","protected":false},"author":1,"featured_media":6400,"parent":0,"menu_order":0,"comment_status":"closed","ping_status":"closed","template":"guternberg.php","meta":{"footnotes":""},"acf":[],"yoast_head":"<!-- This site is optimized with the Yoast SEO plugin v21.3 - https:\/\/yoast.com\/wordpress\/plugins\/seo\/ -->\n<title>Krmivo pro psy s citliv\u00fdm \u017ealudkem - Bozita Czech<\/title>\n<meta name=\"description\" content=\"Pokud m\u00e1 pes citliv\u00fd \u017ealudek, je d\u016fle\u017eit\u00e9, aby dost\u00e1val spr\u00e1vn\u00e9 krmivo pro psy, aby m\u011bl dob\u0159e vyv\u00e1\u017een\u00fd \u017ealudek, byl schopen vst\u0159eb\u00e1vat \u017eiviny a z\u016fstat zdrav\u00fd a fit.\" \/>\n<meta name=\"robots\" content=\"index, follow, max-snippet:-1, max-image-preview:large, max-video-preview:-1\" \/>\n<link rel=\"canonical\" href=\"https:\/\/bozita.com\/cz\/krmivo-pro-psy-s-citlivym-zaludkem\/\" \/>\n<meta property=\"og:locale\" content=\"cs_CZ\" \/>\n<meta property=\"og:type\" content=\"article\" \/>\n<meta property=\"og:title\" content=\"Krmivo pro psy s citliv\u00fdm \u017ealudkem - Bozita Czech\" \/>\n<meta property=\"og:description\" content=\"Pokud m\u00e1 pes citliv\u00fd \u017ealudek, je d\u016fle\u017eit\u00e9, aby dost\u00e1val spr\u00e1vn\u00e9 krmivo pro psy, aby m\u011bl dob\u0159e vyv\u00e1\u017een\u00fd \u017ealudek, byl schopen vst\u0159eb\u00e1vat \u017eiviny a z\u016fstat zdrav\u00fd a fit.\" \/>\n<meta property=\"og:url\" content=\"https:\/\/bozita.com\/cz\/krmivo-pro-psy-s-citlivym-zaludkem\/\" \/>\n<meta property=\"og:site_name\" content=\"Bozita Czech\" \/>\n<meta property=\"article:modified_time\" content=\"2022-07-03T18:46:52+00:00\" \/>\n<meta property=\"og:image\" content=\"https:\/\/bozita.com\/cz\/wp-content\/uploads\/sites\/12\/2021\/08\/bozita_swedish-natural-quality.jpg\" \/>\n\t<meta property=\"og:image:width\" content=\"800\" \/>\n\t<meta property=\"og:image:height\" content=\"533\" \/>\n\t<meta property=\"og:image:type\" content=\"image\/jpeg\" \/>\n<meta name=\"twitter:card\" content=\"summary_large_image\" \/>\n<!-- \/ Yoast SEO plugin. -->","yoast_head_json":{"title":"Krmivo pro psy s citliv\u00fdm \u017ealudkem - Bozita Czech","description":"Pokud m\u00e1 pes citliv\u00fd \u017ealudek, je d\u016fle\u017eit\u00e9, aby dost\u00e1val spr\u00e1vn\u00e9 krmivo pro psy, aby m\u011bl dob\u0159e vyv\u00e1\u017een\u00fd \u017ealudek, byl schopen vst\u0159eb\u00e1vat \u017eiviny a z\u016fstat zdrav\u00fd a fit.","robots":{"index":"index","follow":"follow","max-snippet":"max-snippet:-1","max-image-preview":"max-image-preview:large","max-video-preview":"max-video-preview:-1"},"canonical":"https:\/\/bozita.com\/cz\/krmivo-pro-psy-s-citlivym-zaludkem\/","og_locale":"cs_CZ","og_type":"article","og_title":"Krmivo pro psy s citliv\u00fdm \u017ealudkem - Bozita Czech","og_description":"Pokud m\u00e1 pes citliv\u00fd \u017ealudek, je d\u016fle\u017eit\u00e9, aby dost\u00e1val spr\u00e1vn\u00e9 krmivo pro psy, aby m\u011bl dob\u0159e vyv\u00e1\u017een\u00fd \u017ealudek, byl schopen vst\u0159eb\u00e1vat \u017eiviny a z\u016fstat zdrav\u00fd a fit.","og_url":"https:\/\/bozita.com\/cz\/krmivo-pro-psy-s-citlivym-zaludkem\/","og_site_name":"Bozita Czech","article_modified_time":"2022-07-03T18:46:52+00:00","og_image":[{"width":800,"height":533,"url":"https:\/\/bozita.com\/cz\/wp-content\/uploads\/sites\/12\/2021\/08\/bozita_swedish-natural-quality.jpg","type":"image\/jpeg"}],"twitter_card":"summary_large_image","schema":{"@context":"https:\/\/schema.org","@graph":[{"@type":"WebPage","@id":"https:\/\/bozita.com\/cz\/krmivo-pro-psy-s-citlivym-zaludkem\/","url":"https:\/\/bozita.com\/cz\/krmivo-pro-psy-s-citlivym-zaludkem\/","name":"Krmivo pro psy s citliv\u00fdm \u017ealudkem - Bozita Czech","isPartOf":{"@id":"https:\/\/bozita.com\/cz\/#website"},"datePublished":"2022-05-25T10:34:11+00:00","dateModified":"2022-07-03T18:46:52+00:00","description":"Pokud m\u00e1 pes citliv\u00fd \u017ealudek, je d\u016fle\u017eit\u00e9, aby dost\u00e1val spr\u00e1vn\u00e9 krmivo pro psy, aby m\u011bl dob\u0159e vyv\u00e1\u017een\u00fd \u017ealudek, byl schopen vst\u0159eb\u00e1vat \u017eiviny a z\u016fstat zdrav\u00fd a fit.","breadcrumb":{"@id":"https:\/\/bozita.com\/cz\/krmivo-pro-psy-s-citlivym-zaludkem\/#breadcrumb"},"inLanguage":"cs","potentialAction":[{"@type":"ReadAction","target":["https:\/\/bozita.com\/cz\/krmivo-pro-psy-s-citlivym-zaludkem\/"]}]},{"@type":"BreadcrumbList","@id":"https:\/\/bozita.com\/cz\/krmivo-pro-psy-s-citlivym-zaludkem\/#breadcrumb","itemListElement":[{"@type":"ListItem","position":1,"name":"Home","item":"https:\/\/bozita.com\/cz\/"},{"@type":"ListItem","position":2,"name":"Krmivo pro psy s citliv\u00fdm \u017ealudkem"}]},{"@type":"WebSite","@id":"https:\/\/bozita.com\/cz\/#website","url":"https:\/\/bozita.com\/cz\/","name":"Bozita Czech","description":"","potentialAction":[{"@type":"SearchAction","target":{"@type":"EntryPoint","urlTemplate":"https:\/\/bozita.com\/cz\/?s={search_term_string}"},"query-input":"required name=search_term_string"}],"inLanguage":"cs"}]}},"_links":{"self":[{"href":"https:\/\/bozita.com\/cz\/wp-json\/wp\/v2\/pages\/6511"}],"collection":[{"href":"https:\/\/bozita.com\/cz\/wp-json\/wp\/v2\/pages"}],"about":[{"href":"https:\/\/bozita.com\/cz\/wp-json\/wp\/v2\/types\/page"}],"author":[{"embeddable":true,"href":"https:\/\/bozita.com\/cz\/wp-json\/wp\/v2\/users\/1"}],"replies":[{"embeddable":true,"href":"https:\/\/bozita.com\/cz\/wp-json\/wp\/v2\/comments?post=6511"}],"version-history":[{"count":8,"href":"https:\/\/bozita.com\/cz\/wp-json\/wp\/v2\/pages\/6511\/revisions"}],"predecessor-version":[{"id":7315,"href":"https:\/\/bozita.com\/cz\/wp-json\/wp\/v2\/pages\/6511\/revisions\/7315"}],"wp:featuredmedia":[{"embeddable":true,"href":"https:\/\/bozita.com\/cz\/wp-json\/wp\/v2\/media\/6400"}],"wp:attachment":[{"href":"https:\/\/bozita.com\/cz\/wp-json\/wp\/v2\/media?parent=6511"}],"curies":[{"name":"wp","href":"https:\/\/api.w.org\/{rel}","templated":true}]}}