{"id":6514,"date":"2022-05-25T10:34:11","date_gmt":"2022-05-25T10:34:11","guid":{"rendered":"https:\/\/bozita.com\/cz\/domovska-stranka\/"},"modified":"2024-05-14T06:27:15","modified_gmt":"2024-05-14T06:27:15","slug":"domovska-stranka","status":"publish","type":"page","link":"https:\/\/bozita.com\/cz\/","title":{"rendered":"Domovsk\u00e1 str\u00e1nka"},"content":{"rendered":"\t\t\t<section class=\"block big-hero-block\" style=\"background-image: url('https:\/\/bozita.com\/cz\/wp-content\/uploads\/sites\/12\/2024\/05\/230926-bozita-skogen-lindome-scaled.jpg');\">\n\t\t\t\t\t\t\t\t\t\t\t\t<div class=\"overlay-v1 \">\n\t\t\t\t<div class=\"container \">\n\t\t\t\t\t<div class=\"row \">\n\t\t\t\t\t\t<div class=\"col-md-8 col-lg-6\">\n\t\t\t\t\t\t\t<h1>P\u0159irozen\u00e1 cesta k pohod\u011b<\/h1>\t\t\t\t\t\t\t<div class=\"media\">\n\t\t\t\t\t\t\t\t\t\t\t\t\t\t\t\t\t<img decoding=\"async\" src=\"https:\/\/bozita.com\/cz\/wp-content\/uploads\/sites\/12\/2024\/05\/Made-in-Sweden_Pos_RGB.png\" alt=\"\">\n\t\t\t\t\t\t\t\t\t\t\t\t\t\t\t\t<div class=\"media-body\">\n\t\t\t\t\t\t\t\t\t<p>Fantastick\u00e9 krmivo pro psy a ko\u010dky pro milovn\u00edky zv\u00ed\u0159at, kte\u0159\u00ed dbaj\u00ed na kvalitu, vyr\u00e1b\u011bn\u00e9 v srdci \u0161v\u00e9dsk\u00e9ho m\u011bsta V\u00e5rg\u00e5rda ji\u017e od roku 1903.<\/p>\n\t\t\t\t\t\t\t\t<\/div>\n\t\t\t\t\t\t\t<\/div>\n\t\t\t\t\t\t\t<a class=\"btn btn-default\" href=\"https:\/\/bozita.com\/cz\/proc-si-vybrat-bozitu\/\">V\u00edce informac\u00ed <\/a>\t\t\t\t\t\t<\/div>\n\t\t\t\t\t<\/div>\n\t\t\t\t<\/div>\n\t\t\t<\/div>\n\t\t\t<\/section>\n\t\t\n\n\n\t<section class=\"block \">\n\t\t<div class=\"container\">\n\t\t\t<div class=\"promo-slider\">\n\t\t\t\t<div class=\"promo-slider-list owl-carousel owl-theme \">\n\t\t\t\t\t\t\t\t\t\t\t\t<div class=\"row\">\n\t\t\t\t\t\t\t\t<div class=\"col-md-6 col-lg-4\">\n\t\t\t\t\t\t\t\t\t<img decoding=\"async\" class=\"d-block w-100\" src=\"https:\/\/bozita.com\/cz\/wp-content\/uploads\/sites\/12\/2021\/06\/bozita-puppy-journey-grey-garden-2.jpeg\" alt=\"\">\n\t\t\t\t\t\t\t\t<\/div>\n\t\t\t\t\t\t\t\t<div class=\"col-md-6 col-lg-8\">\n\t\t\t\t\t\t\t\t\t<div class=\"carousel-caption\">\n\t\t\t\t\t\t\t\t\t\t<h6>\n\t\t\t\t\t\t\t\t\t\t\tExpert pro va\u0161eho psa\t\t\t\t\t\t\t\t\t\t<\/h6>\n\t\t\t\t\t\t\t\t\t\t<h2>\n\t\t\t\t\t\t\t\t\t\t\tChcete se st\u00e1t expertem na sv\u00e9ho psa?\t\t\t\t\t\t\t\t\t\t<\/h2>\n\t\t\t\t\t\t\t\t\t\t<p>\n\t\t\t\t\t\t\t\t\t\t\tSledov\u00e1n\u00ed v\u00fdvoje va\u0161eho psa je vzru\u0161uj\u00edc\u00ed cesta. Je fascinuj\u00edc\u00ed dozv\u011bd\u011bt se o r\u016fzn\u00fdch f\u00e1z\u00edch ps\u00edho \u017eivota a o tom, co v ka\u017ed\u00e9 z nich o\u010dek\u00e1vat.\t\t\t\t\t\t\t\t\t\t<\/p>\n\t\t\t\t\t\t\t\t\t\t\t\t\t\t\t\t\t\t\t\t\t<a target=\"\" href=\"https:\/\/bozita.com\/cz\/vyziva-a-dieta-2\/\" class=\"btn btn-white\">\n\t\t\t\t\t\t\t\t\t\t\t\tDowiedz si\u0119 wi\u0119cej\t\t\t\t\t\t\t\t\t\t\t<\/a>\n\t\t\t\t\t\t\t\t\t\t\t\t\t\t\t\t\t\t\t<\/div>\n\n\t\t\t\t\t\t\t\t<\/div>\n\t\t\t\t\t\t\t<\/div>\n\t\t\t\t\t\t\t\t\t\t\t\t\t\t<div class=\"row\">\n\t\t\t\t\t\t\t\t<div class=\"col-md-6 col-lg-4\">\n\t\t\t\t\t\t\t\t\t<img decoding=\"async\" class=\"d-block w-100\" src=\"https:\/\/bozita.com\/cz\/wp-content\/uploads\/sites\/12\/2021\/08\/Bozita_Kitten_lax_optimized-new.png\" alt=\"\">\n\t\t\t\t\t\t\t\t<\/div>\n\t\t\t\t\t\t\t\t<div class=\"col-md-6 col-lg-8\">\n\t\t\t\t\t\t\t\t\t<div class=\"carousel-caption\">\n\t\t\t\t\t\t\t\t\t\t<h6>\n\t\t\t\t\t\t\t\t\t\t\t\u017divot s ko\u010dkou\t\t\t\t\t\t\t\t\t\t<\/h6>\n\t\t\t\t\t\t\t\t\t\t<h2>\n\t\t\t\t\t\t\t\t\t\t\tZjist\u011bte v\u00edce o sv\u00e9 ko\u010dce\t\t\t\t\t\t\t\t\t\t<\/h2>\n\t\t\t\t\t\t\t\t\t\t<p>\n\t\t\t\t\t\t\t\t\t\t\tVlastnit ko\u010dku je skv\u011bl\u00fd a z\u00e1bavn\u00fd z\u00e1\u017eitek s trochou \u0161\u00edlenstv\u00ed. N\u011bkdy p\u0159em\u00fd\u0161l\u00edte, co znamen\u00e1 chov\u00e1n\u00ed va\u0161\u00ed ko\u010dky nebo zda m\u016f\u017eete do rodiny p\u0159iv\u00e9st dal\u0161\u00ed ko\u010dku nebo jak zajistit, aby se kot\u011b doma c\u00edtilo dob\u0159e a bezpe\u010dn\u011b.\t\t\t\t\t\t\t\t\t\t<\/p>\n\t\t\t\t\t\t\t\t\t\t\t\t\t\t\t\t\t\t\t\t\t<a target=\"\" href=\"https:\/\/bozita.com\/cz\/vyziva-a-dieta\/\" class=\"btn btn-white\">\n\t\t\t\t\t\t\t\t\t\t\t\tU\u010den\u00ed pro \u017eivot\t\t\t\t\t\t\t\t\t\t\t<\/a>\n\t\t\t\t\t\t\t\t\t\t\t\t\t\t\t\t\t\t\t<\/div>\n\n\t\t\t\t\t\t\t\t<\/div>\n\t\t\t\t\t\t\t<\/div>\n\t\t\t\t\t\t\t\t\t\t\t<\/div>\n\t\t\t\t<div class=\"slider-control-1\">\n\t\t\t\t\t<div class=\"row\">\n\t\t\t\t\t\t<div class=\"col-md-6 col-lg-4\">\n\t\t\t\t\t\t\t<div class=\"owl-nav\">\n\t\t\t\t\t\t\t\t<div class=\"prebtn-a\">\n\t\t\t\t\t\t\t\t\t<span>\n\t\t\t\t\t\t\t\t\t\t< <\/span>\n\n\t\t\t\t\t\t\t\t<\/div>\n\t\t\t\t\t\t\t\t<div class=\"nextbtn-a\">\n\t\t\t\t\t\t\t\t\t<span>><\/span>\n\t\t\t\t\t\t\t\t<\/div>\n\t\t\t\t\t\t\t<\/div>\n\t\t\t\t\t\t<\/div>\n\n\t\t\t\t\t<\/div>\n\t\t\t\t<\/div>\n\n\t\t\t<\/div>\n\t\t<\/div>\n\t<\/section>\n\t<script>\n\t\tvar autoPlay = '1';\n\t\tjQuery(document).ready(function($) {\n\t\t\tjQuery('.promo-slider-list').owlCarousel({\n\t\t\t\tloop: true,\n\t\t\t\tdots: true,\n\t\t\t\tmargin: 10,\n\t\t\t\tnav: false,\n\t\t\t\tautoplay: autoPlay,\n\t\t\t\tautoplayTimeout: 8000,\n\t\t\t\tanimateOut: 'fadeOut',\n\t\t\t\tresponsiveClass: true,\n\t\t\t\tresponsive: {\n\t\t\t\t\t0: {\n\t\t\t\t\t\titems: 1,\n\t\t\t\t\t\tnav: true\n\t\t\t\t\t},\n\t\t\t\t\t600: {\n\t\t\t\t\t\titems: 1,\n\t\t\t\t\t\tnav: true\n\t\t\t\t\t},\n\t\t\t\t\t1000: {\n\t\t\t\t\t\titems: 1,\n\t\t\t\t\t\tnav: true,\n\t\t\t\t\t}\n\t\t\t\t}\n\t\t\t})\n\t\t\tjQuery(\".owl-prev\").html('<span><<\/span>');\n\t\t\tjQuery(\".owl-next\").html('<span>><\/span>');\n\n\t\t\tvar slider = jQuery('.promo-slider-list');\n\t\t\tslider.owlCarousel();\n\t\t\tjQuery('.nextbtn-a').click(function() {\n\t\t\t\tslider.trigger('next.owl.carousel');\n\t\t\t})\n\t\t\t\/\/ Go to the previous item\n\t\t\tjQuery('.prebtn-a').click(function() {\n\t\t\t\tslider.trigger('prev.owl.carousel', [300]);\n\t\t\t})\n\t\t});\n\t<\/script>\n\n\n<section class=\"block full-section-promo\">\n\t<div class=\"container\">\n\t\t<div class=\"mb-3 row align-items-center \n\t\t\t\t\">\n\t\t\t<div class=\"col-md-6\">\n\t\t\t\t\t\t\t\t\t<img decoding=\"async\" src=\"https:\/\/bozita.com\/cz\/wp-content\/uploads\/sites\/12\/2021\/08\/start-promo-dog-food.png\" alt=\"\">\n\t\t\t\t\t\n\t\t\t<\/div>\n\t\t\t<div class=\"col-md-6\">\n\t\t\t\t<h2>Krmivo pro psy <\/h2><p>Pr\u00e9miov\u00e9 krmivo pro psy vyvinut\u00e9 odborn\u00edky na v\u00fd\u017eivu, kte\u0159\u00ed se specializuj\u00ed na spojen\u00ed mezi potravou a zdrav\u00edm, aby v\u00e1\u0161 pes z\u016fstal siln\u00fd i tv\u00e1\u0159\u00ed v tv\u00e1\u0159 t\u011bm nejt\u011b\u017e\u0161\u00edm v\u00fdzv\u00e1m.\r\n <\/p>\t\t\t\t\t<a target=\"\" href=\"https:\/\/bozita.com\/cz\/krmivo-pro-psy\/\" class=\"btn btn-primary\">K sortimentu<\/a>\n\t\t\t\t\t\t\t\t<\/div>\n\t\t<\/div>\n\n\n\t<\/div>\n<\/section>\n\n\n<section class=\"block full-section-promo\">\n\t<div class=\"container\">\n\t\t<div class=\"mb-3 row align-items-center \n\t\tflex-row-reverse\t\t\">\n\t\t\t<div class=\"col-md-6\">\n\t\t\t\t\t\t\t\t\t<img decoding=\"async\" src=\"https:\/\/bozita.com\/cz\/wp-content\/uploads\/sites\/12\/2021\/08\/start-promo-cat-food.png\" alt=\"\">\n\t\t\t\t\t\n\t\t\t<\/div>\n\t\t\t<div class=\"col-md-6\">\n\t\t\t\t<h2>Krmivo pro ko\u010dky <\/h2><p>Such\u00e9 a vlhk\u00e9 krmivo pro ko\u010dky s vysok\u00fdm pod\u00edlem \u010derstv\u00e9ho \u0161v\u00e9dsk\u00e9ho masa pro fantastickou chu\u0165 a snadnou stravitelnost, aby va\u0161e ko\u010dka dostala ve\u0161kerou pot\u0159ebnou v\u00fd\u017eivu. <\/p>\t\t\t\t\t<a target=\"\" href=\"https:\/\/bozita.com\/cz\/krmivo-pro-kocky\/\" class=\"btn btn-primary\">K sortimentu<\/a>\n\t\t\t\t\t\t\t\t<\/div>\n\t\t<\/div>\n\n\n\t<\/div>\n<\/section>\n\n\n\t<section class=\"block image-text-wrap  image-background\t\">\n\t\t\t\t\t\t<img decoding=\"async\" class=\"background-image\" src=\"https:\/\/bozita.com\/cz\/wp-content\/uploads\/sites\/12\/2021\/08\/Anette-Andersson_160320_6646_HIRES@2x_optimised-new.png\" alt=\"\">\n\t\t\t\t\t\t\t\t<div class=\"overlay\">\n\t\n\t\t\t<div class=\"container\">\n\t\t\t\t<div class=\"row gx-lg-4 \">\n\t\t\t\t\t<div class=\"col-lg-6\">\n\t\t\t\t\t<\/div>\n\t\t\t\t\t<div class=\"col-lg-6\">\n\t\t\t\t\t\t<h6>\u0160v\u00e9dsk\u00e1 p\u0159\u00edrodn\u00ed kvalita <\/h6><h2>Na\u0161e filozofie <\/h2><p><h3>\u0160v\u00e9dsk\u00e1 p\u0159\u00edrodn\u00ed kvalita je v\u00edc ne\u017e jen j\u00eddlo v misce. Jde o ka\u017edou \u010d\u00e1st procesu, od chovu a\u017e po zp\u016fsob p\u0159\u00edpravy potravin.<\/h3>\n<p>Za posledn\u00edch sto let jsme se nau\u010dili, \u017ee zp\u016fsob v\u00fdroby krmiva pro psy a ko\u010dky je nejen stejn\u011b d\u016fle\u017eit\u00fd jako chu\u0165, ale je tak\u00e9 podstatnou sou\u010d\u00e1st\u00ed chuti. D\u00edky pou\u017e\u00edv\u00e1n\u00ed p\u0159\u00edrodn\u00edch surovin ze sv\u011btozn\u00e1m\u00fdch \u0161v\u00e9dsk\u00fdch farem a v\u00fdrobn\u00edmu postupu zdokonalovan\u00e9mu po mnoho let vyr\u00e1b\u00edme krmivo pro ko\u010dky a psy, kter\u00e9 skute\u010dn\u011b vystihuje podstatu \u0161v\u00e9dsk\u00e9 p\u0159\u00edrody &#8211; a proto mu \u0159\u00edk\u00e1me \u0161v\u00e9dsk\u00e1 p\u0159\u00edrodn\u00ed kvalita.<br \/>\n\u200b<\/p>\n <\/p>\t\t\t\t\t\t\t<a target=\"\" href=\"https:\/\/bozita.com\/cz\/proc-si-vybrat-bozitu\/\" class=\"btn btn-white\">\n\t\t\t\t\t\t\t\tV\u00edce informac\u00ed \t\t\t\t\t\t\t<\/a>\n\t\t\t\t\t\t\t\t\t\t\t\t<\/div>\n\t\t\t\t<\/div>\n\t\t\t<\/div>\n\t\t<\/div>\n\t<\/section>\n\n\n<section class=\"block how-we-make-it-matters\">\n\t<div class=\"container\">\n\t\t<h5>\n\t\t\tNa\u0161e produkty\t\t<\/h5>\n\t\t<h2> \n\t\t\tS p\u0159\u00edrodou od roku 1903\t\t<\/h2>\n\n\t\t\n\t\t<div class=\"d-md-none d-lg-block\">\n\t\t\t<div class=\"row\">\n\t\t\t\t<div class=\"col-md-6\">\n\t\t\t\t\t<div class=\"how_we_make_it_matters-img\">\n\t\t\t\t\t\t\t\t\t\t\t\t<img decoding=\"async\" src=\"https:\/\/bozita.com\/cz\/wp-content\/uploads\/sites\/12\/2021\/08\/HowWeMakeIt-Image@2x_optimised-new.png\" alt=\"\">\n\t\t\t\t\t\t\t\t\t\t\t<\/div>\n\t\t\t\t<\/div>\n\t\t\t\t<div class=\"col-md-6\">\n\t\t\t\t\t\t\t\t\t\t\t\t<div class=\"media\">\n\t\t\t\t\t\t\t\t<div class=\"icon-warp\">\n\t\t\t\t\t\t\t\t\t\t\t\t\t\t\t\t\t\t\t<img decoding=\"async\" class=\"mr-3\" src=\"https:\/\/bozita.com\/cz\/wp-content\/uploads\/sites\/12\/2021\/05\/FeatureIcon-RenewableEnergy.png\" alt=\"\">\n\t\t\t\t\t\t\t\t\t\t\t\t\t\t\t\t\t<\/div>\n\t\t\t\t\t\t\t\t<div class=\"media-body\">\n\t\t\t\t\t\t\t\t\t<h6 class=\"mt-0\">\n\t\t\t\t\t\t\t\t\t\tPe\u010dliv\u011b vybran\u00e9 ingredience\t\t\t\t\t\t\t\t\t<\/h6>\n\t\t\t\t\t\t\t\t\t<p>\n\t\t\t\t\t\t\t\t\t\tVyb\u00edr\u00e1me suroviny ze \u0161v\u00e9dsk\u00fdch farem a vod.\t\t\t\t\t\t\t\t\t<\/p>\n\t\t\t\t\t\t\t\t<\/div>\n\t\t\t\t\t\t\t<\/div>\n\t\t\t\t\t\t\t\t\t\t\t\t\t\t<div class=\"media\">\n\t\t\t\t\t\t\t\t<div class=\"icon-warp\">\n\t\t\t\t\t\t\t\t\t\t\t\t\t\t\t\t\t\t\t<img decoding=\"async\" class=\"mr-3\" src=\"https:\/\/bozita.com\/cz\/wp-content\/uploads\/sites\/12\/2021\/06\/FeatureIcon-LowAntibiotics.svg\" alt=\"\">\n\t\t\t\t\t\t\t\t\t\t\t\t\t\t\t\t\t<\/div>\n\t\t\t\t\t\t\t\t<div class=\"media-body\">\n\t\t\t\t\t\t\t\t\t<h6 class=\"mt-0\">\n\t\t\t\t\t\t\t\t\t\tNejni\u017e\u0161\u00ed pou\u017e\u00edv\u00e1n\u00ed antibiotik\t\t\t\t\t\t\t\t\t<\/h6>\n\t\t\t\t\t\t\t\t\t<p>\n\t\t\t\t\t\t\t\t\t\t\u0160v\u00e9dsko m\u00e1 jednu z nejni\u017e\u0161\u00edch spot\u0159eb antibiotik na sv\u011bt\u011b a bylo prvn\u00ed zem\u00ed, kter\u00e1 zak\u00e1zala jejich preventivn\u00ed pou\u017e\u00edv\u00e1n\u00ed.\t\t\t\t\t\t\t\t\t<\/p>\n\t\t\t\t\t\t\t\t<\/div>\n\t\t\t\t\t\t\t<\/div>\n\t\t\t\t\t\t\t\t\t\t\t\t\t\t<div class=\"media\">\n\t\t\t\t\t\t\t\t<div class=\"icon-warp\">\n\t\t\t\t\t\t\t\t\t\t\t\t\t\t\t\t\t\t\t<img decoding=\"async\" class=\"mr-3\" src=\"https:\/\/bozita.com\/cz\/wp-content\/uploads\/sites\/12\/2021\/05\/FeatureIcon-RenewableEnergy.png\" alt=\"\">\n\t\t\t\t\t\t\t\t\t\t\t\t\t\t\t\t\t<\/div>\n\t\t\t\t\t\t\t\t<div class=\"media-body\">\n\t\t\t\t\t\t\t\t\t<h6 class=\"mt-0\">\n\t\t\t\t\t\t\t\t\t\tVyrobeno pomoc\u00ed 100% obnoviteln\u00e9 elekt\u0159iny\t\t\t\t\t\t\t\t\t<\/h6>\n\t\t\t\t\t\t\t\t\t<p>\n\t\t\t\t\t\t\t\t\t\tVe\u0161ker\u00fd odpad z v\u00fdrobn\u00edho procesu p\u0159em\u011b\u0148ujeme na bioplyn.\t\t\t\t\t\t\t\t\t<\/p>\n\t\t\t\t\t\t\t\t<\/div>\n\t\t\t\t\t\t\t<\/div>\n\t\t\t\t\t\t\t\t\t\t\t\t\t\t<div class=\"media\">\n\t\t\t\t\t\t\t\t<div class=\"icon-warp\">\n\t\t\t\t\t\t\t\t\t\t\t\t\t\t\t\t\t\t\t<img decoding=\"async\" class=\"mr-3\" src=\"https:\/\/bozita.com\/cz\/wp-content\/uploads\/sites\/12\/2021\/05\/FeatureIcon-AnimalProtectionLaws.png\" alt=\"\">\n\t\t\t\t\t\t\t\t\t\t\t\t\t\t\t\t\t<\/div>\n\t\t\t\t\t\t\t\t<div class=\"media-body\">\n\t\t\t\t\t\t\t\t\t<h6 class=\"mt-0\">\n\t\t\t\t\t\t\t\t\t\tZ\u00e1kony o dobr\u00fdch \u017eivotn\u00edch podm\u00ednk\u00e1ch zv\u00ed\u0159at na sv\u011btov\u00e9 \u00farovni\t\t\t\t\t\t\t\t\t<\/h6>\n\t\t\t\t\t\t\t\t\t<p>\n\t\t\t\t\t\t\t\t\t\t\u0160v\u00e9dsk\u00e9 z\u00e1kony o dobr\u00fdch \u017eivotn\u00edch podm\u00ednk\u00e1ch zv\u00ed\u0159at pat\u0159\u00ed k nejp\u0159\u00edsn\u011bj\u0161\u00edm na sv\u011bt\u011b.\t\t\t\t\t\t\t\t\t<\/p>\n\t\t\t\t\t\t\t\t<\/div>\n\t\t\t\t\t\t\t<\/div>\n\t\t\t\t\t\t\t\t\t\t\t\t\t\t<div class=\"media\">\n\t\t\t\t\t\t\t\t<div class=\"icon-warp\">\n\t\t\t\t\t\t\t\t\t\t\t\t\t\t\t\t\t\t\t<img decoding=\"async\" class=\"mr-3\" src=\"https:\/\/bozita.com\/cz\/wp-content\/uploads\/sites\/12\/2021\/05\/FeatureIcon-NoGrowthHormones.png\" alt=\"\">\n\t\t\t\t\t\t\t\t\t\t\t\t\t\t\t\t\t<\/div>\n\t\t\t\t\t\t\t\t<div class=\"media-body\">\n\t\t\t\t\t\t\t\t\t<h6 class=\"mt-0\">\n\t\t\t\t\t\t\t\t\t\t\u017d\u00e1dn\u00e9 r\u016fstov\u00e9 hormony \t\t\t\t\t\t\t\t\t<\/h6>\n\t\t\t\t\t\t\t\t\t<p>\n\t\t\t\t\t\t\t\t\t\tPou\u017e\u00edv\u00e1n\u00ed r\u016fstov\u00fdch hormon\u016f je ve \u0160v\u00e9dsku zak\u00e1z\u00e1no.\t\t\t\t\t\t\t\t\t<\/p>\n\t\t\t\t\t\t\t\t<\/div>\n\t\t\t\t\t\t\t<\/div>\n\t\t\t\t\t\t\t\t\t\t\t\t\t\t<div class=\"media\">\n\t\t\t\t\t\t\t\t<div class=\"icon-warp\">\n\t\t\t\t\t\t\t\t\t\t\t\t\t\t\t\t\t\t\t<img decoding=\"async\" class=\"mr-3\" src=\"https:\/\/bozita.com\/cz\/wp-content\/uploads\/sites\/12\/2021\/05\/FeatureIcon-RenewableEnergy.png\" alt=\"\">\n\t\t\t\t\t\t\t\t\t\t\t\t\t\t\t\t\t<\/div>\n\t\t\t\t\t\t\t\t<div class=\"media-body\">\n\t\t\t\t\t\t\t\t\t<h6 class=\"mt-0\">\n\t\t\t\t\t\t\t\t\t\tZaru\u010den\u00e1 kvalita\t\t\t\t\t\t\t\t\t<\/h6>\n\t\t\t\t\t\t\t\t\t<p>\n\t\t\t\t\t\t\t\t\t\tJsme certifikov\u00e1ni pro \u0159\u00edzen\u00ed bezpe\u010dnosti potravin podle normy ISO 22000.\t\t\t\t\t\t\t\t\t<\/p>\n\t\t\t\t\t\t\t\t<\/div>\n\t\t\t\t\t\t\t<\/div>\n\t\t\t\t\t\t\t\t\t\t\t<\/div>\n\t\t\t<\/div>\n\t\t<\/div>\n\n\t\t<div class=\"d-none d-md-block d-lg-none\">\n\t\t\t<div class=\"row\">\n\t\t\t\t<div class=\"col-md-12 d-flex justify-content-center\">\n\t\t\t\t\t<div class=\"how_we_make_it_matters-img-md\">\n\t\t\t\t\t\t\t\t\t\t\t\t\t<img decoding=\"async\" src=\"https:\/\/bozita.com\/cz\/wp-content\/uploads\/sites\/12\/2021\/08\/HowWeMakeIt-Image@2x_optimised-new.png\" alt=\"\">\n\t\t\t\t\t\t\t\t\t\t\t<\/div>\n\t\t\t\t<\/div>\n\t\t\t\t<div class=\"col-md-12\">\n\t\t\t\t\t\t\t\t\t\t\t\t<div class=\"media\">\n\t\t\t\t\t\t\t\t<div class=\"icon-warp\">\n\t\t\t\t\t\t\t\t\t\t\t\t\t\t\t\t\t\t\t<img decoding=\"async\" class=\"mr-3\" src=\"https:\/\/bozita.com\/cz\/wp-content\/uploads\/sites\/12\/2021\/05\/FeatureIcon-RenewableEnergy.png\" alt=\"\">\n\t\t\t\t\t\t\t\t\t\t\t\t\t\t\t\t\t<\/div>\n\t\t\t\t\t\t\t\t<div class=\"media-body\">\n\t\t\t\t\t\t\t\t\t<h6 class=\"mt-0\">\n\t\t\t\t\t\t\t\t\t\tPe\u010dliv\u011b vybran\u00e9 ingredience\t\t\t\t\t\t\t\t\t<\/h6>\n\t\t\t\t\t\t\t\t\t<p>\n\t\t\t\t\t\t\t\t\t\tVyb\u00edr\u00e1me suroviny ze \u0161v\u00e9dsk\u00fdch farem a vod.\t\t\t\t\t\t\t\t\t<\/p>\n\t\t\t\t\t\t\t\t<\/div>\n\t\t\t\t\t\t\t<\/div>\n\t\t\t\t\t\t\t\t\t\t\t\t\t\t<div class=\"media\">\n\t\t\t\t\t\t\t\t<div class=\"icon-warp\">\n\t\t\t\t\t\t\t\t\t\t\t\t\t\t\t\t\t\t\t<img decoding=\"async\" class=\"mr-3\" src=\"https:\/\/bozita.com\/cz\/wp-content\/uploads\/sites\/12\/2021\/06\/FeatureIcon-LowAntibiotics.svg\" alt=\"\">\n\t\t\t\t\t\t\t\t\t\t\t\t\t\t\t\t\t<\/div>\n\t\t\t\t\t\t\t\t<div class=\"media-body\">\n\t\t\t\t\t\t\t\t\t<h6 class=\"mt-0\">\n\t\t\t\t\t\t\t\t\t\tNejni\u017e\u0161\u00ed pou\u017e\u00edv\u00e1n\u00ed antibiotik\t\t\t\t\t\t\t\t\t<\/h6>\n\t\t\t\t\t\t\t\t\t<p>\n\t\t\t\t\t\t\t\t\t\t\u0160v\u00e9dsko m\u00e1 jednu z nejni\u017e\u0161\u00edch spot\u0159eb antibiotik na sv\u011bt\u011b a bylo prvn\u00ed zem\u00ed, kter\u00e1 zak\u00e1zala jejich preventivn\u00ed pou\u017e\u00edv\u00e1n\u00ed.\t\t\t\t\t\t\t\t\t<\/p>\n\t\t\t\t\t\t\t\t<\/div>\n\t\t\t\t\t\t\t<\/div>\n\t\t\t\t\t\t\t\t\t\t\t\t\t\t<div class=\"media\">\n\t\t\t\t\t\t\t\t<div class=\"icon-warp\">\n\t\t\t\t\t\t\t\t\t\t\t\t\t\t\t\t\t\t\t<img decoding=\"async\" class=\"mr-3\" src=\"https:\/\/bozita.com\/cz\/wp-content\/uploads\/sites\/12\/2021\/05\/FeatureIcon-RenewableEnergy.png\" alt=\"\">\n\t\t\t\t\t\t\t\t\t\t\t\t\t\t\t\t\t<\/div>\n\t\t\t\t\t\t\t\t<div class=\"media-body\">\n\t\t\t\t\t\t\t\t\t<h6 class=\"mt-0\">\n\t\t\t\t\t\t\t\t\t\tVyrobeno pomoc\u00ed 100% obnoviteln\u00e9 elekt\u0159iny\t\t\t\t\t\t\t\t\t<\/h6>\n\t\t\t\t\t\t\t\t\t<p>\n\t\t\t\t\t\t\t\t\t\tVe\u0161ker\u00fd odpad z v\u00fdrobn\u00edho procesu p\u0159em\u011b\u0148ujeme na bioplyn.\t\t\t\t\t\t\t\t\t<\/p>\n\t\t\t\t\t\t\t\t<\/div>\n\t\t\t\t\t\t\t<\/div>\n\t\t\t\t\t\t\t\t\t\t\t\t\t\t<div class=\"media\">\n\t\t\t\t\t\t\t\t<div class=\"icon-warp\">\n\t\t\t\t\t\t\t\t\t\t\t\t\t\t\t\t\t\t\t<img decoding=\"async\" class=\"mr-3\" src=\"https:\/\/bozita.com\/cz\/wp-content\/uploads\/sites\/12\/2021\/05\/FeatureIcon-AnimalProtectionLaws.png\" alt=\"\">\n\t\t\t\t\t\t\t\t\t\t\t\t\t\t\t\t\t<\/div>\n\t\t\t\t\t\t\t\t<div class=\"media-body\">\n\t\t\t\t\t\t\t\t\t<h6 class=\"mt-0\">\n\t\t\t\t\t\t\t\t\t\tZ\u00e1kony o dobr\u00fdch \u017eivotn\u00edch podm\u00ednk\u00e1ch zv\u00ed\u0159at na sv\u011btov\u00e9 \u00farovni\t\t\t\t\t\t\t\t\t<\/h6>\n\t\t\t\t\t\t\t\t\t<p>\n\t\t\t\t\t\t\t\t\t\t\u0160v\u00e9dsk\u00e9 z\u00e1kony o dobr\u00fdch \u017eivotn\u00edch podm\u00ednk\u00e1ch zv\u00ed\u0159at pat\u0159\u00ed k nejp\u0159\u00edsn\u011bj\u0161\u00edm na sv\u011bt\u011b.\t\t\t\t\t\t\t\t\t<\/p>\n\t\t\t\t\t\t\t\t<\/div>\n\t\t\t\t\t\t\t<\/div>\n\t\t\t\t\t\t\t\t\t\t\t\t\t\t<div class=\"media\">\n\t\t\t\t\t\t\t\t<div class=\"icon-warp\">\n\t\t\t\t\t\t\t\t\t\t\t\t\t\t\t\t\t\t\t<img decoding=\"async\" class=\"mr-3\" src=\"https:\/\/bozita.com\/cz\/wp-content\/uploads\/sites\/12\/2021\/05\/FeatureIcon-NoGrowthHormones.png\" alt=\"\">\n\t\t\t\t\t\t\t\t\t\t\t\t\t\t\t\t\t<\/div>\n\t\t\t\t\t\t\t\t<div class=\"media-body\">\n\t\t\t\t\t\t\t\t\t<h6 class=\"mt-0\">\n\t\t\t\t\t\t\t\t\t\t\u017d\u00e1dn\u00e9 r\u016fstov\u00e9 hormony \t\t\t\t\t\t\t\t\t<\/h6>\n\t\t\t\t\t\t\t\t\t<p>\n\t\t\t\t\t\t\t\t\t\tPou\u017e\u00edv\u00e1n\u00ed r\u016fstov\u00fdch hormon\u016f je ve \u0160v\u00e9dsku zak\u00e1z\u00e1no.\t\t\t\t\t\t\t\t\t<\/p>\n\t\t\t\t\t\t\t\t<\/div>\n\t\t\t\t\t\t\t<\/div>\n\t\t\t\t\t\t\t\t\t\t\t\t\t\t<div class=\"media\">\n\t\t\t\t\t\t\t\t<div class=\"icon-warp\">\n\t\t\t\t\t\t\t\t\t\t\t\t\t\t\t\t\t\t\t<img decoding=\"async\" class=\"mr-3\" src=\"https:\/\/bozita.com\/cz\/wp-content\/uploads\/sites\/12\/2021\/05\/FeatureIcon-RenewableEnergy.png\" alt=\"\">\n\t\t\t\t\t\t\t\t\t\t\t\t\t\t\t\t\t<\/div>\n\t\t\t\t\t\t\t\t<div class=\"media-body\">\n\t\t\t\t\t\t\t\t\t<h6 class=\"mt-0\">\n\t\t\t\t\t\t\t\t\t\tZaru\u010den\u00e1 kvalita\t\t\t\t\t\t\t\t\t<\/h6>\n\t\t\t\t\t\t\t\t\t<p>\n\t\t\t\t\t\t\t\t\t\tJsme certifikov\u00e1ni pro \u0159\u00edzen\u00ed bezpe\u010dnosti potravin podle normy ISO 22000.\t\t\t\t\t\t\t\t\t<\/p>\n\t\t\t\t\t\t\t\t<\/div>\n\t\t\t\t\t\t\t<\/div>\n\t\t\t\t\t\t\t\t\t\t\t<\/div>\n\t\t\t<\/div>\n\t\t<\/div>\n\t\t\n\t\t<div class=\"text-center cta-button\">\n\t\t\t\t\t\t\t<a target=\"\"\n\t\t\t\t\thref=\"https:\/\/bozita.com\/cz\/proc-si-vybrat-bozitu\/\" class=\"btn btn-white\">\n\t\t\t\t\tZjist\u011bte v\u00edce o na\u0161em procesu\t\t\t\t<\/a>\n\t\t\t\t\t\t<\/div>\n\t<\/div>\n<\/section>\n\n\n\t<section class=\"block section-promos\">\n\t\t<div class=\"container\">\n\t\t\t<div class=\"row\">\n\t\t\t\t\t\t\t\t\t\t<div class=\"col-md-6\">\n\t\t\t\t\t\t\t<div class=\"card\">\n\t\t\t\t\t\t\t\t\t\t\t\t\t\t\t\t\t<img decoding=\"async\" class=\"card-img-top\" src=\"https:\/\/bozita.com\/cz\/wp-content\/uploads\/sites\/12\/2021\/08\/bozita-cat-looking-up-promo-optimised-new.png\" alt=\"\">\n\t\t\t\t\t\t\t\t\t\t\t\t\t\t\t\t<div class=\"card-body\">\n\t\t\t\t\t\t\t\t\t<h5 class=\"card-title\">\u0160v\u00e9dsk\u00e1 v\u00fdroba<\/h5>\n\t\t\t\t\t\t\t\t\t<p class=\"card-text\">Na\u0161e kuchyn\u011b je vedena v souladu s p\u0159\u00edrodou a na\u0161e v\u00fdroba je dlouhodob\u011b potravin\u00e1\u0159sky certifikovan\u00e1.<\/p>\n\t\t\t\t\t\t\t\t\t\t\t\t\t\t\t\t\t\t\t<a target=\"\" href=\"https:\/\/bozita.com\/cz\/svedska-vyroba\/\" class=\"btn btn-white\">V\u00edce informac\u00ed <\/a>\n\t\t\t\t\t\t\t\t\t\t\t\t\t\t\t\t\t\t<\/div>\n\t\t\t\t\t\t\t<\/div>\n\t\t\t\t\t\t<\/div>\n\t\t\t\t\t\t\t\t\t\t\t\t<div class=\"col-md-6\">\n\t\t\t\t\t\t\t<div class=\"card\">\n\t\t\t\t\t\t\t\t\t\t\t\t\t\t\t\t\t<img decoding=\"async\" class=\"card-img-top\" src=\"https:\/\/bozita.com\/cz\/wp-content\/uploads\/sites\/12\/2021\/08\/start-sustainability-promo.jpg\" alt=\"\">\n\t\t\t\t\t\t\t\t\t\t\t\t\t\t\t\t<div class=\"card-body\">\n\t\t\t\t\t\t\t\t\t<h5 class=\"card-title\">Udr\u017eitelnost<\/h5>\n\t\t\t\t\t\t\t\t\t<p class=\"card-text\">Od energie, kter\u00e1 poh\u00e1n\u00ed na\u0161e kuchyn\u011b, a\u017e po obaly, v nich\u017e jsou na\u0161e potraviny dod\u00e1v\u00e1ny, se sna\u017e\u00edme, aby ka\u017ed\u00e1 \u010d\u00e1st na\u0161eho podnik\u00e1n\u00ed byla udr\u017eiteln\u00e1.\r\n<\/p>\n\t\t\t\t\t\t\t\t\t\t\t\t\t\t\t\t\t\t\t<a target=\"\" href=\"https:\/\/bozita.com\/cz\/udrzitelne-pro-zvirata-a-prirodu\/\" class=\"btn btn-white\">V\u00edce informac\u00ed <\/a>\n\t\t\t\t\t\t\t\t\t\t\t\t\t\t\t\t\t\t<\/div>\n\t\t\t\t\t\t\t<\/div>\n\t\t\t\t\t\t<\/div>\n\t\t\t\t\t\t\t\t\t<\/div>\n\t\t<\/div>\n\t<\/section>\n","protected":false},"excerpt":{"rendered":"","protected":false},"author":4,"featured_media":6515,"parent":0,"menu_order":0,"comment_status":"closed","ping_status":"closed","template":"guternberg.php","meta":{"footnotes":""},"acf":[],"yoast_head":"<!-- This site is optimized with the Yoast SEO plugin v21.3 - https:\/\/yoast.com\/wordpress\/plugins\/seo\/ -->\n<title>Domovsk\u00e1 str\u00e1nka - Bozita Czech<\/title>\n<meta name=\"description\" content=\"Spole\u010dnost Bozita vyr\u00e1b\u00ed krmivo pro psy a ko\u010dky ji\u017e od roku 1903. Vysoce kvalitn\u00ed krmivo pro zv\u00ed\u0159ata vyr\u00e1b\u011bn\u00e9 ve \u0160v\u00e9dsku z p\u0159\u00edrodn\u00edch surovin bez zbyte\u010dn\u00fdch p\u0159\u00edsad.\" \/>\n<meta name=\"robots\" content=\"index, follow, max-snippet:-1, max-image-preview:large, max-video-preview:-1\" \/>\n<link rel=\"canonical\" href=\"https:\/\/bozita.com\/cz\/\" \/>\n<meta property=\"og:locale\" content=\"cs_CZ\" \/>\n<meta property=\"og:type\" content=\"article\" \/>\n<meta property=\"og:title\" content=\"Domovsk\u00e1 str\u00e1nka - Bozita Czech\" \/>\n<meta property=\"og:description\" content=\"Spole\u010dnost Bozita vyr\u00e1b\u00ed krmivo pro psy a ko\u010dky ji\u017e od roku 1903. Vysoce kvalitn\u00ed krmivo pro zv\u00ed\u0159ata vyr\u00e1b\u011bn\u00e9 ve \u0160v\u00e9dsku z p\u0159\u00edrodn\u00edch surovin bez zbyte\u010dn\u00fdch p\u0159\u00edsad.\" \/>\n<meta property=\"og:url\" content=\"https:\/\/bozita.com\/cz\/\" \/>\n<meta property=\"og:site_name\" content=\"Bozita Czech\" \/>\n<meta property=\"article:modified_time\" content=\"2024-05-14T06:27:15+00:00\" \/>\n<meta property=\"og:image\" content=\"https:\/\/bozita.com\/cz\/wp-content\/uploads\/sites\/12\/2021\/08\/bozita-hero-dog-brown-2.jpg\" \/>\n\t<meta property=\"og:image:width\" content=\"2305\" \/>\n\t<meta property=\"og:image:height\" content=\"1000\" \/>\n\t<meta property=\"og:image:type\" content=\"image\/jpeg\" \/>\n<meta name=\"twitter:card\" content=\"summary_large_image\" \/>\n<!-- \/ Yoast SEO plugin. -->","yoast_head_json":{"title":"Domovsk\u00e1 str\u00e1nka - Bozita Czech","description":"Spole\u010dnost Bozita vyr\u00e1b\u00ed krmivo pro psy a ko\u010dky ji\u017e od roku 1903. Vysoce kvalitn\u00ed krmivo pro zv\u00ed\u0159ata vyr\u00e1b\u011bn\u00e9 ve \u0160v\u00e9dsku z p\u0159\u00edrodn\u00edch surovin bez zbyte\u010dn\u00fdch p\u0159\u00edsad.","robots":{"index":"index","follow":"follow","max-snippet":"max-snippet:-1","max-image-preview":"max-image-preview:large","max-video-preview":"max-video-preview:-1"},"canonical":"https:\/\/bozita.com\/cz\/","og_locale":"cs_CZ","og_type":"article","og_title":"Domovsk\u00e1 str\u00e1nka - Bozita Czech","og_description":"Spole\u010dnost Bozita vyr\u00e1b\u00ed krmivo pro psy a ko\u010dky ji\u017e od roku 1903. Vysoce kvalitn\u00ed krmivo pro zv\u00ed\u0159ata vyr\u00e1b\u011bn\u00e9 ve \u0160v\u00e9dsku z p\u0159\u00edrodn\u00edch surovin bez zbyte\u010dn\u00fdch p\u0159\u00edsad.","og_url":"https:\/\/bozita.com\/cz\/","og_site_name":"Bozita Czech","article_modified_time":"2024-05-14T06:27:15+00:00","og_image":[{"width":2305,"height":1000,"url":"https:\/\/bozita.com\/cz\/wp-content\/uploads\/sites\/12\/2021\/08\/bozita-hero-dog-brown-2.jpg","type":"image\/jpeg"}],"twitter_card":"summary_large_image","schema":{"@context":"https:\/\/schema.org","@graph":[{"@type":"WebPage","@id":"https:\/\/bozita.com\/cz\/","url":"https:\/\/bozita.com\/cz\/","name":"Domovsk\u00e1 str\u00e1nka - Bozita Czech","isPartOf":{"@id":"https:\/\/bozita.com\/cz\/#website"},"datePublished":"2022-05-25T10:34:11+00:00","dateModified":"2024-05-14T06:27:15+00:00","description":"Spole\u010dnost Bozita vyr\u00e1b\u00ed krmivo pro psy a ko\u010dky ji\u017e od roku 1903. Vysoce kvalitn\u00ed krmivo pro zv\u00ed\u0159ata vyr\u00e1b\u011bn\u00e9 ve \u0160v\u00e9dsku z p\u0159\u00edrodn\u00edch surovin bez zbyte\u010dn\u00fdch p\u0159\u00edsad.","breadcrumb":{"@id":"https:\/\/bozita.com\/cz\/#breadcrumb"},"inLanguage":"cs","potentialAction":[{"@type":"ReadAction","target":["https:\/\/bozita.com\/cz\/"]}]},{"@type":"BreadcrumbList","@id":"https:\/\/bozita.com\/cz\/#breadcrumb","itemListElement":[{"@type":"ListItem","position":1,"name":"Home","item":"https:\/\/bozita.com\/cz\/"},{"@type":"ListItem","position":2,"name":"Domovsk\u00e1 str\u00e1nka"}]},{"@type":"WebSite","@id":"https:\/\/bozita.com\/cz\/#website","url":"https:\/\/bozita.com\/cz\/","name":"Bozita Czech","description":"","potentialAction":[{"@type":"SearchAction","target":{"@type":"EntryPoint","urlTemplate":"https:\/\/bozita.com\/cz\/?s={search_term_string}"},"query-input":"required name=search_term_string"}],"inLanguage":"cs"}]}},"_links":{"self":[{"href":"https:\/\/bozita.com\/cz\/wp-json\/wp\/v2\/pages\/6514"}],"collection":[{"href":"https:\/\/bozita.com\/cz\/wp-json\/wp\/v2\/pages"}],"about":[{"href":"https:\/\/bozita.com\/cz\/wp-json\/wp\/v2\/types\/page"}],"author":[{"embeddable":true,"href":"https:\/\/bozita.com\/cz\/wp-json\/wp\/v2\/users\/4"}],"replies":[{"embeddable":true,"href":"https:\/\/bozita.com\/cz\/wp-json\/wp\/v2\/comments?post=6514"}],"version-history":[{"count":36,"href":"https:\/\/bozita.com\/cz\/wp-json\/wp\/v2\/pages\/6514\/revisions"}],"predecessor-version":[{"id":7976,"href":"https:\/\/bozita.com\/cz\/wp-json\/wp\/v2\/pages\/6514\/revisions\/7976"}],"wp:featuredmedia":[{"embeddable":true,"href":"https:\/\/bozita.com\/cz\/wp-json\/wp\/v2\/media\/6515"}],"wp:attachment":[{"href":"https:\/\/bozita.com\/cz\/wp-json\/wp\/v2\/media?parent=6514"}],"curies":[{"name":"wp","href":"https:\/\/api.w.org\/{rel}","templated":true}]}}