{"id":6566,"date":"2022-05-25T10:34:14","date_gmt":"2022-05-25T10:34:14","guid":{"rendered":"https:\/\/bozita.com\/cz\/vyziva-a-dieta-2\/"},"modified":"2022-07-03T18:41:52","modified_gmt":"2022-07-03T18:41:52","slug":"vyziva-a-dieta-2","status":"publish","type":"page","link":"https:\/\/bozita.com\/cz\/vyziva-a-dieta-2\/","title":{"rendered":"V\u00fd\u017eiva a dieta"},"content":{"rendered":"\n\t\t<section class=\"small-hero-with-image\">\n\t\t\t\t\t\t\t<img decoding=\"async\" class=\"background-image\" src=\"https:\/\/bozita.com\/cz\/wp-content\/uploads\/sites\/12\/2021\/06\/bozita-nutrition-kost-2.jpg\" alt=\"\">\n\t\t\t\t\t\t\t<div class=\"overlay-v1 overlay-bg\">\n\t\t\t\t<div class=\"container\">\n\t\t\t\t\t<div class=\"row\">\n\t\t\t\t\t\t<div class=\"col-md-6 col-lg-5\">\n\t\t\t\t\t\t\t<h5>Kunskap<\/h5><h1>V\u00dd\u017dIVA &amp; DIETA<\/h1><p><p>Co by m\u011bli psi j\u00edst? Dobr\u00e9 krmivo pro psy by m\u011blo b\u00fdt vyv\u00e1\u017een\u00e9 a obsahovat v\u0161e, co v\u00e1\u0161 pes pot\u0159ebuje<\/p>\n<\/p>\t\t\t\t\t\t<\/div>\n\t\t\t\t\t<\/div>\n\t\t\t\t<\/div>\n\t\t\t<\/div>\n\t\t<\/section>\n\t\t\n\n\t<div class=\"text-box-warp\">\n\t\t<div class=\"container\">\n\t\t\t<div class=\"text-content\">\n\t\t\t\t<p>Zdrav\u00e9 krmivo pro dom\u00e1c\u00ed zv\u00ed\u0159ata by m\u011blo obsahovat b\u00edlkoviny, tuky, miner\u00e1ln\u00ed l\u00e1tky a vitam\u00edny ve spr\u00e1vn\u00e9m pom\u011bru. Co a kolik by m\u011bli psi j\u00edst, z\u00e1vis\u00ed tak\u00e9 na jejich plemeni, velikosti, v\u011bku a \u00farovni aktivity. Existuj\u00ed speci\u00e1ln\u00ed krmiva, kter\u00e1 jsou p\u0159izp\u016fsobena pro \u0161t\u011b\u0148ata, b\u0159ez\u00ed a koj\u00edc\u00ed feny, mlad\u00e9 psy, dosp\u011bl\u00e9 psy a star\u00e9 psy. O tom, co by m\u011bl v\u00e1\u0161 pes j\u00edst, rozhoduje tak\u00e9 jeho zdravotn\u00ed stav. M\u00e1 v\u00e1\u0161 pes citliv\u00fd \u017ealudek nebo pot\u0159ebuje speci\u00e1ln\u011b upraven\u00e9 krmivo? V <a title=\"Krmivo pro psy\" href=\"https:\/\/bozita.com\/cz\/krmivo-pro-psy\/?lang=cs\" data-udi=\"umb:\/\/document\/55b5151617194f52837b8d0a66d6a16d\"><u>Sortimentu krmiv pro psy zna\u010dky Bozita<\/u><\/a> si m\u016f\u017eete vyfiltrovat v\u00fdrobky, kter\u00e9 va\u0161emu psovi vyhovuj\u00ed.<\/p>\n<h2><a href=\"https:\/\/bozita.com\/cz\/prechod-z-krmiva-pro-stenata-na-krmivo-pro-dospele\/?lang=cs\">P\u0159echod z krmiva pro \u0161t\u011b\u0148ata na krmivo pro dosp\u011bl\u00e9<\/a><\/h2>\n<p>Kdy byste m\u011bli p\u0159ej\u00edt na krmivo pro psy?<br \/>\nKdy\u017e pes v dosp\u011blosti dos\u00e1hne pln\u00e9 v\u00fd\u0161ky a hmotnosti, je \u010das p\u0159ej\u00edt z krmiva pro \u0161t\u011b\u0148ata na krmivo pro dosp\u011bl\u00e9. Zm\u011bnu prov\u00e1d\u011bjte postupn\u011b, abyste nenaru\u0161ili tr\u00e1ven\u00ed psa. Kolik by m\u011blo \u0161t\u011bn\u011b j\u00edst a jak\u00e9 je nejlep\u0161\u00ed krmivo? Jak vybrat nejlep\u0161\u00ed krmivo pro \u0161t\u011bn\u011b? Jak \u010dasto by m\u011blo m\u00e9 \u0161t\u011bn\u011b j\u00edst? To jsou n\u011bkter\u00e9 z mnoha ot\u00e1zek, kter\u00e9 si kladou majitel\u00e9 ps\u016f. Rostouc\u00ed \u0161t\u011bn\u011b by m\u011blo m\u00edt stravu, kter\u00e1 je speci\u00e1ln\u011b p\u0159izp\u016fsobena jeho v\u00fdvojov\u00e9mu st\u00e1diu. To je pr\u00e1v\u011b to, co tvo\u0159\u00ed vhodn\u00e9 krmivo pro psy. D\u00edky vyv\u00e1\u017een\u00e9 strav\u011b ve spr\u00e1vn\u00e9m mno\u017estv\u00ed si m\u016f\u017eete b\u00fdt jisti, \u017ee va\u0161e \u0161t\u011bn\u011b dost\u00e1v\u00e1 v\u0161e, co pot\u0159ebuje ke zdrav\u00e9mu r\u016fstu a \u017eivotu.<\/p>\n<h2><a href=\"https:\/\/bozita.com\/cz\/krmivo-pro-brezi-a-kojici-feny\/\">Krmivo pro b\u0159ez\u00ed a koj\u00edc\u00ed feny.<\/a><\/h2>\n<p>Majitel\u00e9 ps\u016f se \u010dasto zam\u011b\u0159uj\u00ed na krmivo pro \u0161t\u011b\u0148ata, aby jejich \u0161t\u011b\u0148ata dob\u0159e prosp\u00edvala a vyrostla ve zdrav\u00e9 psy. Stejn\u011b d\u016fle\u017eit\u00e9 je v\u0161ak i krmivo pro b\u0159ez\u00ed feny. Majitel\u00e9 ps\u016f mus\u00ed db\u00e1t na to, aby fena dost\u00e1vala spr\u00e1vn\u00e9 krmivo a m\u011bla spr\u00e1vnou hmotnost p\u0159i h\u00e1r\u00e1n\u00ed, b\u011bhem b\u0159ezosti a v obdob\u00ed laktace. Ze zdrav\u00e9 feny se narod\u00ed zdrav\u00e1 \u0161t\u011b\u0148ata. Jak\u00e9 je nejlep\u0161\u00ed krmivo pro b\u0159ez\u00ed fenu?<\/p>\n<h2><a href=\"https:\/\/bozita.com\/cz\/krmivo-pro-psy-s-citlivym-zaludkem\/?lang=cs\">Krmivo pro psy s citliv\u00fdm \u017ealudkem. <\/a><\/h2>\n<p class=\"article-list__author-byline\">\u010cl\u00e1nek napsala Cecilia Hjelmov\u00e1<\/p>\n<p>Pes m\u016f\u017ee m\u00edt citliv\u00fd \u017ealudek stejn\u011b jako \u010dlov\u011bk. Pokud m\u00e1 pes citliv\u00fd \u017ealudek, je d\u016fle\u017eit\u00e9, aby dost\u00e1val spr\u00e1vn\u00e9 krmivo pro vyv\u00e1\u017een\u00fd \u017ealudek a mohl \u00fa\u010dinn\u011b vst\u0159eb\u00e1vat \u017eiviny, aby z\u016fstal zdrav\u00fd a fit. Dlouhodob\u011b nevyv\u00e1\u017een\u00fd \u017ealudek m\u016f\u017ee v\u00e9st k dal\u0161\u00edm p\u0159\u00edznak\u016fm a probl\u00e9m\u016fm. Pokud m\u00e1 toti\u017e pes nevyv\u00e1\u017een\u00fd \u017ealudek, sni\u017euje se jeho imunitn\u00ed syst\u00e9m.<\/p>\n<h2><a href=\"https:\/\/bozita.com\/cz\/krmivo-pro-psy-bez-obilovin-vse-co-potrebujete-vedet\/\">Bezobiln\u00e9 krmivo pro psy &#8211; v\u0161e, co pot\u0159ebujete v\u011bd\u011bt<\/a><\/h2>\n<p class=\"article-list__author-byline\">\u010cl\u00e1nek napsala Cecilia Hjelmov\u00e1<\/p>\n<p>Stejn\u011b jako si lid\u00e9 st\u00e1le v\u00edce uv\u011bdomuj\u00ed, co jed\u00ed, v\u011bnujeme stejnou pozornost i na\u0161im ps\u016fm a tomu, jak\u00e9 krmivo jim d\u00e1v\u00e1me. V posledn\u00ed dob\u011b se zv\u00fd\u0161ila popt\u00e1vka po kvalitn\u00edm krmivu pro psy. Pro\u010d bych ho m\u011bl sv\u00e9mu psovi d\u00e1vat, jak\u00e9 jsou jeho v\u00fdhody a co bych m\u011bl zv\u00e1\u017eit? V\u00fd\u017eivov\u00e1 specialistka spole\u010dnosti Bozita Cecilia Hjelmov\u00e1 vysv\u011btluje jednotliv\u00e9 pojmy. Cecilia je v\u00fdvoj\u00e1\u0159kou na\u0161ich v\u00fdrobk\u016f, m\u00e1 odborn\u00e9 znalosti v oblasti v\u00fd\u017eivy a je kvalifikovan\u00e1 v oboru agronomie dom\u00e1c\u00edch zv\u00ed\u0159at. Velmi se zaj\u00edm\u00e1 o psy a m\u00e1 hlubok\u00e9 znalosti o jejich pot\u0159eb\u00e1ch r\u016fzn\u00fdch \u017eivin, slo\u017eek a z\u00e1konn\u00fdch po\u017eadavk\u016f. Cecilia v\u00ed, jak nejl\u00e9pe krmit va\u0161eho psa.<\/p>\n<h2><a href=\"https:\/\/bozita.com\/cz\/co-by-psi-nemeli-jist\/?lang=cs\">Co by psi nem\u011bli j\u00edst<\/a><\/h2>\n<p class=\"article-list__author-byline\">\u010cl\u00e1nek napsala Cecilia Hjelmov\u00e1<\/p>\n<p>Psi by m\u011bli dost\u00e1vat krmivo p\u0159izp\u016fsoben\u00e9 jejich pot\u0159eb\u00e1m a \u017eivotn\u00edmu stylu. V\u00e1\u0161 pes v\u0161ak m\u016f\u017ee \u010das od \u010dasu p\u0159ij\u00edt na chu\u0165 va\u0161emu krmivu nebo z\u00e1kladn\u00edm kuchy\u0148sk\u00fdm surovin\u00e1m. N\u011bkter\u00e9 potraviny mohou va\u0161emu psovi zp\u016fsobit onemocn\u011bn\u00ed a n\u011bkter\u00e9 jsou pro psy jedovat\u00e9. Proto je d\u016fle\u017eit\u00e9 d\u00e1vat pozor na to, co va\u0161i psi jed\u00ed, a rozum\u011bt tomu, co je \u0161kodliv\u00e9. Na\u0161e odbornice na v\u00fd\u017eivu, Cecilia Hjelmov\u00e1, je kvalifikovan\u00e1 agronomka pro dom\u00e1c\u00ed zv\u00ed\u0159ata s odborn\u00fdmi znalostmi v oblasti krmiv a stravovac\u00edch n\u00e1vyk\u016f a m\u016f\u017ee v\u00e1m pomoci porozum\u011bt v\u00edce.<\/p>\n<h2><a href=\"https:\/\/bozita.com\/cz\/jake-krmivo-a-kolik-by-mel-pes-snist-za-den\/?lang=cs\">Co by m\u011bl v\u00e1\u0161 pes j\u00edst a kolik mu toho denn\u011b d\u00e1vat<\/a><\/h2>\n<p class=\"article-list__author-byline\">\u010cl\u00e1nek napsala Cecilia Hjelm<\/p>\n<p>Zdrav\u00e9 a vyv\u00e1\u017een\u00e9 krmivo pro psy je d\u016fle\u017eit\u00e9, aby se v\u00e1\u0161 pes c\u00edtil dob\u0159e. Stejn\u011b jako lid\u00e9 i psi pot\u0159ebuj\u00ed vyv\u00e1\u017eenou stravu a je d\u016fle\u017eit\u00e9, aby dost\u00e1vali v\u0161echny \u017eiviny, kter\u00e9 v r\u016fzn\u00fdch f\u00e1z\u00edch \u017eivota pot\u0159ebuj\u00ed.<\/p>\n\t\t\t<\/div>\n\t\t<\/div>\n\t<\/div>\n\n\n<section class=\"block product-promos\">\n\t<div class=\"container\">\n\t\t<div class=\"row align-items-center\">\n\t\t\t<div class=\"col-md-5\">\n\t\t\t\t<div class=\"prdt__promos-heading\">\n\t\t\t\t\t<h3>\n\t\t\t\t\t\tVHODN\u00c9 KRMIVO PRO \u0160T\u011a\u0147ATA A B\u0158EZ\u00cd NEBO KOJ\u00cdC\u00cd FENY\t\t\t\t\t<\/h3>\n\t\t\t\t\t\t\t\t\t<\/div>\n\t\t\t<\/div>\n\t\t\t<div class=\"col-md-7\">\n\t\t\t\t\t\t\t\t\t<div class=\"owl-carousel owl-theme product-promo-carousel\">\n\t\t\t\t\t\t\t\t\t\t\t\t\t<a href=\"https:\/\/bozita.com\/cz\/products\/bozita-robur-mother-puppy\/\">\n\t\t\t\t\t\t\t\t<div class=\"blk__prdt-item\">\n\t\t\t\t\t\t\t\t\t<figure>\n\t\t\t\t\t\t\t\t\t\t<img loading=\"lazy\" decoding=\"async\" width=\"400\" height=\"457\" src=\"https:\/\/bozita.com\/cz\/wp-content\/uploads\/sites\/12\/2021\/06\/2035-bozita-robur-mother-puppy.png\" class=\"attachment-post-thumbnail size-post-thumbnail wp-post-image\" alt=\"BOZITA ACTIVE &#038; STERILISED \u2013 GRAIN FREE LAMB\" srcset=\"https:\/\/bozita.com\/cz\/wp-content\/uploads\/sites\/12\/2021\/06\/2035-bozita-robur-mother-puppy.png 400w, https:\/\/bozita.com\/cz\/wp-content\/uploads\/sites\/12\/2021\/06\/2035-bozita-robur-mother-puppy-263x300.png 263w\" sizes=\"(max-width: 400px) 100vw, 400px\" \/>\t\t\t\t\t\t\t\t\t\t\t\t\t\t\t\t\t\t\t<\/figure>\n\t\t\t\t\t\t\t\t\t<h4 class=\"carousel-title\"><\/h4>\n\t\t\t\t\t\t\t\t\t<span class=\"carousel-category\">BOZITA ROBUR MOTHER &#038; PUPPY<\/span>\n\t\t\t\t\t\t\t\t\t  \n\t\t\t\t\t\t\t\t\t<ul class=\"category-list\">\n\t\t\t\t\t\t\t\t\t\t\t\t\t\t\t\t\t\t\t\t\t\t\t<li class=\"svg-image\">\n\t\t\t\t\t\t\t\t\t\t\t\t\t\t<img decoding=\"async\" src=\"https:\/\/bozita.com\/cz\/wp-content\/uploads\/sites\/12\/2021\/06\/icon-wheat-free.svg\" \/>\n\t\t\t\t\t\t\t\t\t\t\t\t\t<\/li>\n\t\t\t\t\t\t\t\t\t\t\t\t\t\t\t\t\t\t\t\t\t\t\t\t\t\t\t\t\t\t\t\t\t\t\t\t<li class=\"svg-image\">\n\t\t\t\t\t\t\t\t\t\t\t\t\t\t<img decoding=\"async\" src=\"https:\/\/bozita.com\/cz\/wp-content\/uploads\/sites\/12\/2021\/06\/icon-flavour-chicken.svg\" \/>\n\t\t\t\t\t\t\t\t\t\t\t\t\t<\/li>\n\t\t\t\t\t\t\t\t\t\t\t\t\t\t\t\t\t\t\t\t\t\t<\/ul>       \n\n\t\t\t\t\t\t\t\t<\/div>\n\t\t\t\t\t\t\t<\/a>\n\t\t\t\t\t\t\t\t\t\t\t\t\t\t\t\t\t\t\t\t<a href=\"https:\/\/bozita.com\/cz\/products\/bozita-robur-matka-a-stene-xl\/\">\n\t\t\t\t\t\t\t\t<div class=\"blk__prdt-item\">\n\t\t\t\t\t\t\t\t\t<figure>\n\t\t\t\t\t\t\t\t\t\t<img loading=\"lazy\" decoding=\"async\" width=\"400\" height=\"457\" src=\"https:\/\/bozita.com\/cz\/wp-content\/uploads\/sites\/12\/2021\/06\/2036-bozita-robur-mother-puppy-xl.png\" class=\"attachment-post-thumbnail size-post-thumbnail wp-post-image\" alt=\"BOZITA ACTIVE &#038; STERILISED \u2013 GRAIN FREE LAMB\" srcset=\"https:\/\/bozita.com\/cz\/wp-content\/uploads\/sites\/12\/2021\/06\/2036-bozita-robur-mother-puppy-xl.png 400w, https:\/\/bozita.com\/cz\/wp-content\/uploads\/sites\/12\/2021\/06\/2036-bozita-robur-mother-puppy-xl-263x300.png 263w\" sizes=\"(max-width: 400px) 100vw, 400px\" \/>\t\t\t\t\t\t\t\t\t\t\t\t\t\t\t\t\t\t\t<\/figure>\n\t\t\t\t\t\t\t\t\t<h4 class=\"carousel-title\"><\/h4>\n\t\t\t\t\t\t\t\t\t<span class=\"carousel-category\">BOZITA ROBUR MOTHER &#038; PUPPY XL<\/span>\n\t\t\t\t\t\t\t\t\t  \n\t\t\t\t\t\t\t\t\t<ul class=\"category-list\">\n\t\t\t\t\t\t\t\t\t\t\t\t\t\t\t\t\t\t\t\t\t\t\t<li class=\"svg-image\">\n\t\t\t\t\t\t\t\t\t\t\t\t\t\t<img decoding=\"async\" src=\"https:\/\/bozita.com\/cz\/wp-content\/uploads\/sites\/12\/2021\/06\/icon-wheat-free.svg\" \/>\n\t\t\t\t\t\t\t\t\t\t\t\t\t<\/li>\n\t\t\t\t\t\t\t\t\t\t\t\t\t\t\t\t\t\t\t\t\t\t\t\t\t\t\t\t\t\t\t\t\t\t\t\t<li class=\"svg-image\">\n\t\t\t\t\t\t\t\t\t\t\t\t\t\t<img decoding=\"async\" src=\"https:\/\/bozita.com\/cz\/wp-content\/uploads\/sites\/12\/2021\/06\/icon-flavour-chicken.svg\" \/>\n\t\t\t\t\t\t\t\t\t\t\t\t\t<\/li>\n\t\t\t\t\t\t\t\t\t\t\t\t\t\t\t\t\t\t\t\t\t\t<\/ul>       \n\n\t\t\t\t\t\t\t\t<\/div>\n\t\t\t\t\t\t\t<\/a>\n\t\t\t\t\t\t\t\t\t\t\t\t\t\t\t\t\t\t<\/div>\n\t\t\t\t\t\t\t<\/div>\n\t\t<\/div>\n\t<\/div>\n<\/section>\n<script>\njQuery(document).ready(function($) {\n\tjQuery('.product-promo-carousel').owlCarousel({\n\tloop: true,\n\tmargin: 10,\n\tresponsiveClass: true,\n\tresponsive: {\n\t\t0: {\n\t\titems: 1,\n\t\tnav: true\n\t\t},\n\t\t600: {\n\t\titems: 1,\n\t\tnav: true\n\t\t},\n\t\t1000: {\n\t\titems: 2,\n\t\tnav: true,\n\t\t}\n\t}\n\t})\n\tjQuery(\".owl-prev\").html('<span><<\/span>');\n\tjQuery(\".owl-next\").html('<span>><\/span>');\n\n\tvar slider = jQuery('.promo-slider-list');\n\tslider.owlCarousel();\n\tjQuery('.nextbtn-a').click(function() {\n\tslider.trigger('next.owl.carousel');\n\t})\n\t\/\/ Go to the previous item\n\tjQuery('.prebtn-a').click(function() {\n\tslider.trigger('prev.owl.carousel', [300]);\n\t})\n});\n<\/script>\n","protected":false},"excerpt":{"rendered":"","protected":false},"author":4,"featured_media":6567,"parent":0,"menu_order":0,"comment_status":"closed","ping_status":"closed","template":"guternberg.php","meta":{"footnotes":""},"acf":[],"yoast_head":"<!-- This site is optimized with the Yoast SEO plugin v21.3 - https:\/\/yoast.com\/wordpress\/plugins\/seo\/ -->\n<title>V\u00fd\u017eiva a dieta - Bozita Czech<\/title>\n<meta name=\"description\" content=\"Co by m\u011bli psi j\u00edst? Psi maj\u00ed r\u016fzn\u00e9 v\u00fd\u017eivov\u00e9 pot\u0159eby v z\u00e1vislosti nap\u0159. na f\u00e1zi \u017eivota a na tom, jak jsou aktivn\u00ed. P\u0159e\u010dt\u011bte si v\u00edce o v\u00fd\u017eiv\u011b a strav\u011b ps\u016f.\" \/>\n<meta name=\"robots\" content=\"index, follow, max-snippet:-1, max-image-preview:large, max-video-preview:-1\" \/>\n<link rel=\"canonical\" href=\"https:\/\/bozita.com\/cz\/vyziva-a-dieta-2\/\" \/>\n<meta property=\"og:locale\" content=\"cs_CZ\" \/>\n<meta property=\"og:type\" content=\"article\" \/>\n<meta property=\"og:title\" content=\"V\u00fd\u017eiva a dieta - Bozita Czech\" \/>\n<meta property=\"og:description\" content=\"Co by m\u011bli psi j\u00edst? Psi maj\u00ed r\u016fzn\u00e9 v\u00fd\u017eivov\u00e9 pot\u0159eby v z\u00e1vislosti nap\u0159. na f\u00e1zi \u017eivota a na tom, jak jsou aktivn\u00ed. P\u0159e\u010dt\u011bte si v\u00edce o v\u00fd\u017eiv\u011b a strav\u011b ps\u016f.\" \/>\n<meta property=\"og:url\" content=\"https:\/\/bozita.com\/cz\/vyziva-a-dieta-2\/\" \/>\n<meta property=\"og:site_name\" content=\"Bozita Czech\" \/>\n<meta property=\"article:modified_time\" content=\"2022-07-03T18:41:52+00:00\" \/>\n<meta property=\"og:image\" content=\"https:\/\/bozita.com\/cz\/wp-content\/uploads\/sites\/12\/2021\/06\/bozita-nutrition-kost.jpg\" \/>\n\t<meta property=\"og:image:width\" content=\"800\" \/>\n\t<meta property=\"og:image:height\" content=\"537\" \/>\n\t<meta property=\"og:image:type\" content=\"image\/jpeg\" \/>\n<meta name=\"twitter:card\" content=\"summary_large_image\" \/>\n<!-- \/ Yoast SEO plugin. -->","yoast_head_json":{"title":"V\u00fd\u017eiva a dieta - Bozita Czech","description":"Co by m\u011bli psi j\u00edst? Psi maj\u00ed r\u016fzn\u00e9 v\u00fd\u017eivov\u00e9 pot\u0159eby v z\u00e1vislosti nap\u0159. na f\u00e1zi \u017eivota a na tom, jak jsou aktivn\u00ed. P\u0159e\u010dt\u011bte si v\u00edce o v\u00fd\u017eiv\u011b a strav\u011b ps\u016f.","robots":{"index":"index","follow":"follow","max-snippet":"max-snippet:-1","max-image-preview":"max-image-preview:large","max-video-preview":"max-video-preview:-1"},"canonical":"https:\/\/bozita.com\/cz\/vyziva-a-dieta-2\/","og_locale":"cs_CZ","og_type":"article","og_title":"V\u00fd\u017eiva a dieta - Bozita Czech","og_description":"Co by m\u011bli psi j\u00edst? Psi maj\u00ed r\u016fzn\u00e9 v\u00fd\u017eivov\u00e9 pot\u0159eby v z\u00e1vislosti nap\u0159. na f\u00e1zi \u017eivota a na tom, jak jsou aktivn\u00ed. P\u0159e\u010dt\u011bte si v\u00edce o v\u00fd\u017eiv\u011b a strav\u011b ps\u016f.","og_url":"https:\/\/bozita.com\/cz\/vyziva-a-dieta-2\/","og_site_name":"Bozita Czech","article_modified_time":"2022-07-03T18:41:52+00:00","og_image":[{"width":800,"height":537,"url":"https:\/\/bozita.com\/cz\/wp-content\/uploads\/sites\/12\/2021\/06\/bozita-nutrition-kost.jpg","type":"image\/jpeg"}],"twitter_card":"summary_large_image","schema":{"@context":"https:\/\/schema.org","@graph":[{"@type":"WebPage","@id":"https:\/\/bozita.com\/cz\/vyziva-a-dieta-2\/","url":"https:\/\/bozita.com\/cz\/vyziva-a-dieta-2\/","name":"V\u00fd\u017eiva a dieta - Bozita Czech","isPartOf":{"@id":"https:\/\/bozita.com\/cz\/#website"},"datePublished":"2022-05-25T10:34:14+00:00","dateModified":"2022-07-03T18:41:52+00:00","description":"Co by m\u011bli psi j\u00edst? Psi maj\u00ed r\u016fzn\u00e9 v\u00fd\u017eivov\u00e9 pot\u0159eby v z\u00e1vislosti nap\u0159. na f\u00e1zi \u017eivota a na tom, jak jsou aktivn\u00ed. P\u0159e\u010dt\u011bte si v\u00edce o v\u00fd\u017eiv\u011b a strav\u011b ps\u016f.","breadcrumb":{"@id":"https:\/\/bozita.com\/cz\/vyziva-a-dieta-2\/#breadcrumb"},"inLanguage":"cs","potentialAction":[{"@type":"ReadAction","target":["https:\/\/bozita.com\/cz\/vyziva-a-dieta-2\/"]}]},{"@type":"BreadcrumbList","@id":"https:\/\/bozita.com\/cz\/vyziva-a-dieta-2\/#breadcrumb","itemListElement":[{"@type":"ListItem","position":1,"name":"Home","item":"https:\/\/bozita.com\/cz\/"},{"@type":"ListItem","position":2,"name":"V\u00fd\u017eiva a dieta"}]},{"@type":"WebSite","@id":"https:\/\/bozita.com\/cz\/#website","url":"https:\/\/bozita.com\/cz\/","name":"Bozita Czech","description":"","potentialAction":[{"@type":"SearchAction","target":{"@type":"EntryPoint","urlTemplate":"https:\/\/bozita.com\/cz\/?s={search_term_string}"},"query-input":"required name=search_term_string"}],"inLanguage":"cs"}]}},"_links":{"self":[{"href":"https:\/\/bozita.com\/cz\/wp-json\/wp\/v2\/pages\/6566"}],"collection":[{"href":"https:\/\/bozita.com\/cz\/wp-json\/wp\/v2\/pages"}],"about":[{"href":"https:\/\/bozita.com\/cz\/wp-json\/wp\/v2\/types\/page"}],"author":[{"embeddable":true,"href":"https:\/\/bozita.com\/cz\/wp-json\/wp\/v2\/users\/4"}],"replies":[{"embeddable":true,"href":"https:\/\/bozita.com\/cz\/wp-json\/wp\/v2\/comments?post=6566"}],"version-history":[{"count":17,"href":"https:\/\/bozita.com\/cz\/wp-json\/wp\/v2\/pages\/6566\/revisions"}],"predecessor-version":[{"id":7308,"href":"https:\/\/bozita.com\/cz\/wp-json\/wp\/v2\/pages\/6566\/revisions\/7308"}],"wp:featuredmedia":[{"embeddable":true,"href":"https:\/\/bozita.com\/cz\/wp-json\/wp\/v2\/media\/6567"}],"wp:attachment":[{"href":"https:\/\/bozita.com\/cz\/wp-json\/wp\/v2\/media?parent=6566"}],"curies":[{"name":"wp","href":"https:\/\/api.w.org\/{rel}","templated":true}]}}