{"id":6574,"date":"2022-05-25T10:34:14","date_gmt":"2022-05-25T10:34:14","guid":{"rendered":"https:\/\/bozita.com\/cz\/krmivo-pro-brezi-a-kojici-feny\/"},"modified":"2022-07-03T19:44:00","modified_gmt":"2022-07-03T19:44:00","slug":"krmivo-pro-brezi-a-kojici-feny","status":"publish","type":"page","link":"https:\/\/bozita.com\/cz\/krmivo-pro-brezi-a-kojici-feny\/","title":{"rendered":"Krmivo pro b\u0159ez\u00ed a koj\u00edc\u00ed feny"},"content":{"rendered":"\t\t<section class=\"small-hero\">\n\t\t\t<div class=\"container\">\n\t\t\t\t<h1 class=\"small-hero-title\">Krmivo pro b\u0159ez\u00ed a koj\u00edc\u00ed feny<\/h1>\t\t\t<\/div>\n\t\t\t<\/div>\n\t\t<\/section>\n\t\n\n\t<div class=\"text-box-warp\">\n\t\t<div class=\"container\">\n\t\t\t<div class=\"text-content\">\n\t\t\t\t<p>\u010casto se klade velk\u00fd d\u016fraz na to, co by m\u011bla \u0161t\u011b\u0148ata j\u00edst, aby p\u0159e\u017eila a vyrostli z nich zdrav\u00ed psi. Ale p\u0159inejmen\u0161\u00edm stejn\u011b d\u016fle\u017eit\u00e9 je pod\u00e1vat spr\u00e1vn\u00e9 krmivo b\u0159ez\u00ed fen\u011b. Jako majitel\u00e9 ps\u016f byste m\u011bli db\u00e1t na to, aby va\u0161e fena dost\u00e1vala spr\u00e1vnou potravu a z\u016fstala v dobr\u00e9 kondici p\u0159ed h\u00e1r\u00e1n\u00edm, b\u011bhem b\u0159ezosti i v dob\u011b kojen\u00ed. Zdrav\u00e1 fena je absolutn\u00ed nutnost\u00ed pro zdrav\u00e1 \u0161t\u011b\u0148ata. Jak\u00e9 krmivo byste v\u0161ak m\u011bli b\u0159ez\u00ed fen\u011b pod\u00e1vat?<\/p>\n<h2>PES MUS\u00cd B\u00ddT V DOBR\u00c9 KONDICI<\/h2>\n<p>P\u0159ed p\u00e1\u0159en\u00edm a b\u011bhem b\u0159ezosti je d\u016fle\u017eit\u00e9, aby byly ve \u0161pi\u010dkov\u00e9 kondici. Pokud m\u00e1 fena podv\u00e1hu, hroz\u00ed riziko,\u00a0\u017ee nebude schopna p\u0159ij\u00edmat dostate\u010dn\u00e9 mno\u017estv\u00ed potravy, aby uspokojila sv\u00e9 pot\u0159eby a pot\u0159eby rostouc\u00edch \u0161t\u011b\u0148at v d\u011bloze. To m\u016f\u017ee v\u00e9st k\u00a0ni\u017e\u0161\u00ed porodn\u00ed hmotnosti a zv\u00fd\u0161en\u00e9 \u00famrtnosti \u0161t\u011b\u0148at,\u00a0a tak\u00e9 k tomu, \u017ee fena bude m\u00edt probl\u00e9my udr\u017eet si zdrav\u00ed b\u011bhem laktace. Pokud m\u00e1 fena naopak nadv\u00e1hu, zvy\u0161uje se riziko, \u017ee \u0161t\u011b\u0148ata budou velmi velk\u00e1, co\u017e pro fenu znamen\u00e1 obt\u00ed\u017en\u00fd porod.<\/p>\n<h2>KRMIVO NA M\u00cdRU PRO B\u0158EZ\u00cd FENY<\/h2>\n<p>V prvn\u00ed polovin\u011b b\u0159ezosti \u0161t\u011b\u0148ata v d\u011bloze dorostou pouze do 30 procent velikosti, kter\u00e9 dos\u00e1hnou p\u0159i narozen\u00ed. Z tohoto d\u016fvodu feny v tomto obdob\u00ed nepot\u0159ebuj\u00ed \u017e\u00e1dn\u00e9 dal\u0161\u00ed krmivo, i kdy\u017e m\u016f\u017ee b\u00fdt dobr\u00e9 v t\u00e9to f\u00e1zi pomalu zav\u00e1d\u011bt krmivo pro \u0161t\u011b\u0148ata. Krmivo pro \u0161t\u011b\u0148ata je tak\u00e9 p\u0159izp\u016fsobeno b\u0159ez\u00edm a koj\u00edc\u00edm fen\u00e1m d\u00edky vy\u0161\u0161\u00edmu obsahu b\u00edlkovin a tuk\u016f, kter\u00e9 zaji\u0161\u0165uj\u00ed vy\u0161\u0161\u00ed energetickou hustotu. D\u016fvodem pro krmivo s vy\u0161\u0161\u00ed energetickou hustotou pro b\u0159ez\u00ed feny je umo\u017enit fen\u00e1m p\u0159ij\u00edmat v\u0161echny pot\u0159ebn\u00e9 \u017eiviny. To je d\u016fle\u017eit\u00e9, pokud maj\u00ed \u0161t\u011b\u0148ata b\u011bhem b\u0159ezosti dob\u0159e r\u016fst a fena jim m\u00e1 poskytnout dostatek ml\u00e9ka, ani\u017e by b\u011bhem laktace p\u0159\u00edli\u0161 zhubla.<\/p>\n<p>Po polovin\u011b b\u0159ezosti se tempo r\u016fstu \u0161t\u011b\u0148at zrychluje, tak\u017ee m\u016f\u017eete za\u010d\u00edt zvy\u0161ovat mno\u017estv\u00ed krmiva, kter\u00e9 b\u0159ez\u00ed fena dost\u00e1v\u00e1. Jedn\u00edm z doporu\u010den\u00ed je pod\u00e1vat fen\u011b od za\u010d\u00e1tku druh\u00e9 poloviny b\u0159ezosti a\u017e do porodu o 30-50 % v\u00edce krmiva. Dejte jen pozor, aby v tomto obdob\u00ed nep\u0159ibrala v\u00edce ne\u017e 15-25 procent sv\u00e9 norm\u00e1ln\u00ed t\u011blesn\u00e9 hmotnosti.<\/p>\n<ul>\n<li><a href=\"https:\/\/bozita.com\/cz\/bozita-krmivo-pro-stenata-vyrobene-ve-svedsku\/\">Krmivo pro \u0161t\u011b\u0148ata a krmivo pro b\u0159ez\u00ed a koj\u00edc\u00ed feny<\/a><\/li>\n<\/ul>\n<h2>VODA JE D\u016eLE\u017dIT\u00c1 ZEJM\u00c9NA B\u011aHEM KOJEN\u00cd<\/h2>\n<p>Po narozen\u00ed \u0161t\u011b\u0148at za\u010d\u00edn\u00e1 laktace a je velmi d\u016fle\u017eit\u00e9, aby fena p\u0159ij\u00edmala dostatek tekutin, proto\u017ee ml\u00e9ko, kter\u00e9 pij\u00ed \u0161t\u011b\u0148ata, obsahuje asi 78 % vody. Jen nezapome\u0148te um\u00edstit misku s vodou na takov\u00e9 m\u00edsto, aby k n\u00ed \u0161t\u011b\u0148ata nem\u011bla p\u0159\u00edstup a nemohlo doj\u00edt k rozlit\u00ed. Pokud je obt\u00ed\u017en\u00e9 dostat do feny dostatek tekutin, dal\u0161\u00edm dobr\u00fdm n\u00e1padem je namo\u010dit jej\u00ed potravu do vody p\u0159edt\u00edm, ne\u017e ji sn\u00ed, aby p\u0159ij\u00edmala tekutiny b\u011bhem j\u00eddla.<\/p>\n<p>Kolik by m\u011bla fena b\u011bhem laktace sn\u00edst, z\u00e1vis\u00ed na tom, kolik m\u00e1 \u0161t\u011b\u0148at, ale pravidlem je, \u017ee v dob\u011b, kdy d\u00e1v\u00e1 nejv\u00edce ml\u00e9ka, by m\u011bla sn\u00edst 2-3kr\u00e1t v\u00edce ne\u017e obvykle. K tomu obvykle doch\u00e1z\u00ed zhruba ve 3.-4. t\u00fddnu a po t\u00e9to dob\u011b m\u016f\u017eete pomalu sni\u017eovat mno\u017estv\u00ed jej\u00edho krmiva, proto\u017ee \u0161t\u011b\u0148ata za\u010d\u00ednaj\u00ed p\u0159ech\u00e1zet na p\u0159\u00edkrmy a odstavuj\u00ed se\u00a0od ml\u00e9ka. Pokud \u0161t\u011b\u0148ata za\u010dnou m\u00edt b\u011bhem kojen\u00ed \u017ealude\u010dn\u00ed pot\u00ed\u017ee, je to obvykle proto, \u017ee fena dost\u00e1v\u00e1 p\u0159\u00edli\u0161 mnoho potravy.\u00a0Sni\u017ete trochu krmen\u00ed feny a uvid\u00edte, zda se \u017ealudek \u0161t\u011b\u0148at zlep\u0161\u00ed.<\/p>\n<h2>KRMEN\u00cd B\u0158EZ\u00cd FENY &#8211; BOZITA ROBUR MATKA A \u0160T\u011aN\u011a<\/h2>\n<p>Bozita Robur Matka a \u0161t\u011bn\u011b je\u00a0kompletn\u00ed krmivo p\u0159izp\u016fsoben\u00e9 pro \u0161t\u011b\u0148ata, rostouc\u00ed mlad\u00e9 psy a b\u0159ez\u00ed nebo koj\u00edc\u00ed feny. Neobsahuje p\u0161enici a m\u00e1 vysok\u00fd obsah b\u00edlkovin. Krmivo Bozita Robur Matka a \u0161t\u011bn\u011b XL m\u00e1 o n\u011bco v\u011bt\u0161\u00ed kousky pro psy v\u011bt\u0161\u00edch plemen.<\/p>\n\t\t\t<\/div>\n\t\t<\/div>\n\t<\/div>\n\n\n<section class=\"block product-promos\">\n\t<div class=\"container\">\n\t\t<div class=\"row align-items-center\">\n\t\t\t<div class=\"col-md-5\">\n\t\t\t\t<div class=\"prdt__promos-heading\">\n\t\t\t\t\t<h3>\n\t\t\t\t\t\tVHODN\u00c9 KRMIVO PRO \u0160T\u011a\u0147ATA A ROSTOUC\u00cd MLAD\u00c9 PSY\t\t\t\t\t<\/h3>\n\t\t\t\t\t\t\t\t\t<\/div>\n\t\t\t<\/div>\n\t\t\t<div class=\"col-md-7\">\n\t\t\t\t\t\t\t\t\t<div class=\"owl-carousel owl-theme product-promo-carousel\">\n\t\t\t\t\t\t\t\t\t\t\t\t\t<a href=\"https:\/\/bozita.com\/cz\/products\/bozita-robur-mother-puppy\/\">\n\t\t\t\t\t\t\t\t<div class=\"blk__prdt-item\">\n\t\t\t\t\t\t\t\t\t<figure>\n\t\t\t\t\t\t\t\t\t\t<img loading=\"lazy\" decoding=\"async\" width=\"400\" height=\"457\" src=\"https:\/\/bozita.com\/cz\/wp-content\/uploads\/sites\/12\/2021\/06\/2035-bozita-robur-mother-puppy.png\" class=\"attachment-post-thumbnail size-post-thumbnail wp-post-image\" alt=\"BOZITA ACTIVE &#038; STERILISED \u2013 GRAIN FREE LAMB\" srcset=\"https:\/\/bozita.com\/cz\/wp-content\/uploads\/sites\/12\/2021\/06\/2035-bozita-robur-mother-puppy.png 400w, https:\/\/bozita.com\/cz\/wp-content\/uploads\/sites\/12\/2021\/06\/2035-bozita-robur-mother-puppy-263x300.png 263w\" sizes=\"(max-width: 400px) 100vw, 400px\" \/>\t\t\t\t\t\t\t\t\t\t\t\t\t\t\t\t\t\t\t<\/figure>\n\t\t\t\t\t\t\t\t\t<h4 class=\"carousel-title\"><\/h4>\n\t\t\t\t\t\t\t\t\t<span class=\"carousel-category\">BOZITA ROBUR MOTHER &#038; PUPPY<\/span>\n\t\t\t\t\t\t\t\t\t  \n\t\t\t\t\t\t\t\t\t<ul class=\"category-list\">\n\t\t\t\t\t\t\t\t\t\t\t\t\t\t\t\t\t\t\t\t\t\t\t<li class=\"svg-image\">\n\t\t\t\t\t\t\t\t\t\t\t\t\t\t<img decoding=\"async\" src=\"https:\/\/bozita.com\/cz\/wp-content\/uploads\/sites\/12\/2021\/06\/icon-wheat-free.svg\" \/>\n\t\t\t\t\t\t\t\t\t\t\t\t\t<\/li>\n\t\t\t\t\t\t\t\t\t\t\t\t\t\t\t\t\t\t\t\t\t\t\t\t\t\t\t\t\t\t\t\t\t\t\t\t<li class=\"svg-image\">\n\t\t\t\t\t\t\t\t\t\t\t\t\t\t<img decoding=\"async\" src=\"https:\/\/bozita.com\/cz\/wp-content\/uploads\/sites\/12\/2021\/06\/icon-flavour-chicken.svg\" \/>\n\t\t\t\t\t\t\t\t\t\t\t\t\t<\/li>\n\t\t\t\t\t\t\t\t\t\t\t\t\t\t\t\t\t\t\t\t\t\t<\/ul>       \n\n\t\t\t\t\t\t\t\t<\/div>\n\t\t\t\t\t\t\t<\/a>\n\t\t\t\t\t\t\t\t\t\t\t\t\t\t\t\t\t\t\t\t<a href=\"https:\/\/bozita.com\/cz\/products\/bozita-robur-matka-a-stene-xl\/\">\n\t\t\t\t\t\t\t\t<div class=\"blk__prdt-item\">\n\t\t\t\t\t\t\t\t\t<figure>\n\t\t\t\t\t\t\t\t\t\t<img loading=\"lazy\" decoding=\"async\" width=\"400\" height=\"457\" src=\"https:\/\/bozita.com\/cz\/wp-content\/uploads\/sites\/12\/2021\/06\/2036-bozita-robur-mother-puppy-xl.png\" class=\"attachment-post-thumbnail size-post-thumbnail wp-post-image\" alt=\"BOZITA ACTIVE &#038; STERILISED \u2013 GRAIN FREE LAMB\" srcset=\"https:\/\/bozita.com\/cz\/wp-content\/uploads\/sites\/12\/2021\/06\/2036-bozita-robur-mother-puppy-xl.png 400w, https:\/\/bozita.com\/cz\/wp-content\/uploads\/sites\/12\/2021\/06\/2036-bozita-robur-mother-puppy-xl-263x300.png 263w\" sizes=\"(max-width: 400px) 100vw, 400px\" \/>\t\t\t\t\t\t\t\t\t\t\t\t\t\t\t\t\t\t\t<\/figure>\n\t\t\t\t\t\t\t\t\t<h4 class=\"carousel-title\"><\/h4>\n\t\t\t\t\t\t\t\t\t<span class=\"carousel-category\">BOZITA ROBUR MOTHER &#038; PUPPY XL<\/span>\n\t\t\t\t\t\t\t\t\t  \n\t\t\t\t\t\t\t\t\t<ul class=\"category-list\">\n\t\t\t\t\t\t\t\t\t\t\t\t\t\t\t\t\t\t\t\t\t\t\t<li class=\"svg-image\">\n\t\t\t\t\t\t\t\t\t\t\t\t\t\t<img decoding=\"async\" src=\"https:\/\/bozita.com\/cz\/wp-content\/uploads\/sites\/12\/2021\/06\/icon-wheat-free.svg\" \/>\n\t\t\t\t\t\t\t\t\t\t\t\t\t<\/li>\n\t\t\t\t\t\t\t\t\t\t\t\t\t\t\t\t\t\t\t\t\t\t\t\t\t\t\t\t\t\t\t\t\t\t\t\t<li class=\"svg-image\">\n\t\t\t\t\t\t\t\t\t\t\t\t\t\t<img decoding=\"async\" src=\"https:\/\/bozita.com\/cz\/wp-content\/uploads\/sites\/12\/2021\/06\/icon-flavour-chicken.svg\" \/>\n\t\t\t\t\t\t\t\t\t\t\t\t\t<\/li>\n\t\t\t\t\t\t\t\t\t\t\t\t\t\t\t\t\t\t\t\t\t\t<\/ul>       \n\n\t\t\t\t\t\t\t\t<\/div>\n\t\t\t\t\t\t\t<\/a>\n\t\t\t\t\t\t\t\t\t\t\t\t\t\t\t\t\t\t<\/div>\n\t\t\t\t\t\t\t<\/div>\n\t\t<\/div>\n\t<\/div>\n<\/section>\n<script>\njQuery(document).ready(function($) {\n\tjQuery('.product-promo-carousel').owlCarousel({\n\tloop: true,\n\tmargin: 10,\n\tresponsiveClass: true,\n\tresponsive: {\n\t\t0: {\n\t\titems: 1,\n\t\tnav: true\n\t\t},\n\t\t600: {\n\t\titems: 1,\n\t\tnav: true\n\t\t},\n\t\t1000: {\n\t\titems: 2,\n\t\tnav: true,\n\t\t}\n\t}\n\t})\n\tjQuery(\".owl-prev\").html('<span><<\/span>');\n\tjQuery(\".owl-next\").html('<span>><\/span>');\n\n\tvar slider = jQuery('.promo-slider-list');\n\tslider.owlCarousel();\n\tjQuery('.nextbtn-a').click(function() {\n\tslider.trigger('next.owl.carousel');\n\t})\n\t\/\/ Go to the previous item\n\tjQuery('.prebtn-a').click(function() {\n\tslider.trigger('prev.owl.carousel', [300]);\n\t})\n});\n<\/script>\n\n\n\t<div class=\"text-box-warp\">\n\t\t<div class=\"container\">\n\t\t\t<div class=\"text-content\">\n\t\t\t\t<h2>KRMEN\u00cd \u0160T\u011a\u0147AT<\/h2>\n<p>V\u00edce o tom, co by va\u0161e \u0161t\u011b\u0148ata m\u011bla j\u00edst a kolik j\u00eddla by m\u011bla m\u00edt ka\u017ed\u00fd den, se do\u010dtete zde.<\/p>\n<ul>\n<li><a href=\"https:\/\/bozita.com\/cz\/kolik-by-melo-stene-jist-a-jake-je-nejlepsi-krmivo\/?lang=cs\">Kolik by m\u011blo \u0161t\u011bn\u011b j\u00edst a jak\u00e9 je nejlep\u0161\u00ed krmivo pro \u0161t\u011b\u0148ata?<\/a><\/li>\n<\/ul>\n\t\t\t<\/div>\n\t\t<\/div>\n\t<\/div>\n\n\n\n\t<section class=\"block related-articles\">\n\t\t<div class=\"container\">\n\t\t\t<h2>Souvisej\u00edc\u00ed \u010dl\u00e1nky<\/h2>\n\t\t\t<div class=\"row justify-content-center\">\n\t\t\t\t\t\t\t\t\t\t<div class=\"col-sm-6 col-md-6 col-lg-3\">\n\t\t\t\t\t\t\t\t\t\t\t\t\t\t<div class=\"card \">\n\t\t\t\t\t\t\t\t\t\t\t\t\t\t\t\t\t<img decoding=\"async\"  src=\"https:\/\/bozita.com\/cz\/wp-content\/uploads\/sites\/12\/2021\/06\/bozita-utfodra-valp.jpg\" alt=\"\">\n\t\t\t\t\t\t\t\t\t\t\t\t\t\t\t\t\t<!-- <img decoding=\"async\" src=\"\n\t\t\t\t\t\t\t\t\t\t\t\t\t\t\t\t\t\t\t\t\" alt=\"\n\t\t\t\t\t\t\t\t\t\t\t\t\t\t\t\t\t\t\t\t\t\t\t\t\t\t\t\"> -->\n\t\t\t\t\t\t\t\t<div class=\"card-body\">\n\t\t\t\t\t\t\t\t\t\t\t\t\t\t\t\t\t\t\t<h6>Kolik by m\u011blo \u0161t\u011bn\u011b j\u00edst a jak\u00e9 je nejlep\u0161\u00ed krmivo?<\/h6>\n\t\t\t\t\t\t\t\t\t\t\t\t\t\t\t\t\t\t\t<a href=\"https:\/\/bozita.com\/cz\/kolik-by-melo-stene-jist-a-jake-je-nejlepsi-krmivo\/\">P\u0159e\u010dt\u011bte si v\u00edce &nbsp; ><\/a>\n\t\t\t\t\t\t\t\t<\/div>\n\t\t\t\t\t\t\t<\/div>\n\t\t\t\t\t\t<\/div>\n\n\t\t\t\t\t\t\t\t\t\t\t<div class=\"col-sm-6 col-md-6 col-lg-3\">\n\t\t\t\t\t\t\t\t\t\t\t\t\t\t<div class=\"card \">\n\t\t\t\t\t\t\t\t\t\t\t\t\t\t\t\t\t<img decoding=\"async\"  src=\"https:\/\/bozita.com\/cz\/wp-content\/uploads\/sites\/12\/2021\/08\/bozita-hund-byta-valpfoder-vuxenfoder.jpeg\" alt=\"\">\n\t\t\t\t\t\t\t\t\t\t\t\t\t\t\t\t\t<!-- <img decoding=\"async\" src=\"\n\t\t\t\t\t\t\t\t\t\t\t\t\t\t\t\t\t\t\t\t\" alt=\"\n\t\t\t\t\t\t\t\t\t\t\t\t\t\t\t\t\t\t\t\t\t\t\t\t\t\t\t\"> -->\n\t\t\t\t\t\t\t\t<div class=\"card-body\">\n\t\t\t\t\t\t\t\t\t\t\t\t\t\t\t\t\t\t\t<h6>P\u0159echod z krmiva pro \u0161t\u011b\u0148ata na krmivo pro dosp\u011bl\u00e9<\/h6>\n\t\t\t\t\t\t\t\t\t\t\t\t\t\t\t\t\t\t\t<a href=\"https:\/\/bozita.com\/cz\/prechod-z-krmiva-pro-stenata-na-krmivo-pro-dospele\/\">P\u0159e\u010dt\u011bte si v\u00edce &nbsp; ><\/a>\n\t\t\t\t\t\t\t\t<\/div>\n\t\t\t\t\t\t\t<\/div>\n\t\t\t\t\t\t<\/div>\n\n\t\t\t\t\t\t\t\t\t\t\t\t<\/div>\n\t\t<\/div>\n\t<\/section>\n","protected":false},"excerpt":{"rendered":"","protected":false},"author":1,"featured_media":6575,"parent":0,"menu_order":0,"comment_status":"closed","ping_status":"closed","template":"guternberg.php","meta":{"footnotes":""},"acf":[],"yoast_head":"<!-- This site is optimized with the Yoast SEO plugin v21.3 - https:\/\/yoast.com\/wordpress\/plugins\/seo\/ -->\n<title>Krmivo pro b\u0159ez\u00ed a koj\u00edc\u00ed feny - Bozita Czech<\/title>\n<meta name=\"description\" content=\"Co by m\u011bla b\u0159ez\u00ed fena j\u00edst? Zdrav\u00e1 fena je p\u0159edpokladem pro zdrav\u00e1 \u0161t\u011b\u0148ata. P\u0159e\u010dt\u011bte si v\u00edce o krmivu pro b\u0159ez\u00ed a koj\u00edc\u00ed feny.\" \/>\n<meta name=\"robots\" content=\"index, follow, max-snippet:-1, max-image-preview:large, max-video-preview:-1\" \/>\n<link rel=\"canonical\" href=\"https:\/\/bozita.com\/cz\/krmivo-pro-brezi-a-kojici-feny\/\" \/>\n<meta property=\"og:locale\" content=\"cs_CZ\" \/>\n<meta property=\"og:type\" content=\"article\" \/>\n<meta property=\"og:title\" content=\"Krmivo pro b\u0159ez\u00ed a koj\u00edc\u00ed feny - Bozita Czech\" \/>\n<meta property=\"og:description\" content=\"Co by m\u011bla b\u0159ez\u00ed fena j\u00edst? Zdrav\u00e1 fena je p\u0159edpokladem pro zdrav\u00e1 \u0161t\u011b\u0148ata. P\u0159e\u010dt\u011bte si v\u00edce o krmivu pro b\u0159ez\u00ed a koj\u00edc\u00ed feny.\" \/>\n<meta property=\"og:url\" content=\"https:\/\/bozita.com\/cz\/krmivo-pro-brezi-a-kojici-feny\/\" \/>\n<meta property=\"og:site_name\" content=\"Bozita Czech\" \/>\n<meta property=\"article:modified_time\" content=\"2022-07-03T19:44:00+00:00\" \/>\n<meta property=\"og:image\" content=\"https:\/\/bozita.com\/cz\/wp-content\/uploads\/sites\/12\/2021\/08\/bozita-utfodring-tik-draktig-digivande.jpeg\" \/>\n\t<meta property=\"og:image:width\" content=\"800\" \/>\n\t<meta property=\"og:image:height\" content=\"533\" \/>\n\t<meta property=\"og:image:type\" content=\"image\/jpeg\" \/>\n<meta name=\"twitter:card\" content=\"summary_large_image\" \/>\n<!-- \/ Yoast SEO plugin. -->","yoast_head_json":{"title":"Krmivo pro b\u0159ez\u00ed a koj\u00edc\u00ed feny - Bozita Czech","description":"Co by m\u011bla b\u0159ez\u00ed fena j\u00edst? Zdrav\u00e1 fena je p\u0159edpokladem pro zdrav\u00e1 \u0161t\u011b\u0148ata. P\u0159e\u010dt\u011bte si v\u00edce o krmivu pro b\u0159ez\u00ed a koj\u00edc\u00ed feny.","robots":{"index":"index","follow":"follow","max-snippet":"max-snippet:-1","max-image-preview":"max-image-preview:large","max-video-preview":"max-video-preview:-1"},"canonical":"https:\/\/bozita.com\/cz\/krmivo-pro-brezi-a-kojici-feny\/","og_locale":"cs_CZ","og_type":"article","og_title":"Krmivo pro b\u0159ez\u00ed a koj\u00edc\u00ed feny - Bozita Czech","og_description":"Co by m\u011bla b\u0159ez\u00ed fena j\u00edst? Zdrav\u00e1 fena je p\u0159edpokladem pro zdrav\u00e1 \u0161t\u011b\u0148ata. P\u0159e\u010dt\u011bte si v\u00edce o krmivu pro b\u0159ez\u00ed a koj\u00edc\u00ed feny.","og_url":"https:\/\/bozita.com\/cz\/krmivo-pro-brezi-a-kojici-feny\/","og_site_name":"Bozita Czech","article_modified_time":"2022-07-03T19:44:00+00:00","og_image":[{"width":800,"height":533,"url":"https:\/\/bozita.com\/cz\/wp-content\/uploads\/sites\/12\/2021\/08\/bozita-utfodring-tik-draktig-digivande.jpeg","type":"image\/jpeg"}],"twitter_card":"summary_large_image","schema":{"@context":"https:\/\/schema.org","@graph":[{"@type":"WebPage","@id":"https:\/\/bozita.com\/cz\/krmivo-pro-brezi-a-kojici-feny\/","url":"https:\/\/bozita.com\/cz\/krmivo-pro-brezi-a-kojici-feny\/","name":"Krmivo pro b\u0159ez\u00ed a koj\u00edc\u00ed feny - Bozita Czech","isPartOf":{"@id":"https:\/\/bozita.com\/cz\/#website"},"datePublished":"2022-05-25T10:34:14+00:00","dateModified":"2022-07-03T19:44:00+00:00","description":"Co by m\u011bla b\u0159ez\u00ed fena j\u00edst? Zdrav\u00e1 fena je p\u0159edpokladem pro zdrav\u00e1 \u0161t\u011b\u0148ata. P\u0159e\u010dt\u011bte si v\u00edce o krmivu pro b\u0159ez\u00ed a koj\u00edc\u00ed feny.","breadcrumb":{"@id":"https:\/\/bozita.com\/cz\/krmivo-pro-brezi-a-kojici-feny\/#breadcrumb"},"inLanguage":"cs","potentialAction":[{"@type":"ReadAction","target":["https:\/\/bozita.com\/cz\/krmivo-pro-brezi-a-kojici-feny\/"]}]},{"@type":"BreadcrumbList","@id":"https:\/\/bozita.com\/cz\/krmivo-pro-brezi-a-kojici-feny\/#breadcrumb","itemListElement":[{"@type":"ListItem","position":1,"name":"Home","item":"https:\/\/bozita.com\/cz\/"},{"@type":"ListItem","position":2,"name":"Krmivo pro b\u0159ez\u00ed a koj\u00edc\u00ed feny"}]},{"@type":"WebSite","@id":"https:\/\/bozita.com\/cz\/#website","url":"https:\/\/bozita.com\/cz\/","name":"Bozita Czech","description":"","potentialAction":[{"@type":"SearchAction","target":{"@type":"EntryPoint","urlTemplate":"https:\/\/bozita.com\/cz\/?s={search_term_string}"},"query-input":"required name=search_term_string"}],"inLanguage":"cs"}]}},"_links":{"self":[{"href":"https:\/\/bozita.com\/cz\/wp-json\/wp\/v2\/pages\/6574"}],"collection":[{"href":"https:\/\/bozita.com\/cz\/wp-json\/wp\/v2\/pages"}],"about":[{"href":"https:\/\/bozita.com\/cz\/wp-json\/wp\/v2\/types\/page"}],"author":[{"embeddable":true,"href":"https:\/\/bozita.com\/cz\/wp-json\/wp\/v2\/users\/1"}],"replies":[{"embeddable":true,"href":"https:\/\/bozita.com\/cz\/wp-json\/wp\/v2\/comments?post=6574"}],"version-history":[{"count":13,"href":"https:\/\/bozita.com\/cz\/wp-json\/wp\/v2\/pages\/6574\/revisions"}],"predecessor-version":[{"id":7328,"href":"https:\/\/bozita.com\/cz\/wp-json\/wp\/v2\/pages\/6574\/revisions\/7328"}],"wp:featuredmedia":[{"embeddable":true,"href":"https:\/\/bozita.com\/cz\/wp-json\/wp\/v2\/media\/6575"}],"wp:attachment":[{"href":"https:\/\/bozita.com\/cz\/wp-json\/wp\/v2\/media?parent=6574"}],"curies":[{"name":"wp","href":"https:\/\/api.w.org\/{rel}","templated":true}]}}