{"id":6581,"date":"2022-05-25T10:34:15","date_gmt":"2022-05-25T10:34:15","guid":{"rendered":"https:\/\/bozita.com\/cz\/dobre-jidlo-pro-kotata-krmivo-pro-kotata\/"},"modified":"2022-08-23T13:13:57","modified_gmt":"2022-08-23T13:13:57","slug":"dobre-jidlo-pro-kotata-krmivo-pro-kotata","status":"publish","type":"page","link":"https:\/\/bozita.com\/cz\/dobre-jidlo-pro-kotata-krmivo-pro-kotata\/","title":{"rendered":"Dobr\u00e9 j\u00eddlo pro ko\u0165ata = krmivo pro ko\u0165ata"},"content":{"rendered":"\t\t<section class=\"small-hero\">\n\t\t\t<div class=\"container\">\n\t\t\t\t<h1 class=\"small-hero-title\">Dobr\u00e9 j\u00eddlo pro ko\u0165ata = krmivo pro ko\u0165ata<\/h1>\t\t\t<\/div>\n\t\t\t<\/div>\n\t\t<\/section>\n\t\n\n\t<div class=\"text-box-warp\">\n\t\t<div class=\"container\">\n\t\t\t<div class=\"text-content\">\n\t\t\t\t<p>Strava, kterou ko\u010dka j\u00ed, m\u00e1 velk\u00fd vliv na jej\u00ed zdrav\u00ed a nav\u00edc rostouc\u00ed ko\u0165ata pot\u0159ebuj\u00ed v\u00edce energie ne\u017e dosp\u011bl\u00e9 ko\u010dky. Proto je nezbytn\u00e9 pod\u00e1vat kot\u011bti krmivo, kter\u00e9 je speci\u00e1ln\u011b vyvinuto tak, aby vyhovovalo pot\u0159eb\u00e1m aktivn\u00edch, rostouc\u00edch ko\u0165at. S na\u0161\u00edm krmivem m\u00e1te jistotu, \u017ee va\u0161e kot\u011b dost\u00e1v\u00e1 v\u0161e, co pot\u0159ebuje, ve spr\u00e1vn\u00e9m mno\u017estv\u00ed.<\/p>\n<p>V ide\u00e1ln\u00edm p\u0159\u00edpad\u011b mus\u00ed krmivo pro ko\u0165ata kombinovat vysok\u00fd obsah energie a b\u00edlkovin, kter\u00e9 umo\u017e\u0148uj\u00ed zdrav\u00fd r\u016fst a v\u00fdvoj, spolu s \u0159adou kl\u00ed\u010dov\u00fdch miner\u00e1ln\u00edch l\u00e1tek, kter\u00e9 podporuj\u00ed siln\u00fd v\u00fdvoj kostry. Je tak\u00e9 nezbytn\u00e9, aby kot\u011b m\u011blo p\u0159\u00edstup k \u010derstv\u00e9 vod\u011b, nejl\u00e9pe na n\u011bkolika r\u016fzn\u00fdch m\u00edstech.<\/p>\n<p>Ned\u00e1vejte kot\u011bti ml\u00e9ko, proto\u017ee to m\u016f\u017ee v\u00e9st k \u017ealude\u010dn\u00edm pot\u00ed\u017e\u00edm.<\/p>\n<h2>M\u00e1 va\u0161e kot\u011b dost\u00e1vat vlhk\u00e9 nebo such\u00e9 krmivo?<\/h2>\n<p>Je velmi d\u016fle\u017eit\u00e9, abyste kot\u011bti d\u00e1vali krmivo, kter\u00e9 je speci\u00e1ln\u011b sestaveno pro jeho v\u011bk a \u00farove\u0148 aktivity. Vlhk\u00e9 i such\u00e9 krmivo m\u00e1 sv\u00e9 v\u00fdhody a vyzkou\u0161en\u00edm obou krmiv m\u016f\u017eete kot\u011bti pomoci naj\u00edt to, co je pro jeho rostouc\u00ed chu\u0165ov\u00e9 bu\u0148ky nejlep\u0161\u00ed. Nebo kombinaci mokr\u00e9ho a such\u00e9ho krmiva.<\/p>\n<p>V\u00fdhodou such\u00e9ho krmiva je, \u017ee ho m\u016f\u017eete nechat venku a kot\u011b m\u016f\u017ee j\u00edst, kdykoli m\u00e1 hlad. Ko\u010dky od p\u0159\u00edrody jed\u00ed m\u00e1lo a \u010dasto. Ne v\u0161echna ko\u0165ata v\u0161ak dok\u00e1\u017e\u00ed p\u0159\u00edjem potravy regulovat, proto je dobr\u00e9 d\u00e1vat jim n\u011bkolikr\u00e1t denn\u011b mal\u00e9 mno\u017estv\u00ed potravy.<\/p>\n<p>Jednou z v\u00fdhod vlhk\u00e9ho krmiva je, \u017ee je dobr\u00fdm zdrojem tekutin, ale m\u016f\u017ee b\u00fdt prosp\u011b\u0161n\u00e9 i pro nenasytn\u00e1 ko\u0165ata. P\u0159esto\u017ee pot\u0159ebuj\u00ed hodn\u011b energie, nem\u011bla by p\u0159\u00edli\u0161 rychle r\u016fst a mokr\u00e9 krmivo jim v tom m\u016f\u017ee pomoci. Vlhk\u00e9 krmivo d\u00e1v\u00e1 ko\u0165at\u016fm pocit sytosti, ani\u017e by jim poskytovalo p\u0159\u00edli\u0161 mnoho energie,<\/p>\n<h2>Kolik by m\u011bla ko\u0165ata j\u00edst?<\/h2>\n<p>Kolik krmiva kot\u011b pot\u0159ebuje, z\u00e1vis\u00ed trochu na tom, jak je velk\u00e9. P\u0159i krmen\u00ed kot\u011bte se \u0159i\u010fte pokyny uveden\u00fdmi na obalu. Je d\u016fle\u017eit\u00e9 umo\u017enit kot\u011bti pomal\u00fd a ne p\u0159\u00edli\u0161 rychl\u00fd r\u016fst. Za norm\u00e1ln\u00edch okolnost\u00ed by kot\u011b m\u011blo dos\u00e1hnout dosp\u011bl\u00e9 hmotnosti p\u0159ibli\u017en\u011b ve v\u011bku 8-12 m\u011bs\u00edc\u016f. Pokud zjist\u00edte, \u017ee v\u00e1ha va\u0161\u00ed ko\u010dky roste p\u0159\u00edli\u0161 rychle, sni\u017ete velikost porce nebo po\u010det j\u00eddel denn\u011b.<\/p>\n<h2>Kolikr\u00e1t by m\u011blo kot\u011b j\u00edst?<\/h2>\n<p>Je d\u016fle\u017eit\u00e9 m\u00edt na pam\u011bti, \u017ee krmivo s vysok\u00fdm obsahem energie &#8211; nap\u0159\u00edklad krmivo pro ko\u0165ata &#8211; rychle vyvol\u00e1v\u00e1 pocit sytosti, a p\u0159esto\u017ee maj\u00ed ko\u0165ata \u010dasto velk\u00fd apetit, maj\u00ed tak\u00e9 men\u0161\u00ed \u017ealudek. D\u00e1vejte kot\u011bti mal\u00e1 mno\u017estv\u00ed potravy alespo\u0148 \u010dty\u0159ikr\u00e1t denn\u011b &#8211; t\u00edm se zvy\u0161uje \u0161ance, \u017ee kot\u011b bude j\u00edst spr\u00e1vn\u00e9 mno\u017estv\u00ed potravy v ust\u00e1len\u00e9m tempu.<\/p>\n<p><strong>Dal\u0161\u00ed \u010dl\u00e1nky<\/strong><\/p>\n<ul>\n<li><a href=\"https:\/\/bozita.com\/cz\/co-kocky-jedi\/?lang=cs\">Co a jak by m\u011bla ko\u010dka j\u00edst, kdy\u017e je star\u0161\u00ed: Co ko\u010dky jed\u00ed?<\/a><\/li>\n<li><a href=\"https:\/\/bozita.com\/cz\/jak-zmenit-krmivo-pro-kocku\/?lang=cs\">Tady se dozv\u00edte, jak p\u0159ej\u00edt na krmivo pro dosp\u011bl\u00e9 ko\u010dky<\/a><\/li>\n<li><a href=\"https:\/\/bozita.com\/cz\/co-mam-delat-kdyz-moje-kocka-neji-nebo-nepije\/\">Co d\u011blat, kdy\u017e va\u0161e ko\u010dka nechce j\u00edst ani p\u00edt<\/a><\/li>\n<\/ul>\n\t\t\t<\/div>\n\t\t<\/div>\n\t<\/div>\n\n\n\n\t<section class=\"block related-articles\">\n\t\t<div class=\"container\">\n\t\t\t<h2>Souvisej\u00edc\u00ed \u010dl\u00e1nky<\/h2>\n\t\t\t<div class=\"row justify-content-center\">\n\t\t\t\t\t\t\t\t\t\t<div class=\"col-sm-6 col-md-6 col-lg-3\">\n\t\t\t\t\t\t\t\t\t\t\t\t\t\t<div class=\"card \">\n\t\t\t\t\t\t\t\t\t\t\t\t\t\t\t\t\t<img decoding=\"async\"  src=\"https:\/\/bozita.com\/cz\/wp-content\/uploads\/sites\/12\/2021\/08\/bozita-byta-foder-vuxen-katt.jpg\" alt=\"\">\n\t\t\t\t\t\t\t\t\t\t\t\t\t\t\t\t\t<!-- <img decoding=\"async\" src=\"\n\t\t\t\t\t\t\t\t\t\t\t\t\t\t\t\t\t\t\t\t\" alt=\"\n\t\t\t\t\t\t\t\t\t\t\t\t\t\t\t\t\t\t\t\t\t\t\t\t\t\t\t\"> -->\n\t\t\t\t\t\t\t\t<div class=\"card-body\">\n\t\t\t\t\t\t\t\t\t\t\t\t\t\t\t\t\t\t\t<h6>Jak zm\u011bnit krmivo pro ko\u010dku<\/h6>\n\t\t\t\t\t\t\t\t\t\t\t\t\t\t\t\t\t\t\t<a href=\"https:\/\/bozita.com\/cz\/jak-zmenit-krmivo-pro-kocku\/\">P\u0159e\u010dt\u011bte si v\u00edce &nbsp; ><\/a>\n\t\t\t\t\t\t\t\t<\/div>\n\t\t\t\t\t\t\t<\/div>\n\t\t\t\t\t\t<\/div>\n\n\t\t\t\t\t\t\t\t\t\t\t<div class=\"col-sm-6 col-md-6 col-lg-3\">\n\t\t\t\t\t\t\t\t\t\t\t\t\t\t<div class=\"card \">\n\t\t\t\t\t\t\t\t\t\t\t\t\t\t\t\t\t<img decoding=\"async\"  src=\"https:\/\/bozita.com\/cz\/wp-content\/uploads\/sites\/12\/2021\/08\/bozita-katt-ater-inte-dricker-inte-krasen-dalig-aptit.jpg\" alt=\"\">\n\t\t\t\t\t\t\t\t\t\t\t\t\t\t\t\t\t<!-- <img decoding=\"async\" src=\"\n\t\t\t\t\t\t\t\t\t\t\t\t\t\t\t\t\t\t\t\t\" alt=\"\n\t\t\t\t\t\t\t\t\t\t\t\t\t\t\t\t\t\t\t\t\t\t\t\t\t\t\t\"> -->\n\t\t\t\t\t\t\t\t<div class=\"card-body\">\n\t\t\t\t\t\t\t\t\t\t\t\t\t\t\t\t\t\t\t<h6>Co m\u00e1m d\u011blat, kdy\u017e moje ko\u010dka nej\u00ed nebo nepije?<\/h6>\n\t\t\t\t\t\t\t\t\t\t\t\t\t\t\t\t\t\t\t<a href=\"https:\/\/bozita.com\/cz\/co-mam-delat-kdyz-moje-kocka-neji-nebo-nepije\/\">P\u0159e\u010dt\u011bte si v\u00edce &nbsp; ><\/a>\n\t\t\t\t\t\t\t\t<\/div>\n\t\t\t\t\t\t\t<\/div>\n\t\t\t\t\t\t<\/div>\n\n\t\t\t\t\t\t\t\t\t\t\t<div class=\"col-sm-6 col-md-6 col-lg-3\">\n\t\t\t\t\t\t\t\t\t\t\t\t\t\t<div class=\"card \">\n\t\t\t\t\t\t\t\t\t\t\t\t\t\t\t\t\t<img decoding=\"async\"  src=\"https:\/\/bozita.com\/cz\/wp-content\/uploads\/sites\/12\/2021\/08\/bozita-katter-ar-kottatare.jpg\" alt=\"\">\n\t\t\t\t\t\t\t\t\t\t\t\t\t\t\t\t\t<!-- <img decoding=\"async\" src=\"\n\t\t\t\t\t\t\t\t\t\t\t\t\t\t\t\t\t\t\t\t\" alt=\"\n\t\t\t\t\t\t\t\t\t\t\t\t\t\t\t\t\t\t\t\t\t\t\t\t\t\t\t\"> -->\n\t\t\t\t\t\t\t\t<div class=\"card-body\">\n\t\t\t\t\t\t\t\t\t\t\t\t\t\t\t\t\t\t\t<h6>Co ko\u010dky jed\u00ed?<\/h6>\n\t\t\t\t\t\t\t\t\t\t\t\t\t\t\t\t\t\t\t<a href=\"https:\/\/bozita.com\/cz\/co-kocky-jedi\/\">P\u0159e\u010dt\u011bte si v\u00edce &nbsp; ><\/a>\n\t\t\t\t\t\t\t\t<\/div>\n\t\t\t\t\t\t\t<\/div>\n\t\t\t\t\t\t<\/div>\n\n\t\t\t\t\t\t\t\t\t\t\t\t<\/div>\n\t\t<\/div>\n\t<\/section>\n","protected":false},"excerpt":{"rendered":"","protected":false},"author":1,"featured_media":6400,"parent":0,"menu_order":0,"comment_status":"closed","ping_status":"closed","template":"guternberg.php","meta":{"footnotes":""},"acf":[],"yoast_head":"<!-- This site is optimized with the Yoast SEO plugin v21.3 - https:\/\/yoast.com\/wordpress\/plugins\/seo\/ -->\n<title>Dobr\u00e9 j\u00eddlo pro ko\u0165ata = krmivo pro ko\u0165ata - Bozita Czech<\/title>\n<meta name=\"description\" content=\"Co byste m\u011bli kot\u011bti d\u00e1vat za j\u00eddlo a kolik by ho m\u011blo sn\u00edst? Bozita v\u00e1m porad\u00ed, jak\u00e9 je vhodn\u00e9 krmivo pro ko\u0165ata a jak \u010dasto by m\u011bla j\u00edst.\" \/>\n<meta name=\"robots\" content=\"index, follow, max-snippet:-1, max-image-preview:large, max-video-preview:-1\" \/>\n<link rel=\"canonical\" href=\"https:\/\/bozita.com\/cz\/dobre-jidlo-pro-kotata-krmivo-pro-kotata\/\" \/>\n<meta property=\"og:locale\" content=\"cs_CZ\" \/>\n<meta property=\"og:type\" content=\"article\" \/>\n<meta property=\"og:title\" content=\"Dobr\u00e9 j\u00eddlo pro ko\u0165ata = krmivo pro ko\u0165ata - Bozita Czech\" \/>\n<meta property=\"og:description\" content=\"Co byste m\u011bli kot\u011bti d\u00e1vat za j\u00eddlo a kolik by ho m\u011blo sn\u00edst? Bozita v\u00e1m porad\u00ed, jak\u00e9 je vhodn\u00e9 krmivo pro ko\u0165ata a jak \u010dasto by m\u011bla j\u00edst.\" \/>\n<meta property=\"og:url\" content=\"https:\/\/bozita.com\/cz\/dobre-jidlo-pro-kotata-krmivo-pro-kotata\/\" \/>\n<meta property=\"og:site_name\" content=\"Bozita Czech\" \/>\n<meta property=\"article:modified_time\" content=\"2022-08-23T13:13:57+00:00\" \/>\n<meta property=\"og:image\" content=\"https:\/\/bozita.com\/cz\/wp-content\/uploads\/sites\/12\/2021\/08\/bozita_swedish-natural-quality.jpg\" \/>\n\t<meta property=\"og:image:width\" content=\"800\" \/>\n\t<meta property=\"og:image:height\" content=\"533\" \/>\n\t<meta property=\"og:image:type\" content=\"image\/jpeg\" \/>\n<meta name=\"twitter:card\" content=\"summary_large_image\" \/>\n<!-- \/ Yoast SEO plugin. -->","yoast_head_json":{"title":"Dobr\u00e9 j\u00eddlo pro ko\u0165ata = krmivo pro ko\u0165ata - Bozita Czech","description":"Co byste m\u011bli kot\u011bti d\u00e1vat za j\u00eddlo a kolik by ho m\u011blo sn\u00edst? Bozita v\u00e1m porad\u00ed, jak\u00e9 je vhodn\u00e9 krmivo pro ko\u0165ata a jak \u010dasto by m\u011bla j\u00edst.","robots":{"index":"index","follow":"follow","max-snippet":"max-snippet:-1","max-image-preview":"max-image-preview:large","max-video-preview":"max-video-preview:-1"},"canonical":"https:\/\/bozita.com\/cz\/dobre-jidlo-pro-kotata-krmivo-pro-kotata\/","og_locale":"cs_CZ","og_type":"article","og_title":"Dobr\u00e9 j\u00eddlo pro ko\u0165ata = krmivo pro ko\u0165ata - Bozita Czech","og_description":"Co byste m\u011bli kot\u011bti d\u00e1vat za j\u00eddlo a kolik by ho m\u011blo sn\u00edst? Bozita v\u00e1m porad\u00ed, jak\u00e9 je vhodn\u00e9 krmivo pro ko\u0165ata a jak \u010dasto by m\u011bla j\u00edst.","og_url":"https:\/\/bozita.com\/cz\/dobre-jidlo-pro-kotata-krmivo-pro-kotata\/","og_site_name":"Bozita Czech","article_modified_time":"2022-08-23T13:13:57+00:00","og_image":[{"width":800,"height":533,"url":"https:\/\/bozita.com\/cz\/wp-content\/uploads\/sites\/12\/2021\/08\/bozita_swedish-natural-quality.jpg","type":"image\/jpeg"}],"twitter_card":"summary_large_image","schema":{"@context":"https:\/\/schema.org","@graph":[{"@type":"WebPage","@id":"https:\/\/bozita.com\/cz\/dobre-jidlo-pro-kotata-krmivo-pro-kotata\/","url":"https:\/\/bozita.com\/cz\/dobre-jidlo-pro-kotata-krmivo-pro-kotata\/","name":"Dobr\u00e9 j\u00eddlo pro ko\u0165ata = krmivo pro ko\u0165ata - Bozita Czech","isPartOf":{"@id":"https:\/\/bozita.com\/cz\/#website"},"datePublished":"2022-05-25T10:34:15+00:00","dateModified":"2022-08-23T13:13:57+00:00","description":"Co byste m\u011bli kot\u011bti d\u00e1vat za j\u00eddlo a kolik by ho m\u011blo sn\u00edst? Bozita v\u00e1m porad\u00ed, jak\u00e9 je vhodn\u00e9 krmivo pro ko\u0165ata a jak \u010dasto by m\u011bla j\u00edst.","breadcrumb":{"@id":"https:\/\/bozita.com\/cz\/dobre-jidlo-pro-kotata-krmivo-pro-kotata\/#breadcrumb"},"inLanguage":"cs","potentialAction":[{"@type":"ReadAction","target":["https:\/\/bozita.com\/cz\/dobre-jidlo-pro-kotata-krmivo-pro-kotata\/"]}]},{"@type":"BreadcrumbList","@id":"https:\/\/bozita.com\/cz\/dobre-jidlo-pro-kotata-krmivo-pro-kotata\/#breadcrumb","itemListElement":[{"@type":"ListItem","position":1,"name":"Home","item":"https:\/\/bozita.com\/cz\/"},{"@type":"ListItem","position":2,"name":"Dobr\u00e9 j\u00eddlo pro ko\u0165ata = krmivo pro ko\u0165ata"}]},{"@type":"WebSite","@id":"https:\/\/bozita.com\/cz\/#website","url":"https:\/\/bozita.com\/cz\/","name":"Bozita Czech","description":"","potentialAction":[{"@type":"SearchAction","target":{"@type":"EntryPoint","urlTemplate":"https:\/\/bozita.com\/cz\/?s={search_term_string}"},"query-input":"required name=search_term_string"}],"inLanguage":"cs"}]}},"_links":{"self":[{"href":"https:\/\/bozita.com\/cz\/wp-json\/wp\/v2\/pages\/6581"}],"collection":[{"href":"https:\/\/bozita.com\/cz\/wp-json\/wp\/v2\/pages"}],"about":[{"href":"https:\/\/bozita.com\/cz\/wp-json\/wp\/v2\/types\/page"}],"author":[{"embeddable":true,"href":"https:\/\/bozita.com\/cz\/wp-json\/wp\/v2\/users\/1"}],"replies":[{"embeddable":true,"href":"https:\/\/bozita.com\/cz\/wp-json\/wp\/v2\/comments?post=6581"}],"version-history":[{"count":12,"href":"https:\/\/bozita.com\/cz\/wp-json\/wp\/v2\/pages\/6581\/revisions"}],"predecessor-version":[{"id":7554,"href":"https:\/\/bozita.com\/cz\/wp-json\/wp\/v2\/pages\/6581\/revisions\/7554"}],"wp:featuredmedia":[{"embeddable":true,"href":"https:\/\/bozita.com\/cz\/wp-json\/wp\/v2\/media\/6400"}],"wp:attachment":[{"href":"https:\/\/bozita.com\/cz\/wp-json\/wp\/v2\/media?parent=6581"}],"curies":[{"name":"wp","href":"https:\/\/api.w.org\/{rel}","templated":true}]}}