{"id":6584,"date":"2022-05-25T10:34:16","date_gmt":"2022-05-25T10:34:16","guid":{"rendered":"https:\/\/bozita.com\/cz\/krmivo-pro-psy-bez-obilovin-vse-co-potrebujete-vedet\/"},"modified":"2022-07-03T19:47:14","modified_gmt":"2022-07-03T19:47:14","slug":"krmivo-pro-psy-bez-obilovin-vse-co-potrebujete-vedet","status":"publish","type":"page","link":"https:\/\/bozita.com\/cz\/krmivo-pro-psy-bez-obilovin-vse-co-potrebujete-vedet\/","title":{"rendered":"Krmivo pro psy bez obilovin &#8211; v\u0161e, co pot\u0159ebujete v\u011bd\u011bt"},"content":{"rendered":"\t\t<section class=\"small-hero\">\n\t\t\t<div class=\"container\">\n\t\t\t\t<h1 class=\"small-hero-title\">Krmivo pro psy bez obilovin &#8211; v\u0161e, co pot\u0159ebujete v\u011bd\u011bt <\/h1>\t\t\t<\/div>\n\t\t\t<\/div>\n\t\t<\/section>\n\t\n\n\t<div class=\"text-box-warp\">\n\t\t<div class=\"container\">\n\t\t\t<div class=\"text-content\">\n\t\t\t\t<p>Sou\u010dasn\u011b s t\u00edm, jak si st\u00e1le v\u00edce uv\u011bdomujeme, co j\u00edme, p\u0159em\u00fd\u0161l\u00edme tak\u00e9 o tom, jak\u00fdm krmivem krm\u00edme sv\u00e9 psy. Popt\u00e1vka po kvalitn\u00edm krmivu pro psy se v posledn\u00ed dob\u011b zv\u00fd\u0161ila. Pro\u010d m\u00e1m sv\u00e9mu psovi toto krmivo d\u00e1vat, jak\u00e9 jsou jeho v\u00fdhody a co m\u00e1m zv\u00e1\u017eit? V\u00fd\u017eivov\u00e1 specialistka spole\u010dnosti Bozita Cecilia Hjelm vysv\u011btluje tyto pojmy. Cecilia je na\u0161\u00ed v\u00fdvoj\u00e1\u0159kou produkt\u016f s odborn\u00fdmi znalostmi v oblasti v\u00fd\u017eivy a je kvalifikovan\u00e1 v oboru agronomie dom\u00e1c\u00edch zv\u00ed\u0159at. Velmi se zaj\u00edm\u00e1 o psy a m\u00e1 hlubok\u00e9 znalosti o jejich pot\u0159eb\u00e1ch r\u016fzn\u00fdch \u017eivin, slo\u017eek a z\u00e1konn\u00fdch po\u017eadavk\u016f. Cecilia v\u00ed, jak psa nejl\u00e9pe nakrmit.<br \/>\nCO JE<\/p>\n<h2>KRMIVO PRO PSY BEZ OBILOVIN?<\/h2>\n<p>Krmivo pro psy bez obilovin neobsahuje \u017e\u00e1dn\u00e9 slo\u017eky klasifikovan\u00e9 jako obiloviny. Mnoho lid\u00ed si mysl\u00ed, \u017ee obiloviny jsou jen klasick\u00e9 obiloviny jako p\u0161enice, kuku\u0159ice a kuku\u0159ice. R\u00fd\u017ee je v\u0161ak tak\u00e9 klasifikov\u00e1na jako obilovina a nen\u00ed zahrnuta v krmivu bez obiliovin Bozita. M\u00edsto toho obsahuje jin\u00e9 druhy ingredienc\u00ed, jako jsou brambory, hr\u00e1ch a \u010do\u010dka. Spole\u010dnost Bozita zvolila do such\u00e9ho krmiva bez obilovin brambory a hr\u00e1\u0161ek, zat\u00edmco vlhk\u00e9 krmivo bez obilovin se skl\u00e1d\u00e1 z \u017eivo\u010di\u0161n\u00fdch slo\u017eek a miner\u00e1ln\u00edch l\u00e1tek.<br \/>\nD\u016fvodem, pro\u010d spole\u010dnost Bozita pou\u017e\u00edv\u00e1 v such\u00e9m krmivu bez obilovin brambory a hr\u00e1\u0161ek, je to, \u017ee tyto slo\u017eky jsou pot\u0159ebn\u00e9 k tomu, aby krmivo tvo\u0159ilo kuli\u010dky.<br \/>\nBrambory a hr\u00e1ch obsahuj\u00ed \u0161krob, kter\u00fd po zah\u0159\u00e1t\u00ed p\u016fsob\u00ed jako lepidlo a pom\u00e1h\u00e1 spojit v\u0161echny ingredience v receptu do t\u011bsta, z n\u011bho\u017e se pak tvaruj\u00ed kuli\u010dky.<br \/>\nPRO\u010c ZVOLIT<\/p>\n<h2>KRMIVO PRO PSY BEZ OBILOVIN?<\/h2>\n<p>M\u00e1m si vybrat krmivo pro psy bez obilovin? Existuje mnoho d\u016fvod\u016f, pro\u010d zvolit krmivo bez obilovin, ale pro majitele ps\u016f citliv\u00fdch na p\u0161enici je krmivo bez obilovin obvykle jasnou volbou.\u00a0Mnoho majitel\u016f ps\u016f m\u00e1 tak\u00e9 zku\u0161enosti s t\u00edm, \u017ee krmen\u00ed jejich ps\u016f krmivem bez obilovin funguje dob\u0159e.\u00a0Majitel\u00e9 ps\u016f, kte\u0159\u00ed pro sv\u00e9ho psa hledaj\u00ed bezlepkov\u00e9 krmivo, ho mohou krmit krmivem bez obilovin, proto\u017ee neobsahuje \u017e\u00e1dn\u00fd lepek.<br \/>\nVYHOVUJE<\/p>\n<h2>KRMIVO BEZ OBILOVIN V\u0160EM PS\u016eM?<\/h2>\n<p>Jednodu\u0161e \u0159e\u010deno, ne. Psi jsou stejn\u011b jako lid\u00e9 individu\u00e1ln\u00ed, a p\u0159esto\u017ee krmivo bez obilovin mnoha ps\u016fm vyhovuje, n\u011bkte\u0159\u00ed psi se c\u00edt\u00ed l\u00e9pe, kdy\u017e jed\u00ed jin\u00e9 krmivo.<br \/>\nD\u016fle\u017eit\u00e9 je naj\u00edt krmivo, kter\u00e9 va\u0161emu psovi vyhovuje a po kter\u00e9m se c\u00edt\u00ed dob\u0159e.<br \/>\nPes, kter\u00fd j\u00ed krmivo, po n\u011bm\u017e se c\u00edt\u00ed dob\u0159e, s v\u00e1mi m\u016f\u017ee \u017e\u00edt aktivn\u00ed \u017eivot.<br \/>\nTo je pro majitele ps\u016f p\u0159i v\u00fdb\u011bru krmiva to nejd\u016fle\u017eit\u011bj\u0161\u00ed.<br \/>\nBozita nab\u00edz\u00ed \u0161irokou \u0161k\u00e1lu recept\u016f bez obilovin a p\u0161enice. V\u0161e vyrobeno ve V\u00e5rg\u00e5rd\u011b. <a href=\"https:\/\/bozita.com\/cz\/products\/bozita-robur-mother-puppy\/\">Bozita Robur Mother &amp; Puppy<\/a> je krmivo pro psy bez p\u0161enice, kter\u00e9 je speci\u00e1ln\u011b p\u0159izp\u016fsobeno pro \u0161t\u011b\u0148ata a rostouc\u00ed mlad\u00e9 psy, stejn\u011b jako pro b\u0159ez\u00ed nebo koj\u00edc\u00ed feny.<\/p>\n<h2>CO M\u00c1M ZV\u00c1\u017dIT, KDY\u017d D\u00c1V\u00c1M SV\u00c9MU PSOVI KRMIVO BEZ OBILOVIN?<\/h2>\n<p>Stejn\u011b jako u jin\u00fdch krmiv pod\u00e1vejte krmivo podle doporu\u010den\u00ed a pot\u00e9 jej p\u0159izp\u016fsobte hmotnosti, \u00farovni aktivity a individu\u00e1ln\u00edm pot\u0159eb\u00e1m sv\u00e9ho psa.<br \/>\nPokud m\u00e1te psa, kter\u00fd je citliv\u00fd na lepek nebo p\u0161enici, m\u011bjte na pam\u011bti, \u017ee n\u011bkter\u00e9 pamlsky pro psy mohou obsahovat i obiloviny.<br \/>\nPe\u010dliv\u011b si p\u0159e\u010dt\u011bte obal, abyste se ujistili, \u017ee sv\u00e9mu psovi d\u00e1v\u00e1te pamlsky bez obilovin.<\/p>\n<p>&nbsp;<\/p>\n<h2>BOZITA SUCH\u00c9 A VLHK\u00c9 KRMIVO PRO PSY BEZ OBILOVIN<\/h2>\n<p>Bozita Robur je \u0161v\u00e9dsk\u00e9 such\u00e9 superpr\u00e9miov\u00e9 krmivo pro psy bez obilovin nebo p\u0161enice vyroben\u00e9 z vysoce kvalitn\u00edch surovin. Krmivo obsahuje vysok\u00e9 mno\u017estv\u00ed \u010derstv\u00e9ho \u0161v\u00e9dsk\u00e9ho masa, kter\u00e9 zlep\u0161uje chu\u0165 a tr\u00e1vic\u00ed proces.<\/p>\n<p><a href=\"https:\/\/bozita.com\/cz\/products\/bozita-robur-sensitive-grain-free-chicken\/\">Bozita Robur &#8211; such\u00e9 krmivo bez obilovin<\/a><\/p>\n<p>V\u0161echna vlhk\u00e1 krmiva Bozita pro psy jsou bez obilovin a obsahuj\u00ed vysok\u00fd pod\u00edl \u017eivo\u010di\u0161n\u00fdch b\u00edlkovin.<a href=\"https:\/\/bozita.com\/cz\/bozita-vlhke-krmivo-pro-psy\/\">Vlhk\u00e9 krmivo pro psy Bozita<\/a><\/p>\n\t\t\t<\/div>\n\t\t<\/div>\n\t<\/div>\n\n\n<section class=\"block full-section-promo\">\n\t<div class=\"container\">\n\t\t<div class=\"mb-3 row align-items-center \n\t\t\t\t\">\n\t\t\t<div class=\"col-md-6\">\n\t\t\t\t\t\t\t\t\t<img decoding=\"async\" src=\"https:\/\/bozita.com\/cz\/wp-content\/uploads\/sites\/12\/2021\/08\/cecilia-hjelm-promo.jpg\" alt=\"\">\n\t\t\t\t\t\n\t\t\t<\/div>\n\t\t\t<div class=\"col-md-6\">\n\t\t\t\t<h2>CECILIA HJELM <\/h2><p>Kvalifikace v oboru agronomie dom\u00e1c\u00edch zv\u00ed\u0159at s odborn\u00fdmi znalostmi v oblasti v\u00fd\u017eivy <\/p>\t\t\t<\/div>\n\t\t<\/div>\n\n\n\t<\/div>\n<\/section>\n","protected":false},"excerpt":{"rendered":"","protected":false},"author":1,"featured_media":6400,"parent":0,"menu_order":0,"comment_status":"closed","ping_status":"closed","template":"guternberg.php","meta":{"footnotes":""},"acf":[],"yoast_head":"<!-- This site is optimized with the Yoast SEO plugin v21.3 - https:\/\/yoast.com\/wordpress\/plugins\/seo\/ -->\n<title>Krmivo pro psy bez obilovin - v\u0161e, co pot\u0159ebujete v\u011bd\u011bt - Bozita Czech<\/title>\n<meta name=\"description\" content=\"Krmivo pro psy bez obilovin neobsahuje \u017e\u00e1dn\u00e9 suroviny, kter\u00e9 jsou klasifikov\u00e1ny jako obiloviny. Pro\u010d si vybrat krmivo pro psy bez obilovin? Tady je v\u0161e, co pot\u0159ebujete v\u011bd\u011bt.\" \/>\n<meta name=\"robots\" content=\"index, follow, max-snippet:-1, max-image-preview:large, max-video-preview:-1\" \/>\n<link rel=\"canonical\" href=\"https:\/\/bozita.com\/cz\/krmivo-pro-psy-bez-obilovin-vse-co-potrebujete-vedet\/\" \/>\n<meta property=\"og:locale\" content=\"cs_CZ\" \/>\n<meta property=\"og:type\" content=\"article\" \/>\n<meta property=\"og:title\" content=\"Krmivo pro psy bez obilovin - v\u0161e, co pot\u0159ebujete v\u011bd\u011bt - Bozita Czech\" \/>\n<meta property=\"og:description\" content=\"Krmivo pro psy bez obilovin neobsahuje \u017e\u00e1dn\u00e9 suroviny, kter\u00e9 jsou klasifikov\u00e1ny jako obiloviny. Pro\u010d si vybrat krmivo pro psy bez obilovin? Tady je v\u0161e, co pot\u0159ebujete v\u011bd\u011bt.\" \/>\n<meta property=\"og:url\" content=\"https:\/\/bozita.com\/cz\/krmivo-pro-psy-bez-obilovin-vse-co-potrebujete-vedet\/\" \/>\n<meta property=\"og:site_name\" content=\"Bozita Czech\" \/>\n<meta property=\"article:modified_time\" content=\"2022-07-03T19:47:14+00:00\" \/>\n<meta property=\"og:image\" content=\"https:\/\/bozita.com\/cz\/wp-content\/uploads\/sites\/12\/2021\/08\/bozita_swedish-natural-quality.jpg\" \/>\n\t<meta property=\"og:image:width\" content=\"800\" \/>\n\t<meta property=\"og:image:height\" content=\"533\" \/>\n\t<meta property=\"og:image:type\" content=\"image\/jpeg\" \/>\n<meta name=\"twitter:card\" content=\"summary_large_image\" \/>\n<!-- \/ Yoast SEO plugin. -->","yoast_head_json":{"title":"Krmivo pro psy bez obilovin - v\u0161e, co pot\u0159ebujete v\u011bd\u011bt - Bozita Czech","description":"Krmivo pro psy bez obilovin neobsahuje \u017e\u00e1dn\u00e9 suroviny, kter\u00e9 jsou klasifikov\u00e1ny jako obiloviny. Pro\u010d si vybrat krmivo pro psy bez obilovin? Tady je v\u0161e, co pot\u0159ebujete v\u011bd\u011bt.","robots":{"index":"index","follow":"follow","max-snippet":"max-snippet:-1","max-image-preview":"max-image-preview:large","max-video-preview":"max-video-preview:-1"},"canonical":"https:\/\/bozita.com\/cz\/krmivo-pro-psy-bez-obilovin-vse-co-potrebujete-vedet\/","og_locale":"cs_CZ","og_type":"article","og_title":"Krmivo pro psy bez obilovin - v\u0161e, co pot\u0159ebujete v\u011bd\u011bt - Bozita Czech","og_description":"Krmivo pro psy bez obilovin neobsahuje \u017e\u00e1dn\u00e9 suroviny, kter\u00e9 jsou klasifikov\u00e1ny jako obiloviny. Pro\u010d si vybrat krmivo pro psy bez obilovin? Tady je v\u0161e, co pot\u0159ebujete v\u011bd\u011bt.","og_url":"https:\/\/bozita.com\/cz\/krmivo-pro-psy-bez-obilovin-vse-co-potrebujete-vedet\/","og_site_name":"Bozita Czech","article_modified_time":"2022-07-03T19:47:14+00:00","og_image":[{"width":800,"height":533,"url":"https:\/\/bozita.com\/cz\/wp-content\/uploads\/sites\/12\/2021\/08\/bozita_swedish-natural-quality.jpg","type":"image\/jpeg"}],"twitter_card":"summary_large_image","schema":{"@context":"https:\/\/schema.org","@graph":[{"@type":"WebPage","@id":"https:\/\/bozita.com\/cz\/krmivo-pro-psy-bez-obilovin-vse-co-potrebujete-vedet\/","url":"https:\/\/bozita.com\/cz\/krmivo-pro-psy-bez-obilovin-vse-co-potrebujete-vedet\/","name":"Krmivo pro psy bez obilovin - v\u0161e, co pot\u0159ebujete v\u011bd\u011bt - Bozita Czech","isPartOf":{"@id":"https:\/\/bozita.com\/cz\/#website"},"datePublished":"2022-05-25T10:34:16+00:00","dateModified":"2022-07-03T19:47:14+00:00","description":"Krmivo pro psy bez obilovin neobsahuje \u017e\u00e1dn\u00e9 suroviny, kter\u00e9 jsou klasifikov\u00e1ny jako obiloviny. Pro\u010d si vybrat krmivo pro psy bez obilovin? Tady je v\u0161e, co pot\u0159ebujete v\u011bd\u011bt.","breadcrumb":{"@id":"https:\/\/bozita.com\/cz\/krmivo-pro-psy-bez-obilovin-vse-co-potrebujete-vedet\/#breadcrumb"},"inLanguage":"cs","potentialAction":[{"@type":"ReadAction","target":["https:\/\/bozita.com\/cz\/krmivo-pro-psy-bez-obilovin-vse-co-potrebujete-vedet\/"]}]},{"@type":"BreadcrumbList","@id":"https:\/\/bozita.com\/cz\/krmivo-pro-psy-bez-obilovin-vse-co-potrebujete-vedet\/#breadcrumb","itemListElement":[{"@type":"ListItem","position":1,"name":"Home","item":"https:\/\/bozita.com\/cz\/"},{"@type":"ListItem","position":2,"name":"Krmivo pro psy bez obilovin &#8211; v\u0161e, co pot\u0159ebujete v\u011bd\u011bt"}]},{"@type":"WebSite","@id":"https:\/\/bozita.com\/cz\/#website","url":"https:\/\/bozita.com\/cz\/","name":"Bozita Czech","description":"","potentialAction":[{"@type":"SearchAction","target":{"@type":"EntryPoint","urlTemplate":"https:\/\/bozita.com\/cz\/?s={search_term_string}"},"query-input":"required name=search_term_string"}],"inLanguage":"cs"}]}},"_links":{"self":[{"href":"https:\/\/bozita.com\/cz\/wp-json\/wp\/v2\/pages\/6584"}],"collection":[{"href":"https:\/\/bozita.com\/cz\/wp-json\/wp\/v2\/pages"}],"about":[{"href":"https:\/\/bozita.com\/cz\/wp-json\/wp\/v2\/types\/page"}],"author":[{"embeddable":true,"href":"https:\/\/bozita.com\/cz\/wp-json\/wp\/v2\/users\/1"}],"replies":[{"embeddable":true,"href":"https:\/\/bozita.com\/cz\/wp-json\/wp\/v2\/comments?post=6584"}],"version-history":[{"count":6,"href":"https:\/\/bozita.com\/cz\/wp-json\/wp\/v2\/pages\/6584\/revisions"}],"predecessor-version":[{"id":7332,"href":"https:\/\/bozita.com\/cz\/wp-json\/wp\/v2\/pages\/6584\/revisions\/7332"}],"wp:featuredmedia":[{"embeddable":true,"href":"https:\/\/bozita.com\/cz\/wp-json\/wp\/v2\/media\/6400"}],"wp:attachment":[{"href":"https:\/\/bozita.com\/cz\/wp-json\/wp\/v2\/media?parent=6584"}],"curies":[{"name":"wp","href":"https:\/\/api.w.org\/{rel}","templated":true}]}}