{"id":7512,"date":"2022-08-23T12:42:07","date_gmt":"2022-08-23T12:42:07","guid":{"rendered":"https:\/\/bozita.com\/cz\/udrzitelne-pro-zvirata-a-prirodu\/"},"modified":"2024-02-27T14:27:01","modified_gmt":"2024-02-27T14:27:01","slug":"udrzitelne-pro-zvirata-a-prirodu","status":"publish","type":"page","link":"https:\/\/bozita.com\/cz\/udrzitelne-pro-zvirata-a-prirodu\/","title":{"rendered":"Udr\u017eiteln\u00e9 &#8211; pro zv\u00ed\u0159ata a p\u0159\u00edrodu"},"content":{"rendered":"\t\t<section class=\"small-hero\">\n\t\t\t<div class=\"container\">\n\t\t\t\t<h5>BOZITA<\/h5><h1 class=\"small-hero-title\">Udr\u017eiteln\u00e9 &#8211; pro zv\u00ed\u0159ata a p\u0159\u00edrodu<\/h1><p><p>Ve spole\u010dnosti Bozita je na\u0161\u00edm c\u00edlem vyr\u00e1b\u011bt vysoce kvalitn\u00ed krmivo pro psy a ko\u010dky prost\u0159ednictv\u00edm udr\u017eiteln\u00fdch a ekologick\u00fdch proces\u016f, abychom tak pomohli chr\u00e1nit n\u00e1\u0161 sv\u011bt.<\/p>\n<\/p>\t\t\t<\/div>\n\t\t\t<\/div>\n\t\t<\/section>\n\t\n\n\t<div class=\"text-box-warp\">\n\t\t<div class=\"container\">\n\t\t\t<div class=\"text-content\">\n\t\t\t\t<h2>OBNOVITELN\u00c1 ENERGIE &#8211; V\u00ddROBA V SOULADU S P\u0158\u00cdRODOU<\/h2>\n<p>Na\u0161e kuchyn\u011b (kde se vyr\u00e1b\u011bj\u00ed v\u0161echny produkty Bozita) se nach\u00e1z\u00ed ve V\u00e5rg\u00e5rd\u011b, v centru kr\u00e1sn\u00e9 zem\u011bd\u011blsk\u00e9 oblasti z\u00e1padn\u00edho \u0160v\u00e9dska. Kuchyn\u011b je nap\u00e1jena ze 100 % obnovitelnou energi\u00ed. T\u0159i \u010dtvrtiny energie poch\u00e1z\u00ed z p\u00e1ry ze spole\u010dnosti V\u00e5rg\u00e5rda \u00c5ngfabrik a posledn\u00ed \u010dtvrtina z vodn\u00ed energie, nejekologi\u010dt\u011bj\u0161\u00edho druhu elekt\u0159iny.<\/p>\n<p>Zbytky j\u00eddla a odpad z na\u0161\u00ed potravin\u00e1\u0159sk\u00e9 v\u00fdroby jsou vyu\u017e\u00edv\u00e1ny a recyklov\u00e1ny na bioplyn, kter\u00fd poh\u00e1n\u00ed m\u011bstsk\u00e9 autobusy a popel\u00e1\u0159sk\u00e9 vozy.<\/p>\n<h2>P\u0158\u00cdRODN\u00cd INGREDIENCE<\/h2>\n<p>Na\u0161e ingredience vyb\u00edr\u00e1me s velkou p\u00e9\u010d\u00ed. Mnoho na\u0161ich ingredienc\u00ed je dod\u00e1v\u00e1no p\u0159\u00edmo ze \u0161v\u00e9dsk\u00fdch farem do na\u0161\u00ed kuchyn\u011b a jsou vyr\u00e1b\u011bny v souladu se \u0161v\u00e9dsk\u00fdmi z\u00e1kony o chovu zv\u00ed\u0159at. To p\u0159in\u00e1\u0161\u00ed mnoho v\u00fdhod.<\/p>\n<ul>\n<li>P\u0159\u00edsn\u00e9 z\u00e1kony na ochranu zv\u00ed\u0159at &#8211; \u0160v\u00e9dsk\u00fd z\u00e1kon na ochranu zv\u00ed\u0159at je jedn\u00edm z nejp\u0159\u00edsn\u011bj\u0161\u00edch z\u00e1kon\u016f na ochranu zv\u00ed\u0159at na sv\u011bt\u011b.<\/li>\n<li>\u017d\u00e1dn\u00e9 r\u016fstov\u00e9 hormony &#8211; pou\u017e\u00edv\u00e1n\u00ed r\u016fstov\u00fdch hormon\u016f p\u0159i chovu zv\u00ed\u0159at je ve \u0160v\u00e9dsku zak\u00e1z\u00e1no.<\/li>\n<li>Nejni\u017e\u0161\u00ed spot\u0159eba antibiotik v EU &#8211; Pou\u017e\u00edv\u00e1n\u00ed antibiotik v chovu zv\u00ed\u0159at je ve \u0160v\u00e9dsku od roku 1986 p\u0159\u00edsn\u011b regulov\u00e1no.<\/li>\n<p>Zem\u011b prost\u00e1<\/p>\n<li> BSE \u0160v\u00e9dsko je jednou z prvn\u00edch zem\u00ed na sv\u011bt\u011b, kterou Sv\u011btov\u00e1 organizace pro zdrav\u00ed zv\u00ed\u0159at ozna\u010dila za zemi prostou BSE (nemoci \u0161\u00edlen\u00fdch krav).<\/li>\n<li>V\u017edy bez GMO &#8211; v na\u0161ich produktech nepou\u017e\u00edv\u00e1me geneticky modifikovan\u00e9 slo\u017eky.<\/li>\n<\/ul>\n<p>Tak\u00e9 ingredience, kter\u00e9 dnes pou\u017e\u00edv\u00e1me, nejsou z\u00edsk\u00e1v\u00e1ny ze z\u00e1sob potravin pro lidi.M\u00edsto toho pou\u017e\u00edv\u00e1me v\u00fdrobky, kter\u00e9 jsou vy\u0159azeny z dodavatelsk\u00e9ho \u0159et\u011bzce, ale jsou st\u00e1le vysoce kvalitn\u00ed. Z t\u011bchto produkt\u016f p\u0159ipravujeme chutn\u00e1 a kvalitn\u00ed krmiva p\u0159izp\u016fsoben\u00e1 pot\u0159eb\u00e1m dne\u0161n\u00edch ps\u016f a ko\u010dek.<\/p>\n<p>Ve spole\u010dnosti Bozita nesouhlas\u00edme s n\u00e1zorem, \u017ee pou\u017e\u00edv\u00e1n\u00ed potravin ur\u010den\u00fdch pro lidi pro dom\u00e1c\u00ed zv\u00ed\u0159ata je z hlediska klimatu udr\u017eiteln\u00e9.<\/p>\n<h2>CHYTR\u00c9 BALEN\u00cd PRO KLIMA<\/h2>\n<p>Obaly na\u0161ich v\u00fdrobk\u016f, a\u0165 u\u017e kartonov\u00e9, plastov\u00e9 nebo Tetra Recart\u00ae, maj\u00ed n\u00edzk\u00fd dopad na \u017eivotn\u00ed prost\u0159ed\u00ed. Jako prvn\u00ed na sv\u011bt\u011b jsme nab\u00eddli Tetra Recart\u00ae, ekologick\u00fd obal na b\u00e1zi lepenky, kter\u00fd lze snadno otev\u0159\u00edt a znovu uzav\u0159\u00edt a kter\u00fd lze efektivn\u011b zabalit, \u010d\u00edm\u017e se sni\u017euje pot\u0159eba p\u0159epravy. Materi\u00e1l na\u0161ich obal\u016f Tetra Recart\u00ae m\u00e1 ozna\u010den\u00ed FSC a je recyklovateln\u00fd.<\/p>\n<p><a href=\"https:\/\/bozita.com\/cz\/tetra-recart-klimaticky-chytry-obal-na-vlhke-krmivo\/\">Tetra Recart\u00ae &#8211; klimaticky chytr\u00fd obal na krmivo pro zv\u00ed\u0159ata<\/a><\/p>\n<h2>NA BEZPE\u010cNOST CERTIFIKOVAN\u00c9 KRMIVO PRO DOM\u00c1C\u00cd ZV\u00cd\u0158ATA OD ROKU 2007<\/h2>\n<p>Je pro n\u00e1s d\u016fle\u017eit\u00e9, aby v\u0161e, co zv\u00ed\u0159at\u016fm pod\u00e1v\u00e1me, bylo v nejvy\u0161\u0161\u00ed kvalit\u011b. Proto je na\u0161e v\u00fdroba krmiv pro dom\u00e1c\u00ed zv\u00ed\u0159ata ve V\u00e5rg\u00e5rd\u011b od roku 2007 certifikov\u00e1na na bezpe\u010dnost podle normy ISO 22000. Ve skute\u010dnosti jsme byli prvn\u00edm \u0161v\u00e9dsk\u00fdm v\u00fdrobcem \u017eivo\u010di\u0161n\u00fdch potravin, kter\u00fd investoval do v\u00fdroby s certifik\u00e1tem bezpe\u010dnosti potravin. ISO 22000 je norma pro \u0159\u00edzen\u00ed kvality v potravin\u00e1\u0159sk\u00e9m pr\u016fmyslu, kter\u00e1 se zam\u011b\u0159uje na bezpe\u010dnost potravin. Tato Ccertifikace mimo jin\u00e9 znamen\u00e1, \u017ee na\u0161e ingredience lze sledovat a\u017e ke zdroji.<\/p>\n<p>Proto\u017ee na\u0161e tov\u00e1rna ve V\u00e5rg\u00e5rd\u011b m\u00e1 certifik\u00e1t bezpe\u010dnosti potravin, m\u016f\u017eete se jako majitel\u00e9 dom\u00e1c\u00edch mazl\u00ed\u010dk\u016f spolehnout, \u017ee na\u0161e v\u00fdrobky neobsahuj\u00ed nic, co by bylo pro va\u0161eho mazl\u00ed\u010dka \u0161kodliv\u00e9, a \u017ee na\u0161e krmivo je p\u0159ipravov\u00e1no za spr\u00e1vn\u00fdch podm\u00ednek. Tato certifikace tak\u00e9 vy\u017eaduje, abychom p\u0159i v\u00fdrob\u011b dodr\u017eovali p\u0159\u00edsn\u00e9 po\u017eadavky na hygienu a \u010distotu, co\u017e pravideln\u011b kontrolujeme jak my, tak nez\u00e1visl\u00ed inspekto\u0159i.<\/p>\n\t\t\t<\/div>\n\t\t<\/div>\n\t<\/div>\n\n\n\t<section class=\"block section-promos\">\n\t\t<div class=\"container\">\n\t\t\t<div class=\"row\">\n\t\t\t\t\t\t\t\t\t\t<div class=\"col-md-6\">\n\t\t\t\t\t\t\t<div class=\"card\">\n\t\t\t\t\t\t\t\t\t\t\t\t\t\t\t\t\t<img decoding=\"async\" class=\"card-img-top\" src=\"https:\/\/bozita.com\/cz\/wp-content\/uploads\/sites\/12\/2021\/06\/bozita-about-us.jpeg\" alt=\"\">\n\t\t\t\t\t\t\t\t\t\t\t\t\t\t\t\t<div class=\"card-body\">\n\t\t\t\t\t\t\t\t\t<h5 class=\"card-title\">O Bozit\u011b<\/h5>\n\t\t\t\t\t\t\t\t\t<p class=\"card-text\">Krmivo pro psy a ko\u010dky vyr\u00e1b\u00edme ji\u017e v\u00edce ne\u017e 100 let! V\u0161echna na\u0161e krmiva se vyr\u00e1b\u011bj\u00ed ve V\u00e5rg\u00e5rd\u011b z nejkvalitn\u011bj\u0161\u00edch surovin.<\/p>\n\t\t\t\t\t\t\t\t\t\t\t\t\t\t\t\t\t\t\t<a target=\"\" href=\"https:\/\/bozita.com\/cz\/o-spolecnosti-bozita\/\" class=\"btn btn-white\">O Bozit\u011b<\/a>\n\t\t\t\t\t\t\t\t\t\t\t\t\t\t\t\t\t\t<\/div>\n\t\t\t\t\t\t\t<\/div>\n\t\t\t\t\t\t<\/div>\n\t\t\t\t\t\t\t\t\t\t\t\t<div class=\"col-md-6\">\n\t\t\t\t\t\t\t<div class=\"card\">\n\t\t\t\t\t\t\t\t\t\t\t\t\t\t\t\t\t<img decoding=\"async\" class=\"card-img-top\" src=\"https:\/\/bozita.com\/cz\/wp-content\/uploads\/sites\/12\/2021\/06\/bozita-smakgaranti-hundmat-kattmat.jpeg\" alt=\"\">\n\t\t\t\t\t\t\t\t\t\t\t\t\t\t\t\t<div class=\"card-body\">\n\t\t\t\t\t\t\t\t\t<h5 class=\"card-title\">Z\u00e1ruka chuti<\/h5>\n\t\t\t\t\t\t\t\t\t<p class=\"card-text\">S na\u0161\u00ed z\u00e1rukou chuti dostanete sv\u00e9 pen\u00edze zp\u011bt, pokud va\u0161emu psovi nebo ko\u010dce nebude na\u0161e krmivo chutnat.<\/p>\n\t\t\t\t\t\t\t\t\t\t\t\t\t\t\t\t\t\t\t<a target=\"\" href=\"https:\/\/bozita.com\/cz\/zaruka-chuti\/\" class=\"btn btn-white\">Z\u00e1ruka chuti<\/a>\n\t\t\t\t\t\t\t\t\t\t\t\t\t\t\t\t\t\t<\/div>\n\t\t\t\t\t\t\t<\/div>\n\t\t\t\t\t\t<\/div>\n\t\t\t\t\t\t\t\t\t\t\t\t<div class=\"col-md-6\">\n\t\t\t\t\t\t\t<div class=\"card\">\n\t\t\t\t\t\t\t\t\t\t\t\t\t\t\t\t\t<img decoding=\"async\" class=\"card-img-top\" src=\"https:\/\/bozita.com\/cz\/wp-content\/uploads\/sites\/12\/2021\/06\/bozita-miljovanlig-forpackning-tetra-recart.jpeg\" alt=\"\">\n\t\t\t\t\t\t\t\t\t\t\t\t\t\t\t\t<div class=\"card-body\">\n\t\t\t\t\t\t\t\t\t<h5 class=\"card-title\">Balen\u00ed<\/h5>\n\t\t\t\t\t\t\t\t\t<p class=\"card-text\">Mnoho na\u0161ich vlhk\u00fdch krmiv se dod\u00e1v\u00e1 v obalech Tetra Recart &#8211; klimaticky \u0161etrn\u00e9m obalu, kter\u00fd m\u016f\u017eete recyklovat spolu s ostatn\u00edmi pap\u00edrov\u00fdmi obaly.<\/p>\n\t\t\t\t\t\t\t\t\t\t\t\t\t\t\t\t\t\t\t<a target=\"\" href=\"https:\/\/bozita.com\/cz\/tetra-recart-klimaticky-chytry-obal-na-vlhke-krmivo\/\" class=\"btn btn-white\">Tetra Recart\u00ae &#8211; klimaticky \u0161etrn\u00fd obal pro na\u0161e krmivo pro dom\u00e1c\u00ed zv\u00ed\u0159ata<\/a>\n\t\t\t\t\t\t\t\t\t\t\t\t\t\t\t\t\t\t<\/div>\n\t\t\t\t\t\t\t<\/div>\n\t\t\t\t\t\t<\/div>\n\t\t\t\t\t\t\t\t\t\t\t\t<div class=\"col-md-6\">\n\t\t\t\t\t\t\t<div class=\"card\">\n\t\t\t\t\t\t\t\t\t\t\t\t\t\t\t\t\t<img decoding=\"async\" class=\"card-img-top\" src=\"https:\/\/bozita.com\/cz\/wp-content\/uploads\/sites\/12\/2021\/06\/bozita-tassalyckan-katthem-provsmakare-produktutveckling.jpeg\" alt=\"\">\n\t\t\t\t\t\t\t\t\t\t\t\t\t\t\t\t<div class=\"card-body\">\n\t\t\t\t\t\t\t\t\t<h5 class=\"card-title\">N\u00e1\u0161 testovac\u00ed panel<\/h5>\n\t\t\t\t\t\t\t\t\t<p class=\"card-text\">V chovatelsk\u00e9 stanici Tassalyckan \u017eije t\u0159icet ko\u010dek, kter\u00e9 n\u00e1m pom\u00e1haj\u00ed testovat na\u0161e such\u00e9 a mokr\u00e9 krmivo pro ko\u010dky.<\/p>\n\t\t\t\t\t\t\t\t\t\t\t\t\t\t\t\t\t\t\t<a target=\"\" href=\"https:\/\/bozita.com\/cz\/kocici-domov-tassalycka\/\" class=\"btn btn-white\">Chovatelsk\u00e1 stanice Tassalyckan<\/a>\n\t\t\t\t\t\t\t\t\t\t\t\t\t\t\t\t\t\t<\/div>\n\t\t\t\t\t\t\t<\/div>\n\t\t\t\t\t\t<\/div>\n\t\t\t\t\t\t\t\t\t<\/div>\n\t\t<\/div>\n\t<\/section>\n","protected":false},"excerpt":{"rendered":"","protected":false},"author":4,"featured_media":6400,"parent":0,"menu_order":0,"comment_status":"closed","ping_status":"closed","template":"guternberg.php","meta":{"footnotes":""},"acf":[],"yoast_head":"<!-- This site is optimized with the Yoast SEO plugin v21.3 - https:\/\/yoast.com\/wordpress\/plugins\/seo\/ -->\n<title>Udr\u017eiteln\u00e9 - pro zv\u00ed\u0159ata a p\u0159\u00edrodu - Bozita Czech<\/title>\n<meta name=\"description\" content=\"Na\u0161\u00edm c\u00edlem ve spole\u010dnosti Bozita je vyr\u00e1b\u011bt to nejlep\u0161\u00ed krmivo pro psy a ko\u010dky t\u00edm nejlep\u0161\u00edm mo\u017en\u00fdm zp\u016fsobem s ohledem na udr\u017eitelnost, \u017eivotn\u00ed prost\u0159ed\u00ed a na\u0161i spole\u010dnou budoucnost.\" \/>\n<meta name=\"robots\" content=\"index, follow, max-snippet:-1, max-image-preview:large, max-video-preview:-1\" \/>\n<link rel=\"canonical\" href=\"https:\/\/bozita.com\/cz\/udrzitelne-pro-zvirata-a-prirodu\/\" \/>\n<meta property=\"og:locale\" content=\"cs_CZ\" \/>\n<meta property=\"og:type\" content=\"article\" \/>\n<meta property=\"og:title\" content=\"Udr\u017eiteln\u00e9 - pro zv\u00ed\u0159ata a p\u0159\u00edrodu - Bozita Czech\" \/>\n<meta property=\"og:description\" content=\"Na\u0161\u00edm c\u00edlem ve spole\u010dnosti Bozita je vyr\u00e1b\u011bt to nejlep\u0161\u00ed krmivo pro psy a ko\u010dky t\u00edm nejlep\u0161\u00edm mo\u017en\u00fdm zp\u016fsobem s ohledem na udr\u017eitelnost, \u017eivotn\u00ed prost\u0159ed\u00ed a na\u0161i spole\u010dnou budoucnost.\" \/>\n<meta property=\"og:url\" content=\"https:\/\/bozita.com\/cz\/udrzitelne-pro-zvirata-a-prirodu\/\" \/>\n<meta property=\"og:site_name\" content=\"Bozita Czech\" \/>\n<meta property=\"article:modified_time\" content=\"2024-02-27T14:27:01+00:00\" \/>\n<meta property=\"og:image\" content=\"https:\/\/bozita.com\/cz\/wp-content\/uploads\/sites\/12\/2021\/08\/bozita_swedish-natural-quality.jpg\" \/>\n\t<meta property=\"og:image:width\" content=\"800\" \/>\n\t<meta property=\"og:image:height\" content=\"533\" \/>\n\t<meta property=\"og:image:type\" content=\"image\/jpeg\" \/>\n<meta name=\"twitter:card\" content=\"summary_large_image\" \/>\n<!-- \/ Yoast SEO plugin. -->","yoast_head_json":{"title":"Udr\u017eiteln\u00e9 - pro zv\u00ed\u0159ata a p\u0159\u00edrodu - Bozita Czech","description":"Na\u0161\u00edm c\u00edlem ve spole\u010dnosti Bozita je vyr\u00e1b\u011bt to nejlep\u0161\u00ed krmivo pro psy a ko\u010dky t\u00edm nejlep\u0161\u00edm mo\u017en\u00fdm zp\u016fsobem s ohledem na udr\u017eitelnost, \u017eivotn\u00ed prost\u0159ed\u00ed a na\u0161i spole\u010dnou budoucnost.","robots":{"index":"index","follow":"follow","max-snippet":"max-snippet:-1","max-image-preview":"max-image-preview:large","max-video-preview":"max-video-preview:-1"},"canonical":"https:\/\/bozita.com\/cz\/udrzitelne-pro-zvirata-a-prirodu\/","og_locale":"cs_CZ","og_type":"article","og_title":"Udr\u017eiteln\u00e9 - pro zv\u00ed\u0159ata a p\u0159\u00edrodu - Bozita Czech","og_description":"Na\u0161\u00edm c\u00edlem ve spole\u010dnosti Bozita je vyr\u00e1b\u011bt to nejlep\u0161\u00ed krmivo pro psy a ko\u010dky t\u00edm nejlep\u0161\u00edm mo\u017en\u00fdm zp\u016fsobem s ohledem na udr\u017eitelnost, \u017eivotn\u00ed prost\u0159ed\u00ed a na\u0161i spole\u010dnou budoucnost.","og_url":"https:\/\/bozita.com\/cz\/udrzitelne-pro-zvirata-a-prirodu\/","og_site_name":"Bozita Czech","article_modified_time":"2024-02-27T14:27:01+00:00","og_image":[{"width":800,"height":533,"url":"https:\/\/bozita.com\/cz\/wp-content\/uploads\/sites\/12\/2021\/08\/bozita_swedish-natural-quality.jpg","type":"image\/jpeg"}],"twitter_card":"summary_large_image","schema":{"@context":"https:\/\/schema.org","@graph":[{"@type":"WebPage","@id":"https:\/\/bozita.com\/cz\/udrzitelne-pro-zvirata-a-prirodu\/","url":"https:\/\/bozita.com\/cz\/udrzitelne-pro-zvirata-a-prirodu\/","name":"Udr\u017eiteln\u00e9 - pro zv\u00ed\u0159ata a p\u0159\u00edrodu - Bozita Czech","isPartOf":{"@id":"https:\/\/bozita.com\/cz\/#website"},"datePublished":"2022-08-23T12:42:07+00:00","dateModified":"2024-02-27T14:27:01+00:00","description":"Na\u0161\u00edm c\u00edlem ve spole\u010dnosti Bozita je vyr\u00e1b\u011bt to nejlep\u0161\u00ed krmivo pro psy a ko\u010dky t\u00edm nejlep\u0161\u00edm mo\u017en\u00fdm zp\u016fsobem s ohledem na udr\u017eitelnost, \u017eivotn\u00ed prost\u0159ed\u00ed a na\u0161i spole\u010dnou budoucnost.","breadcrumb":{"@id":"https:\/\/bozita.com\/cz\/udrzitelne-pro-zvirata-a-prirodu\/#breadcrumb"},"inLanguage":"cs","potentialAction":[{"@type":"ReadAction","target":["https:\/\/bozita.com\/cz\/udrzitelne-pro-zvirata-a-prirodu\/"]}]},{"@type":"BreadcrumbList","@id":"https:\/\/bozita.com\/cz\/udrzitelne-pro-zvirata-a-prirodu\/#breadcrumb","itemListElement":[{"@type":"ListItem","position":1,"name":"Home","item":"https:\/\/bozita.com\/cz\/"},{"@type":"ListItem","position":2,"name":"Udr\u017eiteln\u00e9 &#8211; pro zv\u00ed\u0159ata a p\u0159\u00edrodu"}]},{"@type":"WebSite","@id":"https:\/\/bozita.com\/cz\/#website","url":"https:\/\/bozita.com\/cz\/","name":"Bozita Czech","description":"","potentialAction":[{"@type":"SearchAction","target":{"@type":"EntryPoint","urlTemplate":"https:\/\/bozita.com\/cz\/?s={search_term_string}"},"query-input":"required name=search_term_string"}],"inLanguage":"cs"}]}},"_links":{"self":[{"href":"https:\/\/bozita.com\/cz\/wp-json\/wp\/v2\/pages\/7512"}],"collection":[{"href":"https:\/\/bozita.com\/cz\/wp-json\/wp\/v2\/pages"}],"about":[{"href":"https:\/\/bozita.com\/cz\/wp-json\/wp\/v2\/types\/page"}],"author":[{"embeddable":true,"href":"https:\/\/bozita.com\/cz\/wp-json\/wp\/v2\/users\/4"}],"replies":[{"embeddable":true,"href":"https:\/\/bozita.com\/cz\/wp-json\/wp\/v2\/comments?post=7512"}],"version-history":[{"count":10,"href":"https:\/\/bozita.com\/cz\/wp-json\/wp\/v2\/pages\/7512\/revisions"}],"predecessor-version":[{"id":7968,"href":"https:\/\/bozita.com\/cz\/wp-json\/wp\/v2\/pages\/7512\/revisions\/7968"}],"wp:featuredmedia":[{"embeddable":true,"href":"https:\/\/bozita.com\/cz\/wp-json\/wp\/v2\/media\/6400"}],"wp:attachment":[{"href":"https:\/\/bozita.com\/cz\/wp-json\/wp\/v2\/media?parent=7512"}],"curies":[{"name":"wp","href":"https:\/\/api.w.org\/{rel}","templated":true}]}}