{"id":7518,"date":"2022-08-23T12:44:58","date_gmt":"2022-08-23T12:44:58","guid":{"rendered":"https:\/\/bozita.com\/cz\/co-mam-delat-kdyz-moje-kocka-neji-nebo-nepije\/"},"modified":"2023-01-13T06:29:48","modified_gmt":"2023-01-13T06:29:48","slug":"co-mam-delat-kdyz-moje-kocka-neji-nebo-nepije","status":"publish","type":"page","link":"https:\/\/bozita.com\/cz\/co-mam-delat-kdyz-moje-kocka-neji-nebo-nepije\/","title":{"rendered":"Co m\u00e1m d\u011blat, kdy\u017e moje ko\u010dka nej\u00ed nebo nepije?"},"content":{"rendered":"\t\t<section class=\"small-hero\">\n\t\t\t<div class=\"container\">\n\t\t\t\t<h1 class=\"small-hero-title\">Co m\u00e1m d\u011blat, kdy\u017e moje ko\u010dka nej\u00ed nebo nepije?<\/h1>\t\t\t<\/div>\n\t\t\t<\/div>\n\t\t<\/section>\n\t\n\n\t<div class=\"text-box-warp\">\n\t\t<div class=\"container\">\n\t\t\t<div class=\"text-content\">\n\t\t\t\t<p>Pokud va\u0161e kot\u011b nebo dosp\u011bl\u00e1 ko\u010dka nedostate\u010dn\u011b j\u00ed nebo pije, je t\u0159eba naj\u00edt p\u0159\u00ed\u010dinu probl\u00e9mu. Je d\u016fle\u017eit\u00e9 zjistit, zda je \u0161patn\u00e1 chu\u0165 k j\u00eddlu va\u0161\u00ed ko\u010dky zp\u016fsobena t\u00edm, \u017ee nechce nebo nem\u016f\u017ee j\u00edst.<\/p>\n<p>\u010cl\u00e1nek vych\u00e1z\u00ed z rozhovor\u016f s odbornic\u00ed na ko\u010dky Elin Hirschovou, doktorkou etologie se zam\u011b\u0159en\u00edm na chov\u00e1n\u00ed ko\u010dek.<\/p>\n<h2>NAU\u010cTE SVOU KO\u010cKU SPR\u00c1VN\u00ddM STRAVOVAC\u00cdM N\u00c1VYK\u016eM<\/h2>\n<p>Pomozte sv\u00e9 ko\u010dce vytvo\u0159it zdrav\u00e9 stravovac\u00ed n\u00e1vyky hned od za\u010d\u00e1tku t\u00edm, \u017ee j\u00ed nastav\u00edte rutinu. A\u0165 u\u017e nech\u00e1te ko\u010dce voln\u00fd p\u0159\u00edstup k potrav\u011b, nebo j\u00ed budete potravu pod\u00e1vat v ur\u010ditou dobu, je d\u016fle\u017eit\u00e9 dodr\u017eovat rutinu. V opa\u010dn\u00e9m p\u0159\u00edpad\u011b riskujete, \u017ee ko\u010dka bude j\u00eddlo odm\u00edtat nebo nebude j\u00edst dostate\u010dn\u011b. Pokud m\u00e1te ko\u010dku, kter\u00e1 nej\u00ed, nen\u00ed dobr\u00fd n\u00e1pad sna\u017eit se ji l\u00e1kat na chutn\u00e9 j\u00eddlo nebo pamlsky. To ji nau\u010d\u00ed b\u00fdt vyb\u00edravou. Nechte ko\u010dku n\u011bkolik hodin hladov\u011bt a ona se snad nau\u010d\u00ed j\u00edst to, co j\u00ed poskytnete.<\/p>\n<h2>ZJIST\u011aTE, PRO\u010c VA\u0160E KO\u010cKA NEJ\u00cd NEBO NEPIJE.<\/h2>\n<p>Je d\u016fle\u017eit\u00e9 rozli\u0161it, zda ko\u010dka nej\u00ed kv\u016fli faktor\u016fm souvisej\u00edc\u00edm s potravou, nebo zda trp\u00ed bolest\u00ed \u010di nemoc\u00ed. Pozorujte, jak se ko\u010dka celkov\u011b chov\u00e1 &#8211; je letargick\u00e1, m\u00e1 z\u00e1cpu nebo sp\u00ed v\u00edce ne\u017e obvykle?\u00a0To je d\u016fle\u017eit\u00e9 zejm\u00e9na s p\u0159ib\u00fdvaj\u00edc\u00edm v\u011bkem ko\u010dky. Chu\u0165 a \u010dich se s v\u011bkem zhor\u0161uj\u00ed, co\u017e m\u016f\u017ee p\u0159isp\u011bt ke sn\u00ed\u017een\u00ed chuti k j\u00eddlu. Pokud m\u00e1te venkovn\u00ed ko\u010dku, m\u016f\u017ee b\u00fdt obt\u00ed\u017en\u011bj\u0161\u00ed sledovat, co p\u0159esn\u011b b\u011bhem dne sn\u00ed. Mo\u017en\u00e1 ulovila pt\u00e1\u010dka nebo my\u0161 a c\u00edt\u00ed se syt\u011b. Na druhou stranu, pokud va\u0161e ko\u010dka nejedla 24 hodin nebo d\u00e9le, m\u011bli byste kontaktovat veterin\u00e1\u0159e. Odm\u00edt\u00e1n\u00ed potravy po dobu del\u0161\u00ed ne\u017e jeden den m\u016f\u017ee m\u00edt v\u00e1\u017en\u00e9 n\u00e1sledky.<\/p>\n<h2>POVZBUZUJTE KO\u010cKU K J\u00cdDLU A PIT\u00cd<\/h2>\n<p>Napodobov\u00e1n\u00ed toho, jak ko\u010dky jed\u00ed a pij\u00ed ve voln\u00e9 p\u0159\u00edrod\u011b, je skv\u011bl\u00fd zp\u016fsob, jak vzbudit jejich chu\u0165 k j\u00eddlu. Ko\u010dky nereguluj\u00ed mno\u017estv\u00ed vypit\u00e9ho j\u00eddla podle mno\u017estv\u00ed tekutiny v krmivu, co\u017e m\u016f\u017ee u ko\u010dek, kter\u00e9 jed\u00ed pouze such\u00e9 krmivo, zvy\u0161ovat riziko vzniku mo\u010dov\u00fdch kamen\u016f. Zde je n\u011bkolik trik\u016f, jak ko\u010dku p\u0159im\u011bt k j\u00eddlu<\/p>\n<ul>\n<li><strong>Odd\u011blen\u00e9 j\u00eddlo, vodu, podest\u00fdlku a hran\u00ed<\/strong>Pokud m\u00e1te ko\u010dku, kter\u00e1 nej\u00ed ani nepije, m\u011bli byste odd\u011blit j\u00eddlo, vodu, podest\u00fdlku a hran\u00ed tak, aby to odpov\u00eddalo tomu, co ko\u010dky d\u011blaj\u00ed ve voln\u00e9 p\u0159\u00edrod\u011b. Chu\u0165 k j\u00eddlu m\u016f\u017eete u ko\u010dky povzbudit tak\u00e9 um\u00edst\u011bn\u00edm vody na n\u011bkolika m\u00edstech v dom\u011b. Vyhn\u011bte se um\u00edst\u011bn\u00ed vody p\u0159\u00edmo v bl\u00edzkosti misky na krmivo a z\u00e1sobn\u00edku na stelivo. Ko\u010dky obvykle necht\u011bj\u00ed p\u00edt na stejn\u00e9m m\u00edst\u011b jako miska na j\u00eddlo a z\u00e1sobn\u00edk na stelivo.<\/li>\n<li><strong>Dejte ko\u010dce, kter\u00e1 nej\u00ed, neru\u0161en\u00fd prostor k j\u00eddlu.<\/strong>Zajist\u011bte ko\u010dce soukrom\u00fd, bezpe\u010dn\u00fd a neru\u0161en\u00fd j\u00eddeln\u00ed kout, kde m\u016f\u017ee v klidu a bez stresu j\u00edst. Mo\u017en\u00e1 bude cht\u00edt j\u00edst v soukrom\u00ed.<\/li>\n<li><strong>Udr\u017eujte kuchy\u0148sk\u00e9 n\u00e1\u010din\u00ed a prostor pro potraviny v \u010distot\u011b<\/strong>J\u00eddlo pod\u00e1vejte v\u017edy v \u010dist\u00fdch misk\u00e1ch a j\u00eddeln\u00ed prostor \u010dasto \u010dist\u011bte jemn\u00fdm \u010distic\u00edm prost\u0159edkem. To va\u0161i ko\u010dku povzbud\u00ed k j\u00eddlu. Tak\u00e9 ji to ochr\u00e1n\u00ed p\u0159ed bakteriemi, kter\u00e9 se mohou v prostoru pro j\u00eddlo hromadit.<\/li>\n<li><strong>Pod\u00e1vejte j\u00eddlo ve &#8222;spr\u00e1vn\u00e9&#8220; misce<\/strong>Zamyslete se nad t\u00edm, co va\u0161e ko\u010dka r\u00e1da j\u00ed a pije. Mnoho ko\u010dek nap\u0159\u00edklad nem\u00e1 r\u00e1do, kdy\u017e se jejich vousy dot\u00fdkaj\u00ed okraj\u016f misky na j\u00eddlo nebo vodu, a mnoho ko\u010dek d\u00e1v\u00e1 p\u0159ednost tekouc\u00ed vod\u011b. Experimentujte a zjist\u011bte, co je nejlep\u0161\u00ed, kdy\u017e va\u0161e ko\u010dka nej\u00ed nebo nepije. Investice do font\u00e1nky a nab\u00edzen\u00ed vody ko\u010dce na n\u011bkolika m\u00edstech v dom\u00e1cnosti m\u016f\u017ee zv\u00fd\u0161it \u0161anci, \u017ee bude ko\u010dka dostate\u010dn\u011b p\u00edt.<\/li>\n<li><strong>Chu\u0165, konzistence a v\u016fn\u011b<\/strong>Vyberte krmivo, kter\u00e9 je chutn\u00e9 a snadno se j\u00ed, tj. krmivo s texturou, kterou m\u00e1 ko\u010dka r\u00e1da, s p\u0159im\u011b\u0159en\u011b velk\u00fdmi kousky. Zkuste krmivo na n\u011bkolik sekund oh\u0159\u00e1t. To zp\u016fsob\u00ed, \u017ee j\u00eddlo bude p\u0159\u00edjemn\u011b von\u011bt a ko\u010dka bude m\u00edt chu\u0165 k j\u00eddlu. Ko\u010dky ve voln\u00e9 p\u0159\u00edrod\u011b jed\u00ed potravu p\u0159i pokojov\u00e9 teplot\u011b.<\/li>\n<li><strong><a title=\"Wet food\" href=\"https:\/\/bozita.com\/cz\/vlhke-krmivo\/\" data-udi=\"umb:\/\/document\/57f7b7be60854fe1807d05e0e13c7d76\">Vlhk\u00e9 krmivo<\/a> je dobr\u00fdm zdrojem tekutin<\/strong>Pokud chcete zajistit, aby va\u0161e ko\u010dka p\u0159ij\u00edmala dostatek tekutin, doporu\u010dujeme p\u0159ej\u00edt na vlhk\u00e9 krmivo, kter\u00e9 p\u0159irozen\u011b obsahuje mnohem v\u011bt\u0161\u00ed mno\u017estv\u00ed vody. Nebo dopl\u0148te va\u0161e <a title=\"Dry food\" href=\"https:\/\/bozita.com\/cz\/bozita-suche-krmivo-pro-kocky\/\" data-udi=\"umb:\/\/document\/09352a7a3c0f43b182327530c04244af\">such\u00e9 krmivo<\/a> s <a title=\"Wet food\" href=\"https:\/\/bozita.com\/cz\/vlhke-krmivo\/\" data-udi=\"umb:\/\/document\/57f7b7be60854fe1807d05e0e13c7d76\">vlhk\u00fdm krmivem<\/a> stranou. Ko\u010dky ocen\u00ed pestr\u00fd j\u00eddeln\u00ed\u010dek!<\/li>\n<li><strong>Zkontrolujte, jak je krmivo skladov\u00e1no<\/strong>Such\u00e9 krmivo absorbuje vlhkost, zejm\u00e9na kdy\u017e je vlhk\u00e9, co\u017e m\u016f\u017ee sn\u00ed\u017eit jeho chutnost. Such\u00e9 krmivo v\u017edy skladujte na such\u00e9m a chladn\u00e9m m\u00edst\u011b a pravideln\u011b kontrolujte jeho kvalitu.<\/li>\n<li><strong>Men\u0161\u00ed porce<\/strong>Sna\u017ete se rozd\u011blit krmivo do n\u011bkolika men\u0161\u00edch porc\u00ed, kter\u00e9 ko\u010dce pravideln\u011b pod\u00e1v\u00e1te, aby ho nemusela sn\u00edst tolik najednou. To odr\u00e1\u017e\u00ed p\u0159irozen\u00e9 chov\u00e1n\u00ed ko\u010dky p\u0159i krmen\u00ed \u010dast\u00fdmi mal\u00fdmi d\u00e1vkami.<\/li>\n<\/ul>\n<h2>POKUD VA\u0160E KO\u010cKA NAD\u00c1LE ODM\u00cdT\u00c1 POTRAVU<\/h2>\n<p>Pokud nic nepom\u00e1h\u00e1, zm\u011b\u0148te krmivo. N\u011bkdy zm\u011bna krmiva zcela sta\u010d\u00ed. Pokud je to mo\u017en\u00e9, prov\u00e1d\u011bjte p\u0159echod ze star\u00e9ho na nov\u00e9 krmivo pomalu, aby ko\u010dka nem\u011bla \u017ealude\u010dn\u00ed pot\u00ed\u017ee. <strong>Dal\u0161\u00ed informace<\/strong><\/p>\n<ul>\n<li><a title=\"How do you change your adult cat's diet?\" href=\"https:\/\/bozita.com\/cz\/jak-zmenit-krmivo-pro-kocku\/\" data-udi=\"umb:\/\/document\/73cd295647494f04bc87f285fb42f1be\">Jak zm\u011bnit krmivo pro ko\u010dky<\/a><\/li>\n<\/ul>\n\t\t\t<\/div>\n\t\t<\/div>\n\t<\/div>\n\n\n<section class=\"block product-promos\">\n\t<div class=\"container\">\n\t\t<div class=\"row align-items-center\">\n\t\t\t<div class=\"col-md-5\">\n\t\t\t\t<div class=\"prdt__promos-heading\">\n\t\t\t\t\t<h3>\n\t\t\t\t\t\tVlhk\u00e9 krmivo v praktick\u00fdch jednoporcov\u00fdch s\u00e1\u010dc\u00edch\t\t\t\t\t<\/h3>\n\t\t\t\t\t\t\t\t\t<\/div>\n\t\t\t<\/div>\n\t\t\t<div class=\"col-md-7\">\n\t\t\t\t\t\t\t\t\t<div class=\"owl-carousel owl-theme product-promo-carousel\">\n\t\t\t\t\t\t\t\t\t\t\t\t\t<a href=\"https:\/\/bozita.com\/cz\/products\/bozita-s-hovezim-masem-kousky-v-omacce-tetra\/\">\n\t\t\t\t\t\t\t\t<div class=\"blk__prdt-item\">\n\t\t\t\t\t\t\t\t\t<figure>\n\t\t\t\t\t\t\t\t\t\t<img loading=\"lazy\" decoding=\"async\" width=\"400\" height=\"400\" src=\"https:\/\/bozita.com\/cz\/wp-content\/uploads\/sites\/12\/2021\/06\/4931-bozita-tetra-sauce-beef.png\" class=\"attachment-post-thumbnail size-post-thumbnail wp-post-image\" alt=\"BOZITA ACTIVE &#038; STERILISED \u2013 GRAIN FREE LAMB\" srcset=\"https:\/\/bozita.com\/cz\/wp-content\/uploads\/sites\/12\/2021\/06\/4931-bozita-tetra-sauce-beef.png 400w, https:\/\/bozita.com\/cz\/wp-content\/uploads\/sites\/12\/2021\/06\/4931-bozita-tetra-sauce-beef-300x300.png 300w, https:\/\/bozita.com\/cz\/wp-content\/uploads\/sites\/12\/2021\/06\/4931-bozita-tetra-sauce-beef-150x150.png 150w\" sizes=\"(max-width: 400px) 100vw, 400px\" \/>\t\t\t\t\t\t\t\t\t\t\t\t\t\t\t\t\t\t\t<\/figure>\n\t\t\t\t\t\t\t\t\t<h4 class=\"carousel-title\"><\/h4>\n\t\t\t\t\t\t\t\t\t<span class=\"carousel-category\">BOZITA WITH BEEF \u2013 CHUNKS IN SAUCE  &#8211; TETRA<\/span>\n\t\t\t\t\t\t\t\t\t  \n\t\t\t\t\t\t\t\t\t<ul class=\"category-list\">\n\t\t\t\t\t\t\t\t\t\t\t\t\t\t\t\t\t\t\t\t\t\t\t<li class=\"svg-image\">\n\t\t\t\t\t\t\t\t\t\t\t\t\t\t<img decoding=\"async\" src=\"https:\/\/bozita.com\/cz\/wp-content\/uploads\/sites\/12\/2021\/06\/icon-grain-free.svg\" \/>\n\t\t\t\t\t\t\t\t\t\t\t\t\t<\/li>\n\t\t\t\t\t\t\t\t\t\t\t\t\t\t\t\t\t\t\t\t\t\t\t\t\t\t<li class=\"svg-image\">\n\t\t\t\t\t\t\t\t\t\t\t\t\t\t<img decoding=\"async\" src=\"https:\/\/bozita.com\/cz\/wp-content\/uploads\/sites\/12\/2021\/06\/icon-wheat-free.svg\" \/>\n\t\t\t\t\t\t\t\t\t\t\t\t\t<\/li>\n\t\t\t\t\t\t\t\t\t\t\t\t\t\t\t\t\t\t\t\t\t\t\t\t\t\t\t\t\t\t\t\t\t\t\t\t<li class=\"svg-image\">\n\t\t\t\t\t\t\t\t\t\t\t\t\t\t<img decoding=\"async\" src=\"https:\/\/bozita.com\/cz\/wp-content\/uploads\/sites\/12\/2021\/06\/icon-flavour-beef.svg\" \/>\n\t\t\t\t\t\t\t\t\t\t\t\t\t<\/li>\n\t\t\t\t\t\t\t\t\t\t\t\t\t\t\t\t\t\t\t\t\t\t<\/ul>       \n\n\t\t\t\t\t\t\t\t<\/div>\n\t\t\t\t\t\t\t<\/a>\n\t\t\t\t\t\t\t\t\t\t\t\t\t\t\t\t\t\t\t\t<a href=\"https:\/\/bozita.com\/cz\/products\/bozita-se-sobim-kousky-v-omacce-tetra\/\">\n\t\t\t\t\t\t\t\t<div class=\"blk__prdt-item\">\n\t\t\t\t\t\t\t\t\t<figure>\n\t\t\t\t\t\t\t\t\t\t<img loading=\"lazy\" decoding=\"async\" width=\"400\" height=\"400\" src=\"https:\/\/bozita.com\/cz\/wp-content\/uploads\/sites\/12\/2021\/06\/4930-bozita-tetra-sauce-reindeer.png\" class=\"attachment-post-thumbnail size-post-thumbnail wp-post-image\" alt=\"BOZITA ACTIVE &#038; STERILISED \u2013 GRAIN FREE LAMB\" srcset=\"https:\/\/bozita.com\/cz\/wp-content\/uploads\/sites\/12\/2021\/06\/4930-bozita-tetra-sauce-reindeer.png 400w, https:\/\/bozita.com\/cz\/wp-content\/uploads\/sites\/12\/2021\/06\/4930-bozita-tetra-sauce-reindeer-300x300.png 300w, https:\/\/bozita.com\/cz\/wp-content\/uploads\/sites\/12\/2021\/06\/4930-bozita-tetra-sauce-reindeer-150x150.png 150w\" sizes=\"(max-width: 400px) 100vw, 400px\" \/>\t\t\t\t\t\t\t\t\t\t\t\t\t\t\t\t\t\t\t<\/figure>\n\t\t\t\t\t\t\t\t\t<h4 class=\"carousel-title\"><\/h4>\n\t\t\t\t\t\t\t\t\t<span class=\"carousel-category\">BOZITA WITH REINDEER \u2013 CHUNKS IN SAUCE \u2013 TETRA<\/span>\n\t\t\t\t\t\t\t\t\t  \n\t\t\t\t\t\t\t\t\t<ul class=\"category-list\">\n\t\t\t\t\t\t\t\t\t\t\t\t\t\t\t\t\t\t\t\t\t\t\t<li class=\"svg-image\">\n\t\t\t\t\t\t\t\t\t\t\t\t\t\t<img decoding=\"async\" src=\"https:\/\/bozita.com\/cz\/wp-content\/uploads\/sites\/12\/2021\/06\/icon-grain-free.svg\" \/>\n\t\t\t\t\t\t\t\t\t\t\t\t\t<\/li>\n\t\t\t\t\t\t\t\t\t\t\t\t\t\t\t\t\t\t\t\t\t\t\t\t\t\t<li class=\"svg-image\">\n\t\t\t\t\t\t\t\t\t\t\t\t\t\t<img decoding=\"async\" src=\"https:\/\/bozita.com\/cz\/wp-content\/uploads\/sites\/12\/2021\/06\/icon-wheat-free.svg\" \/>\n\t\t\t\t\t\t\t\t\t\t\t\t\t<\/li>\n\t\t\t\t\t\t\t\t\t\t\t\t\t\t\t\t\t\t\t\t\t\t\t\t\t\t\t\t\t\t\t\t\t\t\t\t<li class=\"svg-image\">\n\t\t\t\t\t\t\t\t\t\t\t\t\t\t<img decoding=\"async\" src=\"https:\/\/bozita.com\/cz\/wp-content\/uploads\/sites\/12\/2021\/06\/icon-flavour-reindeer.svg\" \/>\n\t\t\t\t\t\t\t\t\t\t\t\t\t<\/li>\n\t\t\t\t\t\t\t\t\t\t\t\t\t\t\t\t\t\t\t\t\t\t<\/ul>       \n\n\t\t\t\t\t\t\t\t<\/div>\n\t\t\t\t\t\t\t<\/a>\n\t\t\t\t\t\t\t\t\t\t\t\t\t\t\t\t\t\t\t\t\t\t\t\t\t\t\t<a href=\"https:\/\/bozita.com\/cz\/products\/bozita-s-kurecim-a-krutim-masem-kousky-v-omacce\/\">\n\t\t\t\t\t\t\t\t<div class=\"blk__prdt-item\">\n\t\t\t\t\t\t\t\t\t<figure>\n\t\t\t\t\t\t\t\t\t\t<img loading=\"lazy\" decoding=\"async\" width=\"400\" height=\"400\" src=\"https:\/\/bozita.com\/cz\/wp-content\/uploads\/sites\/12\/2021\/06\/4934-bozita-tetra-sauce-chicken-turkey.png\" class=\"attachment-post-thumbnail size-post-thumbnail wp-post-image\" alt=\"BOZITA ACTIVE &#038; STERILISED \u2013 GRAIN FREE LAMB\" srcset=\"https:\/\/bozita.com\/cz\/wp-content\/uploads\/sites\/12\/2021\/06\/4934-bozita-tetra-sauce-chicken-turkey.png 400w, https:\/\/bozita.com\/cz\/wp-content\/uploads\/sites\/12\/2021\/06\/4934-bozita-tetra-sauce-chicken-turkey-300x300.png 300w, https:\/\/bozita.com\/cz\/wp-content\/uploads\/sites\/12\/2021\/06\/4934-bozita-tetra-sauce-chicken-turkey-150x150.png 150w\" sizes=\"(max-width: 400px) 100vw, 400px\" \/>\t\t\t\t\t\t\t\t\t\t\t\t\t\t\t\t\t\t\t<\/figure>\n\t\t\t\t\t\t\t\t\t<h4 class=\"carousel-title\"><\/h4>\n\t\t\t\t\t\t\t\t\t<span class=\"carousel-category\">BOZITA WITH CHICKEN &#038; TURKEY \u2013 CHUNKS IN SAUCE<\/span>\n\t\t\t\t\t\t\t\t\t  \n\t\t\t\t\t\t\t\t\t<ul class=\"category-list\">\n\t\t\t\t\t\t\t\t\t\t\t\t\t\t\t\t\t\t\t\t\t\t\t<li class=\"svg-image\">\n\t\t\t\t\t\t\t\t\t\t\t\t\t\t<img decoding=\"async\" src=\"https:\/\/bozita.com\/cz\/wp-content\/uploads\/sites\/12\/2021\/06\/icon-grain-free.svg\" \/>\n\t\t\t\t\t\t\t\t\t\t\t\t\t<\/li>\n\t\t\t\t\t\t\t\t\t\t\t\t\t\t\t\t\t\t\t\t\t\t\t\t\t\t<li class=\"svg-image\">\n\t\t\t\t\t\t\t\t\t\t\t\t\t\t<img decoding=\"async\" src=\"https:\/\/bozita.com\/cz\/wp-content\/uploads\/sites\/12\/2021\/06\/icon-wheat-free.svg\" \/>\n\t\t\t\t\t\t\t\t\t\t\t\t\t<\/li>\n\t\t\t\t\t\t\t\t\t\t\t\t\t\t\t\t\t\t\t\t\t\t\t\t\t\t\t\t\t\t\t\t\t\t\t\t<li class=\"svg-image\">\n\t\t\t\t\t\t\t\t\t\t\t\t\t\t<img decoding=\"async\" src=\"https:\/\/bozita.com\/cz\/wp-content\/uploads\/sites\/12\/2021\/06\/icon-flavour-turkey.svg\" \/>\n\t\t\t\t\t\t\t\t\t\t\t\t\t<\/li>\n\t\t\t\t\t\t\t\t\t\t\t\t\t\t\t\t\t\t\t\t\t\t\t\t\t\t<li class=\"svg-image\">\n\t\t\t\t\t\t\t\t\t\t\t\t\t\t<img decoding=\"async\" src=\"https:\/\/bozita.com\/cz\/wp-content\/uploads\/sites\/12\/2021\/06\/icon-flavour-chicken.svg\" \/>\n\t\t\t\t\t\t\t\t\t\t\t\t\t<\/li>\n\t\t\t\t\t\t\t\t\t\t\t\t\t\t\t\t\t\t\t\t\t\t<\/ul>       \n\n\t\t\t\t\t\t\t\t<\/div>\n\t\t\t\t\t\t\t<\/a>\n\t\t\t\t\t\t\t\t\t\t\t\t\t\t\t\t\t\t<\/div>\n\t\t\t\t\t\t\t<\/div>\n\t\t<\/div>\n\t<\/div>\n<\/section>\n<script>\njQuery(document).ready(function($) {\n\tjQuery('.product-promo-carousel').owlCarousel({\n\tloop: true,\n\tmargin: 10,\n\tresponsiveClass: true,\n\tresponsive: {\n\t\t0: {\n\t\titems: 1,\n\t\tnav: true\n\t\t},\n\t\t600: {\n\t\titems: 1,\n\t\tnav: true\n\t\t},\n\t\t1000: {\n\t\titems: 2,\n\t\tnav: true,\n\t\t}\n\t}\n\t})\n\tjQuery(\".owl-prev\").html('<span><<\/span>');\n\tjQuery(\".owl-next\").html('<span>><\/span>');\n\n\tvar slider = jQuery('.promo-slider-list');\n\tslider.owlCarousel();\n\tjQuery('.nextbtn-a').click(function() {\n\tslider.trigger('next.owl.carousel');\n\t})\n\t\/\/ Go to the previous item\n\tjQuery('.prebtn-a').click(function() {\n\tslider.trigger('prev.owl.carousel', [300]);\n\t})\n});\n<\/script>\n\n\n\n\t<section class=\"block related-articles\">\n\t\t<div class=\"container\">\n\t\t\t<h2>Souvisej\u00edc\u00ed \u010dl\u00e1nky<\/h2>\n\t\t\t<div class=\"row justify-content-center\">\n\t\t\t\t\t\t\t\t\t\t<div class=\"col-sm-6 col-md-6 col-lg-3\">\n\t\t\t\t\t\t\t\t\t\t\t\t\t\t<div class=\"card \">\n\t\t\t\t\t\t\t\t\t\t\t\t\t\t\t\t\t<img decoding=\"async\"  src=\"https:\/\/bozita.com\/cz\/wp-content\/uploads\/sites\/12\/2021\/08\/bozita-byta-foder-vuxen-katt.jpg\" alt=\"\">\n\t\t\t\t\t\t\t\t\t\t\t\t\t\t\t\t\t<!-- <img decoding=\"async\" src=\"\n\t\t\t\t\t\t\t\t\t\t\t\t\t\t\t\t\t\t\t\t\" alt=\"\n\t\t\t\t\t\t\t\t\t\t\t\t\t\t\t\t\t\t\t\t\t\t\t\t\t\t\t\"> -->\n\t\t\t\t\t\t\t\t<div class=\"card-body\">\n\t\t\t\t\t\t\t\t\t\t\t\t\t\t\t\t\t\t\t<h6>Jak zm\u011bnit krmivo pro ko\u010dku<\/h6>\n\t\t\t\t\t\t\t\t\t\t\t\t\t\t\t\t\t\t\t<a href=\"https:\/\/bozita.com\/cz\/jak-zmenit-krmivo-pro-kocku\/\">P\u0159e\u010dt\u011bte si v\u00edce &nbsp; ><\/a>\n\t\t\t\t\t\t\t\t<\/div>\n\t\t\t\t\t\t\t<\/div>\n\t\t\t\t\t\t<\/div>\n\n\t\t\t\t\t\t\t\t\t\t\t<div class=\"col-sm-6 col-md-6 col-lg-3\">\n\t\t\t\t\t\t\t\t\t\t\t\t\t\t<div class=\"card \">\n\t\t\t\t\t\t\t\t\t\t\t\t\t\t\t\t\t<img decoding=\"async\"  src=\"https:\/\/bozita.com\/cz\/wp-content\/uploads\/sites\/12\/2021\/08\/bozita-katter-ar-kottatare.jpg\" alt=\"\">\n\t\t\t\t\t\t\t\t\t\t\t\t\t\t\t\t\t<!-- <img decoding=\"async\" src=\"\n\t\t\t\t\t\t\t\t\t\t\t\t\t\t\t\t\t\t\t\t\" alt=\"\n\t\t\t\t\t\t\t\t\t\t\t\t\t\t\t\t\t\t\t\t\t\t\t\t\t\t\t\"> -->\n\t\t\t\t\t\t\t\t<div class=\"card-body\">\n\t\t\t\t\t\t\t\t\t\t\t\t\t\t\t\t\t\t\t<h6>Co ko\u010dky jed\u00ed?<\/h6>\n\t\t\t\t\t\t\t\t\t\t\t\t\t\t\t\t\t\t\t<a href=\"https:\/\/bozita.com\/cz\/co-kocky-jedi\/\">P\u0159e\u010dt\u011bte si v\u00edce &nbsp; ><\/a>\n\t\t\t\t\t\t\t\t<\/div>\n\t\t\t\t\t\t\t<\/div>\n\t\t\t\t\t\t<\/div>\n\n\t\t\t\t\t\t\t\t\t\t\t\t<\/div>\n\t\t<\/div>\n\t<\/section>\n","protected":false},"excerpt":{"rendered":"","protected":false},"author":1,"featured_media":7519,"parent":0,"menu_order":0,"comment_status":"closed","ping_status":"closed","template":"guternberg.php","meta":{"footnotes":""},"acf":[],"yoast_head":"<!-- This site is optimized with the Yoast SEO plugin v21.3 - https:\/\/yoast.com\/wordpress\/plugins\/seo\/ -->\n<title>Co m\u00e1m d\u011blat, kdy\u017e moje ko\u010dka nej\u00ed nebo nepije? - Bozita Czech<\/title>\n<meta name=\"description\" content=\"D\u016fvod\u016f, pro\u010d ko\u010dka odm\u00edt\u00e1 j\u00edst, nej\u00ed nebo nepije, m\u016f\u017ee b\u00fdt mnoho. Na\u0161i odborn\u00edci ze spole\u010dnosti Bozita v\u00e1m porad\u00ed, co m\u016f\u017eete ud\u011blat.\" \/>\n<meta name=\"robots\" content=\"index, follow, max-snippet:-1, max-image-preview:large, max-video-preview:-1\" \/>\n<link rel=\"canonical\" href=\"https:\/\/bozita.com\/cz\/co-mam-delat-kdyz-moje-kocka-neji-nebo-nepije\/\" \/>\n<meta property=\"og:locale\" content=\"cs_CZ\" \/>\n<meta property=\"og:type\" content=\"article\" \/>\n<meta property=\"og:title\" content=\"Co m\u00e1m d\u011blat, kdy\u017e moje ko\u010dka nej\u00ed nebo nepije? - Bozita Czech\" \/>\n<meta property=\"og:description\" content=\"D\u016fvod\u016f, pro\u010d ko\u010dka odm\u00edt\u00e1 j\u00edst, nej\u00ed nebo nepije, m\u016f\u017ee b\u00fdt mnoho. Na\u0161i odborn\u00edci ze spole\u010dnosti Bozita v\u00e1m porad\u00ed, co m\u016f\u017eete ud\u011blat.\" \/>\n<meta property=\"og:url\" content=\"https:\/\/bozita.com\/cz\/co-mam-delat-kdyz-moje-kocka-neji-nebo-nepije\/\" \/>\n<meta property=\"og:site_name\" content=\"Bozita Czech\" \/>\n<meta property=\"article:modified_time\" content=\"2023-01-13T06:29:48+00:00\" \/>\n<meta property=\"og:image\" content=\"https:\/\/bozita.com\/cz\/wp-content\/uploads\/sites\/12\/2021\/08\/bozita-katt-ater-inte-dricker-inte-krasen-dalig-aptit.jpg\" \/>\n\t<meta property=\"og:image:width\" content=\"800\" \/>\n\t<meta property=\"og:image:height\" content=\"533\" \/>\n\t<meta property=\"og:image:type\" content=\"image\/jpeg\" \/>\n<meta name=\"twitter:card\" content=\"summary_large_image\" \/>\n<!-- \/ Yoast SEO plugin. -->","yoast_head_json":{"title":"Co m\u00e1m d\u011blat, kdy\u017e moje ko\u010dka nej\u00ed nebo nepije? - Bozita Czech","description":"D\u016fvod\u016f, pro\u010d ko\u010dka odm\u00edt\u00e1 j\u00edst, nej\u00ed nebo nepije, m\u016f\u017ee b\u00fdt mnoho. Na\u0161i odborn\u00edci ze spole\u010dnosti Bozita v\u00e1m porad\u00ed, co m\u016f\u017eete ud\u011blat.","robots":{"index":"index","follow":"follow","max-snippet":"max-snippet:-1","max-image-preview":"max-image-preview:large","max-video-preview":"max-video-preview:-1"},"canonical":"https:\/\/bozita.com\/cz\/co-mam-delat-kdyz-moje-kocka-neji-nebo-nepije\/","og_locale":"cs_CZ","og_type":"article","og_title":"Co m\u00e1m d\u011blat, kdy\u017e moje ko\u010dka nej\u00ed nebo nepije? - Bozita Czech","og_description":"D\u016fvod\u016f, pro\u010d ko\u010dka odm\u00edt\u00e1 j\u00edst, nej\u00ed nebo nepije, m\u016f\u017ee b\u00fdt mnoho. Na\u0161i odborn\u00edci ze spole\u010dnosti Bozita v\u00e1m porad\u00ed, co m\u016f\u017eete ud\u011blat.","og_url":"https:\/\/bozita.com\/cz\/co-mam-delat-kdyz-moje-kocka-neji-nebo-nepije\/","og_site_name":"Bozita Czech","article_modified_time":"2023-01-13T06:29:48+00:00","og_image":[{"width":800,"height":533,"url":"https:\/\/bozita.com\/cz\/wp-content\/uploads\/sites\/12\/2021\/08\/bozita-katt-ater-inte-dricker-inte-krasen-dalig-aptit.jpg","type":"image\/jpeg"}],"twitter_card":"summary_large_image","schema":{"@context":"https:\/\/schema.org","@graph":[{"@type":"WebPage","@id":"https:\/\/bozita.com\/cz\/co-mam-delat-kdyz-moje-kocka-neji-nebo-nepije\/","url":"https:\/\/bozita.com\/cz\/co-mam-delat-kdyz-moje-kocka-neji-nebo-nepije\/","name":"Co m\u00e1m d\u011blat, kdy\u017e moje ko\u010dka nej\u00ed nebo nepije? - Bozita Czech","isPartOf":{"@id":"https:\/\/bozita.com\/cz\/#website"},"datePublished":"2022-08-23T12:44:58+00:00","dateModified":"2023-01-13T06:29:48+00:00","description":"D\u016fvod\u016f, pro\u010d ko\u010dka odm\u00edt\u00e1 j\u00edst, nej\u00ed nebo nepije, m\u016f\u017ee b\u00fdt mnoho. Na\u0161i odborn\u00edci ze spole\u010dnosti Bozita v\u00e1m porad\u00ed, co m\u016f\u017eete ud\u011blat.","breadcrumb":{"@id":"https:\/\/bozita.com\/cz\/co-mam-delat-kdyz-moje-kocka-neji-nebo-nepije\/#breadcrumb"},"inLanguage":"cs","potentialAction":[{"@type":"ReadAction","target":["https:\/\/bozita.com\/cz\/co-mam-delat-kdyz-moje-kocka-neji-nebo-nepije\/"]}]},{"@type":"BreadcrumbList","@id":"https:\/\/bozita.com\/cz\/co-mam-delat-kdyz-moje-kocka-neji-nebo-nepije\/#breadcrumb","itemListElement":[{"@type":"ListItem","position":1,"name":"Home","item":"https:\/\/bozita.com\/cz\/"},{"@type":"ListItem","position":2,"name":"Co m\u00e1m d\u011blat, kdy\u017e moje ko\u010dka nej\u00ed nebo nepije?"}]},{"@type":"WebSite","@id":"https:\/\/bozita.com\/cz\/#website","url":"https:\/\/bozita.com\/cz\/","name":"Bozita Czech","description":"","potentialAction":[{"@type":"SearchAction","target":{"@type":"EntryPoint","urlTemplate":"https:\/\/bozita.com\/cz\/?s={search_term_string}"},"query-input":"required name=search_term_string"}],"inLanguage":"cs"}]}},"_links":{"self":[{"href":"https:\/\/bozita.com\/cz\/wp-json\/wp\/v2\/pages\/7518"}],"collection":[{"href":"https:\/\/bozita.com\/cz\/wp-json\/wp\/v2\/pages"}],"about":[{"href":"https:\/\/bozita.com\/cz\/wp-json\/wp\/v2\/types\/page"}],"author":[{"embeddable":true,"href":"https:\/\/bozita.com\/cz\/wp-json\/wp\/v2\/users\/1"}],"replies":[{"embeddable":true,"href":"https:\/\/bozita.com\/cz\/wp-json\/wp\/v2\/comments?post=7518"}],"version-history":[{"count":14,"href":"https:\/\/bozita.com\/cz\/wp-json\/wp\/v2\/pages\/7518\/revisions"}],"predecessor-version":[{"id":7718,"href":"https:\/\/bozita.com\/cz\/wp-json\/wp\/v2\/pages\/7518\/revisions\/7718"}],"wp:featuredmedia":[{"embeddable":true,"href":"https:\/\/bozita.com\/cz\/wp-json\/wp\/v2\/media\/7519"}],"wp:attachment":[{"href":"https:\/\/bozita.com\/cz\/wp-json\/wp\/v2\/media?parent=7518"}],"curies":[{"name":"wp","href":"https:\/\/api.w.org\/{rel}","templated":true}]}}