{"id":7600,"date":"2022-08-23T13:40:18","date_gmt":"2022-08-23T13:40:18","guid":{"rendered":"https:\/\/bozita.com\/cz\/nejcastejsi-dotazy\/"},"modified":"2022-08-23T13:50:49","modified_gmt":"2022-08-23T13:50:49","slug":"nejcastejsi-dotazy","status":"publish","type":"page","link":"https:\/\/bozita.com\/cz\/nejcastejsi-dotazy\/","title":{"rendered":"Nej\u010dast\u011bj\u0161\u00ed dotazy"},"content":{"rendered":"\t\t<section class=\"small-hero\">\n\t\t\t<div class=\"container\">\n\t\t\t\t<h1 class=\"small-hero-title\">Nej\u010dast\u011bj\u0161\u00ed ot\u00e1zky a odpov\u011bdi<\/h1><p><p>Here, you\u2019ll find the answers to the most common questions our customers ask about our products and manufacturing methods. If you can\u2019t find the answer to your question, you\u2019re always more than welcome to contact us. Contact information can be found in the footer.<\/p>\n<\/p>\t\t\t<\/div>\n\t\t\t<\/div>\n\t\t<\/section>\n\t\n\n\n<section class=\"block faq\">\n\t<div class=\"container\">\n\n\t\t\t\t\t<div id=\"accordion\" class=\"py-5\">\n\t\t\t\t\n\t\t\t\t\t<div class=\"acc-card border-0 \" style=\"\">\n\t\t\t\t\t\t<div class=\"acc-card-header p-0 border-0\" id=\"heading-1\">\n\t\t\t\t\t\t\t<button class=\"btn btn-link accordion-title collapse\" data-toggle=\"collapse\" data-target=\"#collapse-1\" aria-expanded=\"true\" aria-controls=\"#collapse-{{$cnt}}\">\n\t\t\t\t\t\t\t\t<i class=\"fas fa-sort-down text-center d-flex align-items-center justify-content-center h-100\"><\/i>\n\t\t\t\t\t\t\t\tP\u0159\u00edsn\u00e9 z\u00e1kony na ochranu zv\u00ed\u0159at\t\t\t\t\t\t\t<\/button>\n\t\t\t\t\t\t<\/div>\n\t\t\t\t\t\t<div id=\"collapse-1\" class=\"collapse show collapse-content\" aria-labelledby=\"heading-1\" data-parent=\"#accordion\">\n\t\t\t\t\t\t\t<div class=\"acc-card-body accordion-body\">\n\t\t\t\t\t\t\t\t<p>\n\t\t\t\t\t\t\t\t\t\u0160v\u00e9dsk\u00fd z\u00e1kon o ochran\u011b zv\u00ed\u0159at je p\u0159\u00edsn\u011bj\u0161\u00ed ne\u017e z\u00e1kony v ostatn\u00edch zem\u00edch EU a pat\u0159\u00ed k nejp\u0159\u00edsn\u011bj\u0161\u00edm na sv\u011bt\u011b.\u00a0<a title=\"Sustainability \" href=\"https:\/\/bozita.com\/cz\/udrzitelne-pro-zvirata-a-prirodu\/\" data-id=\"15430\">V\u00edce informac\u00ed o na\u0161\u00ed pr\u00e1ci v oblasti udr\u017eitelnosti najdete zde.<\/a>\t\t\t\t\t\t\t\t<\/p>\n\t\t\t\t\t\t\t<\/div>\n\t\t\t\t\t\t<\/div>\n\t\t\t\t\t<\/div>\n\n\t\t\t\t\t\n\t\t\t\t\t<div class=\"acc-card border-0 wow fadeInUp\" style=\"visibility: visible; animation-name: fadeInUp;\">\n\t\t\t\t\t\t<div class=\"acc-card-header p-0 border-0\" id=\"heading-2\">\n\t\t\t\t\t\t\t<button class=\"btn btn-link accordion-title border-0 collapsed\" data-toggle=\"collapse\" data-target=\"#collapse-2\" aria-expanded=\"false\" aria-controls=\"#collapse-{{$cnt}}\">\n\t\t\t\t\t\t\t\t<i class=\"fas fa-sort-down text-center d-flex align-items-center justify-content-center h-100\"><\/i>\n\t\t\t\t\t\t\t\tBez BSE?\t\t\t\t\t\t\t<\/button>\n\t\t\t\t\t\t<\/div>\n\t\t\t\t\t\t<div id=\"collapse-2\" class=\"collapse  collapse-content\" aria-labelledby=\"heading-2\" data-parent=\"#accordion\">\n\t\t\t\t\t\t\t<div class=\"acc-card-body accordion-body\">\n\t\t\t\t\t\t\t\t<p>\n\t\t\t\t\t\t\t\t\t\u0160v\u00e9dsko je jednou z prvn\u00edch zem\u00ed na sv\u011bt\u011b, kterou Sv\u011btov\u00e1 organizace pro zdrav\u00ed zv\u00ed\u0159at (OIE) klasifikovala jako zemi prostou BSE.\u00a0<a title=\"Sustainability \" href=\"https:\/\/bozita.com\/cz\/udrzitelne-pro-zvirata-a-prirodu\/\" data-id=\"15430\">V\u00edce informac\u00ed o na\u0161\u00ed pr\u00e1ci v oblasti udr\u017eitelnosti najdete zde.<\/a>\t\t\t\t\t\t\t\t<\/p>\n\t\t\t\t\t\t\t<\/div>\n\t\t\t\t\t\t<\/div>\n\t\t\t\t\t<\/div>\n\n\t\t\t\t\t\n\t\t\t\t\t<div class=\"acc-card border-0 wow fadeInUp\" style=\"visibility: visible; animation-name: fadeInUp;\">\n\t\t\t\t\t\t<div class=\"acc-card-header p-0 border-0\" id=\"heading-3\">\n\t\t\t\t\t\t\t<button class=\"btn btn-link accordion-title border-0 collapsed\" data-toggle=\"collapse\" data-target=\"#collapse-3\" aria-expanded=\"false\" aria-controls=\"#collapse-{{$cnt}}\">\n\t\t\t\t\t\t\t\t<i class=\"fas fa-sort-down text-center d-flex align-items-center justify-content-center h-100\"><\/i>\n\t\t\t\t\t\t\t\tR\u016fstov\u00e9 hormony?\t\t\t\t\t\t\t<\/button>\n\t\t\t\t\t\t<\/div>\n\t\t\t\t\t\t<div id=\"collapse-3\" class=\"collapse  collapse-content\" aria-labelledby=\"heading-3\" data-parent=\"#accordion\">\n\t\t\t\t\t\t\t<div class=\"acc-card-body accordion-body\">\n\t\t\t\t\t\t\t\t<p>\n\t\t\t\t\t\t\t\t\tPou\u017e\u00edv\u00e1n\u00ed r\u016fstov\u00fdch hormon\u016f v chovu zv\u00ed\u0159at je ve \u0160v\u00e9dsku zak\u00e1z\u00e1no.\u00a0<a title=\"Sustainability \" href=\"https:\/\/bozita.com\/cz\/udrzitelne-pro-zvirata-a-prirodu\/\" data-id=\"15430\">V\u00edce informac\u00ed o na\u0161\u00ed pr\u00e1ci v oblasti udr\u017eitelnosti najdete zde.<\/a>\t\t\t\t\t\t\t\t<\/p>\n\t\t\t\t\t\t\t<\/div>\n\t\t\t\t\t\t<\/div>\n\t\t\t\t\t<\/div>\n\n\t\t\t\t\t\n\t\t\t\t\t<div class=\"acc-card border-0 wow fadeInUp\" style=\"visibility: visible; animation-name: fadeInUp;\">\n\t\t\t\t\t\t<div class=\"acc-card-header p-0 border-0\" id=\"heading-4\">\n\t\t\t\t\t\t\t<button class=\"btn btn-link accordion-title border-0 collapsed\" data-toggle=\"collapse\" data-target=\"#collapse-4\" aria-expanded=\"false\" aria-controls=\"#collapse-{{$cnt}}\">\n\t\t\t\t\t\t\t\t<i class=\"fas fa-sort-down text-center d-flex align-items-center justify-content-center h-100\"><\/i>\n\t\t\t\t\t\t\t\tM\u00e1te v\u00fdrobky bez p\u0161enice?\t\t\t\t\t\t\t<\/button>\n\t\t\t\t\t\t<\/div>\n\t\t\t\t\t\t<div id=\"collapse-4\" class=\"collapse  collapse-content\" aria-labelledby=\"heading-4\" data-parent=\"#accordion\">\n\t\t\t\t\t\t\t<div class=\"acc-card-body accordion-body\">\n\t\t\t\t\t\t\t\t<p>\n\t\t\t\t\t\t\t\t\tAno, cel\u00fd n\u00e1\u0161 sortiment <a title=\"Robur\" href=\"https:\/\/bozita.com\/cz\/products\/bozita-robur-sensitive-single-protein-lamb-rice\/\" data-id=\"6256\">Robur<\/a>\u00a0pro psy je bezlepkov\u00fd a v t\u00e9to \u0159ad\u011b jsme uvedli na trh v\u00fdrobky bez obilovin. Tak\u00e9 cel\u00e1 \u0159ada vlhk\u00fdch krmiv Bozita pro <a title=\"Wet food\" href=\"https:\/\/bozita.com\/cz\/krmivo-pro-psy\/\">psy<\/a> a <a title=\"Wet food\" href=\"https:\/\/bozita.com\/cz\/krmivo-pro-kocky\/\" data-id=\"6259\">ko\u010dky<\/a> neobsahuje p\u0161enici.V na\u0161\u00ed nab\u00eddce such\u00fdch krmiv pro ko\u010dky neobsahuj\u00ed na\u0161e krmiva pro <a href=\"https:\/\/bozita.com\/cz\/products\/bozita-kitten-grain-free-chicken\/\">ko\u0165ata<\/a> <a href=\"https:\/\/bozita.com\/cz\/suche-krmivo\/\">a<\/a> v\u00fdrobky Bozita grain free p\u0161enici.\t\t\t\t\t\t\t\t<\/p>\n\t\t\t\t\t\t\t<\/div>\n\t\t\t\t\t\t<\/div>\n\t\t\t\t\t<\/div>\n\n\t\t\t\t\t\n\t\t\t\t\t<div class=\"acc-card border-0 wow fadeInUp\" style=\"visibility: visible; animation-name: fadeInUp;\">\n\t\t\t\t\t\t<div class=\"acc-card-header p-0 border-0\" id=\"heading-5\">\n\t\t\t\t\t\t\t<button class=\"btn btn-link accordion-title border-0 collapsed\" data-toggle=\"collapse\" data-target=\"#collapse-5\" aria-expanded=\"false\" aria-controls=\"#collapse-{{$cnt}}\">\n\t\t\t\t\t\t\t\t<i class=\"fas fa-sort-down text-center d-flex align-items-center justify-content-center h-100\"><\/i>\n\t\t\t\t\t\t\t\tM\u00e1te na sv\u00e9 v\u00fdrobky z\u00e1ruku chuti?\t\t\t\t\t\t\t<\/button>\n\t\t\t\t\t\t<\/div>\n\t\t\t\t\t\t<div id=\"collapse-5\" class=\"collapse  collapse-content\" aria-labelledby=\"heading-5\" data-parent=\"#accordion\">\n\t\t\t\t\t\t\t<div class=\"acc-card-body accordion-body\">\n\t\t\t\t\t\t\t\t<p>\n\t\t\t\t\t\t\t\t\tAno, m\u00e1me. Na\u0161e v\u00fdrobky maj\u00ed vysokou chutnost a jsme si jisti, \u017ee va\u0161emu psovi nebo ko\u010dce budou chutnat. Pokud se tak nestane, poskytujeme z\u00e1ruku chuti a vr\u00e1t\u00edme v\u00e1m pen\u00edze.  Kontaktujte prodejnu, kde jste produkt zakoupili. <a title=\"Taste guarantee\" href=\"https:\/\/bozita.com\/cz\/zaruka-chuti\/\" data-id=\"6382\">P\u0159e\u010dt\u011bte si v\u00edce o na\u0161\u00ed z\u00e1ruce chuti<\/a>\t\t\t\t\t\t\t\t<\/p>\n\t\t\t\t\t\t\t<\/div>\n\t\t\t\t\t\t<\/div>\n\t\t\t\t\t<\/div>\n\n\t\t\t\t\t\n\t\t\t\t\t<div class=\"acc-card border-0 wow fadeInUp\" style=\"visibility: visible; animation-name: fadeInUp;\">\n\t\t\t\t\t\t<div class=\"acc-card-header p-0 border-0\" id=\"heading-6\">\n\t\t\t\t\t\t\t<button class=\"btn btn-link accordion-title border-0 collapsed\" data-toggle=\"collapse\" data-target=\"#collapse-6\" aria-expanded=\"false\" aria-controls=\"#collapse-{{$cnt}}\">\n\t\t\t\t\t\t\t\t<i class=\"fas fa-sort-down text-center d-flex align-items-center justify-content-center h-100\"><\/i>\n\t\t\t\t\t\t\t\tJak pracujete s udr\u017eitelnost\u00ed?\t\t\t\t\t\t\t<\/button>\n\t\t\t\t\t\t<\/div>\n\t\t\t\t\t\t<div id=\"collapse-6\" class=\"collapse  collapse-content\" aria-labelledby=\"heading-6\" data-parent=\"#accordion\">\n\t\t\t\t\t\t\t<div class=\"acc-card-body accordion-body\">\n\t\t\t\t\t\t\t\t<p>\n\t\t\t\t\t\t\t\t\tMysl\u00edme si, \u017ee ot\u00e1zky \u017eivotn\u00edho prost\u0159ed\u00ed a udr\u017eitelnosti jsou d\u016fle\u017eit\u00e9. Na\u0161e krmivo pro psy a ko\u010dky mus\u00ed b\u00fdt vyr\u00e1b\u011bno co nej\u0161etrn\u011bji a mus\u00ed m\u00edt co nejmen\u0161\u00ed dopad na \u017eivotn\u00ed prost\u0159ed\u00ed. Proto jsme zajistili, aby na\u0161e kuchyn\u011b fungovala v souladu s p\u0159\u00edrodou a vyu\u017e\u00edvala 100 % obnoviteln\u00fdch zdroj\u016f energie. Tak\u00e9 v\u0161echny zbytky j\u00eddla a dal\u0161\u00ed odpad se p\u0159em\u011b\u0148uj\u00ed na bioplyn a pou\u017e\u00edv\u00e1me ekologicky certifikovan\u00e9 metody p\u0159epravy.\u00a0<a title=\"Sustainability \" href=\"https:\/\/bozita.com\/cz\/udrzitelne-pro-zvirata-a-prirodu\/\" data-id=\"15430\">P\u0159e\u010dt\u011bte si v\u00edce o na\u0161\u00ed pr\u00e1ci v oblasti udr\u017eitelnosti zde<\/a>\t\t\t\t\t\t\t\t<\/p>\n\t\t\t\t\t\t\t<\/div>\n\t\t\t\t\t\t<\/div>\n\t\t\t\t\t<\/div>\n\n\t\t\t\t\t\t\t\t<\/div>\n\t\t\t<\/div>\n<\/section>\n\n\n\t<section class=\"block section-promos\">\n\t\t<div class=\"container\">\n\t\t\t<div class=\"row\">\n\t\t\t\t\t\t\t\t\t\t<div class=\"col-md-6\">\n\t\t\t\t\t\t\t<div class=\"card\">\n\t\t\t\t\t\t\t\t\t\t\t\t\t\t\t\t\t<img decoding=\"async\" class=\"card-img-top\" src=\"https:\/\/bozita.com\/cz\/wp-content\/uploads\/sites\/12\/2021\/06\/bozita-about-us.jpeg\" alt=\"\">\n\t\t\t\t\t\t\t\t\t\t\t\t\t\t\t\t<div class=\"card-body\">\n\t\t\t\t\t\t\t\t\t<h5 class=\"card-title\">O Bozit\u011b<\/h5>\n\t\t\t\t\t\t\t\t\t<p class=\"card-text\">Krmivo pro psy a ko\u010dky p\u0159ipravujeme ji\u017e v\u00edce ne\u017e 100 let! V\u0161echna na\u0161e krmiva se vyr\u00e1b\u011bj\u00ed ve V\u00e5rg\u00e5rd\u011b ze surovin nejvy\u0161\u0161\u00ed kvality.<\/p>\n\t\t\t\t\t\t\t\t\t\t\t\t\t\t\t\t\t\t\t<a target=\"\" href=\"https:\/\/bozita.com\/cz\/o-spolecnosti-bozita\/\" class=\"btn btn-white\">O Bozit\u011b<\/a>\n\t\t\t\t\t\t\t\t\t\t\t\t\t\t\t\t\t\t<\/div>\n\t\t\t\t\t\t\t<\/div>\n\t\t\t\t\t\t<\/div>\n\t\t\t\t\t\t\t\t\t\t\t\t<div class=\"col-md-6\">\n\t\t\t\t\t\t\t<div class=\"card\">\n\t\t\t\t\t\t\t\t\t\t\t\t\t\t\t\t\t<img decoding=\"async\" class=\"card-img-top\" src=\"https:\/\/bozita.com\/cz\/wp-content\/uploads\/sites\/12\/2021\/06\/bozita-hallbarhet.jpeg\" alt=\"\">\n\t\t\t\t\t\t\t\t\t\t\t\t\t\t\t\t<div class=\"card-body\">\n\t\t\t\t\t\t\t\t\t<h5 class=\"card-title\">Udr\u017eitelnost <\/h5>\n\t\t\t\t\t\t\t\t\t<p class=\"card-text\">Na\u0161\u00edm c\u00edlem je vyr\u00e1b\u011bt to nejlep\u0161\u00ed krmivo pro psy a ko\u010dky s ohledem na udr\u017eitelnost, \u017eivotn\u00ed prost\u0159ed\u00ed a na\u0161i spole\u010dnou budoucnost.<\/p>\n\t\t\t\t\t\t\t\t\t\t\t\t\t\t\t\t\t\t\t<a target=\"\" href=\"https:\/\/bozita.com\/cz\/udrzitelne-pro-zvirata-a-prirodu\/\" class=\"btn btn-white\">Z\u00e1ruka chuti<\/a>\n\t\t\t\t\t\t\t\t\t\t\t\t\t\t\t\t\t\t<\/div>\n\t\t\t\t\t\t\t<\/div>\n\t\t\t\t\t\t<\/div>\n\t\t\t\t\t\t\t\t\t\t\t\t<div class=\"col-md-6\">\n\t\t\t\t\t\t\t<div class=\"card\">\n\t\t\t\t\t\t\t\t\t\t\t\t\t\t\t\t\t<img decoding=\"async\" class=\"card-img-top\" src=\"https:\/\/bozita.com\/cz\/wp-content\/uploads\/sites\/12\/2021\/06\/bozita-smakgaranti-hundmat-kattmat.jpeg\" alt=\"\">\n\t\t\t\t\t\t\t\t\t\t\t\t\t\t\t\t<div class=\"card-body\">\n\t\t\t\t\t\t\t\t\t<h5 class=\"card-title\">Z\u00e1ruka chuti<\/h5>\n\t\t\t\t\t\t\t\t\t<p class=\"card-text\">S na\u0161\u00ed z\u00e1rukou chuti dostanete sv\u00e9 pen\u00edze zp\u011bt, pokud va\u0161emu psovi nebo ko\u010dce nebude na\u0161e krmivo chutnat.<\/p>\n\t\t\t\t\t\t\t\t\t\t\t\t\t\t\t\t\t\t\t<a target=\"\" href=\"https:\/\/bozita.com\/cz\/zaruka-chuti\/\" class=\"btn btn-white\">Z\u00e1ruka chuti<\/a>\n\t\t\t\t\t\t\t\t\t\t\t\t\t\t\t\t\t\t<\/div>\n\t\t\t\t\t\t\t<\/div>\n\t\t\t\t\t\t<\/div>\n\t\t\t\t\t\t\t\t\t\t\t\t<div class=\"col-md-6\">\n\t\t\t\t\t\t\t<div class=\"card\">\n\t\t\t\t\t\t\t\t\t\t\t\t\t\t\t\t\t<img decoding=\"async\" class=\"card-img-top\" src=\"https:\/\/bozita.com\/cz\/wp-content\/uploads\/sites\/12\/2021\/06\/bozita-miljovanlig-forpackning-tetra-recart.jpeg\" alt=\"\">\n\t\t\t\t\t\t\t\t\t\t\t\t\t\t\t\t<div class=\"card-body\">\n\t\t\t\t\t\t\t\t\t<h5 class=\"card-title\">Balen\u00ed<\/h5>\n\t\t\t\t\t\t\t\t\t<p class=\"card-text\">Mnoho na\u0161ich vlhk\u00fdch krmiv se dod\u00e1v\u00e1 v obalech Tetra Recart &#8211; klimaticky \u0161etrn\u00e9m obalu, kter\u00fd m\u016f\u017eete recyklovat spolu s ostatn\u00edmi pap\u00edrov\u00fdmi obaly.<\/p>\n\t\t\t\t\t\t\t\t\t\t\t\t\t\t\t\t\t\t\t<a target=\"\" href=\"https:\/\/bozita.com\/cz\/tetra-recart-klimaticky-chytry-obal-na-vlhke-krmivo\/\" class=\"btn btn-white\">Tetra Recart\u00ae &#8211; klimaticky \u0161etrn\u00fd obal na vlhk\u00e9 potraviny<\/a>\n\t\t\t\t\t\t\t\t\t\t\t\t\t\t\t\t\t\t<\/div>\n\t\t\t\t\t\t\t<\/div>\n\t\t\t\t\t\t<\/div>\n\t\t\t\t\t\t\t\t\t\t\t\t<div class=\"col-md-6\">\n\t\t\t\t\t\t\t<div class=\"card\">\n\t\t\t\t\t\t\t\t\t\t\t\t\t\t\t\t\t<img decoding=\"async\" class=\"card-img-top\" src=\"https:\/\/bozita.com\/cz\/wp-content\/uploads\/sites\/12\/2021\/06\/bozita-sweden-host-2018-dog-sledding-world-championships.jpg\" alt=\"\">\n\t\t\t\t\t\t\t\t\t\t\t\t\t\t\t\t<div class=\"card-body\">\n\t\t\t\t\t\t\t\t\t<h5 class=\"card-title\">Velvyslanci<\/h5>\n\t\t\t\t\t\t\t\t\t<p class=\"card-text\">Pro\u010d si na\u0161i velvyslanci vybrali Bozitu<\/p>\n\t\t\t\t\t\t\t\t\t\t\t\t\t\t\t\t\t\t\t<a target=\"\" href=\"https:\/\/bozita.com\/cz\/ambasadori\/\" class=\"btn btn-white\">Velvyslanci<\/a>\n\t\t\t\t\t\t\t\t\t\t\t\t\t\t\t\t\t\t<\/div>\n\t\t\t\t\t\t\t<\/div>\n\t\t\t\t\t\t<\/div>\n\t\t\t\t\t\t\t\t\t\t\t\t<div class=\"col-md-6\">\n\t\t\t\t\t\t\t<div class=\"card\">\n\t\t\t\t\t\t\t\t\t\t\t\t\t\t\t\t\t<img decoding=\"async\" class=\"card-img-top\" src=\"https:\/\/bozita.com\/cz\/wp-content\/uploads\/sites\/12\/2021\/06\/bozita-tassalyckan-katthem-provsmakare-produktutveckling.jpeg\" alt=\"\">\n\t\t\t\t\t\t\t\t\t\t\t\t\t\t\t\t<div class=\"card-body\">\n\t\t\t\t\t\t\t\t\t<h5 class=\"card-title\">N\u00e1\u0161 testovac\u00ed panel<\/h5>\n\t\t\t\t\t\t\t\t\t<p class=\"card-text\">V domov\u011b Tassalyckan \u017eije asi t\u0159icet ko\u010dek, kter\u00e9 n\u00e1m pom\u00e1haj\u00ed ochutn\u00e1vat a vyv\u00edjet na\u0161e such\u00e9 a vlhk\u00e9 krmivo pro ko\u010dky.<\/p>\n\t\t\t\t\t\t\t\t\t\t\t\t\t\t\t\t\t\t\t<a target=\"\" href=\"https:\/\/bozita.com\/cz\/kocici-domov-tassalycka\/\" class=\"btn btn-white\">Domov pro ko\u010dky Tassalyckan<\/a>\n\t\t\t\t\t\t\t\t\t\t\t\t\t\t\t\t\t\t<\/div>\n\t\t\t\t\t\t\t<\/div>\n\t\t\t\t\t\t<\/div>\n\t\t\t\t\t\t\t\t\t<\/div>\n\t\t<\/div>\n\t<\/section>\n","protected":false},"excerpt":{"rendered":"","protected":false},"author":4,"featured_media":6400,"parent":0,"menu_order":0,"comment_status":"closed","ping_status":"closed","template":"guternberg.php","meta":{"footnotes":""},"acf":[],"yoast_head":"<!-- This site is optimized with the Yoast SEO plugin v21.3 - https:\/\/yoast.com\/wordpress\/plugins\/seo\/ -->\n<title>Nej\u010dast\u011bj\u0161\u00ed dotazy - Bozita Czech<\/title>\n<meta name=\"description\" content=\"Zde najdete odpov\u011bdi na nej\u010dast\u011bj\u0161\u00ed dotazy t\u00fdkaj\u00edc\u00ed se na\u0161ich v\u00fdrobk\u016f a na\u0161\u00ed v\u00fdroby. Pokud nenajdete odpov\u011b\u010f na svou ot\u00e1zku, m\u016f\u017eete n\u00e1s v\u017edy kontaktovat. Kontaktn\u00ed informace najdete v z\u00e1pat\u00ed.\" \/>\n<meta name=\"robots\" content=\"index, follow, max-snippet:-1, max-image-preview:large, max-video-preview:-1\" \/>\n<link rel=\"canonical\" href=\"https:\/\/bozita.com\/cz\/nejcastejsi-dotazy\/\" \/>\n<meta property=\"og:locale\" content=\"cs_CZ\" \/>\n<meta property=\"og:type\" content=\"article\" \/>\n<meta property=\"og:title\" content=\"Nej\u010dast\u011bj\u0161\u00ed dotazy - Bozita Czech\" \/>\n<meta property=\"og:description\" content=\"Zde najdete odpov\u011bdi na nej\u010dast\u011bj\u0161\u00ed dotazy t\u00fdkaj\u00edc\u00ed se na\u0161ich v\u00fdrobk\u016f a na\u0161\u00ed v\u00fdroby. Pokud nenajdete odpov\u011b\u010f na svou ot\u00e1zku, m\u016f\u017eete n\u00e1s v\u017edy kontaktovat. Kontaktn\u00ed informace najdete v z\u00e1pat\u00ed.\" \/>\n<meta property=\"og:url\" content=\"https:\/\/bozita.com\/cz\/nejcastejsi-dotazy\/\" \/>\n<meta property=\"og:site_name\" content=\"Bozita Czech\" \/>\n<meta property=\"article:modified_time\" content=\"2022-08-23T13:50:49+00:00\" \/>\n<meta property=\"og:image\" content=\"https:\/\/bozita.com\/cz\/wp-content\/uploads\/sites\/12\/2021\/08\/bozita_swedish-natural-quality.jpg\" \/>\n\t<meta property=\"og:image:width\" content=\"800\" \/>\n\t<meta property=\"og:image:height\" content=\"533\" \/>\n\t<meta property=\"og:image:type\" content=\"image\/jpeg\" \/>\n<meta name=\"twitter:card\" content=\"summary_large_image\" \/>\n<!-- \/ Yoast SEO plugin. -->","yoast_head_json":{"title":"Nej\u010dast\u011bj\u0161\u00ed dotazy - Bozita Czech","description":"Zde najdete odpov\u011bdi na nej\u010dast\u011bj\u0161\u00ed dotazy t\u00fdkaj\u00edc\u00ed se na\u0161ich v\u00fdrobk\u016f a na\u0161\u00ed v\u00fdroby. Pokud nenajdete odpov\u011b\u010f na svou ot\u00e1zku, m\u016f\u017eete n\u00e1s v\u017edy kontaktovat. Kontaktn\u00ed informace najdete v z\u00e1pat\u00ed.","robots":{"index":"index","follow":"follow","max-snippet":"max-snippet:-1","max-image-preview":"max-image-preview:large","max-video-preview":"max-video-preview:-1"},"canonical":"https:\/\/bozita.com\/cz\/nejcastejsi-dotazy\/","og_locale":"cs_CZ","og_type":"article","og_title":"Nej\u010dast\u011bj\u0161\u00ed dotazy - Bozita Czech","og_description":"Zde najdete odpov\u011bdi na nej\u010dast\u011bj\u0161\u00ed dotazy t\u00fdkaj\u00edc\u00ed se na\u0161ich v\u00fdrobk\u016f a na\u0161\u00ed v\u00fdroby. Pokud nenajdete odpov\u011b\u010f na svou ot\u00e1zku, m\u016f\u017eete n\u00e1s v\u017edy kontaktovat. Kontaktn\u00ed informace najdete v z\u00e1pat\u00ed.","og_url":"https:\/\/bozita.com\/cz\/nejcastejsi-dotazy\/","og_site_name":"Bozita Czech","article_modified_time":"2022-08-23T13:50:49+00:00","og_image":[{"width":800,"height":533,"url":"https:\/\/bozita.com\/cz\/wp-content\/uploads\/sites\/12\/2021\/08\/bozita_swedish-natural-quality.jpg","type":"image\/jpeg"}],"twitter_card":"summary_large_image","schema":{"@context":"https:\/\/schema.org","@graph":[{"@type":"WebPage","@id":"https:\/\/bozita.com\/cz\/nejcastejsi-dotazy\/","url":"https:\/\/bozita.com\/cz\/nejcastejsi-dotazy\/","name":"Nej\u010dast\u011bj\u0161\u00ed dotazy - Bozita Czech","isPartOf":{"@id":"https:\/\/bozita.com\/cz\/#website"},"datePublished":"2022-08-23T13:40:18+00:00","dateModified":"2022-08-23T13:50:49+00:00","description":"Zde najdete odpov\u011bdi na nej\u010dast\u011bj\u0161\u00ed dotazy t\u00fdkaj\u00edc\u00ed se na\u0161ich v\u00fdrobk\u016f a na\u0161\u00ed v\u00fdroby. Pokud nenajdete odpov\u011b\u010f na svou ot\u00e1zku, m\u016f\u017eete n\u00e1s v\u017edy kontaktovat. Kontaktn\u00ed informace najdete v z\u00e1pat\u00ed.","breadcrumb":{"@id":"https:\/\/bozita.com\/cz\/nejcastejsi-dotazy\/#breadcrumb"},"inLanguage":"cs","potentialAction":[{"@type":"ReadAction","target":["https:\/\/bozita.com\/cz\/nejcastejsi-dotazy\/"]}]},{"@type":"BreadcrumbList","@id":"https:\/\/bozita.com\/cz\/nejcastejsi-dotazy\/#breadcrumb","itemListElement":[{"@type":"ListItem","position":1,"name":"Home","item":"https:\/\/bozita.com\/cz\/"},{"@type":"ListItem","position":2,"name":"Nej\u010dast\u011bj\u0161\u00ed dotazy"}]},{"@type":"WebSite","@id":"https:\/\/bozita.com\/cz\/#website","url":"https:\/\/bozita.com\/cz\/","name":"Bozita Czech","description":"","potentialAction":[{"@type":"SearchAction","target":{"@type":"EntryPoint","urlTemplate":"https:\/\/bozita.com\/cz\/?s={search_term_string}"},"query-input":"required name=search_term_string"}],"inLanguage":"cs"}]}},"_links":{"self":[{"href":"https:\/\/bozita.com\/cz\/wp-json\/wp\/v2\/pages\/7600"}],"collection":[{"href":"https:\/\/bozita.com\/cz\/wp-json\/wp\/v2\/pages"}],"about":[{"href":"https:\/\/bozita.com\/cz\/wp-json\/wp\/v2\/types\/page"}],"author":[{"embeddable":true,"href":"https:\/\/bozita.com\/cz\/wp-json\/wp\/v2\/users\/4"}],"replies":[{"embeddable":true,"href":"https:\/\/bozita.com\/cz\/wp-json\/wp\/v2\/comments?post=7600"}],"version-history":[{"count":14,"href":"https:\/\/bozita.com\/cz\/wp-json\/wp\/v2\/pages\/7600\/revisions"}],"predecessor-version":[{"id":7622,"href":"https:\/\/bozita.com\/cz\/wp-json\/wp\/v2\/pages\/7600\/revisions\/7622"}],"wp:featuredmedia":[{"embeddable":true,"href":"https:\/\/bozita.com\/cz\/wp-json\/wp\/v2\/media\/6400"}],"wp:attachment":[{"href":"https:\/\/bozita.com\/cz\/wp-json\/wp\/v2\/media?parent=7600"}],"curies":[{"name":"wp","href":"https:\/\/api.w.org\/{rel}","templated":true}]}}