{"id":20453,"date":"2023-09-06T10:31:28","date_gmt":"2023-09-06T10:31:28","guid":{"rendered":"https:\/\/bozita.com\/de\/?page_id=20453"},"modified":"2025-11-20T10:26:22","modified_gmt":"2025-11-20T10:26:22","slug":"unsere-philosophie","status":"publish","type":"page","link":"https:\/\/bozita.com\/de\/unsere-philosophie\/","title":{"rendered":"Unsere Philosophie"},"content":{"rendered":"<section class=\"small-hero-with-gradient-overlay version-1\">\n\t\t\t\t\t\t\t\t<img decoding=\"async\" class=\"background-image\" src=\"https:\/\/bozita.com\/de\/wp-content\/uploads\/sites\/8\/2023\/08\/bozita-our-philosophy-hero.jpg\" alt=\"\">\n\t\t\t\t\t\t\t\n\t\t<div class=\"overlay\">\n\t\t\t<div class=\"container\">\n\t\t\t\t<div class=\"row\">\n\t\t\t\t<div class=\"col-md-6 col-lg-4 text-center\">\n\t\t\t\t\t\t\t\t\t\t\t\t\t<img decoding=\"async\" class=\"image\" src=\"https:\/\/bozita.com\/de\/wp-content\/uploads\/sites\/8\/2024\/01\/BOZ_Compass_POS_CMYK-TEST.png\" alt=\"\">\n\t\t\t\t\t\t\t\t\t\t\t\t<\/div>\n\t\t\t\t\t<div class=\"col-md-6 col-lg-8\">\n\t\t\t\t\t\t<h5>DER BOZITA KOMPASS<\/h5><h1>Unsere Philosophie<\/h1><p><h4>Unsere Philosophie ist in unserem Kompass zusammengefasst.<\/h4>\n<p>Unser Ziel ist es, f\u00fcr unsere Haustiere genauso gut zu sein wie f\u00fcr unsere Umwelt. Der Kompass weist uns den Weg und enth\u00e4lt die f\u00fcnf Werte und Prinzipien, die das Futter von Bozita unschlagbar machen: hochwertiges und nahrhaftes Futter, das in Schweden aus erstklassigen nat\u00fcrlichen Zutaten und ohne unn\u00f6tige Zusatzstoffe hergestellt wird. Gleicherma\u00dfen gut f\u00fcr Haustiere und f\u00fcr die Welt, in der wir leben.<\/p>\n<p>LET BOZITA LEAD THE WAY<\/p>\n<\/p>\t\t\t\t\t<\/div>               \n\t\t\t\t<\/div>\n\t\t\t<\/div>\n\t\t<\/div>\n\t<\/section>\n\t\t\n\n\n\t<section class=\"block two-column-image-with-textbox \">\n\t\t<div class=\"container\">\n\t\t\t\t\t\t\t\t<div class=\"mb-5 no-gutters row align-items-center \n\t\t\t\t\t\t\t\t\t\t\t\t\t\t\t\t\t\t\t\t\t\t\t\">\n\t\t\t\t\t\t<div class=\"col-md-6\">\n\t\t\t\t\t\t\t\t\t\t\t\t\t\t\t\t<figure>\n\t\t\t\t\t\t\t\t\t\t\t\t\t\t\t\t\t\t\t\t\t<img decoding=\"async\" class=\"\" src=\"https:\/\/bozita.com\/de\/wp-content\/uploads\/sites\/8\/2023\/08\/bozita-our-philosophy-made-in-sweden.jpg\" alt=\"\">\n\t\t\t\t\t\t\t\t\t\t\t\t\t\t\t\t\t\t\t\t\t\t\t\t\t\t\t\t\t\t\t<img decoding=\"async\" class=\"logo\" src=\"https:\/\/bozita.com\/de\/wp-content\/uploads\/sites\/8\/2023\/08\/Our-Philosophy-Compass_Made-In-Sweden.svg\" alt=\"\">\n\t\t\t\t\t\t\t\t\t\t\t\t\t\t\t\t\t\t\t<\/figure>\n\t\t\t\t\t\t\t\t\t\t\t\t\t\t\t<\/div>\n\t\t\t\t\t\t<div class=\"col-md-6\">\n\t\t\t\t\t\t\t<div class=\"content-wrap\">\n\t\t\t\t\t\t\t\t<h2>Hergestellt in Schweden <\/h2><p><p><strong>Fast alle unsere Produkte werden in V\u00e5rg\u00e5rda, Schweden, hergestellt und unsere Produktion ist schon seit langem lebensmittelzertifiziert.<\/strong><\/p>\n<p>Die Zutaten stammen so weit wie m\u00f6glich von schwedischen Bauern und Lieferanten, die wir kennen und denen wir vertrauen. Wir legen Wert auf qualitativ hochwertige Zutaten, weil wir wissen, wie wichtig es ist, deinem pelzigen Begleiter das Beste zu geben.<\/p>\n <\/p>\t\t\t\t\t\t\t\t\t<a target=\"\" href=\"https:\/\/bozita.com\/de\/unsere-philosophie\/herstellt-in-schweden\/\" class=\"btn btn-white\">LIES MEHR<\/a>\n\t\t\t\t\t\t\t\t\t\t\t\t\t\t\t\t<\/div>\n\t\t\t\t\t\t<\/div>\n\t\t\t\t\t<\/div>\n\t\t\t\t\t\t\t\t\t\t<div class=\"mb-5 no-gutters row align-items-center \n\t\t\t\t\tflex-row-reverse\t\t\t\t\t\t\t\t\t\t\t\t\t\t\t\t\t\t\">\n\t\t\t\t\t\t<div class=\"col-md-6\">\n\t\t\t\t\t\t\t\t\t\t\t\t\t\t\t\t<figure>\n\t\t\t\t\t\t\t\t\t\t\t\t\t\t\t\t\t\t\t\t\t<img decoding=\"async\" class=\"\" src=\"https:\/\/bozita.com\/de\/wp-content\/uploads\/sites\/8\/2023\/08\/bozita-our-philosophy-pure-ingredients.jpg\" alt=\"\">\n\t\t\t\t\t\t\t\t\t\t\t\t\t\t\t\t\t\t\t\t\t\t\t\t\t\t\t\t\t\t\t<img decoding=\"async\" class=\"logo\" src=\"https:\/\/bozita.com\/de\/wp-content\/uploads\/sites\/8\/2023\/08\/Our-Philosophy-Compass_Pure-Ingredients.svg\" alt=\"\">\n\t\t\t\t\t\t\t\t\t\t\t\t\t\t\t\t\t\t\t<\/figure>\n\t\t\t\t\t\t\t\t\t\t\t\t\t\t\t<\/div>\n\t\t\t\t\t\t<div class=\"col-md-6\">\n\t\t\t\t\t\t\t<div class=\"content-wrap\">\n\t\t\t\t\t\t\t\t<h2>Reine Zutaten <\/h2><p><p><strong>100 % Qualit\u00e4t und aus nat\u00fcrlichen Zutaten hergestellt.<\/strong><\/p>\n<p>Wir verwenden schmackhafte und frisch zubereitete Zutaten f\u00fcr unser Futter, nat\u00fcrlich ohne Zuckerzusatz. Unsere Haustiere verdienen genauso gutes Essen wie wir, deshalb verwenden wir nur tierische Zutaten von Tieren, die f\u00fcr den menschlichen Verzehr zugelassen sind.<\/p>\n <\/p>\t\t\t\t\t\t\t\t\t<a target=\"\" href=\"https:\/\/bozita.com\/de\/unsere-philosophie\/reine-zutaten\/\" class=\"btn btn-white\">LIES MEHR<\/a>\n\t\t\t\t\t\t\t\t\t\t\t\t\t\t\t\t<\/div>\n\t\t\t\t\t\t<\/div>\n\t\t\t\t\t<\/div>\n\t\t\t\t\t\t\t\t\t\t<div class=\"mb-5 no-gutters row align-items-center \n\t\t\t\t\t\t\t\t\t\t\t\t\t\t\t\t\t\t\t\t\t\t\t\">\n\t\t\t\t\t\t<div class=\"col-md-6\">\n\t\t\t\t\t\t\t\t\t\t\t\t\t\t\t\t<figure>\n\t\t\t\t\t\t\t\t\t\t\t\t\t\t\t\t\t\t\t\t\t<img decoding=\"async\" class=\"\" src=\"https:\/\/bozita.com\/de\/wp-content\/uploads\/sites\/8\/2023\/08\/bozita-our-philosophy-sustainable-at-heart.jpg\" alt=\"\">\n\t\t\t\t\t\t\t\t\t\t\t\t\t\t\t\t\t\t\t\t\t\t\t\t\t\t\t\t\t\t\t<img decoding=\"async\" class=\"logo\" src=\"https:\/\/bozita.com\/de\/wp-content\/uploads\/sites\/8\/2023\/08\/Our-Philosophy-Compass_Sustainable-At-Heart.svg\" alt=\"\">\n\t\t\t\t\t\t\t\t\t\t\t\t\t\t\t\t\t\t\t<\/figure>\n\t\t\t\t\t\t\t\t\t\t\t\t\t\t\t<\/div>\n\t\t\t\t\t\t<div class=\"col-md-6\">\n\t\t\t\t\t\t\t<div class=\"content-wrap\">\n\t\t\t\t\t\t\t\t<h2>Von Herzen nachhaltig <\/h2><p><p><strong>Unsere Produktion wird zu 100 % mit Strom aus erneuerbaren Energiequellen betrieben.<\/strong><\/p>\n<p>Wir haben unser Unternehmen auf dauerhafte Beziehungen aufgebaut &#8211; und das gilt auch f\u00fcr unsere Beziehung zur Natur. Jeder potenzielle Abfall, den wir produzieren, wird in Biogas umgewandelt. Wir sind bestrebt, unser Ziel zu erreichen, 100 % unseres Verpackungsmaterials recycelbar zu machen.<\/p>\n <\/p>\t\t\t\t\t\t\t\t\t<a target=\"\" href=\"https:\/\/bozita.com\/de\/unsere-philosophie\/von-herzen-nachhaltig\/\" class=\"btn btn-white\">LIES MEHR<\/a>\n\t\t\t\t\t\t\t\t\t\t\t\t\t\t\t\t<\/div>\n\t\t\t\t\t\t<\/div>\n\t\t\t\t\t<\/div>\n\t\t\t\t\t\t\t\t\t\t<div class=\"mb-5 no-gutters row align-items-center \n\t\t\t\t\tflex-row-reverse\t\t\t\t\t\t\t\t\t\t\t\t\t\t\t\t\t\t\">\n\t\t\t\t\t\t<div class=\"col-md-6\">\n\t\t\t\t\t\t\t\t\t\t\t\t\t\t\t\t<figure>\n\t\t\t\t\t\t\t\t\t\t\t\t\t\t\t\t\t\t\t\t\t<img decoding=\"async\" class=\"\" src=\"https:\/\/bozita.com\/de\/wp-content\/uploads\/sites\/8\/2024\/01\/bozita-sheltie-forest-sweden-our-philosophy-v1.jpg\" alt=\"\">\n\t\t\t\t\t\t\t\t\t\t\t\t\t\t\t\t\t\t\t\t\t\t\t\t\t\t\t\t\t\t\t<img decoding=\"async\" class=\"logo\" src=\"https:\/\/bozita.com\/de\/wp-content\/uploads\/sites\/8\/2023\/08\/Our-Philosophy-Compass_Wholesome-Nutrition.svg\" alt=\"\">\n\t\t\t\t\t\t\t\t\t\t\t\t\t\t\t\t\t\t\t<\/figure>\n\t\t\t\t\t\t\t\t\t\t\t\t\t\t\t<\/div>\n\t\t\t\t\t\t<div class=\"col-md-6\">\n\t\t\t\t\t\t\t<div class=\"content-wrap\">\n\t\t\t\t\t\t\t\t<h2>Gesunde Ern\u00e4hrung <\/h2><p><p><strong>Die richtige Ern\u00e4hrung ist entscheidend f\u00fcr unser Wohlbefinden und das gilt auch f\u00fcr Tiere.<\/strong><\/p>\n<p>Unsere Rezepte wurden von Ern\u00e4hrungswissenschaftlern entwickelt, die sich auf Hunde und Katzen spezialisiert haben. So kannst du sicher sein, dass dein Haustier die richtigen Proteine, Fette, Mineralien und Vitamine erh\u00e4lt &#8211; und zwar im richtigen Verh\u00e4ltnis.<\/p>\n <\/p>\t\t\t\t\t\t\t\t\t<a target=\"\" href=\"https:\/\/bozita.com\/de\/unsere-philosophie\/gesunde-ernaehrung\/\" class=\"btn btn-white\">LIES MEHR<\/a>\n\t\t\t\t\t\t\t\t\t\t\t\t\t\t\t\t<\/div>\n\t\t\t\t\t\t<\/div>\n\t\t\t\t\t<\/div>\n\t\t\t\t\t\t\t\t\t\t<div class=\"mb-5 no-gutters row align-items-center \n\t\t\t\t\t\t\t\t\t\t\t\t\t\t\t\t\t\t\t\t\t\t\t\">\n\t\t\t\t\t\t<div class=\"col-md-6\">\n\t\t\t\t\t\t\t\t\t\t\t\t\t\t\t\t<figure>\n\t\t\t\t\t\t\t\t\t\t\t\t\t\t\t\t\t\t\t\t\t<img decoding=\"async\" class=\"\" src=\"https:\/\/bozita.com\/de\/wp-content\/uploads\/sites\/8\/2023\/08\/bozita-our-philosophy-respect-for-animals.jpg\" alt=\"\">\n\t\t\t\t\t\t\t\t\t\t\t\t\t\t\t\t\t\t\t\t\t\t\t\t\t\t\t\t\t\t\t<img decoding=\"async\" class=\"logo\" src=\"https:\/\/bozita.com\/de\/wp-content\/uploads\/sites\/8\/2023\/08\/Our-Philosophy-Compass_Respect-For-Animals.svg\" alt=\"\">\n\t\t\t\t\t\t\t\t\t\t\t\t\t\t\t\t\t\t\t<\/figure>\n\t\t\t\t\t\t\t\t\t\t\t\t\t\t\t<\/div>\n\t\t\t\t\t\t<div class=\"col-md-6\">\n\t\t\t\t\t\t\t<div class=\"content-wrap\">\n\t\t\t\t\t\t\t\t<h2>Respekt f\u00fcr Tiere <\/h2><p><p><strong>Wir wissen, wie wertvoll Tiere sind: Ohne sie k\u00f6nnte unser Unternehmen nicht existieren.<\/strong><\/p>\n<p>Deshalb verwenden wir in unseren Produkten so weit wie m\u00f6glich Zutaten aus der schwedischen Wildnis und arbeiten mit Produzenten zusammen, die unsere Philosophie teilen. So stellen wir sicher, dass bei allem, was wir tun, die W\u00fcrde der Tiere gesch\u00fctzt wird und sie die Nahrung erhalten, die sie brauchen.<\/p>\n <\/p>\t\t\t\t\t\t\t\t\t<a target=\"\" href=\"https:\/\/bozita.com\/de\/unsere-philosophie\/respekt-fuer-tiere\/\" class=\"btn btn-white\">LIES MEHR<\/a>\n\t\t\t\t\t\t\t\t\t\t\t\t\t\t\t\t<\/div>\n\t\t\t\t\t\t<\/div>\n\t\t\t\t\t<\/div>\n\t\t\t\t\t\t\t<\/div>\n\t<\/section>\n\n\n\t<section class=\"block discover-our-product\">\n\t\t<div class=\"container\">\n\t\t\t\t\t\t\t<h5>\n\t\t\t\t\tSWEDISH NATURAL QUALITY\t\t\t\t<\/h5>\n\t\t\t\t\t\t\t\t\t\t\t<h2>\n\t\t\t\t\tEntdecke unsere Produkte\t\t\t\t<\/h2>\n\n\t\t\t\t\t\t\t\n\t\t\t<div class=\"row align-items-center\">\n\t\t\t\t<div class=\"col-md-6\">\n\t\t\t\t\t<div class=\"\">\n\t\t\t\t\t\t\t\t\t\t\t\t<img decoding=\"async\" src=\"https:\/\/bozita.com\/de\/wp-content\/uploads\/sites\/8\/2025\/11\/CatDogCompass.png\" alt=\"\">\n\t\t\t\t\t\t\t\t\t\t\t<\/div>\n\t\t\t\t<\/div>\n\t\t\t\t<div class=\"col-md-6\">\n\t\t\t\t\t<p><strong>Bei der schwedisch nat\u00fcrlichen Qualit\u00e4t geht es um mehr als nur um das Essen in der Sch\u00fcssel. Sie pr\u00e4gt jeden Teil unseres Prozesses, von den Zutaten, die wir verwenden, bis hin zur K\u00fcche, in der wir kochen.<\/strong><\/p>\n<p>Nach mehr als einem Jahrhundert haben wir gelernt, dass die Art und Weise, wie wir unser Katzen- und Hundefutter herstellen, genauso wichtig ist wie sein Geschmack. Mit nat\u00fcrlichen Zutaten und Herstellungsmethoden, die wir in jahrzehntelanger, liebevoller Arbeit sorgf\u00e4ltig verfeinert haben, stellen wir Katzen- und Hundefutter her, das die schwedische Wildnis widerspiegelt &#8211; und deshalb nennen wir es die schwedisch nat\u00fcrliche Qualit\u00e4t.<\/p>\n\t\t\t\t\t<div class=\"cta-button\">\n\t\t\t\t\t\t\t\t\t\t\t\t\t<a target=\"\" href=\"https:\/\/bozita.com\/de\/hundefutter\/\" class=\"btn btn-primary\">\n\t\t\t\t\t\t\t\tENTDECKE HUNDEFUTTER\t\t\t\t\t\t\t<\/a>\n\t\t\t\t\t\t\t\t\t\t\t\t\t\t\t\t\t\t\t\t<a target=\"\" href=\"https:\/\/bozita.com\/de\/katzenfutter\/\" class=\"btn btn-primary\">\n\t\t\t\t\t\t\t\tENTDECKE KATZENFUTTER\t\t\t\t\t\t\t<\/a>\n\t\t\t\t\t\t\t\t\t\t\t\t<\/div>\n\t\t\t\t<\/div>\n\t\t\t<\/div>\n\t\t<\/div>\n\t<\/section>\n","protected":false},"excerpt":{"rendered":"","protected":false},"author":1,"featured_media":0,"parent":0,"menu_order":0,"comment_status":"closed","ping_status":"closed","template":"guternberg.php","meta":{"footnotes":""},"acf":[],"yoast_head":"<!-- This site is optimized with the Yoast SEO plugin v21.3 - https:\/\/yoast.com\/wordpress\/plugins\/seo\/ -->\n<title>Unsere Philosophie | Bozita DE<\/title>\n<meta name=\"robots\" content=\"index, follow, max-snippet:-1, max-image-preview:large, max-video-preview:-1\" \/>\n<link rel=\"canonical\" href=\"https:\/\/bozita.com\/de\/unsere-philosophie\/\" \/>\n<meta property=\"og:locale\" content=\"de_DE\" \/>\n<meta property=\"og:type\" content=\"article\" \/>\n<meta property=\"og:title\" content=\"Unsere Philosophie | Bozita DE\" \/>\n<meta property=\"og:url\" content=\"https:\/\/bozita.com\/de\/unsere-philosophie\/\" \/>\n<meta property=\"og:site_name\" content=\"Bozita DE\" \/>\n<meta property=\"article:modified_time\" content=\"2025-11-20T10:26:22+00:00\" \/>\n<meta name=\"twitter:card\" content=\"summary_large_image\" \/>\n<!-- \/ Yoast SEO plugin. -->","yoast_head_json":{"title":"Unsere Philosophie | Bozita DE","robots":{"index":"index","follow":"follow","max-snippet":"max-snippet:-1","max-image-preview":"max-image-preview:large","max-video-preview":"max-video-preview:-1"},"canonical":"https:\/\/bozita.com\/de\/unsere-philosophie\/","og_locale":"de_DE","og_type":"article","og_title":"Unsere Philosophie | Bozita DE","og_url":"https:\/\/bozita.com\/de\/unsere-philosophie\/","og_site_name":"Bozita DE","article_modified_time":"2025-11-20T10:26:22+00:00","twitter_card":"summary_large_image","schema":{"@context":"https:\/\/schema.org","@graph":[{"@type":"WebPage","@id":"https:\/\/bozita.com\/de\/unsere-philosophie\/","url":"https:\/\/bozita.com\/de\/unsere-philosophie\/","name":"Unsere Philosophie | Bozita DE","isPartOf":{"@id":"https:\/\/bozita.com\/de\/#website"},"datePublished":"2023-09-06T10:31:28+00:00","dateModified":"2025-11-20T10:26:22+00:00","breadcrumb":{"@id":"https:\/\/bozita.com\/de\/unsere-philosophie\/#breadcrumb"},"inLanguage":"de","potentialAction":[{"@type":"ReadAction","target":["https:\/\/bozita.com\/de\/unsere-philosophie\/"]}]},{"@type":"BreadcrumbList","@id":"https:\/\/bozita.com\/de\/unsere-philosophie\/#breadcrumb","itemListElement":[{"@type":"ListItem","position":1,"name":"Startseite","item":"https:\/\/bozita.com\/de\/"},{"@type":"ListItem","position":2,"name":"Unsere Philosophie"}]},{"@type":"WebSite","@id":"https:\/\/bozita.com\/de\/#website","url":"https:\/\/bozita.com\/de\/","name":"Bozita DE","description":"","potentialAction":[{"@type":"SearchAction","target":{"@type":"EntryPoint","urlTemplate":"https:\/\/bozita.com\/de\/?s={search_term_string}"},"query-input":"required name=search_term_string"}],"inLanguage":"de"}]}},"_links":{"self":[{"href":"https:\/\/bozita.com\/de\/wp-json\/wp\/v2\/pages\/20453"}],"collection":[{"href":"https:\/\/bozita.com\/de\/wp-json\/wp\/v2\/pages"}],"about":[{"href":"https:\/\/bozita.com\/de\/wp-json\/wp\/v2\/types\/page"}],"author":[{"embeddable":true,"href":"https:\/\/bozita.com\/de\/wp-json\/wp\/v2\/users\/1"}],"replies":[{"embeddable":true,"href":"https:\/\/bozita.com\/de\/wp-json\/wp\/v2\/comments?post=20453"}],"version-history":[{"count":54,"href":"https:\/\/bozita.com\/de\/wp-json\/wp\/v2\/pages\/20453\/revisions"}],"predecessor-version":[{"id":30218,"href":"https:\/\/bozita.com\/de\/wp-json\/wp\/v2\/pages\/20453\/revisions\/30218"}],"wp:attachment":[{"href":"https:\/\/bozita.com\/de\/wp-json\/wp\/v2\/media?parent=20453"}],"curies":[{"name":"wp","href":"https:\/\/api.w.org\/{rel}","templated":true}]}}