{"id":20471,"date":"2023-08-31T05:28:10","date_gmt":"2023-08-31T05:28:10","guid":{"rendered":"https:\/\/bozita.com\/de\/?page_id=20471"},"modified":"2024-01-23T09:44:21","modified_gmt":"2024-01-23T09:44:21","slug":"herstellt-in-schweden","status":"publish","type":"page","link":"https:\/\/bozita.com\/de\/unsere-philosophie\/herstellt-in-schweden\/","title":{"rendered":"Herstellt in Schweden"},"content":{"rendered":"\t<section class=\"small-hero-with-gradient-overlay\">\n\t\t\t\t\t\t\t\t<img decoding=\"async\" class=\"background-image\" src=\"https:\/\/bozita.com\/de\/wp-content\/uploads\/sites\/8\/2023\/08\/bozita-our-philosophy-made-in-sweden-hero.jpg\" alt=\"\">\n\t\t\t\t\t\t\t\n\t\t<div class=\"overlay\">\n\t\t\t<div class=\"container\">\n\t\t\t\t<div class=\"row flex-column-reverse flex-md-row\">\n\t\t\t\t\t<div class=\"col-md-6 col-lg-6\">\n\t\t\t\t\t\t<h5>DER BOZITA KOMPASS<\/h5><h1>Hergestellt in Schweden<\/h1><p><p><strong>Unsere K\u00fcche in V\u00e5rg\u00e5rda arbeitet im Einklang mit der Natur, und unsere Produktion ist schon seit langem lebensmittelzertifiziert.<\/strong><\/p>\n<p>Das bedeutet, dass Tierhalter darauf vertrauen k\u00f6nnen, dass unsere Produkte keine f\u00fcr Katzen oder Hunde sch\u00e4dlichen Stoffe enthalten und dass das Futter unter guten Bedingungen zubereitet wird. In erster Linie lieben wir Haustiere und jeden Tag kommen Hunde und Katzen in unsere B\u00fcros und inspirieren uns, die beste und schmackhafteste Nahrung anzubieten.<\/p>\n<\/p>\t\t\t\t\t<\/div>\n\t\t\t\t\t<div class=\"d-none d-lg-block col-lg-1\"><\/div>\n\t\t\t\t\t<div class=\"col-md-6 col-lg-5 text-center\">\n\t\t\t\t\t\t\t\t\t\t\t\t\t<img decoding=\"async\" class=\"image\" src=\"https:\/\/bozita.com\/de\/wp-content\/uploads\/sites\/8\/2023\/08\/Our-Philosophy-Compass_Made-In-Sweden.svg\" alt=\"\">\n\t\t\t\t\t\t\t\t\t\t\t\t<\/div>\n\t\t\t\t<\/div>\n\t\t\t<\/div>\n\t\t<\/div>\n\t<\/section>\n\t\t\n\n\n\t<section class=\"block two-column-image-with-textbox \">\n\t\t<div class=\"container\">\n\t\t\t\t\t\t\t\t<div class=\"mb-5 no-gutters row align-items-center \n\t\t\t\t\t\t\t\t\t\t\t\t\t\t\t\t\t\t\t\t\t\t\t\">\n\t\t\t\t\t\t<div class=\"col-md-6\">\n\t\t\t\t\t\t\t\t\t\t\t\t\t\t\t\t<figure>\n\t\t\t\t\t\t\t\t\t\t\t\t\t\t\t\t\t\t\t\t\t<img decoding=\"async\" class=\"\" src=\"https:\/\/bozita.com\/de\/wp-content\/uploads\/sites\/8\/2024\/01\/23-doggyab-fabriken-vargarda-sommar.jpg\" alt=\"\">\n\t\t\t\t\t\t\t\t\t\t\t\t\t\t\t\t\t\t\t\t\t\t\t\t\t\t\t\t\t<\/figure>\n\t\t\t\t\t\t\t\t\t\t\t\t\t\t\t<\/div>\n\t\t\t\t\t\t<div class=\"col-md-6\">\n\t\t\t\t\t\t\t<div class=\"content-wrap\">\n\t\t\t\t\t\t\t\t<p><p><strong>V\u00e5rg\u00e5rda seit 1903<\/strong><\/p>\n<p>Wir alle glauben, dass unsere Haustiere nur das Beste verdienen. Deshalb haben wir uns der Herstellung von Tiernahrung verschrieben, die nicht nur nahrhaft ist, sondern auch mit unseren Werten der Nachhaltigkeit in Einklang steht. Unsere Tiernahrung wird in V\u00e5rg\u00e5rda hergestellt, einer der \u00e4ltesten und angesehensten Tiernahrungsfabriken in Europa, deren Tradition bis ins Jahr 1903 zur\u00fcckreicht. Dieses langj\u00e4hrige Engagement f\u00fcr Qualit\u00e4t gew\u00e4hrleistet, dass jedes Produkt den h\u00f6chsten Standards entspricht.<\/p>\n<p>Wir sind stolz darauf, wann immer m\u00f6glich lokale schwedische Bauern und Lieferanten zu unterst\u00fctzen. Dadurch wird nicht nur die Gemeinschaft gef\u00f6rdert, sondern auch die Anzahl der Transportkilometer erheblich reduziert.<\/p>\n <\/p>\t\t\t\t\t\t\t<\/div>\n\t\t\t\t\t\t<\/div>\n\t\t\t\t\t<\/div>\n\t\t\t\t\t\t\t<\/div>\n\t<\/section>\n\n\n\n\t<section class=\"block two-column-image-with-textbox \">\n\t\t<div class=\"container\">\n\t\t\t\t\t\t\t\t<div class=\"mb-5 no-gutters row align-items-center \n\t\t\t\t\tflex-row-reverse\t\t\t\t\t\t\t\t\t\t\t\t\t\t\t\t\t\t\">\n\t\t\t\t\t\t<div class=\"col-md-6\">\n\t\t\t\t\t\t\t\t\t\t\t\t\t\t\t\t<figure>\n\t\t\t\t\t\t\t\t\t\t\t\t\t\t\t\t\t\t\t\t\t<img decoding=\"async\" class=\"\" src=\"https:\/\/bozita.com\/de\/wp-content\/uploads\/sites\/8\/2023\/08\/bozita-our-philosophy-made-in-sweden-why-sweden.jpg\" alt=\"\">\n\t\t\t\t\t\t\t\t\t\t\t\t\t\t\t\t\t\t\t\t\t\t\t\t\t\t\t\t\t<\/figure>\n\t\t\t\t\t\t\t\t\t\t\t\t\t\t\t<\/div>\n\t\t\t\t\t\t<div class=\"col-md-6\">\n\t\t\t\t\t\t\t<div class=\"content-wrap\">\n\t\t\t\t\t\t\t\t<p><p><strong>Warum Schweden?<\/strong><\/p>\n<p>Nirgendwo ist es so sch\u00f6n wie in Schweden. Das Land ist reich an Wildtieren, hat eine einzigartige Fauna und eine au\u00dfergew\u00f6hnlich saubere Luft und Wasser. Indem wir unser Futter hier herstellen, k\u00f6nnen wir etwas von dieser Essenz einfangen. Wir sind der Meinung, dass dein Haustier das sogar schmecken kann.<\/p>\n<p>In Schweden befolgen wir die EU-Gesetzgebung und das Wohlergehen der Tiere hat h\u00f6chste Priorit\u00e4t. Seit 1986 ist Schweden f\u00fchrend beim Verbot des pr\u00e4ventiven Einsatzes von Antibiotika in der Tierhaltung. Wir sind der Meinung, dass jedes Tier einen Platz zum Auslaufen verdient. Deshalb bieten wir gr\u00f6\u00dfere Lebensr\u00e4ume, einen st\u00e4ndigen Zugang zu Einstreu und lebende Tiere werden nie l\u00e4nger als 8 Stunden transportiert.<\/p>\n <\/p>\t\t\t\t\t\t\t<\/div>\n\t\t\t\t\t\t<\/div>\n\t\t\t\t\t<\/div>\n\t\t\t\t\t\t\t<\/div>\n\t<\/section>\n\n\n\t<section class=\"block discover-our-product\">\n\t\t<div class=\"container\">\n\t\t\t\t\t\t\t<h5>\n\t\t\t\t\tSCHWEDISCHE NAT\u00dcRLICHE QUALIT\u00c4T\t\t\t\t<\/h5>\n\t\t\t\t\t\t\t\t\t\t\t<h2>\n\t\t\t\t\tEntdecke unsere Produkte\t\t\t\t<\/h2>\n\n\t\t\t\t\t\t\t\n\t\t\t<div class=\"row align-items-center\">\n\t\t\t\t<div class=\"col-md-6\">\n\t\t\t\t\t<div class=\"\">\n\t\t\t\t\t\t\t\t\t\t\t\t<img decoding=\"async\" src=\"https:\/\/bozita.com\/de\/wp-content\/uploads\/sites\/8\/2023\/08\/2308-bozita-hund-kattmat-robur-original-compass-900x793px.png\" alt=\"\">\n\t\t\t\t\t\t\t\t\t\t\t<\/div>\n\t\t\t\t<\/div>\n\t\t\t\t<div class=\"col-md-6\">\n\t\t\t\t\t<p><strong>Bei der schwedisch nat\u00fcrlichen Qualit\u00e4t geht es um mehr als nur um das Essen in der Sch\u00fcssel. Sie pr\u00e4gt jeden Teil unseres Prozesses, von den Zutaten, die wir verwenden, bis hin zur K\u00fcche, in der wir kochen.<\/strong><\/p>\n<p>Nach mehr als einem Jahrhundert haben wir gelernt, dass die Art und Weise, wie wir unser Katzen- und Hundefutter herstellen, genauso wichtig ist wie sein Geschmack. Mit nat\u00fcrlichen Zutaten und Herstellungsmethoden, die wir in jahrzehntelanger, liebevoller Arbeit sorgf\u00e4ltig verfeinert haben, stellen wir Katzen- und Hundefutter her, das die schwedische Wildnis widerspiegelt \u2013 und deshalb nennen wir es die schwedisch nat\u00fcrliche Qualit\u00e4t.<\/p>\n\t\t\t\t\t<div class=\"cta-button\">\n\t\t\t\t\t\t\t\t\t\t\t\t\t<a target=\"\" href=\"https:\/\/bozita.com\/de\/hundefutter\/\" class=\"btn btn-primary\">\n\t\t\t\t\t\t\t\tENTDECKE HUNDEFUTTER\t\t\t\t\t\t\t<\/a>\n\t\t\t\t\t\t\t\t\t\t\t\t\t\t\t\t\t\t\t\t<a target=\"\" href=\"https:\/\/bozita.com\/de\/katzenfutter\/\" class=\"btn btn-primary\">\n\t\t\t\t\t\t\t\tENTDECKE KATZENFUTTER\t\t\t\t\t\t\t<\/a>\n\t\t\t\t\t\t\t\t\t\t\t\t<\/div>\n\t\t\t\t<\/div>\n\t\t\t<\/div>\n\t\t<\/div>\n\t<\/section>\n","protected":false},"excerpt":{"rendered":"","protected":false},"author":1,"featured_media":0,"parent":20453,"menu_order":0,"comment_status":"closed","ping_status":"closed","template":"guternberg.php","meta":{"footnotes":""},"acf":[],"yoast_head":"<!-- This site is optimized with the Yoast SEO plugin v21.3 - https:\/\/yoast.com\/wordpress\/plugins\/seo\/ -->\n<title>Herstellt in Schweden | Bozita DE<\/title>\n<meta name=\"robots\" content=\"index, follow, max-snippet:-1, max-image-preview:large, max-video-preview:-1\" \/>\n<link rel=\"canonical\" href=\"https:\/\/bozita.com\/de\/unsere-philosophie\/herstellt-in-schweden\/\" \/>\n<meta property=\"og:locale\" content=\"de_DE\" \/>\n<meta property=\"og:type\" content=\"article\" \/>\n<meta property=\"og:title\" content=\"Herstellt in Schweden | Bozita DE\" \/>\n<meta property=\"og:url\" content=\"https:\/\/bozita.com\/de\/unsere-philosophie\/herstellt-in-schweden\/\" \/>\n<meta property=\"og:site_name\" content=\"Bozita DE\" \/>\n<meta property=\"article:modified_time\" content=\"2024-01-23T09:44:21+00:00\" \/>\n<meta name=\"twitter:card\" content=\"summary_large_image\" \/>\n<!-- \/ Yoast SEO plugin. -->","yoast_head_json":{"title":"Herstellt in Schweden | Bozita DE","robots":{"index":"index","follow":"follow","max-snippet":"max-snippet:-1","max-image-preview":"max-image-preview:large","max-video-preview":"max-video-preview:-1"},"canonical":"https:\/\/bozita.com\/de\/unsere-philosophie\/herstellt-in-schweden\/","og_locale":"de_DE","og_type":"article","og_title":"Herstellt in Schweden | Bozita DE","og_url":"https:\/\/bozita.com\/de\/unsere-philosophie\/herstellt-in-schweden\/","og_site_name":"Bozita DE","article_modified_time":"2024-01-23T09:44:21+00:00","twitter_card":"summary_large_image","schema":{"@context":"https:\/\/schema.org","@graph":[{"@type":"WebPage","@id":"https:\/\/bozita.com\/de\/unsere-philosophie\/herstellt-in-schweden\/","url":"https:\/\/bozita.com\/de\/unsere-philosophie\/herstellt-in-schweden\/","name":"Herstellt in Schweden | Bozita DE","isPartOf":{"@id":"https:\/\/bozita.com\/de\/#website"},"datePublished":"2023-08-31T05:28:10+00:00","dateModified":"2024-01-23T09:44:21+00:00","breadcrumb":{"@id":"https:\/\/bozita.com\/de\/unsere-philosophie\/herstellt-in-schweden\/#breadcrumb"},"inLanguage":"de","potentialAction":[{"@type":"ReadAction","target":["https:\/\/bozita.com\/de\/unsere-philosophie\/herstellt-in-schweden\/"]}]},{"@type":"BreadcrumbList","@id":"https:\/\/bozita.com\/de\/unsere-philosophie\/herstellt-in-schweden\/#breadcrumb","itemListElement":[{"@type":"ListItem","position":1,"name":"Startseite","item":"https:\/\/bozita.com\/de\/"},{"@type":"ListItem","position":2,"name":"Unsere Philosophie","item":"https:\/\/bozita.com\/de\/unsere-philosophie\/"},{"@type":"ListItem","position":3,"name":"Herstellt in Schweden"}]},{"@type":"WebSite","@id":"https:\/\/bozita.com\/de\/#website","url":"https:\/\/bozita.com\/de\/","name":"Bozita DE","description":"","potentialAction":[{"@type":"SearchAction","target":{"@type":"EntryPoint","urlTemplate":"https:\/\/bozita.com\/de\/?s={search_term_string}"},"query-input":"required name=search_term_string"}],"inLanguage":"de"}]}},"_links":{"self":[{"href":"https:\/\/bozita.com\/de\/wp-json\/wp\/v2\/pages\/20471"}],"collection":[{"href":"https:\/\/bozita.com\/de\/wp-json\/wp\/v2\/pages"}],"about":[{"href":"https:\/\/bozita.com\/de\/wp-json\/wp\/v2\/types\/page"}],"author":[{"embeddable":true,"href":"https:\/\/bozita.com\/de\/wp-json\/wp\/v2\/users\/1"}],"replies":[{"embeddable":true,"href":"https:\/\/bozita.com\/de\/wp-json\/wp\/v2\/comments?post=20471"}],"version-history":[{"count":32,"href":"https:\/\/bozita.com\/de\/wp-json\/wp\/v2\/pages\/20471\/revisions"}],"predecessor-version":[{"id":27067,"href":"https:\/\/bozita.com\/de\/wp-json\/wp\/v2\/pages\/20471\/revisions\/27067"}],"up":[{"embeddable":true,"href":"https:\/\/bozita.com\/de\/wp-json\/wp\/v2\/pages\/20453"}],"wp:attachment":[{"href":"https:\/\/bozita.com\/de\/wp-json\/wp\/v2\/media?parent=20471"}],"curies":[{"name":"wp","href":"https:\/\/api.w.org\/{rel}","templated":true}]}}