{"id":20493,"date":"2023-09-06T07:01:34","date_gmt":"2023-09-06T07:01:34","guid":{"rendered":"https:\/\/bozita.com\/de\/?page_id=20493"},"modified":"2024-01-23T11:28:21","modified_gmt":"2024-01-23T11:28:21","slug":"von-herzen-nachhaltig","status":"publish","type":"page","link":"https:\/\/bozita.com\/de\/unsere-philosophie\/von-herzen-nachhaltig\/","title":{"rendered":"Von Herzen nachhaltig"},"content":{"rendered":"\t<section class=\"small-hero-with-gradient-overlay\">\n\t\t\t\t\t\t\t\t<img decoding=\"async\" class=\"background-image\" src=\"https:\/\/bozita.com\/de\/wp-content\/uploads\/sites\/8\/2023\/08\/bozita-our-philosophy-sustainable-at-heart-hero.jpg\" alt=\"\">\n\t\t\t\t\t\t\t\n\t\t<div class=\"overlay\">\n\t\t\t<div class=\"container\">\n\t\t\t\t<div class=\"row flex-column-reverse flex-md-row\">\n\t\t\t\t\t<div class=\"col-md-6 col-lg-6\">\n\t\t\t\t\t\t<h5>DER BOZITA KOMPASS<\/h5><h1>Von Herzen nachhaltig<\/h1><p><p><strong>Uns geht es nicht um das schnelle Geld. Wir haben unser Unternehmen auf dauerhaften Beziehungen aufgebaut &#8211; und das gilt auch f\u00fcr unsere Beziehung zur Natur.<\/strong><\/p>\n<p>Unser Ziel ist es, einen positiven Einfluss auf die Welt zu haben, die wir zur\u00fccklassen. Wir haben uns nicht nur der Ern\u00e4hrung deiner Haustiere verschrieben, sondern setzen uns auch f\u00fcr eine nachhaltige Zukunft ein. Unsere Produktionsst\u00e4tte in V\u00e5rg\u00e5rda wird mit 100 % erneuerbarer Energie betrieben. Das bedeutet, dass jeder Bissen Tiernahrung, den wir herstellen, mit der Kraft der Natur erzeugt wird, was unseren CO2-Fu\u00dfabdruck verringert und zu einem gr\u00fcneren Planeten beitr\u00e4gt.<\/p>\n<\/p>\t\t\t\t\t<\/div>\n\t\t\t\t\t<div class=\"d-none d-lg-block col-lg-1\"><\/div>\n\t\t\t\t\t<div class=\"col-md-6 col-lg-5 text-center\">\n\t\t\t\t\t\t\t\t\t\t\t\t\t<img decoding=\"async\" class=\"image\" src=\"https:\/\/bozita.com\/de\/wp-content\/uploads\/sites\/8\/2023\/08\/Our-Philosophy-Compass_Sustainable-At-Heart.svg\" alt=\"\">\n\t\t\t\t\t\t\t\t\t\t\t\t<\/div>\n\t\t\t\t<\/div>\n\t\t\t<\/div>\n\t\t<\/div>\n\t<\/section>\n\t\t\n\n\n\t<section class=\"block two-column-image-with-textbox \">\n\t\t<div class=\"container\">\n\t\t\t\t\t\t\t\t<div class=\"mb-5 no-gutters row align-items-center \n\t\t\t\t\t\t\t\t\t\t\t\t\t\t\t\t\t\t\t\t\t\t\t\">\n\t\t\t\t\t\t<div class=\"col-md-6\">\n\t\t\t\t\t\t\t\t\t\t\t\t\t\t\t\t\t\t\t\t\t\t\t\t<video id=\"my-player\" class=\"video-js vjs-default-skin vjs-4-3\" playsinline muted loop  autoplay  data-setup='{}'>\n\t\t\t\t\t\t\t\t\t\t<source src=\"https:\/\/bozita.com\/de\/wp-content\/uploads\/sites\/8\/2024\/01\/BOZITA_KATT_10s_16x9_CLEAN.mp4\" type=\"video\/mp4\">\n\t\t\t\t\t\t\t\t\t\t<\/source>\n\t\t\t\t\t\t\t\t\t<\/video>\n\t\t\t\t\t\t\t\t\t\t\t\t\t\t\t<\/div>\n\t\t\t\t\t\t<div class=\"col-md-6\">\n\t\t\t\t\t\t\t<div class=\"content-wrap\">\n\t\t\t\t\t\t\t\t<p><p><strong>Wir mussten die Augen der Katze abdecken&#8230;<\/strong><br \/>\n&#8230; damit du dich auf das Wesentliche konzentrieren kannst. Nachhaltigkeit, zum Beispiel.<\/p>\n<p>Keine Lebensmittel werden weggeworfen. Alle potenziellen Abf\u00e4lle werden in Biogas umgewandelt, um sicherzustellen, dass jede Ressource effizient und nachhaltig genutzt wird. Wir haben es uns zur Aufgabe gemacht, unsere Verpackungen so umweltfreundlich zu gestalten wie unsere Produkte. Unser Ziel ist es, dass alle unsere Verpackungsmaterialien zu 100 % recycelt werden k\u00f6nnen.<\/p>\n <\/p>\t\t\t\t\t\t\t<\/div>\n\t\t\t\t\t\t<\/div>\n\t\t\t\t\t<\/div>\n\t\t\t\t\t\t\t<\/div>\n\t<\/section>\n\n\n\n\t<section class=\"block two-column-image-with-textbox \">\n\t\t<div class=\"container\">\n\t\t\t\t\t\t\t\t<div class=\"mb-5 no-gutters row align-items-center \n\t\t\t\t\tflex-row-reverse\t\t\t\t\t\t\t\t\t\t\t\t\t\t\t\t\t\t\">\n\t\t\t\t\t\t<div class=\"col-md-6\">\n\t\t\t\t\t\t\t\t\t\t\t\t\t\t\t\t<figure>\n\t\t\t\t\t\t\t\t\t\t\t\t\t\t\t\t\t\t\t\t\t<img decoding=\"async\" class=\"\" src=\"https:\/\/bozita.com\/de\/wp-content\/uploads\/sites\/8\/2024\/01\/231016-bozita-cat-tetra-recart-forest-1200x800px.jpg\" alt=\"\">\n\t\t\t\t\t\t\t\t\t\t\t\t\t\t\t\t\t\t\t\t\t\t\t\t\t\t\t\t\t<\/figure>\n\t\t\t\t\t\t\t\t\t\t\t\t\t\t\t<\/div>\n\t\t\t\t\t\t<div class=\"col-md-6\">\n\t\t\t\t\t\t\t<div class=\"content-wrap\">\n\t\t\t\t\t\t\t\t<p><p><strong>Klimagerechte Verpackung<\/strong><\/p>\n<p>Unser Engagement erstreckt sich auch auf die Wahl der Verpackung. Wir verwenden Tetra Recart. Sie wird nicht nur aus FSC-zertifizierten Materialien hergestellt, sondern ist auch in vielen L\u00e4ndern Europas recycelbar. Dadurch wird sichergestellt, dass jeder Aspekt unserer Produkte mit unserem Engagement f\u00fcr Nachhaltigkeit in Einklang steht.<\/p>\n <\/p>\t\t\t\t\t\t\t\t\t<a target=\"\" href=\"https:\/\/bozita.com\/de\/der-naturliche-weg-zum-wohlbefinden\/tetra-recart-die-umweltschonende-verpackung-fur-nassfutter\/\" class=\"btn btn-white\">LIES MEHR<\/a>\n\t\t\t\t\t\t\t\t\t\t\t\t\t\t\t\t<\/div>\n\t\t\t\t\t\t<\/div>\n\t\t\t\t\t<\/div>\n\t\t\t\t\t\t\t<\/div>\n\t<\/section>\n\n\n<section class=\"block how-we-make-it-matters\">\n\t<div class=\"container\">\n\t\t<h5>\n\t\t\tDER BOZITA KOMPASS\t\t<\/h5>\n\t\t<h2> \n\t\t\tVon Herzen nachhaltig\t\t<\/h2>\n\n\t\t\n\t\t<div class=\"d-md-none d-lg-block\">\n\t\t\t<div class=\"row\">\n\t\t\t\t<div class=\"col-md-6\">\n\t\t\t\t\t<div class=\"how_we_make_it_matters-img\">\n\t\t\t\t\t\t\t\t\t\t\t\t<img decoding=\"async\" src=\"https:\/\/bozita.com\/de\/wp-content\/uploads\/sites\/8\/2023\/08\/bozita-our-philosophy-sustainable-at-heart.jpg\" alt=\"\">\n\t\t\t\t\t\t\t\t\t\t\t<\/div>\n\t\t\t\t<\/div>\n\t\t\t\t<div class=\"col-md-6\">\n\t\t\t\t\t\t\t\t\t\t\t\t<div class=\"media\">\n\t\t\t\t\t\t\t\t<div class=\"icon-warp\">\n\t\t\t\t\t\t\t\t\t\t\t\t\t\t\t\t\t\t\t<img decoding=\"async\" class=\"mr-3\" src=\"https:\/\/bozita.com\/de\/wp-content\/uploads\/sites\/8\/2023\/08\/FeatureIcon-Dark-RenewableEnergy.svg\" alt=\"\">\n\t\t\t\t\t\t\t\t\t\t\t\t\t\t\t\t\t<\/div>\n\t\t\t\t\t\t\t\t<div class=\"media-body\">\n\t\t\t\t\t\t\t\t\t<h6 class=\"mt-0\">\n\t\t\t\t\t\t\t\t\t\tSTROM AUS 100% ERNEUERBAREN QUELLEN\t\t\t\t\t\t\t\t\t<\/h6>\n\t\t\t\t\t\t\t\t\t<p>\n\t\t\t\t\t\t\t\t\t\tUnsere Produktion in V\u00e5rg\u00e5rda wird zu 100 % mit Strom aus erneuerbaren Energiequellen betrieben.\t\t\t\t\t\t\t\t\t<\/p>\n\t\t\t\t\t\t\t\t<\/div>\n\t\t\t\t\t\t\t<\/div>\n\t\t\t\t\t\t\t\t\t\t\t\t\t\t<div class=\"media\">\n\t\t\t\t\t\t\t\t<div class=\"icon-warp\">\n\t\t\t\t\t\t\t\t\t\t\t\t\t\t\t\t\t\t\t<img decoding=\"async\" class=\"mr-3\" src=\"https:\/\/bozita.com\/de\/wp-content\/uploads\/sites\/8\/2023\/08\/FeatureIcon-Dark-RenewableEnergy.svg\" alt=\"\">\n\t\t\t\t\t\t\t\t\t\t\t\t\t\t\t\t\t<\/div>\n\t\t\t\t\t\t\t\t<div class=\"media-body\">\n\t\t\t\t\t\t\t\t\t<h6 class=\"mt-0\">\n\t\t\t\t\t\t\t\t\t\tABF\u00c4LLE WERDEN ZU BIOGAS\t\t\t\t\t\t\t\t\t<\/h6>\n\t\t\t\t\t\t\t\t\t<p>\n\t\t\t\t\t\t\t\t\t\tEs werden keine Lebensmittel weggeworfen und alle potenziellen Abf\u00e4lle werden in Biogas umgewandelt.\t\t\t\t\t\t\t\t\t<\/p>\n\t\t\t\t\t\t\t\t<\/div>\n\t\t\t\t\t\t\t<\/div>\n\t\t\t\t\t\t\t\t\t\t\t\t\t\t<div class=\"media\">\n\t\t\t\t\t\t\t\t<div class=\"icon-warp\">\n\t\t\t\t\t\t\t\t\t\t\t\t\t\t\t\t\t\t\t<img decoding=\"async\" class=\"mr-3\" src=\"https:\/\/bozita.com\/de\/wp-content\/uploads\/sites\/8\/2023\/08\/FeatureIcon-Dark-RenewableEnergy.svg\" alt=\"\">\n\t\t\t\t\t\t\t\t\t\t\t\t\t\t\t\t\t<\/div>\n\t\t\t\t\t\t\t\t<div class=\"media-body\">\n\t\t\t\t\t\t\t\t\t<h6 class=\"mt-0\">\n\t\t\t\t\t\t\t\t\t\tWIEDERVERWERTBARES VERPACKUNGSMATERIAL\t\t\t\t\t\t\t\t\t<\/h6>\n\t\t\t\t\t\t\t\t\t<p>\n\t\t\t\t\t\t\t\t\t\tWir sind bestrebt, unser Ziel zu erreichen, 100 % unseres Verpackungsmaterials recycelbar zu machen. Wir verwenden Tetra Recart f\u00fcr Hunde- und Katzenfutter, das nicht nur aus FSC-Quellen hergestellt wird, sondern auch in vielen europ\u00e4ischen L\u00e4ndern recycelbar ist.\t\t\t\t\t\t\t\t\t<\/p>\n\t\t\t\t\t\t\t\t<\/div>\n\t\t\t\t\t\t\t<\/div>\n\t\t\t\t\t\t\t\t\t\t\t<\/div>\n\t\t\t<\/div>\n\t\t<\/div>\n\n\t\t<div class=\"d-none d-md-block d-lg-none\">\n\t\t\t<div class=\"row\">\n\t\t\t\t<div class=\"col-md-12 d-flex justify-content-center\">\n\t\t\t\t\t<div class=\"how_we_make_it_matters-img-md\">\n\t\t\t\t\t\t\t\t\t\t\t\t\t<img decoding=\"async\" src=\"https:\/\/bozita.com\/de\/wp-content\/uploads\/sites\/8\/2023\/08\/bozita-our-philosophy-sustainable-at-heart.jpg\" alt=\"\">\n\t\t\t\t\t\t\t\t\t\t\t<\/div>\n\t\t\t\t<\/div>\n\t\t\t\t<div class=\"col-md-12\">\n\t\t\t\t\t\t\t\t\t\t\t\t<div class=\"media\">\n\t\t\t\t\t\t\t\t<div class=\"icon-warp\">\n\t\t\t\t\t\t\t\t\t\t\t\t\t\t\t\t\t\t\t<img decoding=\"async\" class=\"mr-3\" src=\"https:\/\/bozita.com\/de\/wp-content\/uploads\/sites\/8\/2023\/08\/FeatureIcon-Dark-RenewableEnergy.svg\" alt=\"\">\n\t\t\t\t\t\t\t\t\t\t\t\t\t\t\t\t\t<\/div>\n\t\t\t\t\t\t\t\t<div class=\"media-body\">\n\t\t\t\t\t\t\t\t\t<h6 class=\"mt-0\">\n\t\t\t\t\t\t\t\t\t\tSTROM AUS 100% ERNEUERBAREN QUELLEN\t\t\t\t\t\t\t\t\t<\/h6>\n\t\t\t\t\t\t\t\t\t<p>\n\t\t\t\t\t\t\t\t\t\tUnsere Produktion in V\u00e5rg\u00e5rda wird zu 100 % mit Strom aus erneuerbaren Energiequellen betrieben.\t\t\t\t\t\t\t\t\t<\/p>\n\t\t\t\t\t\t\t\t<\/div>\n\t\t\t\t\t\t\t<\/div>\n\t\t\t\t\t\t\t\t\t\t\t\t\t\t<div class=\"media\">\n\t\t\t\t\t\t\t\t<div class=\"icon-warp\">\n\t\t\t\t\t\t\t\t\t\t\t\t\t\t\t\t\t\t\t<img decoding=\"async\" class=\"mr-3\" src=\"https:\/\/bozita.com\/de\/wp-content\/uploads\/sites\/8\/2023\/08\/FeatureIcon-Dark-RenewableEnergy.svg\" alt=\"\">\n\t\t\t\t\t\t\t\t\t\t\t\t\t\t\t\t\t<\/div>\n\t\t\t\t\t\t\t\t<div class=\"media-body\">\n\t\t\t\t\t\t\t\t\t<h6 class=\"mt-0\">\n\t\t\t\t\t\t\t\t\t\tABF\u00c4LLE WERDEN ZU BIOGAS\t\t\t\t\t\t\t\t\t<\/h6>\n\t\t\t\t\t\t\t\t\t<p>\n\t\t\t\t\t\t\t\t\t\tEs werden keine Lebensmittel weggeworfen und alle potenziellen Abf\u00e4lle werden in Biogas umgewandelt.\t\t\t\t\t\t\t\t\t<\/p>\n\t\t\t\t\t\t\t\t<\/div>\n\t\t\t\t\t\t\t<\/div>\n\t\t\t\t\t\t\t\t\t\t\t\t\t\t<div class=\"media\">\n\t\t\t\t\t\t\t\t<div class=\"icon-warp\">\n\t\t\t\t\t\t\t\t\t\t\t\t\t\t\t\t\t\t\t<img decoding=\"async\" class=\"mr-3\" src=\"https:\/\/bozita.com\/de\/wp-content\/uploads\/sites\/8\/2023\/08\/FeatureIcon-Dark-RenewableEnergy.svg\" alt=\"\">\n\t\t\t\t\t\t\t\t\t\t\t\t\t\t\t\t\t<\/div>\n\t\t\t\t\t\t\t\t<div class=\"media-body\">\n\t\t\t\t\t\t\t\t\t<h6 class=\"mt-0\">\n\t\t\t\t\t\t\t\t\t\tWIEDERVERWERTBARES VERPACKUNGSMATERIAL\t\t\t\t\t\t\t\t\t<\/h6>\n\t\t\t\t\t\t\t\t\t<p>\n\t\t\t\t\t\t\t\t\t\tWir sind bestrebt, unser Ziel zu erreichen, 100 % unseres Verpackungsmaterials recycelbar zu machen. Wir verwenden Tetra Recart f\u00fcr Hunde- und Katzenfutter, das nicht nur aus FSC-Quellen hergestellt wird, sondern auch in vielen europ\u00e4ischen L\u00e4ndern recycelbar ist.\t\t\t\t\t\t\t\t\t<\/p>\n\t\t\t\t\t\t\t\t<\/div>\n\t\t\t\t\t\t\t<\/div>\n\t\t\t\t\t\t\t\t\t\t\t<\/div>\n\t\t\t<\/div>\n\t\t<\/div>\n\t\t\n\t\t<div class=\"text-center cta-button\">\n\t\t\t\t\t<\/div>\n\t<\/div>\n<\/section>\n\n\n\t<section class=\"block discover-our-product\">\n\t\t<div class=\"container\">\n\t\t\t\t\t\t\t<h5>\n\t\t\t\t\tSCHWEDISCH NAT\u00dcRLICHE QUALIT\u00c4T\t\t\t\t<\/h5>\n\t\t\t\t\t\t\t\t\t\t\t<h2>\n\t\t\t\t\tEntdecke unsere Produkte\t\t\t\t<\/h2>\n\n\t\t\t\t\t\t\t\n\t\t\t<div class=\"row align-items-center\">\n\t\t\t\t<div class=\"col-md-6\">\n\t\t\t\t\t<div class=\"\">\n\t\t\t\t\t\t\t\t\t\t\t\t<img decoding=\"async\" src=\"https:\/\/bozita.com\/de\/wp-content\/uploads\/sites\/8\/2023\/08\/2308-bozita-hund-kattmat-robur-original-compass-900x793px.png\" alt=\"\">\n\t\t\t\t\t\t\t\t\t\t\t<\/div>\n\t\t\t\t<\/div>\n\t\t\t\t<div class=\"col-md-6\">\n\t\t\t\t\t<p><strong>Bei der schwedisch nat\u00fcrlichen Qualit\u00e4t geht es um mehr als nur um das Essen in der Sch\u00fcssel. Sie pr\u00e4gt jeden Teil unseres Prozesses, von den Zutaten, die wir verwenden, bis hin zur K\u00fcche, in der wir kochen.<\/strong><\/p>\n<p>Nach mehr als einem Jahrhundert haben wir gelernt, dass die Art und Weise, wie wir unser Katzen- und Hundefutter herstellen, genauso wichtig ist wie sein Geschmack. Mit nat\u00fcrlichen Zutaten und Herstellungsmethoden, die wir in jahrzehntelanger, liebevoller Arbeit sorgf\u00e4ltig verfeinert haben, stellen wir Katzen- und Hundefutter her, das die schwedische Wildnis widerspiegelt \u2013 und deshalb nennen wir es die schwedisch nat\u00fcrliche Qualit\u00e4t.<\/p>\n\t\t\t\t\t<div class=\"cta-button\">\n\t\t\t\t\t\t\t\t\t\t\t\t\t<a target=\"\" href=\"https:\/\/bozita.com\/de\/hundefutter\/\" class=\"btn btn-primary\">\n\t\t\t\t\t\t\t\tENTDECKE HUNDEFUTTER\t\t\t\t\t\t\t<\/a>\n\t\t\t\t\t\t\t\t\t\t\t\t\t\t\t\t\t\t\t\t<a target=\"\" href=\"https:\/\/bozita.com\/de\/katzenfutter\/\" class=\"btn btn-primary\">\n\t\t\t\t\t\t\t\tENTDECKE KATZENFUTTER\t\t\t\t\t\t\t<\/a>\n\t\t\t\t\t\t\t\t\t\t\t\t<\/div>\n\t\t\t\t<\/div>\n\t\t\t<\/div>\n\t\t<\/div>\n\t<\/section>\n","protected":false},"excerpt":{"rendered":"","protected":false},"author":1,"featured_media":0,"parent":20453,"menu_order":0,"comment_status":"closed","ping_status":"closed","template":"guternberg.php","meta":{"footnotes":""},"acf":[],"yoast_head":"<!-- This site is optimized with the Yoast SEO plugin v21.3 - https:\/\/yoast.com\/wordpress\/plugins\/seo\/ -->\n<title>Von Herzen nachhaltig | Bozita DE<\/title>\n<meta name=\"robots\" content=\"index, follow, max-snippet:-1, max-image-preview:large, max-video-preview:-1\" \/>\n<link rel=\"canonical\" href=\"https:\/\/bozita.com\/de\/unsere-philosophie\/von-herzen-nachhaltig\/\" \/>\n<meta property=\"og:locale\" content=\"de_DE\" \/>\n<meta property=\"og:type\" content=\"article\" \/>\n<meta property=\"og:title\" content=\"Von Herzen nachhaltig | Bozita DE\" \/>\n<meta property=\"og:url\" content=\"https:\/\/bozita.com\/de\/unsere-philosophie\/von-herzen-nachhaltig\/\" \/>\n<meta property=\"og:site_name\" content=\"Bozita DE\" \/>\n<meta property=\"article:modified_time\" content=\"2024-01-23T11:28:21+00:00\" \/>\n<meta name=\"twitter:card\" content=\"summary_large_image\" \/>\n<!-- \/ Yoast SEO plugin. -->","yoast_head_json":{"title":"Von Herzen nachhaltig | Bozita DE","robots":{"index":"index","follow":"follow","max-snippet":"max-snippet:-1","max-image-preview":"max-image-preview:large","max-video-preview":"max-video-preview:-1"},"canonical":"https:\/\/bozita.com\/de\/unsere-philosophie\/von-herzen-nachhaltig\/","og_locale":"de_DE","og_type":"article","og_title":"Von Herzen nachhaltig | Bozita DE","og_url":"https:\/\/bozita.com\/de\/unsere-philosophie\/von-herzen-nachhaltig\/","og_site_name":"Bozita DE","article_modified_time":"2024-01-23T11:28:21+00:00","twitter_card":"summary_large_image","schema":{"@context":"https:\/\/schema.org","@graph":[{"@type":"WebPage","@id":"https:\/\/bozita.com\/de\/unsere-philosophie\/von-herzen-nachhaltig\/","url":"https:\/\/bozita.com\/de\/unsere-philosophie\/von-herzen-nachhaltig\/","name":"Von Herzen nachhaltig | Bozita DE","isPartOf":{"@id":"https:\/\/bozita.com\/de\/#website"},"datePublished":"2023-09-06T07:01:34+00:00","dateModified":"2024-01-23T11:28:21+00:00","breadcrumb":{"@id":"https:\/\/bozita.com\/de\/unsere-philosophie\/von-herzen-nachhaltig\/#breadcrumb"},"inLanguage":"de","potentialAction":[{"@type":"ReadAction","target":["https:\/\/bozita.com\/de\/unsere-philosophie\/von-herzen-nachhaltig\/"]}]},{"@type":"BreadcrumbList","@id":"https:\/\/bozita.com\/de\/unsere-philosophie\/von-herzen-nachhaltig\/#breadcrumb","itemListElement":[{"@type":"ListItem","position":1,"name":"Startseite","item":"https:\/\/bozita.com\/de\/"},{"@type":"ListItem","position":2,"name":"Unsere Philosophie","item":"https:\/\/bozita.com\/de\/unsere-philosophie\/"},{"@type":"ListItem","position":3,"name":"Von Herzen nachhaltig"}]},{"@type":"WebSite","@id":"https:\/\/bozita.com\/de\/#website","url":"https:\/\/bozita.com\/de\/","name":"Bozita DE","description":"","potentialAction":[{"@type":"SearchAction","target":{"@type":"EntryPoint","urlTemplate":"https:\/\/bozita.com\/de\/?s={search_term_string}"},"query-input":"required name=search_term_string"}],"inLanguage":"de"}]}},"_links":{"self":[{"href":"https:\/\/bozita.com\/de\/wp-json\/wp\/v2\/pages\/20493"}],"collection":[{"href":"https:\/\/bozita.com\/de\/wp-json\/wp\/v2\/pages"}],"about":[{"href":"https:\/\/bozita.com\/de\/wp-json\/wp\/v2\/types\/page"}],"author":[{"embeddable":true,"href":"https:\/\/bozita.com\/de\/wp-json\/wp\/v2\/users\/1"}],"replies":[{"embeddable":true,"href":"https:\/\/bozita.com\/de\/wp-json\/wp\/v2\/comments?post=20493"}],"version-history":[{"count":44,"href":"https:\/\/bozita.com\/de\/wp-json\/wp\/v2\/pages\/20493\/revisions"}],"predecessor-version":[{"id":27120,"href":"https:\/\/bozita.com\/de\/wp-json\/wp\/v2\/pages\/20493\/revisions\/27120"}],"up":[{"embeddable":true,"href":"https:\/\/bozita.com\/de\/wp-json\/wp\/v2\/pages\/20453"}],"wp:attachment":[{"href":"https:\/\/bozita.com\/de\/wp-json\/wp\/v2\/media?parent=20493"}],"curies":[{"name":"wp","href":"https:\/\/api.w.org\/{rel}","templated":true}]}}