{"id":20533,"date":"2023-09-12T07:11:09","date_gmt":"2023-09-12T07:11:09","guid":{"rendered":"https:\/\/bozita.com\/de\/?page_id=20533"},"modified":"2023-09-12T11:08:46","modified_gmt":"2023-09-12T11:08:46","slug":"nachhaltigkeit-in-der-tierfutterproduktion","status":"publish","type":"page","link":"https:\/\/bozita.com\/de\/nachhaltigkeit-in-der-tierfutterproduktion\/","title":{"rendered":"Nachhaltigkeit in der Tierfutterproduktion"},"content":{"rendered":"\t\t<section class=\"small-hero\">\n\t\t\t<div class=\"container\">\n\t\t\t\t<h1 class=\"small-hero-title\">Nachhaltigkeit in der Tierfutterproduktion<\/h1>\t\t\t<\/div>\n\t\t\t<\/div>\n\t\t<\/section>\n\t\n\n\t<div class=\"text-box-warp\">\n\t\t<div class=\"container\">\n\t\t\t<div class=\"text-content\">\n\t\t\t\t<p>Hund und Katze waren schon immer unsere Lieblinge unter den Haustieren, und gerade in den letzten Jahren hat diese Partnerschaft einen regelrechten Boom erfahren. Die gestiegene Nachfrage nach Hunde- und Katzenfutter ist der beste Beweis f\u00fcr diese Entwicklung.<\/p>\n\t\t\t<\/div>\n\t\t<\/div>\n\t<\/div>\n\n\n\t<section class=\"media-object-wrap\">\n\t\t<div class=\"container\">\n\t\t\t<div class=\"media-object\">\n\t\t\t\t<div class=\"row row-eq-height align-items-stretch\">\n\t\t\t\t\t<div class=\"col-md-5\">\n\t\t\t\t\t\t\t\t\t\t\t\t\t<img decoding=\"async\" src=\"https:\/\/bozita.com\/de\/wp-content\/uploads\/sites\/8\/2023\/09\/Vorschlag-Landschaftsbild-Blog-Nachhaltigkeit.jpg\" alt=\"\">\n\t\t\t\t\t\t\t\t\t\t\t\t<\/div>\n\t\t\t\t\t<div class=\"col-md-7 d-flex align-items-center\">\n\t\t\t\t\t\t<div class=\"media-content\">\n\t\t\t\t\t\t<p>Tieraufzucht, Verarbeitung, Verpackung, Transport: Alle Schritte der Tierfutterproduktion haben ihre ganz individuellen Auswirkungen auf die Umwelt. Tierfutterproduzenten stehen folglich vor \u00f6kologischen und ethischen Herausforderungen. Die Notwendigkeit, Ressourcen effizient zu nutzen und Umweltauswirkungen zu minimieren, hat zu einer verst\u00e4rkten Suche nach nachhaltigen L\u00f6sungen in der Tierfutterproduktion gef\u00fchrt.<\/p>\n\t\t\t\t\t\t<\/div>\n\t\t\t\t\t<\/div>\n\t\t\t\t<\/div>\n\t\t\t<\/div>\n\t\t<\/div>\n\t<\/section>\n   \n\n\n\t<div class=\"text-box-warp\">\n\t\t<div class=\"container\">\n\t\t\t<div class=\"text-content\">\n\t\t\t\t<h2>DIE HERAUSFORDERUNGEN<\/h2>\n<ol>\n<li>Umweltauswirkungen: Die intensive Tierfutterproduktion hat erhebliche Auswirkungen auf die Umwelt. Treibhausgase werden freigesetzt; G\u00fclle muss entsorgt werden; W\u00e4lder werden abgeholzt, um Platz f\u00fcr den Anbau von Futterpflanzen oder f\u00fcr weitere Weidefl\u00e4chen zu schaffen.<\/li>\n<li>Ressourcenknappheit: Die Produktion von Tierfutter verbraucht betr\u00e4chtliche Mengen an Wasser und Energie.<\/li>\n<li>Tierwohl: Massentierhaltung ist nicht artgerecht.<\/li>\n<li>Verpackungen: Die Produktion und Entsorgung von Verpackungsmaterialien verbraucht Ressourcen und kann der Umwelt schaden.<\/li>\n<\/ol>\n\t\t\t<\/div>\n\t\t<\/div>\n\t<\/div>\n\n\n\t<div class=\"text-box-warp\">\n\t\t<div class=\"container\">\n\t\t\t<div class=\"text-content\">\n\t\t\t\t<h2>BOZITA \u00dcBERNIMMT VERANTWORTUNG<\/h2>\n<p>Unsere Lieferanten verpflichten sich zu einer artgerechten Haltung, die in Einklang mit den strengen schwedischen Tierschutzgesetzen steht. Deren Vorschriften zielen konsequent und umfassend auf das Tierwohl ab, wie z.B.:<\/p>\n<ul>\n<li>Verbot von Massentierhaltung und K\u00e4fighaltung<\/li>\n<li>Verbot des prophylaktischen Einsatzes von Antibiotika<\/li>\n<li>Verbot von Wachstumshormonen<\/li>\n<li>Verbot des Kupierens und des Schnabelk\u00fcrzens<\/li>\n<li>Weidepflicht im Sommer<\/li>\n<li>Tageslicht und immer ausreichend Streu in St\u00e4llen<\/li>\n<\/ul>\n\t\t\t<\/div>\n\t\t<\/div>\n\t<\/div>\n\n\n\t<section class=\"media-object-wrap\">\n\t\t<div class=\"container\">\n\t\t\t<div class=\"media-object\">\n\t\t\t\t<div class=\"row row-eq-height align-items-stretch\">\n\t\t\t\t\t<div class=\"col-md-5\">\n\t\t\t\t\t\t\t\t\t\t\t\t\t<img decoding=\"async\" src=\"https:\/\/bozita.com\/de\/wp-content\/uploads\/sites\/8\/2023\/09\/shutterstock_2069891705-scaled.jpg\" alt=\"\">\n\t\t\t\t\t\t\t\t\t\t\t\t<\/div>\n\t\t\t\t\t<div class=\"col-md-7 d-flex align-items-center\">\n\t\t\t\t\t\t<div class=\"media-content\">\n\t\t\t\t\t\t<p>Dar\u00fcber hinaus handeln wir im Sinne von Umwelt und Nachhaltigkeit nat\u00fcrlich auch in Eigenverantwortung. So werden unsere Produktionsst\u00e4tten zu 100% mit erneuerbarer Energie versorgt; in allen Bereichen der Produktion achten wir auf Effizienz bei der Verwertung und der Energienutzung. Die Energiegewinnung aus Produktionsabf\u00e4llen ist Teil der Kreislaufwirtschaft und ebenfalls ein Beweis f\u00fcr unsere Ressourceneffizienz. Alle verwendeten Inhaltsstoffe unseres Tierfutters stammen aus verantwortungsvollen Quellen. Wir achten im Sinne des Tierwohls auf kurze Transportwege und -zeiten, denn damit bleiben auch die Stresslevel niedrig.<\/p>\n\t\t\t\t\t\t<\/div>\n\t\t\t\t\t<\/div>\n\t\t\t\t<\/div>\n\t\t\t<\/div>\n\t\t<\/div>\n\t<\/section>\n   \n\n\n\t<div class=\"text-box-warp\">\n\t\t<div class=\"container\">\n\t\t\t<div class=\"text-content\">\n\t\t\t\t<p>Am Ende der Produktion steht die Verpackung. Wir favorisieren hier L\u00f6sungen mit einem m\u00f6glichst geringen CO2-Fu\u00dfabdruck und einer m\u00f6glichst niedrigen Umweltbelastung. So setzen wir verst\u00e4rkt auf Futters\u00e4cke aus Monoplastik, die zu 100% dem Wertstoffkreislauf zugef\u00fchrt werden k\u00f6nnen. Die Hundetrockenfuttermittel aus der Bozita Original Linie nutzen diese Verpackungsform bereits, andere Linien werden folgen. Zudem werden Teile unseres Nassfutterangebots in wiederverschlie\u00dfbaren und umweltfreundlichen Tetra Recarts\u00ae abgef\u00fcllt.<\/p>\n<p>Unterm Strich wird eins deutlich: Nachhaltigkeit in der Tierfutterproduktion erfordert eine ganzheitliche Herangehensweise, die Umweltauswirkungen, Ressourcenverbrauch und Tierwohl gleicherma\u00dfen ber\u00fccksichtigt. Bozita wird weiterhin an der Optimierung der einzelnen Produktionsschritte arbeiten, um Schutz und Sicherheit von Tier und Umwelt noch umfassender gew\u00e4hrleisten zu k\u00f6nnen.<\/p>\n\t\t\t<\/div>\n\t\t<\/div>\n\t<\/div>\n\n\n\t<section class=\"block section-promos\">\n\t\t<div class=\"container\">\n\t\t\t<div class=\"row\">\n\t\t\t\t\t\t\t\t\t\t<div class=\"col-md-6\">\n\t\t\t\t\t\t\t<div class=\"card\">\n\t\t\t\t\t\t\t\t\t\t\t\t\t\t\t\t\t<img decoding=\"async\" class=\"card-img-top\" src=\"https:\/\/bozita.com\/de\/wp-content\/uploads\/sites\/8\/2023\/09\/Bozita-Original-3kg-scaled.jpg\" alt=\"\">\n\t\t\t\t\t\t\t\t\t\t\t\t\t\t\t\t<div class=\"card-body\">\n\t\t\t\t\t\t\t\t\t<h5 class=\"card-title\">Bozita Original weizenfrei<\/h5>\n\t\t\t\t\t\t\t\t\t<p class=\"card-text\"><\/p>\n\t\t\t\t\t\t\t\t\t\t\t\t\t\t\t\t\t\t\t<a target=\"\" href=\"https:\/\/www.bozita-shop.de\/Hunde\/Hundefutter-trocken\/Bozita-Original:::15_35_1723.html\" class=\"btn btn-white\">ONLINE KAUFEN<\/a>\n\t\t\t\t\t\t\t\t\t\t\t\t\t\t\t\t\t\t<\/div>\n\t\t\t\t\t\t\t<\/div>\n\t\t\t\t\t\t<\/div>\n\t\t\t\t\t\t\t\t\t\t\t\t<div class=\"col-md-6\">\n\t\t\t\t\t\t\t<div class=\"card\">\n\t\t\t\t\t\t\t\t\t\t\t\t\t\t\t\t\t<img decoding=\"async\" class=\"card-img-top\" src=\"https:\/\/bozita.com\/de\/wp-content\/uploads\/sites\/8\/2023\/09\/Bozita-Tetras-scaled.jpg\" alt=\"\">\n\t\t\t\t\t\t\t\t\t\t\t\t\t\t\t\t<div class=\"card-body\">\n\t\t\t\t\t\t\t\t\t<h5 class=\"card-title\">Bozita Tetra f\u00fcr Hund und Katze<\/h5>\n\t\t\t\t\t\t\t\t\t<p class=\"card-text\"><\/p>\n\t\t\t\t\t\t\t\t\t\t\t\t\t\t\t\t\t\t\t<a target=\"\" href=\"https:\/\/www.bozita-shop.de\/Alle-Produkte:::1722.html?filter=6_1%283%29\" class=\"btn btn-white\">ONLINE KAUFEN<\/a>\n\t\t\t\t\t\t\t\t\t\t\t\t\t\t\t\t\t\t<\/div>\n\t\t\t\t\t\t\t<\/div>\n\t\t\t\t\t\t<\/div>\n\t\t\t\t\t\t\t\t\t<\/div>\n\t\t<\/div>\n\t<\/section>\n\n\n<section class=\"block how-we-make-it-matters\">\n\t<div class=\"container\">\n\t\t<h5>\n\t\t\tUnsere Produkte\t\t<\/h5>\n\t\t<h2> \n\t\t\tGemeinsam mit der Natur seit 1903\t\t<\/h2>\n\n\t\t\n\t\t<div class=\"d-md-none d-lg-block\">\n\t\t\t<div class=\"row\">\n\t\t\t\t<div class=\"col-md-6\">\n\t\t\t\t\t<div class=\"how_we_make_it_matters-img\">\n\t\t\t\t\t\t\t\t\t\t\t\t<img decoding=\"async\" src=\"https:\/\/bozita.com\/de\/wp-content\/uploads\/sites\/8\/2023\/07\/HowWeMakeIt-Image_neu-2023-1.png\" alt=\"\">\n\t\t\t\t\t\t\t\t\t\t\t<\/div>\n\t\t\t\t<\/div>\n\t\t\t\t<div class=\"col-md-6\">\n\t\t\t\t\t\t\t\t\t\t\t\t<div class=\"media\">\n\t\t\t\t\t\t\t\t<div class=\"icon-warp\">\n\t\t\t\t\t\t\t\t\t\t\t\t\t\t\t\t\t\t\t<img decoding=\"async\" class=\"mr-3\" src=\"https:\/\/bozita.com\/de\/wp-content\/uploads\/sites\/8\/2021\/05\/FeatureIcon-RenewableEnergy.png\" alt=\"\">\n\t\t\t\t\t\t\t\t\t\t\t\t\t\t\t\t\t<\/div>\n\t\t\t\t\t\t\t\t<div class=\"media-body\">\n\t\t\t\t\t\t\t\t\t<h6 class=\"mt-0\">\n\t\t\t\t\t\t\t\t\t\tSorgf\u00e4ltig ausgew\u00e4hlte Zutaten\t\t\t\t\t\t\t\t\t<\/h6>\n\t\t\t\t\t\t\t\t\t<p>\n\t\t\t\t\t\t\t\t\t\tWir w\u00e4hlen unsere Zutaten sorgf\u00e4ltig von schwedischen Farmen, der schwedischen Natur und aus schwedischen Gew\u00e4ssern aus.\t\t\t\t\t\t\t\t\t<\/p>\n\t\t\t\t\t\t\t\t<\/div>\n\t\t\t\t\t\t\t<\/div>\n\t\t\t\t\t\t\t\t\t\t\t\t\t\t<div class=\"media\">\n\t\t\t\t\t\t\t\t<div class=\"icon-warp\">\n\t\t\t\t\t\t\t\t\t\t\t\t\t\t\t\t\t\t\t<img decoding=\"async\" class=\"mr-3\" src=\"https:\/\/bozita.com\/de\/wp-content\/uploads\/sites\/8\/2021\/05\/FeatureIcon-LowAntibiotics.png\" alt=\"\">\n\t\t\t\t\t\t\t\t\t\t\t\t\t\t\t\t\t<\/div>\n\t\t\t\t\t\t\t\t<div class=\"media-body\">\n\t\t\t\t\t\t\t\t\t<h6 class=\"mt-0\">\n\t\t\t\t\t\t\t\t\t\tGeringster Einsatz von Antibiotika\t\t\t\t\t\t\t\t\t<\/h6>\n\t\t\t\t\t\t\t\t\t<p>\n\t\t\t\t\t\t\t\t\t\tSchweden hat weltweit einen der geringsten Antibiotikaverbr\u00e4uche und war eines der ersten L\u00e4nder, das die pr\u00e4ventive Antibiotikagabe verboten hat.\t\t\t\t\t\t\t\t\t<\/p>\n\t\t\t\t\t\t\t\t<\/div>\n\t\t\t\t\t\t\t<\/div>\n\t\t\t\t\t\t\t\t\t\t\t\t\t\t<div class=\"media\">\n\t\t\t\t\t\t\t\t<div class=\"icon-warp\">\n\t\t\t\t\t\t\t\t\t\t\t\t\t\t\t\t\t\t\t<img decoding=\"async\" class=\"mr-3\" src=\"https:\/\/bozita.com\/de\/wp-content\/uploads\/sites\/8\/2021\/05\/FeatureIcon-RenewableEnergy.png\" alt=\"\">\n\t\t\t\t\t\t\t\t\t\t\t\t\t\t\t\t\t<\/div>\n\t\t\t\t\t\t\t\t<div class=\"media-body\">\n\t\t\t\t\t\t\t\t\t<h6 class=\"mt-0\">\n\t\t\t\t\t\t\t\t\t\tMit 100% erneuerbarer Energie betrieben\t\t\t\t\t\t\t\t\t<\/h6>\n\t\t\t\t\t\t\t\t\t<p>\n\t\t\t\t\t\t\t\t\t\tJeglicher Abfall unserer Kochprozesse wir in Biogas umgewandelt.\t\t\t\t\t\t\t\t\t<\/p>\n\t\t\t\t\t\t\t\t<\/div>\n\t\t\t\t\t\t\t<\/div>\n\t\t\t\t\t\t\t\t\t\t\t\t\t\t<div class=\"media\">\n\t\t\t\t\t\t\t\t<div class=\"icon-warp\">\n\t\t\t\t\t\t\t\t\t\t\t\t\t\t\t\t\t\t\t<img decoding=\"async\" class=\"mr-3\" src=\"https:\/\/bozita.com\/de\/wp-content\/uploads\/sites\/8\/2021\/05\/FeatureIcon-AnimalProtectionLaws.png\" alt=\"\">\n\t\t\t\t\t\t\t\t\t\t\t\t\t\t\t\t\t<\/div>\n\t\t\t\t\t\t\t\t<div class=\"media-body\">\n\t\t\t\t\t\t\t\t\t<h6 class=\"mt-0\">\n\t\t\t\t\t\t\t\t\t\tStrenge Tierschutzgesetze\t\t\t\t\t\t\t\t\t<\/h6>\n\t\t\t\t\t\t\t\t\t<p>\n\t\t\t\t\t\t\t\t\t\tSchwedens Tierschutzgesetze z\u00e4hlen zu den strengsten der Welt.\t\t\t\t\t\t\t\t\t<\/p>\n\t\t\t\t\t\t\t\t<\/div>\n\t\t\t\t\t\t\t<\/div>\n\t\t\t\t\t\t\t\t\t\t\t\t\t\t<div class=\"media\">\n\t\t\t\t\t\t\t\t<div class=\"icon-warp\">\n\t\t\t\t\t\t\t\t\t\t\t\t\t\t\t\t\t\t\t<img decoding=\"async\" class=\"mr-3\" src=\"https:\/\/bozita.com\/de\/wp-content\/uploads\/sites\/8\/2021\/05\/FeatureIcon-NoGrowthHormones.png\" alt=\"\">\n\t\t\t\t\t\t\t\t\t\t\t\t\t\t\t\t\t<\/div>\n\t\t\t\t\t\t\t\t<div class=\"media-body\">\n\t\t\t\t\t\t\t\t\t<h6 class=\"mt-0\">\n\t\t\t\t\t\t\t\t\t\tKeine Wachstumshormone\t\t\t\t\t\t\t\t\t<\/h6>\n\t\t\t\t\t\t\t\t\t<p>\n\t\t\t\t\t\t\t\t\t\tDie Verwendung von Wachstumshormonen ist in Schweden strengstens verboten.\t\t\t\t\t\t\t\t\t<\/p>\n\t\t\t\t\t\t\t\t<\/div>\n\t\t\t\t\t\t\t<\/div>\n\t\t\t\t\t\t\t\t\t\t\t\t\t\t<div class=\"media\">\n\t\t\t\t\t\t\t\t<div class=\"icon-warp\">\n\t\t\t\t\t\t\t\t\t\t\t\t\t\t\t\t\t\t\t<img decoding=\"async\" class=\"mr-3\" src=\"https:\/\/bozita.com\/de\/wp-content\/uploads\/sites\/8\/2021\/05\/FeatureIcon-RenewableEnergy.png\" alt=\"\">\n\t\t\t\t\t\t\t\t\t\t\t\t\t\t\t\t\t<\/div>\n\t\t\t\t\t\t\t\t<div class=\"media-body\">\n\t\t\t\t\t\t\t\t\t<h6 class=\"mt-0\">\n\t\t\t\t\t\t\t\t\t\tGarantierte Qualit\u00e4t\t\t\t\t\t\t\t\t\t<\/h6>\n\t\t\t\t\t\t\t\t\t<p>\n\t\t\t\t\t\t\t\t\t\tWir sind nach ISO 22 000 f\u00fcr das Lebensmittelsicherheitsmanagement zertifiziert.\t\t\t\t\t\t\t\t\t<\/p>\n\t\t\t\t\t\t\t\t<\/div>\n\t\t\t\t\t\t\t<\/div>\n\t\t\t\t\t\t\t\t\t\t\t<\/div>\n\t\t\t<\/div>\n\t\t<\/div>\n\n\t\t<div class=\"d-none d-md-block d-lg-none\">\n\t\t\t<div class=\"row\">\n\t\t\t\t<div class=\"col-md-12 d-flex justify-content-center\">\n\t\t\t\t\t<div class=\"how_we_make_it_matters-img-md\">\n\t\t\t\t\t\t\t\t\t\t\t\t\t<img decoding=\"async\" src=\"https:\/\/bozita.com\/de\/wp-content\/uploads\/sites\/8\/2023\/07\/HowWeMakeIt-Image_neu-2023-1.png\" alt=\"\">\n\t\t\t\t\t\t\t\t\t\t\t<\/div>\n\t\t\t\t<\/div>\n\t\t\t\t<div class=\"col-md-12\">\n\t\t\t\t\t\t\t\t\t\t\t\t<div class=\"media\">\n\t\t\t\t\t\t\t\t<div class=\"icon-warp\">\n\t\t\t\t\t\t\t\t\t\t\t\t\t\t\t\t\t\t\t<img decoding=\"async\" class=\"mr-3\" src=\"https:\/\/bozita.com\/de\/wp-content\/uploads\/sites\/8\/2021\/05\/FeatureIcon-RenewableEnergy.png\" alt=\"\">\n\t\t\t\t\t\t\t\t\t\t\t\t\t\t\t\t\t<\/div>\n\t\t\t\t\t\t\t\t<div class=\"media-body\">\n\t\t\t\t\t\t\t\t\t<h6 class=\"mt-0\">\n\t\t\t\t\t\t\t\t\t\tSorgf\u00e4ltig ausgew\u00e4hlte Zutaten\t\t\t\t\t\t\t\t\t<\/h6>\n\t\t\t\t\t\t\t\t\t<p>\n\t\t\t\t\t\t\t\t\t\tWir w\u00e4hlen unsere Zutaten sorgf\u00e4ltig von schwedischen Farmen, der schwedischen Natur und aus schwedischen Gew\u00e4ssern aus.\t\t\t\t\t\t\t\t\t<\/p>\n\t\t\t\t\t\t\t\t<\/div>\n\t\t\t\t\t\t\t<\/div>\n\t\t\t\t\t\t\t\t\t\t\t\t\t\t<div class=\"media\">\n\t\t\t\t\t\t\t\t<div class=\"icon-warp\">\n\t\t\t\t\t\t\t\t\t\t\t\t\t\t\t\t\t\t\t<img decoding=\"async\" class=\"mr-3\" src=\"https:\/\/bozita.com\/de\/wp-content\/uploads\/sites\/8\/2021\/05\/FeatureIcon-LowAntibiotics.png\" alt=\"\">\n\t\t\t\t\t\t\t\t\t\t\t\t\t\t\t\t\t<\/div>\n\t\t\t\t\t\t\t\t<div class=\"media-body\">\n\t\t\t\t\t\t\t\t\t<h6 class=\"mt-0\">\n\t\t\t\t\t\t\t\t\t\tGeringster Einsatz von Antibiotika\t\t\t\t\t\t\t\t\t<\/h6>\n\t\t\t\t\t\t\t\t\t<p>\n\t\t\t\t\t\t\t\t\t\tSchweden hat weltweit einen der geringsten Antibiotikaverbr\u00e4uche und war eines der ersten L\u00e4nder, das die pr\u00e4ventive Antibiotikagabe verboten hat.\t\t\t\t\t\t\t\t\t<\/p>\n\t\t\t\t\t\t\t\t<\/div>\n\t\t\t\t\t\t\t<\/div>\n\t\t\t\t\t\t\t\t\t\t\t\t\t\t<div class=\"media\">\n\t\t\t\t\t\t\t\t<div class=\"icon-warp\">\n\t\t\t\t\t\t\t\t\t\t\t\t\t\t\t\t\t\t\t<img decoding=\"async\" class=\"mr-3\" src=\"https:\/\/bozita.com\/de\/wp-content\/uploads\/sites\/8\/2021\/05\/FeatureIcon-RenewableEnergy.png\" alt=\"\">\n\t\t\t\t\t\t\t\t\t\t\t\t\t\t\t\t\t<\/div>\n\t\t\t\t\t\t\t\t<div class=\"media-body\">\n\t\t\t\t\t\t\t\t\t<h6 class=\"mt-0\">\n\t\t\t\t\t\t\t\t\t\tMit 100% erneuerbarer Energie betrieben\t\t\t\t\t\t\t\t\t<\/h6>\n\t\t\t\t\t\t\t\t\t<p>\n\t\t\t\t\t\t\t\t\t\tJeglicher Abfall unserer Kochprozesse wir in Biogas umgewandelt.\t\t\t\t\t\t\t\t\t<\/p>\n\t\t\t\t\t\t\t\t<\/div>\n\t\t\t\t\t\t\t<\/div>\n\t\t\t\t\t\t\t\t\t\t\t\t\t\t<div class=\"media\">\n\t\t\t\t\t\t\t\t<div class=\"icon-warp\">\n\t\t\t\t\t\t\t\t\t\t\t\t\t\t\t\t\t\t\t<img decoding=\"async\" class=\"mr-3\" src=\"https:\/\/bozita.com\/de\/wp-content\/uploads\/sites\/8\/2021\/05\/FeatureIcon-AnimalProtectionLaws.png\" alt=\"\">\n\t\t\t\t\t\t\t\t\t\t\t\t\t\t\t\t\t<\/div>\n\t\t\t\t\t\t\t\t<div class=\"media-body\">\n\t\t\t\t\t\t\t\t\t<h6 class=\"mt-0\">\n\t\t\t\t\t\t\t\t\t\tStrenge Tierschutzgesetze\t\t\t\t\t\t\t\t\t<\/h6>\n\t\t\t\t\t\t\t\t\t<p>\n\t\t\t\t\t\t\t\t\t\tSchwedens Tierschutzgesetze z\u00e4hlen zu den strengsten der Welt.\t\t\t\t\t\t\t\t\t<\/p>\n\t\t\t\t\t\t\t\t<\/div>\n\t\t\t\t\t\t\t<\/div>\n\t\t\t\t\t\t\t\t\t\t\t\t\t\t<div class=\"media\">\n\t\t\t\t\t\t\t\t<div class=\"icon-warp\">\n\t\t\t\t\t\t\t\t\t\t\t\t\t\t\t\t\t\t\t<img decoding=\"async\" class=\"mr-3\" src=\"https:\/\/bozita.com\/de\/wp-content\/uploads\/sites\/8\/2021\/05\/FeatureIcon-NoGrowthHormones.png\" alt=\"\">\n\t\t\t\t\t\t\t\t\t\t\t\t\t\t\t\t\t<\/div>\n\t\t\t\t\t\t\t\t<div class=\"media-body\">\n\t\t\t\t\t\t\t\t\t<h6 class=\"mt-0\">\n\t\t\t\t\t\t\t\t\t\tKeine Wachstumshormone\t\t\t\t\t\t\t\t\t<\/h6>\n\t\t\t\t\t\t\t\t\t<p>\n\t\t\t\t\t\t\t\t\t\tDie Verwendung von Wachstumshormonen ist in Schweden strengstens verboten.\t\t\t\t\t\t\t\t\t<\/p>\n\t\t\t\t\t\t\t\t<\/div>\n\t\t\t\t\t\t\t<\/div>\n\t\t\t\t\t\t\t\t\t\t\t\t\t\t<div class=\"media\">\n\t\t\t\t\t\t\t\t<div class=\"icon-warp\">\n\t\t\t\t\t\t\t\t\t\t\t\t\t\t\t\t\t\t\t<img decoding=\"async\" class=\"mr-3\" src=\"https:\/\/bozita.com\/de\/wp-content\/uploads\/sites\/8\/2021\/05\/FeatureIcon-RenewableEnergy.png\" alt=\"\">\n\t\t\t\t\t\t\t\t\t\t\t\t\t\t\t\t\t<\/div>\n\t\t\t\t\t\t\t\t<div class=\"media-body\">\n\t\t\t\t\t\t\t\t\t<h6 class=\"mt-0\">\n\t\t\t\t\t\t\t\t\t\tGarantierte Qualit\u00e4t\t\t\t\t\t\t\t\t\t<\/h6>\n\t\t\t\t\t\t\t\t\t<p>\n\t\t\t\t\t\t\t\t\t\tWir sind nach ISO 22 000 f\u00fcr das Lebensmittelsicherheitsmanagement zertifiziert.\t\t\t\t\t\t\t\t\t<\/p>\n\t\t\t\t\t\t\t\t<\/div>\n\t\t\t\t\t\t\t<\/div>\n\t\t\t\t\t\t\t\t\t\t\t<\/div>\n\t\t\t<\/div>\n\t\t<\/div>\n\t\t\n\t\t<div class=\"text-center cta-button\">\n\t\t\t\t\t\t\t<a target=\"\"\n\t\t\t\t\thref=\"https:\/\/bozita.com\/de\/der-naturliche-weg-zum-wohlbefinden\/\" class=\"btn btn-white\">\n\t\t\t\t\tFinde mehr \u00fcber unsere Produktionsprozesse heraus\t\t\t\t<\/a>\n\t\t\t\t\t\t<\/div>\n\t<\/div>\n<\/section>\n","protected":false},"excerpt":{"rendered":"","protected":false},"author":20,"featured_media":0,"parent":0,"menu_order":0,"comment_status":"closed","ping_status":"closed","template":"guternberg.php","meta":{"footnotes":""},"acf":[],"yoast_head":"<!-- This site is optimized with the Yoast SEO plugin v21.3 - https:\/\/yoast.com\/wordpress\/plugins\/seo\/ -->\n<title>Nachhaltigkeit in der Tierfutterproduktion | Bozita DE<\/title>\n<meta name=\"description\" content=\"Qualit\u00e4t und Produktsicherheit sind \u00fcberaus wichtig f\u00fcr uns! Mit unserer Geschmacksgarantie bekommst Du Dein Geld zur\u00fcck.\" \/>\n<meta name=\"robots\" content=\"index, follow, max-snippet:-1, max-image-preview:large, max-video-preview:-1\" \/>\n<link rel=\"canonical\" href=\"https:\/\/bozita.com\/de\/nachhaltigkeit-in-der-tierfutterproduktion\/\" \/>\n<meta property=\"og:locale\" content=\"de_DE\" \/>\n<meta property=\"og:type\" content=\"article\" \/>\n<meta property=\"og:title\" content=\"Nachhaltigkeit in der Tierfutterproduktion | Bozita DE\" \/>\n<meta property=\"og:description\" content=\"Qualit\u00e4t und Produktsicherheit sind \u00fcberaus wichtig f\u00fcr uns! Mit unserer Geschmacksgarantie bekommst Du Dein Geld zur\u00fcck.\" \/>\n<meta property=\"og:url\" content=\"https:\/\/bozita.com\/de\/nachhaltigkeit-in-der-tierfutterproduktion\/\" \/>\n<meta property=\"og:site_name\" content=\"Bozita DE\" \/>\n<meta property=\"article:modified_time\" content=\"2023-09-12T11:08:46+00:00\" \/>\n<meta name=\"twitter:card\" content=\"summary_large_image\" \/>\n<!-- \/ Yoast SEO plugin. -->","yoast_head_json":{"title":"Nachhaltigkeit in der Tierfutterproduktion | Bozita DE","description":"Qualit\u00e4t und Produktsicherheit sind \u00fcberaus wichtig f\u00fcr uns! Mit unserer Geschmacksgarantie bekommst Du Dein Geld zur\u00fcck.","robots":{"index":"index","follow":"follow","max-snippet":"max-snippet:-1","max-image-preview":"max-image-preview:large","max-video-preview":"max-video-preview:-1"},"canonical":"https:\/\/bozita.com\/de\/nachhaltigkeit-in-der-tierfutterproduktion\/","og_locale":"de_DE","og_type":"article","og_title":"Nachhaltigkeit in der Tierfutterproduktion | Bozita DE","og_description":"Qualit\u00e4t und Produktsicherheit sind \u00fcberaus wichtig f\u00fcr uns! Mit unserer Geschmacksgarantie bekommst Du Dein Geld zur\u00fcck.","og_url":"https:\/\/bozita.com\/de\/nachhaltigkeit-in-der-tierfutterproduktion\/","og_site_name":"Bozita DE","article_modified_time":"2023-09-12T11:08:46+00:00","twitter_card":"summary_large_image","schema":{"@context":"https:\/\/schema.org","@graph":[{"@type":"WebPage","@id":"https:\/\/bozita.com\/de\/nachhaltigkeit-in-der-tierfutterproduktion\/","url":"https:\/\/bozita.com\/de\/nachhaltigkeit-in-der-tierfutterproduktion\/","name":"Nachhaltigkeit in der Tierfutterproduktion | Bozita DE","isPartOf":{"@id":"https:\/\/bozita.com\/de\/#website"},"datePublished":"2023-09-12T07:11:09+00:00","dateModified":"2023-09-12T11:08:46+00:00","description":"Qualit\u00e4t und Produktsicherheit sind \u00fcberaus wichtig f\u00fcr uns! Mit unserer Geschmacksgarantie bekommst Du Dein Geld zur\u00fcck.","breadcrumb":{"@id":"https:\/\/bozita.com\/de\/nachhaltigkeit-in-der-tierfutterproduktion\/#breadcrumb"},"inLanguage":"de","potentialAction":[{"@type":"ReadAction","target":["https:\/\/bozita.com\/de\/nachhaltigkeit-in-der-tierfutterproduktion\/"]}]},{"@type":"BreadcrumbList","@id":"https:\/\/bozita.com\/de\/nachhaltigkeit-in-der-tierfutterproduktion\/#breadcrumb","itemListElement":[{"@type":"ListItem","position":1,"name":"Startseite","item":"https:\/\/bozita.com\/de\/"},{"@type":"ListItem","position":2,"name":"Nachhaltigkeit in der Tierfutterproduktion"}]},{"@type":"WebSite","@id":"https:\/\/bozita.com\/de\/#website","url":"https:\/\/bozita.com\/de\/","name":"Bozita DE","description":"","potentialAction":[{"@type":"SearchAction","target":{"@type":"EntryPoint","urlTemplate":"https:\/\/bozita.com\/de\/?s={search_term_string}"},"query-input":"required name=search_term_string"}],"inLanguage":"de"}]}},"_links":{"self":[{"href":"https:\/\/bozita.com\/de\/wp-json\/wp\/v2\/pages\/20533"}],"collection":[{"href":"https:\/\/bozita.com\/de\/wp-json\/wp\/v2\/pages"}],"about":[{"href":"https:\/\/bozita.com\/de\/wp-json\/wp\/v2\/types\/page"}],"author":[{"embeddable":true,"href":"https:\/\/bozita.com\/de\/wp-json\/wp\/v2\/users\/20"}],"replies":[{"embeddable":true,"href":"https:\/\/bozita.com\/de\/wp-json\/wp\/v2\/comments?post=20533"}],"version-history":[{"count":71,"href":"https:\/\/bozita.com\/de\/wp-json\/wp\/v2\/pages\/20533\/revisions"}],"predecessor-version":[{"id":20838,"href":"https:\/\/bozita.com\/de\/wp-json\/wp\/v2\/pages\/20533\/revisions\/20838"}],"wp:attachment":[{"href":"https:\/\/bozita.com\/de\/wp-json\/wp\/v2\/media?parent=20533"}],"curies":[{"name":"wp","href":"https:\/\/api.w.org\/{rel}","templated":true}]}}