{"id":28113,"date":"2024-07-02T10:40:20","date_gmt":"2024-07-02T10:40:20","guid":{"rendered":"https:\/\/bozita.com\/de\/?page_id=28113"},"modified":"2024-08-01T04:01:45","modified_gmt":"2024-08-01T04:01:45","slug":"nassfutter-katze-tetra","status":"publish","type":"page","link":"https:\/\/bozita.com\/de\/katzenfutter\/bozita-nassfutter-katze\/nassfutter-katze-tetra\/","title":{"rendered":"Nassfutter Katze Tetra"},"content":{"rendered":"\n\t\t<section class=\"small-hero-with-image\">\n\t\t\t\t\t\t\t<img decoding=\"async\" class=\"background-image\" src=\"https:\/\/bozita.com\/de\/wp-content\/uploads\/sites\/8\/2024\/07\/Header-Landingpage-Tetra-Katze-ohne-Stoerer.jpg\" alt=\"\">\n\t\t\t\t\t\t\t<div class=\"overlay-v1 overlay-bg\">\n\t\t\t\t<div class=\"container\">\n\t\t\t\t\t<div class=\"row\">\n\t\t\t\t\t\t<div class=\"col-md-6 col-lg-5\">\n\t\t\t\t\t\t\t<h5>Nassfutter Katze<\/h5><h1>Bozita Fresh Menu f\u00fcr Katzen<\/h1><p><p>Das Bozita Fresh Menu Sortiment umfasst schmackhafte, vollwertige Mahlzeiten f\u00fcr deine Katze. Zubereitet mit frischen Zutaten aus der nordischen Wildnis.<\/p>\n<\/p>\t\t\t\t\t\t<\/div>\n\t\t\t\t\t<\/div>\n\t\t\t\t<\/div>\n\t\t\t<\/div>\n\t\t<\/section>\n\t\t\n\n\t<div class=\"text-box-warp\">\n\t\t<div class=\"container\">\n\t\t\t<div class=\"text-content\">\n\t\t\t\t<h4>Nichts hinzugef\u00fcgt. Nichts vergessen. Nur nat\u00fcrliche schwedische Qualit\u00e4t.<\/h4>\n<p>Die H\u00e4ppchen in So\u00dfe sind schmackhafte Alleinfuttermittel, die es in 20 verschiedenen Geschmacksrichtungen gibt. Ein sehr hoher Anteil an frischen tierischen Zutaten macht die H\u00e4ppchen besonders k\u00f6stlich, sodass sie selbst der w\u00e4hlerischsten Katze schmecken. Zudem verleiht der hohe Fleischanteil und ein damit einhergehender niedriger Fettgehalt dem Nassfutter einen guten, ausgewogenen Vitamin- und Mineralstoffgehalt.<\/p>\n<p>Die Rezeptur ist getreidefrei und enth\u00e4lt nat\u00fcrliche Hefe-Beta-Glucane, die gesundheitsf\u00f6rdernde Eigenschaften haben. Das Nassfutter wird ohne Zucker, Farbstoffe oder andere k\u00fcnstliche Zusatzstoffe hergestellt.<\/p>\n<p>&nbsp;<\/p>\n\t\t\t<\/div>\n\t\t<\/div>\n\t<\/div>\n\n\n<section class=\"block ambassadeur-news\">\n\t<div class=\"container\">\n\t\t<h2>Bozita Katze Tetra Sortiment<\/h2>\t\t<div class=\"row justify-content-center\">\n\t\t\t\t\t\t\t\t<div class=\"col-md-6 col-lg-4\">\n\t\t\t\t\t\t<div class=\"card\">\n\t\t\t\t\t\t\t\t\t\t\t\t\t\t<img decoding=\"async\" src=\"https:\/\/bozita.com\/de\/wp-content\/uploads\/sites\/8\/2024\/07\/64937_Bozita_with-Duck_Sauce_370g-450x335.jpg\" alt=\"\">\n\t\t\t\t\t\t\t\t\t\t\t\t\t\t<div class=\"card-body\">\n\t\t\t\t\t\t\t\t<h3>Bozita H\u00e4ppchen in Sauce mit Ente 370 g<\/h3>\n\t\t\t\t\t\t\t\t<a href=\"https:\/\/www.bozita-shop.de\/Katzen\/Katzenfutter-nass\/Bozita-Haeppchen-in-Sauce-mit-Ente-370-g-Menge-6-je-Bestelleinheit::20393.html?utm_source=bozita.com&amp;utm_campaign=Tetra_Katze_Fresh_Menu\" target=\"\" >ONLINE KAUFEN <\/a>\n\t\t\t\t\t\t\t<\/div>\n\t\t\t\t\t\t<\/div>\n\t\t\t\t\t<\/div>\n\t\t\t\t\t\t\t\t\t\t<div class=\"col-md-6 col-lg-4\">\n\t\t\t\t\t\t<div class=\"card\">\n\t\t\t\t\t\t\t\t\t\t\t\t\t\t<img decoding=\"async\" src=\"https:\/\/bozita.com\/de\/wp-content\/uploads\/sites\/8\/2024\/07\/64939_Bozita_with-Chicken-Liver_Sauce_370g-450x335.jpg\" alt=\"\">\n\t\t\t\t\t\t\t\t\t\t\t\t\t\t<div class=\"card-body\">\n\t\t\t\t\t\t\t\t<h3>Bozita H\u00e4ppchen in Sauce mit H\u00fchnchenleber 370 g<\/h3>\n\t\t\t\t\t\t\t\t<a href=\"https:\/\/www.bozita-shop.de\/Katzen\/Katzenfutter-nass\/Bozita-Haeppchen-in-Sauce-mit-Huehnchenleber-370-g-Menge-6-je-Bestelleinheit::20395.html?utm_source=bozita.com&amp;utm_campaign=Tetra_Katze_Fresh_Menu\" target=\"\" >ONLINE KAUFEN <\/a>\n\t\t\t\t\t\t\t<\/div>\n\t\t\t\t\t\t<\/div>\n\t\t\t\t\t<\/div>\n\t\t\t\t\t\t\t\t\t\t<div class=\"col-md-6 col-lg-4\">\n\t\t\t\t\t\t<div class=\"card\">\n\t\t\t\t\t\t\t\t\t\t\t\t\t\t<img decoding=\"async\" src=\"https:\/\/bozita.com\/de\/wp-content\/uploads\/sites\/8\/2024\/07\/4936-01-Bozita-Kitten-Chicken-in-Sauce-370g-Tetra-450x335.jpg\" alt=\"\">\n\t\t\t\t\t\t\t\t\t\t\t\t\t\t<div class=\"card-body\">\n\t\t\t\t\t\t\t\t<h3>Bozita H\u00e4ppchen in Sauce mit H\u00fchnchen f\u00fcr Kitten 370 g<\/h3>\n\t\t\t\t\t\t\t\t<a href=\"https:\/\/www.bozita-shop.de\/Katzen\/Katzenfutter-nass\/Bozita-Haeppchen-in-Sauce-mit-Huehnchen-fuer-Kitten-370-g-Menge-6-je-Bestelleinheit::11765.html?utm_source=bozita.com&amp;utm_campaign=Tetra_Katze_Fresh_Menu\" target=\"\" >ONLINE KAUFEN <\/a>\n\t\t\t\t\t\t\t<\/div>\n\t\t\t\t\t\t<\/div>\n\t\t\t\t\t<\/div>\n\t\t\t\t\t\t\t\t\t\t<div class=\"col-md-6 col-lg-4\">\n\t\t\t\t\t\t<div class=\"card\">\n\t\t\t\t\t\t\t\t\t\t\t\t\t\t<img decoding=\"async\" src=\"https:\/\/bozita.com\/de\/wp-content\/uploads\/sites\/8\/2024\/07\/4916-01-Bozita-Rabbit-in-Jelly-370g-450x335.jpg\" alt=\"\">\n\t\t\t\t\t\t\t\t\t\t\t\t\t\t<div class=\"card-body\">\n\t\t\t\t\t\t\t\t<h3>Bozita H\u00e4ppchen in Gelee mit Kaninchen 370 g <\/h3>\n\t\t\t\t\t\t\t\t<a href=\"https:\/\/www.bozita-shop.de\/Katzen\/Katzenfutter-nass\/Bozita-Haeppchen-in-Gelee-mit-Kaninchen-370-g-Menge-6-je-Bestelleinheit::3372.html\" target=\"\" >ONLINE KAUFEN <\/a>\n\t\t\t\t\t\t\t<\/div>\n\t\t\t\t\t\t<\/div>\n\t\t\t\t\t<\/div>\n\t\t\t\t\t\t\t\t\t\t<div class=\"col-md-6 col-lg-4\">\n\t\t\t\t\t\t<div class=\"card\">\n\t\t\t\t\t\t\t\t\t\t\t\t\t\t<img decoding=\"async\" src=\"https:\/\/bozita.com\/de\/wp-content\/uploads\/sites\/8\/2024\/07\/64911_Bozita-Haeppchen-in-Gelee-mit-Makrele-370-g-Tetra-450x335.jpg\" alt=\"\">\n\t\t\t\t\t\t\t\t\t\t\t\t\t\t<div class=\"card-body\">\n\t\t\t\t\t\t\t\t<h3>Bozita H\u00e4ppchen in Gelee mit Makrele 370 g <\/h3>\n\t\t\t\t\t\t\t\t<a href=\"https:\/\/www.bozita-shop.de\/Katzen\/Katzenfutter-nass\/Bozita-Haeppchen-in-Gelee-mit-Makrele-370-g-Menge-6-je-Bestelleinheit::3377.html?utm_source=Bozita.com&amp;utm_campaign=Tetra_Katze_Fresh_Menu\" target=\"\" >ONLINE KAUFEN <\/a>\n\t\t\t\t\t\t\t<\/div>\n\t\t\t\t\t\t<\/div>\n\t\t\t\t\t<\/div>\n\t\t\t\t\t\t\t\t\t\t<div class=\"col-md-6 col-lg-4\">\n\t\t\t\t\t\t<div class=\"card\">\n\t\t\t\t\t\t\t\t\t\t\t\t\t\t<img decoding=\"async\" src=\"https:\/\/bozita.com\/de\/wp-content\/uploads\/sites\/8\/2024\/07\/4917-01-Bozita-Extra-Chicken-in-Jelly-370g-450x335.jpg\" alt=\"\">\n\t\t\t\t\t\t\t\t\t\t\t\t\t\t<div class=\"card-body\">\n\t\t\t\t\t\t\t\t<h3>Bozita H\u00e4ppchen in Gelee mit viel Huhn 370 g <\/h3>\n\t\t\t\t\t\t\t\t<a href=\"https:\/\/www.bozita-shop.de\/Katzen\/Katzenfutter-nass\/Bozita-Haeppchen-in-Gelee-mit-viel-Huhn-370-g-Menge-6-je-Bestelleinheit::3371.html\" target=\"\" >ONLINE KAUFEN <\/a>\n\t\t\t\t\t\t\t<\/div>\n\t\t\t\t\t\t<\/div>\n\t\t\t\t\t<\/div>\n\t\t\t\t\t\t\t\t\t\t<div class=\"col-md-6 col-lg-4\">\n\t\t\t\t\t\t<div class=\"card\">\n\t\t\t\t\t\t\t\t\t\t\t\t\t\t<img decoding=\"async\" src=\"https:\/\/bozita.com\/de\/wp-content\/uploads\/sites\/8\/2024\/07\/4919-01-Bozita-Turkey-in-Jelly-370g-450x335.jpg\" alt=\"\">\n\t\t\t\t\t\t\t\t\t\t\t\t\t\t<div class=\"card-body\">\n\t\t\t\t\t\t\t\t<h3>Bozita H\u00e4ppchen in Gelee mit Pute 370 g <\/h3>\n\t\t\t\t\t\t\t\t<a href=\"https:\/\/www.bozita-shop.de\/Katzen\/Katzenfutter-nass\/Bozita-Haeppchen-in-Gelee-mit-Pute-370-g-Menge-6-je-Bestelleinheit::3401.html?utm_source=Bozita.com&amp;utm_campaign=Tetra_Katze_Fresh_Menu\" target=\"\" >ONLINE KAUFEN <\/a>\n\t\t\t\t\t\t\t<\/div>\n\t\t\t\t\t\t<\/div>\n\t\t\t\t\t<\/div>\n\t\t\t\t\t\t\t\t\t\t<div class=\"col-md-6 col-lg-4\">\n\t\t\t\t\t\t<div class=\"card\">\n\t\t\t\t\t\t\t\t\t\t\t\t\t\t<img decoding=\"async\" src=\"https:\/\/bozita.com\/de\/wp-content\/uploads\/sites\/8\/2024\/07\/64910_Bozita-Haeppchen-in-Gelee-mit-Schellfisch-370-g-Tetra-450x335.jpg\" alt=\"\">\n\t\t\t\t\t\t\t\t\t\t\t\t\t\t<div class=\"card-body\">\n\t\t\t\t\t\t\t\t<h3>Bozita H\u00e4ppchen in Gelee mit Schellfisch 370 g <\/h3>\n\t\t\t\t\t\t\t\t<a href=\"https:\/\/www.bozita-shop.de\/Katzen\/Katzenfutter-nass\/Bozita-Haeppchen-in-Gelee-mit-Schellfisch-370-g-Menge-6-je-Bestelleinheit::3378.html?utm_source=Bozita.com&amp;utm_campaign=Tetra_Katze_Fresh_Menu\" target=\"\" >ONLINE KAUFEN <\/a>\n\t\t\t\t\t\t\t<\/div>\n\t\t\t\t\t\t<\/div>\n\t\t\t\t\t<\/div>\n\t\t\t\t\t\t\t\t\t\t<div class=\"col-md-6 col-lg-4\">\n\t\t\t\t\t\t<div class=\"card\">\n\t\t\t\t\t\t\t\t\t\t\t\t\t\t<img decoding=\"async\" src=\"https:\/\/bozita.com\/de\/wp-content\/uploads\/sites\/8\/2024\/07\/4935-01-Bozita-Shrimps-in-Sauce-370g-450x335.jpg\" alt=\"\">\n\t\t\t\t\t\t\t\t\t\t\t\t\t\t<div class=\"card-body\">\n\t\t\t\t\t\t\t\t<h3>Bozita H\u00e4ppchen in Sauce mit Garnelen 370 g <\/h3>\n\t\t\t\t\t\t\t\t<a href=\"https:\/\/www.bozita-shop.de\/Katzen\/Katzenfutter-nass\/Bozita-Haeppchen-in-Sauce-mit-Garnelen-370-g-Menge-6-je-Bestelleinheit::3359.html?utm_source=Bozita.com&amp;utm_campaign=Tetra_Katze_Fresh_Menu\" target=\"\" >ONLINE KAUFEN <\/a>\n\t\t\t\t\t\t\t<\/div>\n\t\t\t\t\t\t<\/div>\n\t\t\t\t\t<\/div>\n\t\t\t\t\t\t\t\t\t\t<div class=\"col-md-6 col-lg-4\">\n\t\t\t\t\t\t<div class=\"card\">\n\t\t\t\t\t\t\t\t\t\t\t\t\t\t<img decoding=\"async\" src=\"https:\/\/bozita.com\/de\/wp-content\/uploads\/sites\/8\/2024\/07\/64934_Bozita-Haeppchen-in-Sauce-mit-Huehnchen-und-Pute-370-g-Tetra-450x335.jpg\" alt=\"\">\n\t\t\t\t\t\t\t\t\t\t\t\t\t\t<div class=\"card-body\">\n\t\t\t\t\t\t\t\t<h3>Bozita H\u00e4ppchen in Sauce mit viel Huhn &amp; Pute 370 g <\/h3>\n\t\t\t\t\t\t\t\t<a href=\"https:\/\/www.bozita-shop.de\/Katzen\/Katzenfutter-nass\/Bozita-Haeppchen-in-Sauce-mit-Huehnchen-Pute-370-g-Menge-6-je-Bestelleinheit::3394.html?utm_source=Bozita.com&amp;utm_campaign=Tetra_Katze_Fresh_Menu\" target=\"\" >ONLINE KAUFEN <\/a>\n\t\t\t\t\t\t\t<\/div>\n\t\t\t\t\t\t<\/div>\n\t\t\t\t\t<\/div>\n\t\t\t\t\t\t\t\t\t\t<div class=\"col-md-6 col-lg-4\">\n\t\t\t\t\t\t<div class=\"card\">\n\t\t\t\t\t\t\t\t\t\t\t\t\t\t<img decoding=\"async\" src=\"https:\/\/bozita.com\/de\/wp-content\/uploads\/sites\/8\/2024\/07\/64932_Bozita-Haeppchen-in-Sauce-mit-Kaninchen-370-g-Tetra-450x335.jpg\" alt=\"\">\n\t\t\t\t\t\t\t\t\t\t\t\t\t\t<div class=\"card-body\">\n\t\t\t\t\t\t\t\t<h3>Bozita H\u00e4ppchen in Sauce mit Kaninchen 370 g <\/h3>\n\t\t\t\t\t\t\t\t<a href=\"https:\/\/www.bozita-shop.de\/Katzen\/Katzenfutter-nass\/Bozita-Haeppchen-in-Sauce-mit-Kaninchen-370-g-Menge-6-je-Bestelleinheit::3396.html?utm_source=Bozita.com&amp;utm_campaign=Tetra_Katze_Fresh_Menu\" target=\"\" >ONLINE KAUFEN <\/a>\n\t\t\t\t\t\t\t<\/div>\n\t\t\t\t\t\t<\/div>\n\t\t\t\t\t<\/div>\n\t\t\t\t\t\t\t\t\t\t<div class=\"col-md-6 col-lg-4\">\n\t\t\t\t\t\t<div class=\"card\">\n\t\t\t\t\t\t\t\t\t\t\t\t\t\t<img decoding=\"async\" src=\"https:\/\/bozita.com\/de\/wp-content\/uploads\/sites\/8\/2024\/07\/64933_Bozita-Haeppchen-in-Sauce-mit-Lachs-370-g-Tetra-450x335.jpg\" alt=\"\">\n\t\t\t\t\t\t\t\t\t\t\t\t\t\t<div class=\"card-body\">\n\t\t\t\t\t\t\t\t<h3>Bozita H\u00e4ppchen in Sauce mit Lachs 370 g <\/h3>\n\t\t\t\t\t\t\t\t<a href=\"https:\/\/www.bozita-shop.de\/Katzen\/Katzenfutter-nass\/Bozita-Haeppchen-in-Sauce-mit-Lachs-370-g-Menge-6-je-Bestelleinheit::3395.html?utm_source=Bozita.com&amp;utm_campaign=Tetra_Katze_Fresh_Menu\" target=\"\" >ONLINE KAUFEN <\/a>\n\t\t\t\t\t\t\t<\/div>\n\t\t\t\t\t\t<\/div>\n\t\t\t\t\t<\/div>\n\t\t\t\t\t\t\t\t\t\t<div class=\"col-md-6 col-lg-4\">\n\t\t\t\t\t\t<div class=\"card\">\n\t\t\t\t\t\t\t\t\t\t\t\t\t\t<img decoding=\"async\" src=\"https:\/\/bozita.com\/de\/wp-content\/uploads\/sites\/8\/2024\/07\/4930-01-Bozita-Reindeer-in-Sauce-370g-450x335.jpg\" alt=\"\">\n\t\t\t\t\t\t\t\t\t\t\t\t\t\t<div class=\"card-body\">\n\t\t\t\t\t\t\t\t<h3>Bozita H\u00e4ppchen in Sauce mit Rentier 370 g<\/h3>\n\t\t\t\t\t\t\t\t<a href=\"https:\/\/www.bozita-shop.de\/Katzen\/Katzenfutter-nass\/Bozita-Haeppchen-in-Sauce-mit-Rentier-370-g-Menge-6-je-Bestelleinheit::3398.html?utm_source=Bozita.com&amp;utm_campaign=Tetra_Katze_Fresh_Menu\" target=\"\" >ONLINE KAUFEN <\/a>\n\t\t\t\t\t\t\t<\/div>\n\t\t\t\t\t\t<\/div>\n\t\t\t\t\t<\/div>\n\t\t\t\t\t\t\t\t\t\t<div class=\"col-md-6 col-lg-4\">\n\t\t\t\t\t\t<div class=\"card\">\n\t\t\t\t\t\t\t\t\t\t\t\t\t\t<img decoding=\"async\" src=\"https:\/\/bozita.com\/de\/wp-content\/uploads\/sites\/8\/2024\/07\/4931-01-Bozita-Beef-in-Sauce-370g-450x335.jpg\" alt=\"\">\n\t\t\t\t\t\t\t\t\t\t\t\t\t\t<div class=\"card-body\">\n\t\t\t\t\t\t\t\t<h3>Bozita H\u00e4ppchen in Sauce mit Rind 370 g<\/h3>\n\t\t\t\t\t\t\t\t<a href=\"https:\/\/www.bozita-shop.de\/Katzen\/Katzenfutter-nass\/Bozita-Haeppchen-in-Sauce-mit-Rind-370-g-Menge-6-je-Bestelleinheit::3397.html?utm_source=Bozita.com&amp;utm_campaign=Tetra_Katze_Fresh_Menu\" target=\"\" >ONLINE KAUFEN <\/a>\n\t\t\t\t\t\t\t<\/div>\n\t\t\t\t\t\t<\/div>\n\t\t\t\t\t<\/div>\n\t\t\t\t\t\t\t\t\t\t<div class=\"col-md-6 col-lg-4\">\n\t\t\t\t\t\t<div class=\"card\">\n\t\t\t\t\t\t\t\t\t\t\t\t\t\t<img decoding=\"async\" src=\"https:\/\/bozita.com\/de\/wp-content\/uploads\/sites\/8\/2024\/07\/64922_Bozita_Sterilised-with-Artic-Char_Sauce_370g-450x335.jpg\" alt=\"\">\n\t\t\t\t\t\t\t\t\t\t\t\t\t\t<div class=\"card-body\">\n\t\t\t\t\t\t\t\t<h3>Bozita Sterilised H\u00e4ppchen in Sauce mit Saibling 370 g<\/h3>\n\t\t\t\t\t\t\t\t<a href=\"https:\/\/www.bozita-shop.de\/Katzen\/Katzenfutter-nass\/Bozita-Sterilised-Haeppchen-in-Sauce-mit-Saibling-370-g-Menge-6-je-Bestelleinheit::20392.html?utm_source=Bozita.com&amp;utm_campaign=Tetra_Katze_Fresh_Menu\" target=\"\" >ONLINE KAUFEN <\/a>\n\t\t\t\t\t\t\t<\/div>\n\t\t\t\t\t\t<\/div>\n\t\t\t\t\t<\/div>\n\t\t\t\t\t\t\t\t\t\t<div class=\"col-md-6 col-lg-4\">\n\t\t\t\t\t\t<div class=\"card\">\n\t\t\t\t\t\t\t\t\t\t\t\t\t\t<img decoding=\"async\" src=\"https:\/\/bozita.com\/de\/wp-content\/uploads\/sites\/8\/2024\/07\/64923_Bozita_Sterilised-with-extra-Chicken_Sauce_370g-450x335.jpg\" alt=\"\">\n\t\t\t\t\t\t\t\t\t\t\t\t\t\t<div class=\"card-body\">\n\t\t\t\t\t\t\t\t<h3>Bozita Sterilised H\u00e4ppchen in Sauce mit viel Huhn 370 g<\/h3>\n\t\t\t\t\t\t\t\t<a href=\"https:\/\/www.bozita-shop.de\/Katzen\/Katzenfutter-nass\/Bozita-Sterilised-Haeppchen-in-Sauce-mit-viel-Huhn-370-g-Menge-6-je-Bestelleinheit::20400.html?utm_source=Bozita.com&amp;utm_campaign=Tetra_Katze_Fresh_Menu\" target=\"\" >ONLINE KAUFEN <\/a>\n\t\t\t\t\t\t\t<\/div>\n\t\t\t\t\t\t<\/div>\n\t\t\t\t\t<\/div>\n\t\t\t\t\t\t\t\t\t\t<div class=\"col-md-6 col-lg-4\">\n\t\t\t\t\t\t<div class=\"card\">\n\t\t\t\t\t\t\t\t\t\t\t\t\t\t<img decoding=\"async\" src=\"https:\/\/bozita.com\/de\/wp-content\/uploads\/sites\/8\/2024\/07\/64924_Bozita_Sterilised-with-Chicken-Beef_Jelly_370g-2-450x335.jpg\" alt=\"\">\n\t\t\t\t\t\t\t\t\t\t\t\t\t\t<div class=\"card-body\">\n\t\t\t\t\t\t\t\t<h3>Bozita Sterilised H\u00e4ppchen in Gelee mit Huhn &amp; Rind 370 g<\/h3>\n\t\t\t\t\t\t\t\t<a href=\"https:\/\/www.bozita-shop.de\/Katzen\/Katzenfutter-nass\/Bozita-Sterilised-Haeppchen-in-Gelee-mit-Huhn-Rind-370-g-Menge-6-je-Bestelleinheit::20401.html?utm_source=Bozita.com&amp;utm_campaign=Tetra_Katze_Fresh_Menu\" target=\"\" >ONLINE KAUFEN <\/a>\n\t\t\t\t\t\t\t<\/div>\n\t\t\t\t\t\t<\/div>\n\t\t\t\t\t<\/div>\n\t\t\t\t\t\t\t\t\t\t<div class=\"col-md-6 col-lg-4\">\n\t\t\t\t\t\t<div class=\"card\">\n\t\t\t\t\t\t\t\t\t\t\t\t\t\t<img decoding=\"async\" src=\"https:\/\/bozita.com\/de\/wp-content\/uploads\/sites\/8\/2024\/07\/64938_Bozita_with-Lamb_Sauce_370g-450x335.jpg\" alt=\"\">\n\t\t\t\t\t\t\t\t\t\t\t\t\t\t<div class=\"card-body\">\n\t\t\t\t\t\t\t\t<h3>Bozita H\u00e4ppchen in Sauce mit Lamm 370 g<\/h3>\n\t\t\t\t\t\t\t\t<a href=\"https:\/\/www.bozita-shop.de\/Katzen\/Katzenfutter-nass\/Bozita-Haeppchen-in-Sauce-mit-Lamm-370-g-Menge-6-je-Bestelleinheit::20394.html?utm_source=Bozita.com&amp;utm_campaign=Tetra_Katze_Fresh_Menu\" target=\"\" >ONLINE KAUFEN <\/a>\n\t\t\t\t\t\t\t<\/div>\n\t\t\t\t\t\t<\/div>\n\t\t\t\t\t<\/div>\n\t\t\t\t\t\t\t\t\t\t<div class=\"col-md-6 col-lg-4\">\n\t\t\t\t\t\t<div class=\"card\">\n\t\t\t\t\t\t\t\t\t\t\t\t\t\t<img decoding=\"async\" src=\"https:\/\/bozita.com\/de\/wp-content\/uploads\/sites\/8\/2024\/07\/64925_Bozita_Sterilised-with-Venison_Jelly_370g-450x335.jpg\" alt=\"\">\n\t\t\t\t\t\t\t\t\t\t\t\t\t\t<div class=\"card-body\">\n\t\t\t\t\t\t\t\t<h3>Bozita Sterilised H\u00e4ppchen in Gelee mit Hirsch 370 g<\/h3>\n\t\t\t\t\t\t\t\t<a href=\"https:\/\/www.bozita-shop.de\/Katzen\/Katzenfutter-nass\/Bozita-Sterilised-Haeppchen-in-Gelee-mit-Hirsch-370-g-Menge-6-je-Bestelleinheit::20402.html?utm_source=Bozita.com&amp;utm_campaign=Tetra_Katze_Fresh_Menu\" target=\"\" >ONLINE KAUFEN <\/a>\n\t\t\t\t\t\t\t<\/div>\n\t\t\t\t\t\t<\/div>\n\t\t\t\t\t<\/div>\n\t\t\t\t\t\t\t\t\t\t<div class=\"col-md-6 col-lg-4\">\n\t\t\t\t\t\t<div class=\"card\">\n\t\t\t\t\t\t\t\t\t\t\t\t\t\t<img decoding=\"async\" src=\"https:\/\/bozita.com\/de\/wp-content\/uploads\/sites\/8\/2024\/07\/4913-01-Bozita-Minced-Beef-in-Jelly-370g-450x335.jpg\" alt=\"\">\n\t\t\t\t\t\t\t\t\t\t\t\t\t\t<div class=\"card-body\">\n\t\t\t\t\t\t\t\t<h3>Bozita H\u00e4ppchen in Gelee mit Rindhack 370 g<\/h3>\n\t\t\t\t\t\t\t\t<a href=\"https:\/\/www.bozita-shop.de\/Katzen\/Katzenfutter-nass\/Bozita-Haeppchen-in-Gelee-mit-Rinderhack-370-g-Menge-6-je-Bestelleinheit::3375.html\" target=\"\" >ONLINE KAUFEN <\/a>\n\t\t\t\t\t\t\t<\/div>\n\t\t\t\t\t\t<\/div>\n\t\t\t\t\t<\/div>\n\t\t\t\t\t\n\t\t<\/div>\n\t\t\t\t\t<div class=\"text-center cta-button\">\n\t\t\t\t<a target=\"\" href=\"#\" class=\"btn btn-primary\"><\/a>\n\t\t\t<\/div>\n\t\t\t<\/div>\n\n<\/section>\n","protected":false},"excerpt":{"rendered":"","protected":false},"author":20,"featured_media":6981,"parent":6961,"menu_order":0,"comment_status":"closed","ping_status":"closed","template":"guternberg.php","meta":{"footnotes":""},"acf":[],"yoast_head":"<!-- This site is optimized with the Yoast SEO plugin v21.3 - https:\/\/yoast.com\/wordpress\/plugins\/seo\/ -->\n<title>Nassfutter Katze Tetra | Bozita DE<\/title>\n<meta name=\"description\" content=\"Swedish-made, natural dry food for dogs. Bozita&#039;s dog food dry food is available with many choices. Grain-free dry food, dry food with a high meat content, etc.\" \/>\n<meta name=\"robots\" content=\"index, follow, max-snippet:-1, max-image-preview:large, max-video-preview:-1\" \/>\n<link rel=\"canonical\" href=\"https:\/\/bozita.com\/de\/katzenfutter\/bozita-nassfutter-katze\/nassfutter-katze-tetra\/\" \/>\n<meta property=\"og:locale\" content=\"de_DE\" \/>\n<meta property=\"og:type\" content=\"article\" \/>\n<meta property=\"og:title\" content=\"Nassfutter Katze Tetra | Bozita DE\" \/>\n<meta property=\"og:description\" content=\"Swedish-made, natural dry food for dogs. Bozita&#039;s dog food dry food is available with many choices. Grain-free dry food, dry food with a high meat content, etc.\" \/>\n<meta property=\"og:url\" content=\"https:\/\/bozita.com\/de\/katzenfutter\/bozita-nassfutter-katze\/nassfutter-katze-tetra\/\" \/>\n<meta property=\"og:site_name\" content=\"Bozita DE\" \/>\n<meta property=\"article:modified_time\" content=\"2024-08-01T04:01:45+00:00\" \/>\n<meta property=\"og:image\" content=\"https:\/\/bozita.com\/de\/wp-content\/uploads\/sites\/8\/2021\/06\/bozita-torrfoder.jpg\" \/>\n\t<meta property=\"og:image:width\" content=\"1600\" \/>\n\t<meta property=\"og:image:height\" content=\"578\" \/>\n\t<meta property=\"og:image:type\" content=\"image\/jpeg\" \/>\n<meta name=\"twitter:card\" content=\"summary_large_image\" \/>\n<!-- \/ Yoast SEO plugin. -->","yoast_head_json":{"title":"Nassfutter Katze Tetra | Bozita DE","description":"Swedish-made, natural dry food for dogs. Bozita's dog food dry food is available with many choices. Grain-free dry food, dry food with a high meat content, etc.","robots":{"index":"index","follow":"follow","max-snippet":"max-snippet:-1","max-image-preview":"max-image-preview:large","max-video-preview":"max-video-preview:-1"},"canonical":"https:\/\/bozita.com\/de\/katzenfutter\/bozita-nassfutter-katze\/nassfutter-katze-tetra\/","og_locale":"de_DE","og_type":"article","og_title":"Nassfutter Katze Tetra | Bozita DE","og_description":"Swedish-made, natural dry food for dogs. Bozita's dog food dry food is available with many choices. Grain-free dry food, dry food with a high meat content, etc.","og_url":"https:\/\/bozita.com\/de\/katzenfutter\/bozita-nassfutter-katze\/nassfutter-katze-tetra\/","og_site_name":"Bozita DE","article_modified_time":"2024-08-01T04:01:45+00:00","og_image":[{"width":1600,"height":578,"url":"https:\/\/bozita.com\/de\/wp-content\/uploads\/sites\/8\/2021\/06\/bozita-torrfoder.jpg","type":"image\/jpeg"}],"twitter_card":"summary_large_image","schema":{"@context":"https:\/\/schema.org","@graph":[{"@type":"WebPage","@id":"https:\/\/bozita.com\/de\/katzenfutter\/bozita-nassfutter-katze\/nassfutter-katze-tetra\/","url":"https:\/\/bozita.com\/de\/katzenfutter\/bozita-nassfutter-katze\/nassfutter-katze-tetra\/","name":"Nassfutter Katze Tetra | Bozita DE","isPartOf":{"@id":"https:\/\/bozita.com\/de\/#website"},"datePublished":"2024-07-02T10:40:20+00:00","dateModified":"2024-08-01T04:01:45+00:00","description":"Swedish-made, natural dry food for dogs. Bozita's dog food dry food is available with many choices. Grain-free dry food, dry food with a high meat content, etc.","breadcrumb":{"@id":"https:\/\/bozita.com\/de\/katzenfutter\/bozita-nassfutter-katze\/nassfutter-katze-tetra\/#breadcrumb"},"inLanguage":"de","potentialAction":[{"@type":"ReadAction","target":["https:\/\/bozita.com\/de\/katzenfutter\/bozita-nassfutter-katze\/nassfutter-katze-tetra\/"]}]},{"@type":"BreadcrumbList","@id":"https:\/\/bozita.com\/de\/katzenfutter\/bozita-nassfutter-katze\/nassfutter-katze-tetra\/#breadcrumb","itemListElement":[{"@type":"ListItem","position":1,"name":"Startseite","item":"https:\/\/bozita.com\/de\/"},{"@type":"ListItem","position":2,"name":"Bozita Katzenfutter \u2013 Nat\u00fcrliches f\u00fcr Ihre Katze","item":"https:\/\/bozita.com\/de\/katzenfutter\/"},{"@type":"ListItem","position":3,"name":"Nassfutter Katze \u2013 in Schweden hergestellt","item":"https:\/\/bozita.com\/de\/katzenfutter\/bozita-nassfutter-katze\/"},{"@type":"ListItem","position":4,"name":"Nassfutter Katze Tetra"}]},{"@type":"WebSite","@id":"https:\/\/bozita.com\/de\/#website","url":"https:\/\/bozita.com\/de\/","name":"Bozita DE","description":"","potentialAction":[{"@type":"SearchAction","target":{"@type":"EntryPoint","urlTemplate":"https:\/\/bozita.com\/de\/?s={search_term_string}"},"query-input":"required name=search_term_string"}],"inLanguage":"de"}]}},"_links":{"self":[{"href":"https:\/\/bozita.com\/de\/wp-json\/wp\/v2\/pages\/28113"}],"collection":[{"href":"https:\/\/bozita.com\/de\/wp-json\/wp\/v2\/pages"}],"about":[{"href":"https:\/\/bozita.com\/de\/wp-json\/wp\/v2\/types\/page"}],"author":[{"embeddable":true,"href":"https:\/\/bozita.com\/de\/wp-json\/wp\/v2\/users\/20"}],"replies":[{"embeddable":true,"href":"https:\/\/bozita.com\/de\/wp-json\/wp\/v2\/comments?post=28113"}],"version-history":[{"count":111,"href":"https:\/\/bozita.com\/de\/wp-json\/wp\/v2\/pages\/28113\/revisions"}],"predecessor-version":[{"id":28667,"href":"https:\/\/bozita.com\/de\/wp-json\/wp\/v2\/pages\/28113\/revisions\/28667"}],"up":[{"embeddable":true,"href":"https:\/\/bozita.com\/de\/wp-json\/wp\/v2\/pages\/6961"}],"wp:featuredmedia":[{"embeddable":true,"href":"https:\/\/bozita.com\/de\/wp-json\/wp\/v2\/media\/6981"}],"wp:attachment":[{"href":"https:\/\/bozita.com\/de\/wp-json\/wp\/v2\/media?parent=28113"}],"curies":[{"name":"wp","href":"https:\/\/api.w.org\/{rel}","templated":true}]}}