{"id":28672,"date":"2024-08-06T13:10:47","date_gmt":"2024-08-06T13:10:47","guid":{"rendered":"https:\/\/bozita.com\/de\/?page_id=28672"},"modified":"2024-08-30T18:00:50","modified_gmt":"2024-08-30T18:00:50","slug":"trockenfutter-hund-purely","status":"publish","type":"page","link":"https:\/\/bozita.com\/de\/hundefutter\/trockenfutter-hund-purely\/","title":{"rendered":"Trockenfutter Hund Purely"},"content":{"rendered":"\n\t\t<section class=\"small-hero-with-image\">\n\t\t\t\t\t\t\t<img decoding=\"async\" class=\"background-image\" src=\"https:\/\/bozita.com\/de\/wp-content\/uploads\/sites\/8\/2024\/07\/Header-Landingpage-Purely_FINAL.jpg\" alt=\"\">\n\t\t\t\t\t\t\t<div class=\"overlay-v1 overlay-bg\">\n\t\t\t\t<div class=\"container\">\n\t\t\t\t\t<div class=\"row\">\n\t\t\t\t\t\t<div class=\"col-md-6 col-lg-5\">\n\t\t\t\t\t\t\t<h5>Trockenfutter Hund <\/h5><h1>Bozita Purely. Hol deinem Hund die nordische Wildnis nach Hause.<\/h1><p><p>Premium Trockenfutter, gekocht in Schweden, ohne Getreide und ohne unn\u00f6tige Zus\u00e4tze.<\/p>\n<\/p>\t\t\t\t\t\t<\/div>\n\t\t\t\t\t<\/div>\n\t\t\t\t<\/div>\n\t\t\t<\/div>\n\t\t<\/section>\n\t\t\n\n\t<div class=\"text-box-warp\">\n\t\t<div class=\"container\">\n\t\t\t<div class=\"text-content\">\n\t\t\t\t<h4>Mit dem Geschmack des Nordens: Gesunde Mahlzeiten mit einem ausgewogenen Verh\u00e4ltnis von Proteinen, Fetten, Vitaminen und Mineralien.<\/h4>\n<p>Das<strong>\u00a0Bozita Purely\u00a0<\/strong>Sortiment umfasst vollwertige Alleinfuttermittel f\u00fcr alle Hunde, unabh\u00e4ngig von der Gr\u00f6\u00dfe, der Rasse und dem Aktivit\u00e4tsniveau. Das Futter basiert auf schmackhaften, getreidefreien Rezepturen mit vielen gesunden Extras:<\/p>\n<ul>\n<li>arktische Beeren (Molte- und Kr\u00e4henbeeren) mit viel Vitamin C und Antioxidantien<\/li>\n<li>pr\u00e4biotischem FOS zur F\u00f6rderung einer guten funktionellen Darmflora<\/li>\n<li>Aminos\u00e4ure Taurin f\u00fcr ein gesundes Herz und f\u00fcr die Funktion des Augenlichtes<\/li>\n<li>Wertvolle Vitamine zur St\u00e4rkung der Abwehrkr\u00e4fte<\/li>\n<\/ul>\n<p>Das Futter ist in verschiedenen Verpackungsgr\u00f6\u00dfen erh\u00e4ltlich. Die S\u00e4cke werden aus recycelbarem Material hergestellt.<\/p>\n<p>W\u00e4hle zwischen reichhaltigen Geschmacksrichtungen wie Wild-Elch, Rentier, Lachs &amp; Rind oder Lamm.<\/p>\n\t\t\t<\/div>\n\t\t<\/div>\n\t<\/div>\n\n\n<section class=\"block ambassadeur-news\">\n\t<div class=\"container\">\n\t\t<h2>Bozita Purely Sortiment<\/h2>\t\t<div class=\"row justify-content-center\">\n\t\t\t\t\t\t\t\t<div class=\"col-md-6 col-lg-4\">\n\t\t\t\t\t\t<div class=\"card\">\n\t\t\t\t\t\t\t\t\t\t\t\t\t\t<img decoding=\"async\" src=\"https:\/\/bozita.com\/de\/wp-content\/uploads\/sites\/8\/2024\/07\/45041-1_Bozita_Purely_Adult-Small-Salmon-Beef_25kg_Dog_Collabra_3D_20240126-1-450x335.jpg\" alt=\"\">\n\t\t\t\t\t\t\t\t\t\t\t\t\t\t<div class=\"card-body\">\n\t\t\t\t\t\t\t\t<h3>Bozita Purely Adult Small mit Lachs &amp; Rind<\/h3>\n\t\t\t\t\t\t\t\t<a href=\"https:\/\/www.bozita-shop.de\/Hunde\/Hundefutter-trocken\/Bozita-Purely\/Bozita-Purely-Adult-Small-mit-Lachs-Rind-getreidefrei-2-5-kg::20412.html?utm_source=bozita.comu0026amp;utm_campaign=Purely\" target=\"_blank\" >Hier online kaufen <\/a>\n\t\t\t\t\t\t\t<\/div>\n\t\t\t\t\t\t<\/div>\n\t\t\t\t\t<\/div>\n\t\t\t\t\t\t\t\t\t\t<div class=\"col-md-6 col-lg-4\">\n\t\t\t\t\t\t<div class=\"card\">\n\t\t\t\t\t\t\t\t\t\t\t\t\t\t<img decoding=\"async\" src=\"https:\/\/bozita.com\/de\/wp-content\/uploads\/sites\/8\/2024\/07\/45081-1_Bozita_Purely_Adult-Large-Salmon-Beef_25kg_Dog_Collabra_3D_20240126-1-450x335.jpg\" alt=\"\">\n\t\t\t\t\t\t\t\t\t\t\t\t\t\t<div class=\"card-body\">\n\t\t\t\t\t\t\t\t<h3>Bozita Purely Adult Large mit Lachs &amp; Rind<\/h3>\n\t\t\t\t\t\t\t\t<a href=\"https:\/\/www.bozita-shop.de\/Hunde\/Hundefutter-trocken\/Bozita-Purely\/Bozita-Purely-Adult-Large-mit-Lachs-Rind-getreidefrei-2-5-kg::20417.html?utm_source=bozita.comu0026amp;utm_campaign=Purely\" target=\"_blank\" >HIer online kaufen <\/a>\n\t\t\t\t\t\t\t<\/div>\n\t\t\t\t\t\t<\/div>\n\t\t\t\t\t<\/div>\n\t\t\t\t\t\t\t\t\t\t<div class=\"col-md-6 col-lg-4\">\n\t\t\t\t\t\t<div class=\"card\">\n\t\t\t\t\t\t\t\t\t\t\t\t\t\t<img decoding=\"async\" src=\"https:\/\/bozita.com\/de\/wp-content\/uploads\/sites\/8\/2024\/07\/45071-1_Bozita_Purely_Adult-Reindeer_25kg_Dog_Collabra_3D_20240126-1-450x335.jpg\" alt=\"\">\n\t\t\t\t\t\t\t\t\t\t\t\t\t\t<div class=\"card-body\">\n\t\t\t\t\t\t\t\t<h3>Bozita Purely Adult Active mit Rentier<\/h3>\n\t\t\t\t\t\t\t\t<a href=\"https:\/\/www.bozita-shop.de\/Hunde\/Hundefutter-trocken\/Bozita-Purely\/Bozita-Purely-Adult-Active-mit-Rentier-getreidefrei-2-5-kg::20416.html?utm_source=bozita.comu0026amp;utm_campaign=Purely\" target=\"_blank\" >Hier online kaufen <\/a>\n\t\t\t\t\t\t\t<\/div>\n\t\t\t\t\t\t<\/div>\n\t\t\t\t\t<\/div>\n\t\t\t\t\t\t\t\t\t\t<div class=\"col-md-6 col-lg-4\">\n\t\t\t\t\t\t<div class=\"card\">\n\t\t\t\t\t\t\t\t\t\t\t\t\t\t<img decoding=\"async\" src=\"https:\/\/bozita.com\/de\/wp-content\/uploads\/sites\/8\/2024\/07\/45061-1_Bozita_Purely_Adult-Elk_25kg_Dog_Collabra_3D_20240126-1-450x335.jpg\" alt=\"\">\n\t\t\t\t\t\t\t\t\t\t\t\t\t\t<div class=\"card-body\">\n\t\t\t\t\t\t\t\t<h3>Bozita Purely Adult mit Elch<\/h3>\n\t\t\t\t\t\t\t\t<a href=\"https:\/\/www.bozita-shop.de\/Hunde\/Hundefutter-trocken\/Bozita-Purely\/Bozita-Purely-Adult-mit-Elch-getreidefrei-2-5-kg::20415.html?utm_source=bozita.comu0026amp;utm_campaign=Purely\" target=\"_blank\" >Hier online kaufen <\/a>\n\t\t\t\t\t\t\t<\/div>\n\t\t\t\t\t\t<\/div>\n\t\t\t\t\t<\/div>\n\t\t\t\t\t\t\t\t\t\t<div class=\"col-md-6 col-lg-4\">\n\t\t\t\t\t\t<div class=\"card\">\n\t\t\t\t\t\t\t\t\t\t\t\t\t\t<img decoding=\"async\" src=\"https:\/\/bozita.com\/de\/wp-content\/uploads\/sites\/8\/2024\/07\/45051-1_Bozita_Purely_Adult-Lamb_25kg_Dog_Collabra_3D_20240126-1-450x335.jpg\" alt=\"\">\n\t\t\t\t\t\t\t\t\t\t\t\t\t\t<div class=\"card-body\">\n\t\t\t\t\t\t\t\t<h3>Bozita Purely Adult Lamm Single Protein <\/h3>\n\t\t\t\t\t\t\t\t<a href=\"https:\/\/www.bozita-shop.de\/Hunde\/Hundefutter-trocken\/Bozita-Purely\/Bozita-Purely-Adult-Lamm-Single-Protein-getreidefrei-2-5-kg::20414.html?utm_source=bozita.comu0026amp;utm_campaign=Purely\" target=\"_blank\" >Hier online kaufen <\/a>\n\t\t\t\t\t\t\t<\/div>\n\t\t\t\t\t\t<\/div>\n\t\t\t\t\t<\/div>\n\t\t\t\t\t\t\t\t\t\t<div class=\"col-md-6 col-lg-4\">\n\t\t\t\t\t\t<div class=\"card\">\n\t\t\t\t\t\t\t\t\t\t\t\t\t\t<img decoding=\"async\" src=\"https:\/\/bozita.com\/de\/wp-content\/uploads\/sites\/8\/2024\/07\/45031-1_Bozita_Purely_Puppy-Junior-Large-Elk_25kg_Dog_Collabra_3D_20240126-1-450x335.jpg\" alt=\"\">\n\t\t\t\t\t\t\t\t\t\t\t\t\t\t<div class=\"card-body\">\n\t\t\t\t\t\t\t\t<h3>Bozita Purely Puppy &amp; Junior mit Elch <\/h3>\n\t\t\t\t\t\t\t\t<a href=\"https:\/\/www.bozita-shop.de\/Hunde\/Hundefutter-trocken\/Bozita-Purely\/Bozita-Purely-Puppy-Junior-mit-Elch-getreidefrei-2-5-kg::20410.html?utm_source=bozita.comu0026amp;utm_campaign=Purely\" target=\"_blank\" >Hier online kaufen <\/a>\n\t\t\t\t\t\t\t<\/div>\n\t\t\t\t\t\t<\/div>\n\t\t\t\t\t<\/div>\n\t\t\t\t\t\t\t\t\t\t<div class=\"col-md-6 col-lg-4\">\n\t\t\t\t\t\t<div class=\"card\">\n\t\t\t\t\t\t\t\t\t\t\t\t\t\t<img decoding=\"async\" src=\"https:\/\/bozita.com\/de\/wp-content\/uploads\/sites\/8\/2024\/07\/45021-1_Bozita_Purely_Puppy-Junior-Elk_25kg_Dog_Collabra_3D_20240126-1-450x335.jpg\" alt=\"\">\n\t\t\t\t\t\t\t\t\t\t\t\t\t\t<div class=\"card-body\">\n\t\t\t\t\t\t\t\t<h3>Bozita Purely Puppy &amp; Junior Large mit Elch<\/h3>\n\t\t\t\t\t\t\t\t<a href=\"https:\/\/www.bozita-shop.de\/Hunde\/Hundefutter-trocken\/Bozita-Purely\/Bozita-Purely-Puppy-Junior-Large-mit-Elch-getreidefrei-2-5-kg::20411.html\" target=\"_blank\" >Hier online kaufen <\/a>\n\t\t\t\t\t\t\t<\/div>\n\t\t\t\t\t\t<\/div>\n\t\t\t\t\t<\/div>\n\t\t\t\t\t\n\t\t<\/div>\n\t\t\t\t\t<div class=\"text-center cta-button\">\n\t\t\t\t<a target=\"\" href=\"#\" class=\"btn btn-primary\"><\/a>\n\t\t\t<\/div>\n\t\t\t<\/div>\n\n<\/section>\n","protected":false},"excerpt":{"rendered":"","protected":false},"author":20,"featured_media":6981,"parent":7009,"menu_order":0,"comment_status":"closed","ping_status":"closed","template":"guternberg.php","meta":{"footnotes":""},"acf":[],"yoast_head":"<!-- This site is optimized with the Yoast SEO plugin v21.3 - https:\/\/yoast.com\/wordpress\/plugins\/seo\/ -->\n<title>Trockenfutter Hund Purely | Bozita DE<\/title>\n<meta name=\"description\" content=\"Swedish-made, natural dry food for dogs. Bozita&#039;s dog food dry food is available with many choices. Grain-free dry food, dry food with a high meat content, etc.\" \/>\n<meta name=\"robots\" content=\"index, follow, max-snippet:-1, max-image-preview:large, max-video-preview:-1\" \/>\n<link rel=\"canonical\" href=\"https:\/\/bozita.com\/de\/hundefutter\/trockenfutter-hund-purely\/\" \/>\n<meta property=\"og:locale\" content=\"de_DE\" \/>\n<meta property=\"og:type\" content=\"article\" \/>\n<meta property=\"og:title\" content=\"Trockenfutter Hund Purely | Bozita DE\" \/>\n<meta property=\"og:description\" content=\"Swedish-made, natural dry food for dogs. Bozita&#039;s dog food dry food is available with many choices. Grain-free dry food, dry food with a high meat content, etc.\" \/>\n<meta property=\"og:url\" content=\"https:\/\/bozita.com\/de\/hundefutter\/trockenfutter-hund-purely\/\" \/>\n<meta property=\"og:site_name\" content=\"Bozita DE\" \/>\n<meta property=\"article:modified_time\" content=\"2024-08-30T18:00:50+00:00\" \/>\n<meta property=\"og:image\" content=\"https:\/\/bozita.com\/de\/wp-content\/uploads\/sites\/8\/2021\/06\/bozita-torrfoder.jpg\" \/>\n\t<meta property=\"og:image:width\" content=\"1600\" \/>\n\t<meta property=\"og:image:height\" content=\"578\" \/>\n\t<meta property=\"og:image:type\" content=\"image\/jpeg\" \/>\n<meta name=\"twitter:card\" content=\"summary_large_image\" \/>\n<!-- \/ Yoast SEO plugin. -->","yoast_head_json":{"title":"Trockenfutter Hund Purely | Bozita DE","description":"Swedish-made, natural dry food for dogs. Bozita's dog food dry food is available with many choices. Grain-free dry food, dry food with a high meat content, etc.","robots":{"index":"index","follow":"follow","max-snippet":"max-snippet:-1","max-image-preview":"max-image-preview:large","max-video-preview":"max-video-preview:-1"},"canonical":"https:\/\/bozita.com\/de\/hundefutter\/trockenfutter-hund-purely\/","og_locale":"de_DE","og_type":"article","og_title":"Trockenfutter Hund Purely | Bozita DE","og_description":"Swedish-made, natural dry food for dogs. Bozita's dog food dry food is available with many choices. Grain-free dry food, dry food with a high meat content, etc.","og_url":"https:\/\/bozita.com\/de\/hundefutter\/trockenfutter-hund-purely\/","og_site_name":"Bozita DE","article_modified_time":"2024-08-30T18:00:50+00:00","og_image":[{"width":1600,"height":578,"url":"https:\/\/bozita.com\/de\/wp-content\/uploads\/sites\/8\/2021\/06\/bozita-torrfoder.jpg","type":"image\/jpeg"}],"twitter_card":"summary_large_image","schema":{"@context":"https:\/\/schema.org","@graph":[{"@type":"WebPage","@id":"https:\/\/bozita.com\/de\/hundefutter\/trockenfutter-hund-purely\/","url":"https:\/\/bozita.com\/de\/hundefutter\/trockenfutter-hund-purely\/","name":"Trockenfutter Hund Purely | Bozita DE","isPartOf":{"@id":"https:\/\/bozita.com\/de\/#website"},"datePublished":"2024-08-06T13:10:47+00:00","dateModified":"2024-08-30T18:00:50+00:00","description":"Swedish-made, natural dry food for dogs. Bozita's dog food dry food is available with many choices. Grain-free dry food, dry food with a high meat content, etc.","breadcrumb":{"@id":"https:\/\/bozita.com\/de\/hundefutter\/trockenfutter-hund-purely\/#breadcrumb"},"inLanguage":"de","potentialAction":[{"@type":"ReadAction","target":["https:\/\/bozita.com\/de\/hundefutter\/trockenfutter-hund-purely\/"]}]},{"@type":"BreadcrumbList","@id":"https:\/\/bozita.com\/de\/hundefutter\/trockenfutter-hund-purely\/#breadcrumb","itemListElement":[{"@type":"ListItem","position":1,"name":"Startseite","item":"https:\/\/bozita.com\/de\/"},{"@type":"ListItem","position":2,"name":"Hundefutter &#8211; In Schweden hergestellt und nat\u00fcrlich","item":"https:\/\/bozita.com\/de\/hundefutter\/"},{"@type":"ListItem","position":3,"name":"Trockenfutter Hund Purely"}]},{"@type":"WebSite","@id":"https:\/\/bozita.com\/de\/#website","url":"https:\/\/bozita.com\/de\/","name":"Bozita DE","description":"","potentialAction":[{"@type":"SearchAction","target":{"@type":"EntryPoint","urlTemplate":"https:\/\/bozita.com\/de\/?s={search_term_string}"},"query-input":"required name=search_term_string"}],"inLanguage":"de"}]}},"_links":{"self":[{"href":"https:\/\/bozita.com\/de\/wp-json\/wp\/v2\/pages\/28672"}],"collection":[{"href":"https:\/\/bozita.com\/de\/wp-json\/wp\/v2\/pages"}],"about":[{"href":"https:\/\/bozita.com\/de\/wp-json\/wp\/v2\/types\/page"}],"author":[{"embeddable":true,"href":"https:\/\/bozita.com\/de\/wp-json\/wp\/v2\/users\/20"}],"replies":[{"embeddable":true,"href":"https:\/\/bozita.com\/de\/wp-json\/wp\/v2\/comments?post=28672"}],"version-history":[{"count":12,"href":"https:\/\/bozita.com\/de\/wp-json\/wp\/v2\/pages\/28672\/revisions"}],"predecessor-version":[{"id":28846,"href":"https:\/\/bozita.com\/de\/wp-json\/wp\/v2\/pages\/28672\/revisions\/28846"}],"up":[{"embeddable":true,"href":"https:\/\/bozita.com\/de\/wp-json\/wp\/v2\/pages\/7009"}],"wp:featuredmedia":[{"embeddable":true,"href":"https:\/\/bozita.com\/de\/wp-json\/wp\/v2\/media\/6981"}],"wp:attachment":[{"href":"https:\/\/bozita.com\/de\/wp-json\/wp\/v2\/media?parent=28672"}],"curies":[{"name":"wp","href":"https:\/\/api.w.org\/{rel}","templated":true}]}}