{"id":29077,"date":"2024-10-07T11:47:25","date_gmt":"2024-10-07T11:47:25","guid":{"rendered":"https:\/\/bozita.com\/de\/?page_id=29077"},"modified":"2024-10-07T11:47:25","modified_gmt":"2024-10-07T11:47:25","slug":"bozita-katze-nassfutter-tetra","status":"publish","type":"page","link":"https:\/\/bozita.com\/de\/katzenfutter\/bozita-nassfutter-katze\/nassfutter-katze-tetra\/bozita-katze-nassfutter-tetra\/","title":{"rendered":"Bozita Katze Nassfutter Tetra"},"content":{"rendered":"\t\t<section class=\"small-hero\">\n\t\t\t<div class=\"container\">\n\t\t\t\t<h5>Premium Nassfutter, zubereitet mit viel frischem Huhn<\/h5><h1 class=\"small-hero-title\">K\u00f6stliche H\u00e4ppchen in Gelee mit viel Huhn<\/h1>\t\t\t<\/div>\n\t\t\t<\/div>\n\t\t<\/section>\n\t\n\n\n\t<section class=\"block two-column-image-with-textbox \">\n\t\t<div class=\"container\">\n\t\t\t\t\t\t\t\t<div class=\"mb-5 no-gutters row align-items-center \n\t\t\t\t\t\t\t\t\t\t\t\t\t\t\t\t\t\t\t\t\t\t\t\">\n\t\t\t\t\t\t<div class=\"col-md-6\">\n\t\t\t\t\t\t\t\t\t\t\t\t\t\t\t\t<figure>\n\t\t\t\t\t\t\t\t\t\t\t\t\t\t\t\t\t\t\t\t\t<img decoding=\"async\" class=\"clear-opacity\" src=\"https:\/\/bozita.com\/de\/wp-content\/uploads\/sites\/8\/2024\/10\/Meta_1080x1080_Tetra-Katze-viel-Huhn-17.jpg\" alt=\"\">\n\t\t\t\t\t\t\t\t\t\t\t\t\t\t\t\t\t\t\t\t\t\t\t\t\t\t\t\t\t<\/figure>\n\t\t\t\t\t\t\t\t\t\t\t\t\t\t\t<\/div>\n\t\t\t\t\t\t<div class=\"col-md-6\">\n\t\t\t\t\t\t\t<div class=\"content-wrap\">\n\t\t\t\t\t\t\t\t<p><h3><span style=\"color: #fffce8\"><strong>6 Tetra H\u00e4ppchen in Gelee mit viel Huhn<\/strong><\/span><\/h3>\n<p><span style=\"color: #fffce8\">Die fettarmen H\u00e4ppchen gl\u00e4nzen durch einen hohen Anteil tierischer Proteine. Gekocht mit hochwertigen Zutaten, aber ohne Getreide und ohne unn\u00f6tige Zus\u00e4tze, getreu dem Bozita Motto:<\/span><\/p>\n<p><span style=\"color: #fffce8\"><strong>Nichts hinzugef\u00fcgt. Nichts vergessen.<\/strong><\/span><\/p>\n<p><span style=\"color: #ffff00\"><strong>Gratis-Lieferung mit Code* Free24.<br \/>\nBitte im letzten Bestellschritt den Code eingeben.<\/strong><\/span><\/p>\n <\/p>\t\t\t\t\t\t\t\t\t<a target=\"\" href=\"https:\/\/www.bozita-shop.de\/Katzen\/Katzenfutter-nass\/Bozita-Haeppchen-in-Gelee-mit-viel-Huhn-370-g-Menge-6-je-Bestelleinheit::3371.html\" class=\"btn btn-white\">JETZT KAUFEN<\/a>\n\t\t\t\t\t\t\t\t\t\t\t\t\t\t\t\t<\/div>\n\t\t\t\t\t\t<\/div>\n\t\t\t\t\t<\/div>\n\t\t\t\t\t\t\t<\/div>\n\t<\/section>\n\n\n\t<div class=\"text-box-warp\">\n\t\t<div class=\"container\">\n\t\t\t<div class=\"text-content\">\n\t\t\t\t<p>*Das Bozita Testpaketpaket Angebot ist nur g\u00fcltig bis zum 31. Oktober 2024 und nur solange der Vorrat reicht. Der Code f\u00fcr versandkostenfreie Lieferung kann bis zum 10. Januar 2025 einmalig verwendet werden. Nicht mit anderen Aktionen oder Gutscheinen kombinierbar. Die genannten Verkaufspreise gelten f\u00fcr Lieferungen innerhalb Deutschlands.<\/p>\n\t\t\t<\/div>\n\t\t<\/div>\n\t<\/div>\n\n\n\t<div class=\"text-box-warp\">\n\t\t<div class=\"container\">\n\t\t\t<div class=\"text-content\">\n\t\t\t\t\t\t\t<\/div>\n\t\t<\/div>\n\t<\/div>\n","protected":false},"excerpt":{"rendered":"","protected":false},"author":20,"featured_media":6981,"parent":28113,"menu_order":0,"comment_status":"closed","ping_status":"closed","template":"guternberg.php","meta":{"footnotes":""},"acf":[],"yoast_head":"<!-- This site is optimized with the Yoast SEO plugin v21.3 - https:\/\/yoast.com\/wordpress\/plugins\/seo\/ -->\n<title>Bozita Katze Nassfutter Tetra | Bozita DE<\/title>\n<meta name=\"description\" content=\"Swedish-made, natural dry food for dogs. Bozita&#039;s dog food dry food is available with many choices. Grain-free dry food, dry food with a high meat content, etc.\" \/>\n<meta name=\"robots\" content=\"index, follow, max-snippet:-1, max-image-preview:large, max-video-preview:-1\" \/>\n<link rel=\"canonical\" href=\"https:\/\/bozita.com\/de\/katzenfutter\/bozita-nassfutter-katze\/nassfutter-katze-tetra\/bozita-katze-nassfutter-tetra\/\" \/>\n<meta property=\"og:locale\" content=\"de_DE\" \/>\n<meta property=\"og:type\" content=\"article\" \/>\n<meta property=\"og:title\" content=\"Bozita Katze Nassfutter Tetra | Bozita DE\" \/>\n<meta property=\"og:description\" content=\"Swedish-made, natural dry food for dogs. Bozita&#039;s dog food dry food is available with many choices. Grain-free dry food, dry food with a high meat content, etc.\" \/>\n<meta property=\"og:url\" content=\"https:\/\/bozita.com\/de\/katzenfutter\/bozita-nassfutter-katze\/nassfutter-katze-tetra\/bozita-katze-nassfutter-tetra\/\" \/>\n<meta property=\"og:site_name\" content=\"Bozita DE\" \/>\n<meta property=\"og:image\" content=\"https:\/\/bozita.com\/de\/wp-content\/uploads\/sites\/8\/2021\/06\/bozita-torrfoder.jpg\" \/>\n\t<meta property=\"og:image:width\" content=\"1600\" \/>\n\t<meta property=\"og:image:height\" content=\"578\" \/>\n\t<meta property=\"og:image:type\" content=\"image\/jpeg\" \/>\n<meta name=\"twitter:card\" content=\"summary_large_image\" \/>\n<!-- \/ Yoast SEO plugin. -->","yoast_head_json":{"title":"Bozita Katze Nassfutter Tetra | Bozita DE","description":"Swedish-made, natural dry food for dogs. Bozita's dog food dry food is available with many choices. Grain-free dry food, dry food with a high meat content, etc.","robots":{"index":"index","follow":"follow","max-snippet":"max-snippet:-1","max-image-preview":"max-image-preview:large","max-video-preview":"max-video-preview:-1"},"canonical":"https:\/\/bozita.com\/de\/katzenfutter\/bozita-nassfutter-katze\/nassfutter-katze-tetra\/bozita-katze-nassfutter-tetra\/","og_locale":"de_DE","og_type":"article","og_title":"Bozita Katze Nassfutter Tetra | Bozita DE","og_description":"Swedish-made, natural dry food for dogs. Bozita's dog food dry food is available with many choices. Grain-free dry food, dry food with a high meat content, etc.","og_url":"https:\/\/bozita.com\/de\/katzenfutter\/bozita-nassfutter-katze\/nassfutter-katze-tetra\/bozita-katze-nassfutter-tetra\/","og_site_name":"Bozita DE","og_image":[{"width":1600,"height":578,"url":"https:\/\/bozita.com\/de\/wp-content\/uploads\/sites\/8\/2021\/06\/bozita-torrfoder.jpg","type":"image\/jpeg"}],"twitter_card":"summary_large_image","schema":{"@context":"https:\/\/schema.org","@graph":[{"@type":"WebPage","@id":"https:\/\/bozita.com\/de\/katzenfutter\/bozita-nassfutter-katze\/nassfutter-katze-tetra\/bozita-katze-nassfutter-tetra\/","url":"https:\/\/bozita.com\/de\/katzenfutter\/bozita-nassfutter-katze\/nassfutter-katze-tetra\/bozita-katze-nassfutter-tetra\/","name":"Bozita Katze Nassfutter Tetra | Bozita DE","isPartOf":{"@id":"https:\/\/bozita.com\/de\/#website"},"datePublished":"2024-10-07T11:47:25+00:00","dateModified":"2024-10-07T11:47:25+00:00","description":"Swedish-made, natural dry food for dogs. Bozita's dog food dry food is available with many choices. Grain-free dry food, dry food with a high meat content, etc.","breadcrumb":{"@id":"https:\/\/bozita.com\/de\/katzenfutter\/bozita-nassfutter-katze\/nassfutter-katze-tetra\/bozita-katze-nassfutter-tetra\/#breadcrumb"},"inLanguage":"de","potentialAction":[{"@type":"ReadAction","target":["https:\/\/bozita.com\/de\/katzenfutter\/bozita-nassfutter-katze\/nassfutter-katze-tetra\/bozita-katze-nassfutter-tetra\/"]}]},{"@type":"BreadcrumbList","@id":"https:\/\/bozita.com\/de\/katzenfutter\/bozita-nassfutter-katze\/nassfutter-katze-tetra\/bozita-katze-nassfutter-tetra\/#breadcrumb","itemListElement":[{"@type":"ListItem","position":1,"name":"Startseite","item":"https:\/\/bozita.com\/de\/"},{"@type":"ListItem","position":2,"name":"Bozita Katzenfutter \u2013 Nat\u00fcrliches f\u00fcr Ihre Katze","item":"https:\/\/bozita.com\/de\/katzenfutter\/"},{"@type":"ListItem","position":3,"name":"Nassfutter Katze \u2013 in Schweden hergestellt","item":"https:\/\/bozita.com\/de\/katzenfutter\/bozita-nassfutter-katze\/"},{"@type":"ListItem","position":4,"name":"Nassfutter Katze Tetra","item":"https:\/\/bozita.com\/de\/katzenfutter\/bozita-nassfutter-katze\/nassfutter-katze-tetra\/"},{"@type":"ListItem","position":5,"name":"Bozita Katze Nassfutter Tetra"}]},{"@type":"WebSite","@id":"https:\/\/bozita.com\/de\/#website","url":"https:\/\/bozita.com\/de\/","name":"Bozita DE","description":"","potentialAction":[{"@type":"SearchAction","target":{"@type":"EntryPoint","urlTemplate":"https:\/\/bozita.com\/de\/?s={search_term_string}"},"query-input":"required name=search_term_string"}],"inLanguage":"de"}]}},"_links":{"self":[{"href":"https:\/\/bozita.com\/de\/wp-json\/wp\/v2\/pages\/29077"}],"collection":[{"href":"https:\/\/bozita.com\/de\/wp-json\/wp\/v2\/pages"}],"about":[{"href":"https:\/\/bozita.com\/de\/wp-json\/wp\/v2\/types\/page"}],"author":[{"embeddable":true,"href":"https:\/\/bozita.com\/de\/wp-json\/wp\/v2\/users\/20"}],"replies":[{"embeddable":true,"href":"https:\/\/bozita.com\/de\/wp-json\/wp\/v2\/comments?post=29077"}],"version-history":[{"count":12,"href":"https:\/\/bozita.com\/de\/wp-json\/wp\/v2\/pages\/29077\/revisions"}],"predecessor-version":[{"id":29091,"href":"https:\/\/bozita.com\/de\/wp-json\/wp\/v2\/pages\/29077\/revisions\/29091"}],"up":[{"embeddable":true,"href":"https:\/\/bozita.com\/de\/wp-json\/wp\/v2\/pages\/28113"}],"wp:featuredmedia":[{"embeddable":true,"href":"https:\/\/bozita.com\/de\/wp-json\/wp\/v2\/media\/6981"}],"wp:attachment":[{"href":"https:\/\/bozita.com\/de\/wp-json\/wp\/v2\/media?parent=29077"}],"curies":[{"name":"wp","href":"https:\/\/api.w.org\/{rel}","templated":true}]}}