{"id":29683,"date":"2025-09-09T08:02:38","date_gmt":"2025-09-09T08:02:38","guid":{"rendered":"https:\/\/bozita.com\/de\/?page_id=29683"},"modified":"2025-09-09T08:02:38","modified_gmt":"2025-09-09T08:02:38","slug":"hund-frisst-gras","status":"publish","type":"page","link":"https:\/\/bozita.com\/de\/leben-mit-hund\/die-gesundheit-des-hundes\/hund-frisst-gras\/","title":{"rendered":"Hund frisst Gras"},"content":{"rendered":"\n\t\t<section class=\"small-hero-with-image\">\n\t\t\t\t\t\t\t<img decoding=\"async\" class=\"background-image\" src=\"https:\/\/bozita.com\/de\/wp-content\/uploads\/sites\/8\/2025\/08\/hundaetergraes.jpg\" alt=\"\">\n\t\t\t\t\t\t\t<div class=\"overlay-v1 overlay-bg\">\n\t\t\t\t<div class=\"container\">\n\t\t\t\t\t<div class=\"row\">\n\t\t\t\t\t\t<div class=\"col-md-6 col-lg-5\">\n\t\t\t\t\t\t\t<h5>Gesundheit deines Hundes<\/h5><h1>Hund frisst Gras<\/h1><p><p><span class=\"TextRun SCXW76787977 BCX0\" lang=\"DE-DE\" xml:lang=\"DE-DE\" data-contrast=\"auto\"><span class=\"NormalTextRun SCXW76787977 BCX0\">Es ist f\u00fcr Hunde \u00fcblich, Gras zu fressen, und das ist in den meisten F\u00e4llen v\u00f6llig ungef\u00e4hrlich. Auch wenn es f\u00fcr uns Menschen seltsam erscheinen mag, ist es ein nat\u00fcrliches Verhalten, das bei vielen Hunden zu beobachten ist.<\/span><\/span><\/p>\n<\/p>\t\t\t\t\t\t<\/div>\n\t\t\t\t\t<\/div>\n\t\t\t\t<\/div>\n\t\t\t<\/div>\n\t\t<\/section>\n\t\t\n\n\t<div class=\"text-box-warp\">\n\t\t<div class=\"container\">\n\t\t\t<div class=\"text-content\">\n\t\t\t\t<h2><b><span data-contrast=\"none\">Warum fressen Hunde Gras?<\/span><\/b><span data-ccp-props=\"{&quot;134233117&quot;:true,&quot;134233118&quot;:true,&quot;201341983&quot;:0,&quot;335559740&quot;:240}\">\u00a0<\/span><\/h2>\n<p><span data-contrast=\"auto\">Es kann sich dabei um ein nat\u00fcrliches Verhalten handeln, aber auch ein Zeichen f\u00fcr etwas anderes sein.<\/span><span data-ccp-props=\"{}\">\u00a0<\/span><\/p>\n<p><strong>Ursachen, warum dein Hund Gras frisst:<\/strong><\/p>\n<ul>\n<li><span data-contrast=\"auto\">Warum fressen Hunde Gras und Erbrechen dann? <\/span><span data-ccp-props=\"{&quot;335559738&quot;:240,&quot;335559739&quot;:0}\">\u00a0<\/span>\n<ul>\n<li><b><span data-contrast=\"auto\">Verdauung<\/span><\/b><span data-contrast=\"auto\">: Manche Hunde fressen Gras, wenn sie Bauchschmerzen haben oder sich unwohl f\u00fchlen. Das Gras kann ihnen dabei helfen, sich zu erbrechen.<\/span><span data-ccp-props=\"{&quot;335559738&quot;:240,&quot;335559739&quot;:0}\">\u00a0<\/span><\/li>\n<\/ul>\n<\/li>\n<\/ul>\n<ul>\n<li><span data-contrast=\"auto\">Was fehlt dem Hund wenn er Gras frisst?<\/span> <span data-ccp-props=\"{&quot;335559739&quot;:0}\">\u00a0<\/span>\n<ul>\n<li><b><span data-contrast=\"auto\">Mangel an wichtigen N\u00e4hrstoffen: <\/span><\/b><span data-contrast=\"auto\">In einigen F\u00e4llen kann das Grasfressen ein Zeichen f\u00fcr einen N\u00e4hrstoffmangel, insbesondere f\u00fcr einen Mangel an Ballaststoffen, sein<\/span><\/li>\n<\/ul>\n<\/li>\n<\/ul>\n<ul>\n<li><span data-contrast=\"auto\">Was bedeutet es wenn ein Hund Gras frisst?<\/span><span data-ccp-props=\"{&quot;335559739&quot;:0}\">\u00a0<\/span>\n<ul>\n<li><b><span data-contrast=\"auto\">Neugierde oder Gewohnheit: <\/span><\/b><span data-contrast=\"auto\">Hunde, besonders <a href=\"https:\/\/bozita.com\/de\/leben-mit-hund\/entwicklung-deines-hundes\/die-entwicklung-des-hundes-vom-welpen-zum-erwachsenen-hund\/\">Welpen,<\/a> sind von Natur aus neugierig und probieren fast alles, einschlie\u00dflich dem Fressen von Gras.<\/span><span data-ccp-props=\"{&quot;335559739&quot;:0}\">\u00a0<\/span><\/li>\n<li><b><span data-contrast=\"auto\">Stress oder <a href=\"https:\/\/bozita.com\/de\/leben-mit-hund\/hunde-beschaftigen\/\">Langeweile<\/a>: <\/span><\/b><span data-contrast=\"auto\">Genau wie manche Menschen an ihren N\u00e4geln kauen, k\u00f6nnen Hunde aus Gewohnheit oder bei Unruhe Gras fressen.<\/span><span data-ccp-props=\"{&quot;335559739&quot;:0}\">\u00a0<\/span><\/li>\n<li><b><span data-contrast=\"auto\">Der Hund findet es schmackhaft: <\/span><\/b><span data-contrast=\"auto\">Einige Hunde m\u00f6gen einfach den Geschmack und die Konsistenz von Gras.<\/span><\/li>\n<\/ul>\n<\/li>\n<\/ul>\n\t\t\t<\/div>\n\t\t<\/div>\n\t<\/div>\n\n\n\t<div class=\"text-box-warp\">\n\t\t<div class=\"container\">\n\t\t\t<div class=\"text-content\">\n\t\t\t\t<h2><b><span data-contrast=\"none\">Ist es normal, dass ein Hund Gras frisst?<\/span><\/b><span data-ccp-props=\"{&quot;134233117&quot;:true,&quot;134233118&quot;:true,&quot;201341983&quot;:0,&quot;335559740&quot;:240}\">\u00a0<\/span><\/h2>\n<p><span data-contrast=\"auto\">Ja, es ist sehr h\u00e4ufig, dass Hunde gelegentlich Gras fressen. Studien zeigen, dass bis zu <strong>70 % aller Hunde dies regelm\u00e4\u00dfig tun<\/strong> und die meisten von ihnen v\u00f6llig gesund sind. Es handelt sich also um ein normales Verhalten, das<strong> in den meisten F\u00e4llen keinen Grund zur Sorge<\/strong> darstellt. Achte jedoch darauf, ob dein Hund andere Krankheitssymptome zeigt.<\/span><span data-ccp-props=\"{}\">\u00a0<\/span><\/p>\n<p><span data-contrast=\"auto\">Grasfressen kommt h\u00e4ufiger im Fr\u00fchling und Sommer vor, wenn frisches oder auch gem\u00e4htes Gras verf\u00fcgbar ist. Es tritt bei Hunden aller Altersgruppen und Rassen auf, ist jedoch bei Welpen oder j\u00fcngeren Hunden h\u00e4ufiger.<\/span><\/p>\n\t\t\t<\/div>\n\t\t<\/div>\n\t<\/div>\n\n\n\t<div class=\"text-box-warp\">\n\t\t<div class=\"container\">\n\t\t\t<div class=\"text-content\">\n\t\t\t\t<h2><b><span data-contrast=\"none\">Ist es gef\u00e4hrlich, wenn der Hund Gras frisst?<\/span><\/b><\/h2>\n<p><span data-contrast=\"auto\">In den meisten F\u00e4llen ist es <strong>nicht gef\u00e4hrlich<\/strong>. Es gibt jedoch einige Ausnahmen, bei denen es f\u00fcr den Hund gef\u00e4hrlich sein kann oder ein Zeichen daf\u00fcr ist, dass es ihm nicht gut geht.<\/span><span data-ccp-props=\"{&quot;335559738&quot;:240,&quot;335559739&quot;:240}\">\u00a0<\/span><\/p>\n<p><strong>Wann das Fressen von Gras gef\u00e4hrlich sein kann:\u00a0<\/strong><\/p>\n<ul>\n<li><b><span data-contrast=\"auto\">Wenn das Gras gespritzt ist: <\/span><\/b><span data-contrast=\"auto\">Gras, das mit Pestiziden, D\u00fcngemitteln oder anderen Chemikalien behandelt wurde, kann f\u00fcr den Hund giftig sein.<\/span><\/li>\n<li><b><span data-contrast=\"auto\">Wenn der Hund pl\u00f6tzlich gro\u00dfe Mengen t\u00e4glich frisst:\u00a0<\/span><\/b><span data-contrast=\"auto\">Dies kann zu Magenproblemen f\u00fchren oder ein Zeichen f\u00fcr ein gesundheitliches Problem sein.<\/span><span data-ccp-props=\"{&quot;335559739&quot;:0}\">\u00a0<\/span><\/li>\n<li><b><span data-contrast=\"auto\">Wenn der Hund sich regelm\u00e4\u00dfig\u00a0danach \u00fcbergibt: <\/span><\/b><span data-contrast=\"auto\">Dies kann ein Hinweis darauf sein, dass der Hund ein gesundheitliches Problem hat, weshalb du einen Tierarzt aufsuchen solltest.<\/span><span data-ccp-props=\"{&quot;335559739&quot;:0}\">\u00a0<\/span><\/li>\n<li><b><span data-contrast=\"auto\">Wenn es Parasiten im Gras gibt: <\/span><\/b><span data-contrast=\"auto\">Manchmal k\u00f6nnen Hunde durch kontaminiertes Gras oder Erde Parasiten aufnehmen.<\/span><\/li>\n<\/ul>\n<p><span data-contrast=\"auto\">Zusammenfassend kann man sagen: Solange dein Hund kleine Mengen Gras frisst und es ihm danach gut geht, kein Grund zur Besorgnis besteht.<\/span><\/p>\n\t\t\t<\/div>\n\t\t<\/div>\n\t<\/div>\n\n\n\t<div class=\"text-box-warp\">\n\t\t<div class=\"container\">\n\t\t\t<div class=\"text-content\">\n\t\t\t\t<h2><b><span data-contrast=\"none\">Was tun, wenn der Hund Gras frisst?<\/span><\/b><span data-ccp-props=\"{&quot;134233117&quot;:true,&quot;134233118&quot;:true,&quot;201341983&quot;:0,&quot;335559740&quot;:240}\">\u00a0<\/span><\/h2>\n<p><span data-contrast=\"auto\">Wenn du m\u00f6chtest, dass dein Hund aufh\u00f6rt, Gras zu fressen, weil er es zu hektisch oder zu oft tut \u2013 beispielsweise t\u00e4glich \u2013 oder an Orten, an denen das Gras bespritzt sein k\u00f6nnte, gibt es mehrere Ma\u00dfnahmen, die du ergreifen kannst.<\/span><span data-ccp-props=\"{&quot;335559738&quot;:240,&quot;335559739&quot;:0}\">\u00a0<\/span><\/p>\n<ul>\n<li><b><span data-contrast=\"auto\">\u00dcberpr\u00fcfe zun\u00e4chst die <a href=\"https:\/\/bozita.com\/de\/hundefutter\/ernahrung-and-diat\/\">Ern\u00e4hrung<\/a>: <\/span><\/b><span data-contrast=\"auto\">Stelle sicher, dass dein Hund ausreichend Ballaststoffe und N\u00e4hrstoffe erh\u00e4lt. Konsultiere bei Bedarf einen Tierarzt.<\/span><\/li>\n<li><b><span data-contrast=\"auto\"><a href=\"https:\/\/bozita.com\/de\/leben-mit-hund\/hunde-beschaftigen\/\">Fordere deinen Hund<\/a> mental und physisch: <\/span><\/b><span data-contrast=\"auto\">Ein gelangweilter oder selten geforderter Hund neigt eher dazu, Gras zu fressen. Mehr Spazierg\u00e4nge, Spielzeuge oder geistige F\u00f6rderung k\u00f6nnen helfen.<\/span><\/li>\n<li><b><span data-contrast=\"auto\">Trainiere das Verhalten ab: <\/span><\/b><span data-contrast=\"auto\">Belohne mit positiver Verst\u00e4rkung anderes Verhalten und lenke den Hund ab, wenn er sich dem Gras n\u00e4hert.<\/span><\/li>\n<\/ul>\n<p><span data-contrast=\"auto\">Wenn das Verhalten trotz \u00c4nderungen anh\u00e4lt oder dein Hund andere Symptome zeigt (z.B. M\u00fcdigkeit, Durchfall, Magenprobleme oder Gewichtsverlust), solltest du einen Tierarzt aufsuchen.<\/span><span data-ccp-props=\"{&quot;335559738&quot;:240,&quot;335559739&quot;:240}\">\u00a0<\/span><\/p>\n\t\t\t<\/div>\n\t\t<\/div>\n\t<\/div>\n\n\n\n\t<section class=\"block related-articles\">\n\t\t<div class=\"container\">\n\t\t\t<h2>Entdecke weitere Themen <\/h2>\n\t\t\t<div class=\"row justify-content-center\">\n\t\t\t\t\t\t\t\t\t\t<div class=\"col-sm-6 col-md-6 col-lg-3\">\n\t\t\t\t\t\t\t\t\t\t\t\t\t\t<div class=\"card \">\n\t\t\t\t\t\t\t\t\t\t\t\t\t\t\t\t\t<img decoding=\"async\"  src=\"https:\/\/bozita.com\/de\/wp-content\/uploads\/sites\/8\/2021\/06\/bozita-utfodra-valp.jpg\" alt=\"\">\n\t\t\t\t\t\t\t\t\t\t\t\t\t\t\t\t\t<!-- <img decoding=\"async\" src=\"\n\t\t\t\t\t\t\t\t\t\t\t\t\t\t\t\t\t\t\t\t\" alt=\"\n\t\t\t\t\t\t\t\t\t\t\t\t\t\t\t\t\t\t\t\t\t\t\t\t\t\t\t\"> -->\n\t\t\t\t\t\t\t\t<div class=\"card-body\">\n\t\t\t\t\t\t\t\t\t\t\t\t\t\t\t\t\t\t\t<h6>Was d\u00fcrfen Hunde nicht fressen?<\/h6>\n\t\t\t\t\t\t\t\t\t\t\t\t\t\t\t\t\t\t\t<a href=\"https:\/\/bozita.com\/de\/hundefutter\/ernahrung-and-diat\/was-durfen-hunde-nicht-fressen\/\">Weiterlesen &nbsp; ><\/a>\n\t\t\t\t\t\t\t\t<\/div>\n\t\t\t\t\t\t\t<\/div>\n\t\t\t\t\t\t<\/div>\n\n\t\t\t\t\t\t\t\t\t\t\t<div class=\"col-sm-6 col-md-6 col-lg-3\">\n\t\t\t\t\t\t\t\t\t\t\t\t\t\t<div class=\"card \">\n\t\t\t\t\t\t\t\t\t\t\t\t\t\t\t\t\t<img decoding=\"async\"  src=\"https:\/\/bozita.com\/de\/wp-content\/uploads\/sites\/8\/2021\/09\/bozita-forgiftning-svamp-hund.jpg\" alt=\"\">\n\t\t\t\t\t\t\t\t\t\t\t\t\t\t\t\t\t<!-- <img decoding=\"async\" src=\"\n\t\t\t\t\t\t\t\t\t\t\t\t\t\t\t\t\t\t\t\t\" alt=\"\n\t\t\t\t\t\t\t\t\t\t\t\t\t\t\t\t\t\t\t\t\t\t\t\t\t\t\t\"> -->\n\t\t\t\t\t\t\t\t<div class=\"card-body\">\n\t\t\t\t\t\t\t\t\t\t\t\t\t\t\t\t\t\t\t<h6>Vorsicht &#8211; Vergiftungsgefahr durch Pilze im Wald<\/h6>\n\t\t\t\t\t\t\t\t\t\t\t\t\t\t\t\t\t\t\t<a href=\"https:\/\/bozita.com\/de\/leben-mit-hund\/die-gesundheit-des-hundes\/vorsicht-vergiftungsgefahr-durch-pilze-im-wald\/\">Weiterlesen &nbsp; ><\/a>\n\t\t\t\t\t\t\t\t<\/div>\n\t\t\t\t\t\t\t<\/div>\n\t\t\t\t\t\t<\/div>\n\n\t\t\t\t\t\t\t\t\t\t\t<div class=\"col-sm-6 col-md-6 col-lg-3\">\n\t\t\t\t\t\t\t\t\t\t\t\t\t\t<div class=\"card \">\n\t\t\t\t\t\t\t\t\t\t\t\t\t\t\t\t\t<img decoding=\"async\"  src=\"https:\/\/bozita.com\/de\/wp-content\/uploads\/sites\/8\/2021\/08\/bozita_swedish-natural-quality.jpg\" alt=\"\">\n\t\t\t\t\t\t\t\t\t\t\t\t\t\t\t\t\t<!-- <img decoding=\"async\" src=\"\n\t\t\t\t\t\t\t\t\t\t\t\t\t\t\t\t\t\t\t\t\" alt=\"\n\t\t\t\t\t\t\t\t\t\t\t\t\t\t\t\t\t\t\t\t\t\t\t\t\t\t\t\"> -->\n\t\t\t\t\t\t\t\t<div class=\"card-body\">\n\t\t\t\t\t\t\t\t\t\t\t\t\t\t\t\t\t\t\t<h6>Hundefutter f\u00fcr empfindliche M\u00e4gen<\/h6>\n\t\t\t\t\t\t\t\t\t\t\t\t\t\t\t\t\t\t\t<a href=\"https:\/\/bozita.com\/de\/hundefutter\/ernahrung-and-diat\/hundefutter-fur-empfindliche-magen\/\">Weiterlesen &nbsp; ><\/a>\n\t\t\t\t\t\t\t\t<\/div>\n\t\t\t\t\t\t\t<\/div>\n\t\t\t\t\t\t<\/div>\n\n\t\t\t\t\t\t\t\t\t\t\t\t<\/div>\n\t\t<\/div>\n\t<\/section>\n","protected":false},"excerpt":{"rendered":"","protected":false},"author":43,"featured_media":29684,"parent":7074,"menu_order":0,"comment_status":"closed","ping_status":"closed","template":"guternberg.php","meta":{"footnotes":""},"acf":[],"yoast_head":"<!-- This site is optimized with the Yoast SEO plugin v21.3 - https:\/\/yoast.com\/wordpress\/plugins\/seo\/ -->\n<title>Hund frisst Gras - Was tun? | Bozita DE<\/title>\n<meta name=\"description\" content=\"Warum frisst dein Hund Gras? Wir gehen dieser Frage nach und kl\u00e4ren, ob es gef\u00e4hrlich ist und wie du deinem Hund helfen kannst, damit aufzuh\u00f6ren.\" \/>\n<meta name=\"robots\" content=\"index, follow, max-snippet:-1, max-image-preview:large, max-video-preview:-1\" \/>\n<link rel=\"canonical\" href=\"https:\/\/bozita.com\/de\/leben-mit-hund\/die-gesundheit-des-hundes\/hund-frisst-gras\/\" \/>\n<meta property=\"og:locale\" content=\"de_DE\" \/>\n<meta property=\"og:type\" content=\"article\" \/>\n<meta property=\"og:title\" content=\"Hund frisst Gras - Was tun? | Bozita DE\" \/>\n<meta property=\"og:description\" content=\"Warum frisst dein Hund Gras? Wir gehen dieser Frage nach und kl\u00e4ren, ob es gef\u00e4hrlich ist und wie du deinem Hund helfen kannst, damit aufzuh\u00f6ren.\" \/>\n<meta property=\"og:url\" content=\"https:\/\/bozita.com\/de\/leben-mit-hund\/die-gesundheit-des-hundes\/hund-frisst-gras\/\" \/>\n<meta property=\"og:site_name\" content=\"Bozita DE\" \/>\n<meta property=\"og:image\" content=\"https:\/\/bozita.com\/de\/wp-content\/uploads\/sites\/8\/2025\/08\/hundaetergraes.jpg\" \/>\n\t<meta property=\"og:image:width\" content=\"2119\" \/>\n\t<meta property=\"og:image:height\" content=\"1415\" \/>\n\t<meta property=\"og:image:type\" content=\"image\/jpeg\" \/>\n<meta name=\"twitter:card\" content=\"summary_large_image\" \/>\n<!-- \/ Yoast SEO plugin. -->","yoast_head_json":{"title":"Hund frisst Gras - Was tun? | Bozita DE","description":"Warum frisst dein Hund Gras? Wir gehen dieser Frage nach und kl\u00e4ren, ob es gef\u00e4hrlich ist und wie du deinem Hund helfen kannst, damit aufzuh\u00f6ren.","robots":{"index":"index","follow":"follow","max-snippet":"max-snippet:-1","max-image-preview":"max-image-preview:large","max-video-preview":"max-video-preview:-1"},"canonical":"https:\/\/bozita.com\/de\/leben-mit-hund\/die-gesundheit-des-hundes\/hund-frisst-gras\/","og_locale":"de_DE","og_type":"article","og_title":"Hund frisst Gras - Was tun? | Bozita DE","og_description":"Warum frisst dein Hund Gras? Wir gehen dieser Frage nach und kl\u00e4ren, ob es gef\u00e4hrlich ist und wie du deinem Hund helfen kannst, damit aufzuh\u00f6ren.","og_url":"https:\/\/bozita.com\/de\/leben-mit-hund\/die-gesundheit-des-hundes\/hund-frisst-gras\/","og_site_name":"Bozita DE","og_image":[{"width":2119,"height":1415,"url":"https:\/\/bozita.com\/de\/wp-content\/uploads\/sites\/8\/2025\/08\/hundaetergraes.jpg","type":"image\/jpeg"}],"twitter_card":"summary_large_image","schema":{"@context":"https:\/\/schema.org","@graph":[{"@type":"WebPage","@id":"https:\/\/bozita.com\/de\/leben-mit-hund\/die-gesundheit-des-hundes\/hund-frisst-gras\/","url":"https:\/\/bozita.com\/de\/leben-mit-hund\/die-gesundheit-des-hundes\/hund-frisst-gras\/","name":"Hund frisst Gras - Was tun? | Bozita DE","isPartOf":{"@id":"https:\/\/bozita.com\/de\/#website"},"datePublished":"2025-09-09T08:02:38+00:00","dateModified":"2025-09-09T08:02:38+00:00","description":"Warum frisst dein Hund Gras? Wir gehen dieser Frage nach und kl\u00e4ren, ob es gef\u00e4hrlich ist und wie du deinem Hund helfen kannst, damit aufzuh\u00f6ren.","breadcrumb":{"@id":"https:\/\/bozita.com\/de\/leben-mit-hund\/die-gesundheit-des-hundes\/hund-frisst-gras\/#breadcrumb"},"inLanguage":"de","potentialAction":[{"@type":"ReadAction","target":["https:\/\/bozita.com\/de\/leben-mit-hund\/die-gesundheit-des-hundes\/hund-frisst-gras\/"]}]},{"@type":"BreadcrumbList","@id":"https:\/\/bozita.com\/de\/leben-mit-hund\/die-gesundheit-des-hundes\/hund-frisst-gras\/#breadcrumb","itemListElement":[{"@type":"ListItem","position":1,"name":"Startseite","item":"https:\/\/bozita.com\/de\/"},{"@type":"ListItem","position":2,"name":"Leben mit Hund","item":"https:\/\/bozita.com\/de\/leben-mit-hund\/"},{"@type":"ListItem","position":3,"name":"Gesundheit Deines Hundes","item":"https:\/\/bozita.com\/de\/leben-mit-hund\/die-gesundheit-des-hundes\/"},{"@type":"ListItem","position":4,"name":"Hund frisst Gras"}]},{"@type":"WebSite","@id":"https:\/\/bozita.com\/de\/#website","url":"https:\/\/bozita.com\/de\/","name":"Bozita DE","description":"","potentialAction":[{"@type":"SearchAction","target":{"@type":"EntryPoint","urlTemplate":"https:\/\/bozita.com\/de\/?s={search_term_string}"},"query-input":"required name=search_term_string"}],"inLanguage":"de"}]}},"_links":{"self":[{"href":"https:\/\/bozita.com\/de\/wp-json\/wp\/v2\/pages\/29683"}],"collection":[{"href":"https:\/\/bozita.com\/de\/wp-json\/wp\/v2\/pages"}],"about":[{"href":"https:\/\/bozita.com\/de\/wp-json\/wp\/v2\/types\/page"}],"author":[{"embeddable":true,"href":"https:\/\/bozita.com\/de\/wp-json\/wp\/v2\/users\/43"}],"replies":[{"embeddable":true,"href":"https:\/\/bozita.com\/de\/wp-json\/wp\/v2\/comments?post=29683"}],"version-history":[{"count":4,"href":"https:\/\/bozita.com\/de\/wp-json\/wp\/v2\/pages\/29683\/revisions"}],"predecessor-version":[{"id":29688,"href":"https:\/\/bozita.com\/de\/wp-json\/wp\/v2\/pages\/29683\/revisions\/29688"}],"up":[{"embeddable":true,"href":"https:\/\/bozita.com\/de\/wp-json\/wp\/v2\/pages\/7074"}],"wp:featuredmedia":[{"embeddable":true,"href":"https:\/\/bozita.com\/de\/wp-json\/wp\/v2\/media\/29684"}],"wp:attachment":[{"href":"https:\/\/bozita.com\/de\/wp-json\/wp\/v2\/media?parent=29683"}],"curies":[{"name":"wp","href":"https:\/\/api.w.org\/{rel}","templated":true}]}}