{"id":29797,"date":"2025-09-09T07:56:09","date_gmt":"2025-09-09T07:56:09","guid":{"rendered":"https:\/\/bozita.com\/de\/?page_id=29797"},"modified":"2025-09-09T07:56:10","modified_gmt":"2025-09-09T07:56:10","slug":"katzenminze","status":"publish","type":"page","link":"https:\/\/bozita.com\/de\/leben-mit-katze\/fakten-infos-uber-katzen\/katzenminze\/","title":{"rendered":"Katzenminze"},"content":{"rendered":"\n\t\t<section class=\"small-hero-with-image\">\n\t\t\t\t\t\t\t<img decoding=\"async\" class=\"background-image\" src=\"https:\/\/bozita.com\/de\/wp-content\/uploads\/sites\/8\/2025\/08\/kattmedkattmyntautomhus.jpg\" alt=\"\">\n\t\t\t\t\t\t\t<div class=\"overlay-v1 overlay-bg\">\n\t\t\t\t<div class=\"container\">\n\t\t\t\t\t<div class=\"row\">\n\t\t\t\t\t\t<div class=\"col-md-6 col-lg-5\">\n\t\t\t\t\t\t\t<h1>Katzenminze<\/h1><p><p><span class=\"TextRun SCXW223372857 BCX0\" lang=\"DE-DE\" xml:lang=\"DE-DE\" data-contrast=\"none\"><span class=\"NormalTextRun SCXW223372857 BCX0\" data-ccp-parastyle=\"heading 2\">Katzenminze ist eine Pflanze, die bei vielen Katzen verspielte und euphorische Reaktionen ausl\u00f6st. Doch was macht diese Pflanze so unwiderstehlich f\u00fcr Katzen? Wir erkl\u00e4ren, was Katzenminze ist, warum Katzen sie lieben und wie du sie sicher f\u00fcr deine Katze verwenden kannst.<\/span><\/span><\/p>\n<\/p>\t\t\t\t\t\t<\/div>\n\t\t\t\t\t<\/div>\n\t\t\t\t<\/div>\n\t\t\t<\/div>\n\t\t<\/section>\n\t\t\n\n\t<div class=\"text-box-warp\">\n\t\t<div class=\"container\">\n\t\t\t<div class=\"text-content\">\n\t\t\t\t<h2>Was ist Katzenminze?<\/h2>\n<p><span data-contrast=\"auto\">Die Katzenminze (Nepeta cataria) ist eine nelken\u00e4hnliche Pflanze, die f\u00fcr ihre einzigartige Wirkung auf Katzen bekannt ist. Sie enth\u00e4lt die Substanz Nepetalacton, welche die Sinne der Katzen stimuliert und ihnen einen vor\u00fcbergehenden Rauschzustand verschaffen kann.<\/span><span data-ccp-props=\"{}\">\u00a0<\/span><\/p>\n<p><span data-contrast=\"auto\">Katzenminze w\u00e4chst wild in Europa, Asien und S\u00fcdafrika und wird seit Langem sowohl in Katzenprodukten als auch in der traditionellen Kr\u00e4utermedizin eingesetzt. In Deutschland bl\u00fcht die Pflanze von Juni bis September. Katzenbesitzer verwenden Katzenminze haupts\u00e4chlich, um ihre <a href=\"https:\/\/bozita.com\/de\/leben-mit-katze\/beschaftige-deine-katze\/beschaftige-deine-katze\/\">Katzen zu aktivieren<\/a>, zum Spielen anzuregen und ihr Wohlbefinden zu steigern.<\/span><span data-ccp-props=\"{}\">\u00a0<\/span><\/p>\n<h3>Warum m\u00f6gen Katzen Katzenminze?<\/h3>\n<p><span class=\"TextRun SCXW9625459 BCX0\" lang=\"DE-DE\" xml:lang=\"DE-DE\" data-contrast=\"auto\"><span class=\"NormalTextRun SCXW9625459 BCX0\">Katzen f\u00fchlen sich von Katzenminze angezogen, da sie den Inhaltsstoff <\/span><span class=\"NormalTextRun SpellingErrorV2Themed SCXW9625459 BCX0\">Nepetalacton<\/span><span class=\"NormalTextRun SCXW9625459 BCX0\"> enth\u00e4lt, der in den Bl\u00e4ttern und St\u00e4ngeln vorkommt. Kommt eine Katze mit Katzenminze in Kontakt, sei es durch Riechen, Kauen oder Reiben an der Pflanze, wird ihr Nervensystem stimuliert. Dies f\u00fchrt oft zu euphorischen Reaktionen wie Rollen, Miauen und einem pl\u00f6tzlichen Anstieg der Aktivit\u00e4t.<\/span><\/span><span class=\"EOP SCXW9625459 BCX0\" data-ccp-props=\"{}\">\u00a0<\/span><\/p>\n<h3>Was macht Katzenminze mit Katzen?<\/h3>\n<p><span data-contrast=\"auto\">Die Wirkung von Katzenminze variiert von Katze zu Katze. W\u00e4hrend einige hyperaktiv und verspielt werden, k\u00f6nnen andere ruhig und entspannt werden. H\u00e4ufige Reaktionen sind:<\/span><span data-ccp-props=\"{&quot;134233117&quot;:false,&quot;134233118&quot;:false,&quot;201341983&quot;:0,&quot;335551550&quot;:1,&quot;335551620&quot;:1,&quot;335559685&quot;:0,&quot;335559737&quot;:0,&quot;335559738&quot;:0,&quot;335559739&quot;:160,&quot;335559740&quot;:259}\">\u00a0<\/span><\/p>\n<ul>\n<li data-leveltext=\"\u25cf\" data-font=\"Noto Sans Symbols\" data-listid=\"1\" data-list-defn-props=\"{&quot;335552541&quot;:1,&quot;335559685&quot;:720,&quot;335559991&quot;:360,&quot;469769226&quot;:&quot;Noto Sans Symbols&quot;,&quot;469769242&quot;:[8226],&quot;469777803&quot;:&quot;left&quot;,&quot;469777804&quot;:&quot;\u25cf&quot;,&quot;469777815&quot;:&quot;multilevel&quot;}\" data-aria-posinset=\"1\" data-aria-level=\"1\"><strong>Erh\u00f6hte Verspieltheit und Energie\u00a0<\/strong><\/li>\n<\/ul>\n<ul>\n<li data-leveltext=\"\u25cf\" data-font=\"Noto Sans Symbols\" data-listid=\"1\" data-list-defn-props=\"{&quot;335552541&quot;:1,&quot;335559685&quot;:720,&quot;335559991&quot;:360,&quot;469769226&quot;:&quot;Noto Sans Symbols&quot;,&quot;469769242&quot;:[8226],&quot;469777803&quot;:&quot;left&quot;,&quot;469777804&quot;:&quot;\u25cf&quot;,&quot;469777815&quot;:&quot;multilevel&quot;}\" data-aria-posinset=\"2\" data-aria-level=\"1\"><strong>Rollen und Reiben an Gegenst\u00e4nden\u00a0<\/strong><\/li>\n<\/ul>\n<ul>\n<li data-leveltext=\"\u25cf\" data-font=\"Noto Sans Symbols\" data-listid=\"1\" data-list-defn-props=\"{&quot;335552541&quot;:1,&quot;335559685&quot;:720,&quot;335559991&quot;:360,&quot;469769226&quot;:&quot;Noto Sans Symbols&quot;,&quot;469769242&quot;:[8226],&quot;469777803&quot;:&quot;left&quot;,&quot;469777804&quot;:&quot;\u25cf&quot;,&quot;469777815&quot;:&quot;multilevel&quot;}\" data-aria-posinset=\"3\" data-aria-level=\"1\"><strong>Miauen und Schnurren\u00a0<\/strong><\/li>\n<\/ul>\n<ul>\n<li data-leveltext=\"\u25cf\" data-font=\"Noto Sans Symbols\" data-listid=\"1\" data-list-defn-props=\"{&quot;335552541&quot;:1,&quot;335559685&quot;:720,&quot;335559991&quot;:360,&quot;469769226&quot;:&quot;Noto Sans Symbols&quot;,&quot;469769242&quot;:[8226],&quot;469777803&quot;:&quot;left&quot;,&quot;469777804&quot;:&quot;\u25cf&quot;,&quot;469777815&quot;:&quot;multilevel&quot;}\" data-aria-posinset=\"4\" data-aria-level=\"1\"><strong>Vor\u00fcbergehende Entspannung nach der initialen Stimulation\u00a0<\/strong><\/li>\n<\/ul>\n<p><span data-contrast=\"auto\">Die Wirkung h\u00e4lt in der Regel etwa 5\u201315 Minuten an. Danach wird die Katze f\u00fcr einige Stunden immun gegen die Wirkung der Katzenminze. Interessanterweise reagieren nicht alle Katzen auf Katzenminze; Sch\u00e4tzungen zufolge ist etwa ein Drittel aller Katzen unempfindlich gegen\u00fcber Katzenminze.<\/span><span data-ccp-props=\"{}\">\u00a0<\/span><\/p>\n\t\t\t<\/div>\n\t\t<\/div>\n\t<\/div>\n\n\n\t<div class=\"text-box-warp\">\n\t\t<div class=\"container\">\n\t\t\t<div class=\"text-content\">\n\t\t\t\t<h2>Wie gibt man Katzen Katzenminze?<\/h2>\n<p><span data-contrast=\"auto\">Deiner Katze Katzenminze zu geben, kann eine gro\u00dfartige M\u00f6glichkeit sein, um sie zu mehr Aktivit\u00e4t und Spiel anzuregen. Hier sind einige Tipps, wie du Katzenminze effektiv einsetzen kannst:<\/span><span data-ccp-props=\"{}\">\u00a0<\/span><\/p>\n<ul>\n<li data-leveltext=\"\u25cf\" data-font=\"Noto Sans Symbols\" data-listid=\"2\" data-list-defn-props=\"{&quot;335552541&quot;:1,&quot;335559685&quot;:720,&quot;335559991&quot;:360,&quot;469769226&quot;:&quot;Noto Sans Symbols&quot;,&quot;469769242&quot;:[8226],&quot;469777803&quot;:&quot;left&quot;,&quot;469777804&quot;:&quot;\u25cf&quot;,&quot;469777815&quot;:&quot;multilevel&quot;}\" data-aria-posinset=\"1\" data-aria-level=\"1\"><b><span data-contrast=\"auto\">Getrocknete Katzenminze <\/span><\/b><span data-contrast=\"auto\">\u2013 Streue etwas davon auf den Kratzbaum, auf Spielzeuge oder in einen Spieltunnel.\u00a0<\/span><span data-ccp-props=\"{}\">\u00a0<\/span><\/li>\n<\/ul>\n<ul>\n<li data-leveltext=\"\u25cf\" data-font=\"Noto Sans Symbols\" data-listid=\"2\" data-list-defn-props=\"{&quot;335552541&quot;:1,&quot;335559685&quot;:720,&quot;335559991&quot;:360,&quot;469769226&quot;:&quot;Noto Sans Symbols&quot;,&quot;469769242&quot;:[8226],&quot;469777803&quot;:&quot;left&quot;,&quot;469777804&quot;:&quot;\u25cf&quot;,&quot;469777815&quot;:&quot;multilevel&quot;}\" data-aria-posinset=\"2\" data-aria-level=\"1\"><b><span data-contrast=\"auto\">Katzenminze-Spielzeug<\/span><\/b><span data-contrast=\"auto\"> \u2013 Viele Katzenprodukte enthalten getrocknete Katzenminze, um die Katze zum Spielen zu animieren.<\/span><span data-ccp-props=\"{}\">\u00a0<\/span><\/li>\n<\/ul>\n<ul>\n<li data-leveltext=\"\u25cf\" data-font=\"Noto Sans Symbols\" data-listid=\"2\" data-list-defn-props=\"{&quot;335552541&quot;:1,&quot;335559685&quot;:720,&quot;335559991&quot;:360,&quot;469769226&quot;:&quot;Noto Sans Symbols&quot;,&quot;469769242&quot;:[8226],&quot;469777803&quot;:&quot;left&quot;,&quot;469777804&quot;:&quot;\u25cf&quot;,&quot;469777815&quot;:&quot;multilevel&quot;}\" data-aria-posinset=\"3\" data-aria-level=\"1\"><b><span data-contrast=\"auto\">Katzenminze-Spray <\/span><\/b><span data-contrast=\"auto\">\u2013 Ideal, um alte Spielzeuge oder M\u00f6bel aufzufrischen, die deine Katze nutzt.<\/span><span data-ccp-props=\"{}\">\u00a0<\/span><\/li>\n<\/ul>\n<ul>\n<li data-leveltext=\"\u25cf\" data-font=\"Noto Sans Symbols\" data-listid=\"2\" data-list-defn-props=\"{&quot;335552541&quot;:1,&quot;335559685&quot;:720,&quot;335559991&quot;:360,&quot;469769226&quot;:&quot;Noto Sans Symbols&quot;,&quot;469769242&quot;:[8226],&quot;469777803&quot;:&quot;left&quot;,&quot;469777804&quot;:&quot;\u25cf&quot;,&quot;469777815&quot;:&quot;multilevel&quot;}\" data-aria-posinset=\"4\" data-aria-level=\"1\"><b><span data-contrast=\"auto\">Frische Katzenminze <\/span><\/b><span data-contrast=\"auto\">\u2013 Wenn du eine eigene Katzenminze-Pflanze hast, kannst du frische Bl\u00e4tter pfl\u00fccken und deiner Katze den nat\u00fcrlichen Duft genie\u00dfen lassen.<\/span><\/li>\n<\/ul>\n<h3>Wie viel Katzenminze d\u00fcrfen Katzen bekommen?<\/h3>\n<p><span class=\"TextRun SCXW61528496 BCX0\" lang=\"DE-DE\" xml:lang=\"DE-DE\" data-contrast=\"auto\"><span class=\"NormalTextRun SCXW61528496 BCX0\">Denk daran, Katzenminze in Ma\u00dfen zu verabreichen.\u00a0 Eine \u00dcberanwendung kann die Reaktion deiner Katze darauf verringern und zu Erregung, M\u00fcdigkeit sowie Unruhe f\u00fchren. Um eine optimale Wirkung zu erzielen und das Wohlbefinden deiner Katze zu gew\u00e4hrleisten, ist es wichtig, Katzenminze sparsam zu dosieren.<\/span><\/span><\/p>\n\t\t\t<\/div>\n\t\t<\/div>\n\t<\/div>\n\n\n\t<div class=\"text-box-warp\">\n\t\t<div class=\"container\">\n\t\t\t<div class=\"text-content\">\n\t\t\t\t<h2>Ist Katzenminze sch\u00e4dlich f\u00fcr Katzen?<\/h2>\n<p><span data-contrast=\"auto\">Katzenminze ist f\u00fcr Katzen im Allgemeinen unbedenklich, \u00fcberm\u00e4\u00dfiger Konsum kann jedoch zu milden Magenproblemen wie Erbrechen oder Durchfall f\u00fchren. Um dies zu vermeiden, solltest du die Menge, die deine Katze erh\u00e4lt, begrenzen und beobachten, wie sie darauf reagiert.<\/span><span data-ccp-props=\"{}\">\u00a0<\/span><\/p>\n<p><span data-contrast=\"auto\">Zeigt deine Katze Anzeichen von \u00fcberm\u00e4\u00dfiger Hyperaktivit\u00e4t oder <a href=\"https:\/\/bozita.com\/de\/leben-mit-katze\/katzengesundheit\/\">Unwohlsein<\/a>, kann es ratsam sein, die Menge an Katzenminze zu reduzieren oder sie nur zu besonderen Anl\u00e4ssen zu verwenden. Kitten und \u00e4ltere Katzen k\u00f6nnen weniger empfindlich auf die Wirkung von Katzenminze reagieren, was v\u00f6llig normal ist.<\/span><\/p>\n\t\t\t<\/div>\n\t\t<\/div>\n\t<\/div>\n\n\n\t<div class=\"text-box-warp\">\n\t\t<div class=\"container\">\n\t\t\t<div class=\"text-content\">\n\t\t\t\t<h2>Katzenminze zusammengefasst<\/h2>\n<p><span class=\"TextRun SCXW18258278 BCX0\" lang=\"DE-DE\" xml:lang=\"DE-DE\" data-contrast=\"auto\"><span class=\"NormalTextRun SCXW18258278 BCX0\">F\u00fcr viele Katzen ist Katzenminze ein <strong>fantastisches und nat\u00fcrliches Stimulans<\/strong>. Egal, ob du deine Katze aktivieren, belohnen oder beim Entspannen unterst\u00fctzen m\u00f6chtest &#8211; Katzenminze kann ein hervorragendes Hilfsmittel sein. Wie bei allem anderen auch sollte sie in Ma\u00dfen verwendet werden, um das Wohlbefinden und die Zufriedenheit deiner Katze sicherzustellen.<\/span><\/span><\/p>\n\t\t\t<\/div>\n\t\t<\/div>\n\t<\/div>\n\n\n\n\t<section class=\"block related-articles\">\n\t\t<div class=\"container\">\n\t\t\t<h2>Entdecke weitere Themen <\/h2>\n\t\t\t<div class=\"row justify-content-center\">\n\t\t\t\t\t\t\t\t\t\t<div class=\"col-sm-6 col-md-6 col-lg-3\">\n\t\t\t\t\t\t\t\t\t\t\t\t\t\t<div class=\"card \">\n\t\t\t\t\t\t\t\t\t\t\t\t\t\t\t\t\t<img decoding=\"async\"  src=\"https:\/\/bozita.com\/de\/wp-content\/uploads\/sites\/8\/2021\/06\/bozita-nutrition-kost-katt.jpg\" alt=\"\">\n\t\t\t\t\t\t\t\t\t\t\t\t\t\t\t\t\t<!-- <img decoding=\"async\" src=\"\n\t\t\t\t\t\t\t\t\t\t\t\t\t\t\t\t\t\t\t\t\" alt=\"\n\t\t\t\t\t\t\t\t\t\t\t\t\t\t\t\t\t\t\t\t\t\t\t\t\t\t\t\"> -->\n\t\t\t\t\t\t\t\t<div class=\"card-body\">\n\t\t\t\t\t\t\t\t\t\t\t\t\t\t\t\t\t\t\t<h6>Katzenern\u00e4hrung und Di\u00e4t<\/h6>\n\t\t\t\t\t\t\t\t\t\t\t\t\t\t\t\t\t\t\t<a href=\"https:\/\/bozita.com\/de\/katzenfutter\/ernahrung-and-diat\/\">Weiterlesen &nbsp; ><\/a>\n\t\t\t\t\t\t\t\t<\/div>\n\t\t\t\t\t\t\t<\/div>\n\t\t\t\t\t\t<\/div>\n\n\t\t\t\t\t\t\t\t\t\t\t<div class=\"col-sm-6 col-md-6 col-lg-3\">\n\t\t\t\t\t\t\t\t\t\t\t\t\t\t<div class=\"card \">\n\t\t\t\t\t\t\t\t\t\t\t\t\t\t\t\t\t<img decoding=\"async\"  src=\"https:\/\/bozita.com\/de\/wp-content\/uploads\/sites\/8\/2021\/08\/bozita_swedish-natural-quality.jpg\" alt=\"\">\n\t\t\t\t\t\t\t\t\t\t\t\t\t\t\t\t\t<!-- <img decoding=\"async\" src=\"\n\t\t\t\t\t\t\t\t\t\t\t\t\t\t\t\t\t\t\t\t\" alt=\"\n\t\t\t\t\t\t\t\t\t\t\t\t\t\t\t\t\t\t\t\t\t\t\t\t\t\t\t\"> -->\n\t\t\t\t\t\t\t\t<div class=\"card-body\">\n\t\t\t\t\t\t\t\t\t\t\t\t\t\t\t\t\t\t\t<h6>Die Vorteile, wenn Du Deiner Katze jeden Tag Nassfutter gibst<\/h6>\n\t\t\t\t\t\t\t\t\t\t\t\t\t\t\t\t\t\t\t<a href=\"https:\/\/bozita.com\/de\/katzenfutter\/ernahrung-and-diat\/the-benefits-of-giving-your-cat-wet-food-every-day\/\">Weiterlesen &nbsp; ><\/a>\n\t\t\t\t\t\t\t\t<\/div>\n\t\t\t\t\t\t\t<\/div>\n\t\t\t\t\t\t<\/div>\n\n\t\t\t\t\t\t\t\t\t\t\t<div class=\"col-sm-6 col-md-6 col-lg-3\">\n\t\t\t\t\t\t\t\t\t\t\t\t\t\t<div class=\"card \">\n\t\t\t\t\t\t\t\t\t\t\t\t\t\t\t\t\t<img decoding=\"async\"  src=\"https:\/\/bozita.com\/de\/wp-content\/uploads\/sites\/8\/2021\/08\/bozita-katter-ar-kottatare.jpg\" alt=\"\">\n\t\t\t\t\t\t\t\t\t\t\t\t\t\t\t\t\t<!-- <img decoding=\"async\" src=\"\n\t\t\t\t\t\t\t\t\t\t\t\t\t\t\t\t\t\t\t\t\" alt=\"\n\t\t\t\t\t\t\t\t\t\t\t\t\t\t\t\t\t\t\t\t\t\t\t\t\t\t\t\"> -->\n\t\t\t\t\t\t\t\t<div class=\"card-body\">\n\t\t\t\t\t\t\t\t\t\t\t\t\t\t\t\t\t\t\t<h6>Was essen Katzen und wie viel?<\/h6>\n\t\t\t\t\t\t\t\t\t\t\t\t\t\t\t\t\t\t\t<a href=\"https:\/\/bozita.com\/de\/katzenfutter\/ernahrung-and-diat\/was-essen-katzen\/\">Weiterlesen &nbsp; ><\/a>\n\t\t\t\t\t\t\t\t<\/div>\n\t\t\t\t\t\t\t<\/div>\n\t\t\t\t\t\t<\/div>\n\n\t\t\t\t\t\t\t\t\t\t\t\t<\/div>\n\t\t<\/div>\n\t<\/section>\n","protected":false},"excerpt":{"rendered":"","protected":false},"author":43,"featured_media":29798,"parent":29786,"menu_order":0,"comment_status":"closed","ping_status":"closed","template":"guternberg.php","meta":{"footnotes":""},"acf":[],"yoast_head":"<!-- This site is optimized with the Yoast SEO plugin v21.3 - https:\/\/yoast.com\/wordpress\/plugins\/seo\/ -->\n<title>Katzenminze - Was ist Katzenminze? | Bozita DE<\/title>\n<meta name=\"description\" content=\"Katzenminze ist bei Katzen sehr beliebt. Erfahre, welche Wirkung Katzenminze hat und wie die Pflanze verwendet werden sollte.\" \/>\n<meta name=\"robots\" content=\"index, follow, max-snippet:-1, max-image-preview:large, max-video-preview:-1\" \/>\n<link rel=\"canonical\" href=\"https:\/\/bozita.com\/de\/leben-mit-katze\/fakten-infos-uber-katzen\/katzenminze\/\" \/>\n<meta property=\"og:locale\" content=\"de_DE\" \/>\n<meta property=\"og:type\" content=\"article\" \/>\n<meta property=\"og:title\" content=\"Katzenminze - Was ist Katzenminze? | Bozita DE\" \/>\n<meta property=\"og:description\" content=\"Katzenminze ist bei Katzen sehr beliebt. Erfahre, welche Wirkung Katzenminze hat und wie die Pflanze verwendet werden sollte.\" \/>\n<meta property=\"og:url\" content=\"https:\/\/bozita.com\/de\/leben-mit-katze\/fakten-infos-uber-katzen\/katzenminze\/\" \/>\n<meta property=\"og:site_name\" content=\"Bozita DE\" \/>\n<meta property=\"article:modified_time\" content=\"2025-09-09T07:56:10+00:00\" \/>\n<meta property=\"og:image\" content=\"https:\/\/bozita.com\/de\/wp-content\/uploads\/sites\/8\/2025\/08\/kattmedkattmyntautomhus-1024x683.jpg\" \/>\n\t<meta property=\"og:image:width\" content=\"1024\" \/>\n\t<meta property=\"og:image:height\" content=\"683\" \/>\n\t<meta property=\"og:image:type\" content=\"image\/jpeg\" \/>\n<meta name=\"twitter:card\" content=\"summary_large_image\" \/>\n<!-- \/ Yoast SEO plugin. -->","yoast_head_json":{"title":"Katzenminze - Was ist Katzenminze? | Bozita DE","description":"Katzenminze ist bei Katzen sehr beliebt. Erfahre, welche Wirkung Katzenminze hat und wie die Pflanze verwendet werden sollte.","robots":{"index":"index","follow":"follow","max-snippet":"max-snippet:-1","max-image-preview":"max-image-preview:large","max-video-preview":"max-video-preview:-1"},"canonical":"https:\/\/bozita.com\/de\/leben-mit-katze\/fakten-infos-uber-katzen\/katzenminze\/","og_locale":"de_DE","og_type":"article","og_title":"Katzenminze - Was ist Katzenminze? | Bozita DE","og_description":"Katzenminze ist bei Katzen sehr beliebt. Erfahre, welche Wirkung Katzenminze hat und wie die Pflanze verwendet werden sollte.","og_url":"https:\/\/bozita.com\/de\/leben-mit-katze\/fakten-infos-uber-katzen\/katzenminze\/","og_site_name":"Bozita DE","article_modified_time":"2025-09-09T07:56:10+00:00","og_image":[{"width":1024,"height":683,"url":"https:\/\/bozita.com\/de\/wp-content\/uploads\/sites\/8\/2025\/08\/kattmedkattmyntautomhus-1024x683.jpg","type":"image\/jpeg"}],"twitter_card":"summary_large_image","schema":{"@context":"https:\/\/schema.org","@graph":[{"@type":"WebPage","@id":"https:\/\/bozita.com\/de\/leben-mit-katze\/fakten-infos-uber-katzen\/katzenminze\/","url":"https:\/\/bozita.com\/de\/leben-mit-katze\/fakten-infos-uber-katzen\/katzenminze\/","name":"Katzenminze - Was ist Katzenminze? | Bozita DE","isPartOf":{"@id":"https:\/\/bozita.com\/de\/#website"},"datePublished":"2025-09-09T07:56:09+00:00","dateModified":"2025-09-09T07:56:10+00:00","description":"Katzenminze ist bei Katzen sehr beliebt. Erfahre, welche Wirkung Katzenminze hat und wie die Pflanze verwendet werden sollte.","breadcrumb":{"@id":"https:\/\/bozita.com\/de\/leben-mit-katze\/fakten-infos-uber-katzen\/katzenminze\/#breadcrumb"},"inLanguage":"de","potentialAction":[{"@type":"ReadAction","target":["https:\/\/bozita.com\/de\/leben-mit-katze\/fakten-infos-uber-katzen\/katzenminze\/"]}]},{"@type":"BreadcrumbList","@id":"https:\/\/bozita.com\/de\/leben-mit-katze\/fakten-infos-uber-katzen\/katzenminze\/#breadcrumb","itemListElement":[{"@type":"ListItem","position":1,"name":"Startseite","item":"https:\/\/bozita.com\/de\/"},{"@type":"ListItem","position":2,"name":"Leben mit Katze","item":"https:\/\/bozita.com\/de\/leben-mit-katze\/"},{"@type":"ListItem","position":3,"name":"Fakten &amp; Infos \u00fcber Katzen","item":"https:\/\/bozita.com\/de\/leben-mit-katze\/fakten-infos-uber-katzen\/"},{"@type":"ListItem","position":4,"name":"Katzenminze"}]},{"@type":"WebSite","@id":"https:\/\/bozita.com\/de\/#website","url":"https:\/\/bozita.com\/de\/","name":"Bozita DE","description":"","potentialAction":[{"@type":"SearchAction","target":{"@type":"EntryPoint","urlTemplate":"https:\/\/bozita.com\/de\/?s={search_term_string}"},"query-input":"required name=search_term_string"}],"inLanguage":"de"}]}},"_links":{"self":[{"href":"https:\/\/bozita.com\/de\/wp-json\/wp\/v2\/pages\/29797"}],"collection":[{"href":"https:\/\/bozita.com\/de\/wp-json\/wp\/v2\/pages"}],"about":[{"href":"https:\/\/bozita.com\/de\/wp-json\/wp\/v2\/types\/page"}],"author":[{"embeddable":true,"href":"https:\/\/bozita.com\/de\/wp-json\/wp\/v2\/users\/43"}],"replies":[{"embeddable":true,"href":"https:\/\/bozita.com\/de\/wp-json\/wp\/v2\/comments?post=29797"}],"version-history":[{"count":6,"href":"https:\/\/bozita.com\/de\/wp-json\/wp\/v2\/pages\/29797\/revisions"}],"predecessor-version":[{"id":29804,"href":"https:\/\/bozita.com\/de\/wp-json\/wp\/v2\/pages\/29797\/revisions\/29804"}],"up":[{"embeddable":true,"href":"https:\/\/bozita.com\/de\/wp-json\/wp\/v2\/pages\/29786"}],"wp:featuredmedia":[{"embeddable":true,"href":"https:\/\/bozita.com\/de\/wp-json\/wp\/v2\/media\/29798"}],"wp:attachment":[{"href":"https:\/\/bozita.com\/de\/wp-json\/wp\/v2\/media?parent=29797"}],"curies":[{"name":"wp","href":"https:\/\/api.w.org\/{rel}","templated":true}]}}