{"id":30057,"date":"2025-09-30T07:40:34","date_gmt":"2025-09-30T07:40:34","guid":{"rendered":"https:\/\/bozita.com\/de\/?page_id=30057"},"modified":"2025-09-30T07:40:34","modified_gmt":"2025-09-30T07:40:34","slug":"hund-allein-lassen","status":"publish","type":"page","link":"https:\/\/bozita.com\/de\/leben-mit-hund\/fakten-und-infos\/hund-allein-lassen\/","title":{"rendered":"Hund allein lassen"},"content":{"rendered":"\n\t\t<section class=\"small-hero-with-image\">\n\t\t\t\t\t\t\t<img decoding=\"async\" class=\"background-image\" src=\"https:\/\/bozita.com\/de\/wp-content\/uploads\/sites\/8\/2025\/09\/hundhemmasjaelv.jpg\" alt=\"\">\n\t\t\t\t\t\t\t<div class=\"overlay-v1 overlay-bg\">\n\t\t\t\t<div class=\"container\">\n\t\t\t\t\t<div class=\"row\">\n\t\t\t\t\t\t<div class=\"col-md-6 col-lg-5\">\n\t\t\t\t\t\t\t<h5>Fakten &amp; Infos<\/h5><h1>Hund allein lassen<\/h1><p><p><strong><span class=\"TextRun SCXW160123790 BCX0\" lang=\"DE-DE\" xml:lang=\"DE-DE\" data-contrast=\"auto\"><span class=\"NormalTextRun SCXW160123790 BCX0\">In Deutschland gibt es keine gesetzliche Regelung, die festlegt, wie lange ein Hund allein sein darf. In der Praxis sollte ein Hund jedoch nicht l\u00e4nger als 4 bis 6\u00a0Stunden am St\u00fcck allein gelassen werden.<\/span><\/span><\/strong><span class=\"TextRun SCXW160123790 BCX0\" lang=\"DE-DE\" xml:lang=\"DE-DE\" data-contrast=\"auto\"><span class=\"NormalTextRun SCXW160123790 BCX0\"> Wie lange ein Hund allein bleiben kann, h\u00e4ngt von seinem Alter, seiner Rasse, seinen Gewohnheiten sowie davon ab, wie er an das Alleinsein gew\u00f6hnt wurde.<\/span><\/span><span class=\"EOP SCXW160123790 BCX0\" data-ccp-props=\"{&quot;335559738&quot;:240,&quot;335559739&quot;:240}\">\u00a0<\/span><\/p>\n<\/p>\t\t\t\t\t\t<\/div>\n\t\t\t\t\t<\/div>\n\t\t\t\t<\/div>\n\t\t\t<\/div>\n\t\t<\/section>\n\t\t\n\n\t<div class=\"text-box-warp\">\n\t\t<div class=\"container\">\n\t\t\t<div class=\"text-content\">\n\t\t\t\t<h2><span class=\"NormalTextRun SCXW36220571 BCX0\" data-ccp-parastyle=\"heading 2\">Wie <\/span><span class=\"NormalTextRun SCXW36220571 BCX0\" data-ccp-parastyle=\"heading 2\">lange<\/span> <span class=\"NormalTextRun SCXW36220571 BCX0\" data-ccp-parastyle=\"heading 2\">kann<\/span> <span class=\"NormalTextRun SCXW36220571 BCX0\" data-ccp-parastyle=\"heading 2\">ein<\/span><span class=\"NormalTextRun SCXW36220571 BCX0\" data-ccp-parastyle=\"heading 2\"> Hund <\/span><span class=\"NormalTextRun SCXW36220571 BCX0\" data-ccp-parastyle=\"heading 2\">allein<\/span>\u00a0<span class=\"NormalTextRun SpellingErrorV2Themed SCXW36220571 BCX0\" data-ccp-parastyle=\"heading 2\">bleiben<\/span><span class=\"NormalTextRun SCXW36220571 BCX0\" data-ccp-parastyle=\"heading 2\">?<\/span><\/h2>\n<p data-ccp-border-between=\"0px none #000000\" data-ccp-padding-between=\"0px\"><span data-contrast=\"auto\">Als allgemeine Faustregel sollte ein erwachsener Hund, der daran gew\u00f6hnt ist, allein zu sein, nicht l\u00e4nger als 4 bis 6 Stunden am St\u00fcck allein gelassen werden. F\u00fcr Welpen, \u00e4ltere Hunde und Hunde mit Trennungsangst gilt eine noch k\u00fcrzere Zeit \u2013 manchmal nur wenige Stunden.<\/span><span data-ccp-props=\"{&quot;335559738&quot;:240,&quot;335559739&quot;:0,&quot;335572071&quot;:0,&quot;335572072&quot;:0,&quot;335572073&quot;:0,&quot;335572075&quot;:0,&quot;335572076&quot;:0,&quot;335572077&quot;:0,&quot;335572079&quot;:0,&quot;335572080&quot;:0,&quot;335572081&quot;:0,&quot;335572083&quot;:0,&quot;335572084&quot;:0,&quot;335572085&quot;:0,&quot;335572087&quot;:0,&quot;335572088&quot;:0,&quot;335572089&quot;:0,&quot;469789798&quot;:&quot;nil&quot;,&quot;469789802&quot;:&quot;nil&quot;,&quot;469789806&quot;:&quot;nil&quot;,&quot;469789810&quot;:&quot;nil&quot;,&quot;469789814&quot;:&quot;nil&quot;}\">\u00a0<\/span><\/p>\n<ul>\n<li data-leveltext=\"\u25cf\" data-font=\"\" data-listid=\"3\" data-list-defn-props=\"{&quot;335552541&quot;:1,&quot;335559685&quot;:720,&quot;335559991&quot;:360,&quot;469769242&quot;:[8226],&quot;469777803&quot;:&quot;left&quot;,&quot;469777804&quot;:&quot;\u25cf&quot;,&quot;469777815&quot;:&quot;multilevel&quot;}\" data-aria-posinset=\"1\" data-aria-level=\"1\"><b><span data-contrast=\"auto\">Welpen (bis zu 6 Monate): <\/span><\/b><span data-contrast=\"auto\">Welpen sollten nicht l\u00e4nger als 1-2 Stunden am St\u00fcck allein gelassen werden.<\/span><span data-ccp-props=\"{&quot;335559738&quot;:240,&quot;335559739&quot;:0,&quot;335572071&quot;:0,&quot;335572072&quot;:0,&quot;335572073&quot;:0,&quot;335572075&quot;:0,&quot;335572076&quot;:0,&quot;335572077&quot;:0,&quot;335572079&quot;:0,&quot;335572080&quot;:0,&quot;335572081&quot;:0,&quot;335572083&quot;:0,&quot;335572084&quot;:0,&quot;335572085&quot;:0,&quot;335572087&quot;:0,&quot;335572088&quot;:0,&quot;335572089&quot;:0,&quot;469789798&quot;:&quot;nil&quot;,&quot;469789802&quot;:&quot;nil&quot;,&quot;469789806&quot;:&quot;nil&quot;,&quot;469789810&quot;:&quot;nil&quot;,&quot;469789814&quot;:&quot;nil&quot;}\">\u00a0<\/span><\/li>\n<\/ul>\n<ul>\n<li data-leveltext=\"\u25cf\" data-font=\"Montserrat Medium\" data-listid=\"3\" data-list-defn-props=\"{&quot;335552541&quot;:1,&quot;335559685&quot;:720,&quot;335559991&quot;:360,&quot;469769242&quot;:[8226],&quot;469777803&quot;:&quot;left&quot;,&quot;469777804&quot;:&quot;\u25cf&quot;,&quot;469777815&quot;:&quot;multilevel&quot;}\" data-aria-posinset=\"2\" data-aria-level=\"1\"><b><span data-contrast=\"auto\">Erwachsene Hunde: <\/span><\/b><span data-contrast=\"auto\">Ein erwachsener Hund kann l\u00e4nger allein gelassen werden, maximal jedoch 4 bis 6 Stunden.<\/span><span data-ccp-props=\"{&quot;335559739&quot;:240,&quot;335572071&quot;:0,&quot;335572072&quot;:0,&quot;335572073&quot;:0,&quot;335572075&quot;:0,&quot;335572076&quot;:0,&quot;335572077&quot;:0,&quot;335572079&quot;:0,&quot;335572080&quot;:0,&quot;335572081&quot;:0,&quot;335572083&quot;:0,&quot;335572084&quot;:0,&quot;335572085&quot;:0,&quot;335572087&quot;:0,&quot;335572088&quot;:0,&quot;335572089&quot;:0,&quot;469789798&quot;:&quot;nil&quot;,&quot;469789802&quot;:&quot;nil&quot;,&quot;469789806&quot;:&quot;nil&quot;,&quot;469789810&quot;:&quot;nil&quot;,&quot;469789814&quot;:&quot;nil&quot;}\">\u00a0<\/span><\/li>\n<\/ul>\n<ul>\n<li data-leveltext=\"\u25cf\" data-font=\"\" data-listid=\"3\" data-list-defn-props=\"{&quot;335552541&quot;:1,&quot;335559685&quot;:720,&quot;335559991&quot;:360,&quot;469769242&quot;:[8226],&quot;469777803&quot;:&quot;left&quot;,&quot;469777804&quot;:&quot;\u25cf&quot;,&quot;469777815&quot;:&quot;multilevel&quot;}\" data-aria-posinset=\"3\" data-aria-level=\"1\"><b><span data-contrast=\"auto\">Seniorhunde: <\/span><\/b><span data-contrast=\"auto\">Je nach Gesundheitszustand k\u00f6nnen Seniorhunde l\u00e4nger allein sein, oft aber nicht so lange wie erwachsene Hunde.<\/span><\/li>\n<\/ul>\n<p>Es kommt auch darauf an, wie oft du deinen Hund allein l\u00e4sst. Ein Hund, der jeden Tag 6 Stunden allein ist, f\u00fchlt sich weniger wohl als ein Hund, der nur gelegentlich f\u00fcr 6 Stunden allein gelassen wird.<\/p>\n\t\t\t<\/div>\n\t\t<\/div>\n\t<\/div>\n\n\n\t<div class=\"text-box-warp\">\n\t\t<div class=\"container\">\n\t\t\t<div class=\"text-content\">\n\t\t\t\t<h2><span class=\"TextRun SCXW184327172 BCX0\" lang=\"DE-DE\" xml:lang=\"DE-DE\" data-contrast=\"none\"><span class=\"NormalTextRun SCXW184327172 BCX0\" data-ccp-parastyle=\"heading 2\">W<\/span><span class=\"NormalTextRun SCXW184327172 BCX0\" data-ccp-parastyle=\"heading 2\">ie lange darf ein Hund laut Tierschutz <\/span><span class=\"NormalTextRun SCXW184327172 BCX0\" data-ccp-parastyle=\"heading 2\">allein<\/span><span class=\"NormalTextRun SCXW184327172 BCX0\" data-ccp-parastyle=\"heading 2\">\u00a0bleiben<\/span><span class=\"NormalTextRun SCXW184327172 BCX0\" data-ccp-parastyle=\"heading 2\">?<\/span><\/span><\/h2>\n<p><span data-contrast=\"auto\">Laut der <strong>Tierschutz-Hundeverordnung (TierSchHuV)<\/strong> darf ein Hund nicht \u00fcber einen l\u00e4ngeren Zeitraum ohne Aufsicht allein gelassen werden. Zwar gibt es keine genaue Zeitgrenze im Gesetz, jedoch ist eindeutig festgelegt, dass Hunde t\u00e4glich mehrmals sozialen Kontakt mit Menschen und ausreichend Auslauf im Freien sowie regelm\u00e4\u00dfigen Kontakt zu Artgenossen haben sollen, sofern dies gesundheitlich und verhaltensbedingt m\u00f6glich ist.<\/span><span data-ccp-props=\"{&quot;335559738&quot;:240,&quot;335559739&quot;:240}\">\u00a0<\/span><\/p>\n<p><span data-contrast=\"auto\">Laut Verordnung\u00a0soll:<\/span><span data-ccp-props=\"{&quot;335559738&quot;:240,&quot;335559739&quot;:0}\">\u00a0<\/span><\/p>\n<ul>\n<li data-leveltext=\"\u25cf\" data-font=\"Montserrat Medium\" data-listid=\"2\" data-list-defn-props=\"{&quot;335552541&quot;:1,&quot;335559685&quot;:720,&quot;335559991&quot;:360,&quot;469769242&quot;:[8226],&quot;469777803&quot;:&quot;left&quot;,&quot;469777804&quot;:&quot;\u25cf&quot;,&quot;469777815&quot;:&quot;multilevel&quot;}\" data-aria-posinset=\"1\" data-aria-level=\"1\"><span data-contrast=\"auto\">der Hund tags\u00fcber\u00a0<strong>mindestens alle 6 Stunden beaufsichtigt<\/strong> werden.<\/span> <span data-ccp-props=\"{&quot;335559738&quot;:240,&quot;335559739&quot;:0}\">\u00a0<\/span><\/li>\n<\/ul>\n<ul>\n<li data-leveltext=\"\u25cf\" data-font=\"Montserrat Medium\" data-listid=\"2\" data-list-defn-props=\"{&quot;335552541&quot;:1,&quot;335559685&quot;:720,&quot;335559991&quot;:360,&quot;469769242&quot;:[8226],&quot;469777803&quot;:&quot;left&quot;,&quot;469777804&quot;:&quot;\u25cf&quot;,&quot;469777815&quot;:&quot;multilevel&quot;}\" data-aria-posinset=\"2\" data-aria-level=\"1\"><span data-contrast=\"auto\">der Hund<strong> Zugang zu Besch\u00e4ftigung<\/strong>, Wasser und Bewegung haben.<\/span><\/li>\n<\/ul>\n<ul>\n<li data-leveltext=\"\u25cf\" data-font=\"Montserrat Medium\" data-listid=\"2\" data-list-defn-props=\"{&quot;335552541&quot;:1,&quot;335559685&quot;:720,&quot;335559991&quot;:360,&quot;469769242&quot;:[8226],&quot;469777803&quot;:&quot;left&quot;,&quot;469777804&quot;:&quot;\u25cf&quot;,&quot;469777815&quot;:&quot;multilevel&quot;}\" data-aria-posinset=\"3\" data-aria-level=\"1\"><span data-contrast=\"auto\">ein <strong>Welpe oder ein junger Hund nicht f\u00fcr l\u00e4ngere Zeit allein<\/strong>\u00a0gelassen werden.<\/span><span data-ccp-props=\"{&quot;335559739&quot;:240}\">\u00a0<\/span><\/li>\n<\/ul>\n<p><span data-contrast=\"auto\">Das Nichtbefolgen dieser Regeln kann als Tierqu\u00e4lerei oder mangelhafte Tierhaltung eingestuft werden.<\/span><\/p>\n\t\t\t<\/div>\n\t\t<\/div>\n\t<\/div>\n\n\n\t<div class=\"text-box-warp\">\n\t\t<div class=\"container\">\n\t\t\t<div class=\"text-content\">\n\t\t\t\t<h2><span class=\"TextRun SCXW66890690 BCX0\" lang=\"DE-DE\" xml:lang=\"DE-DE\" data-contrast=\"none\"><span class=\"NormalTextRun SCXW66890690 BCX0\" data-ccp-parastyle=\"heading 2\">Welche Auswirkungen hat es auf einen Hund, wenn er <\/span><span class=\"NormalTextRun SCXW66890690 BCX0\" data-ccp-parastyle=\"heading 2\">allein<\/span><span class=\"NormalTextRun SCXW66890690 BCX0\" data-ccp-parastyle=\"heading 2\">\u00a0gelassen wird<\/span><span class=\"NormalTextRun SCXW66890690 BCX0\" data-ccp-parastyle=\"heading 2\">?<\/span><\/span><\/h2>\n<p><span data-contrast=\"auto\">Hunde sind von Natur aus Rudeltiere und f\u00fchlen sich in der Gesellschaft von Menschen oder anderen Tieren am wohlsten. Werden sie f\u00fcr l\u00e4ngere Zeit allein gelassen, kann sich das negativ auf ihr psychisches und k\u00f6rperliches Wohlbefinden auswirken. W\u00e4hrend einige Hunde nach entsprechendem Training eine Weile allein sein k\u00f6nnen, entwickeln andere schnell stressbedingte Probleme. <\/span><span data-ccp-props=\"{&quot;335559738&quot;:240,&quot;335559739&quot;:240}\">\u00a0<\/span><\/p>\n<p><span data-contrast=\"auto\">Eine der h\u00e4ufigsten Folgen von Einsamkeit ist Trennungsangst. Sie \u00e4u\u00dfert sich dadurch, dass der Hund bellt, heult, M\u00f6bel zerst\u00f6rt oder im Haus uriniert, wenn er allein ist. Neben Verhaltensproblemen kann langanhaltende Einsamkeit dazu f\u00fchren, dass der Hund depressiv wird. Ein zuvor fr\u00f6hlicher und aktiver Hund kann pl\u00f6tzlich lustlos und desinteressiert wirken, selbst an Aktivit\u00e4ten, die ihm fr\u00fcher Freude bereitet haben.<\/span><span data-ccp-props=\"{&quot;335559738&quot;:240,&quot;335559739&quot;:240}\">\u00a0<\/span><\/p>\n<p><span data-contrast=\"auto\">Einsamkeit hat nicht nur psychische Auswirkungen: Ein Hund, der zu viel allein ist, kann auch einen Mangel an k\u00f6rperlicher und geistiger Stimulation versp\u00fcren. Ohne ausreichende Besch\u00e4ftigung riskiert er, sich zu langweilen. Das kann zu destruktivem Verhalten oder \u00fcberm\u00e4\u00dfigem Lecken und Bei\u00dfen an sich selbst f\u00fchren.<\/span><span data-ccp-props=\"{&quot;335559738&quot;:240,&quot;335559739&quot;:240}\">\u00a0<\/span><\/p>\n<p><span data-contrast=\"auto\">Als Hundehalter solltest du daher darauf achten, die Zeit des Alleinseins so kurz wie m\u00f6glich zu halten und deinem Hund t\u00e4glich sowohl k\u00f6rperliche Bewegung als auch sozialen Kontakt zu bieten. Es ist auch wichtig, dem <a href=\"https:\/\/bozita.com\/de\/leben-mit-hund\/entwicklung-deines-hundes\/so-trainieren-sie-ihren-hund-allein-zu-sein\/\">Hund schrittweise anzutrainieren<\/a>, allein zu sein und ihm einen sicheren Platz zum Ausruhen zu bieten, wenn du nicht zu Hause bist.<\/span><\/p>\n\t\t\t<\/div>\n\t\t<\/div>\n\t<\/div>\n\n\n\t<div class=\"text-box-warp\">\n\t\t<div class=\"container\">\n\t\t\t<div class=\"text-content\">\n\t\t\t\t<h2><span class=\"NormalTextRun SCXW9630617 BCX0\" data-ccp-parastyle=\"heading 2\">Hund <\/span><span class=\"NormalTextRun SCXW9630617 BCX0\" data-ccp-parastyle=\"heading 2\">allein<\/span><span class=\"NormalTextRun SCXW9630617 BCX0\" data-ccp-parastyle=\"heading 2\">\u00a0lassen &#8211; Tipps<\/span><\/h2>\n<p><span data-contrast=\"auto\">Wenn du deinen Hund gelegentlich allein lassen musst, gibt es einige Ma\u00dfnahmen, die du ergreifen kannst, um Stress und Angst bei deinem Hund zu minimieren:<\/span><span data-ccp-props=\"{&quot;335559738&quot;:280,&quot;335559739&quot;:80}\">\u00a0<\/span><\/p>\n<ul>\n<li data-leveltext=\"\u25cf\" data-font=\"\" data-listid=\"1\" data-list-defn-props=\"{&quot;335552541&quot;:1,&quot;335559685&quot;:720,&quot;335559991&quot;:360,&quot;469769242&quot;:[8226],&quot;469777803&quot;:&quot;left&quot;,&quot;469777804&quot;:&quot;\u25cf&quot;,&quot;469777815&quot;:&quot;multilevel&quot;}\" data-aria-posinset=\"1\" data-aria-level=\"1\"><b><span data-contrast=\"auto\">Sorge f\u00fcr ausreichend Bewegung, bevor du gehst:\u00a0<\/span><\/b><span data-contrast=\"auto\">Ein m\u00fcder Hund ist ein ruhiger Hund.<\/span><\/li>\n<\/ul>\n<ul>\n<li data-leveltext=\"\u25cf\" data-font=\"\" data-listid=\"1\" data-list-defn-props=\"{&quot;335552541&quot;:1,&quot;335559685&quot;:720,&quot;335559991&quot;:360,&quot;469769242&quot;:[8226],&quot;469777803&quot;:&quot;left&quot;,&quot;469777804&quot;:&quot;\u25cf&quot;,&quot;469777815&quot;:&quot;multilevel&quot;}\" data-aria-posinset=\"2\" data-aria-level=\"1\"><b><span data-contrast=\"auto\">Schaffe einen sicheren Platz: <\/span><\/b><span data-contrast=\"auto\">Zum Beispiel ein Bett in einem ruhigen Raum.<\/span><\/li>\n<\/ul>\n<ul>\n<li data-leveltext=\"\u25cf\" data-font=\"\" data-listid=\"1\" data-list-defn-props=\"{&quot;335552541&quot;:1,&quot;335559685&quot;:720,&quot;335559991&quot;:360,&quot;469769242&quot;:[8226],&quot;469777803&quot;:&quot;left&quot;,&quot;469777804&quot;:&quot;\u25cf&quot;,&quot;469777815&quot;:&quot;multilevel&quot;}\" data-aria-posinset=\"3\" data-aria-level=\"1\"><b><span data-contrast=\"auto\">Nutze Besch\u00e4ftigungsspielzeug: <\/span><\/b><span data-contrast=\"auto\">Wie ein gef\u00fclltes Kauspielzeug oder einen Snackspender.<\/span><\/li>\n<\/ul>\n<ul>\n<li data-leveltext=\"\u25cf\" data-font=\"\" data-listid=\"1\" data-list-defn-props=\"{&quot;335552541&quot;:1,&quot;335559685&quot;:720,&quot;335559991&quot;:360,&quot;469769242&quot;:[8226],&quot;469777803&quot;:&quot;left&quot;,&quot;469777804&quot;:&quot;\u25cf&quot;,&quot;469777815&quot;:&quot;multilevel&quot;}\" data-aria-posinset=\"4\" data-aria-level=\"1\"><b><span data-contrast=\"auto\"><a href=\"https:\/\/bozita.com\/de\/leben-mit-hund\/entwicklung-deines-hundes\/so-trainieren-sie-ihren-hund-allein-zu-sein\/\">Trainiere das Alleinsein schrittweise:<\/a> <\/span><\/b><span data-contrast=\"auto\">Beginne mit kurzen Zeitr\u00e4umen und verl\u00e4ngere die Zeit langsam.<\/span><\/li>\n<\/ul>\n<ul>\n<li data-leveltext=\"\u25cf\" data-font=\"\" data-listid=\"1\" data-list-defn-props=\"{&quot;335552541&quot;:1,&quot;335559685&quot;:720,&quot;335559991&quot;:360,&quot;469769242&quot;:[8226],&quot;469777803&quot;:&quot;left&quot;,&quot;469777804&quot;:&quot;\u25cf&quot;,&quot;469777815&quot;:&quot;multilevel&quot;}\" data-aria-posinset=\"5\" data-aria-level=\"1\"><b><span data-contrast=\"auto\">Erw\u00e4ge einen Hundesitter: <\/span><\/b><span data-contrast=\"auto\">Wenn du h\u00e4ufig oder lange abwesend bist.<\/span><\/li>\n<\/ul>\n<p><span data-contrast=\"auto\">Dein Abschied sollte keine gro\u00dfe Sache sein. Halte ihn kurz und ruhig und \u00fcbertreibe es nicht in den Augen deines Hundes.<\/span><span data-ccp-props=\"{}\">\u00a0<\/span><\/p>\n\t\t\t<\/div>\n\t\t<\/div>\n\t<\/div>\n\n\n\n\t<section class=\"block related-articles\">\n\t\t<div class=\"container\">\n\t\t\t<h2>Entdecke weitere Themen <\/h2>\n\t\t\t<div class=\"row justify-content-center\">\n\t\t\t\t\t\t\t\t\t\t<div class=\"col-sm-6 col-md-6 col-lg-3\">\n\t\t\t\t\t\t\t\t\t\t\t\t\t\t<div class=\"card \">\n\t\t\t\t\t\t\t\t\t\t\t\t\t\t\t\t\t<img decoding=\"async\"  src=\"https:\/\/bozita.com\/de\/wp-content\/uploads\/sites\/8\/2021\/08\/bozita-hundvalp-ensam-trana.jpeg\" alt=\"\">\n\t\t\t\t\t\t\t\t\t\t\t\t\t\t\t\t\t<!-- <img decoding=\"async\" src=\"\n\t\t\t\t\t\t\t\t\t\t\t\t\t\t\t\t\t\t\t\t\" alt=\"\n\t\t\t\t\t\t\t\t\t\t\t\t\t\t\t\t\t\t\t\t\t\t\t\t\t\t\t\"> -->\n\t\t\t\t\t\t\t\t<div class=\"card-body\">\n\t\t\t\t\t\t\t\t\t\t\t\t\t\t\t\t\t\t\t<h6>So trainierst Du Deinen Hund, allein zu sein<\/h6>\n\t\t\t\t\t\t\t\t\t\t\t\t\t\t\t\t\t\t\t<a href=\"https:\/\/bozita.com\/de\/leben-mit-hund\/entwicklung-deines-hundes\/so-trainieren-sie-ihren-hund-allein-zu-sein\/\">Weiterlesen &nbsp; ><\/a>\n\t\t\t\t\t\t\t\t<\/div>\n\t\t\t\t\t\t\t<\/div>\n\t\t\t\t\t\t<\/div>\n\n\t\t\t\t\t\t\t\t\t\t\t<div class=\"col-sm-6 col-md-6 col-lg-3\">\n\t\t\t\t\t\t\t\t\t\t\t\t\t\t<div class=\"card \">\n\t\t\t\t\t\t\t\t\t\t\t\t\t\t\t\t\t<img decoding=\"async\"  src=\"https:\/\/bozita.com\/de\/wp-content\/uploads\/sites\/8\/2021\/08\/bozita-hundens-utveckling-stadier.jpeg\" alt=\"\">\n\t\t\t\t\t\t\t\t\t\t\t\t\t\t\t\t\t<!-- <img decoding=\"async\" src=\"\n\t\t\t\t\t\t\t\t\t\t\t\t\t\t\t\t\t\t\t\t\" alt=\"\n\t\t\t\t\t\t\t\t\t\t\t\t\t\t\t\t\t\t\t\t\t\t\t\t\t\t\t\"> -->\n\t\t\t\t\t\t\t\t<div class=\"card-body\">\n\t\t\t\t\t\t\t\t\t\t\t\t\t\t\t\t\t\t\t<h6>Die Entwicklung des Hundes vom Welpen zum erwachsenen Hund<\/h6>\n\t\t\t\t\t\t\t\t\t\t\t\t\t\t\t\t\t\t\t<a href=\"https:\/\/bozita.com\/de\/leben-mit-hund\/entwicklung-deines-hundes\/die-entwicklung-des-hundes-vom-welpen-zum-erwachsenen-hund\/\">Weiterlesen &nbsp; ><\/a>\n\t\t\t\t\t\t\t\t<\/div>\n\t\t\t\t\t\t\t<\/div>\n\t\t\t\t\t\t<\/div>\n\n\t\t\t\t\t\t\t\t\t\t\t<div class=\"col-sm-6 col-md-6 col-lg-3\">\n\t\t\t\t\t\t\t\t\t\t\t\t\t\t<div class=\"card \">\n\t\t\t\t\t\t\t\t\t\t\t\t\t\t\t\t\t<img decoding=\"async\"  src=\"https:\/\/bozita.com\/de\/wp-content\/uploads\/sites\/8\/2021\/06\/bozita-hundens-utveckling.jpg\" alt=\"\">\n\t\t\t\t\t\t\t\t\t\t\t\t\t\t\t\t\t<!-- <img decoding=\"async\" src=\"\n\t\t\t\t\t\t\t\t\t\t\t\t\t\t\t\t\t\t\t\t\" alt=\"\n\t\t\t\t\t\t\t\t\t\t\t\t\t\t\t\t\t\t\t\t\t\t\t\t\t\t\t\"> -->\n\t\t\t\t\t\t\t\t<div class=\"card-body\">\n\t\t\t\t\t\t\t\t\t\t\t\t\t\t\t\t\t\t\t<h6>Entwicklung Deines Hundes<\/h6>\n\t\t\t\t\t\t\t\t\t\t\t\t\t\t\t\t\t\t\t<a href=\"https:\/\/bozita.com\/de\/leben-mit-hund\/entwicklung-deines-hundes\/\">Weiterlesen &nbsp; ><\/a>\n\t\t\t\t\t\t\t\t<\/div>\n\t\t\t\t\t\t\t<\/div>\n\t\t\t\t\t\t<\/div>\n\n\t\t\t\t\t\t\t\t\t\t\t\t<\/div>\n\t\t<\/div>\n\t<\/section>\n","protected":false},"excerpt":{"rendered":"","protected":false},"author":43,"featured_media":30058,"parent":29626,"menu_order":0,"comment_status":"closed","ping_status":"closed","template":"guternberg.php","meta":{"footnotes":""},"acf":[],"yoast_head":"<!-- This site is optimized with the Yoast SEO plugin v21.3 - https:\/\/yoast.com\/wordpress\/plugins\/seo\/ -->\n<title>Hund allein lassen - Regeln &amp; Tipps | Bozita DE<\/title>\n<meta name=\"description\" content=\"Erfahre, wie lange du deinen Hund allein lassen kannst, welche Regeln es gibt und welche Auswirkungen Einsamkeit auf Hunde haben kann.\" \/>\n<meta name=\"robots\" content=\"index, follow, max-snippet:-1, max-image-preview:large, max-video-preview:-1\" \/>\n<link rel=\"canonical\" href=\"https:\/\/bozita.com\/de\/leben-mit-hund\/fakten-und-infos\/hund-allein-lassen\/\" \/>\n<meta property=\"og:locale\" content=\"de_DE\" \/>\n<meta property=\"og:type\" content=\"article\" \/>\n<meta property=\"og:title\" content=\"Hund allein lassen - Regeln &amp; Tipps | Bozita DE\" \/>\n<meta property=\"og:description\" content=\"Erfahre, wie lange du deinen Hund allein lassen kannst, welche Regeln es gibt und welche Auswirkungen Einsamkeit auf Hunde haben kann.\" \/>\n<meta property=\"og:url\" content=\"https:\/\/bozita.com\/de\/leben-mit-hund\/fakten-und-infos\/hund-allein-lassen\/\" \/>\n<meta property=\"og:site_name\" content=\"Bozita DE\" \/>\n<meta property=\"og:image\" content=\"https:\/\/bozita.com\/de\/wp-content\/uploads\/sites\/8\/2025\/09\/hundhemmasjaelv.jpg\" \/>\n\t<meta property=\"og:image:width\" content=\"2121\" \/>\n\t<meta property=\"og:image:height\" content=\"1414\" \/>\n\t<meta property=\"og:image:type\" content=\"image\/jpeg\" \/>\n<meta name=\"twitter:card\" content=\"summary_large_image\" \/>\n<!-- \/ Yoast SEO plugin. -->","yoast_head_json":{"title":"Hund allein lassen - Regeln & Tipps | Bozita DE","description":"Erfahre, wie lange du deinen Hund allein lassen kannst, welche Regeln es gibt und welche Auswirkungen Einsamkeit auf Hunde haben kann.","robots":{"index":"index","follow":"follow","max-snippet":"max-snippet:-1","max-image-preview":"max-image-preview:large","max-video-preview":"max-video-preview:-1"},"canonical":"https:\/\/bozita.com\/de\/leben-mit-hund\/fakten-und-infos\/hund-allein-lassen\/","og_locale":"de_DE","og_type":"article","og_title":"Hund allein lassen - Regeln & Tipps | Bozita DE","og_description":"Erfahre, wie lange du deinen Hund allein lassen kannst, welche Regeln es gibt und welche Auswirkungen Einsamkeit auf Hunde haben kann.","og_url":"https:\/\/bozita.com\/de\/leben-mit-hund\/fakten-und-infos\/hund-allein-lassen\/","og_site_name":"Bozita DE","og_image":[{"width":2121,"height":1414,"url":"https:\/\/bozita.com\/de\/wp-content\/uploads\/sites\/8\/2025\/09\/hundhemmasjaelv.jpg","type":"image\/jpeg"}],"twitter_card":"summary_large_image","schema":{"@context":"https:\/\/schema.org","@graph":[{"@type":"WebPage","@id":"https:\/\/bozita.com\/de\/leben-mit-hund\/fakten-und-infos\/hund-allein-lassen\/","url":"https:\/\/bozita.com\/de\/leben-mit-hund\/fakten-und-infos\/hund-allein-lassen\/","name":"Hund allein lassen - Regeln & Tipps | Bozita DE","isPartOf":{"@id":"https:\/\/bozita.com\/de\/#website"},"datePublished":"2025-09-30T07:40:34+00:00","dateModified":"2025-09-30T07:40:34+00:00","description":"Erfahre, wie lange du deinen Hund allein lassen kannst, welche Regeln es gibt und welche Auswirkungen Einsamkeit auf Hunde haben kann.","breadcrumb":{"@id":"https:\/\/bozita.com\/de\/leben-mit-hund\/fakten-und-infos\/hund-allein-lassen\/#breadcrumb"},"inLanguage":"de","potentialAction":[{"@type":"ReadAction","target":["https:\/\/bozita.com\/de\/leben-mit-hund\/fakten-und-infos\/hund-allein-lassen\/"]}]},{"@type":"BreadcrumbList","@id":"https:\/\/bozita.com\/de\/leben-mit-hund\/fakten-und-infos\/hund-allein-lassen\/#breadcrumb","itemListElement":[{"@type":"ListItem","position":1,"name":"Startseite","item":"https:\/\/bozita.com\/de\/"},{"@type":"ListItem","position":2,"name":"Leben mit Hund","item":"https:\/\/bozita.com\/de\/leben-mit-hund\/"},{"@type":"ListItem","position":3,"name":"Fakten &amp; Infos \u00fcber Hunde","item":"https:\/\/bozita.com\/de\/leben-mit-hund\/fakten-und-infos\/"},{"@type":"ListItem","position":4,"name":"Hund allein lassen"}]},{"@type":"WebSite","@id":"https:\/\/bozita.com\/de\/#website","url":"https:\/\/bozita.com\/de\/","name":"Bozita DE","description":"","potentialAction":[{"@type":"SearchAction","target":{"@type":"EntryPoint","urlTemplate":"https:\/\/bozita.com\/de\/?s={search_term_string}"},"query-input":"required name=search_term_string"}],"inLanguage":"de"}]}},"_links":{"self":[{"href":"https:\/\/bozita.com\/de\/wp-json\/wp\/v2\/pages\/30057"}],"collection":[{"href":"https:\/\/bozita.com\/de\/wp-json\/wp\/v2\/pages"}],"about":[{"href":"https:\/\/bozita.com\/de\/wp-json\/wp\/v2\/types\/page"}],"author":[{"embeddable":true,"href":"https:\/\/bozita.com\/de\/wp-json\/wp\/v2\/users\/43"}],"replies":[{"embeddable":true,"href":"https:\/\/bozita.com\/de\/wp-json\/wp\/v2\/comments?post=30057"}],"version-history":[{"count":6,"href":"https:\/\/bozita.com\/de\/wp-json\/wp\/v2\/pages\/30057\/revisions"}],"predecessor-version":[{"id":30071,"href":"https:\/\/bozita.com\/de\/wp-json\/wp\/v2\/pages\/30057\/revisions\/30071"}],"up":[{"embeddable":true,"href":"https:\/\/bozita.com\/de\/wp-json\/wp\/v2\/pages\/29626"}],"wp:featuredmedia":[{"embeddable":true,"href":"https:\/\/bozita.com\/de\/wp-json\/wp\/v2\/media\/30058"}],"wp:attachment":[{"href":"https:\/\/bozita.com\/de\/wp-json\/wp\/v2\/media?parent=30057"}],"curies":[{"name":"wp","href":"https:\/\/api.w.org\/{rel}","templated":true}]}}