{"id":30063,"date":"2025-09-30T07:40:07","date_gmt":"2025-09-30T07:40:07","guid":{"rendered":"https:\/\/bozita.com\/de\/?page_id=30063"},"modified":"2025-09-30T07:40:08","modified_gmt":"2025-09-30T07:40:08","slug":"hund-kastrieren","status":"publish","type":"page","link":"https:\/\/bozita.com\/de\/leben-mit-hund\/die-gesundheit-des-hundes\/hund-kastrieren\/","title":{"rendered":"Hund kastrieren"},"content":{"rendered":"\t\t<section class=\"small-hero\">\n\t\t\t<div class=\"container\">\n\t\t\t\t<h5>Gesundheit deines Hundes<\/h5><h1 class=\"small-hero-title\">Hund kastrieren<\/h1><p><p><span class=\"TextRun SCXW248641776 BCX0\" lang=\"EN-GB\" xml:lang=\"EN-GB\" data-contrast=\"auto\"><span class=\"NormalTextRun SCXW248641776 BCX0\">Die Kastration deines Hundes ist eine wichtige Entscheidung, die sich auf seine Gesundheit und sein Verhalten auswirkt. Da es sich um einen chirurgischen Eingriff handelt, solltest du dir als Hundebesitzer \u00fcber die m\u00f6glichen Vor- und Nachteile im Klaren sein.<\/span><\/span><\/p>\n<\/p>\t\t\t<\/div>\n\t\t\t<\/div>\n\t\t<\/section>\n\t\n\n\t<div class=\"text-box-warp\">\n\t\t<div class=\"container\">\n\t\t\t<div class=\"text-content\">\n\t\t\t\t<h2><span class=\"TextRun SCXW82635136 BCX0\" lang=\"SV-SE\" xml:lang=\"SV-SE\" data-contrast=\"none\"><span class=\"NormalTextRun SCXW82635136 BCX0\" data-ccp-parastyle=\"heading 2\">Was bedeutet es, einen Hund kastrieren zu lassen?<\/span><\/span><\/h2>\n<p><span class=\"TextRun SCXW187922646 BCX0\" lang=\"EN-GB\" xml:lang=\"EN-GB\" data-contrast=\"auto\"><span class=\"NormalTextRun SCXW187922646 BCX0\">Bei der Kastration werden die Geschlechtsdr\u00fcsen des Hundes chirurgisch entfernt, um ihn zu sterilisieren. Bei R\u00fcden werden die Hoden, bei H\u00fcndinnen die Eierst\u00f6cke und manchmal auch die Geb\u00e4rmutter entfernt. Das Ziel besteht darin, unerw\u00fcnschte Fortpflanzung zu verhindern sowie hormonell bedingte Verhaltensweisen und Gesundheitsrisiken zu beeinflussen.<\/span><\/span><\/p>\n\t\t\t<\/div>\n\t\t<\/div>\n\t<\/div>\n\n\n\t<div class=\"text-box-warp\">\n\t\t<div class=\"container\">\n\t\t\t<div class=\"text-content\">\n\t\t\t\t<h2><span class=\"NormalTextRun SpellingErrorV2Themed SCXW174208240 BCX0\" data-ccp-parastyle=\"heading 2\">Sollte<\/span><span class=\"NormalTextRun SpellingErrorV2Themed SCXW174208240 BCX0\" data-ccp-parastyle=\"heading 2\"> man <\/span><span class=\"NormalTextRun SpellingErrorV2Themed SCXW174208240 BCX0\" data-ccp-parastyle=\"heading 2\">einen<\/span><span class=\"NormalTextRun SpellingErrorV2Themed SCXW174208240 BCX0\" data-ccp-parastyle=\"heading 2\"> Hund <\/span><span class=\"NormalTextRun SpellingErrorV2Themed SCXW174208240 BCX0\" data-ccp-parastyle=\"heading 2\">kastrieren<\/span><span class=\"NormalTextRun SpellingErrorV2Themed SCXW174208240 BCX0\" data-ccp-parastyle=\"heading 2\">?<\/span><\/h2>\n<p><span class=\"TextRun SCXW185347764 BCX0\" lang=\"EN-GB\" xml:lang=\"EN-GB\" data-contrast=\"auto\"><span class=\"NormalTextRun SCXW185347764 BCX0\">Es gibt mehrere Gr\u00fcnde, seinen Hund kastrieren zu lassen. Einerseits kann dadurch das Risiko hormonbedingter Erkrankungen verringert, Aggressivit\u00e4t oder Stressverhalten reduziert und ungeplante W\u00fcrfe vermieden werden. Manchmal empfehlen Tier\u00e4rzte auch aus medizinischen Gr\u00fcnden eine Kastration, beispielsweise bei Geb\u00e4rmutterentz\u00fcndungen bei H\u00fcndinnen oder Hodenproblemen bei R\u00fcden.<\/span><\/span><\/p>\n\t\t\t<\/div>\n\t\t<\/div>\n\t<\/div>\n\n\n\t<div class=\"text-box-warp\">\n\t\t<div class=\"container\">\n\t\t\t<div class=\"text-content\">\n\t\t\t\t<h2><span class=\"NormalTextRun SCXW196600263 BCX0\" data-ccp-parastyle=\"heading 2\">Wie<\/span><span class=\"NormalTextRun SCXW196600263 BCX0\" data-ccp-parastyle=\"heading 2\">\u00a0<\/span><span class=\"NormalTextRun SpellingErrorV2Themed SCXW196600263 BCX0\" data-ccp-parastyle=\"heading 2\">l\u00e4uft<\/span> <span class=\"NormalTextRun SpellingErrorV2Themed SCXW196600263 BCX0\" data-ccp-parastyle=\"heading 2\">eine<\/span><span class=\"NormalTextRun SCXW196600263 BCX0\" data-ccp-parastyle=\"heading 2\"> Kastration <\/span><span class=\"NormalTextRun SpellingErrorV2Themed SCXW196600263 BCX0\" data-ccp-parastyle=\"heading 2\">beim<\/span><span class=\"NormalTextRun SCXW196600263 BCX0\" data-ccp-parastyle=\"heading 2\"> Hund ab<\/span><span class=\"NormalTextRun SCXW196600263 BCX0\" data-ccp-parastyle=\"heading 2\">?<\/span><\/h2>\n<p><span class=\"TextRun SCXW24472370 BCX0\" lang=\"EN-GB\" xml:lang=\"EN-GB\" data-contrast=\"auto\"><span class=\"NormalTextRun SCXW24472370 BCX0\">Der Eingriff wird von einem zugelassenen Tierarzt unter Narkose durchgef\u00fchrt. Bei R\u00fcden wird ein Schnitt vor dem Hodensack gesetzt, um die Hoden zu entfernen. Bei H\u00fcndinnen erfolgt ein Bauchschnitt, um die Eierst\u00f6cke zu entfernen. Die Operation dauert in der Regel 30 bis 60 Minuten, je nach Geschlecht, Gr\u00f6\u00dfe und Alter des Tieres. Der Hund bleibt so lange beim Tierarzt, bis er vollst\u00e4ndig aus der Narkose erwacht ist.<\/span><\/span><\/p>\n\t\t\t<\/div>\n\t\t<\/div>\n\t<\/div>\n\n\n\t<div class=\"text-box-warp\">\n\t\t<div class=\"container\">\n\t\t\t<div class=\"text-content\">\n\t\t\t\t<h2><span class=\"NormalTextRun SCXW259304733 BCX0\" data-ccp-parastyle=\"heading 2\">Ab <\/span><span class=\"NormalTextRun SpellingErrorV2Themed SCXW259304733 BCX0\" data-ccp-parastyle=\"heading 2\">wann<\/span> <span class=\"NormalTextRun SpellingErrorV2Themed SCXW259304733 BCX0\" data-ccp-parastyle=\"heading 2\">kann<\/span><span class=\"NormalTextRun SCXW259304733 BCX0\" data-ccp-parastyle=\"heading 2\"> man <\/span><span class=\"NormalTextRun SpellingErrorV2Themed SCXW259304733 BCX0\" data-ccp-parastyle=\"heading 2\">einen<\/span><span class=\"NormalTextRun SCXW259304733 BCX0\" data-ccp-parastyle=\"heading 2\"> Hund <\/span><span class=\"NormalTextRun SpellingErrorV2Themed SCXW259304733 BCX0\" data-ccp-parastyle=\"heading 2\">kastrieren<\/span><span class=\"NormalTextRun SCXW259304733 BCX0\" data-ccp-parastyle=\"heading 2\">?<\/span><\/h2>\n<p><span class=\"TextRun SCXW243029102 BCX0\" lang=\"EN-GB\" xml:lang=\"EN-GB\" data-contrast=\"auto\"><span class=\"NormalTextRun SCXW243029102 BCX0\">Der optimale Zeitpunkt f\u00fcr eine Kastration h\u00e4ngt vom Geschlecht, der Rasse und der individuellen Entwicklung des Hundes ab. Im Allgemeinen k\u00f6nnen R\u00fcden ab einem Alter von etwa 6\u00a0Monaten kastriert werden, w\u00e4hrend H\u00fcndinnen oft nach der ersten L\u00e4ufigkeit kastriert werden. Diese findet in der Regel zwischen dem 6. und 12.\u00a0Lebensmonat statt. Es ist wichtig, einen Tierarzt zu konsultieren, um den richtigen Zeitpunkt basierend auf dem Reifegrad des Hundes und m\u00f6glichen Risiken zu ermitteln.<\/span><\/span><\/p>\n\t\t\t<\/div>\n\t\t<\/div>\n\t<\/div>\n\n\n\t<div class=\"text-box-warp\">\n\t\t<div class=\"container\">\n\t\t\t<div class=\"text-content\">\n\t\t\t\t<h2><span class=\"NormalTextRun SpellingErrorV2Themed SCXW114421922 BCX0\" data-ccp-parastyle=\"heading 2\">Kastrieren<\/span><span class=\"NormalTextRun SCXW114421922 BCX0\" data-ccp-parastyle=\"heading 2\"> von <\/span><span class=\"NormalTextRun SpellingErrorV2Themed SCXW114421922 BCX0\" data-ccp-parastyle=\"heading 2\">R\u00fcden<\/span><\/h2>\n<p><span class=\"TextRun SCXW125793401 BCX0\" lang=\"DE-DE\" xml:lang=\"DE-DE\" data-contrast=\"auto\"><span class=\"NormalTextRun SCXW125793401 BCX0\">Die Kastration eines R\u00fcden ist <\/span><span class=\"NormalTextRun AdvancedProofingIssueV2Themed SCXW125793401 BCX0\">ein vergleichsweise<\/span><span class=\"NormalTextRun SCXW125793401 BCX0\"> einfacher Eingriff, bei dem die Hoden durch einen kleinen Schnitt vor dem Hodensack entfernt werden. Die Operation ist in der Regel schnell durchgef\u00fchrt und birgt im Vergleich zur Kastration von H\u00fcndinnen weniger chirurgische Risiken. R\u00fcden sind von dem Eingriff vor allem in ihrem Verhalten betroffen. Das gilt insbesondere, wenn er vor der Geschlechtsreife durchgef\u00fchrt wird.<\/span><\/span><span class=\"EOP SCXW125793401 BCX0\" data-ccp-props=\"{&quot;335572071&quot;:0,&quot;335572072&quot;:0,&quot;335572073&quot;:0,&quot;335572075&quot;:0,&quot;335572076&quot;:0,&quot;335572077&quot;:0,&quot;335572079&quot;:0,&quot;335572080&quot;:0,&quot;335572081&quot;:0,&quot;335572083&quot;:0,&quot;335572084&quot;:0,&quot;335572085&quot;:0,&quot;335572087&quot;:0,&quot;335572088&quot;:0,&quot;335572089&quot;:0,&quot;469789798&quot;:&quot;nil&quot;,&quot;469789802&quot;:&quot;nil&quot;,&quot;469789806&quot;:&quot;nil&quot;,&quot;469789810&quot;:&quot;nil&quot;,&quot;469789814&quot;:&quot;nil&quot;}\">\u00a0<\/span><\/p>\n<h3><span class=\"NormalTextRun SpellingErrorV2Themed SpellingErrorHighlight SCXW260148858 BCX0\" data-ccp-parastyle=\"heading 3\">R\u00fcde<\/span> <span class=\"NormalTextRun SpellingErrorV2Themed SCXW260148858 BCX0\" data-ccp-parastyle=\"heading 3\">kastrieren<\/span><span class=\"NormalTextRun SCXW260148858 BCX0\" data-ccp-parastyle=\"heading 3\"> &#8211; <\/span><span class=\"NormalTextRun SpellingErrorV2Themed SCXW260148858 BCX0\" data-ccp-parastyle=\"heading 3\">Vorteile:<\/span><\/h3>\n<p><span class=\"TextRun SCXW123836810 BCX0\" lang=\"EN-GB\" xml:lang=\"EN-GB\" data-contrast=\"auto\"><span class=\"NormalTextRun SCXW123836810 BCX0\">Die Kastration eines R\u00fcden kann aggressives, dominantes oder sexuell frustriertes Verhalten sowie Fluchtverhalten reduzieren. Au\u00dferdem senkt sie das Risiko f\u00fcr Hodenkrebs und Prostataprobleme. Viele Besitzer haben die Erfahrung gemacht, dass R\u00fcden nach dem Eingriff ruhiger und konzentrierter sind.<\/span><\/span><\/p>\n<h3><span class=\"NormalTextRun SpellingErrorV2Themed SCXW199410052 BCX0\" data-ccp-parastyle=\"heading 3\">R\u00fcde<\/span> <span class=\"NormalTextRun SpellingErrorV2Themed SCXW199410052 BCX0\" data-ccp-parastyle=\"heading 3\">kastrieren<\/span><span class=\"NormalTextRun SpellingErrorV2Themed SCXW199410052 BCX0\" data-ccp-parastyle=\"heading 3\"> &#8211; <\/span><span class=\"NormalTextRun SpellingErrorV2Themed SCXW199410052 BCX0\" data-ccp-parastyle=\"heading 3\">Nachteile:<\/span><\/h3>\n<p><span class=\"TextRun SCXW219544154 BCX0\" lang=\"EN-GB\" xml:lang=\"EN-GB\" data-contrast=\"auto\"><span class=\"NormalTextRun SCXW219544154 BCX0\">Eine h\u00e4ufige Nebenwirkung der Kastration eines R\u00fcden ist, dass der Hund an Gewicht zunimmt, da sich sein Stoffwechsel verlangsamen kann. Einige kastrierte R\u00fcden werden zudem passiver oder zur\u00fcckhaltender. Auch wenn es selten vorkommt, besteht das Risiko einer Ver\u00e4nderung des Fells sowie von Inkontinenz. Zudem beeinflusst die Kastration den Hormonhaushalt des Hundes dauerhaft.<\/span><\/span><\/p>\n\t\t\t<\/div>\n\t\t<\/div>\n\t<\/div>\n\n\n\t<div class=\"text-box-warp\">\n\t\t<div class=\"container\">\n\t\t\t<div class=\"text-content\">\n\t\t\t\t<h2><span class=\"NormalTextRun SpellingErrorV2Themed SCXW155833566 BCX0\" data-ccp-parastyle=\"heading 2\">K<\/span><span class=\"NormalTextRun SpellingErrorV2Themed SCXW155833566 BCX0\" data-ccp-parastyle=\"heading 2\">astrieren<\/span><span class=\"NormalTextRun SpellingErrorV2Themed SCXW155833566 BCX0\" data-ccp-parastyle=\"heading 2\"> von <\/span><span class=\"NormalTextRun SpellingErrorV2Themed SCXW155833566 BCX0\" data-ccp-parastyle=\"heading 2\">H\u00fcndinnen<\/span><\/h2>\n<p><span class=\"TextRun SCXW81202905 BCX0\" lang=\"EN-GB\" xml:lang=\"EN-GB\" data-contrast=\"auto\"><span class=\"NormalTextRun SCXW81202905 BCX0\">Die Kastration einer H\u00fcndin ist ein umfangreicherer chirurgischer Eingriff als bei R\u00fcden, da der Bauch ge\u00f6ffnet werden muss, um die Eierst\u00f6cke und gegebenenfalls auch die Geb\u00e4rmutter zu entfernen. Obwohl der Eingriff komplexer ist, hat er oft deutliche langfristige gesundheitliche Vorteile, insbesondere, wenn er vor der zweiten L\u00e4ufigkeit durchgef\u00fchrt wird.<\/span><\/span><\/p>\n<h3><span class=\"NormalTextRun SpellingErrorV2Themed SCXW105620721 BCX0\" data-ccp-parastyle=\"heading 3\">H\u00fcndin<\/span> <span class=\"NormalTextRun SpellingErrorV2Themed SCXW105620721 BCX0\" data-ccp-parastyle=\"heading 3\">kastrieren<\/span><span class=\"NormalTextRun SpellingErrorV2Themed SCXW105620721 BCX0\" data-ccp-parastyle=\"heading 3\"> &#8211; <\/span><span class=\"NormalTextRun SpellingErrorV2Themed SCXW105620721 BCX0\" data-ccp-parastyle=\"heading 3\">Vorteile:<\/span><\/h3>\n<p><span class=\"TextRun SCXW206520507 BCX0\" lang=\"DE-DE\" xml:lang=\"DE-DE\" data-contrast=\"auto\"><span class=\"NormalTextRun SCXW206520507 BCX0\">Eine kastrierte H\u00fcndin wird nicht mehr l\u00e4ufig, wodurch Blutflecken im Haus vermieden werden und das Interesse von R\u00fcden sinkt. Das beugt einer potenziell lebensbedrohlichen Geb\u00e4rmutterentz\u00fcndung vor und verringert das Risiko f\u00fcr Brusttumore \u2013 vor allem, wenn die Kastration vor der zweiten L\u00e4ufigkeit erfolgt. Zudem k\u00f6nnen H\u00fcndinnen danach ausgeglichener sein.<\/span><\/span><\/p>\n<h3><span class=\"NormalTextRun SpellingErrorV2Themed SCXW208308017 BCX0\" data-ccp-parastyle=\"heading 3\">H\u00fcndin<\/span> <span class=\"NormalTextRun SpellingErrorV2Themed SCXW208308017 BCX0\" data-ccp-parastyle=\"heading 3\">kastrieren<\/span><span class=\"NormalTextRun SpellingErrorV2Themed SCXW208308017 BCX0\" data-ccp-parastyle=\"heading 3\"> &#8211; <\/span><span class=\"NormalTextRun SpellingErrorV2Themed SCXW208308017 BCX0\" data-ccp-parastyle=\"heading 3\">Nachteile:<\/span><\/h3>\n<p><span class=\"TextRun SCXW51498394 BCX0\" lang=\"EN-GB\" xml:lang=\"EN-GB\" data-contrast=\"auto\"><span class=\"NormalTextRun SCXW51498394 BCX0\">Genau wie bei R\u00fcden kann es zu Gewichtszunahme und verminderter Aktivit\u00e4t kommen. Au\u00dferdem besteht ein geringes Risiko f\u00fcr Inkontinenz, das insbesondere bei gr\u00f6\u00dferen Rassen erh\u00f6ht ist. Hormonelle Ver\u00e4nderungen k\u00f6nnen sich auf das Fell und das Temperament der H\u00fcndin auswirken. Wie bei allen chirurgischen Eingriffen besteht zudem ein Risiko f\u00fcr Komplikationen w\u00e4hrend der Narkose.<\/span><\/span><\/p>\n\t\t\t<\/div>\n\t\t<\/div>\n\t<\/div>\n\n\n\t<div class=\"text-box-warp\">\n\t\t<div class=\"container\">\n\t\t\t<div class=\"text-content\">\n\t\t\t\t<h2><span class=\"TextRun SCXW166958360 BCX0\" lang=\"SV-SE\" xml:lang=\"SV-SE\" data-contrast=\"none\"><span class=\"NormalTextRun SpellingErrorV2Themed SCXW166958360 BCX0\" data-ccp-parastyle=\"heading 2\">Nachsorge<\/span> <span class=\"NormalTextRun SpellingErrorV2Themed SCXW166958360 BCX0\" data-ccp-parastyle=\"heading 2\">und<\/span><span class=\"NormalTextRun SCXW166958360 BCX0\" data-ccp-parastyle=\"heading 2\"> Genesung <\/span><span class=\"NormalTextRun SpellingErrorV2Themed SCXW166958360 BCX0\" data-ccp-parastyle=\"heading 2\">nach<\/span> <span class=\"NormalTextRun SpellingErrorV2Themed SCXW166958360 BCX0\" data-ccp-parastyle=\"heading 2\">einer<\/span><span class=\"NormalTextRun SCXW166958360 BCX0\" data-ccp-parastyle=\"heading 2\"> Kastration<\/span><\/span><\/h2>\n<p><span class=\"TextRun SCXW37910515 BCX0\" lang=\"EN-GB\" xml:lang=\"EN-GB\" data-contrast=\"auto\"><span class=\"NormalTextRun SCXW37910515 BCX0\">Nach der Kastration ben\u00f6tigt der Hund Ruhe sowie eine schmerzlindernde und wundversorgende Behandlung. Es ist wichtig, dass er nicht an der Wunde leckt. Verwende daher bitte eine Halskrause. In den ersten Tagen sollte der Hund sich nicht zu viel bewegen. Daher werden kurze Spazierg\u00e4nge an der Leine empfohlen. Die vollst\u00e4ndige Genesung dauert in der Regel 10 bis 14 Tage, manche Hunde sind jedoch schon nach wenigen Tagen wieder ganz normal. Befolge immer genau die Anweisungen deines Tierarztes, um sicherzustellen, dass sich dein Hund bestm\u00f6glich erholt.<\/span><\/span><\/p>\n\t\t\t<\/div>\n\t\t<\/div>\n\t<\/div>\n\n\n\n\t<section class=\"block related-articles\">\n\t\t<div class=\"container\">\n\t\t\t<h2>Entdecke weitere Themen <\/h2>\n\t\t\t<div class=\"row justify-content-center\">\n\t\t\t\t\t\t\t\t\t\t<div class=\"col-sm-6 col-md-6 col-lg-3\">\n\t\t\t\t\t\t\t\t\t\t\t\t\t\t<div class=\"card \">\n\t\t\t\t\t\t\t\t\t\t\t\t\t\t\t\t\t<img decoding=\"async\"  src=\"https:\/\/bozita.com\/de\/wp-content\/uploads\/sites\/8\/2021\/06\/bozita-avmaska-hundvalp-hund.jpg\" alt=\"\">\n\t\t\t\t\t\t\t\t\t\t\t\t\t\t\t\t\t<!-- <img decoding=\"async\" src=\"\n\t\t\t\t\t\t\t\t\t\t\t\t\t\t\t\t\t\t\t\t\" alt=\"\n\t\t\t\t\t\t\t\t\t\t\t\t\t\t\t\t\t\t\t\t\t\t\t\t\t\t\t\"> -->\n\t\t\t\t\t\t\t\t<div class=\"card-body\">\n\t\t\t\t\t\t\t\t\t\t\t\t\t\t\t\t\t\t\t<h6>Gesundheit Deines Hundes<\/h6>\n\t\t\t\t\t\t\t\t\t\t\t\t\t\t\t\t\t\t\t<a href=\"https:\/\/bozita.com\/de\/leben-mit-hund\/die-gesundheit-des-hundes\/\">Weiterlesen &nbsp; ><\/a>\n\t\t\t\t\t\t\t\t<\/div>\n\t\t\t\t\t\t\t<\/div>\n\t\t\t\t\t\t<\/div>\n\n\t\t\t\t\t\t\t\t\t\t\t<div class=\"col-sm-6 col-md-6 col-lg-3\">\n\t\t\t\t\t\t\t\t\t\t\t\t\t\t<div class=\"card \">\n\t\t\t\t\t\t\t\t\t\t\t\t\t\t\t\t\t<img decoding=\"async\"  src=\"https:\/\/bozita.com\/de\/wp-content\/uploads\/sites\/8\/2021\/08\/bozita-hundens-utveckling-stadier.jpeg\" alt=\"\">\n\t\t\t\t\t\t\t\t\t\t\t\t\t\t\t\t\t<!-- <img decoding=\"async\" src=\"\n\t\t\t\t\t\t\t\t\t\t\t\t\t\t\t\t\t\t\t\t\" alt=\"\n\t\t\t\t\t\t\t\t\t\t\t\t\t\t\t\t\t\t\t\t\t\t\t\t\t\t\t\"> -->\n\t\t\t\t\t\t\t\t<div class=\"card-body\">\n\t\t\t\t\t\t\t\t\t\t\t\t\t\t\t\t\t\t\t<h6>Die Entwicklung des Hundes vom Welpen zum erwachsenen Hund<\/h6>\n\t\t\t\t\t\t\t\t\t\t\t\t\t\t\t\t\t\t\t<a href=\"https:\/\/bozita.com\/de\/leben-mit-hund\/entwicklung-deines-hundes\/die-entwicklung-des-hundes-vom-welpen-zum-erwachsenen-hund\/\">Weiterlesen &nbsp; ><\/a>\n\t\t\t\t\t\t\t\t<\/div>\n\t\t\t\t\t\t\t<\/div>\n\t\t\t\t\t\t<\/div>\n\n\t\t\t\t\t\t\t\t\t\t\t<div class=\"col-sm-6 col-md-6 col-lg-3\">\n\t\t\t\t\t\t\t\t\t\t\t\t\t\t<div class=\"card \">\n\t\t\t\t\t\t\t\t\t\t\t\t\t\t\t\t\t<img decoding=\"async\"  src=\"https:\/\/bozita.com\/de\/wp-content\/uploads\/sites\/8\/2021\/08\/bozita-utfodring-tik-draktig-digivande.jpeg\" alt=\"\">\n\t\t\t\t\t\t\t\t\t\t\t\t\t\t\t\t\t<!-- <img decoding=\"async\" src=\"\n\t\t\t\t\t\t\t\t\t\t\t\t\t\t\t\t\t\t\t\t\" alt=\"\n\t\t\t\t\t\t\t\t\t\t\t\t\t\t\t\t\t\t\t\t\t\t\t\t\t\t\t\"> -->\n\t\t\t\t\t\t\t\t<div class=\"card-body\">\n\t\t\t\t\t\t\t\t\t\t\t\t\t\t\t\t\t\t\t<h6>F\u00fctterung schwangerer und stillender H\u00fcndinnen<\/h6>\n\t\t\t\t\t\t\t\t\t\t\t\t\t\t\t\t\t\t\t<a href=\"https:\/\/bozita.com\/de\/hundefutter\/ernahrung-and-diat\/futterung-schwangerer-und-stillender-hundinnen\/\">Weiterlesen &nbsp; ><\/a>\n\t\t\t\t\t\t\t\t<\/div>\n\t\t\t\t\t\t\t<\/div>\n\t\t\t\t\t\t<\/div>\n\n\t\t\t\t\t\t\t\t\t\t\t\t<\/div>\n\t\t<\/div>\n\t<\/section>\n","protected":false},"excerpt":{"rendered":"","protected":false},"author":43,"featured_media":0,"parent":7074,"menu_order":0,"comment_status":"closed","ping_status":"closed","template":"guternberg.php","meta":{"footnotes":""},"acf":[],"yoast_head":"<!-- This site is optimized with the Yoast SEO plugin v21.3 - https:\/\/yoast.com\/wordpress\/plugins\/seo\/ -->\n<title>Hund kastrieren - alle Infos f\u00fcr Hundebesitzer | Bozita DE<\/title>\n<meta name=\"description\" content=\"Die Kastration deines Hundes ist eine wichtige Entscheidung. Mehr Informationen \u00fcber den Vorgang sowie die jeweiligen Vor- und Nachteile findest du hier.\" \/>\n<meta name=\"robots\" content=\"index, follow, max-snippet:-1, max-image-preview:large, max-video-preview:-1\" \/>\n<link rel=\"canonical\" href=\"https:\/\/bozita.com\/de\/leben-mit-hund\/die-gesundheit-des-hundes\/hund-kastrieren\/\" \/>\n<meta property=\"og:locale\" content=\"de_DE\" \/>\n<meta property=\"og:type\" content=\"article\" \/>\n<meta property=\"og:title\" content=\"Hund kastrieren - alle Infos f\u00fcr Hundebesitzer | Bozita DE\" \/>\n<meta property=\"og:description\" content=\"Die Kastration deines Hundes ist eine wichtige Entscheidung. Mehr Informationen \u00fcber den Vorgang sowie die jeweiligen Vor- und Nachteile findest du hier.\" \/>\n<meta property=\"og:url\" content=\"https:\/\/bozita.com\/de\/leben-mit-hund\/die-gesundheit-des-hundes\/hund-kastrieren\/\" \/>\n<meta property=\"og:site_name\" content=\"Bozita DE\" \/>\n<meta property=\"article:modified_time\" content=\"2025-09-30T07:40:08+00:00\" \/>\n<meta name=\"twitter:card\" content=\"summary_large_image\" \/>\n<!-- \/ Yoast SEO plugin. -->","yoast_head_json":{"title":"Hund kastrieren - alle Infos f\u00fcr Hundebesitzer | Bozita DE","description":"Die Kastration deines Hundes ist eine wichtige Entscheidung. Mehr Informationen \u00fcber den Vorgang sowie die jeweiligen Vor- und Nachteile findest du hier.","robots":{"index":"index","follow":"follow","max-snippet":"max-snippet:-1","max-image-preview":"max-image-preview:large","max-video-preview":"max-video-preview:-1"},"canonical":"https:\/\/bozita.com\/de\/leben-mit-hund\/die-gesundheit-des-hundes\/hund-kastrieren\/","og_locale":"de_DE","og_type":"article","og_title":"Hund kastrieren - alle Infos f\u00fcr Hundebesitzer | Bozita DE","og_description":"Die Kastration deines Hundes ist eine wichtige Entscheidung. Mehr Informationen \u00fcber den Vorgang sowie die jeweiligen Vor- und Nachteile findest du hier.","og_url":"https:\/\/bozita.com\/de\/leben-mit-hund\/die-gesundheit-des-hundes\/hund-kastrieren\/","og_site_name":"Bozita DE","article_modified_time":"2025-09-30T07:40:08+00:00","twitter_card":"summary_large_image","schema":{"@context":"https:\/\/schema.org","@graph":[{"@type":"WebPage","@id":"https:\/\/bozita.com\/de\/leben-mit-hund\/die-gesundheit-des-hundes\/hund-kastrieren\/","url":"https:\/\/bozita.com\/de\/leben-mit-hund\/die-gesundheit-des-hundes\/hund-kastrieren\/","name":"Hund kastrieren - alle Infos f\u00fcr Hundebesitzer | Bozita DE","isPartOf":{"@id":"https:\/\/bozita.com\/de\/#website"},"datePublished":"2025-09-30T07:40:07+00:00","dateModified":"2025-09-30T07:40:08+00:00","description":"Die Kastration deines Hundes ist eine wichtige Entscheidung. Mehr Informationen \u00fcber den Vorgang sowie die jeweiligen Vor- und Nachteile findest du hier.","breadcrumb":{"@id":"https:\/\/bozita.com\/de\/leben-mit-hund\/die-gesundheit-des-hundes\/hund-kastrieren\/#breadcrumb"},"inLanguage":"de","potentialAction":[{"@type":"ReadAction","target":["https:\/\/bozita.com\/de\/leben-mit-hund\/die-gesundheit-des-hundes\/hund-kastrieren\/"]}]},{"@type":"BreadcrumbList","@id":"https:\/\/bozita.com\/de\/leben-mit-hund\/die-gesundheit-des-hundes\/hund-kastrieren\/#breadcrumb","itemListElement":[{"@type":"ListItem","position":1,"name":"Startseite","item":"https:\/\/bozita.com\/de\/"},{"@type":"ListItem","position":2,"name":"Leben mit Hund","item":"https:\/\/bozita.com\/de\/leben-mit-hund\/"},{"@type":"ListItem","position":3,"name":"Gesundheit Deines Hundes","item":"https:\/\/bozita.com\/de\/leben-mit-hund\/die-gesundheit-des-hundes\/"},{"@type":"ListItem","position":4,"name":"Hund kastrieren"}]},{"@type":"WebSite","@id":"https:\/\/bozita.com\/de\/#website","url":"https:\/\/bozita.com\/de\/","name":"Bozita DE","description":"","potentialAction":[{"@type":"SearchAction","target":{"@type":"EntryPoint","urlTemplate":"https:\/\/bozita.com\/de\/?s={search_term_string}"},"query-input":"required name=search_term_string"}],"inLanguage":"de"}]}},"_links":{"self":[{"href":"https:\/\/bozita.com\/de\/wp-json\/wp\/v2\/pages\/30063"}],"collection":[{"href":"https:\/\/bozita.com\/de\/wp-json\/wp\/v2\/pages"}],"about":[{"href":"https:\/\/bozita.com\/de\/wp-json\/wp\/v2\/types\/page"}],"author":[{"embeddable":true,"href":"https:\/\/bozita.com\/de\/wp-json\/wp\/v2\/users\/43"}],"replies":[{"embeddable":true,"href":"https:\/\/bozita.com\/de\/wp-json\/wp\/v2\/comments?post=30063"}],"version-history":[{"count":8,"href":"https:\/\/bozita.com\/de\/wp-json\/wp\/v2\/pages\/30063\/revisions"}],"predecessor-version":[{"id":30075,"href":"https:\/\/bozita.com\/de\/wp-json\/wp\/v2\/pages\/30063\/revisions\/30075"}],"up":[{"embeddable":true,"href":"https:\/\/bozita.com\/de\/wp-json\/wp\/v2\/pages\/7074"}],"wp:attachment":[{"href":"https:\/\/bozita.com\/de\/wp-json\/wp\/v2\/media?parent=30063"}],"curies":[{"name":"wp","href":"https:\/\/api.w.org\/{rel}","templated":true}]}}