{"id":30086,"date":"2025-10-27T14:59:45","date_gmt":"2025-10-27T14:59:45","guid":{"rendered":"https:\/\/bozita.com\/de\/?page_id=30086"},"modified":"2025-10-27T14:59:46","modified_gmt":"2025-10-27T14:59:46","slug":"geburt-von-welpen","status":"publish","type":"page","link":"https:\/\/bozita.com\/de\/leben-mit-hund\/die-gesundheit-des-hundes\/geburt-von-welpen\/","title":{"rendered":"Geburt von Welpen"},"content":{"rendered":"\t\t<section class=\"small-hero\">\n\t\t\t<div class=\"container\">\n\t\t\t\t<h5>Gesundheit deines Hundes<\/h5><h1 class=\"small-hero-title\">Geburt von Welpen \u2013 Eine sichere Schritt-f\u00fcr-Schritt-Anleitung<\/h1><p><p><span class=\"TextRun SCXW217786187 BCX0\" lang=\"EN-GB\" xml:lang=\"EN-GB\" data-contrast=\"auto\"><span class=\"NormalTextRun SCXW217786187 BCX0\">Die Geburt von Welpen ist f\u00fcr die H\u00fcndin und den Z\u00fcchter ein gro\u00dfes Ereignis. Um eine sichere und reibungslose Geburt zu gew\u00e4hrleisten, ist eine gute Vorbereitung entscheidend. In diesem Leitfaden gehen wir auf die einzelnen Phasen der Geburt ein, erkl\u00e4ren, was im Vorfeld erforderlich ist, und zeigen auf, wie du bei Bedarf helfen kannst und was nach der Welpengeburt wichtig ist.<\/span><\/span><\/p>\n<\/p>\t\t\t<\/div>\n\t\t\t<\/div>\n\t\t<\/section>\n\t\n\n\t<div class=\"text-box-warp\">\n\t\t<div class=\"container\">\n\t\t\t<div class=\"text-content\">\n\t\t\t\t<h2>Was braucht man f\u00fcr eine Welpengeburt?<\/h2>\n<p><span data-contrast=\"auto\">Es gibt einige Dinge, die du als Besitzer vorbereiten und griffbereit haben solltest, bevor die Welpen geboren werden:<\/span><\/p>\n<ul>\n<li><span class=\"TextRun SCXW13652782 BCX0\" lang=\"DE-DE\" xml:lang=\"DE-DE\" data-contrast=\"auto\"><span class=\"NormalTextRun SCXW13652782 BCX0\">Um eine sichere Umgebung f\u00fcr die H\u00fcndin und ihre Welpen zu schaffen, ist es wichtig, eine Wurfkiste vorzubereiten. Die Kiste sollte gro\u00df genug sein, damit sich die H\u00fcndin frei bewegen kann. Sie sollte niedrige Seitenw\u00e4nde haben, damit die H\u00fcndin hinein- und hinausgehen kann, aber gleichzeitig hoch genug sein, damit die Welpen nicht herausfallen. F\u00fclle den Boden der Kiste mit Zeitungspapier, Plastik- oder Wachst\u00fcchern und einer Faserdecke. Lege zum Schluss ein Frotteetuch oder ein Laken dar\u00fcber. Gew\u00f6hne die H\u00fcndin ca. zwei bis drei Wochen vor der Geburt an die Kiste.<\/span><\/span><\/li>\n<li><span class=\"TextRun SCXW204705594 BCX0\" lang=\"EN-GB\" xml:lang=\"EN-GB\" data-contrast=\"auto\"><span class=\"NormalTextRun SCXW204705594 BCX0\">Eine sterile Schere, um die Nabelschnur zu durchtrennen, falls die H\u00fcndin dies nicht selbst tut.<\/span><\/span><\/li>\n<li><span class=\"TextRun SCXW246635189 BCX0\" lang=\"EN-GB\" xml:lang=\"EN-GB\" data-contrast=\"auto\"><span class=\"NormalTextRun SpellingErrorV2Themed SCXW246635189 BCX0\">Saubere<\/span> <span class=\"NormalTextRun SpellingErrorV2Themed SCXW246635189 BCX0\">Handt\u00fccher<\/span><span class=\"NormalTextRun SCXW246635189 BCX0\">.<\/span><\/span><\/li>\n<li><span class=\"TextRun SCXW102715147 BCX0\" lang=\"EN-GB\" xml:lang=\"EN-GB\" data-contrast=\"auto\"><span class=\"NormalTextRun SpellingErrorV2Themed SCXW102715147 BCX0\">Die <\/span><span class=\"NormalTextRun SpellingErrorV2Themed SCXW102715147 BCX0\">Kontaktdaten<\/span><span class=\"NormalTextRun SCXW102715147 BCX0\"> des <\/span><span class=\"NormalTextRun SpellingErrorV2Themed SCXW102715147 BCX0\">diensthabenden<\/span> <span class=\"NormalTextRun SpellingErrorV2Themed SCXW102715147 BCX0\">Tierarztes<\/span><span class=\"NormalTextRun SCXW102715147 BCX0\">.<\/span><\/span><\/li>\n<\/ul>\n\t\t\t<\/div>\n\t\t<\/div>\n\t<\/div>\n\n\n\t<div class=\"text-box-warp\">\n\t\t<div class=\"container\">\n\t\t\t<div class=\"text-content\">\n\t\t\t\t<h2>Die drei Phasen der Geburt von Welpen<\/h2>\n<h3>1. Er\u00f6ffnungsphase<\/h3>\n<p><span data-contrast=\"auto\">Dies ist die erste Phase der Geburt, die bis zu 24 Stunden dauern kann. Anzeichen daf\u00fcr, dass die Er\u00f6ffnungsphase begonnen hat, sind:<\/span><span data-ccp-props=\"{&quot;335559738&quot;:240,&quot;335559739&quot;:240}\">\u00a0<\/span><\/p>\n<ul>\n<li data-leveltext=\"\u25cf\" data-font=\"\" data-listid=\"2\" data-list-defn-props=\"{&quot;335552541&quot;:1,&quot;335559685&quot;:720,&quot;335559991&quot;:360,&quot;469769242&quot;:[8226],&quot;469777803&quot;:&quot;left&quot;,&quot;469777804&quot;:&quot;\u25cf&quot;,&quot;469777815&quot;:&quot;multilevel&quot;}\" data-aria-posinset=\"1\" data-aria-level=\"1\"><span data-contrast=\"auto\">Die K\u00f6rpertemperatur der H\u00fcndin sinkt unter 37 \u00b0C.<\/span><\/li>\n<li data-leveltext=\"\u25cf\" data-font=\"\" data-listid=\"2\" data-list-defn-props=\"{&quot;335552541&quot;:1,&quot;335559685&quot;:720,&quot;335559991&quot;:360,&quot;469769242&quot;:[8226],&quot;469777803&quot;:&quot;left&quot;,&quot;469777804&quot;:&quot;\u25cf&quot;,&quot;469777815&quot;:&quot;multilevel&quot;}\" data-aria-posinset=\"1\" data-aria-level=\"1\"><span data-contrast=\"auto\">Die H\u00fcndin wird unruhig und beginnt, ein Nest zu bauen.<\/span><span data-ccp-props=\"{&quot;335559739&quot;:0}\">\u00a0<\/span><\/li>\n<li data-leveltext=\"\u25cf\" data-font=\"\" data-listid=\"2\" data-list-defn-props=\"{&quot;335552541&quot;:1,&quot;335559685&quot;:720,&quot;335559991&quot;:360,&quot;469769242&quot;:[8226],&quot;469777803&quot;:&quot;left&quot;,&quot;469777804&quot;:&quot;\u25cf&quot;,&quot;469777815&quot;:&quot;multilevel&quot;}\" data-aria-posinset=\"1\" data-aria-level=\"1\"><span data-contrast=\"auto\">Die H\u00fcndin h\u00f6rt auf zu essen und wird zittrig.<\/span><\/li>\n<\/ul>\n<h3>2. Austreibungsphase<\/h3>\n<p><span data-contrast=\"auto\">Wenn die Fruchtblase geplatzt ist, beginnt die Austreibungsphase, in der die Welpen geboren werden. Diese Phase kann in der Regel bis zu zw\u00f6lf Stunden dauern, je nach Gr\u00f6\u00dfe des Wurfs. Es ist normal, dass zwischen der Geburt zweier Welpen einige Minuten bis zu einigen Stunden vergehen, insbesondere bei einem gro\u00dfen Wurf.<\/span><\/p>\n<h3>3. Nachgeburt<\/h3>\n<p><span data-contrast=\"auto\">Nach der Geburt eines Welpen folgt in der Regel die Nachgeburt, entweder zusammen mit dem Welpen oder innerhalb von 15 Minuten. Es ist wichtig, dass alle Nachgeburten vollst\u00e4ndig ausgesto\u00dfen werden, um Infektionen zu vermeiden. Z\u00e4hle bitte die Anzahl der Nachgeburten, um sicherzustellen, dass alle vollst\u00e4ndig ausgesto\u00dfen wurden. Gr\u00fcn-schwarzer Ausfluss ist bei H\u00fcndinnen w\u00e4hrend und nach der Geburt normal.<\/span><span data-ccp-props=\"{&quot;335559738&quot;:240,&quot;335559739&quot;:240}\">\u00a0<\/span><\/p>\n\t\t\t<\/div>\n\t\t<\/div>\n\t<\/div>\n\n\n\t<div class=\"text-box-warp\">\n\t\t<div class=\"container\">\n\t\t\t<div class=\"text-content\">\n\t\t\t\t<h2>Was passiert, wenn alle Welpen geboren sind?<\/h2>\n<p><span data-contrast=\"auto\">In der Regel k\u00fcmmert sich die H\u00fcndin nach der Geburt selbst um die Reinigung der Welpen, indem sie die Fruchtblasen ableckt. Wenn sie dies nicht tut, kannst du helfen, indem du die Welpen vorsichtig mit einem sauberen, weichen Handtuch abtrocknest, die Fruchtblasen entfernst und daf\u00fcr sorgst, dass die Atemwege der Welpen frei sind.<\/span><\/p>\n<p><span data-contrast=\"auto\">Normalerweise bei\u00dft die H\u00fcndin die Nabelschnur selbst durch, aber wenn dies nicht geschieht, kannst du sie mit einer sterilen Schere etwa zwei Zentimeter vom K\u00f6rper der Welpen entfernt abschneiden. Der Stumpf f\u00e4llt innerhalb weniger Wochen von selbst ab.<\/span><\/p>\n<p><span data-contrast=\"auto\">Oft sp\u00fcrt man deutlich, wenn die H\u00fcndin den letzten Welpen zur Welt gebracht hat. In der Regel beruhigt sie sich dann zusammen mit ihren neugeborenen Welpen.<\/span><\/p>\n\t\t\t<\/div>\n\t\t<\/div>\n\t<\/div>\n\n\n\t<div class=\"text-box-warp\">\n\t\t<div class=\"container\">\n\t\t\t<div class=\"text-content\">\n\t\t\t\t<h2>Was ist nach der Geburt zu beachten?<\/h2>\n<p><span data-contrast=\"auto\">Nachdem die Welpen mit dem Saugen begonnen und die Kolostralmilch aufgenommen haben, solltest du vorsichtig \u00fcberpr\u00fcfen, ob alle Welpen gesund aussehen und sich normal verhalten. Nach dieser Kontrolle solltest du die Welpen am besten in Ruhe bei ihrer Mutter lassen und vermeiden, sie mehr als n\u00f6tig hochzuheben oder anzufassen. Die Welpen sollten in der N\u00e4he der H\u00fcndin liegen, um sich warmzuhalten und Nahrung zu erhalten.<\/span><\/p>\n<p><span data-contrast=\"auto\">Lass die H\u00fcndin zu einem geeigneten Zeitpunkt aus dem Zwinger und reinige den Welpenraum von schmutzigen Handt\u00fcchern und Zeitungen, damit die Umgebung sauber und sicher ist.<\/span><\/p>\n<p><span data-contrast=\"auto\">Damit alles gut verl\u00e4uft, ist es entscheidend, die H\u00fcndin und die Welpen in den ersten Tagen genau zu beobachten. Wenn die H\u00fcndin tr\u00e4ge wirkt oder die Welpen Probleme beim Trinken haben, solltest du einen Tierarzt um Rat fragen.<\/span><\/p>\n\t\t\t<\/div>\n\t\t<\/div>\n\t<\/div>\n\n\n\n<section class=\"block faq\">\n\t<div class=\"container\">\n\n\t\t\t\t\t<div id=\"accordion\" class=\"py-5\">\n\t\t\t\t\n\t\t\t\t\t<div class=\"acc-card border-0 \" style=\"\">\n\t\t\t\t\t\t<div class=\"acc-card-header p-0 border-0\" id=\"heading-1\">\n\t\t\t\t\t\t\t<button class=\"btn btn-link accordion-title collapse\" data-toggle=\"collapse\" data-target=\"#collapse-1\" aria-expanded=\"true\" aria-controls=\"#collapse-{{$cnt}}\">\n\t\t\t\t\t\t\t\t<i class=\"fas fa-sort-down text-center d-flex align-items-center justify-content-center h-100\"><\/i>\n\t\t\t\t\t\t\t\tWie viel Zeit vergeht zwischen den einzelnen W\u00fcrfen?\t\t\t\t\t\t\t<\/button>\n\t\t\t\t\t\t<\/div>\n\t\t\t\t\t\t<div id=\"collapse-1\" class=\"collapse show collapse-content\" aria-labelledby=\"heading-1\" data-parent=\"#accordion\">\n\t\t\t\t\t\t\t<div class=\"acc-card-body accordion-body\">\n\t\t\t\t\t\t\t\t<p>\n\t\t\t\t\t\t\t\t\tEs ist normal, dass zwischen den W\u00fcrfen einzelner Welpen einige Minuten bis zu einigen Stunden vergehen, insbesondere bei gro\u00dfen W\u00fcrfen.\t\t\t\t\t\t\t\t<\/p>\n\t\t\t\t\t\t\t<\/div>\n\t\t\t\t\t\t<\/div>\n\t\t\t\t\t<\/div>\n\n\t\t\t\t\t\n\t\t\t\t\t<div class=\"acc-card border-0 wow fadeInUp\" style=\"visibility: visible; animation-name: fadeInUp;\">\n\t\t\t\t\t\t<div class=\"acc-card-header p-0 border-0\" id=\"heading-2\">\n\t\t\t\t\t\t\t<button class=\"btn btn-link accordion-title border-0 collapsed\" data-toggle=\"collapse\" data-target=\"#collapse-2\" aria-expanded=\"false\" aria-controls=\"#collapse-{{$cnt}}\">\n\t\t\t\t\t\t\t\t<i class=\"fas fa-sort-down text-center d-flex align-items-center justify-content-center h-100\"><\/i>\n\t\t\t\t\t\t\t\tMuss eine H\u00fcndin nach der Geburt gewaschen werden?\t\t\t\t\t\t\t<\/button>\n\t\t\t\t\t\t<\/div>\n\t\t\t\t\t\t<div id=\"collapse-2\" class=\"collapse  collapse-content\" aria-labelledby=\"heading-2\" data-parent=\"#accordion\">\n\t\t\t\t\t\t\t<div class=\"acc-card-body accordion-body\">\n\t\t\t\t\t\t\t\t<p>\n\t\t\t\t\t\t\t\t\tEs ist nicht immer notwendig, die H\u00fcndin nach der Geburt zu waschen. Wenn sie sauber ist und keine Anzeichen einer Infektion zeigt, ist es besser, sie in Ruhe zu lassen. Entscheidest du dich dennoch daf\u00fcr, sie zu waschen, verwende ein mildes Hundeshampoo und achte darauf, dass kein Wasser in ihre Ohren oder Augen gelangt. Trockne sie anschlie\u00dfend gr\u00fcndlich ab.\t\t\t\t\t\t\t\t<\/p>\n\t\t\t\t\t\t\t<\/div>\n\t\t\t\t\t\t<\/div>\n\t\t\t\t\t<\/div>\n\n\t\t\t\t\t\t\t\t<\/div>\n\t\t\t<\/div>\n<\/section>\n\n\n\n\t<section class=\"block related-articles\">\n\t\t<div class=\"container\">\n\t\t\t<h2>Entdecke weitere Themen <\/h2>\n\t\t\t<div class=\"row justify-content-center\">\n\t\t\t\t\t\t\t\t\t\t<div class=\"col-sm-6 col-md-6 col-lg-3\">\n\t\t\t\t\t\t\t\t\t\t\t\t\t\t<div class=\"card \">\n\t\t\t\t\t\t\t\t\t\t\t\t\t\t\t\t\t<img decoding=\"async\"  src=\"https:\/\/bozita.com\/de\/wp-content\/uploads\/sites\/8\/2021\/08\/bozita-hundens-utveckling-stadier.jpeg\" alt=\"\">\n\t\t\t\t\t\t\t\t\t\t\t\t\t\t\t\t\t<!-- <img decoding=\"async\" src=\"\n\t\t\t\t\t\t\t\t\t\t\t\t\t\t\t\t\t\t\t\t\" alt=\"\n\t\t\t\t\t\t\t\t\t\t\t\t\t\t\t\t\t\t\t\t\t\t\t\t\t\t\t\"> -->\n\t\t\t\t\t\t\t\t<div class=\"card-body\">\n\t\t\t\t\t\t\t\t\t\t\t\t\t\t\t\t\t\t\t<h6>Die Entwicklung des Hundes vom Welpen zum erwachsenen Hund<\/h6>\n\t\t\t\t\t\t\t\t\t\t\t\t\t\t\t\t\t\t\t<a href=\"https:\/\/bozita.com\/de\/leben-mit-hund\/entwicklung-deines-hundes\/die-entwicklung-des-hundes-vom-welpen-zum-erwachsenen-hund\/\">Weiterlesen &nbsp; ><\/a>\n\t\t\t\t\t\t\t\t<\/div>\n\t\t\t\t\t\t\t<\/div>\n\t\t\t\t\t\t<\/div>\n\n\t\t\t\t\t\t\t\t\t\t\t<div class=\"col-sm-6 col-md-6 col-lg-3\">\n\t\t\t\t\t\t\t\t\t\t\t\t\t\t<div class=\"card \">\n\t\t\t\t\t\t\t\t\t\t\t\t\t\t\t\t\t<img decoding=\"async\"  src=\"https:\/\/bozita.com\/de\/wp-content\/uploads\/sites\/8\/2021\/08\/bozita-utfodring-tik-draktig-digivande.jpeg\" alt=\"\">\n\t\t\t\t\t\t\t\t\t\t\t\t\t\t\t\t\t<!-- <img decoding=\"async\" src=\"\n\t\t\t\t\t\t\t\t\t\t\t\t\t\t\t\t\t\t\t\t\" alt=\"\n\t\t\t\t\t\t\t\t\t\t\t\t\t\t\t\t\t\t\t\t\t\t\t\t\t\t\t\"> -->\n\t\t\t\t\t\t\t\t<div class=\"card-body\">\n\t\t\t\t\t\t\t\t\t\t\t\t\t\t\t\t\t\t\t<h6>F\u00fctterung schwangerer und stillender H\u00fcndinnen<\/h6>\n\t\t\t\t\t\t\t\t\t\t\t\t\t\t\t\t\t\t\t<a href=\"https:\/\/bozita.com\/de\/hundefutter\/ernahrung-and-diat\/futterung-schwangerer-und-stillender-hundinnen\/\">Weiterlesen &nbsp; ><\/a>\n\t\t\t\t\t\t\t\t<\/div>\n\t\t\t\t\t\t\t<\/div>\n\t\t\t\t\t\t<\/div>\n\n\t\t\t\t\t\t\t\t\t\t\t<div class=\"col-sm-6 col-md-6 col-lg-3\">\n\t\t\t\t\t\t\t\t\t\t\t\t\t\t<div class=\"card \">\n\t\t\t\t\t\t\t\t\t\t\t\t\t\t\t\t\t<img decoding=\"async\"  src=\"https:\/\/bozita.com\/de\/wp-content\/uploads\/sites\/8\/2021\/08\/bozita-hundvalp-miljotraning-socialisering.jpeg\" alt=\"\">\n\t\t\t\t\t\t\t\t\t\t\t\t\t\t\t\t\t<!-- <img decoding=\"async\" src=\"\n\t\t\t\t\t\t\t\t\t\t\t\t\t\t\t\t\t\t\t\t\" alt=\"\n\t\t\t\t\t\t\t\t\t\t\t\t\t\t\t\t\t\t\t\t\t\t\t\t\t\t\t\"> -->\n\t\t\t\t\t\t\t\t<div class=\"card-body\">\n\t\t\t\t\t\t\t\t\t\t\t\t\t\t\t\t\t\t\t<h6>Umgebungstraining mit dem Welpen \u2013 was, wann und wie<\/h6>\n\t\t\t\t\t\t\t\t\t\t\t\t\t\t\t\t\t\t\t<a href=\"https:\/\/bozita.com\/de\/leben-mit-hund\/entwicklung-deines-hundes\/umgebungstraining-mit-dem-welpen-was-wann-und-wie\/\">Weiterlesen &nbsp; ><\/a>\n\t\t\t\t\t\t\t\t<\/div>\n\t\t\t\t\t\t\t<\/div>\n\t\t\t\t\t\t<\/div>\n\n\t\t\t\t\t\t\t\t\t\t\t\t<\/div>\n\t\t<\/div>\n\t<\/section>\n","protected":false},"excerpt":{"rendered":"","protected":false},"author":43,"featured_media":0,"parent":7074,"menu_order":0,"comment_status":"closed","ping_status":"closed","template":"guternberg.php","meta":{"footnotes":""},"acf":[],"yoast_head":"<!-- This site is optimized with the Yoast SEO plugin v21.3 - https:\/\/yoast.com\/wordpress\/plugins\/seo\/ -->\n<title>Geburt von Welpen \u2013 Eine Schritt-f\u00fcr-Schritt-Anleitung | Bozita DE<\/title>\n<meta name=\"description\" content=\"Steht eine Welpengeburt bevor? Hier findest du eine Schritt-f\u00fcr-Schritt-Anleitung, die dich durch die Zeit vor, w\u00e4hrend und nach der Geburt begleitet.\" \/>\n<meta name=\"robots\" content=\"index, follow, max-snippet:-1, max-image-preview:large, max-video-preview:-1\" \/>\n<link rel=\"canonical\" href=\"https:\/\/bozita.com\/de\/leben-mit-hund\/die-gesundheit-des-hundes\/geburt-von-welpen\/\" \/>\n<meta property=\"og:locale\" content=\"de_DE\" \/>\n<meta property=\"og:type\" content=\"article\" \/>\n<meta property=\"og:title\" content=\"Geburt von Welpen \u2013 Eine Schritt-f\u00fcr-Schritt-Anleitung | Bozita DE\" \/>\n<meta property=\"og:description\" content=\"Steht eine Welpengeburt bevor? Hier findest du eine Schritt-f\u00fcr-Schritt-Anleitung, die dich durch die Zeit vor, w\u00e4hrend und nach der Geburt begleitet.\" \/>\n<meta property=\"og:url\" content=\"https:\/\/bozita.com\/de\/leben-mit-hund\/die-gesundheit-des-hundes\/geburt-von-welpen\/\" \/>\n<meta property=\"og:site_name\" content=\"Bozita DE\" \/>\n<meta property=\"article:modified_time\" content=\"2025-10-27T14:59:46+00:00\" \/>\n<meta name=\"twitter:card\" content=\"summary_large_image\" \/>\n<!-- \/ Yoast SEO plugin. -->","yoast_head_json":{"title":"Geburt von Welpen \u2013 Eine Schritt-f\u00fcr-Schritt-Anleitung | Bozita DE","description":"Steht eine Welpengeburt bevor? Hier findest du eine Schritt-f\u00fcr-Schritt-Anleitung, die dich durch die Zeit vor, w\u00e4hrend und nach der Geburt begleitet.","robots":{"index":"index","follow":"follow","max-snippet":"max-snippet:-1","max-image-preview":"max-image-preview:large","max-video-preview":"max-video-preview:-1"},"canonical":"https:\/\/bozita.com\/de\/leben-mit-hund\/die-gesundheit-des-hundes\/geburt-von-welpen\/","og_locale":"de_DE","og_type":"article","og_title":"Geburt von Welpen \u2013 Eine Schritt-f\u00fcr-Schritt-Anleitung | Bozita DE","og_description":"Steht eine Welpengeburt bevor? Hier findest du eine Schritt-f\u00fcr-Schritt-Anleitung, die dich durch die Zeit vor, w\u00e4hrend und nach der Geburt begleitet.","og_url":"https:\/\/bozita.com\/de\/leben-mit-hund\/die-gesundheit-des-hundes\/geburt-von-welpen\/","og_site_name":"Bozita DE","article_modified_time":"2025-10-27T14:59:46+00:00","twitter_card":"summary_large_image","schema":{"@context":"https:\/\/schema.org","@graph":[{"@type":"WebPage","@id":"https:\/\/bozita.com\/de\/leben-mit-hund\/die-gesundheit-des-hundes\/geburt-von-welpen\/","url":"https:\/\/bozita.com\/de\/leben-mit-hund\/die-gesundheit-des-hundes\/geburt-von-welpen\/","name":"Geburt von Welpen \u2013 Eine Schritt-f\u00fcr-Schritt-Anleitung | Bozita DE","isPartOf":{"@id":"https:\/\/bozita.com\/de\/#website"},"datePublished":"2025-10-27T14:59:45+00:00","dateModified":"2025-10-27T14:59:46+00:00","description":"Steht eine Welpengeburt bevor? Hier findest du eine Schritt-f\u00fcr-Schritt-Anleitung, die dich durch die Zeit vor, w\u00e4hrend und nach der Geburt begleitet.","breadcrumb":{"@id":"https:\/\/bozita.com\/de\/leben-mit-hund\/die-gesundheit-des-hundes\/geburt-von-welpen\/#breadcrumb"},"inLanguage":"de","potentialAction":[{"@type":"ReadAction","target":["https:\/\/bozita.com\/de\/leben-mit-hund\/die-gesundheit-des-hundes\/geburt-von-welpen\/"]}]},{"@type":"BreadcrumbList","@id":"https:\/\/bozita.com\/de\/leben-mit-hund\/die-gesundheit-des-hundes\/geburt-von-welpen\/#breadcrumb","itemListElement":[{"@type":"ListItem","position":1,"name":"Startseite","item":"https:\/\/bozita.com\/de\/"},{"@type":"ListItem","position":2,"name":"Leben mit Hund","item":"https:\/\/bozita.com\/de\/leben-mit-hund\/"},{"@type":"ListItem","position":3,"name":"Gesundheit Deines Hundes","item":"https:\/\/bozita.com\/de\/leben-mit-hund\/die-gesundheit-des-hundes\/"},{"@type":"ListItem","position":4,"name":"Geburt von Welpen"}]},{"@type":"WebSite","@id":"https:\/\/bozita.com\/de\/#website","url":"https:\/\/bozita.com\/de\/","name":"Bozita DE","description":"","potentialAction":[{"@type":"SearchAction","target":{"@type":"EntryPoint","urlTemplate":"https:\/\/bozita.com\/de\/?s={search_term_string}"},"query-input":"required name=search_term_string"}],"inLanguage":"de"}]}},"_links":{"self":[{"href":"https:\/\/bozita.com\/de\/wp-json\/wp\/v2\/pages\/30086"}],"collection":[{"href":"https:\/\/bozita.com\/de\/wp-json\/wp\/v2\/pages"}],"about":[{"href":"https:\/\/bozita.com\/de\/wp-json\/wp\/v2\/types\/page"}],"author":[{"embeddable":true,"href":"https:\/\/bozita.com\/de\/wp-json\/wp\/v2\/users\/43"}],"replies":[{"embeddable":true,"href":"https:\/\/bozita.com\/de\/wp-json\/wp\/v2\/comments?post=30086"}],"version-history":[{"count":11,"href":"https:\/\/bozita.com\/de\/wp-json\/wp\/v2\/pages\/30086\/revisions"}],"predecessor-version":[{"id":30183,"href":"https:\/\/bozita.com\/de\/wp-json\/wp\/v2\/pages\/30086\/revisions\/30183"}],"up":[{"embeddable":true,"href":"https:\/\/bozita.com\/de\/wp-json\/wp\/v2\/pages\/7074"}],"wp:attachment":[{"href":"https:\/\/bozita.com\/de\/wp-json\/wp\/v2\/media?parent=30086"}],"curies":[{"name":"wp","href":"https:\/\/api.w.org\/{rel}","templated":true}]}}