{"id":6903,"date":"2021-09-23T12:02:12","date_gmt":"2021-09-23T12:02:12","guid":{"rendered":"https:\/\/bozita.com\/de\/das-katzenhaus-tassalyckan\/"},"modified":"2025-04-01T06:13:26","modified_gmt":"2025-04-01T06:13:26","slug":"das-katzenhaus-tassalyckan","status":"publish","type":"page","link":"https:\/\/bozita.com\/de\/das-katzenhaus-tassalyckan\/","title":{"rendered":"Das Katzenhaus Tassalyckan"},"content":{"rendered":"\t\t<section class=\"small-hero\">\n\t\t\t<div class=\"container\">\n\t\t\t\t<h5>Warum Bozita<\/h5><h1 class=\"small-hero-title\">Tassalyckan wird geschlossen<\/h1><p><p>Tassalyckan wurde 1992 gegr\u00fcndet und hat im Laufe der Jahre verschiedene Funktionen erf\u00fcllt. Es war ein sicherer und liebevoller Ort f\u00fcr Katzen, die F\u00fcrsorge ben\u00f6tigten und gleichzeitig dienten die Katzen als Geschmackstester bei der Entwicklung neuer Produkte. Seit der \u00dcbernahme von Doggy AB durch Partner in Pet Food im Jahr 2020 hat sich der Produktentwicklungsprozess ver\u00e4ndert, sodass Katzenfutter nun von unabh\u00e4ngigen Forschungsunternehmen in den Haushalten der Katzen getestet wird. Die Entscheidung zur Schlie\u00dfung war nicht leicht, aber wir treffen sie mit Liebe, Dankbarkeit und der \u00dcberzeugung, dass wir einen echten Unterschied gemacht haben.<\/p>\n<p>Da das Katzenheim Tassalyckan in V\u00e5rg\u00e5rda aufgel\u00f6st wird, werden die Katzen in liebevolle F\u00fcr-immer-Zuhause vermittelt. Das Unternehmen unterst\u00fctzt die neuen Besitzer mit kostenlosem Futter f\u00fcr die gesamte Lebenszeit der Katzen.<\/p>\n<\/p>\t\t\t<\/div>\n\t\t\t<\/div>\n\t\t<\/section>\n\t\n\n\t<section class=\"media-object-wrap\">\n\t\t<div class=\"container\">\n\t\t\t<div class=\"media-object\">\n\t\t\t\t<div class=\"row row-eq-height align-items-stretch\">\n\t\t\t\t\t<div class=\"col-md-5\">\n\t\t\t\t\t\t\t\t\t\t\t\t\t<img decoding=\"async\" src=\"https:\/\/bozita.com\/de\/wp-content\/uploads\/sites\/8\/2025\/04\/tassalyckan-2_Website-scaled.jpg\" alt=\"\">\n\t\t\t\t\t\t\t\t\t\t\t\t<\/div>\n\t\t\t\t\t<div class=\"col-md-7 d-flex align-items-center\">\n\t\t\t\t\t\t<div class=\"media-content\">\n\t\t\t\t\t\t<h2>Die erste Katze, die umgezogen ist, war Tingeling \u2013 hier seht ihr sie in ihrem neuen Zuhause!<\/h2>\n\t\t\t\t\t\t<\/div>\n\t\t\t\t\t<\/div>\n\t\t\t\t<\/div>\n\t\t\t<\/div>\n\t\t<\/div>\n\t<\/section>\n   \n\n\n\t<section class=\"block section-promos\">\n\t\t<div class=\"container\">\n\t\t\t<div class=\"row\">\n\t\t\t\t\t\t\t\t\t\t<div class=\"col-md-6 col-lg-4 condensed_V2\">\n\t\t\t\t\t\t\t<div class=\"card\">\n\t\t\t\t\t\t\t\t\t\t\t\t\t\t\t\t\t<img decoding=\"async\" class=\"card-img-top\" src=\"https:\/\/bozita.com\/de\/wp-content\/uploads\/sites\/8\/2021\/06\/bozita-about-us.jpeg\" alt=\"\">\n\t\t\t\t\t\t\t\t\t\t\t\t\t\t\t\t<div class=\"card-body\">\n\t\t\t\t\t\t\t\t\t<h5 class=\"card-title\">\u00dcber uns<\/h5>\n\t\t\t\t\t\t\t\t\t<p class=\"card-text\">Wir stellen seit \u00fcber 100 Jahren Katzen- und Hundefutter her! Unser gesamtes Tierfutter wird in V\u00e5rg\u00e5rda aus Zutaten h\u00f6chster Qualit\u00e4t hergestellt.<\/p>\n\t\t\t\t\t\t\t\t\t\t\t\t\t\t\t\t\t\t\t<a target=\"\" href=\"https:\/\/bozita.com\/de\/uber-uns\/\" class=\"btn btn-white\">\u00dcber uns<\/a>\n\t\t\t\t\t\t\t\t\t\t\t\t\t\t\t\t\t\t<\/div>\n\t\t\t\t\t\t\t<\/div>\n\t\t\t\t\t\t<\/div>\n\t\t\t\t\t\t\t\t\t\t\t\t<div class=\"col-md-6 col-lg-4 condensed_V2\">\n\t\t\t\t\t\t\t<div class=\"card\">\n\t\t\t\t\t\t\t\t\t\t\t\t\t\t\t\t\t<img decoding=\"async\" class=\"card-img-top\" src=\"https:\/\/bozita.com\/de\/wp-content\/uploads\/sites\/8\/2021\/06\/bozita-breeders-club-dog-cat.jpeg\" alt=\"\">\n\t\t\t\t\t\t\t\t\t\t\t\t\t\t\t\t<div class=\"card-body\">\n\t\t\t\t\t\t\t\t\t<h5 class=\"card-title\">Bozita Breeders Club<\/h5>\n\t\t\t\t\t\t\t\t\t<p class=\"card-text\">Wenn Du Katzen- oder Hundez\u00fcchter bist kannst Du Mitglied in unserem Club, dem Bozita Breeder&#8217;s Club, werden.<\/p>\n\t\t\t\t\t\t\t\t\t\t\t\t\t\t\t\t\t\t\t<a target=\"\" href=\"https:\/\/bozita.com\/de\/bozita-breeders-club\/\" class=\"btn btn-white\">Bozita Breeders Club<\/a>\n\t\t\t\t\t\t\t\t\t\t\t\t\t\t\t\t\t\t<\/div>\n\t\t\t\t\t\t\t<\/div>\n\t\t\t\t\t\t<\/div>\n\t\t\t\t\t\t\t\t\t\t\t\t<div class=\"col-md-6 col-lg-4 condensed_V2\">\n\t\t\t\t\t\t\t<div class=\"card\">\n\t\t\t\t\t\t\t\t\t\t\t\t\t\t\t\t\t<img decoding=\"async\" class=\"card-img-top\" src=\"https:\/\/bozita.com\/de\/wp-content\/uploads\/sites\/8\/2021\/06\/bozita-miljovanlig-forpackning-tetra-recart.jpeg\" alt=\"\">\n\t\t\t\t\t\t\t\t\t\t\t\t\t\t\t\t<div class=\"card-body\">\n\t\t\t\t\t\t\t\t\t<h5 class=\"card-title\">Umweltfreundliche Verpackung<\/h5>\n\t\t\t\t\t\t\t\t\t<p class=\"card-text\">Ein Gro\u00dfteil unseres Nassfutter wird im Tetra Recart geliefert &#8211; einer klimafreundlichen Verpackung, die zusammen mit Papier und Karton recycelt werden kann.<\/p>\n\t\t\t\t\t\t\t\t\t\t\t\t\t\t\t\t\t\t\t<a target=\"\" href=\"https:\/\/bozita.com\/de\/der-naturliche-weg-zum-wohlbefinden\/tetra-recart-die-umweltschonende-verpackung-fur-nassfutter\/\" class=\"btn btn-white\">Umweltfreundliche Verpackung<\/a>\n\t\t\t\t\t\t\t\t\t\t\t\t\t\t\t\t\t\t<\/div>\n\t\t\t\t\t\t\t<\/div>\n\t\t\t\t\t\t<\/div>\n\t\t\t\t\t\t\t\t\t\t\t\t<div class=\"col-md-6 col-lg-4 condensed_V2\">\n\t\t\t\t\t\t\t<div class=\"card\">\n\t\t\t\t\t\t\t\t\t\t\t\t\t\t\t\t\t<img decoding=\"async\" class=\"card-img-top\" src=\"https:\/\/bozita.com\/de\/wp-content\/uploads\/sites\/8\/2021\/06\/bozita-hallbarhet.jpeg\" alt=\"\">\n\t\t\t\t\t\t\t\t\t\t\t\t\t\t\t\t<div class=\"card-body\">\n\t\t\t\t\t\t\t\t\t<h5 class=\"card-title\">Nachhaltig f\u00fcr Tier und Natur<\/h5>\n\t\t\t\t\t\t\t\t\t<p class=\"card-text\">Von der Energie, mit der unsere K\u00fcche betrieben wird, bis hin zu den Verpackungen, in denen das Futter bei Dir ankommt, bem\u00fchen wir uns, jeden Teil unseres Unternehmens nachhaltig zu gestalten.<\/p>\n\t\t\t\t\t\t\t\t\t\t\t\t\t\t\t\t\t\t\t<a target=\"\" href=\"https:\/\/bozita.com\/de\/der-naturliche-weg-zum-wohlbefinden\/sustainable-for-animals-and-nature\/\" class=\"btn btn-white\">Nachhaltig f\u00fcr Tier und Natur<\/a>\n\t\t\t\t\t\t\t\t\t\t\t\t\t\t\t\t\t\t<\/div>\n\t\t\t\t\t\t\t<\/div>\n\t\t\t\t\t\t<\/div>\n\t\t\t\t\t\t\t\t\t<\/div>\n\t\t<\/div>\n\t<\/section>\n","protected":false},"excerpt":{"rendered":"","protected":false},"author":1,"featured_media":0,"parent":0,"menu_order":0,"comment_status":"closed","ping_status":"closed","template":"guternberg.php","meta":{"footnotes":""},"acf":[],"yoast_head":"<!-- This site is optimized with the Yoast SEO plugin v21.3 - https:\/\/yoast.com\/wordpress\/plugins\/seo\/ -->\n<title>Das Katzenhaus Tassalyckan | Bozita DE<\/title>\n<meta name=\"description\" content=\"Doggy AB betreibt ein eigenes Katzenhaus namens Tassalyckan. Es ist 1992 gegr\u00fcndet worden und rund drei\u00dfig Katzen arbeiten hier als unsere Produktentwickler.\" \/>\n<meta name=\"robots\" content=\"index, follow, max-snippet:-1, max-image-preview:large, max-video-preview:-1\" \/>\n<link rel=\"canonical\" href=\"https:\/\/bozita.com\/de\/das-katzenhaus-tassalyckan\/\" \/>\n<meta property=\"og:locale\" content=\"de_DE\" \/>\n<meta property=\"og:type\" content=\"article\" \/>\n<meta property=\"og:title\" content=\"Das Katzenhaus Tassalyckan | Bozita DE\" \/>\n<meta property=\"og:description\" content=\"Doggy AB betreibt ein eigenes Katzenhaus namens Tassalyckan. Es ist 1992 gegr\u00fcndet worden und rund drei\u00dfig Katzen arbeiten hier als unsere Produktentwickler.\" \/>\n<meta property=\"og:url\" content=\"https:\/\/bozita.com\/de\/das-katzenhaus-tassalyckan\/\" \/>\n<meta property=\"og:site_name\" content=\"Bozita DE\" \/>\n<meta property=\"article:modified_time\" content=\"2025-04-01T06:13:26+00:00\" \/>\n<meta name=\"twitter:card\" content=\"summary_large_image\" \/>\n<!-- \/ Yoast SEO plugin. -->","yoast_head_json":{"title":"Das Katzenhaus Tassalyckan | Bozita DE","description":"Doggy AB betreibt ein eigenes Katzenhaus namens Tassalyckan. Es ist 1992 gegr\u00fcndet worden und rund drei\u00dfig Katzen arbeiten hier als unsere Produktentwickler.","robots":{"index":"index","follow":"follow","max-snippet":"max-snippet:-1","max-image-preview":"max-image-preview:large","max-video-preview":"max-video-preview:-1"},"canonical":"https:\/\/bozita.com\/de\/das-katzenhaus-tassalyckan\/","og_locale":"de_DE","og_type":"article","og_title":"Das Katzenhaus Tassalyckan | Bozita DE","og_description":"Doggy AB betreibt ein eigenes Katzenhaus namens Tassalyckan. Es ist 1992 gegr\u00fcndet worden und rund drei\u00dfig Katzen arbeiten hier als unsere Produktentwickler.","og_url":"https:\/\/bozita.com\/de\/das-katzenhaus-tassalyckan\/","og_site_name":"Bozita DE","article_modified_time":"2025-04-01T06:13:26+00:00","twitter_card":"summary_large_image","schema":{"@context":"https:\/\/schema.org","@graph":[{"@type":"WebPage","@id":"https:\/\/bozita.com\/de\/das-katzenhaus-tassalyckan\/","url":"https:\/\/bozita.com\/de\/das-katzenhaus-tassalyckan\/","name":"Das Katzenhaus Tassalyckan | Bozita DE","isPartOf":{"@id":"https:\/\/bozita.com\/de\/#website"},"datePublished":"2021-09-23T12:02:12+00:00","dateModified":"2025-04-01T06:13:26+00:00","description":"Doggy AB betreibt ein eigenes Katzenhaus namens Tassalyckan. Es ist 1992 gegr\u00fcndet worden und rund drei\u00dfig Katzen arbeiten hier als unsere Produktentwickler.","breadcrumb":{"@id":"https:\/\/bozita.com\/de\/das-katzenhaus-tassalyckan\/#breadcrumb"},"inLanguage":"de","potentialAction":[{"@type":"ReadAction","target":["https:\/\/bozita.com\/de\/das-katzenhaus-tassalyckan\/"]}]},{"@type":"BreadcrumbList","@id":"https:\/\/bozita.com\/de\/das-katzenhaus-tassalyckan\/#breadcrumb","itemListElement":[{"@type":"ListItem","position":1,"name":"Startseite","item":"https:\/\/bozita.com\/de\/"},{"@type":"ListItem","position":2,"name":"Das Katzenhaus Tassalyckan"}]},{"@type":"WebSite","@id":"https:\/\/bozita.com\/de\/#website","url":"https:\/\/bozita.com\/de\/","name":"Bozita DE","description":"","potentialAction":[{"@type":"SearchAction","target":{"@type":"EntryPoint","urlTemplate":"https:\/\/bozita.com\/de\/?s={search_term_string}"},"query-input":"required name=search_term_string"}],"inLanguage":"de"}]}},"_links":{"self":[{"href":"https:\/\/bozita.com\/de\/wp-json\/wp\/v2\/pages\/6903"}],"collection":[{"href":"https:\/\/bozita.com\/de\/wp-json\/wp\/v2\/pages"}],"about":[{"href":"https:\/\/bozita.com\/de\/wp-json\/wp\/v2\/types\/page"}],"author":[{"embeddable":true,"href":"https:\/\/bozita.com\/de\/wp-json\/wp\/v2\/users\/1"}],"replies":[{"embeddable":true,"href":"https:\/\/bozita.com\/de\/wp-json\/wp\/v2\/comments?post=6903"}],"version-history":[{"count":43,"href":"https:\/\/bozita.com\/de\/wp-json\/wp\/v2\/pages\/6903\/revisions"}],"predecessor-version":[{"id":29408,"href":"https:\/\/bozita.com\/de\/wp-json\/wp\/v2\/pages\/6903\/revisions\/29408"}],"wp:attachment":[{"href":"https:\/\/bozita.com\/de\/wp-json\/wp\/v2\/media?parent=6903"}],"curies":[{"name":"wp","href":"https:\/\/api.w.org\/{rel}","templated":true}]}}