{"id":6904,"date":"2021-09-23T07:25:50","date_gmt":"2021-09-23T07:25:50","guid":{"rendered":"https:\/\/bozita.com\/de\/impressum\/"},"modified":"2025-04-01T08:01:59","modified_gmt":"2025-04-01T08:01:59","slug":"impressum","status":"publish","type":"page","link":"https:\/\/bozita.com\/de\/impressum\/","title":{"rendered":"IMPRESSUM"},"content":{"rendered":"\t\t<section class=\"small-hero\">\n\t\t\t<div class=\"container\">\n\t\t\t\t<h1 class=\"small-hero-title\">IMPRESSUM<\/h1>\t\t\t<\/div>\n\t\t\t<\/div>\n\t\t<\/section>\n\t\n\n\t<div class=\"text-box-warp\">\n\t\t<div class=\"container\">\n\t\t\t<div class=\"text-content\">\n\t\t\t\t<p><strong>Verantwortlich f\u00fcr den Inhalt dieser Webseite:<\/strong><\/p>\n<p><strong>Partner in Pet Food Nordics AB<\/strong><br \/>\nDoggyv\u00e4gen 1<br \/>\nSE-447 84 V\u00e5rg\u00e5rda<br \/>\nSchweden<\/p>\n<p>Tel: + 46 322-617800<br \/>\nE-Mail:\u00a0info@doggy.se<\/p>\n<p>USt-IdNr.: SE 556 055 512 901<\/p>\n<p>Registergericht: V\u00e5rg\u00e5rda, Schweden<br \/>\nRegisternummer: 556055-5129<br \/>\nGesch\u00e4ftsf\u00fchrung (Verantwortlicher):<\/p>\n<h1>Patrik Niklasson<\/h1>\n<h2>GEISTIGES EIGENTUM<\/h2>\n<p>Inhalte der Webseite der Partner in Pet Food Nordics AB sind urheberrechtlich gesch\u00fctzt. Ohne vorherige schriftliche Zustimmung d\u00fcrfen die Inhalte der Webseite weder ganz noch teilweise vervielf\u00e4ltigt, bearbeitet, verbreitet, \u00f6ffentlich wiedergegeben oder in sonstiger Form genutzt werden.<\/p>\n<h2>HAFTUNG F\u00dcR INHALTE<\/h2>\n<p>Die Inhalte unserer Webseite wurden mit gr\u00f6\u00dfter Sorgfalt bearbeitet und \u00fcberpr\u00fcft. F\u00fcr die Richtigkeit, Vollst\u00e4ndigkeit, Aktualit\u00e4t, Verf\u00fcgbarkeit und Qualit\u00e4t der bereitgestellten Inhalte \u00fcbernimmt die Partner in Pet Food Nordics AB jedoch keine Gew\u00e4hr. Die Partner in Pet Food Nordics AB beh\u00e4lt sich vor, \u00c4nderungen oder Erg\u00e4nzungen der Inhalte vorzunehmen, Teile der Inhalte zu l\u00f6schen oder die ganze Webseite einzustellen.<\/p>\n<h2>HAFTUNG F\u00dcR EXTERNE LINKS<\/h2>\n<p>Unsere Webseite enth\u00e4lt Links auf externe Webseiten Dritter. Die Partner in Pet Food Nordics AB hat externe Links zum Zeitpunkt der Linksetzung auf eventuelle Rechtsverst\u00f6\u00dfe und rechtswidrige Inhalte \u00fcberpr\u00fcft. Eine st\u00e4ndige inhaltliche \u00dcberpr\u00fcfung der externen Links ist ohne konkrete Anhaltspunkte einer Rechtsverletzung jedoch nicht m\u00f6glich. Die Partner in Pet Food Nordics AB \u00fcbernimmt f\u00fcr die Inhalte der fremden Webseiten keine Gew\u00e4hr auf Richtigkeit. F\u00fcr die Inhalte der verlinkten Seite ist stets der jeweilige Anbieter oder Betreiber der Webseite verantwortlich. Die Partner in Pet Food Nordics AB distanziert sich ausdr\u00fccklich von etwaigen zivilrechtlich oder strafrechtlich relevanten Inhalten dieser fremden Webseiten.<\/p>\n<h2>URHEBERRECHTE<\/h2>\n<p>Die Partner in Pet Food Nordics AB ist bestrebt, die Urheberrechte Dritter zu beachten. Sollte es trotzdem zu einer Urheberrechtsverletzung kommen, wird die Partner in Pet Food Nordics AB unverz\u00fcglich nach Mitteilung derartige Inhalte von ihrer Webseite entfernen.<\/p>\n<h2>BILDNACHWEISE<\/h2>\n<p>Auf dieser Webseite werden eigene Bilder der Partner in Pet Food Nordics AB sowie Bilder von Bildagenturen verwendet.<\/p>\n\t\t\t<\/div>\n\t\t<\/div>\n\t<\/div>\n","protected":false},"excerpt":{"rendered":"","protected":false},"author":1,"featured_media":0,"parent":0,"menu_order":0,"comment_status":"closed","ping_status":"closed","template":"guternberg.php","meta":{"footnotes":""},"acf":[],"yoast_head":"<!-- This site is optimized with the Yoast SEO plugin v21.3 - https:\/\/yoast.com\/wordpress\/plugins\/seo\/ -->\n<title>IMPRESSUM | Bozita DE<\/title>\n<meta name=\"robots\" content=\"index, follow, max-snippet:-1, max-image-preview:large, max-video-preview:-1\" \/>\n<link rel=\"canonical\" href=\"https:\/\/bozita.com\/de\/impressum\/\" \/>\n<meta property=\"og:locale\" content=\"de_DE\" \/>\n<meta property=\"og:type\" content=\"article\" \/>\n<meta property=\"og:title\" content=\"IMPRESSUM | Bozita DE\" \/>\n<meta property=\"og:url\" content=\"https:\/\/bozita.com\/de\/impressum\/\" \/>\n<meta property=\"og:site_name\" content=\"Bozita DE\" \/>\n<meta property=\"article:modified_time\" content=\"2025-04-01T08:01:59+00:00\" \/>\n<meta name=\"twitter:card\" content=\"summary_large_image\" \/>\n<!-- \/ Yoast SEO plugin. -->","yoast_head_json":{"title":"IMPRESSUM | Bozita DE","robots":{"index":"index","follow":"follow","max-snippet":"max-snippet:-1","max-image-preview":"max-image-preview:large","max-video-preview":"max-video-preview:-1"},"canonical":"https:\/\/bozita.com\/de\/impressum\/","og_locale":"de_DE","og_type":"article","og_title":"IMPRESSUM | Bozita DE","og_url":"https:\/\/bozita.com\/de\/impressum\/","og_site_name":"Bozita DE","article_modified_time":"2025-04-01T08:01:59+00:00","twitter_card":"summary_large_image","schema":{"@context":"https:\/\/schema.org","@graph":[{"@type":"WebPage","@id":"https:\/\/bozita.com\/de\/impressum\/","url":"https:\/\/bozita.com\/de\/impressum\/","name":"IMPRESSUM | Bozita DE","isPartOf":{"@id":"https:\/\/bozita.com\/de\/#website"},"datePublished":"2021-09-23T07:25:50+00:00","dateModified":"2025-04-01T08:01:59+00:00","breadcrumb":{"@id":"https:\/\/bozita.com\/de\/impressum\/#breadcrumb"},"inLanguage":"de","potentialAction":[{"@type":"ReadAction","target":["https:\/\/bozita.com\/de\/impressum\/"]}]},{"@type":"BreadcrumbList","@id":"https:\/\/bozita.com\/de\/impressum\/#breadcrumb","itemListElement":[{"@type":"ListItem","position":1,"name":"Startseite","item":"https:\/\/bozita.com\/de\/"},{"@type":"ListItem","position":2,"name":"IMPRESSUM"}]},{"@type":"WebSite","@id":"https:\/\/bozita.com\/de\/#website","url":"https:\/\/bozita.com\/de\/","name":"Bozita DE","description":"","potentialAction":[{"@type":"SearchAction","target":{"@type":"EntryPoint","urlTemplate":"https:\/\/bozita.com\/de\/?s={search_term_string}"},"query-input":"required name=search_term_string"}],"inLanguage":"de"}]}},"_links":{"self":[{"href":"https:\/\/bozita.com\/de\/wp-json\/wp\/v2\/pages\/6904"}],"collection":[{"href":"https:\/\/bozita.com\/de\/wp-json\/wp\/v2\/pages"}],"about":[{"href":"https:\/\/bozita.com\/de\/wp-json\/wp\/v2\/types\/page"}],"author":[{"embeddable":true,"href":"https:\/\/bozita.com\/de\/wp-json\/wp\/v2\/users\/1"}],"replies":[{"embeddable":true,"href":"https:\/\/bozita.com\/de\/wp-json\/wp\/v2\/comments?post=6904"}],"version-history":[{"count":12,"href":"https:\/\/bozita.com\/de\/wp-json\/wp\/v2\/pages\/6904\/revisions"}],"predecessor-version":[{"id":29411,"href":"https:\/\/bozita.com\/de\/wp-json\/wp\/v2\/pages\/6904\/revisions\/29411"}],"wp:attachment":[{"href":"https:\/\/bozita.com\/de\/wp-json\/wp\/v2\/media?parent=6904"}],"curies":[{"name":"wp","href":"https:\/\/api.w.org\/{rel}","templated":true}]}}