{"id":6911,"date":"2021-09-23T07:06:51","date_gmt":"2021-09-23T07:06:51","guid":{"rendered":"https:\/\/bozita.com\/de\/wie-lange-schlafen-katzen\/"},"modified":"2024-08-12T12:11:37","modified_gmt":"2024-08-12T12:11:37","slug":"wie-lange-schlafen-katzen","status":"publish","type":"page","link":"https:\/\/bozita.com\/de\/leben-mit-katze\/die-entwicklung-der-katze\/wie-lange-schlafen-katzen\/","title":{"rendered":"Wie lange schlafen Katzen? Und warum so viel?"},"content":{"rendered":"\t\t<section class=\"small-hero\">\n\t\t\t<div class=\"container\">\n\t\t\t\t<h1 class=\"small-hero-title\">Wie lange schlafen Katzen?<\/h1>\t\t\t<\/div>\n\t\t\t<\/div>\n\t\t<\/section>\n\t\n\n\t<div class=\"text-box-warp\">\n\t\t<div class=\"container\">\n\t\t\t<div class=\"text-content\">\n\t\t\t\t<p>Wie viele Stunden eine Katze am Tag schl\u00e4ft, ist individuell und h\u00e4ngt von mehreren Faktoren wie dem Alter, Aktivit\u00e4tsniveau und der Pers\u00f6nlichkeit ab. So ben\u00f6tigt beispielsweise eine \u00e4ltere Katze oder ein aktives Katzenbaby m\u00f6glicherweise mehr Schlaf als eine ruhige Wohnungskatze. Viele Haustierbesitzer sind besorgt, dass ihre Katze zu lange oder zu viel schl\u00e4ft. Tatsache ist jedoch, dass es sehr unwahrscheinlich ist, dass eine Katze zu viel schl\u00e4ft.<\/p>\n\t\t\t<\/div>\n\t\t<\/div>\n\t<\/div>\n\n\n\t<section class=\"media-object-wrap\">\n\t\t<div class=\"container\">\n\t\t\t<div class=\"media-object\">\n\t\t\t\t<div class=\"row row-eq-height align-items-stretch\">\n\t\t\t\t\t<div class=\"col-md-5\">\n\t\t\t\t\t\t\t\t\t\t\t\t\t<img decoding=\"async\" src=\"https:\/\/bozita.com\/de\/wp-content\/uploads\/sites\/8\/2024\/08\/shutterstock_1768428767-scaled.jpg\" alt=\"\">\n\t\t\t\t\t\t\t\t\t\t\t\t<\/div>\n\t\t\t\t\t<div class=\"col-md-7 d-flex align-items-center\">\n\t\t\t\t\t\t<div class=\"media-content\">\n\t\t\t\t\t\t<h2>WARUM SCHLAFEN KATZEN SO VIEL?<\/h2>\n<p>Wie viel deine Katze schl\u00e4ft, h\u00e4ngt davon ab, wie alt sie ist, wie aktiv sie ihre Wachphasen gestaltet und welche Pers\u00f6nlichkeit sie hat. Normalerweise sagt man, dass eine Katze bis zu 16\u201318 Stunden pro Tag schlafen kann. Die Mehrzahl dieser Stunden befinden sich Katzen jedoch eher in einer flachen Ruhephase als in einem Tiefschlaf, weshalb sie oft schon bei kleinsten Ger\u00e4uschen schnell erwachen.<\/p>\n<p>Du hast wahrscheinlich bemerkt, dass deine Katze tags\u00fcber ruht und nachts wach ist \u2013 das ist v\u00f6llig normal. Es liegt in der Natur der Katze, sich auszuruhen, bis es Zeit f\u00fcr die Jagd ist. Katzen sind deshalb in der D\u00e4mmerung und im Morgengrauen besonders aktiv, da es im Zwielicht f\u00fcr sie einfacher ist, eine Beute zu fangen.<\/p>\n\t\t\t\t\t\t<\/div>\n\t\t\t\t\t<\/div>\n\t\t\t\t<\/div>\n\t\t\t<\/div>\n\t\t<\/div>\n\t<\/section>\n   \n\n\n\t<div class=\"text-box-warp\">\n\t\t<div class=\"container\">\n\t\t\t<div class=\"text-content\">\n\t\t\t\t<h2>WIE VIEL SCHL\u00c4FT EIN KATZENBABY?<\/h2>\n<p>Ein kleines Katzenbaby schl\u00e4ft viel mehr als die durchschnittliche, ausgewachsene Katze. Nach der Geburt ist es nicht ungew\u00f6hnlich, dass ein Kitten die ganze Zeit schl\u00e4ft, weil es Schlaf braucht, um aktiv zu sein und gesund zu bleiben.<\/p>\n<p>Ein Katzenbaby braucht auch Schlaf, um zu wachsen, denn die Wachstumshormone werden nur dann freigesetzt, wenn es schl\u00e4ft. Deshalb ist es besonders wichtig, ein Katzenbaby beim Schlafen nicht zu st\u00f6ren.<\/p>\n<h2>WENN DIE KATZE NACHTS KRACH MACHT<\/h2>\n<p>Eine Katze zu haben, die nachts wach ist und viel Krach macht, kann frustrierend sein. Wenn Du Probleme mit einer sehr nachtaktiven Katze hast, versuche sie am Abend mehr zu besch\u00e4ftigen. So erh\u00f6hst Du die Wahrscheinlichkeit, dass sie die ganze Nacht hindurch schl\u00e4ft.<\/p>\n<ul>\n<li><a href=\"https:\/\/bozita.com\/de\/leben-mit-katze\/beschaftige-deine-katze\/beschaftige-deine-katze\/\">So besch\u00e4ftigst du deine Katze<\/a><\/li>\n<\/ul>\n<h2>WENN EINE KATZE UNGEW\u00d6HNLICH VIEL SCHL\u00c4FT<\/h2>\n<p>Katzen werden, ebenso wie Menschen, h\u00e4ufig von Temperaturschwankungen beeinflusst. Viele Menschen stellen fest, dass ihre Katze im Winter nicht nur mehr im Haus bleibt, sondern auch weniger aktiv ist und mehr schl\u00e4ft als den Rest des Jahres.<\/p>\n<p>Ein ver\u00e4nderter Schlafrhythmus muss kein Anzeichen daf\u00fcr sein, dass etwas nicht stimmt. Wenn du jedoch feststellst, dass deine Katze mehr schl\u00e4ft als gew\u00f6hnlich und auch sonst kraftlos wirkt, kann dies ein Zeichen sein, dass es ihr nicht gut geht. Wenn deine Katze neben einem erh\u00f6hten Schlafbedarf auch mit dem Essen und Trinken aufh\u00f6rt, solltest du einen Tierarzt aufsuchen, um sicherzustellen, dass alles in Ordnung ist.<\/p>\n\t\t\t<\/div>\n\t\t<\/div>\n\t<\/div>\n\n\n\t<section class=\"block section-promos\">\n\t\t<div class=\"container\">\n\t\t\t<div class=\"row\">\n\t\t\t\t\t\t\t\t\t\t<div class=\"col-md-6\">\n\t\t\t\t\t\t\t<div class=\"card\">\n\t\t\t\t\t\t\t\t\t\t\t\t\t\t\t\t\t<img decoding=\"async\" class=\"card-img-top\" src=\"https:\/\/bozita.com\/de\/wp-content\/uploads\/sites\/8\/2024\/08\/Katze-Nassfutter-scaled.jpg\" alt=\"\">\n\t\t\t\t\t\t\t\t\t\t\t\t\t\t\t\t<div class=\"card-body\">\n\t\t\t\t\t\t\t\t\t<h5 class=\"card-title\">Bozita Nassfutter Katze<\/h5>\n\t\t\t\t\t\t\t\t\t<p class=\"card-text\"><\/p>\n\t\t\t\t\t\t\t\t\t\t\t\t\t\t\t\t\t\t\t<a target=\"_blank\" href=\"https:\/\/www.bozita-shop.de\/Katzen\/Katzenfutter-nass:::163_171.html\" class=\"btn btn-white\">ONLINE KAUFEN<\/a>\n\t\t\t\t\t\t\t\t\t\t\t\t\t\t\t\t\t\t<\/div>\n\t\t\t\t\t\t\t<\/div>\n\t\t\t\t\t\t<\/div>\n\t\t\t\t\t\t\t\t\t\t\t\t<div class=\"col-md-6\">\n\t\t\t\t\t\t\t<div class=\"card\">\n\t\t\t\t\t\t\t\t\t\t\t\t\t\t\t\t\t<img decoding=\"async\" class=\"card-img-top\" src=\"https:\/\/bozita.com\/de\/wp-content\/uploads\/sites\/8\/2024\/08\/Katze-Trockenfutter-scaled.jpg\" alt=\"\">\n\t\t\t\t\t\t\t\t\t\t\t\t\t\t\t\t<div class=\"card-body\">\n\t\t\t\t\t\t\t\t\t<h5 class=\"card-title\">Bozita Trockenfutter Katze<\/h5>\n\t\t\t\t\t\t\t\t\t<p class=\"card-text\"><\/p>\n\t\t\t\t\t\t\t\t\t\t\t\t\t\t\t\t\t\t\t<a target=\"_blank\" href=\"https:\/\/www.bozita-shop.de\/Katzen\/Katzenfutter-trocken:::163_175.html\" class=\"btn btn-white\">ONLINE KAUFEN<\/a>\n\t\t\t\t\t\t\t\t\t\t\t\t\t\t\t\t\t\t<\/div>\n\t\t\t\t\t\t\t<\/div>\n\t\t\t\t\t\t<\/div>\n\t\t\t\t\t\t\t\t\t<\/div>\n\t\t<\/div>\n\t<\/section>\n\n\n\n\t<section class=\"block related-articles\">\n\t\t<div class=\"container\">\n\t\t\t<h2>Entdecke weitere Themen <\/h2>\n\t\t\t<div class=\"row justify-content-center\">\n\t\t\t\t\t\t\t\t\t\t<div class=\"col-sm-6 col-md-6 col-lg-3\">\n\t\t\t\t\t\t\t\t\t\t\t\t\t\t<div class=\"card \">\n\t\t\t\t\t\t\t\t\t\t\t\t\t\t\t\t\t<img decoding=\"async\"  src=\"https:\/\/bozita.com\/de\/wp-content\/uploads\/sites\/8\/2021\/09\/bozita-socialisera-kattunge.jpg\" alt=\"\">\n\t\t\t\t\t\t\t\t\t\t\t\t\t\t\t\t\t<!-- <img decoding=\"async\" src=\"\n\t\t\t\t\t\t\t\t\t\t\t\t\t\t\t\t\t\t\t\t\" alt=\"\n\t\t\t\t\t\t\t\t\t\t\t\t\t\t\t\t\t\t\t\t\t\t\t\t\t\t\t\"> -->\n\t\t\t\t\t\t\t\t<div class=\"card-body\">\n\t\t\t\t\t\t\t\t\t\t\t\t\t\t\t\t\t\t\t<h6>Katzenbabys entwicklung \u2013\u00a0Die erste Zeit mit Katze<\/h6>\n\t\t\t\t\t\t\t\t\t\t\t\t\t\t\t\t\t\t\t<a href=\"https:\/\/bozita.com\/de\/leben-mit-katze\/die-entwicklung-der-katze\/katzenbabys-entwicklung-und-sozialisierung\/\">Weiterlesen &nbsp; ><\/a>\n\t\t\t\t\t\t\t\t<\/div>\n\t\t\t\t\t\t\t<\/div>\n\t\t\t\t\t\t<\/div>\n\n\t\t\t\t\t\t\t\t\t\t\t<div class=\"col-sm-6 col-md-6 col-lg-3\">\n\t\t\t\t\t\t\t\t\t\t\t\t\t\t<div class=\"card \">\n\t\t\t\t\t\t\t\t\t\t\t\t\t\t\t\t\t<img decoding=\"async\"  src=\"https:\/\/bozita.com\/de\/wp-content\/uploads\/sites\/8\/2021\/08\/bozita-kattens-kroppssprak.jpg\" alt=\"\">\n\t\t\t\t\t\t\t\t\t\t\t\t\t\t\t\t\t<!-- <img decoding=\"async\" src=\"\n\t\t\t\t\t\t\t\t\t\t\t\t\t\t\t\t\t\t\t\t\" alt=\"\n\t\t\t\t\t\t\t\t\t\t\t\t\t\t\t\t\t\t\t\t\t\t\t\t\t\t\t\"> -->\n\t\t\t\t\t\t\t\t<div class=\"card-body\">\n\t\t\t\t\t\t\t\t\t\t\t\t\t\t\t\t\t\t\t<h6>Katzenverhalten &amp; K\u00f6rpersprache von Katzen<\/h6>\n\t\t\t\t\t\t\t\t\t\t\t\t\t\t\t\t\t\t\t<a href=\"https:\/\/bozita.com\/de\/leben-mit-katze\/die-entwicklung-der-katze-2\/verhalten-und-korpersprache-von-katzen\/\">Weiterlesen &nbsp; ><\/a>\n\t\t\t\t\t\t\t\t<\/div>\n\t\t\t\t\t\t\t<\/div>\n\t\t\t\t\t\t<\/div>\n\n\t\t\t\t\t\t\t\t\t\t\t<div class=\"col-sm-6 col-md-6 col-lg-3\">\n\t\t\t\t\t\t\t\t\t\t\t\t\t\t<div class=\"card \">\n\t\t\t\t\t\t\t\t\t\t\t\t\t\t\t\t\t<img decoding=\"async\"  src=\"https:\/\/bozita.com\/de\/wp-content\/uploads\/sites\/8\/2021\/08\/bozita_swedish-natural-quality.jpg\" alt=\"\">\n\t\t\t\t\t\t\t\t\t\t\t\t\t\t\t\t\t<!-- <img decoding=\"async\" src=\"\n\t\t\t\t\t\t\t\t\t\t\t\t\t\t\t\t\t\t\t\t\" alt=\"\n\t\t\t\t\t\t\t\t\t\t\t\t\t\t\t\t\t\t\t\t\t\t\t\t\t\t\t\"> -->\n\t\t\t\t\t\t\t\t<div class=\"card-body\">\n\t\t\t\t\t\t\t\t\t\t\t\t\t\t\t\t\t\t\t<h6>Anatomie und Physiologie der Katze<\/h6>\n\t\t\t\t\t\t\t\t\t\t\t\t\t\t\t\t\t\t\t<a href=\"https:\/\/bozita.com\/de\/leben-mit-katze\/die-entwicklung-der-katze-2\/anatomie-und-physiologie-der-katze\/\">Weiterlesen &nbsp; ><\/a>\n\t\t\t\t\t\t\t\t<\/div>\n\t\t\t\t\t\t\t<\/div>\n\t\t\t\t\t\t<\/div>\n\n\t\t\t\t\t\t\t\t\t\t\t\t<\/div>\n\t\t<\/div>\n\t<\/section>\n","protected":false},"excerpt":{"rendered":"","protected":false},"author":1,"featured_media":0,"parent":6914,"menu_order":0,"comment_status":"closed","ping_status":"closed","template":"guternberg.php","meta":{"footnotes":""},"acf":[],"yoast_head":"<!-- This site is optimized with the Yoast SEO plugin v21.3 - https:\/\/yoast.com\/wordpress\/plugins\/seo\/ -->\n<title>Wie lange schlafen Katzen? Und warum so viel? | Bozita DE<\/title>\n<meta name=\"description\" content=\"Warum schlafen Katzen so viel und wie lange schlafen Katzen? Was Sie tun k\u00f6nnen, wenn Ihr vierbeiniger Freund ungew\u00f6hnlich viel schl\u00e4ft.\" \/>\n<meta name=\"robots\" content=\"index, follow, max-snippet:-1, max-image-preview:large, max-video-preview:-1\" \/>\n<link rel=\"canonical\" href=\"https:\/\/bozita.com\/de\/leben-mit-katze\/die-entwicklung-der-katze\/wie-lange-schlafen-katzen\/\" \/>\n<meta property=\"og:locale\" content=\"de_DE\" \/>\n<meta property=\"og:type\" content=\"article\" \/>\n<meta property=\"og:title\" content=\"Wie lange schlafen Katzen? Und warum so viel? | Bozita DE\" \/>\n<meta property=\"og:description\" content=\"Warum schlafen Katzen so viel und wie lange schlafen Katzen? Was Sie tun k\u00f6nnen, wenn Ihr vierbeiniger Freund ungew\u00f6hnlich viel schl\u00e4ft.\" \/>\n<meta property=\"og:url\" content=\"https:\/\/bozita.com\/de\/leben-mit-katze\/die-entwicklung-der-katze\/wie-lange-schlafen-katzen\/\" \/>\n<meta property=\"og:site_name\" content=\"Bozita DE\" \/>\n<meta property=\"article:modified_time\" content=\"2024-08-12T12:11:37+00:00\" \/>\n<meta name=\"twitter:card\" content=\"summary_large_image\" \/>\n<!-- \/ Yoast SEO plugin. -->","yoast_head_json":{"title":"Wie lange schlafen Katzen? Und warum so viel? | Bozita DE","description":"Warum schlafen Katzen so viel und wie lange schlafen Katzen? Was Sie tun k\u00f6nnen, wenn Ihr vierbeiniger Freund ungew\u00f6hnlich viel schl\u00e4ft.","robots":{"index":"index","follow":"follow","max-snippet":"max-snippet:-1","max-image-preview":"max-image-preview:large","max-video-preview":"max-video-preview:-1"},"canonical":"https:\/\/bozita.com\/de\/leben-mit-katze\/die-entwicklung-der-katze\/wie-lange-schlafen-katzen\/","og_locale":"de_DE","og_type":"article","og_title":"Wie lange schlafen Katzen? Und warum so viel? | Bozita DE","og_description":"Warum schlafen Katzen so viel und wie lange schlafen Katzen? Was Sie tun k\u00f6nnen, wenn Ihr vierbeiniger Freund ungew\u00f6hnlich viel schl\u00e4ft.","og_url":"https:\/\/bozita.com\/de\/leben-mit-katze\/die-entwicklung-der-katze\/wie-lange-schlafen-katzen\/","og_site_name":"Bozita DE","article_modified_time":"2024-08-12T12:11:37+00:00","twitter_card":"summary_large_image","schema":{"@context":"https:\/\/schema.org","@graph":[{"@type":"WebPage","@id":"https:\/\/bozita.com\/de\/leben-mit-katze\/die-entwicklung-der-katze\/wie-lange-schlafen-katzen\/","url":"https:\/\/bozita.com\/de\/leben-mit-katze\/die-entwicklung-der-katze\/wie-lange-schlafen-katzen\/","name":"Wie lange schlafen Katzen? Und warum so viel? | Bozita DE","isPartOf":{"@id":"https:\/\/bozita.com\/de\/#website"},"datePublished":"2021-09-23T07:06:51+00:00","dateModified":"2024-08-12T12:11:37+00:00","description":"Warum schlafen Katzen so viel und wie lange schlafen Katzen? Was Sie tun k\u00f6nnen, wenn Ihr vierbeiniger Freund ungew\u00f6hnlich viel schl\u00e4ft.","breadcrumb":{"@id":"https:\/\/bozita.com\/de\/leben-mit-katze\/die-entwicklung-der-katze\/wie-lange-schlafen-katzen\/#breadcrumb"},"inLanguage":"de","potentialAction":[{"@type":"ReadAction","target":["https:\/\/bozita.com\/de\/leben-mit-katze\/die-entwicklung-der-katze\/wie-lange-schlafen-katzen\/"]}]},{"@type":"BreadcrumbList","@id":"https:\/\/bozita.com\/de\/leben-mit-katze\/die-entwicklung-der-katze\/wie-lange-schlafen-katzen\/#breadcrumb","itemListElement":[{"@type":"ListItem","position":1,"name":"Startseite","item":"https:\/\/bozita.com\/de\/"},{"@type":"ListItem","position":2,"name":"Leben mit Katze","item":"https:\/\/bozita.com\/de\/leben-mit-katze\/"},{"@type":"ListItem","position":3,"name":"Die Entwicklung der Katze","item":"https:\/\/bozita.com\/de\/leben-mit-katze\/die-entwicklung-der-katze\/"},{"@type":"ListItem","position":4,"name":"Wie lange schlafen Katzen? Und warum so viel?"}]},{"@type":"WebSite","@id":"https:\/\/bozita.com\/de\/#website","url":"https:\/\/bozita.com\/de\/","name":"Bozita DE","description":"","potentialAction":[{"@type":"SearchAction","target":{"@type":"EntryPoint","urlTemplate":"https:\/\/bozita.com\/de\/?s={search_term_string}"},"query-input":"required name=search_term_string"}],"inLanguage":"de"}]}},"_links":{"self":[{"href":"https:\/\/bozita.com\/de\/wp-json\/wp\/v2\/pages\/6911"}],"collection":[{"href":"https:\/\/bozita.com\/de\/wp-json\/wp\/v2\/pages"}],"about":[{"href":"https:\/\/bozita.com\/de\/wp-json\/wp\/v2\/types\/page"}],"author":[{"embeddable":true,"href":"https:\/\/bozita.com\/de\/wp-json\/wp\/v2\/users\/1"}],"replies":[{"embeddable":true,"href":"https:\/\/bozita.com\/de\/wp-json\/wp\/v2\/comments?post=6911"}],"version-history":[{"count":13,"href":"https:\/\/bozita.com\/de\/wp-json\/wp\/v2\/pages\/6911\/revisions"}],"predecessor-version":[{"id":28780,"href":"https:\/\/bozita.com\/de\/wp-json\/wp\/v2\/pages\/6911\/revisions\/28780"}],"up":[{"embeddable":true,"href":"https:\/\/bozita.com\/de\/wp-json\/wp\/v2\/pages\/6914"}],"wp:attachment":[{"href":"https:\/\/bozita.com\/de\/wp-json\/wp\/v2\/media?parent=6911"}],"curies":[{"name":"wp","href":"https:\/\/api.w.org\/{rel}","templated":true}]}}