{"id":6912,"date":"2021-09-23T07:04:43","date_gmt":"2021-09-23T07:04:43","guid":{"rendered":"https:\/\/bozita.com\/de\/wann-sind-katzen-ausgewachsen\/"},"modified":"2022-07-19T07:37:30","modified_gmt":"2022-07-19T07:37:30","slug":"wann-sind-katzen-ausgewachsen","status":"publish","type":"page","link":"https:\/\/bozita.com\/de\/leben-mit-katze\/die-entwicklung-der-katze\/wann-sind-katzen-ausgewachsen\/","title":{"rendered":"Katzenentwicklung \u2013 Wann sind Katzen ausgewachsen?"},"content":{"rendered":"\t\t<section class=\"small-hero\">\n\t\t\t<div class=\"container\">\n\t\t\t\t<h1 class=\"small-hero-title\">Wann sind Katzen ausgewachsen?<\/h1>\t\t\t<\/div>\n\t\t\t<\/div>\n\t\t<\/section>\n\t\n\n\t<div class=\"text-box-warp\">\n\t\t<div class=\"container\">\n\t\t\t<div class=\"text-content\">\n\t\t\t\t<p>Die Kenntnis \u00fcber die verschiedenen Entwicklungsstadien des Katzenbabys auf dem Weg ins Erwachsenenalter hilft Dir als Tierhalter, auf m\u00f6gliche Ver\u00e4nderungen vorbereitet zu sein und die Umgebung der Katze entsprechend anzupassen. Die Vorbereitung auf eine katzenfreundliche Umgebung und regelm\u00e4\u00dfige Check-ups, ob diese an die aktuellen Bed\u00fcrfnisse der Katze angepasst ist, erh\u00f6hen auch die Chance auf eine fortw\u00e4hrend gute Beziehung.<\/p>\n<h2>DIE ENTWICKLUNG EINES KATZENBABYS<\/h2>\n<p>Kitten sind neugierige und aktive Tiere. Das Spielen und Entdecken der Welt nimmt einen gro\u00dfen Teil der Wachphasen des Katzenbabys ein.<\/p>\n<h3>DIE W\u00d6CHENTLICHE ENTWICKLUNG DES KATZENBABYS:<\/h3>\n<ul>\n<li><strong>2 Wochen<\/strong>\u00a0\u2013 Das Katzenbaby \u00f6ffnet die Augen.<\/li>\n<li><strong>2\u2013ca. 9 Wochen<\/strong>\u00a0\u2013 Das Katzenbaby stellt erste soziale Beziehungen zur Familie her. Die Beziehung des Kittens zum Menschen entwickelt sich bis zum Alter von etwa 4 Monaten weiter. Das soziale Spiel entwickelt sich allm\u00e4hlich (H\u00f6hepunkt im Alter von 12\u201314 Wochen).<\/li>\n<li><strong>4 Wochen<\/strong>\u00a0\u2013 Das Katzenbaby beginnt, feste Nahrung zu sich zu nehmen. Die Katze lernt durch Beobachten dazu.<\/li>\n<li><strong>5\u20136 Wochen<\/strong>\u00a0\u2013 freiwilliges Ausscheiden (das Katzenbaby ben\u00f6tigt keine Hilfe beim Absetzen von Urin und Kot mehr).<\/li>\n<li><strong>7\u20138 Wochen<\/strong>\u00a0\u2013 Der Schlafrhythmus nimmt die Form einer ausgewachsenen Katze an. Das Objektspiel entwickelt sich.<\/li>\n<li><strong>7\u20139 Wochen<\/strong>\u00a0\u2013 Die erste Impfung wird vorgenommen, die zweite Impfung erfolgt ca. 3\u20134 Wochen sp\u00e4ter, mit ca. 12 Wochen.<\/li>\n<\/ul>\n<p>In der ersten Zeit nachdem das Katzenbaby seine Augen ge\u00f6ffnet hat, spielt es haupts\u00e4chlich mit seinen Wurfgeschwistern und der Mutter. Wenn das Kitten \u00e4lter wird, geht das Spiel mehr und mehr in objektbasiertes Spiel \u00fcber, z. B. mit Spielzeug. Durch das Spielen lernt das Katzenbaby F\u00e4higkeiten und macht Erfahrungen, die f\u00fcr sein Leben als erwachsene Katze wichtig sind, z. B. wenn es mit anderen Katzen interagiert. Das Spiel trainiert das Katzenbaby auch physisch und enth\u00e4lt oft \u00e4hnliche Sequenzen wie bei der Jagd. Katzen spielen ihr ganzes Leben lang. Daher ist es wichtig, f\u00fcr eine Umgebung zu sorgen, in der die Katze auch im Alter noch spielen kann.<\/p>\n<p>Mit vier Wochen beginnt das Katzenbaby, feste Nahrung zu sich zu nehmen. W\u00e4hrend dieser Zeit wird das Kitten unter anderem seine Vorlieben f\u00fcr den Geschmack und die Struktur seines Futters entwickeln. Dies beeinflusst die Wahl des Futters, das die Katze im Verlauf ihres Lebens bevorzugt. Es ist also wichtig, in Erfahrung zu bringen, welches Futter das Katzenbaby in seiner Entwicklung zu sich genommen hat, und beim Futterwechsel schrittweise ein neues Futter Seite an Seite mit dem bereits bekannten Futter einzuf\u00fchren.<\/p>\n<p><strong>Lies auch<\/strong><\/p>\n<ul>\n<li><a title=\"Wie wechselt man das katzenfutter\" href=\"https:\/\/bozita.com\/de\/katzenfutter\/ernahrung-and-diat\/wie-wechselt-man-das-katzenfutter\/\" data-udi=\"umb:\/\/document\/804b8b5eef5846048f1b66b4f105d5b2\">So wechselst Du das Futter f\u00fcr Deiner Katze<\/a><\/li>\n<\/ul>\n<h2>WANN IST EINE KATZE AUSGEWACHSEN?<\/h2>\n<p>Ab einem Alter von etwa vier Monaten erreicht die junge Katze ihre Geschlechtsreife.<\/p>\n<h3>VON DER JUNGKATZE ZUR AUSGEWACHSENEN KATZE:<\/h3>\n<ul>\n<li><strong>4 Monate<\/strong>\u00a0\u2013 Das Sozialverhalten des Katzenbabys nimmt Form an.<\/li>\n<li><strong>4\u201310 Monate<\/strong>\u00a0\u2013 Geschlechtsreife, Weibchen erreichen die Geschlechtsreife fr\u00fcher als M\u00e4nnchen. Als Tierhalter bist Du daf\u00fcr verantwortlich, dass sich Deine Katze nicht ungeplant vermehrt.<\/li>\n<li><strong>1 Jahr<\/strong>\u00a0\u2013 Die erste Auffrischungsimpfung, eine Nachimpfung erfolgt je nach Impfstoff und Lebensraum der Katze alle 1\u20133 Jahre.<\/li>\n<li><strong>2\u20134 Jahre<\/strong>\u00a0\u2013 Soziale Reife, eine Zeit, in der freilebende Katzen beginnen, ihr eigenes Territorium zu verteidigen.<\/li>\n<li><strong>3 Jahre<\/strong>\u00a0\u2013 Die Katze gilt nun als ausgewachsen.<\/li>\n<\/ul>\n<p>Auch Jungkatzen haben einen gro\u00dfen Bewegungsdrang. Die Wachphase wird mit Klettern, Herumtollen und Spielen verbracht. Das Zuhause muss daher die M\u00f6glichkeit bieten, dass die junge Katze ohne Verletzungsgefahr aktiv sein kann. Im Laufe der Zeit nimmt dieser allgemeine Bewegungsdrang ab und wird zielgerichteter.<\/p>\n<p>Eine weitere Ver\u00e4nderung im Leben der jungen Katze, die die Beziehung zu anderen, insbesondere aber die Beziehung zu anderen Katzen betrifft, ist die soziale Reife. Diese tritt nach etwa zwei bis vier Jahren ein, wenn die Katze als ausgewachsen gilt. Die soziale Reife ist die Zeit, in der eine freilebende Katze beginnt, ihr Territorium zu verteidigen. F\u00fcr Hauskatzen kann das bedeuten, dass zuvor harmonierende Paare oder Gruppen von Katzen pl\u00f6tzlich beginnen, um Ressourcen und R\u00e4umlichkeiten zu konkurrieren. Aufgrund der Tatsache, dass die soziale Reife bei einer Katze so sp\u00e4t eintritt, gibt es leider keine Garantie, dass Kitten die harmonisch zusammen aufwachsen, auch weiterhin als Ausgewachsene gut miteinander harmonieren. Indem Du als Katzenbesitzer aktiv daran arbeitest, das Aufkommen von Konkurrenz und Konflikten um die Ressourcen des Hauses zu verhindern, kannst Du das Risiko von Problemen verringern, sobald die soziale Reife eintritt. Das Wichtigste ist dann sicherzustellen, dass alle Katzen Zugang zu den R\u00e4umlichkeiten und Ressourcen haben, die sie ben\u00f6tigen, um sich gut zu f\u00fchlen.<\/p>\n\t\t\t<\/div>\n\t\t<\/div>\n\t<\/div>\n\n\n\n\t<section class=\"block related-articles\">\n\t\t<div class=\"container\">\n\t\t\t<h2>Entdecke weitere Artikel<\/h2>\n\t\t\t<div class=\"row justify-content-center\">\n\t\t\t\t\t\t\t\t\t\t<div class=\"col-sm-6 col-md-6 col-lg-3\">\n\t\t\t\t\t\t\t\t\t\t\t\t\t\t<div class=\"card \">\n\t\t\t\t\t\t\t\t\t\t\t\t\t\t\t\t\t<img decoding=\"async\"  src=\"https:\/\/bozita.com\/de\/wp-content\/uploads\/sites\/8\/2021\/08\/bozita-kattens-kroppssprak.jpg\" alt=\"\">\n\t\t\t\t\t\t\t\t\t\t\t\t\t\t\t\t\t<!-- <img decoding=\"async\" src=\"\n\t\t\t\t\t\t\t\t\t\t\t\t\t\t\t\t\t\t\t\t\" alt=\"\n\t\t\t\t\t\t\t\t\t\t\t\t\t\t\t\t\t\t\t\t\t\t\t\t\t\t\t\"> -->\n\t\t\t\t\t\t\t\t<div class=\"card-body\">\n\t\t\t\t\t\t\t\t\t\t\t\t\t\t\t\t\t\t\t<h6>Katzenverhalten &amp; K\u00f6rpersprache von Katzen<\/h6>\n\t\t\t\t\t\t\t\t\t\t\t\t\t\t\t\t\t\t\t<a href=\"https:\/\/bozita.com\/de\/leben-mit-katze\/die-entwicklung-der-katze-2\/verhalten-und-korpersprache-von-katzen\/\">Weiterlesen &nbsp; ><\/a>\n\t\t\t\t\t\t\t\t<\/div>\n\t\t\t\t\t\t\t<\/div>\n\t\t\t\t\t\t<\/div>\n\n\t\t\t\t\t\t\t\t\t\t\t<div class=\"col-sm-6 col-md-6 col-lg-3\">\n\t\t\t\t\t\t\t\t\t\t\t\t\t\t<div class=\"card \">\n\t\t\t\t\t\t\t\t\t\t\t\t\t\t\t\t\t<img decoding=\"async\"  src=\"https:\/\/bozita.com\/de\/wp-content\/uploads\/sites\/8\/2021\/09\/bozita-introducera-katt-till-nytt-hem.jpg\" alt=\"\">\n\t\t\t\t\t\t\t\t\t\t\t\t\t\t\t\t\t<!-- <img decoding=\"async\" src=\"\n\t\t\t\t\t\t\t\t\t\t\t\t\t\t\t\t\t\t\t\t\" alt=\"\n\t\t\t\t\t\t\t\t\t\t\t\t\t\t\t\t\t\t\t\t\t\t\t\t\t\t\t\"> -->\n\t\t\t\t\t\t\t\t<div class=\"card-body\">\n\t\t\t\t\t\t\t\t\t\t\t\t\t\t\t\t\t\t\t<h6>Katze an neues Zuhause gew\u00f6hnen \u2013 Vorbereitungen<\/h6>\n\t\t\t\t\t\t\t\t\t\t\t\t\t\t\t\t\t\t\t<a href=\"https:\/\/bozita.com\/de\/leben-mit-katze\/katze-kaufen\/gewohnung-der-katze-an-ein-neues-zuhause\/\">Weiterlesen &nbsp; ><\/a>\n\t\t\t\t\t\t\t\t<\/div>\n\t\t\t\t\t\t\t<\/div>\n\t\t\t\t\t\t<\/div>\n\n\t\t\t\t\t\t\t\t\t\t\t<div class=\"col-sm-6 col-md-6 col-lg-3\">\n\t\t\t\t\t\t\t\t\t\t\t\t\t\t<div class=\"card \">\n\t\t\t\t\t\t\t\t\t\t\t\t\t\t\t\t\t<img decoding=\"async\"  src=\"https:\/\/bozita.com\/de\/wp-content\/uploads\/sites\/8\/2021\/08\/bozita-kattens-historia-domesticering.jpg\" alt=\"\">\n\t\t\t\t\t\t\t\t\t\t\t\t\t\t\t\t\t<!-- <img decoding=\"async\" src=\"\n\t\t\t\t\t\t\t\t\t\t\t\t\t\t\t\t\t\t\t\t\" alt=\"\n\t\t\t\t\t\t\t\t\t\t\t\t\t\t\t\t\t\t\t\t\t\t\t\t\t\t\t\"> -->\n\t\t\t\t\t\t\t\t<div class=\"card-body\">\n\t\t\t\t\t\t\t\t\t\t\t\t\t\t\t\t\t\t\t<h6>Die Geschichte der Katze als Haustier des Menschen<\/h6>\n\t\t\t\t\t\t\t\t\t\t\t\t\t\t\t\t\t\t\t<a href=\"https:\/\/bozita.com\/de\/leben-mit-katze\/die-entwicklung-der-katze-2\/the-history-of-the-cat\/\">Weiterlesen &nbsp; ><\/a>\n\t\t\t\t\t\t\t\t<\/div>\n\t\t\t\t\t\t\t<\/div>\n\t\t\t\t\t\t<\/div>\n\n\t\t\t\t\t\t\t\t\t\t\t\t<\/div>\n\t\t<\/div>\n\t<\/section>\n","protected":false},"excerpt":{"rendered":"","protected":false},"author":1,"featured_media":0,"parent":6914,"menu_order":0,"comment_status":"closed","ping_status":"closed","template":"guternberg.php","meta":{"footnotes":""},"acf":[],"yoast_head":"<!-- This site is optimized with the Yoast SEO plugin v21.3 - https:\/\/yoast.com\/wordpress\/plugins\/seo\/ -->\n<title>Katzenentwicklung \u2013 Wann sind Katzen ausgewachsen? | Bozita DE<\/title>\n<meta name=\"description\" content=\"Katzenbabys Entwicklung \u2013 was passiert zu welcher Zeit und wann sind Katzen ausgewachsen? Bozita gibt die Antworten.\" \/>\n<meta name=\"robots\" content=\"index, follow, max-snippet:-1, max-image-preview:large, max-video-preview:-1\" \/>\n<link rel=\"canonical\" href=\"https:\/\/bozita.com\/de\/leben-mit-katze\/die-entwicklung-der-katze\/wann-sind-katzen-ausgewachsen\/\" \/>\n<meta property=\"og:locale\" content=\"de_DE\" \/>\n<meta property=\"og:type\" content=\"article\" \/>\n<meta property=\"og:title\" content=\"Katzenentwicklung \u2013 Wann sind Katzen ausgewachsen? | Bozita DE\" \/>\n<meta property=\"og:description\" content=\"Katzenbabys Entwicklung \u2013 was passiert zu welcher Zeit und wann sind Katzen ausgewachsen? Bozita gibt die Antworten.\" \/>\n<meta property=\"og:url\" content=\"https:\/\/bozita.com\/de\/leben-mit-katze\/die-entwicklung-der-katze\/wann-sind-katzen-ausgewachsen\/\" \/>\n<meta property=\"og:site_name\" content=\"Bozita DE\" \/>\n<meta property=\"article:modified_time\" content=\"2022-07-19T07:37:30+00:00\" \/>\n<meta name=\"twitter:card\" content=\"summary_large_image\" \/>\n<!-- \/ Yoast SEO plugin. -->","yoast_head_json":{"title":"Katzenentwicklung \u2013 Wann sind Katzen ausgewachsen? | Bozita DE","description":"Katzenbabys Entwicklung \u2013 was passiert zu welcher Zeit und wann sind Katzen ausgewachsen? Bozita gibt die Antworten.","robots":{"index":"index","follow":"follow","max-snippet":"max-snippet:-1","max-image-preview":"max-image-preview:large","max-video-preview":"max-video-preview:-1"},"canonical":"https:\/\/bozita.com\/de\/leben-mit-katze\/die-entwicklung-der-katze\/wann-sind-katzen-ausgewachsen\/","og_locale":"de_DE","og_type":"article","og_title":"Katzenentwicklung \u2013 Wann sind Katzen ausgewachsen? | Bozita DE","og_description":"Katzenbabys Entwicklung \u2013 was passiert zu welcher Zeit und wann sind Katzen ausgewachsen? Bozita gibt die Antworten.","og_url":"https:\/\/bozita.com\/de\/leben-mit-katze\/die-entwicklung-der-katze\/wann-sind-katzen-ausgewachsen\/","og_site_name":"Bozita DE","article_modified_time":"2022-07-19T07:37:30+00:00","twitter_card":"summary_large_image","schema":{"@context":"https:\/\/schema.org","@graph":[{"@type":"WebPage","@id":"https:\/\/bozita.com\/de\/leben-mit-katze\/die-entwicklung-der-katze\/wann-sind-katzen-ausgewachsen\/","url":"https:\/\/bozita.com\/de\/leben-mit-katze\/die-entwicklung-der-katze\/wann-sind-katzen-ausgewachsen\/","name":"Katzenentwicklung \u2013 Wann sind Katzen ausgewachsen? | Bozita DE","isPartOf":{"@id":"https:\/\/bozita.com\/de\/#website"},"datePublished":"2021-09-23T07:04:43+00:00","dateModified":"2022-07-19T07:37:30+00:00","description":"Katzenbabys Entwicklung \u2013 was passiert zu welcher Zeit und wann sind Katzen ausgewachsen? Bozita gibt die Antworten.","breadcrumb":{"@id":"https:\/\/bozita.com\/de\/leben-mit-katze\/die-entwicklung-der-katze\/wann-sind-katzen-ausgewachsen\/#breadcrumb"},"inLanguage":"de","potentialAction":[{"@type":"ReadAction","target":["https:\/\/bozita.com\/de\/leben-mit-katze\/die-entwicklung-der-katze\/wann-sind-katzen-ausgewachsen\/"]}]},{"@type":"BreadcrumbList","@id":"https:\/\/bozita.com\/de\/leben-mit-katze\/die-entwicklung-der-katze\/wann-sind-katzen-ausgewachsen\/#breadcrumb","itemListElement":[{"@type":"ListItem","position":1,"name":"Startseite","item":"https:\/\/bozita.com\/de\/"},{"@type":"ListItem","position":2,"name":"Leben mit Katze","item":"https:\/\/bozita.com\/de\/leben-mit-katze\/"},{"@type":"ListItem","position":3,"name":"Die Entwicklung der Katze","item":"https:\/\/bozita.com\/de\/leben-mit-katze\/die-entwicklung-der-katze\/"},{"@type":"ListItem","position":4,"name":"Katzenentwicklung \u2013 Wann sind Katzen ausgewachsen?"}]},{"@type":"WebSite","@id":"https:\/\/bozita.com\/de\/#website","url":"https:\/\/bozita.com\/de\/","name":"Bozita DE","description":"","potentialAction":[{"@type":"SearchAction","target":{"@type":"EntryPoint","urlTemplate":"https:\/\/bozita.com\/de\/?s={search_term_string}"},"query-input":"required name=search_term_string"}],"inLanguage":"de"}]}},"_links":{"self":[{"href":"https:\/\/bozita.com\/de\/wp-json\/wp\/v2\/pages\/6912"}],"collection":[{"href":"https:\/\/bozita.com\/de\/wp-json\/wp\/v2\/pages"}],"about":[{"href":"https:\/\/bozita.com\/de\/wp-json\/wp\/v2\/types\/page"}],"author":[{"embeddable":true,"href":"https:\/\/bozita.com\/de\/wp-json\/wp\/v2\/users\/1"}],"replies":[{"embeddable":true,"href":"https:\/\/bozita.com\/de\/wp-json\/wp\/v2\/comments?post=6912"}],"version-history":[{"count":9,"href":"https:\/\/bozita.com\/de\/wp-json\/wp\/v2\/pages\/6912\/revisions"}],"predecessor-version":[{"id":17226,"href":"https:\/\/bozita.com\/de\/wp-json\/wp\/v2\/pages\/6912\/revisions\/17226"}],"up":[{"embeddable":true,"href":"https:\/\/bozita.com\/de\/wp-json\/wp\/v2\/pages\/6914"}],"wp:attachment":[{"href":"https:\/\/bozita.com\/de\/wp-json\/wp\/v2\/media?parent=6912"}],"curies":[{"name":"wp","href":"https:\/\/api.w.org\/{rel}","templated":true}]}}