{"id":6913,"date":"2021-09-23T07:02:24","date_gmt":"2021-09-23T07:02:24","guid":{"rendered":"https:\/\/bozita.com\/de\/reisen-und-urlaub-mit-katze-so-klappt-es\/"},"modified":"2024-08-12T11:59:30","modified_gmt":"2024-08-12T11:59:30","slug":"reisen-und-urlaub-mit-katze-so-klappt-es","status":"publish","type":"page","link":"https:\/\/bozita.com\/de\/leben-mit-katze\/die-entwicklung-der-katze\/reisen-und-urlaub-mit-katze-so-klappt-es\/","title":{"rendered":"Urlaub mit Katze \u2013\u00a0das sollten Sie wissen"},"content":{"rendered":"\t\t<section class=\"small-hero\">\n\t\t\t<div class=\"container\">\n\t\t\t\t<h1 class=\"small-hero-title\">Reisen und Urlaub mit Katze \u2013 so klappt es<\/h1>\t\t\t<\/div>\n\t\t\t<\/div>\n\t\t<\/section>\n\t\n\n\t<div class=\"text-box-warp\">\n\t\t<div class=\"container\">\n\t\t\t<div class=\"text-content\">\n\t\t\t\t<p>Eine Reise oder ein Urlaub mit Katze ben\u00f6tigt immer eine gute Vorbereitung \u2013 egal, wie lang die Reisestrecke ist, wie viele Tage du von zu Hause wegbleibst und ob du mit dem Tier Auto, Zug oder Bus fahren oder gar fliegen m\u00f6chtest. Verreist du ins Ausland, solltest du auch die geltenden Regelungen des Reiseziels kennen, z. B. welche Impfungen f\u00fcr deinen Liebling verpflichtend sind.<\/p>\n<h2>MIT KATZEN REISEN \u2013 DARAN SOLLTEST DU IM VORHINEIN DENKEN<\/h2>\n<p>Katzen reagieren empfindlich auf Ver\u00e4nderungen, sodass es nicht immer ratsam ist, das Tier in den Urlaub oder auf eine l\u00e4ngere Reise mitzunehmen \u2013 mit Katzen reisen bedeutet, dass das Wohlergehen deines Tieres immer an erster Stelle stehen sollte. Wenn du das Gef\u00fchl hast, dass sich dein Stubentiger mit einem Ortswechsel nicht wohlf\u00fchlen wird, ist es oftmals besser, ihn in der Umgebung zu lassen, in der er sich wohl und sicher f\u00fchlt.<\/p>\n<p>Katzen k\u00f6nnen nicht f\u00fcr sich selbst sorgen, weshalb du dein Tier auch nicht allein lassen darfst, wenn du in den Urlaub f\u00e4hrst. In Deutschland gelten gewisse Regeln, wie lange ein Tier ohne Aufsicht bleiben darf \u2013 dies gilt auch f\u00fcr den sozialen Kontakt und beschr\u00e4nkt sich nicht nur auf die Versorgung mit Futter und Wasser.<\/p>\n<p><strong>Lies auch<\/strong><\/p>\n<ul>\n<li><a title=\"Wie lange kann man eine katze allein lassen\" href=\"https:\/\/bozita.com\/de\/leben-mit-katze\/katze-kaufen\/wie-lange-kann-man-eine-katze-allein-lassen\/\" data-udi=\"umb:\/\/document\/0b37d5a9e3634f49b6f81fd9d1c3b203\">Wie lange kann man eine Katze allein lassen?<\/a><\/li>\n<\/ul>\n\t\t\t<\/div>\n\t\t<\/div>\n\t<\/div>\n\n\n\t<section class=\"media-object-wrap\">\n\t\t<div class=\"container\">\n\t\t\t<div class=\"media-object\">\n\t\t\t\t<div class=\"row row-eq-height align-items-stretch\">\n\t\t\t\t\t<div class=\"col-md-5\">\n\t\t\t\t\t\t\t\t\t\t\t\t\t<img decoding=\"async\" src=\"https:\/\/bozita.com\/de\/wp-content\/uploads\/sites\/8\/2024\/08\/shutterstock_1311139889-scaled.jpg\" alt=\"\">\n\t\t\t\t\t\t\t\t\t\t\t\t<\/div>\n\t\t\t\t\t<div class=\"col-md-7 d-flex align-items-center\">\n\t\t\t\t\t\t<div class=\"media-content\">\n\t\t\t\t\t\t<h2>MIT DER KATZE INS AUSLAND REISEN<\/h2>\n<p>Wenn du mit deiner Katze ins Ausland reisen m\u00f6chtest, solltest du daran denken, dass sich die Einfuhrregeln und Impfbedingungen von Land zu Land unterscheiden k\u00f6nnen. Zudem kann es einige Zeit dauern, bis die Impfstoffe einen vollst\u00e4ndigen Schutz bieten, weshalb du nicht zu sp\u00e4t impfen lassen solltest.<\/p>\n<p>Mit Katzen reisen ist innerhalb der EU relativ einfach. Alle EU-L\u00e4nder verlangen eine g\u00fcltige Tollwutimpfung, eine Kennzeichnung mit Mikrochip sowie einen g\u00fcltigen EU-Heimtierausweis. Dieses Dokument wird vom Tierarzt ausgestellt, sofern alle Anforderungen erf\u00fcllt sind. Dar\u00fcber hinaus gelten spezifische Regeln in L\u00e4ndern, in denen der Fuchs-Zwergbandwurm beheimatet ist.<\/p>\n<p>Ausf\u00fchrliche Regelungen zu Auslandsreisen mit einer Katze findest du jederzeit auf der Website des Bundesministeriums f\u00fcr Ern\u00e4hrung und Landwirtschaft oder beim Deutschen Tierschutzbund e.V..<\/p>\n<ul>\n<li><a href=\"https:\/\/www.bmel.de\/DE\/themen\/tiere\/haus-und-zootiere\/heimtierausweis.html\">Lies mehr zu den Bestimmungen bei Reisen mit Katze innerhalb der EU auf den Seiten des Bundesministeriums f\u00fcr Ern\u00e4hrung und Landwirtschaft<\/a><\/li>\n<li><a href=\"https:\/\/www.tierschutzbund.de\/information\/hintergrund\/heimtiere\/urlaub-mit-heimtieren\/urlaub-ausserhalb-der-eu\/\">Lies mehr zu den Bestimmungen bei Reisen mit Katze au\u00dferhalb der EU auf den Seiten des Deutschen Tierschutzbunds e.V.<\/a><\/li>\n<\/ul>\n<p><strong>Lies auch<\/strong><\/p>\n<ul>\n<li><a href=\"https:\/\/bozita.com\/de\/leben-mit-katze\/katze-kaufen\/katze-chippen-und-registrieren-lassen-deshalb-ist-es-so-wichtig\/\">Katze chippen und registrieren lassen \u2013 deshalb ist es so wichtig<\/a><\/li>\n<\/ul>\n\t\t\t\t\t\t<\/div>\n\t\t\t\t\t<\/div>\n\t\t\t\t<\/div>\n\t\t\t<\/div>\n\t\t<\/div>\n\t<\/section>\n   \n\n\n\t<div class=\"text-box-warp\">\n\t\t<div class=\"container\">\n\t\t\t<div class=\"text-content\">\n\t\t\t\t<h2>DAS FLIEGEN MIT KATZE SOLLTE GUT VORBEREITET WERDEN<\/h2>\n<p>Prinzipiell solltest du sorgf\u00e4ltig dar\u00fcber nachdenken, bevor du mit einer Katze fliegst, denn es ist nicht sicher, ob das empfindliche Tier gut mit einem langen Flug zurechtkommt.<\/p>\n<p>Nicht zu empfehlen ist die Gabe beruhigender Medikamente \u2013 es gibt sogar Fluggesellschaften, die dies grunds\u00e4tzlich verbieten. Allerdings k\u00f6nnen andere Mittel, beispielsweise Pheromonsprays, dabei helfen, deine Katze zu beruhigen und w\u00e4hrend der gesamten Reise ruhig zu halten.<\/p>\n<p>Damit die Katze fliegen darf, ben\u00f6tigt sie ein spezielles Flugticket. Die meisten Airlines gestatten Katzen in der Kabine, doch es gibt auch welche, die Tiere ausschlie\u00dflich im Frachtraum dulden. Zudem gelten Beschr\u00e4nkungen, wie viel deine Katze wiegen und welche Ma\u00dfe die Transportbox haben darf.<\/p>\n<p>Erkundige dich rechtzeitig vor einer Reise bzw. einem Urlaub mit Katze und kontaktiere im Zweifelsfall die Fluggesellschaft. So ist das Fliegen mit Katze gut vorbereitet.<\/p>\n<h2>MIT KATZEN REISEN \u2013 AUTO, ZUG ODER BUS FAHREN<\/h2>\n<p>Wenn du gemeinsam mit deiner Katze Auto, Zug oder Bus fahren m\u00f6chtest, empfiehlt sich der Transport in einer sicheren Box mit guter Luftzufuhr sowie ausreichend Platz, damit sich das Tier bequem hinlegen, aufstehen und drehen kann.<\/p>\n<p>Sofern m\u00f6glich sollte die Katze w\u00e4hrend der gesamten Fahrt jederzeit frisches Wasser trinken k\u00f6nnen, z. B. aus speziell geformten Reisesch\u00e4lchen, aus denen das Wasser nicht herauslaufen kann. Alternativ solltest du der Katze mindestens alle sechs Stunden die M\u00f6glichkeit zum Trinken geben. Vermeide hingegen, das Tier direkt vor der Abfahrt zu f\u00fcttern, da viele Katzen aufgrund von Reisekrankheit oder vor Nervosit\u00e4t erbrechen m\u00fcssen.<\/p>\n<p>Einige Katzen k\u00f6nnen die ungewohnten Ger\u00e4usche von Auto, Zug oder Bus als unangenehm empfinden. Sofern m\u00f6glich richte die Transportbox mit der \u00d6ffnung zu dir, sodass deine Katze dich w\u00e4hrend der Fahrt sehen kann. Du kannst auch die Lieblingsdecke, ein Spielzeug oder etwas anderes mit einem bekannten Geruch hineinlegen, damit sich die Katze wohl und sicher f\u00fchlt.<\/p>\n<p>Wenn Du selbst am Steuer sitzt, w\u00e4hrend du mit deiner Katze unterwegs bist, lege regelm\u00e4\u00dfige Pausen ein, sodass ihr beide hin und wieder frische Luft schnappen k\u00f6nnt. Lasse dein Tier niemals alleine im Auto, vor allem nicht an hei\u00dfen Tagen, da die Innentemperatur oftmals schnell ansteigt, was \u00e4u\u00dferst gef\u00e4hrlich werden kann.<\/p>\n<p>Reist du mit deiner Katze mit dem Auto ins Ausland, solltest du die g\u00fcltigen Regeln des jeweiligen Landes kennen, wie deine Katze im Auto transportiert werden darf. Mitunter ist es gesetzlich vorgeschrieben, wie die Transportbox aussehen muss.<\/p>\n\t\t\t<\/div>\n\t\t<\/div>\n\t<\/div>\n\n\n\t<section class=\"block section-promos\">\n\t\t<div class=\"container\">\n\t\t\t<div class=\"row\">\n\t\t\t\t\t\t\t\t\t\t<div class=\"col-md-6\">\n\t\t\t\t\t\t\t<div class=\"card\">\n\t\t\t\t\t\t\t\t\t\t\t\t\t\t\t\t\t<img decoding=\"async\" class=\"card-img-top\" src=\"https:\/\/bozita.com\/de\/wp-content\/uploads\/sites\/8\/2024\/08\/Katze-Nassfutter-scaled.jpg\" alt=\"\">\n\t\t\t\t\t\t\t\t\t\t\t\t\t\t\t\t<div class=\"card-body\">\n\t\t\t\t\t\t\t\t\t<h5 class=\"card-title\">Bozita Nassfutter Katze<\/h5>\n\t\t\t\t\t\t\t\t\t<p class=\"card-text\"><\/p>\n\t\t\t\t\t\t\t\t\t\t\t\t\t\t\t\t\t\t\t<a target=\"_blank\" href=\"https:\/\/www.bozita-shop.de\/Katzen\/Katzenfutter-nass:::163_171.html\" class=\"btn btn-white\">ONLINE KAUFEN<\/a>\n\t\t\t\t\t\t\t\t\t\t\t\t\t\t\t\t\t\t<\/div>\n\t\t\t\t\t\t\t<\/div>\n\t\t\t\t\t\t<\/div>\n\t\t\t\t\t\t\t\t\t\t\t\t<div class=\"col-md-6\">\n\t\t\t\t\t\t\t<div class=\"card\">\n\t\t\t\t\t\t\t\t\t\t\t\t\t\t\t\t\t<img decoding=\"async\" class=\"card-img-top\" src=\"https:\/\/bozita.com\/de\/wp-content\/uploads\/sites\/8\/2024\/08\/Katze-Trockenfutter-scaled.jpg\" alt=\"\">\n\t\t\t\t\t\t\t\t\t\t\t\t\t\t\t\t<div class=\"card-body\">\n\t\t\t\t\t\t\t\t\t<h5 class=\"card-title\">Bozita Trockenfutter Katze<\/h5>\n\t\t\t\t\t\t\t\t\t<p class=\"card-text\"><\/p>\n\t\t\t\t\t\t\t\t\t\t\t\t\t\t\t\t\t\t\t<a target=\"_blank\" href=\"https:\/\/www.bozita-shop.de\/Katzen\/Katzenfutter-trocken:::163_175.html\" class=\"btn btn-white\">ONLINE KAUFEN<\/a>\n\t\t\t\t\t\t\t\t\t\t\t\t\t\t\t\t\t\t<\/div>\n\t\t\t\t\t\t\t<\/div>\n\t\t\t\t\t\t<\/div>\n\t\t\t\t\t\t\t\t\t<\/div>\n\t\t<\/div>\n\t<\/section>\n\n\n\n\t<section class=\"block related-articles\">\n\t\t<div class=\"container\">\n\t\t\t<h2>Entdecke weitere Artikel <\/h2>\n\t\t\t<div class=\"row justify-content-center\">\n\t\t\t\t\t\t\t\t\t\t<div class=\"col-sm-6 col-md-6 col-lg-3\">\n\t\t\t\t\t\t\t\t\t\t\t\t\t\t<div class=\"card \">\n\t\t\t\t\t\t\t\t\t\t\t\t\t\t\t\t\t<img decoding=\"async\"  src=\"https:\/\/bozita.com\/de\/wp-content\/uploads\/sites\/8\/2021\/08\/bozita-kattens-kroppssprak.jpg\" alt=\"\">\n\t\t\t\t\t\t\t\t\t\t\t\t\t\t\t\t\t<!-- <img decoding=\"async\" src=\"\n\t\t\t\t\t\t\t\t\t\t\t\t\t\t\t\t\t\t\t\t\" alt=\"\n\t\t\t\t\t\t\t\t\t\t\t\t\t\t\t\t\t\t\t\t\t\t\t\t\t\t\t\"> -->\n\t\t\t\t\t\t\t\t<div class=\"card-body\">\n\t\t\t\t\t\t\t\t\t\t\t\t\t\t\t\t\t\t\t<h6>Katzenverhalten &amp; K\u00f6rpersprache von Katzen<\/h6>\n\t\t\t\t\t\t\t\t\t\t\t\t\t\t\t\t\t\t\t<a href=\"https:\/\/bozita.com\/de\/leben-mit-katze\/die-entwicklung-der-katze-2\/verhalten-und-korpersprache-von-katzen\/\">Weiterlesen &nbsp; ><\/a>\n\t\t\t\t\t\t\t\t<\/div>\n\t\t\t\t\t\t\t<\/div>\n\t\t\t\t\t\t<\/div>\n\n\t\t\t\t\t\t\t\t\t\t\t<div class=\"col-sm-6 col-md-6 col-lg-3\">\n\t\t\t\t\t\t\t\t\t\t\t\t\t\t<div class=\"card \">\n\t\t\t\t\t\t\t\t\t\t\t\t\t\t\t\t\t<img decoding=\"async\"  src=\"https:\/\/bozita.com\/de\/wp-content\/uploads\/sites\/8\/2021\/09\/bozita-vaccinera-katt.jpg\" alt=\"\">\n\t\t\t\t\t\t\t\t\t\t\t\t\t\t\t\t\t<!-- <img decoding=\"async\" src=\"\n\t\t\t\t\t\t\t\t\t\t\t\t\t\t\t\t\t\t\t\t\" alt=\"\n\t\t\t\t\t\t\t\t\t\t\t\t\t\t\t\t\t\t\t\t\t\t\t\t\t\t\t\"> -->\n\t\t\t\t\t\t\t\t<div class=\"card-body\">\n\t\t\t\t\t\t\t\t\t\t\t\t\t\t\t\t\t\t\t<h6>Katzen impfen lassen &#8211; wann und wie oft?<\/h6>\n\t\t\t\t\t\t\t\t\t\t\t\t\t\t\t\t\t\t\t<a href=\"https:\/\/bozita.com\/de\/leben-mit-katze\/katzengesundheit\/katzen-impfen-lassen\/\">Weiterlesen &nbsp; ><\/a>\n\t\t\t\t\t\t\t\t<\/div>\n\t\t\t\t\t\t\t<\/div>\n\t\t\t\t\t\t<\/div>\n\n\t\t\t\t\t\t\t\t\t\t\t<div class=\"col-sm-6 col-md-6 col-lg-3\">\n\t\t\t\t\t\t\t\t\t\t\t\t\t\t<div class=\"card \">\n\t\t\t\t\t\t\t\t\t\t\t\t\t\t\t\t\t<img decoding=\"async\"  src=\"https:\/\/bozita.com\/de\/wp-content\/uploads\/sites\/8\/2021\/08\/bozita-trana-katt-kattunge.jpg\" alt=\"\">\n\t\t\t\t\t\t\t\t\t\t\t\t\t\t\t\t\t<!-- <img decoding=\"async\" src=\"\n\t\t\t\t\t\t\t\t\t\t\t\t\t\t\t\t\t\t\t\t\" alt=\"\n\t\t\t\t\t\t\t\t\t\t\t\t\t\t\t\t\t\t\t\t\t\t\t\t\t\t\t\"> -->\n\t\t\t\t\t\t\t\t<div class=\"card-body\">\n\t\t\t\t\t\t\t\t\t\t\t\t\t\t\t\t\t\t\t<h6>Kann man eine Katze oder ein Kitten trainieren?<\/h6>\n\t\t\t\t\t\t\t\t\t\t\t\t\t\t\t\t\t\t\t<a href=\"https:\/\/bozita.com\/de\/leben-mit-katze\/die-entwicklung-der-katze-2\/kann-man-eine-katze-oder-ein-kitten-trainieren\/\">Weiterlesen &nbsp; ><\/a>\n\t\t\t\t\t\t\t\t<\/div>\n\t\t\t\t\t\t\t<\/div>\n\t\t\t\t\t\t<\/div>\n\n\t\t\t\t\t\t\t\t\t\t\t\t<\/div>\n\t\t<\/div>\n\t<\/section>\n","protected":false},"excerpt":{"rendered":"","protected":false},"author":1,"featured_media":0,"parent":6914,"menu_order":0,"comment_status":"closed","ping_status":"closed","template":"guternberg.php","meta":{"footnotes":""},"acf":[],"yoast_head":"<!-- This site is optimized with the Yoast SEO plugin v21.3 - https:\/\/yoast.com\/wordpress\/plugins\/seo\/ -->\n<title>Urlaub mit Katze \u2013\u00a0das sollten Sie wissen | Bozita DE<\/title>\n<meta name=\"description\" content=\"Tipps &amp; Tricks zum Urlaub mit Katze. Fliegen mit Katze, Auto, Bus oder Zug fahren \u2013 mit Katzen reisen:\u00a0in Deutschland sowie innerhalb \/ au\u00dferhalb der EU.\" \/>\n<meta name=\"robots\" content=\"index, follow, max-snippet:-1, max-image-preview:large, max-video-preview:-1\" \/>\n<link rel=\"canonical\" href=\"https:\/\/bozita.com\/de\/leben-mit-katze\/die-entwicklung-der-katze\/reisen-und-urlaub-mit-katze-so-klappt-es\/\" \/>\n<meta property=\"og:locale\" content=\"de_DE\" \/>\n<meta property=\"og:type\" content=\"article\" \/>\n<meta property=\"og:title\" content=\"Urlaub mit Katze \u2013\u00a0das sollten Sie wissen | Bozita DE\" \/>\n<meta property=\"og:description\" content=\"Tipps &amp; Tricks zum Urlaub mit Katze. Fliegen mit Katze, Auto, Bus oder Zug fahren \u2013 mit Katzen reisen:\u00a0in Deutschland sowie innerhalb \/ au\u00dferhalb der EU.\" \/>\n<meta property=\"og:url\" content=\"https:\/\/bozita.com\/de\/leben-mit-katze\/die-entwicklung-der-katze\/reisen-und-urlaub-mit-katze-so-klappt-es\/\" \/>\n<meta property=\"og:site_name\" content=\"Bozita DE\" \/>\n<meta property=\"article:modified_time\" content=\"2024-08-12T11:59:30+00:00\" \/>\n<meta name=\"twitter:card\" content=\"summary_large_image\" \/>\n<!-- \/ Yoast SEO plugin. -->","yoast_head_json":{"title":"Urlaub mit Katze \u2013\u00a0das sollten Sie wissen | Bozita DE","description":"Tipps & Tricks zum Urlaub mit Katze. Fliegen mit Katze, Auto, Bus oder Zug fahren \u2013 mit Katzen reisen:\u00a0in Deutschland sowie innerhalb \/ au\u00dferhalb der EU.","robots":{"index":"index","follow":"follow","max-snippet":"max-snippet:-1","max-image-preview":"max-image-preview:large","max-video-preview":"max-video-preview:-1"},"canonical":"https:\/\/bozita.com\/de\/leben-mit-katze\/die-entwicklung-der-katze\/reisen-und-urlaub-mit-katze-so-klappt-es\/","og_locale":"de_DE","og_type":"article","og_title":"Urlaub mit Katze \u2013\u00a0das sollten Sie wissen | Bozita DE","og_description":"Tipps & Tricks zum Urlaub mit Katze. Fliegen mit Katze, Auto, Bus oder Zug fahren \u2013 mit Katzen reisen:\u00a0in Deutschland sowie innerhalb \/ au\u00dferhalb der EU.","og_url":"https:\/\/bozita.com\/de\/leben-mit-katze\/die-entwicklung-der-katze\/reisen-und-urlaub-mit-katze-so-klappt-es\/","og_site_name":"Bozita DE","article_modified_time":"2024-08-12T11:59:30+00:00","twitter_card":"summary_large_image","schema":{"@context":"https:\/\/schema.org","@graph":[{"@type":"WebPage","@id":"https:\/\/bozita.com\/de\/leben-mit-katze\/die-entwicklung-der-katze\/reisen-und-urlaub-mit-katze-so-klappt-es\/","url":"https:\/\/bozita.com\/de\/leben-mit-katze\/die-entwicklung-der-katze\/reisen-und-urlaub-mit-katze-so-klappt-es\/","name":"Urlaub mit Katze \u2013\u00a0das sollten Sie wissen | Bozita DE","isPartOf":{"@id":"https:\/\/bozita.com\/de\/#website"},"datePublished":"2021-09-23T07:02:24+00:00","dateModified":"2024-08-12T11:59:30+00:00","description":"Tipps & Tricks zum Urlaub mit Katze. Fliegen mit Katze, Auto, Bus oder Zug fahren \u2013 mit Katzen reisen:\u00a0in Deutschland sowie innerhalb \/ au\u00dferhalb der EU.","breadcrumb":{"@id":"https:\/\/bozita.com\/de\/leben-mit-katze\/die-entwicklung-der-katze\/reisen-und-urlaub-mit-katze-so-klappt-es\/#breadcrumb"},"inLanguage":"de","potentialAction":[{"@type":"ReadAction","target":["https:\/\/bozita.com\/de\/leben-mit-katze\/die-entwicklung-der-katze\/reisen-und-urlaub-mit-katze-so-klappt-es\/"]}]},{"@type":"BreadcrumbList","@id":"https:\/\/bozita.com\/de\/leben-mit-katze\/die-entwicklung-der-katze\/reisen-und-urlaub-mit-katze-so-klappt-es\/#breadcrumb","itemListElement":[{"@type":"ListItem","position":1,"name":"Startseite","item":"https:\/\/bozita.com\/de\/"},{"@type":"ListItem","position":2,"name":"Leben mit Katze","item":"https:\/\/bozita.com\/de\/leben-mit-katze\/"},{"@type":"ListItem","position":3,"name":"Die Entwicklung der Katze","item":"https:\/\/bozita.com\/de\/leben-mit-katze\/die-entwicklung-der-katze\/"},{"@type":"ListItem","position":4,"name":"Urlaub mit Katze \u2013\u00a0das sollten Sie wissen"}]},{"@type":"WebSite","@id":"https:\/\/bozita.com\/de\/#website","url":"https:\/\/bozita.com\/de\/","name":"Bozita DE","description":"","potentialAction":[{"@type":"SearchAction","target":{"@type":"EntryPoint","urlTemplate":"https:\/\/bozita.com\/de\/?s={search_term_string}"},"query-input":"required name=search_term_string"}],"inLanguage":"de"}]}},"_links":{"self":[{"href":"https:\/\/bozita.com\/de\/wp-json\/wp\/v2\/pages\/6913"}],"collection":[{"href":"https:\/\/bozita.com\/de\/wp-json\/wp\/v2\/pages"}],"about":[{"href":"https:\/\/bozita.com\/de\/wp-json\/wp\/v2\/types\/page"}],"author":[{"embeddable":true,"href":"https:\/\/bozita.com\/de\/wp-json\/wp\/v2\/users\/1"}],"replies":[{"embeddable":true,"href":"https:\/\/bozita.com\/de\/wp-json\/wp\/v2\/comments?post=6913"}],"version-history":[{"count":22,"href":"https:\/\/bozita.com\/de\/wp-json\/wp\/v2\/pages\/6913\/revisions"}],"predecessor-version":[{"id":28758,"href":"https:\/\/bozita.com\/de\/wp-json\/wp\/v2\/pages\/6913\/revisions\/28758"}],"up":[{"embeddable":true,"href":"https:\/\/bozita.com\/de\/wp-json\/wp\/v2\/pages\/6914"}],"wp:attachment":[{"href":"https:\/\/bozita.com\/de\/wp-json\/wp\/v2\/media?parent=6913"}],"curies":[{"name":"wp","href":"https:\/\/api.w.org\/{rel}","templated":true}]}}