{"id":6914,"date":"2021-09-23T06:59:15","date_gmt":"2021-09-23T06:59:15","guid":{"rendered":"https:\/\/bozita.com\/de\/die-entwicklung-der-katze\/"},"modified":"2021-10-13T12:48:54","modified_gmt":"2021-10-13T12:48:54","slug":"die-entwicklung-der-katze","status":"publish","type":"page","link":"https:\/\/bozita.com\/de\/leben-mit-katze\/die-entwicklung-der-katze\/","title":{"rendered":"Die Entwicklung der Katze"},"content":{"rendered":"\t\t<section class=\"small-hero\">\n\t\t\t<div class=\"container\">\n\t\t\t\t<h1 class=\"small-hero-title\">Die Entwicklung der Katze<\/h1>\t\t\t<\/div>\n\t\t\t<\/div>\n\t\t<\/section>\n\t\n\n\t<div class=\"text-box-warp\">\n\t\t<div class=\"container\">\n\t\t\t<div class=\"text-content\">\n\t\t\t\t<p>Eine Katze zu haben ist wundersch\u00f6n und unterhaltsam zugleich, kann mitunter aber auch etwas schwierig sein. Als Katzenbesitzer fragst Du Dich sicherlich manchmal, was das Verhalten Deiner Katze zu bedeuten hat, ob zwei Katzen gut miteinander auskommen und wie Du am besten dazu beitragen kannst, dass sich ein Katzenbaby in seinem Zuhause und in seiner Familie wohlf\u00fchlt. Hier erh\u00e4ltst Du Antworten auf viele Deiner Fragen, Du kannst mehr zur Entwicklung und der Geschichte von Katzen erfahren sowie ein Verst\u00e4ndnis f\u00fcr das typische Verhalten von Katzen entwickeln. Unsere Experten bei Bozita geben ihre besten Ratschl\u00e4ge, wie Du Deiner Katze dabei helfen kannst, sich unter Menschen, Katzen, Hunden und anderen Tieren wohl zu f\u00fchlen \u2013 und vieles mehr.<\/p>\n<h2><a href=\"https:\/\/bozita.com\/de\/leben-mit-katze\/die-entwicklung-der-katze\/wie-lange-schlafen-katzen\/\">Wie lange schlafen Katzen?<\/a><\/h2>\n<p>Wie viele Stunden eine Katze am Tag schl\u00e4ft, ist individuell und h\u00e4ngt von mehreren Faktoren wie dem Alter, Aktivit\u00e4tsniveau und der Pers\u00f6nlichkeit ab. So ben\u00f6tigt beispielsweise eine \u00e4ltere Katze oder ein aktives Katzenbaby m\u00f6glicherweise mehr Schlaf als eine ruhige Wohnungskatze. Viele Haustierbesitzer sind besorgt, dass ihre Katze zu lange oder zu viel schl\u00e4ft. Tatsache ist jedoch, dass es sehr unwahrscheinlich ist, dass eine Katze zu viel schl\u00e4ft.<\/p>\n<h2><a href=\"https:\/\/bozita.com\/de\/leben-mit-katze\/die-entwicklung-der-katze\/reisen-und-urlaub-mit-katze-so-klappt-es\/\">Reisen und Urlaub mit Katze \u2013 so klappt es<\/a><\/h2>\n<p>Eine Reise oder ein Urlaub mit Katze ben\u00f6tigt immer eine gute Vorbereitung \u2013 egal, wie lang die Reisestrecke ist, wie viele Tage Du von zu Hause wegbleibst und ob Du mit dem Tier Auto, Zug oder Bus fahren oder gar fliegen m\u00f6chtest. Verreist Du ins Ausland, solltest Du auch die geltenden Regelungen des Reiseziels kennen, z. B. welche Impfungen f\u00fcr Deinen Liebling verpflichtend sind.<\/p>\n<h2><a href=\"https:\/\/bozita.com\/de\/leben-mit-hund\/die-gesundheit-des-hundes\/die-entwicklung-der-katze\/kann-man-eine-katze-oder-ein-kitten-trainieren\/\">Kann man eine Katze oder ein Kitten trainieren?<\/a><\/h2>\n<p>Ist es an der Zeit, zum Tierarzt oder in die Ferien zu fahren? F\u00fcr viele Katzen und Katzenbesitzer bedeutet das Stress, da Katzen Gewohnheitstiere sind und in der Vertrautheit ihrer Umgebung ihr Gef\u00fchl von Sicherheit entwickeln. Reisen oder Tierarztbesuche m\u00fcssen jedoch nicht unbedingt mit Angst und Stress einhergehen. Es gibt Methoden, mit denen Du Deine Katze bzw. Dein Katzenbaby trainieren kannst, um sie schneller an neue Dinge zu gew\u00f6hnen. So verringerst Du das Risiko, dass die Katze diese Art von Situation als negativ empfindet.<\/p>\n<h2><a href=\"https:\/\/bozita.com\/de\/leben-mit-hund\/die-gesundheit-des-hundes\/die-entwicklung-der-katze\/gewohne-katze-und-hund-in-drei-schritten-aneinander\/\">Gew\u00f6hne Katze und Hund in drei schritten aneinander<\/a><\/h2>\n<p>Hund und Katze aneinander zu gew\u00f6hnen funktioniert in den meisten F\u00e4llen reibungslos, doch ben\u00f6tigt es etwas \u00dcbung und Geduld, bis sie gut miteinander auskommen und zusammenleben k\u00f6nnen. Das Wichtigste sind die Sicherheit und die passenden Voraussetzungen f\u00fcr beide Tiere, sodass das Treffen zum m\u00f6glichst positiven Erlebnis wird und sie sich letztendlich gegenseitig akzeptieren. Im Folgenden findest Du drei einfache Schritte, die Du befolgen kannst, wenn Du Dir eine Katze anschaffen m\u00f6chtest und bereits einen Hund hast.<\/p>\n<h2><a href=\"https:\/\/bozita.com\/de\/leben-mit-hund\/die-gesundheit-des-hundes\/die-entwicklung-der-katze\/anatomie-und-physiologie-der-katze\/\">Anatomie und physiologie der katze<\/a><\/h2>\n<p>Es gibt viele verschiedene Katzenrassen und -arten, und trotzdem funktionieren ihre K\u00f6rper auf ungef\u00e4hr gleiche Weise. Genau wie andere Raubtiere sind sie mit schnellen Reflexen und gelenkigen K\u00f6rpern ausgestattet, um leicht vor gef\u00e4hrlichen Tieren fl\u00fcchten zu k\u00f6nnen und um auf Beutefang zu gehen. Um das Verhalten und die Funktionsweise ihres K\u00f6rpers zu verstehen, ist es sinnvoll, einige anatomische Fakten (Aufbau des K\u00f6rpers) und physiologische Abl\u00e4ufe zu Katzen zu kennen.<\/p>\n<h2><a href=\"https:\/\/bozita.com\/de\/leben-mit-katze\/die-entwicklung-der-katze\/wann-sind-katzen-ausgewachsen\/\">Wann sind Katzen ausgewachsen?<\/a><\/h2>\n<p>Die Kenntnis \u00fcber die verschiedenen Entwicklungsstadien des Katzenbabys auf dem Weg ins Erwachsenenalter hilft Dir als Tierhalter, auf m\u00f6gliche Ver\u00e4nderungen vorbereitet zu sein und die Umgebung der Katze entsprechend anzupassen. Die Vorbereitung auf eine katzenfreundliche Umgebung und regelm\u00e4\u00dfige Check-ups, ob diese an die aktuellen Bed\u00fcrfnisse der Katze angepasst ist, erh\u00f6hen auch die Chance auf eine fortw\u00e4hrend gute Beziehung.<\/p>\n<h2><a href=\"https:\/\/bozita.com\/de\/leben-mit-katze\/die-entwicklung-der-katze\/\">Die Geschichte der Katze<\/a><\/h2>\n<p>Katzen werden seit vielen Jahrtausenden domestiziert und haben sich mit der Zeit vom Sch\u00e4dlingsbek\u00e4mpfer zum hei\u00dfgeliebten Familienmitglied entwickelt.<\/p>\n<h2><a href=\"https:\/\/bozita.com\/de\/leben-mit-hund\/die-gesundheit-des-hundes\/die-entwicklung-der-katze\/verhalten-und-korpersprache-von-katzen\/\">Verhalten und K\u00f6rpersprache von Katzen<\/a><\/h2>\n<p>Als Katzenbesitzer ist es immer unterhaltsam, die K\u00f6rpersprache und das Verhalten Deiner Katze deuten zu lernen. K\u00f6rpersprache sagt mehr als tausend Worte und eine Katze kennt viele verschiedene Gem\u00fctszust\u00e4nde. Egal, ob Du ein erfahrener oder neuer Katzenbesitzer bist, kann es manchmal schwierig sein zu deuten, was Deine Katze f\u00fchlt und denkt \u2013 einige Zeichen sind unmissverst\u00e4ndlich, w\u00e4hrend andere eher subtil erscheinen. Indem Du Schwanz, Augen und Gesicht der Katze beobachtest, kannst Du ihre Signale verstehen lernen und dabei erkennen, wie das Tier gewisse Situationen wahrnimmt.<\/p>\n<h2><a href=\"https:\/\/bozita.com\/de\/leben-mit-katze\/die-entwicklung-der-katze\/zwei-oder-mehrere-katzen-aneinander-gewohnen\/\">Zwei oder mehrere katzen aneinander gew\u00f6hnen<\/a><\/h2>\n<p>Bozita\u00b4s Katzenexpertin Elin Hirsch hat einen Doktortitel in Verhaltensforschung mit Schwerpunkt Katzenverhalten. M\u00f6chtest Du Dir eine weitere Katze zulegen? In diesem Artikel erh\u00e4ltst Du Tipps und Ratschl\u00e4ge, wie es Dir gelingt, zwei oder mehrere Katzen aneinander zu gew\u00f6hnen!<\/p>\n<h2><a href=\"https:\/\/bozita.com\/de\/leben-mit-katze\/die-entwicklung-der-katze\/katzenbabys-entwicklung-und-sozialisierung\/\">Katzenbabys \u2013 Entwicklung und Sozialisierung<\/a><\/h2>\n<p>Bei der Anschaffung einer Katze gibt es in der ersten Zeit vieles zu bedenken, insbesondere hinsichtlich Katzenbabys und deren Entwicklung. Erlebnisse in der ersten Lebenszeit von Kitten haben gro\u00dfen Einfluss auf ihre Entwicklung und wie sie sich als ausgewachsenes Tier verhalten. Auch ihre Stressresistenz und die F\u00e4higkeit, mit neuen Situationen umzugehen, werden w\u00e4hrend dieses Zeitraums beeinflusst. Vor allem Ereignisse in der sogenannten \u201eSozialisierungsphase\u201c des Katzenbabys haben eine starke Bedeutung f\u00fcr das sp\u00e4tere Sozialverhalten, weshalb es wichtig ist, dass diese Phase m\u00f6glichst viele positive Erlebnisse beinhaltet, auch wenn sich die Beziehung zwischen Katzenbaby und Mensch weiterentwickelt, bis es vier Monat alt ist.<\/p>\n\t\t\t<\/div>\n\t\t<\/div>\n\t<\/div>\n\n\n\n\t<section class=\"block explore-other-topics\">\n\t<div class=\"container\">\n\t\t<h2>Entdecke weitere Themen<\/h2>\n\t\t<div class=\"row\">\n\t\t\t\t\t\t\t\t<div class=\"col-md-6 col-lg-3\">\n\t\t\t\t\t\t\t\t\t\t\t\t\t<h6>Katzenern\u00e4hrung und Di\u00e4t<\/h6>\n\t\t\t\t\t\t\t\t\t\t\t\t\t<div class=\"card \">\n\t\t\t\t\t\t\t<img loading=\"lazy\" decoding=\"async\" width=\"800\" height=\"533\" src=\"https:\/\/bozita.com\/de\/wp-content\/uploads\/sites\/8\/2021\/06\/bozita-nutrition-kost-katt.jpg\" class=\"attachment-post-thumbnail size-post-thumbnail wp-post-image\" alt=\"Katzenern\u00e4hrung und Di\u00e4t\" srcset=\"https:\/\/bozita.com\/de\/wp-content\/uploads\/sites\/8\/2021\/06\/bozita-nutrition-kost-katt.jpg 800w, https:\/\/bozita.com\/de\/wp-content\/uploads\/sites\/8\/2021\/06\/bozita-nutrition-kost-katt-300x200.jpg 300w, https:\/\/bozita.com\/de\/wp-content\/uploads\/sites\/8\/2021\/06\/bozita-nutrition-kost-katt-768x512.jpg 768w\" sizes=\"(max-width: 800px) 100vw, 800px\" \/>\n\t\t\t\t\t\t\t\t\t\t\t\t\t\t<div class=\"card-body\">\n\t\t\t\t\t\t\t\t\n\t\t\t\t\t\t\t\t\t\t\t\t\t\t\t\t\t<ul>\n\t\t\t\t\t\t\t\t\t\t\t\t\t\t\t\t\t\t\t\t\t<li><a href=\"https:\/\/bozita.com\/de\/katzenfutter\/ernahrung-and-diat\/deine-katze-frisst-oder-trinkt-nicht\/\">Katze frisst oder trinkt nicht? Tipps &amp; Ratschl\u00e4ge<\/a><\/li>\n\t\t\t\t\t\t\t\t\t\t\t\t\t\t\t\t\t\t\t\t\t\t<li><a href=\"https:\/\/bozita.com\/de\/katzenfutter\/ernahrung-and-diat\/was-essen-katzen\/\">Was essen Katzen und wie viel?<\/a><\/li>\n\t\t\t\t\t\t\t\t\t\t\t\t\t\t\t\t\t\t\t\t\t\t<li><a href=\"https:\/\/bozita.com\/de\/katzenfutter\/ernahrung-and-diat\/wie-wechselt-man-das-katzenfutter\/\">Futter von Katzen oder Kitten wechseln? So klappt&#8217;s<\/a><\/li>\n\t\t\t\t\t\t\t\t\t\t\t\t\t\t\t\t\t\t\t\t<\/ul>\n\t\t\t\t\t\t\t\t\t\t\t\t\t\t\t\t<a target=\"\" href=\"https:\/\/bozita.com\/de\/katzenfutter\/ernahrung-and-diat\/\" class=\"btn btn-primary\">Weitere Artikel <\/a>\n\t\t\t\t\t\t\t<\/div>\n\t\t\t\t\t\t<\/div>\n\t\t\t\t\t<\/div>\n\t\t\t\t\t\t\t\t\t\t<div class=\"col-md-6 col-lg-3\">\n\t\t\t\t\t\t\t\t\t\t\t\t\t<h6>K\u00fcmmern Sie sich um Ihre Katze \u2013 Katzengesundheit<\/h6>\n\t\t\t\t\t\t\t\t\t\t\t\t\t<div class=\"card \">\n\t\t\t\t\t\t\t<img loading=\"lazy\" decoding=\"async\" width=\"800\" height=\"533\" src=\"https:\/\/bozita.com\/de\/wp-content\/uploads\/sites\/8\/2021\/06\/bozita-katt-halsa.jpg\" class=\"attachment-post-thumbnail size-post-thumbnail wp-post-image\" alt=\"K\u00fcmmern Sie sich um Ihre Katze \u2013 Katzengesundheit\" srcset=\"https:\/\/bozita.com\/de\/wp-content\/uploads\/sites\/8\/2021\/06\/bozita-katt-halsa.jpg 800w, https:\/\/bozita.com\/de\/wp-content\/uploads\/sites\/8\/2021\/06\/bozita-katt-halsa-300x200.jpg 300w, https:\/\/bozita.com\/de\/wp-content\/uploads\/sites\/8\/2021\/06\/bozita-katt-halsa-768x512.jpg 768w\" sizes=\"(max-width: 800px) 100vw, 800px\" \/>\n\t\t\t\t\t\t\t\t\t\t\t\t\t\t<div class=\"card-body\">\n\t\t\t\t\t\t\t\t\n\t\t\t\t\t\t\t\t\t\t\t\t\t\t\t\t\t<ul>\n\t\t\t\t\t\t\t\t\t\t\t\t\t\t\t\t\t\t\t\t\t<li><a href=\"https:\/\/bozita.com\/de\/leben-mit-katze\/katzengesundheit\/weihnachten-ist-da\/\">Weihnachten ist da!<\/a><\/li>\n\t\t\t\t\t\t\t\t\t\t\t\t\t\t\t\t\t\t\t\t\t\t<li><a href=\"https:\/\/bozita.com\/de\/leben-mit-katze\/katzengesundheit\/das-kastrieren-einer-katze-hat-viele-vorteile\/\">Lassen Sie Ihre Katze kastrieren oder sterilisieren<\/a><\/li>\n\t\t\t\t\t\t\t\t\t\t\t\t\t\t\t\t\t\t\t\t\t\t<li><a href=\"https:\/\/bozita.com\/de\/leben-mit-katze\/katzengesundheit\/wurmkur-katze-und-katzenbaby\/\">Wurmkur bei Katze und Katzenbabys<\/a><\/li>\n\t\t\t\t\t\t\t\t\t\t\t\t\t\t\t\t\t\t\t\t<\/ul>\n\t\t\t\t\t\t\t\t\t\t\t\t\t\t\t\t<a target=\"\" href=\"https:\/\/bozita.com\/de\/leben-mit-katze\/katzengesundheit\/\" class=\"btn btn-primary\">Weitere Artikel <\/a>\n\t\t\t\t\t\t\t<\/div>\n\t\t\t\t\t\t<\/div>\n\t\t\t\t\t<\/div>\n\t\t\t\t\t\t\t\t\t\t<div class=\"col-md-6 col-lg-3\">\n\t\t\t\t\t\t\t\t\t\t\t\t\t<h6>Besch\u00e4ftige Deine Katze<\/h6>\n\t\t\t\t\t\t\t\t\t\t\t\t\t<div class=\"card \">\n\t\t\t\t\t\t\t<img loading=\"lazy\" decoding=\"async\" width=\"1600\" height=\"578\" src=\"https:\/\/bozita.com\/de\/wp-content\/uploads\/sites\/8\/2021\/06\/bozita-aktivera-katt.jpg\" class=\"attachment-post-thumbnail size-post-thumbnail wp-post-image\" alt=\"Leben mit Katze\" srcset=\"https:\/\/bozita.com\/de\/wp-content\/uploads\/sites\/8\/2021\/06\/bozita-aktivera-katt.jpg 1600w, https:\/\/bozita.com\/de\/wp-content\/uploads\/sites\/8\/2021\/06\/bozita-aktivera-katt-300x108.jpg 300w, https:\/\/bozita.com\/de\/wp-content\/uploads\/sites\/8\/2021\/06\/bozita-aktivera-katt-1024x370.jpg 1024w, https:\/\/bozita.com\/de\/wp-content\/uploads\/sites\/8\/2021\/06\/bozita-aktivera-katt-768x277.jpg 768w, https:\/\/bozita.com\/de\/wp-content\/uploads\/sites\/8\/2021\/06\/bozita-aktivera-katt-1536x555.jpg 1536w\" sizes=\"(max-width: 1600px) 100vw, 1600px\" \/>\n\t\t\t\t\t\t\t\t\t\t\t\t\t\t<div class=\"card-body\">\n\t\t\t\t\t\t\t\t\n\t\t\t\t\t\t\t\t\t\t\t\t\t\t\t\t\t<ul>\n\t\t\t\t\t\t\t\t\t\t\t\t\t\t\t\t\t\t\t\t\t<li><a href=\"https:\/\/bozita.com\/de\/leben-mit-katze\/beschaftige-deine-katze\/beschaftige-deine-katze\/\">Tipps, wie Sie Ihre Katze besch\u00e4ftigen k\u00f6nnen<\/a><\/li>\n\t\t\t\t\t\t\t\t\t\t\t\t\t\t\t\t\t\t\t\t<\/ul>\n\t\t\t\t\t\t\t\t\t\t\t\t\t\t\t\t<a target=\"\" href=\"https:\/\/bozita.com\/de\/leben-mit-katze\/beschaftige-deine-katze\/\" class=\"btn btn-primary\">Weitere Artikel <\/a>\n\t\t\t\t\t\t\t<\/div>\n\t\t\t\t\t\t<\/div>\n\t\t\t\t\t<\/div>\n\t\t\t\t\t\t\t\t\t\t<div class=\"col-md-6 col-lg-3\">\n\t\t\t\t\t\t\t\t\t\t\t\t\t<h6>Katze kaufen oder anschaffen &#8211; Das ist zu beachten<\/h6>\n\t\t\t\t\t\t\t\t\t\t\t\t\t<div class=\"card \">\n\t\t\t\t\t\t\t<img loading=\"lazy\" decoding=\"async\" width=\"600\" height=\"401\" src=\"https:\/\/bozita.com\/de\/wp-content\/uploads\/sites\/8\/2021\/08\/Bozita_Kitten_lax_optimized-new.png\" class=\"attachment-post-thumbnail size-post-thumbnail wp-post-image\" alt=\"Katze kaufen oder anschaffen &#8211; Das ist zu beachten\" srcset=\"https:\/\/bozita.com\/de\/wp-content\/uploads\/sites\/8\/2021\/08\/Bozita_Kitten_lax_optimized-new.png 600w, https:\/\/bozita.com\/de\/wp-content\/uploads\/sites\/8\/2021\/08\/Bozita_Kitten_lax_optimized-new-300x201.png 300w\" sizes=\"(max-width: 600px) 100vw, 600px\" \/>\n\t\t\t\t\t\t\t\t\t\t\t\t\t\t<div class=\"card-body\">\n\t\t\t\t\t\t\t\t\n\t\t\t\t\t\t\t\t\t\t\t\t\t\t\t\t\t<ul>\n\t\t\t\t\t\t\t\t\t\t\t\t\t\t\t\t\t\t\t\t\t<li><a href=\"https:\/\/bozita.com\/de\/leben-mit-katze\/katze-kaufen\/katze-chippen-und-registrieren-lassen-deshalb-ist-es-so-wichtig\/\">Katze chippen, t\u00e4towieren und registrieren lassen<\/a><\/li>\n\t\t\t\t\t\t\t\t\t\t\t\t\t\t\t\t\t\t\t\t\t\t<li><a href=\"https:\/\/bozita.com\/de\/leben-mit-katze\/katze-kaufen\/wie-werden-katzenbaby-und-katze-freiganger\/\">So werden Katzenbaby und Katze Freig\u00e4nger<\/a><\/li>\n\t\t\t\t\t\t\t\t\t\t\t\t\t\t\t\t\t\t\t\t\t\t<li><a href=\"https:\/\/bozita.com\/de\/leben-mit-katze\/katze-kaufen\/wie-lange-kann-man-eine-katze-allein-lassen\/\">Wie lange kann man eine Katze allein lassen?<\/a><\/li>\n\t\t\t\t\t\t\t\t\t\t\t\t\t\t\t\t\t\t\t\t<\/ul>\n\t\t\t\t\t\t\t\t\t\t\t\t\t\t\t\t<a target=\"\" href=\"https:\/\/bozita.com\/de\/leben-mit-katze\/katze-kaufen\/\" class=\"btn btn-primary\">Weitere Artikel <\/a>\n\t\t\t\t\t\t\t<\/div>\n\t\t\t\t\t\t<\/div>\n\t\t\t\t\t<\/div>\n\t\t\t\t\t\t\t<\/div>\n\t<\/div>\n<\/section>\n","protected":false},"excerpt":{"rendered":"","protected":false},"author":1,"featured_media":0,"parent":6994,"menu_order":0,"comment_status":"closed","ping_status":"closed","template":"guternberg.php","meta":{"footnotes":""},"acf":[],"yoast_head":"<!-- This site is optimized with the Yoast SEO plugin v21.3 - https:\/\/yoast.com\/wordpress\/plugins\/seo\/ -->\n<title>Die Entwicklung der Katze | Bozita DE<\/title>\n<meta name=\"robots\" content=\"index, follow, max-snippet:-1, max-image-preview:large, max-video-preview:-1\" \/>\n<link rel=\"canonical\" href=\"https:\/\/bozita.com\/de\/leben-mit-katze\/die-entwicklung-der-katze\/\" \/>\n<meta property=\"og:locale\" content=\"de_DE\" \/>\n<meta property=\"og:type\" content=\"article\" \/>\n<meta property=\"og:title\" content=\"Die Entwicklung der Katze | Bozita DE\" \/>\n<meta property=\"og:url\" content=\"https:\/\/bozita.com\/de\/leben-mit-katze\/die-entwicklung-der-katze\/\" \/>\n<meta property=\"og:site_name\" content=\"Bozita DE\" \/>\n<meta property=\"article:modified_time\" content=\"2021-10-13T12:48:54+00:00\" \/>\n<meta name=\"twitter:card\" content=\"summary_large_image\" \/>\n<!-- \/ Yoast SEO plugin. -->","yoast_head_json":{"title":"Die Entwicklung der Katze | Bozita DE","robots":{"index":"index","follow":"follow","max-snippet":"max-snippet:-1","max-image-preview":"max-image-preview:large","max-video-preview":"max-video-preview:-1"},"canonical":"https:\/\/bozita.com\/de\/leben-mit-katze\/die-entwicklung-der-katze\/","og_locale":"de_DE","og_type":"article","og_title":"Die Entwicklung der Katze | Bozita DE","og_url":"https:\/\/bozita.com\/de\/leben-mit-katze\/die-entwicklung-der-katze\/","og_site_name":"Bozita DE","article_modified_time":"2021-10-13T12:48:54+00:00","twitter_card":"summary_large_image","schema":{"@context":"https:\/\/schema.org","@graph":[{"@type":"WebPage","@id":"https:\/\/bozita.com\/de\/leben-mit-katze\/die-entwicklung-der-katze\/","url":"https:\/\/bozita.com\/de\/leben-mit-katze\/die-entwicklung-der-katze\/","name":"Die Entwicklung der Katze | Bozita DE","isPartOf":{"@id":"https:\/\/bozita.com\/de\/#website"},"datePublished":"2021-09-23T06:59:15+00:00","dateModified":"2021-10-13T12:48:54+00:00","breadcrumb":{"@id":"https:\/\/bozita.com\/de\/leben-mit-katze\/die-entwicklung-der-katze\/#breadcrumb"},"inLanguage":"de","potentialAction":[{"@type":"ReadAction","target":["https:\/\/bozita.com\/de\/leben-mit-katze\/die-entwicklung-der-katze\/"]}]},{"@type":"BreadcrumbList","@id":"https:\/\/bozita.com\/de\/leben-mit-katze\/die-entwicklung-der-katze\/#breadcrumb","itemListElement":[{"@type":"ListItem","position":1,"name":"Startseite","item":"https:\/\/bozita.com\/de\/"},{"@type":"ListItem","position":2,"name":"Leben mit Katze","item":"https:\/\/bozita.com\/de\/leben-mit-katze\/"},{"@type":"ListItem","position":3,"name":"Die Entwicklung der Katze"}]},{"@type":"WebSite","@id":"https:\/\/bozita.com\/de\/#website","url":"https:\/\/bozita.com\/de\/","name":"Bozita DE","description":"","potentialAction":[{"@type":"SearchAction","target":{"@type":"EntryPoint","urlTemplate":"https:\/\/bozita.com\/de\/?s={search_term_string}"},"query-input":"required name=search_term_string"}],"inLanguage":"de"}]}},"_links":{"self":[{"href":"https:\/\/bozita.com\/de\/wp-json\/wp\/v2\/pages\/6914"}],"collection":[{"href":"https:\/\/bozita.com\/de\/wp-json\/wp\/v2\/pages"}],"about":[{"href":"https:\/\/bozita.com\/de\/wp-json\/wp\/v2\/types\/page"}],"author":[{"embeddable":true,"href":"https:\/\/bozita.com\/de\/wp-json\/wp\/v2\/users\/1"}],"replies":[{"embeddable":true,"href":"https:\/\/bozita.com\/de\/wp-json\/wp\/v2\/comments?post=6914"}],"version-history":[{"count":10,"href":"https:\/\/bozita.com\/de\/wp-json\/wp\/v2\/pages\/6914\/revisions"}],"predecessor-version":[{"id":12061,"href":"https:\/\/bozita.com\/de\/wp-json\/wp\/v2\/pages\/6914\/revisions\/12061"}],"up":[{"embeddable":true,"href":"https:\/\/bozita.com\/de\/wp-json\/wp\/v2\/pages\/6994"}],"wp:attachment":[{"href":"https:\/\/bozita.com\/de\/wp-json\/wp\/v2\/media?parent=6914"}],"curies":[{"name":"wp","href":"https:\/\/api.w.org\/{rel}","templated":true}]}}