{"id":6915,"date":"2021-09-23T06:49:33","date_gmt":"2021-09-23T06:49:33","guid":{"rendered":"https:\/\/bozita.com\/de\/beschaftige-deine-katze\/"},"modified":"2022-07-19T07:32:00","modified_gmt":"2022-07-19T07:32:00","slug":"beschaftige-deine-katze","status":"publish","type":"page","link":"https:\/\/bozita.com\/de\/leben-mit-katze\/beschaftige-deine-katze\/beschaftige-deine-katze\/","title":{"rendered":"Tipps, wie Sie Ihre Katze besch\u00e4ftigen k\u00f6nnen"},"content":{"rendered":"\t\t<section class=\"small-hero\">\n\t\t\t<div class=\"container\">\n\t\t\t\t<h1 class=\"small-hero-title\">Besch\u00e4ftige Deine Katze<\/h1>\t\t\t<\/div>\n\t\t\t<\/div>\n\t\t<\/section>\n\t\n\n\t<div class=\"text-box-warp\">\n\t\t<div class=\"container\">\n\t\t\t<div class=\"text-content\">\n\t\t\t\t<p>Die Katze ist ein Raubtier mit einem nat\u00fcrlichen Jagdinstinkt. Damit es ihr gut geht, solltest Du Deine Hauskatze so besch\u00e4ftigen, dass das Jagdverhalten durch sowohl physische als auch mentale Anreize befriedigt wird. Eine unterforderte Katze leidet oft unter Stress und zeigt dies beispielsweise durch zielloses Miauen, \u00fcbertriebenes Putzen oder Ablehnung des Katzenklos. Besonders wichtig ist es, eine Wohnungskatze zu besch\u00e4ftigen. In den meisten F\u00e4llen k\u00f6nnen diese ihr Jagdbed\u00fcrfnis nicht allein befriedigen, sodass nachgeholfen werden muss.<\/p>\n<h2>EINE INTERESSANTE UMGEBUNG BESCH\u00c4FTIGT DEINE KATZE<\/h2>\n<p>Alle Katze besitzen einen nat\u00fcrlichen Instinkt, der Anreize ben\u00f6tigt und laut\u00a0<a title=\"Tierschutzgesetz\" href=\"https:\/\/www.gesetze-im-internet.de\/tierschg\/BJNR012770972.html#BJNR012770972BJNG000103377\" target=\"_blank\" rel=\"noopener\">Tierschutzgesetz<\/a>\u00a0bist Du in der Pflicht, die Umgebung Deines Tieres artgerecht zu gestalten. Dies bedeutet, dass Katzen, die sich nicht im Freien aufhalten, Zugang zu einem anregenden Bereich ben\u00f6tigen \u2013 beispielsweise mit erh\u00f6htem Sitz- oder Liegeplatz, Kratzbaum oder Kratzbrett sowie Orte, an denen sie sich verstecken k\u00f6nnen. Hast Du eine Wohnungskatze, ist es also besonders wichtig, dass diese ausreichend Besch\u00e4ftigung im Alltag hat und sich sowohl physisch als auch mental mit etwas auseinandersetzen kann.<\/p>\n<h2>DEINE KATZE KANN SICH ALLEIN BESCH\u00c4FTIGEN<\/h2>\n<p>Eine Katze zu aktivieren bedeutet auch, das Tier dazu zu motivieren, sich selbst zu besch\u00e4ftigen. Dies zu erm\u00f6glichen ist nicht schwer. Es gibt viele verschiedene lustige Spielsachen f\u00fcr Katzen, sowohl zum Kaufen als auch in Form von Gegenst\u00e4nden aus dem eigenen Haushalt \u2013 Dinge wie Pappkartons oder Toilettenrollen eignen sich ausgezeichnet, Deine Wohnungs- oder Freig\u00e4ngerkatze gleicherma\u00dfen zu fordern. Denke allerdings daran, dass das Tier beim Spiel mit Garn, Schn\u00fcren oder \u00e4hnlichem unter Aufsicht sein sollte, damit sie sich nicht einschn\u00fcren oder etwas verschlucken kann.<\/p>\n<p>Futter eignet sich immer gut zur Besch\u00e4ftigung einer Katze. Verstecke Leckerlis an verschiedenen Orten, sodass Dein Vierbeiner danach suchen kann, genau wie Raubtiere auf Beutezug in der Wildnis. Lege einige Leckerlis auf den Kratzbaum, unter den Tisch oder hinter den Sessel und \u00fcberlasse den Rest Deiner Katze. Eine andere einfache Art, um sie ein bisschen mehr f\u00fcr ihr Futter arbeiten zu lassen, ist die Verwendung von Besch\u00e4ftigungsspielzeug oder Fressn\u00e4pfen zur Futtersuche. Dies ist eine hervorragende Herausforderung im Alltag, die sowohl K\u00f6rper als auch Geist fordert. Studien haben zudem gezeigt, dass diese Art von Fressn\u00e4pfen und Spielzeug Stress und Stressverhalten bei r\u00e4umlich eingeschr\u00e4nkten Katzen und Hunden verringern kann.<\/p>\n<p>F\u00e4llt es Dir schwer, Deine Katze mit oder ohne Spielzeug zu besch\u00e4ftigen, kannst Du Katzenminze verwenden. Viele Katzen reagieren \u00e4u\u00dferst positiv auf den darin enthaltenen Duftstoff. Der angeregte Gem\u00fctszustand sorgt daf\u00fcr, dass das Tier sich mehr f\u00fcr das Spielzeug interessiert.<\/p>\n<h2>SPIELT GEMEINSAM UND ST\u00c4RKT EURE BEZIEHUNG<\/h2>\n<p>Katzen ben\u00f6tigen nicht nur Anreize ihrer Jagdinstinkte, sondern brauchen auch t\u00e4glichen sozialen Kontakt. Findet gemeinsame Besch\u00e4ftigungen, die Spa\u00df machen, Deine Katze fordern und gleichzeitig die Verbindung zwischen Euch st\u00e4rkt sowie die t\u00e4gliche Portion an ben\u00f6tigter Bewegung bietet.<\/p>\n\t\t\t<\/div>\n\t\t<\/div>\n\t<\/div>\n\n\n\n\t<section class=\"block related-articles\">\n\t\t<div class=\"container\">\n\t\t\t<h2>Entdecke weitere Themen <\/h2>\n\t\t\t<div class=\"row justify-content-center\">\n\t\t\t\t\t\t\t\t\t\t<div class=\"col-sm-6 col-md-6 col-lg-3\">\n\t\t\t\t\t\t\t\t\t\t\t\t\t\t<div class=\"card \">\n\t\t\t\t\t\t\t\t\t\t\t\t\t\t\t\t\t<img decoding=\"async\"  src=\"https:\/\/bozita.com\/de\/wp-content\/uploads\/sites\/8\/2021\/08\/bozita-trana-katt-kattunge.jpg\" alt=\"\">\n\t\t\t\t\t\t\t\t\t\t\t\t\t\t\t\t\t<!-- <img decoding=\"async\" src=\"\n\t\t\t\t\t\t\t\t\t\t\t\t\t\t\t\t\t\t\t\t\" alt=\"\n\t\t\t\t\t\t\t\t\t\t\t\t\t\t\t\t\t\t\t\t\t\t\t\t\t\t\t\"> -->\n\t\t\t\t\t\t\t\t<div class=\"card-body\">\n\t\t\t\t\t\t\t\t\t\t\t\t\t\t\t\t\t\t\t<h6>Kann man eine Katze oder ein Kitten trainieren?<\/h6>\n\t\t\t\t\t\t\t\t\t\t\t\t\t\t\t\t\t\t\t<a href=\"https:\/\/bozita.com\/de\/leben-mit-katze\/die-entwicklung-der-katze-2\/kann-man-eine-katze-oder-ein-kitten-trainieren\/\">Weiterlesen &nbsp; ><\/a>\n\t\t\t\t\t\t\t\t<\/div>\n\t\t\t\t\t\t\t<\/div>\n\t\t\t\t\t\t<\/div>\n\n\t\t\t\t\t\t\t\t\t\t\t<div class=\"col-sm-6 col-md-6 col-lg-3\">\n\t\t\t\t\t\t\t\t\t\t\t\t\t\t<div class=\"card \">\n\t\t\t\t\t\t\t\t\t\t\t\t\t\t\t\t\t<img decoding=\"async\"  src=\"https:\/\/bozita.com\/de\/wp-content\/uploads\/sites\/8\/2021\/09\/bozita-katt-rumsren-ga-pa-ladan.jpg\" alt=\"\">\n\t\t\t\t\t\t\t\t\t\t\t\t\t\t\t\t\t<!-- <img decoding=\"async\" src=\"\n\t\t\t\t\t\t\t\t\t\t\t\t\t\t\t\t\t\t\t\t\" alt=\"\n\t\t\t\t\t\t\t\t\t\t\t\t\t\t\t\t\t\t\t\t\t\t\t\t\t\t\t\"> -->\n\t\t\t\t\t\t\t\t<div class=\"card-body\">\n\t\t\t\t\t\t\t\t\t\t\t\t\t\t\t\t\t\t\t<h6>Wie bekommt man katzen oder kitten stubenrein?<\/h6>\n\t\t\t\t\t\t\t\t\t\t\t\t\t\t\t\t\t\t\t<a href=\"https:\/\/bozita.com\/de\/leben-mit-katze\/katze-kaufen\/wie-bekommt-man-katzen-stubenrein\/\">Weiterlesen &nbsp; ><\/a>\n\t\t\t\t\t\t\t\t<\/div>\n\t\t\t\t\t\t\t<\/div>\n\t\t\t\t\t\t<\/div>\n\n\t\t\t\t\t\t\t\t\t\t\t<div class=\"col-sm-6 col-md-6 col-lg-3\">\n\t\t\t\t\t\t\t\t\t\t\t\t\t\t<div class=\"card \">\n\t\t\t\t\t\t\t\t\t\t\t\t\t\t\t\t\t<img decoding=\"async\"  src=\"https:\/\/bozita.com\/de\/wp-content\/uploads\/sites\/8\/2021\/09\/bozita-lamna-katt-ensam.jpg\" alt=\"\">\n\t\t\t\t\t\t\t\t\t\t\t\t\t\t\t\t\t<!-- <img decoding=\"async\" src=\"\n\t\t\t\t\t\t\t\t\t\t\t\t\t\t\t\t\t\t\t\t\" alt=\"\n\t\t\t\t\t\t\t\t\t\t\t\t\t\t\t\t\t\t\t\t\t\t\t\t\t\t\t\"> -->\n\t\t\t\t\t\t\t\t<div class=\"card-body\">\n\t\t\t\t\t\t\t\t\t\t\t\t\t\t\t\t\t\t\t<h6>Wie lange kann man eine Katze allein lassen?<\/h6>\n\t\t\t\t\t\t\t\t\t\t\t\t\t\t\t\t\t\t\t<a href=\"https:\/\/bozita.com\/de\/leben-mit-katze\/katze-kaufen\/wie-lange-kann-man-eine-katze-allein-lassen\/\">Weiterlesen &nbsp; ><\/a>\n\t\t\t\t\t\t\t\t<\/div>\n\t\t\t\t\t\t\t<\/div>\n\t\t\t\t\t\t<\/div>\n\n\t\t\t\t\t\t\t\t\t\t\t\t<\/div>\n\t\t<\/div>\n\t<\/section>\n","protected":false},"excerpt":{"rendered":"","protected":false},"author":1,"featured_media":8035,"parent":7123,"menu_order":0,"comment_status":"closed","ping_status":"closed","template":"guternberg.php","meta":{"footnotes":""},"acf":[],"yoast_head":"<!-- This site is optimized with the Yoast SEO plugin v21.3 - https:\/\/yoast.com\/wordpress\/plugins\/seo\/ -->\n<title>Tipps, wie Sie Ihre Katze besch\u00e4ftigen k\u00f6nnen | Bozita DE<\/title>\n<meta name=\"description\" content=\"Besch\u00e4ftigen Sie Ihre Katze. Kopf &amp; K\u00f6rper brauchen Instinktanreize, damit die Katze sich wohlf\u00fchlt. Gerade Hauskatzen ben\u00f6tigen Besch\u00e4ftigung.\" \/>\n<meta name=\"robots\" content=\"index, follow, max-snippet:-1, max-image-preview:large, max-video-preview:-1\" \/>\n<link rel=\"canonical\" href=\"https:\/\/bozita.com\/de\/leben-mit-katze\/beschaftige-deine-katze\/beschaftige-deine-katze\/\" \/>\n<meta property=\"og:locale\" content=\"de_DE\" \/>\n<meta property=\"og:type\" content=\"article\" \/>\n<meta property=\"og:title\" content=\"Tipps, wie Sie Ihre Katze besch\u00e4ftigen k\u00f6nnen | Bozita DE\" \/>\n<meta property=\"og:description\" content=\"Besch\u00e4ftigen Sie Ihre Katze. Kopf &amp; K\u00f6rper brauchen Instinktanreize, damit die Katze sich wohlf\u00fchlt. Gerade Hauskatzen ben\u00f6tigen Besch\u00e4ftigung.\" \/>\n<meta property=\"og:url\" content=\"https:\/\/bozita.com\/de\/leben-mit-katze\/beschaftige-deine-katze\/beschaftige-deine-katze\/\" \/>\n<meta property=\"og:site_name\" content=\"Bozita DE\" \/>\n<meta property=\"article:modified_time\" content=\"2022-07-19T07:32:00+00:00\" \/>\n<meta property=\"og:image\" content=\"https:\/\/bozita.com\/de\/wp-content\/uploads\/sites\/8\/2021\/09\/bozita-aktivera-innekatt.jpg\" \/>\n\t<meta property=\"og:image:width\" content=\"800\" \/>\n\t<meta property=\"og:image:height\" content=\"534\" \/>\n\t<meta property=\"og:image:type\" content=\"image\/jpeg\" \/>\n<meta name=\"twitter:card\" content=\"summary_large_image\" \/>\n<!-- \/ Yoast SEO plugin. -->","yoast_head_json":{"title":"Tipps, wie Sie Ihre Katze besch\u00e4ftigen k\u00f6nnen | Bozita DE","description":"Besch\u00e4ftigen Sie Ihre Katze. Kopf & K\u00f6rper brauchen Instinktanreize, damit die Katze sich wohlf\u00fchlt. Gerade Hauskatzen ben\u00f6tigen Besch\u00e4ftigung.","robots":{"index":"index","follow":"follow","max-snippet":"max-snippet:-1","max-image-preview":"max-image-preview:large","max-video-preview":"max-video-preview:-1"},"canonical":"https:\/\/bozita.com\/de\/leben-mit-katze\/beschaftige-deine-katze\/beschaftige-deine-katze\/","og_locale":"de_DE","og_type":"article","og_title":"Tipps, wie Sie Ihre Katze besch\u00e4ftigen k\u00f6nnen | Bozita DE","og_description":"Besch\u00e4ftigen Sie Ihre Katze. Kopf & K\u00f6rper brauchen Instinktanreize, damit die Katze sich wohlf\u00fchlt. Gerade Hauskatzen ben\u00f6tigen Besch\u00e4ftigung.","og_url":"https:\/\/bozita.com\/de\/leben-mit-katze\/beschaftige-deine-katze\/beschaftige-deine-katze\/","og_site_name":"Bozita DE","article_modified_time":"2022-07-19T07:32:00+00:00","og_image":[{"width":800,"height":534,"url":"https:\/\/bozita.com\/de\/wp-content\/uploads\/sites\/8\/2021\/09\/bozita-aktivera-innekatt.jpg","type":"image\/jpeg"}],"twitter_card":"summary_large_image","schema":{"@context":"https:\/\/schema.org","@graph":[{"@type":"WebPage","@id":"https:\/\/bozita.com\/de\/leben-mit-katze\/beschaftige-deine-katze\/beschaftige-deine-katze\/","url":"https:\/\/bozita.com\/de\/leben-mit-katze\/beschaftige-deine-katze\/beschaftige-deine-katze\/","name":"Tipps, wie Sie Ihre Katze besch\u00e4ftigen k\u00f6nnen | Bozita DE","isPartOf":{"@id":"https:\/\/bozita.com\/de\/#website"},"datePublished":"2021-09-23T06:49:33+00:00","dateModified":"2022-07-19T07:32:00+00:00","description":"Besch\u00e4ftigen Sie Ihre Katze. Kopf & K\u00f6rper brauchen Instinktanreize, damit die Katze sich wohlf\u00fchlt. Gerade Hauskatzen ben\u00f6tigen Besch\u00e4ftigung.","breadcrumb":{"@id":"https:\/\/bozita.com\/de\/leben-mit-katze\/beschaftige-deine-katze\/beschaftige-deine-katze\/#breadcrumb"},"inLanguage":"de","potentialAction":[{"@type":"ReadAction","target":["https:\/\/bozita.com\/de\/leben-mit-katze\/beschaftige-deine-katze\/beschaftige-deine-katze\/"]}]},{"@type":"BreadcrumbList","@id":"https:\/\/bozita.com\/de\/leben-mit-katze\/beschaftige-deine-katze\/beschaftige-deine-katze\/#breadcrumb","itemListElement":[{"@type":"ListItem","position":1,"name":"Startseite","item":"https:\/\/bozita.com\/de\/"},{"@type":"ListItem","position":2,"name":"Leben mit Katze","item":"https:\/\/bozita.com\/de\/leben-mit-katze\/"},{"@type":"ListItem","position":3,"name":"Besch\u00e4ftige Deine Katze","item":"https:\/\/bozita.com\/de\/leben-mit-katze\/beschaftige-deine-katze\/"},{"@type":"ListItem","position":4,"name":"Tipps, wie Sie Ihre Katze besch\u00e4ftigen k\u00f6nnen"}]},{"@type":"WebSite","@id":"https:\/\/bozita.com\/de\/#website","url":"https:\/\/bozita.com\/de\/","name":"Bozita DE","description":"","potentialAction":[{"@type":"SearchAction","target":{"@type":"EntryPoint","urlTemplate":"https:\/\/bozita.com\/de\/?s={search_term_string}"},"query-input":"required name=search_term_string"}],"inLanguage":"de"}]}},"_links":{"self":[{"href":"https:\/\/bozita.com\/de\/wp-json\/wp\/v2\/pages\/6915"}],"collection":[{"href":"https:\/\/bozita.com\/de\/wp-json\/wp\/v2\/pages"}],"about":[{"href":"https:\/\/bozita.com\/de\/wp-json\/wp\/v2\/types\/page"}],"author":[{"embeddable":true,"href":"https:\/\/bozita.com\/de\/wp-json\/wp\/v2\/users\/1"}],"replies":[{"embeddable":true,"href":"https:\/\/bozita.com\/de\/wp-json\/wp\/v2\/comments?post=6915"}],"version-history":[{"count":10,"href":"https:\/\/bozita.com\/de\/wp-json\/wp\/v2\/pages\/6915\/revisions"}],"predecessor-version":[{"id":17219,"href":"https:\/\/bozita.com\/de\/wp-json\/wp\/v2\/pages\/6915\/revisions\/17219"}],"up":[{"embeddable":true,"href":"https:\/\/bozita.com\/de\/wp-json\/wp\/v2\/pages\/7123"}],"wp:featuredmedia":[{"embeddable":true,"href":"https:\/\/bozita.com\/de\/wp-json\/wp\/v2\/media\/8035"}],"wp:attachment":[{"href":"https:\/\/bozita.com\/de\/wp-json\/wp\/v2\/media?parent=6915"}],"curies":[{"name":"wp","href":"https:\/\/api.w.org\/{rel}","templated":true}]}}