{"id":6918,"date":"2021-09-23T06:36:09","date_gmt":"2021-09-23T06:36:09","guid":{"rendered":"https:\/\/bozita.com\/de\/katzen-impfen-lassen\/"},"modified":"2022-07-19T08:42:57","modified_gmt":"2022-07-19T08:42:57","slug":"katzen-impfen-lassen","status":"publish","type":"page","link":"https:\/\/bozita.com\/de\/leben-mit-katze\/katzengesundheit\/katzen-impfen-lassen\/","title":{"rendered":"Katzen impfen lassen &#8211; wann und wie oft?"},"content":{"rendered":"\t\t<section class=\"small-hero\">\n\t\t\t<div class=\"container\">\n\t\t\t\t<h1 class=\"small-hero-title\">Katzen impfen lassen<\/h1><p><p>Impfungen sind sowohl f\u00fcr Deine als auch f\u00fcr andere Katzen wichtig. Indem Du Deine Katze impfen l\u00e4sst, reduzierst Du das Risiko f\u00fcr die Verbreitung h\u00e4ufig auftretender Krankheiten wie Katzenseuche oder Katzenschnupfen, auch Katzengrippe genannt.<\/p>\n<\/p>\t\t\t<\/div>\n\t\t\t<\/div>\n\t\t<\/section>\n\t\n\n\t<div class=\"text-box-warp\">\n\t\t<div class=\"container\">\n\t\t\t<div class=\"text-content\">\n\t\t\t\t<h2>DAS IMPFEN VON KATZEN STOPPT KRANKHEITEN<\/h2>\n<p>Die Katzenseuche ist eine h\u00e4ufige und sehr ernst zu nehmende Magen-Darm-Erkrankung, die durch ein Parvovirus verursacht wird. Diese Krankheit ist besonders ansteckend und weist eine hohe Sterblichkeitsrate auf, weshalb es wichtig ist, Deine Katze dagegen impfen zu lassen. Das Virus wird oftmals durch Kontakt mit dem Kot infizierter Katzen \u00fcbertragen und kommt deshalb sehr h\u00e4ufig vor.<\/p>\n<p>Katzenschnupfen \u00e4hnelt einer menschlichen Erk\u00e4ltung und kann unter anderem Husten, Fieber, Muskel- und Gelenkschmerzen verursachen und zu Wunden im Maul sowie Atembeschwerden f\u00fchren. Diese Krankheit tritt noch h\u00e4ufiger als die Katzenseuche auf und wird oftmals durch Herpes- oder Caliciviren verursacht. Auch dies ist eine ansteckende Erkrankung, gegen die Deine Katze geimpft werden sollte. Die Krankheitsverbreitung erfolgt zumeist \u00fcber Nase, Augen und Speichel. In einem f\u00fcr die Viren g\u00fcnstigen Milieu k\u00f6nnen die Partikel zudem \u00fcber mehrere Wochen \u00fcberleben, sodass Katzen sich noch nicht einmal begegnen m\u00fcssen, um sich gegenseitig anzustecken oder angesteckt zu werden.<\/p>\n<h2>WANN SOLLTEN KATZENBABYS GEIMPFT WERDEN?<\/h2>\n<p>Lasse Dein Katzenbaby das erste Mal zwischen der 7. und 8. Lebenswoche und ein weiteres Mal nach der 12. Woche impfen. Es ist wichtig mit dem Z\u00fcchter abzukl\u00e4ren, ob das Kitten wirklich geimpft ist, bevor Du es zu Dir holst, und auch festzustellen, wogegen es bereits geimpft wurde. Sieh es nicht als selbstverst\u00e4ndlich an, dass dies geschehen ist \u2013 bist Du Dir unsicher, solltest Du einen Impfnachweis verlangen.<\/p>\n<h2>WIE OFT SOLLTE EINE KATZE GEIMPFT WERDEN?<\/h2>\n<p>Wie oft Deine Katze nach der Grundimmunisierung geimpft werden sollte, ist von der Sorte des Impfstoffs abh\u00e4ngig, die von der Tierarztpraxis verwendet wurde, sodass Du Dich dort informieren kannst. Einige Impfhersteller empfehlen eine j\u00e4hrliche Schutzimpfung der Katze, w\u00e4hrend andere Impfstoffe einen Schutz von bis zu drei Jahren bieten.<\/p>\n<p>Eventuelle Nebenwirkungen k\u00f6nnen nach ein bis zwei Tagen in Form einer geschwollenen Injektionsstelle oder mitunter als Fieber auftreten. Dies ist nichts Ungew\u00f6hnliches und kein Grund zur Sorge.<\/p>\n<h2>IMPFUNG DER KATZE BEI AUSLANDSREISEN<\/h2>\n<p>Lasse Deine Katze zus\u00e4tzlich impfen, wenn Du mit ihr ins Ausland reisen m\u00f6chtest. Die Grundimpfung in Deutschland sch\u00fctzt gegen\u00a0<a title=\"Tiergesundheitszentrum\" href=\"https:\/\/tiergesundheitszentrum-overath.de\/ratgeber\/die-impfung-der-katze\/\" target=\"_blank\" rel=\"noopener\">Katzenseuche, Katzenschnupfen und Tollwut<\/a>. Einige L\u00e4nder au\u00dferhalb der EU verlangen eine Blutprobe, die fr\u00fchestens 120 Tage nach der Grundimmunisierung erfolgt, um einen ausreichenden Schutz zu gew\u00e4hrleisten. Reist Du innerhalb der EU, ben\u00f6tigt die Katze einen aktuellen Impfstatus und muss die in Deutschland g\u00e4ngige Grundimpfung erhalten haben.<\/p>\n<p>Kl\u00e4re mit Deinem Tierarzt, welcher Impfschutz f\u00fcr Dein Reiseziel erforderlich ist und lasse Deine Katze rechtzeitig vor der Abreise impfen.<\/p>\n<h2>AUCH WOHNUNGSKATZEN M\u00dcSSEN GEIMPFT WERDEN<\/h2>\n<p>Es ist wichtig, Freig\u00e4nger und Wohnungskatzen gleicherma\u00dfen impfen zu lassen. Auch wenn sich Deine Katze selten oder nie im Freien aufh\u00e4lt, besteht dennoch ein Risiko, dass sie von h\u00e4ufig auftretenden Krankheiten betroffen wird. Eine ungesch\u00fctzte Wohnungskatze kann dadurch erkranken, dass man selbst Krankheitserreger mit nach Hause bringt, die an Schuhen oder Kleidung haften, zum Beispiel Kot.<\/p>\n\t\t\t<\/div>\n\t\t<\/div>\n\t<\/div>\n\n\n\n\t<section class=\"block related-articles\">\n\t\t<div class=\"container\">\n\t\t\t<h2>Entdecke weitere Artikel<\/h2>\n\t\t\t<div class=\"row justify-content-center\">\n\t\t\t\t\t\t\t\t\t\t<div class=\"col-sm-6 col-md-6 col-lg-3\">\n\t\t\t\t\t\t\t\t\t\t\t\t\t\t<div class=\"card \">\n\t\t\t\t\t\t\t\t\t\t\t\t\t\t\t\t\t<img decoding=\"async\"  src=\"https:\/\/bozita.com\/de\/wp-content\/uploads\/sites\/8\/2021\/08\/bozita-kastrera-katt.jpeg\" alt=\"\">\n\t\t\t\t\t\t\t\t\t\t\t\t\t\t\t\t\t<!-- <img decoding=\"async\" src=\"\n\t\t\t\t\t\t\t\t\t\t\t\t\t\t\t\t\t\t\t\t\" alt=\"\n\t\t\t\t\t\t\t\t\t\t\t\t\t\t\t\t\t\t\t\t\t\t\t\t\t\t\t\"> -->\n\t\t\t\t\t\t\t\t<div class=\"card-body\">\n\t\t\t\t\t\t\t\t\t\t\t\t\t\t\t\t\t\t\t<h6>Lassen Sie Ihre Katze kastrieren oder sterilisieren<\/h6>\n\t\t\t\t\t\t\t\t\t\t\t\t\t\t\t\t\t\t\t<a href=\"https:\/\/bozita.com\/de\/leben-mit-katze\/katzengesundheit\/das-kastrieren-einer-katze-hat-viele-vorteile\/\">Weiterlesen &nbsp; ><\/a>\n\t\t\t\t\t\t\t\t<\/div>\n\t\t\t\t\t\t\t<\/div>\n\t\t\t\t\t\t<\/div>\n\n\t\t\t\t\t\t\t\t\t\t\t<div class=\"col-sm-6 col-md-6 col-lg-3\">\n\t\t\t\t\t\t\t\t\t\t\t\t\t\t<div class=\"card \">\n\t\t\t\t\t\t\t\t\t\t\t\t\t\t\t\t\t<img decoding=\"async\"  src=\"https:\/\/bozita.com\/de\/wp-content\/uploads\/sites\/8\/2021\/08\/bozita_swedish-natural-quality.jpg\" alt=\"\">\n\t\t\t\t\t\t\t\t\t\t\t\t\t\t\t\t\t<!-- <img decoding=\"async\" src=\"\n\t\t\t\t\t\t\t\t\t\t\t\t\t\t\t\t\t\t\t\t\" alt=\"\n\t\t\t\t\t\t\t\t\t\t\t\t\t\t\t\t\t\t\t\t\t\t\t\t\t\t\t\"> -->\n\t\t\t\t\t\t\t\t<div class=\"card-body\">\n\t\t\t\t\t\t\t\t\t\t\t\t\t\t\t\t\t\t\t<h6>Wurmkur bei Katze und Katzenbabys<\/h6>\n\t\t\t\t\t\t\t\t\t\t\t\t\t\t\t\t\t\t\t<a href=\"https:\/\/bozita.com\/de\/leben-mit-katze\/katzengesundheit\/wurmkur-katze-und-katzenbaby\/\">Weiterlesen &nbsp; ><\/a>\n\t\t\t\t\t\t\t\t<\/div>\n\t\t\t\t\t\t\t<\/div>\n\t\t\t\t\t\t<\/div>\n\n\t\t\t\t\t\t\t\t\t\t\t<div class=\"col-sm-6 col-md-6 col-lg-3\">\n\t\t\t\t\t\t\t\t\t\t\t\t\t\t<div class=\"card \">\n\t\t\t\t\t\t\t\t\t\t\t\t\t\t\t\t\t<img decoding=\"async\"  src=\"https:\/\/bozita.com\/de\/wp-content\/uploads\/sites\/8\/2021\/08\/bozita-kattens-historia-domesticering.jpg\" alt=\"\">\n\t\t\t\t\t\t\t\t\t\t\t\t\t\t\t\t\t<!-- <img decoding=\"async\" src=\"\n\t\t\t\t\t\t\t\t\t\t\t\t\t\t\t\t\t\t\t\t\" alt=\"\n\t\t\t\t\t\t\t\t\t\t\t\t\t\t\t\t\t\t\t\t\t\t\t\t\t\t\t\"> -->\n\t\t\t\t\t\t\t\t<div class=\"card-body\">\n\t\t\t\t\t\t\t\t\t\t\t\t\t\t\t\t\t\t\t<h6>Die Geschichte der Katze als Haustier des Menschen<\/h6>\n\t\t\t\t\t\t\t\t\t\t\t\t\t\t\t\t\t\t\t<a href=\"https:\/\/bozita.com\/de\/leben-mit-katze\/die-entwicklung-der-katze-2\/the-history-of-the-cat\/\">Weiterlesen &nbsp; ><\/a>\n\t\t\t\t\t\t\t\t<\/div>\n\t\t\t\t\t\t\t<\/div>\n\t\t\t\t\t\t<\/div>\n\n\t\t\t\t\t\t\t\t\t\t\t\t<\/div>\n\t\t<\/div>\n\t<\/section>\n","protected":false},"excerpt":{"rendered":"","protected":false},"author":1,"featured_media":6919,"parent":7079,"menu_order":0,"comment_status":"closed","ping_status":"closed","template":"guternberg.php","meta":{"footnotes":""},"acf":[],"yoast_head":"<!-- This site is optimized with the Yoast SEO plugin v21.3 - https:\/\/yoast.com\/wordpress\/plugins\/seo\/ -->\n<title>Katzen impfen lassen - wann und wie oft? | Bozita DE<\/title>\n<meta name=\"description\" content=\"Wie oft und wann sollte eine Katze geimpft werden? Geltende Regeln zur Impfung, wenn Sie mit Ihrer Katze ins Ausland reisen m\u00f6chten.\" \/>\n<meta name=\"robots\" content=\"index, follow, max-snippet:-1, max-image-preview:large, max-video-preview:-1\" \/>\n<link rel=\"canonical\" href=\"https:\/\/bozita.com\/de\/leben-mit-katze\/katzengesundheit\/katzen-impfen-lassen\/\" \/>\n<meta property=\"og:locale\" content=\"de_DE\" \/>\n<meta property=\"og:type\" content=\"article\" \/>\n<meta property=\"og:title\" content=\"Katzen impfen lassen - wann und wie oft? | Bozita DE\" \/>\n<meta property=\"og:description\" content=\"Wie oft und wann sollte eine Katze geimpft werden? Geltende Regeln zur Impfung, wenn Sie mit Ihrer Katze ins Ausland reisen m\u00f6chten.\" \/>\n<meta property=\"og:url\" content=\"https:\/\/bozita.com\/de\/leben-mit-katze\/katzengesundheit\/katzen-impfen-lassen\/\" \/>\n<meta property=\"og:site_name\" content=\"Bozita DE\" \/>\n<meta property=\"article:modified_time\" content=\"2022-07-19T08:42:57+00:00\" \/>\n<meta property=\"og:image\" content=\"https:\/\/bozita.com\/de\/wp-content\/uploads\/sites\/8\/2021\/09\/bozita-vaccinera-katt.jpg\" \/>\n\t<meta property=\"og:image:width\" content=\"800\" \/>\n\t<meta property=\"og:image:height\" content=\"535\" \/>\n\t<meta property=\"og:image:type\" content=\"image\/jpeg\" \/>\n<meta name=\"twitter:card\" content=\"summary_large_image\" \/>\n<!-- \/ Yoast SEO plugin. -->","yoast_head_json":{"title":"Katzen impfen lassen - wann und wie oft? | Bozita DE","description":"Wie oft und wann sollte eine Katze geimpft werden? Geltende Regeln zur Impfung, wenn Sie mit Ihrer Katze ins Ausland reisen m\u00f6chten.","robots":{"index":"index","follow":"follow","max-snippet":"max-snippet:-1","max-image-preview":"max-image-preview:large","max-video-preview":"max-video-preview:-1"},"canonical":"https:\/\/bozita.com\/de\/leben-mit-katze\/katzengesundheit\/katzen-impfen-lassen\/","og_locale":"de_DE","og_type":"article","og_title":"Katzen impfen lassen - wann und wie oft? | Bozita DE","og_description":"Wie oft und wann sollte eine Katze geimpft werden? Geltende Regeln zur Impfung, wenn Sie mit Ihrer Katze ins Ausland reisen m\u00f6chten.","og_url":"https:\/\/bozita.com\/de\/leben-mit-katze\/katzengesundheit\/katzen-impfen-lassen\/","og_site_name":"Bozita DE","article_modified_time":"2022-07-19T08:42:57+00:00","og_image":[{"width":800,"height":535,"url":"https:\/\/bozita.com\/de\/wp-content\/uploads\/sites\/8\/2021\/09\/bozita-vaccinera-katt.jpg","type":"image\/jpeg"}],"twitter_card":"summary_large_image","schema":{"@context":"https:\/\/schema.org","@graph":[{"@type":"WebPage","@id":"https:\/\/bozita.com\/de\/leben-mit-katze\/katzengesundheit\/katzen-impfen-lassen\/","url":"https:\/\/bozita.com\/de\/leben-mit-katze\/katzengesundheit\/katzen-impfen-lassen\/","name":"Katzen impfen lassen - wann und wie oft? | Bozita DE","isPartOf":{"@id":"https:\/\/bozita.com\/de\/#website"},"datePublished":"2021-09-23T06:36:09+00:00","dateModified":"2022-07-19T08:42:57+00:00","description":"Wie oft und wann sollte eine Katze geimpft werden? Geltende Regeln zur Impfung, wenn Sie mit Ihrer Katze ins Ausland reisen m\u00f6chten.","breadcrumb":{"@id":"https:\/\/bozita.com\/de\/leben-mit-katze\/katzengesundheit\/katzen-impfen-lassen\/#breadcrumb"},"inLanguage":"de","potentialAction":[{"@type":"ReadAction","target":["https:\/\/bozita.com\/de\/leben-mit-katze\/katzengesundheit\/katzen-impfen-lassen\/"]}]},{"@type":"BreadcrumbList","@id":"https:\/\/bozita.com\/de\/leben-mit-katze\/katzengesundheit\/katzen-impfen-lassen\/#breadcrumb","itemListElement":[{"@type":"ListItem","position":1,"name":"Startseite","item":"https:\/\/bozita.com\/de\/"},{"@type":"ListItem","position":2,"name":"Leben mit Katze","item":"https:\/\/bozita.com\/de\/leben-mit-katze\/"},{"@type":"ListItem","position":3,"name":"K\u00fcmmern Sie sich um Ihre Katze \u2013 Katzengesundheit","item":"https:\/\/bozita.com\/de\/leben-mit-katze\/katzengesundheit\/"},{"@type":"ListItem","position":4,"name":"Katzen impfen lassen &#8211; wann und wie oft?"}]},{"@type":"WebSite","@id":"https:\/\/bozita.com\/de\/#website","url":"https:\/\/bozita.com\/de\/","name":"Bozita DE","description":"","potentialAction":[{"@type":"SearchAction","target":{"@type":"EntryPoint","urlTemplate":"https:\/\/bozita.com\/de\/?s={search_term_string}"},"query-input":"required name=search_term_string"}],"inLanguage":"de"}]}},"_links":{"self":[{"href":"https:\/\/bozita.com\/de\/wp-json\/wp\/v2\/pages\/6918"}],"collection":[{"href":"https:\/\/bozita.com\/de\/wp-json\/wp\/v2\/pages"}],"about":[{"href":"https:\/\/bozita.com\/de\/wp-json\/wp\/v2\/types\/page"}],"author":[{"embeddable":true,"href":"https:\/\/bozita.com\/de\/wp-json\/wp\/v2\/users\/1"}],"replies":[{"embeddable":true,"href":"https:\/\/bozita.com\/de\/wp-json\/wp\/v2\/comments?post=6918"}],"version-history":[{"count":14,"href":"https:\/\/bozita.com\/de\/wp-json\/wp\/v2\/pages\/6918\/revisions"}],"predecessor-version":[{"id":17237,"href":"https:\/\/bozita.com\/de\/wp-json\/wp\/v2\/pages\/6918\/revisions\/17237"}],"up":[{"embeddable":true,"href":"https:\/\/bozita.com\/de\/wp-json\/wp\/v2\/pages\/7079"}],"wp:featuredmedia":[{"embeddable":true,"href":"https:\/\/bozita.com\/de\/wp-json\/wp\/v2\/media\/6919"}],"wp:attachment":[{"href":"https:\/\/bozita.com\/de\/wp-json\/wp\/v2\/media?parent=6918"}],"curies":[{"name":"wp","href":"https:\/\/api.w.org\/{rel}","templated":true}]}}