{"id":6920,"date":"2021-09-23T06:32:06","date_gmt":"2021-09-23T06:32:06","guid":{"rendered":"https:\/\/bozita.com\/de\/erbricht-deine-katze-haarballen\/"},"modified":"2021-10-13T10:14:22","modified_gmt":"2021-10-13T10:14:22","slug":"erbricht-deine-katze-haarballen","status":"publish","type":"page","link":"https:\/\/bozita.com\/de\/leben-mit-katze\/katzengesundheit\/erbricht-deine-katze-haarballen\/","title":{"rendered":"W\u00fcrgt Deine Katze Haarballen hervor?"},"content":{"rendered":"\t\t<section class=\"small-hero\">\n\t\t\t<div class=\"container\">\n\t\t\t\t<h1 class=\"small-hero-title\">W\u00fcrgt Deine Katze Haarballen hervor?<\/h1>\t\t\t<\/div>\n\t\t\t<\/div>\n\t\t<\/section>\n\t\n\n\t<div class=\"text-box-warp\">\n\t\t<div class=\"container\">\n\t\t\t<div class=\"text-content\">\n\t\t\t\t<p>Putzt sich eine Katze, gelangt lose sitzendes Fell in den Magen, wo sich Haarballen bilden. Die Katze versucht, diese verschluckten Haare zu erbrechen, gelingt dies jedoch nicht, m\u00fcssen die Haare den gesamten K\u00f6rper passieren. Mithilfe von Fellpflege und einer ballaststoffreichen Nahrung kannst Du Deiner Katze helfen, eventuelle Beschwerden mit Haarballen zu verringern.<\/p>\n<h2>HAARBALLEN K\u00d6NNEN VERDAUUNGSPROBLEME VERURSACHEN<\/h2>\n<p>Katzen putzen sich sorgf\u00e4ltig und widmen der Fellpflege t\u00e4glich viele Stunden. Dies beinhaltet jedoch das Risiko, dass lose sitzendes Fell in den Magen gelangt und dort Haarballen bildet. Da Haarballen im Magen-Darm-System nicht aufgespalten werden, k\u00f6nnen sie Probleme auf dem Weg durch den K\u00f6rper verursachen und zum Beispiel zu verringertem Appetit, Erbrechen, Durchfall und Verstopfung f\u00fchren.<\/p>\n<h2>BALLASTSTOFFE IN DER NAHRUNG HELFEN<\/h2>\n<p>Um diesen Prozess zu erleichtern, wird dem Katzenfutter eine kleine Menge Ballaststoffe hinzugef\u00fcgt. So gelangen die Haarballen leichter durch den K\u00f6rper, denn die Ballaststoffe minimieren Probleme und regen die Verdauung an. Ein gut funktionierender Darm ist wichtig, daher sollest Du die Katze bewegen und ihr ausreichend Fl\u00fcssigkeit anbieten. Denke daran, das Wasser ein St\u00fcckchen vom Futternapf entfernt aufzustellen. Damit verbessern sich die Chancen, dass die Katze ausreichend trinkt.<\/p>\n<ul>\n<li><a title=\"Katzenfutter\" href=\"https:\/\/bozita.com\/de\/katzenfutter\/\" data-udi=\"umb:\/\/document\/daf8119fbe02496e8421e8fc675ae879\">Bozita\u00b4s Katzenfutter enth\u00e4lt alles, was Deine Katze f\u00fcr ihr Wohlbefinden braucht<\/a><\/li>\n<li><a title=\"Ihre katze frisst oder trinkt nicht\" href=\"https:\/\/bozita.com\/de\/katzenfutter\/ernahrung-and-diat\/deine-katze-frisst-oder-trinkt-nicht\/\" data-udi=\"umb:\/\/document\/07e618d79af64f808737447f986079b8\">Was macht man mit einer Katze, die nicht frisst oder trinkt \u2013 Tipps und Ratschl\u00e4ge<\/a><\/li>\n<\/ul>\n<h2>HILF DEINER KATZE BEI DER FELLPFLEGE<\/h2>\n<p>Du kannst ebenso dazu beitragen, das Risiko f\u00fcr Haarballen im Magen Deiner Katze zu minimieren, indem Du Deine Katze bei der Fellpflege unterst\u00fctzt. B\u00fcrste sie h\u00e4ufig mit einer Zupfb\u00fcrste und einem normalen Kamm, damit sich die Menge an losem Fell verringert und damit auch die Menge an Fell, die ansonsten in ihrem Magen landen w\u00fcrde.<\/p>\n<ul>\n<li><a title=\"Katzengesundheit\" href=\"https:\/\/bozita.com\/de\/leben-mit-katze\/katzengesundheit\/\" data-udi=\"umb:\/\/document\/34644018bd6a47348d6c4433f2ea4729\">Weitere Tipps zur Pflege Deiner Katze<\/a><\/li>\n<\/ul>\n\t\t\t<\/div>\n\t\t<\/div>\n\t<\/div>\n\n\n\n\t<section class=\"block related-articles\">\n\t\t<div class=\"container\">\n\t\t\t<h2>Entdecke weitere Artikel<\/h2>\n\t\t\t<div class=\"row justify-content-center\">\n\t\t\t\t\t\t\t\t\t\t<div class=\"col-sm-6 col-md-6 col-lg-3\">\n\t\t\t\t\t\t\t\t\t\t\t\t\t\t<div class=\"card \">\n\t\t\t\t\t\t\t\t\t\t\t\t\t\t\t\t\t<img decoding=\"async\"  src=\"https:\/\/bozita.com\/de\/wp-content\/uploads\/sites\/8\/2021\/09\/bozita-vaccinera-katt.jpg\" alt=\"\">\n\t\t\t\t\t\t\t\t\t\t\t\t\t\t\t\t\t<!-- <img decoding=\"async\" src=\"\n\t\t\t\t\t\t\t\t\t\t\t\t\t\t\t\t\t\t\t\t\" alt=\"\n\t\t\t\t\t\t\t\t\t\t\t\t\t\t\t\t\t\t\t\t\t\t\t\t\t\t\t\"> -->\n\t\t\t\t\t\t\t\t<div class=\"card-body\">\n\t\t\t\t\t\t\t\t\t\t\t\t\t\t\t\t\t\t\t<h6>Katzen impfen lassen &#8211; wann und wie oft?<\/h6>\n\t\t\t\t\t\t\t\t\t\t\t\t\t\t\t\t\t\t\t<a href=\"https:\/\/bozita.com\/de\/leben-mit-katze\/katzengesundheit\/katzen-impfen-lassen\/\">Weiterlesen &nbsp; ><\/a>\n\t\t\t\t\t\t\t\t<\/div>\n\t\t\t\t\t\t\t<\/div>\n\t\t\t\t\t\t<\/div>\n\n\t\t\t\t\t\t\t\t\t\t\t<div class=\"col-sm-6 col-md-6 col-lg-3\">\n\t\t\t\t\t\t\t\t\t\t\t\t\t\t<div class=\"card \">\n\t\t\t\t\t\t\t\t\t\t\t\t\t\t\t\t\t<img decoding=\"async\"  src=\"https:\/\/bozita.com\/de\/wp-content\/uploads\/sites\/8\/2021\/08\/bozita-katter-ar-kottatare.jpg\" alt=\"\">\n\t\t\t\t\t\t\t\t\t\t\t\t\t\t\t\t\t<!-- <img decoding=\"async\" src=\"\n\t\t\t\t\t\t\t\t\t\t\t\t\t\t\t\t\t\t\t\t\" alt=\"\n\t\t\t\t\t\t\t\t\t\t\t\t\t\t\t\t\t\t\t\t\t\t\t\t\t\t\t\"> -->\n\t\t\t\t\t\t\t\t<div class=\"card-body\">\n\t\t\t\t\t\t\t\t\t\t\t\t\t\t\t\t\t\t\t<h6>Was essen Katzen und wie viel?<\/h6>\n\t\t\t\t\t\t\t\t\t\t\t\t\t\t\t\t\t\t\t<a href=\"https:\/\/bozita.com\/de\/katzenfutter\/ernahrung-and-diat\/was-essen-katzen\/\">Weiterlesen &nbsp; ><\/a>\n\t\t\t\t\t\t\t\t<\/div>\n\t\t\t\t\t\t\t<\/div>\n\t\t\t\t\t\t<\/div>\n\n\t\t\t\t\t\t\t\t\t\t\t<div class=\"col-sm-6 col-md-6 col-lg-3\">\n\t\t\t\t\t\t\t\t\t\t\t\t\t\t<div class=\"card \">\n\t\t\t\t\t\t\t\t\t\t\t\t\t\t\t\t\t<img decoding=\"async\"  src=\"https:\/\/bozita.com\/de\/wp-content\/uploads\/sites\/8\/2021\/08\/bozita_swedish-natural-quality.jpg\" alt=\"\">\n\t\t\t\t\t\t\t\t\t\t\t\t\t\t\t\t\t<!-- <img decoding=\"async\" src=\"\n\t\t\t\t\t\t\t\t\t\t\t\t\t\t\t\t\t\t\t\t\" alt=\"\n\t\t\t\t\t\t\t\t\t\t\t\t\t\t\t\t\t\t\t\t\t\t\t\t\t\t\t\"> -->\n\t\t\t\t\t\t\t\t<div class=\"card-body\">\n\t\t\t\t\t\t\t\t\t\t\t\t\t\t\t\t\t\t\t<h6>Die Vorteile, wenn Du Deiner Katze jeden Tag Nassfutter gibst<\/h6>\n\t\t\t\t\t\t\t\t\t\t\t\t\t\t\t\t\t\t\t<a href=\"https:\/\/bozita.com\/de\/katzenfutter\/ernahrung-and-diat\/the-benefits-of-giving-your-cat-wet-food-every-day\/\">Weiterlesen &nbsp; ><\/a>\n\t\t\t\t\t\t\t\t<\/div>\n\t\t\t\t\t\t\t<\/div>\n\t\t\t\t\t\t<\/div>\n\n\t\t\t\t\t\t\t\t\t\t\t\t<\/div>\n\t\t<\/div>\n\t<\/section>\n","protected":false},"excerpt":{"rendered":"","protected":false},"author":1,"featured_media":6921,"parent":7079,"menu_order":0,"comment_status":"closed","ping_status":"closed","template":"guternberg.php","meta":{"footnotes":""},"acf":[],"yoast_head":"<!-- This site is optimized with the Yoast SEO plugin v21.3 - https:\/\/yoast.com\/wordpress\/plugins\/seo\/ -->\n<title>W\u00fcrgt Deine Katze Haarballen hervor? | Bozita DE<\/title>\n<meta name=\"robots\" content=\"index, follow, max-snippet:-1, max-image-preview:large, max-video-preview:-1\" \/>\n<link rel=\"canonical\" href=\"https:\/\/bozita.com\/de\/leben-mit-katze\/katzengesundheit\/erbricht-deine-katze-haarballen\/\" \/>\n<meta property=\"og:locale\" content=\"de_DE\" \/>\n<meta property=\"og:type\" content=\"article\" \/>\n<meta property=\"og:title\" content=\"W\u00fcrgt Deine Katze Haarballen hervor? | Bozita DE\" \/>\n<meta property=\"og:url\" content=\"https:\/\/bozita.com\/de\/leben-mit-katze\/katzengesundheit\/erbricht-deine-katze-haarballen\/\" \/>\n<meta property=\"og:site_name\" content=\"Bozita DE\" \/>\n<meta property=\"article:modified_time\" content=\"2021-10-13T10:14:22+00:00\" \/>\n<meta property=\"og:image\" content=\"https:\/\/bozita.com\/de\/wp-content\/uploads\/sites\/8\/2021\/09\/bozita-palsvard-fibrer-motverkar-harbollar.jpg\" \/>\n\t<meta property=\"og:image:width\" content=\"800\" \/>\n\t<meta property=\"og:image:height\" content=\"533\" \/>\n\t<meta property=\"og:image:type\" content=\"image\/jpeg\" \/>\n<meta name=\"twitter:card\" content=\"summary_large_image\" \/>\n<!-- \/ Yoast SEO plugin. -->","yoast_head_json":{"title":"W\u00fcrgt Deine Katze Haarballen hervor? | Bozita DE","robots":{"index":"index","follow":"follow","max-snippet":"max-snippet:-1","max-image-preview":"max-image-preview:large","max-video-preview":"max-video-preview:-1"},"canonical":"https:\/\/bozita.com\/de\/leben-mit-katze\/katzengesundheit\/erbricht-deine-katze-haarballen\/","og_locale":"de_DE","og_type":"article","og_title":"W\u00fcrgt Deine Katze Haarballen hervor? | Bozita DE","og_url":"https:\/\/bozita.com\/de\/leben-mit-katze\/katzengesundheit\/erbricht-deine-katze-haarballen\/","og_site_name":"Bozita DE","article_modified_time":"2021-10-13T10:14:22+00:00","og_image":[{"width":800,"height":533,"url":"https:\/\/bozita.com\/de\/wp-content\/uploads\/sites\/8\/2021\/09\/bozita-palsvard-fibrer-motverkar-harbollar.jpg","type":"image\/jpeg"}],"twitter_card":"summary_large_image","schema":{"@context":"https:\/\/schema.org","@graph":[{"@type":"WebPage","@id":"https:\/\/bozita.com\/de\/leben-mit-katze\/katzengesundheit\/erbricht-deine-katze-haarballen\/","url":"https:\/\/bozita.com\/de\/leben-mit-katze\/katzengesundheit\/erbricht-deine-katze-haarballen\/","name":"W\u00fcrgt Deine Katze Haarballen hervor? | Bozita DE","isPartOf":{"@id":"https:\/\/bozita.com\/de\/#website"},"datePublished":"2021-09-23T06:32:06+00:00","dateModified":"2021-10-13T10:14:22+00:00","breadcrumb":{"@id":"https:\/\/bozita.com\/de\/leben-mit-katze\/katzengesundheit\/erbricht-deine-katze-haarballen\/#breadcrumb"},"inLanguage":"de","potentialAction":[{"@type":"ReadAction","target":["https:\/\/bozita.com\/de\/leben-mit-katze\/katzengesundheit\/erbricht-deine-katze-haarballen\/"]}]},{"@type":"BreadcrumbList","@id":"https:\/\/bozita.com\/de\/leben-mit-katze\/katzengesundheit\/erbricht-deine-katze-haarballen\/#breadcrumb","itemListElement":[{"@type":"ListItem","position":1,"name":"Startseite","item":"https:\/\/bozita.com\/de\/"},{"@type":"ListItem","position":2,"name":"Leben mit Katze","item":"https:\/\/bozita.com\/de\/leben-mit-katze\/"},{"@type":"ListItem","position":3,"name":"K\u00fcmmern Sie sich um Ihre Katze \u2013 Katzengesundheit","item":"https:\/\/bozita.com\/de\/leben-mit-katze\/katzengesundheit\/"},{"@type":"ListItem","position":4,"name":"W\u00fcrgt Deine Katze Haarballen hervor?"}]},{"@type":"WebSite","@id":"https:\/\/bozita.com\/de\/#website","url":"https:\/\/bozita.com\/de\/","name":"Bozita DE","description":"","potentialAction":[{"@type":"SearchAction","target":{"@type":"EntryPoint","urlTemplate":"https:\/\/bozita.com\/de\/?s={search_term_string}"},"query-input":"required name=search_term_string"}],"inLanguage":"de"}]}},"_links":{"self":[{"href":"https:\/\/bozita.com\/de\/wp-json\/wp\/v2\/pages\/6920"}],"collection":[{"href":"https:\/\/bozita.com\/de\/wp-json\/wp\/v2\/pages"}],"about":[{"href":"https:\/\/bozita.com\/de\/wp-json\/wp\/v2\/types\/page"}],"author":[{"embeddable":true,"href":"https:\/\/bozita.com\/de\/wp-json\/wp\/v2\/users\/1"}],"replies":[{"embeddable":true,"href":"https:\/\/bozita.com\/de\/wp-json\/wp\/v2\/comments?post=6920"}],"version-history":[{"count":15,"href":"https:\/\/bozita.com\/de\/wp-json\/wp\/v2\/pages\/6920\/revisions"}],"predecessor-version":[{"id":11925,"href":"https:\/\/bozita.com\/de\/wp-json\/wp\/v2\/pages\/6920\/revisions\/11925"}],"up":[{"embeddable":true,"href":"https:\/\/bozita.com\/de\/wp-json\/wp\/v2\/pages\/7079"}],"wp:featuredmedia":[{"embeddable":true,"href":"https:\/\/bozita.com\/de\/wp-json\/wp\/v2\/media\/6921"}],"wp:attachment":[{"href":"https:\/\/bozita.com\/de\/wp-json\/wp\/v2\/media?parent=6920"}],"curies":[{"name":"wp","href":"https:\/\/api.w.org\/{rel}","templated":true}]}}