{"id":6922,"date":"2021-09-23T06:24:34","date_gmt":"2021-09-23T06:24:34","guid":{"rendered":"https:\/\/bozita.com\/de\/hat-deine-katze-den-richtigen-korperfettanteil-bozitas-body-mas-index-fur-katzen-kann-dir-helfen\/"},"modified":"2022-07-19T08:43:49","modified_gmt":"2022-07-19T08:43:49","slug":"hat-deine-katze-den-richtigen-korperfettanteil-bozitas-body-mas-index-fur-katzen-kann-dir-helfen","status":"publish","type":"page","link":"https:\/\/bozita.com\/de\/leben-mit-katze\/katzengesundheit\/hat-deine-katze-den-richtigen-korperfettanteil-bozitas-body-mas-index-fur-katzen-kann-dir-helfen\/","title":{"rendered":"Wie viel sollte eine Katze wiegen?"},"content":{"rendered":"\t\t<section class=\"small-hero\">\n\t\t\t<div class=\"container\">\n\t\t\t\t<h1 class=\"small-hero-title\">Hat Deine Katze den richtigen K\u00f6rperfettanteil? Bozita&#8217;s Body Ma\u00df Index f\u00fcr Katzen kann Dir helfen.<\/h1>\t\t\t<\/div>\n\t\t\t<\/div>\n\t\t<\/section>\n\t\n\n\t<div class=\"text-box-warp\">\n\t\t<div class=\"container\">\n\t\t\t<div class=\"text-content\">\n\t\t\t\t<p>Es ist sehr wichtig, dass Deine Katze das richtige K\u00f6rpergewicht und damit den korrekten K\u00f6rperfettanteil hat. Das ist insbesondere f\u00fcr das Wohlbefinden und die Gesundheit Deiner Katze wichtig. Bozita&#8217;s Body Ma\u00df Index hilft Dir bei der Einsch\u00e4tzung, ob Deine Katze das perfekte Gewicht f\u00fcr ein aktives Leben und eine gute Gesundheit hat. <a title=\"body-mass-index_DE.pdf\" href=\"https:\/\/bozita.com\/de\/wp-content\/uploads\/sites\/8\/2021\/09\/body-mass-index_de.pdf\" target=\"_blank\" rel=\"noopener\" data-id=\"16280\" data-udi=\"umb:\/\/media\/d810eb09ae1a4a5eb3e204bde5956b16\">Downloade hier Bozita&#8217;s Body Mass Index<\/a> und bestimme ganz einfach anhand der Bilder und Erl\u00e4uterungen den K\u00f6rperfettanteil Deiner Katze.<\/p>\n<p>Eine Katze, die unter dem Idealgewicht liegt, muss mehr Energie aufnehmen. Die Katze braucht mehr Futter und m\u00f6glicherweise ein energiereicheres Futter.<\/p>\n<p>Eine \u00fcbergewichtige Katze ben\u00f6tigt weniger Futter und m\u00f6glicherweise ein Futter mit geringerem Energiegehalt, um ein Idealgewicht zu erreichen. Wenn die Katze als \u00fcbergewichtig eingestuft wird, sollte der Tierarzt zu einem speziell angepassten Ern\u00e4hrungsplan befragt werden. Eine zu schnelle Reduktion des Gewichts kann zu lebensbedrohlichen Fettlebererkrankungen f\u00fcr die Katze f\u00fchren.<\/p>\n<p>&nbsp;<\/p>\n\t\t\t<\/div>\n\t\t<\/div>\n\t<\/div>\n\n\n\n\t<section class=\"block related-articles\">\n\t\t<div class=\"container\">\n\t\t\t<h2>Entdecke weitere Artikel<\/h2>\n\t\t\t<div class=\"row justify-content-center\">\n\t\t\t\t\t\t\t\t\t\t<div class=\"col-sm-6 col-md-6 col-lg-3\">\n\t\t\t\t\t\t\t\t\t\t\t\t\t\t<div class=\"card \">\n\t\t\t\t\t\t\t\t\t\t\t\t\t\t\t\t\t<img decoding=\"async\"  src=\"https:\/\/bozita.com\/de\/wp-content\/uploads\/sites\/8\/2021\/09\/bozita-katter-ar-kottatare.jpg\" alt=\"\">\n\t\t\t\t\t\t\t\t\t\t\t\t\t\t\t\t\t<!-- <img decoding=\"async\" src=\"\n\t\t\t\t\t\t\t\t\t\t\t\t\t\t\t\t\t\t\t\t\" alt=\"\n\t\t\t\t\t\t\t\t\t\t\t\t\t\t\t\t\t\t\t\t\t\t\t\t\t\t\t\"> -->\n\t\t\t\t\t\t\t\t<div class=\"card-body\">\n\t\t\t\t\t\t\t\t\t\t\t\t\t\t\t\t\t\t\t<h6>Katze frisst oder trinkt nicht? Tipps &amp; Ratschl\u00e4ge<\/h6>\n\t\t\t\t\t\t\t\t\t\t\t\t\t\t\t\t\t\t\t<a href=\"https:\/\/bozita.com\/de\/katzenfutter\/ernahrung-and-diat\/deine-katze-frisst-oder-trinkt-nicht\/\">Weiterlesen &nbsp; ><\/a>\n\t\t\t\t\t\t\t\t<\/div>\n\t\t\t\t\t\t\t<\/div>\n\t\t\t\t\t\t<\/div>\n\n\t\t\t\t\t\t\t\t\t\t\t<div class=\"col-sm-6 col-md-6 col-lg-3\">\n\t\t\t\t\t\t\t\t\t\t\t\t\t\t<div class=\"card \">\n\t\t\t\t\t\t\t\t\t\t\t\t\t\t\t\t\t<img decoding=\"async\"  src=\"https:\/\/bozita.com\/de\/wp-content\/uploads\/sites\/8\/2021\/08\/bozita_swedish-natural-quality.jpg\" alt=\"\">\n\t\t\t\t\t\t\t\t\t\t\t\t\t\t\t\t\t<!-- <img decoding=\"async\" src=\"\n\t\t\t\t\t\t\t\t\t\t\t\t\t\t\t\t\t\t\t\t\" alt=\"\n\t\t\t\t\t\t\t\t\t\t\t\t\t\t\t\t\t\t\t\t\t\t\t\t\t\t\t\"> -->\n\t\t\t\t\t\t\t\t<div class=\"card-body\">\n\t\t\t\t\t\t\t\t\t\t\t\t\t\t\t\t\t\t\t<h6>Die Vorteile, wenn Du Deiner Katze jeden Tag Nassfutter gibst<\/h6>\n\t\t\t\t\t\t\t\t\t\t\t\t\t\t\t\t\t\t\t<a href=\"https:\/\/bozita.com\/de\/katzenfutter\/ernahrung-and-diat\/the-benefits-of-giving-your-cat-wet-food-every-day\/\">Weiterlesen &nbsp; ><\/a>\n\t\t\t\t\t\t\t\t<\/div>\n\t\t\t\t\t\t\t<\/div>\n\t\t\t\t\t\t<\/div>\n\n\t\t\t\t\t\t\t\t\t\t\t<div class=\"col-sm-6 col-md-6 col-lg-3\">\n\t\t\t\t\t\t\t\t\t\t\t\t\t\t<div class=\"card \">\n\t\t\t\t\t\t\t\t\t\t\t\t\t\t\t\t\t<img decoding=\"async\"  src=\"https:\/\/bozita.com\/de\/wp-content\/uploads\/sites\/8\/2021\/08\/bozita_swedish-natural-quality.jpg\" alt=\"\">\n\t\t\t\t\t\t\t\t\t\t\t\t\t\t\t\t\t<!-- <img decoding=\"async\" src=\"\n\t\t\t\t\t\t\t\t\t\t\t\t\t\t\t\t\t\t\t\t\" alt=\"\n\t\t\t\t\t\t\t\t\t\t\t\t\t\t\t\t\t\t\t\t\t\t\t\t\t\t\t\"> -->\n\t\t\t\t\t\t\t\t<div class=\"card-body\">\n\t\t\t\t\t\t\t\t\t\t\t\t\t\t\t\t\t\t\t<h6>Kittenfutter \u2013\u00a0welches eignet sich am besten?<\/h6>\n\t\t\t\t\t\t\t\t\t\t\t\t\t\t\t\t\t\t\t<a href=\"https:\/\/bozita.com\/de\/katzenfutter\/ernahrung-and-diat\/gutes-futter-fur-katzenbabys-futter-fur-kitten\/\">Weiterlesen &nbsp; ><\/a>\n\t\t\t\t\t\t\t\t<\/div>\n\t\t\t\t\t\t\t<\/div>\n\t\t\t\t\t\t<\/div>\n\n\t\t\t\t\t\t\t\t\t\t\t\t<\/div>\n\t\t<\/div>\n\t<\/section>\n","protected":false},"excerpt":{"rendered":"","protected":false},"author":1,"featured_media":6923,"parent":7079,"menu_order":0,"comment_status":"closed","ping_status":"closed","template":"guternberg.php","meta":{"footnotes":""},"acf":[],"yoast_head":"<!-- This site is optimized with the Yoast SEO plugin v21.3 - https:\/\/yoast.com\/wordpress\/plugins\/seo\/ -->\n<title>Wie viel sollte eine Katze wiegen? | Bozita DE<\/title>\n<meta name=\"description\" content=\"Das Gewicht einer Katze ist individuell. Mit dem Guide von Bozita finden Sie heraus, ob das Gewicht stimmt, indem Sie ihr Fettgewebe \u00fcberpr\u00fcfen.\" \/>\n<meta name=\"robots\" content=\"index, follow, max-snippet:-1, max-image-preview:large, max-video-preview:-1\" \/>\n<link rel=\"canonical\" href=\"https:\/\/bozita.com\/de\/leben-mit-katze\/katzengesundheit\/hat-deine-katze-den-richtigen-korperfettanteil-bozitas-body-mas-index-fur-katzen-kann-dir-helfen\/\" \/>\n<meta property=\"og:locale\" content=\"de_DE\" \/>\n<meta property=\"og:type\" content=\"article\" \/>\n<meta property=\"og:title\" content=\"Wie viel sollte eine Katze wiegen? | Bozita DE\" \/>\n<meta property=\"og:description\" content=\"Das Gewicht einer Katze ist individuell. Mit dem Guide von Bozita finden Sie heraus, ob das Gewicht stimmt, indem Sie ihr Fettgewebe \u00fcberpr\u00fcfen.\" \/>\n<meta property=\"og:url\" content=\"https:\/\/bozita.com\/de\/leben-mit-katze\/katzengesundheit\/hat-deine-katze-den-richtigen-korperfettanteil-bozitas-body-mas-index-fur-katzen-kann-dir-helfen\/\" \/>\n<meta property=\"og:site_name\" content=\"Bozita DE\" \/>\n<meta property=\"article:modified_time\" content=\"2022-07-19T08:43:49+00:00\" \/>\n<meta property=\"og:image\" content=\"https:\/\/bozita.com\/de\/wp-content\/uploads\/sites\/8\/2021\/09\/bozita-katt-ratt-hull-guide.jpg\" \/>\n\t<meta property=\"og:image:width\" content=\"800\" \/>\n\t<meta property=\"og:image:height\" content=\"541\" \/>\n\t<meta property=\"og:image:type\" content=\"image\/jpeg\" \/>\n<meta name=\"twitter:card\" content=\"summary_large_image\" \/>\n<!-- \/ Yoast SEO plugin. -->","yoast_head_json":{"title":"Wie viel sollte eine Katze wiegen? | Bozita DE","description":"Das Gewicht einer Katze ist individuell. Mit dem Guide von Bozita finden Sie heraus, ob das Gewicht stimmt, indem Sie ihr Fettgewebe \u00fcberpr\u00fcfen.","robots":{"index":"index","follow":"follow","max-snippet":"max-snippet:-1","max-image-preview":"max-image-preview:large","max-video-preview":"max-video-preview:-1"},"canonical":"https:\/\/bozita.com\/de\/leben-mit-katze\/katzengesundheit\/hat-deine-katze-den-richtigen-korperfettanteil-bozitas-body-mas-index-fur-katzen-kann-dir-helfen\/","og_locale":"de_DE","og_type":"article","og_title":"Wie viel sollte eine Katze wiegen? | Bozita DE","og_description":"Das Gewicht einer Katze ist individuell. Mit dem Guide von Bozita finden Sie heraus, ob das Gewicht stimmt, indem Sie ihr Fettgewebe \u00fcberpr\u00fcfen.","og_url":"https:\/\/bozita.com\/de\/leben-mit-katze\/katzengesundheit\/hat-deine-katze-den-richtigen-korperfettanteil-bozitas-body-mas-index-fur-katzen-kann-dir-helfen\/","og_site_name":"Bozita DE","article_modified_time":"2022-07-19T08:43:49+00:00","og_image":[{"width":800,"height":541,"url":"https:\/\/bozita.com\/de\/wp-content\/uploads\/sites\/8\/2021\/09\/bozita-katt-ratt-hull-guide.jpg","type":"image\/jpeg"}],"twitter_card":"summary_large_image","schema":{"@context":"https:\/\/schema.org","@graph":[{"@type":"WebPage","@id":"https:\/\/bozita.com\/de\/leben-mit-katze\/katzengesundheit\/hat-deine-katze-den-richtigen-korperfettanteil-bozitas-body-mas-index-fur-katzen-kann-dir-helfen\/","url":"https:\/\/bozita.com\/de\/leben-mit-katze\/katzengesundheit\/hat-deine-katze-den-richtigen-korperfettanteil-bozitas-body-mas-index-fur-katzen-kann-dir-helfen\/","name":"Wie viel sollte eine Katze wiegen? | Bozita DE","isPartOf":{"@id":"https:\/\/bozita.com\/de\/#website"},"datePublished":"2021-09-23T06:24:34+00:00","dateModified":"2022-07-19T08:43:49+00:00","description":"Das Gewicht einer Katze ist individuell. Mit dem Guide von Bozita finden Sie heraus, ob das Gewicht stimmt, indem Sie ihr Fettgewebe \u00fcberpr\u00fcfen.","breadcrumb":{"@id":"https:\/\/bozita.com\/de\/leben-mit-katze\/katzengesundheit\/hat-deine-katze-den-richtigen-korperfettanteil-bozitas-body-mas-index-fur-katzen-kann-dir-helfen\/#breadcrumb"},"inLanguage":"de","potentialAction":[{"@type":"ReadAction","target":["https:\/\/bozita.com\/de\/leben-mit-katze\/katzengesundheit\/hat-deine-katze-den-richtigen-korperfettanteil-bozitas-body-mas-index-fur-katzen-kann-dir-helfen\/"]}]},{"@type":"BreadcrumbList","@id":"https:\/\/bozita.com\/de\/leben-mit-katze\/katzengesundheit\/hat-deine-katze-den-richtigen-korperfettanteil-bozitas-body-mas-index-fur-katzen-kann-dir-helfen\/#breadcrumb","itemListElement":[{"@type":"ListItem","position":1,"name":"Startseite","item":"https:\/\/bozita.com\/de\/"},{"@type":"ListItem","position":2,"name":"Leben mit Katze","item":"https:\/\/bozita.com\/de\/leben-mit-katze\/"},{"@type":"ListItem","position":3,"name":"K\u00fcmmern Sie sich um Ihre Katze \u2013 Katzengesundheit","item":"https:\/\/bozita.com\/de\/leben-mit-katze\/katzengesundheit\/"},{"@type":"ListItem","position":4,"name":"Wie viel sollte eine Katze wiegen?"}]},{"@type":"WebSite","@id":"https:\/\/bozita.com\/de\/#website","url":"https:\/\/bozita.com\/de\/","name":"Bozita DE","description":"","potentialAction":[{"@type":"SearchAction","target":{"@type":"EntryPoint","urlTemplate":"https:\/\/bozita.com\/de\/?s={search_term_string}"},"query-input":"required name=search_term_string"}],"inLanguage":"de"}]}},"_links":{"self":[{"href":"https:\/\/bozita.com\/de\/wp-json\/wp\/v2\/pages\/6922"}],"collection":[{"href":"https:\/\/bozita.com\/de\/wp-json\/wp\/v2\/pages"}],"about":[{"href":"https:\/\/bozita.com\/de\/wp-json\/wp\/v2\/types\/page"}],"author":[{"embeddable":true,"href":"https:\/\/bozita.com\/de\/wp-json\/wp\/v2\/users\/1"}],"replies":[{"embeddable":true,"href":"https:\/\/bozita.com\/de\/wp-json\/wp\/v2\/comments?post=6922"}],"version-history":[{"count":18,"href":"https:\/\/bozita.com\/de\/wp-json\/wp\/v2\/pages\/6922\/revisions"}],"predecessor-version":[{"id":17239,"href":"https:\/\/bozita.com\/de\/wp-json\/wp\/v2\/pages\/6922\/revisions\/17239"}],"up":[{"embeddable":true,"href":"https:\/\/bozita.com\/de\/wp-json\/wp\/v2\/pages\/7079"}],"wp:featuredmedia":[{"embeddable":true,"href":"https:\/\/bozita.com\/de\/wp-json\/wp\/v2\/media\/6923"}],"wp:attachment":[{"href":"https:\/\/bozita.com\/de\/wp-json\/wp\/v2\/media?parent=6922"}],"curies":[{"name":"wp","href":"https:\/\/api.w.org\/{rel}","templated":true}]}}