{"id":6924,"date":"2021-09-23T06:22:18","date_gmt":"2021-09-23T06:22:18","guid":{"rendered":"https:\/\/bozita.com\/de\/deine-katze-frisst-oder-trinkt-nicht\/"},"modified":"2024-09-30T08:36:32","modified_gmt":"2024-09-30T08:36:32","slug":"deine-katze-frisst-oder-trinkt-nicht","status":"publish","type":"page","link":"https:\/\/bozita.com\/de\/katzenfutter\/ernahrung-and-diat\/deine-katze-frisst-oder-trinkt-nicht\/","title":{"rendered":"Katze frisst oder trinkt nicht? Tipps &amp; Ratschl\u00e4ge"},"content":{"rendered":"\t\t<section class=\"small-hero\">\n\t\t\t<div class=\"container\">\n\t\t\t\t<h1 class=\"small-hero-title\">DEINE KATZE FRISST ODER TRINKT NICHT?<\/h1>\t\t\t<\/div>\n\t\t\t<\/div>\n\t\t<\/section>\n\t\n\n\t<div class=\"text-box-warp\">\n\t\t<div class=\"container\">\n\t\t\t<div class=\"text-content\">\n\t\t\t\t<p>Frisst oder trinkt dein Katzenbaby bzw. deine ausgewachsene Katze nicht ausreichend, musst du der Sache auf den Grund gehen. Es ist wichtig zu unterscheiden, ob der schlechte Appetit darauf beruht, dass sie nicht fressen will oder ob sie es einfach nicht kann.<\/p>\n<p>Dieser Artikel basiert auf Gespr\u00e4chen mit Bozita\u00b4s Katzenexpertin Elin Hirsch, die einen Doktortitel in Verhaltensforschung mit Schwerpunkt Katzenverhalten innehat.<\/p>\n\t\t\t<\/div>\n\t\t<\/div>\n\t<\/div>\n\n\n\t<section class=\"media-object-wrap\">\n\t\t<div class=\"container\">\n\t\t\t<div class=\"media-object\">\n\t\t\t\t<div class=\"row row-eq-height align-items-stretch\">\n\t\t\t\t\t<div class=\"col-md-5\">\n\t\t\t\t\t\t\t\t\t\t\t\t\t<img decoding=\"async\" src=\"https:\/\/bozita.com\/de\/wp-content\/uploads\/sites\/8\/2024\/09\/shutterstock_2325156067-scaled.jpg\" alt=\"\">\n\t\t\t\t\t\t\t\t\t\t\t\t<\/div>\n\t\t\t\t\t<div class=\"col-md-7 d-flex align-items-center\">\n\t\t\t\t\t\t<div class=\"media-content\">\n\t\t\t\t\t\t<p><strong>DER KATZE GUTE FRESSGEWOHNHEITEN BEIBRINGEN<\/strong><\/p>\n<p>Erm\u00f6gliche deine Katze von Anfang an die Entwicklung guter Fressgewohnheiten, indem du eine passende Routine etablierst. Egal, ob du deinem Tier freien Zugang zu Futter gew\u00e4hren oder dieses zu bestimmten Zeiten anbietest, ist es wichtig, sich an die Routine zu halten. Andernfalls riskierst du, dass deine Katze das Futter verweigert oder nicht gen\u00fcgend frisst.<\/p>\n<p>M\u00f6chte deine Katze nicht fressen, solltest du es vermeiden, sie mithilfe von besonders leckeren Dingen oder Leckerlis zum Fressen zu animieren. So wird sie sich nur merken, dass sie das bekommt, was sie will. Lasse sie ein paar Stunden ohne Futter, sodass sie im Optimalfall lernt, die angebotene Nahrung auch zu fressen.<\/p>\n\t\t\t\t\t\t<\/div>\n\t\t\t\t\t<\/div>\n\t\t\t\t<\/div>\n\t\t\t<\/div>\n\t\t<\/div>\n\t<\/section>\n   \n\n\n\t<div class=\"text-box-warp\">\n\t\t<div class=\"container\">\n\t\t\t<div class=\"text-content\">\n\t\t\t\t<p><strong>FINDE HERAUS, WARUM DIE KATZE NICHT FRISST ODER TRINKT<\/strong><\/p>\n<p>Es ist wichtig zu unterscheiden, ob die Katze aufgrund des Futters bzw. der Art und Weise, wie dieses angeboten wird, weder fressen noch trinken m\u00f6chte, oder ob ihr etwas wehtut oder sie krank ist. Achte auf ihren Allgemeinzustand: Ist sie tr\u00e4ge, hat sie Verstopfungen, schl\u00e4ft sie viel? Besonders wichtig ist dies, wenn die Katze \u00e4lter wird. Geschmacks- und Geruchssinn verschlechtern sich mit dem Alter, was zu einem verminderten Appetit f\u00fchren kann.<\/p>\n<p>Ist deine Katze ein Freig\u00e4nger, ist es etwas schwieriger, den \u00dcberblick dar\u00fcber zu behalten, was genau sie \u00fcber den Tag verteilt zu sich nimmt. Vielleicht hat sie sich schon selbst um ihre Mahlzeit gek\u00fcmmert und ist einfach satt?<\/p>\n<p>Frisst deine Katze l\u00e4nger als 24 Stunden nichts, solltest du deinen Tierarzt kontaktieren. Eine l\u00e4nger andauernde Essensverweigerung von mehr als 24 Stunden kann zu ernsthaften Problemen f\u00fchren.<\/p>\n<p><strong>SO MOTIVIERST DU DIE KATZE ZUM FRESSEN UND TRINKEN<\/strong><\/p>\n<p>Indem du die Art und Weise imitierst, wie Katzen ihren Hunger und Durst in der Wildnis stillen, l\u00e4sst sich der Appetit gut anregen. Katzen regulieren ihren Bedarf an Wasser nicht entsprechend der im Futter enthaltenen Menge an Fl\u00fcssigkeit, was das Risiko f\u00fcr Urinstein bei Katzen, die ausschlie\u00dflich Trockenfutter fressen, vergr\u00f6\u00dfern kann. Nachfolgend haben wir einige Tipps und Tricks zusammengetragen, mit denen Du ausprobieren kannst, deine Katze zum Fressen und Trinken zu animieren.<\/p>\n<ul>\n<li><strong>Futter, Wasser, Toilette und Spielbereich trennen<\/strong><br \/>\nM\u00f6chte deine Katze weder fressen noch trinken, solltest du besonders gut darauf achten, die Bereiche f\u00fcr Futter, Wasser, Toilette und Spiel voneinander zu trennen \u2013 damit spiegelst du das Verhalten wildlebender Katzen wider. Du kannst zudem die Trinklust der Katze anregen, indem du an mehreren Stellen Wassersch\u00e4lchen aufstellst, jedoch nicht in direkter N\u00e4he zum Fressnapf oder Katzenklo. Katzen trinken ungern an derselben Stelle, an der sie fressen oder ihr Gesch\u00e4ft verrichten.<\/li>\n<li><strong>Erm\u00f6gliche deiner Katze einen ungest\u00f6rten Platz zum Fressen<\/strong><br \/>\nSorge daf\u00fcr, dass die Katze einen eigenen, gesch\u00fctzten und ungest\u00f6rten Fressplatz hat, an dem sie in aller Ruhe und ohne Stress fressen kann. Vielleicht m\u00f6chte sie auch nicht, dass Du oder jemand anderes ihr beim Fressen zusehst?<\/li>\n<li><strong>Halte die Futtern\u00e4pfe und den Fressplatz sauber<\/strong><br \/>\nServiere die Mahlzeit immer in sauberen Fressn\u00e4pfen und s\u00e4ubere den Futterplatz m\u00f6glichst oft mit einem milden Reinigungsmittel. Das kann eine Katze, die eigentlich nichts zu sich nehmen m\u00f6chte, zum Fressen motivieren. Zudem sch\u00fctzt es vor Bakterien, die sich in Essensresten bilden k\u00f6nnen.<\/li>\n<li><strong>Serviere Futter und Wasser in geeigneten Schalen<\/strong><br \/>\n\u00dcberlege, woraus deine Katze gerne frisst oder trinkt. Vielen Katzen gef\u00e4llt es beispielsweise nicht, wenn ihre Schnurrhaare die Kanten von Fress- oder Wassernapf ber\u00fchren, und einige Tiere bevorzugen flie\u00dfendes Wasser zum Trinken. Probiere aus, was am besten funktioniert, wenn deine Katze weder fressen noch trinken will. Die Investition in einen Springbrunnen sowie das Aufstellen mehrerer Wassersch\u00e4lchen an verschiedenen Stellen k\u00f6nnen die Chancen erh\u00f6hen, dass die Katze ausreichend trinkt.<\/li>\n<li><strong>Geschmack, Konsistenz und Geruch<\/strong><br \/>\nW\u00e4hle ein leckeres Futter, das sich leicht fressen l\u00e4sst \u2013 ein Futter mit einer Konsistenz, die die Katze mag und mit genau der richtigen H\u00e4ppchengr\u00f6\u00dfe. Probiere zudem, das Futter einige Sekunden zu erw\u00e4rmen, denn dabei werden Duftstoffe freigesetzt, die den Appetit anregen. F\u00fcr die Katze ist es zudem nat\u00fcrlicher, \u201ck\u00f6rperwarme\u201d Nahrung zu fressen, vergleichbar mit ihrer Beute in der freien Natur.<\/li>\n<li><strong>Nassfutter ist eine gute Quelle f\u00fcr Fl\u00fcssigkeit<\/strong><br \/>\nM\u00f6chtest du ganz sicher gehen, dass deine Katze gen\u00fcgend Fl\u00fcssigkeit zu sich nimmt, empfehlen wir den Wechsel zu Nassfutter, das eine viel gr\u00f6\u00dfere Menge Wasser enth\u00e4lt. Du kannst auch <a href=\"https:\/\/bozita.com\/de\/katzenfutter\/bozita-trockenfutter-katze\/\">Trockenfutter<\/a>\u00a0mit\u00a0<a href=\"https:\/\/bozita.com\/de\/katzenfutter\/bozita-nassfutter-katze\/\">Nassfutter f\u00fcr Katzen<\/a>\u00a0erg\u00e4nzen, z. B. als Topping. Viele Katze sch\u00e4tzen ein abwechslungsreiches Men\u00fc!<\/li>\n<li><strong>Kontrolliere das Mindesthaltbarkeitsdatum des Futters<\/strong><br \/>\nTrockenfutter absorbiert insbesondere bei W\u00e4rme Feuchtigkeit, sodass es an Appetitlichkeit verlieren kann. Lager Trockenfutter immer k\u00fchl und trocken und kontrolliere die Qualit\u00e4t in regelm\u00e4\u00dfigen Abst\u00e4nden.<\/li>\n<li><strong>Kleinere Portionen<\/strong><br \/>\nVersuche, die Tagesration in viele kleinere, regelm\u00e4\u00dfig angebotene Portionen aufzuteilen, sodass die Katze nicht so viel auf einmal fressen muss. Dies spiegelt ihr nat\u00fcrliches Nahrungsverhalten wider, bei dem viele kleine Happen \u00fcber den gesamten Tag und die Nacht verteilt eingenommen werden.<\/li>\n<\/ul>\n<p><strong>VERWEIGERT DIE KATZE WEITERHIN DAS FRESSEN, SOLLTEST DU DAS FUTTER WECHSELN<\/strong><\/p>\n<p>Wenn keiner dieser Tricks hilft, kann es notwendig sein, das Futter zu wechseln, mitunter ist eine andere Rezeptur der Schl\u00fcssel zum Erfolg. Sofern m\u00f6glich, ersetze das alte Futter nach und nach mit der neuen Kost, sodass die Katze keine Magenprobleme bekommt.<\/p>\n<ul>\n<li><a href=\"https:\/\/bozita.com\/de\/katzenfutter\/ernahrung-and-diat\/wie-wechselt-man-das-katzenfutter\/\">So wechselst Du das Futter der Katze<\/a><\/li>\n<\/ul>\n<p>&nbsp;<\/p>\n\t\t\t<\/div>\n\t\t<\/div>\n\t<\/div>\n\n\n\n\t<section class=\"block related-articles\">\n\t\t<div class=\"container\">\n\t\t\t<h2>Entdecke weitere Themen<\/h2>\n\t\t\t<div class=\"row justify-content-center\">\n\t\t\t\t\t\t\t\t\t\t<div class=\"col-sm-6 col-md-6 col-lg-3\">\n\t\t\t\t\t\t\t\t\t\t\t\t\t\t<div class=\"card \">\n\t\t\t\t\t\t\t\t\t\t\t\t\t\t\t\t\t<img decoding=\"async\"  src=\"https:\/\/bozita.com\/de\/wp-content\/uploads\/sites\/8\/2021\/08\/bozita-byta-foder-vuxen-katt.jpg\" alt=\"\">\n\t\t\t\t\t\t\t\t\t\t\t\t\t\t\t\t\t<!-- <img decoding=\"async\" src=\"\n\t\t\t\t\t\t\t\t\t\t\t\t\t\t\t\t\t\t\t\t\" alt=\"\n\t\t\t\t\t\t\t\t\t\t\t\t\t\t\t\t\t\t\t\t\t\t\t\t\t\t\t\"> -->\n\t\t\t\t\t\t\t\t<div class=\"card-body\">\n\t\t\t\t\t\t\t\t\t\t\t\t\t\t\t\t\t\t\t<h6>Futter von Katzen oder Kitten wechseln? So klappt&#8217;s<\/h6>\n\t\t\t\t\t\t\t\t\t\t\t\t\t\t\t\t\t\t\t<a href=\"https:\/\/bozita.com\/de\/katzenfutter\/ernahrung-and-diat\/wie-wechselt-man-das-katzenfutter\/\">Weiterlesen &nbsp; ><\/a>\n\t\t\t\t\t\t\t\t<\/div>\n\t\t\t\t\t\t\t<\/div>\n\t\t\t\t\t\t<\/div>\n\n\t\t\t\t\t\t\t\t\t\t\t<div class=\"col-sm-6 col-md-6 col-lg-3\">\n\t\t\t\t\t\t\t\t\t\t\t\t\t\t<div class=\"card \">\n\t\t\t\t\t\t\t\t\t\t\t\t\t\t\t\t\t<img decoding=\"async\"  src=\"https:\/\/bozita.com\/de\/wp-content\/uploads\/sites\/8\/2021\/08\/bozita-katter-ar-kottatare.jpg\" alt=\"\">\n\t\t\t\t\t\t\t\t\t\t\t\t\t\t\t\t\t<!-- <img decoding=\"async\" src=\"\n\t\t\t\t\t\t\t\t\t\t\t\t\t\t\t\t\t\t\t\t\" alt=\"\n\t\t\t\t\t\t\t\t\t\t\t\t\t\t\t\t\t\t\t\t\t\t\t\t\t\t\t\"> -->\n\t\t\t\t\t\t\t\t<div class=\"card-body\">\n\t\t\t\t\t\t\t\t\t\t\t\t\t\t\t\t\t\t\t<h6>Was essen Katzen und wie viel?<\/h6>\n\t\t\t\t\t\t\t\t\t\t\t\t\t\t\t\t\t\t\t<a href=\"https:\/\/bozita.com\/de\/katzenfutter\/ernahrung-and-diat\/was-essen-katzen\/\">Weiterlesen &nbsp; ><\/a>\n\t\t\t\t\t\t\t\t<\/div>\n\t\t\t\t\t\t\t<\/div>\n\t\t\t\t\t\t<\/div>\n\n\t\t\t\t\t\t\t\t\t\t\t<div class=\"col-sm-6 col-md-6 col-lg-3\">\n\t\t\t\t\t\t\t\t\t\t\t\t\t\t<div class=\"card \">\n\t\t\t\t\t\t\t\t\t\t\t\t\t\t\t\t\t<img decoding=\"async\"  src=\"https:\/\/bozita.com\/de\/wp-content\/uploads\/sites\/8\/2021\/08\/bozita_swedish-natural-quality.jpg\" alt=\"\">\n\t\t\t\t\t\t\t\t\t\t\t\t\t\t\t\t\t<!-- <img decoding=\"async\" src=\"\n\t\t\t\t\t\t\t\t\t\t\t\t\t\t\t\t\t\t\t\t\" alt=\"\n\t\t\t\t\t\t\t\t\t\t\t\t\t\t\t\t\t\t\t\t\t\t\t\t\t\t\t\"> -->\n\t\t\t\t\t\t\t\t<div class=\"card-body\">\n\t\t\t\t\t\t\t\t\t\t\t\t\t\t\t\t\t\t\t<h6>Die Vorteile, wenn Du Deiner Katze jeden Tag Nassfutter gibst<\/h6>\n\t\t\t\t\t\t\t\t\t\t\t\t\t\t\t\t\t\t\t<a href=\"https:\/\/bozita.com\/de\/katzenfutter\/ernahrung-and-diat\/the-benefits-of-giving-your-cat-wet-food-every-day\/\">Weiterlesen &nbsp; ><\/a>\n\t\t\t\t\t\t\t\t<\/div>\n\t\t\t\t\t\t\t<\/div>\n\t\t\t\t\t\t<\/div>\n\n\t\t\t\t\t\t\t\t\t\t\t\t<\/div>\n\t\t<\/div>\n\t<\/section>\n","protected":false},"excerpt":{"rendered":"","protected":false},"author":1,"featured_media":6925,"parent":7040,"menu_order":0,"comment_status":"closed","ping_status":"closed","template":"guternberg.php","meta":{"footnotes":""},"acf":[],"yoast_head":"<!-- This site is optimized with the Yoast SEO plugin v21.3 - https:\/\/yoast.com\/wordpress\/plugins\/seo\/ -->\n<title>Katze frisst oder trinkt nicht? Tipps &amp; Ratschl\u00e4ge | Bozita DE<\/title>\n<meta name=\"description\" content=\"Die Ursachen f\u00fcr Nahrungs- oder Trinkverweigerung bei Katzen k\u00f6nnen vielf\u00e4ltig sein. Unsere Experten bei Bozita geben Ihnen hilfreiche Tipps.\" \/>\n<meta name=\"robots\" content=\"index, follow, max-snippet:-1, max-image-preview:large, max-video-preview:-1\" \/>\n<link rel=\"canonical\" href=\"https:\/\/bozita.com\/de\/katzenfutter\/ernahrung-and-diat\/deine-katze-frisst-oder-trinkt-nicht\/\" \/>\n<meta property=\"og:locale\" content=\"de_DE\" \/>\n<meta property=\"og:type\" content=\"article\" \/>\n<meta property=\"og:title\" content=\"Katze frisst oder trinkt nicht? Tipps &amp; Ratschl\u00e4ge | Bozita DE\" \/>\n<meta property=\"og:description\" content=\"Die Ursachen f\u00fcr Nahrungs- oder Trinkverweigerung bei Katzen k\u00f6nnen vielf\u00e4ltig sein. Unsere Experten bei Bozita geben Ihnen hilfreiche Tipps.\" \/>\n<meta property=\"og:url\" content=\"https:\/\/bozita.com\/de\/katzenfutter\/ernahrung-and-diat\/deine-katze-frisst-oder-trinkt-nicht\/\" \/>\n<meta property=\"og:site_name\" content=\"Bozita DE\" \/>\n<meta property=\"article:modified_time\" content=\"2024-09-30T08:36:32+00:00\" \/>\n<meta property=\"og:image\" content=\"https:\/\/bozita.com\/de\/wp-content\/uploads\/sites\/8\/2021\/09\/bozita-katter-ar-kottatare.jpg\" \/>\n\t<meta property=\"og:image:width\" content=\"800\" \/>\n\t<meta property=\"og:image:height\" content=\"533\" \/>\n\t<meta property=\"og:image:type\" content=\"image\/jpeg\" \/>\n<meta name=\"twitter:card\" content=\"summary_large_image\" \/>\n<!-- \/ Yoast SEO plugin. -->","yoast_head_json":{"title":"Katze frisst oder trinkt nicht? Tipps &amp; Ratschl\u00e4ge | Bozita DE","description":"Die Ursachen f\u00fcr Nahrungs- oder Trinkverweigerung bei Katzen k\u00f6nnen vielf\u00e4ltig sein. Unsere Experten bei Bozita geben Ihnen hilfreiche Tipps.","robots":{"index":"index","follow":"follow","max-snippet":"max-snippet:-1","max-image-preview":"max-image-preview:large","max-video-preview":"max-video-preview:-1"},"canonical":"https:\/\/bozita.com\/de\/katzenfutter\/ernahrung-and-diat\/deine-katze-frisst-oder-trinkt-nicht\/","og_locale":"de_DE","og_type":"article","og_title":"Katze frisst oder trinkt nicht? Tipps &amp; Ratschl\u00e4ge | Bozita DE","og_description":"Die Ursachen f\u00fcr Nahrungs- oder Trinkverweigerung bei Katzen k\u00f6nnen vielf\u00e4ltig sein. Unsere Experten bei Bozita geben Ihnen hilfreiche Tipps.","og_url":"https:\/\/bozita.com\/de\/katzenfutter\/ernahrung-and-diat\/deine-katze-frisst-oder-trinkt-nicht\/","og_site_name":"Bozita DE","article_modified_time":"2024-09-30T08:36:32+00:00","og_image":[{"width":800,"height":533,"url":"https:\/\/bozita.com\/de\/wp-content\/uploads\/sites\/8\/2021\/09\/bozita-katter-ar-kottatare.jpg","type":"image\/jpeg"}],"twitter_card":"summary_large_image","schema":{"@context":"https:\/\/schema.org","@graph":[{"@type":"WebPage","@id":"https:\/\/bozita.com\/de\/katzenfutter\/ernahrung-and-diat\/deine-katze-frisst-oder-trinkt-nicht\/","url":"https:\/\/bozita.com\/de\/katzenfutter\/ernahrung-and-diat\/deine-katze-frisst-oder-trinkt-nicht\/","name":"Katze frisst oder trinkt nicht? Tipps &amp; Ratschl\u00e4ge | Bozita DE","isPartOf":{"@id":"https:\/\/bozita.com\/de\/#website"},"datePublished":"2021-09-23T06:22:18+00:00","dateModified":"2024-09-30T08:36:32+00:00","description":"Die Ursachen f\u00fcr Nahrungs- oder Trinkverweigerung bei Katzen k\u00f6nnen vielf\u00e4ltig sein. Unsere Experten bei Bozita geben Ihnen hilfreiche Tipps.","breadcrumb":{"@id":"https:\/\/bozita.com\/de\/katzenfutter\/ernahrung-and-diat\/deine-katze-frisst-oder-trinkt-nicht\/#breadcrumb"},"inLanguage":"de","potentialAction":[{"@type":"ReadAction","target":["https:\/\/bozita.com\/de\/katzenfutter\/ernahrung-and-diat\/deine-katze-frisst-oder-trinkt-nicht\/"]}]},{"@type":"BreadcrumbList","@id":"https:\/\/bozita.com\/de\/katzenfutter\/ernahrung-and-diat\/deine-katze-frisst-oder-trinkt-nicht\/#breadcrumb","itemListElement":[{"@type":"ListItem","position":1,"name":"Startseite","item":"https:\/\/bozita.com\/de\/"},{"@type":"ListItem","position":2,"name":"Bozita Katzenfutter \u2013 Nat\u00fcrliches f\u00fcr Ihre Katze","item":"https:\/\/bozita.com\/de\/katzenfutter\/"},{"@type":"ListItem","position":3,"name":"Katzenern\u00e4hrung und Di\u00e4t","item":"https:\/\/bozita.com\/de\/katzenfutter\/ernahrung-and-diat\/"},{"@type":"ListItem","position":4,"name":"Katze frisst oder trinkt nicht? Tipps &amp; Ratschl\u00e4ge"}]},{"@type":"WebSite","@id":"https:\/\/bozita.com\/de\/#website","url":"https:\/\/bozita.com\/de\/","name":"Bozita DE","description":"","potentialAction":[{"@type":"SearchAction","target":{"@type":"EntryPoint","urlTemplate":"https:\/\/bozita.com\/de\/?s={search_term_string}"},"query-input":"required name=search_term_string"}],"inLanguage":"de"}]}},"_links":{"self":[{"href":"https:\/\/bozita.com\/de\/wp-json\/wp\/v2\/pages\/6924"}],"collection":[{"href":"https:\/\/bozita.com\/de\/wp-json\/wp\/v2\/pages"}],"about":[{"href":"https:\/\/bozita.com\/de\/wp-json\/wp\/v2\/types\/page"}],"author":[{"embeddable":true,"href":"https:\/\/bozita.com\/de\/wp-json\/wp\/v2\/users\/1"}],"replies":[{"embeddable":true,"href":"https:\/\/bozita.com\/de\/wp-json\/wp\/v2\/comments?post=6924"}],"version-history":[{"count":25,"href":"https:\/\/bozita.com\/de\/wp-json\/wp\/v2\/pages\/6924\/revisions"}],"predecessor-version":[{"id":29044,"href":"https:\/\/bozita.com\/de\/wp-json\/wp\/v2\/pages\/6924\/revisions\/29044"}],"up":[{"embeddable":true,"href":"https:\/\/bozita.com\/de\/wp-json\/wp\/v2\/pages\/7040"}],"wp:featuredmedia":[{"embeddable":true,"href":"https:\/\/bozita.com\/de\/wp-json\/wp\/v2\/media\/6925"}],"wp:attachment":[{"href":"https:\/\/bozita.com\/de\/wp-json\/wp\/v2\/media?parent=6924"}],"curies":[{"name":"wp","href":"https:\/\/api.w.org\/{rel}","templated":true}]}}